{"id":17094,"date":"2022-11-13T17:20:48","date_gmt":"2022-11-13T16:20:48","guid":{"rendered":"https:\/\/norwegianmade.no\/markedsplass\/blomsten-og-bia-sukkerskrubb\/"},"modified":"2026-01-26T17:39:44","modified_gmt":"2026-01-26T16:39:44","slug":"blomsten-og-bia-sukkerskrubb","status":"archived","type":"product","link":"https:\/\/norwegianmade.no\/en\/produkt\/blomsten-og-bia-sukkerskrubb\/","title":{"rendered":"Blomsten og Bia Sukkerskrubb"},"content":{"rendered":"<p><br data-mce-bogus=\"1\"><\/p>\n","protected":false},"excerpt":{"rendered":"<p><span style=\"color:#000000\"><span style=\"font-size:14px\"><span style=\"font-family:'Lucida Sans Unicode', 'Lucida Grande', sans-serif\"><span style=\"line-height:normal\">Denne er for deg med sensitiv hud, men som likevel vil unne deg ein skrubb. Her har eg kombinert remediar, som har alle har eminente og veldokumenterte hud l\u00e6kjande og betennelse hemmande eigenskapar. Finmala havregryn, kamilleblomst, l\u00f8vetann og ringblomst saman med honning og dei eteriske oljane kamille og mandarin gjer denne skrubben mild og sk\u00e5nsam for alle hudtypar.<\/span><\/span><\/span><\/span><\/p>\n<p style=\"text-align:center\"><span style=\"color:#000000\"><span style=\"font-size:14px\"><span style=\"font-family:'Lucida Sans Unicode', 'Lucida Grande', sans-serif\"><span style=\"line-height:normal\">Net vekt 180 g<\/span><\/span><\/span><\/span><\/p>\n","protected":false},"featured_media":0,"comment_status":"open","ping_status":"closed","template":"","meta":{"_acf_changed":false},"product_brand":[],"product_cat":[123,67],"product_tag":[],"class_list":{"0":"post-17094","1":"product","2":"type-product","3":"status-archived","5":"product_vendor-blomsten-og-bia-sapekokeri","6":"product_cat-hud","7":"product_cat-hudpleie","9":"first","10":"instock","11":"taxable","12":"shipping-taxable","13":"product-type-external"},"acf":[],"yoast_head":"<!-- This site is optimized with the Yoast SEO plugin v27.1.1 - https:\/\/yoast.com\/product\/yoast-seo-wordpress\/ -->\n<title>Blomsten og Bia Sukkerskrubb &#8226; Norwegian Made<\/title>\n<meta name=\"robots\" content=\"index, follow, max-snippet:-1, max-image-preview:large, max-video-preview:-1\" \/>\n<link rel=\"canonical\" href=\"https:\/\/norwegianmade.no\/produkt\/blomsten-og-bia-sukkerskrubb\/\" \/>\n<meta property=\"og:locale\" content=\"en_US\" \/>\n<meta property=\"og:type\" content=\"article\" \/>\n<meta property=\"og:title\" content=\"Blomsten og Bia Sukkerskrubb &#8226; Norwegian Made\" \/>\n<meta property=\"og:description\" content=\"Denne er for deg med sensitiv hud, men som likevel vil unne deg ein skrubb. Her har eg kombinert remediar, som har alle har eminente og veldokumenterte hud l\u00e6kjande og betennelse hemmande eigenskapar. Finmala havregryn, kamilleblomst, l\u00f8vetann og ringblomst saman med honning og dei eteriske oljane kamille og mandarin gjer denne skrubben mild og sk\u00e5nsam for alle hudtypar.Net vekt 180 g\" \/>\n<meta property=\"og:url\" content=\"https:\/\/norwegianmade.no\/produkt\/blomsten-og-bia-sukkerskrubb\/\" \/>\n<meta property=\"og:site_name\" content=\"Norwegian Made\" \/>\n<meta property=\"article:modified_time\" content=\"2026-01-26T16:39:44+00:00\" \/>\n<meta property=\"og:image\" content=\"https:\/\/norwegianmade.no\/wp-content\/uploads\/2022\/11\/DSCN5488_01_01_01_694-scaled.jpg\" \/>\n\t<meta property=\"og:image:width\" content=\"2048\" \/>\n\t<meta property=\"og:image:height\" content=\"2560\" \/>\n\t<meta property=\"og:image:type\" content=\"image\/jpeg\" \/>\n<meta name=\"twitter:card\" content=\"summary_large_image\" \/>\n<script type=\"application\/ld+json\" class=\"yoast-schema-graph\">{\"@context\":\"https:\/\/schema.org\",\"@graph\":[{\"@type\":\"WebPage\",\"@id\":\"https:\/\/norwegianmade.no\/produkt\/blomsten-og-bia-sukkerskrubb\/\",\"url\":\"https:\/\/norwegianmade.no\/produkt\/blomsten-og-bia-sukkerskrubb\/\",\"name\":\"Blomsten og Bia Sukkerskrubb &#8226; Norwegian Made\",\"isPartOf\":{\"@id\":\"https:\/\/norwegianmade.no\/#website\"},\"datePublished\":\"2022-11-13T16:20:48+00:00\",\"dateModified\":\"2026-01-26T16:39:44+00:00\",\"breadcrumb\":{\"@id\":\"https:\/\/norwegianmade.no\/produkt\/blomsten-og-bia-sukkerskrubb\/#breadcrumb\"},\"inLanguage\":\"en-US\",\"potentialAction\":[{\"@type\":\"ReadAction\",\"target\":[\"https:\/\/norwegianmade.no\/produkt\/blomsten-og-bia-sukkerskrubb\/\"]}]},{\"@type\":\"BreadcrumbList\",\"@id\":\"https:\/\/norwegianmade.no\/produkt\/blomsten-og-bia-sukkerskrubb\/#breadcrumb\",\"itemListElement\":[{\"@type\":\"ListItem\",\"position\":1,\"name\":\"Hjem\",\"item\":\"https:\/\/norwegianmade.no\/en\/\"},{\"@type\":\"ListItem\",\"position\":2,\"name\":\"Shop\",\"item\":\"https:\/\/norwegianmade.no\/en\/shop\/\"},{\"@type\":\"ListItem\",\"position\":3,\"name\":\"Blomsten og Bia Sukkerskrubb\"}]},{\"@type\":\"WebSite\",\"@id\":\"https:\/\/norwegianmade.no\/#website\",\"url\":\"https:\/\/norwegianmade.no\/\",\"name\":\"Norwegian Made\",\"description\":\"Norges st\u00f8rste markedsplass for norske produsenter\",\"publisher\":{\"@id\":\"https:\/\/norwegianmade.no\/#organization\"},\"potentialAction\":[{\"@type\":\"SearchAction\",\"target\":{\"@type\":\"EntryPoint\",\"urlTemplate\":\"https:\/\/norwegianmade.no\/?s={search_term_string}\"},\"query-input\":{\"@type\":\"PropertyValueSpecification\",\"valueRequired\":true,\"valueName\":\"search_term_string\"}}],\"inLanguage\":\"en-US\"},{\"@type\":\"Organization\",\"@id\":\"https:\/\/norwegianmade.no\/#organization\",\"name\":\"Norwegian Made\",\"url\":\"https:\/\/norwegianmade.no\/\",\"logo\":{\"@type\":\"ImageObject\",\"inLanguage\":\"en-US\",\"@id\":\"https:\/\/norwegianmade.no\/#\/schema\/logo\/image\/\",\"url\":\"https:\/\/norwegianmade.no\/wp-content\/uploads\/2020\/11\/logo-liggende-norwegian-made-web.png\",\"contentUrl\":\"https:\/\/norwegianmade.no\/wp-content\/uploads\/2020\/11\/logo-liggende-norwegian-made-web.png\",\"width\":200,\"height\":58,\"caption\":\"Norwegian Made\"},\"image\":{\"@id\":\"https:\/\/norwegianmade.no\/#\/schema\/logo\/image\/\"}}]}<\/script>\n<!-- \/ Yoast SEO plugin. -->","yoast_head_json":{"title":"Blomsten og Bia Sukkerskrubb &#8226; Norwegian Made","robots":{"index":"index","follow":"follow","max-snippet":"max-snippet:-1","max-image-preview":"max-image-preview:large","max-video-preview":"max-video-preview:-1"},"canonical":"https:\/\/norwegianmade.no\/produkt\/blomsten-og-bia-sukkerskrubb\/","og_locale":"en_US","og_type":"article","og_title":"Blomsten og Bia Sukkerskrubb &#8226; Norwegian Made","og_description":"Denne er for deg med sensitiv hud, men som likevel vil unne deg ein skrubb. Her har eg kombinert remediar, som har alle har eminente og veldokumenterte hud l\u00e6kjande og betennelse hemmande eigenskapar. Finmala havregryn, kamilleblomst, l\u00f8vetann og ringblomst saman med honning og dei eteriske oljane kamille og mandarin gjer denne skrubben mild og sk\u00e5nsam for alle hudtypar.Net vekt 180 g","og_url":"https:\/\/norwegianmade.no\/produkt\/blomsten-og-bia-sukkerskrubb\/","og_site_name":"Norwegian Made","article_modified_time":"2026-01-26T16:39:44+00:00","og_image":[{"width":2048,"height":2560,"url":"https:\/\/norwegianmade.no\/wp-content\/uploads\/2022\/11\/DSCN5488_01_01_01_694-scaled.jpg","type":"image\/jpeg"}],"twitter_card":"summary_large_image","schema":{"@context":"https:\/\/schema.org","@graph":[{"@type":"WebPage","@id":"https:\/\/norwegianmade.no\/produkt\/blomsten-og-bia-sukkerskrubb\/","url":"https:\/\/norwegianmade.no\/produkt\/blomsten-og-bia-sukkerskrubb\/","name":"Blomsten og Bia Sukkerskrubb &#8226; Norwegian Made","isPartOf":{"@id":"https:\/\/norwegianmade.no\/#website"},"datePublished":"2022-11-13T16:20:48+00:00","dateModified":"2026-01-26T16:39:44+00:00","breadcrumb":{"@id":"https:\/\/norwegianmade.no\/produkt\/blomsten-og-bia-sukkerskrubb\/#breadcrumb"},"inLanguage":"en-US","potentialAction":[{"@type":"ReadAction","target":["https:\/\/norwegianmade.no\/produkt\/blomsten-og-bia-sukkerskrubb\/"]}]},{"@type":"BreadcrumbList","@id":"https:\/\/norwegianmade.no\/produkt\/blomsten-og-bia-sukkerskrubb\/#breadcrumb","itemListElement":[{"@type":"ListItem","position":1,"name":"Hjem","item":"https:\/\/norwegianmade.no\/en\/"},{"@type":"ListItem","position":2,"name":"Shop","item":"https:\/\/norwegianmade.no\/en\/shop\/"},{"@type":"ListItem","position":3,"name":"Blomsten og Bia Sukkerskrubb"}]},{"@type":"WebSite","@id":"https:\/\/norwegianmade.no\/#website","url":"https:\/\/norwegianmade.no\/","name":"Norwegian Made","description":"Norges st\u00f8rste markedsplass for norske produsenter","publisher":{"@id":"https:\/\/norwegianmade.no\/#organization"},"potentialAction":[{"@type":"SearchAction","target":{"@type":"EntryPoint","urlTemplate":"https:\/\/norwegianmade.no\/?s={search_term_string}"},"query-input":{"@type":"PropertyValueSpecification","valueRequired":true,"valueName":"search_term_string"}}],"inLanguage":"en-US"},{"@type":"Organization","@id":"https:\/\/norwegianmade.no\/#organization","name":"Norwegian Made","url":"https:\/\/norwegianmade.no\/","logo":{"@type":"ImageObject","inLanguage":"en-US","@id":"https:\/\/norwegianmade.no\/#\/schema\/logo\/image\/","url":"https:\/\/norwegianmade.no\/wp-content\/uploads\/2020\/11\/logo-liggende-norwegian-made-web.png","contentUrl":"https:\/\/norwegianmade.no\/wp-content\/uploads\/2020\/11\/logo-liggende-norwegian-made-web.png","width":200,"height":58,"caption":"Norwegian Made"},"image":{"@id":"https:\/\/norwegianmade.no\/#\/schema\/logo\/image\/"}}]}},"_links":{"self":[{"href":"https:\/\/norwegianmade.no\/en\/wp-json\/wp\/v2\/product\/17094","targetHints":{"allow":["GET"]}}],"collection":[{"href":"https:\/\/norwegianmade.no\/en\/wp-json\/wp\/v2\/product"}],"about":[{"href":"https:\/\/norwegianmade.no\/en\/wp-json\/wp\/v2\/types\/product"}],"replies":[{"embeddable":true,"href":"https:\/\/norwegianmade.no\/en\/wp-json\/wp\/v2\/comments?post=17094"}],"wp:attachment":[{"href":"https:\/\/norwegianmade.no\/en\/wp-json\/wp\/v2\/media?parent=17094"}],"wp:term":[{"taxonomy":"product_brand","embeddable":true,"href":"https:\/\/norwegianmade.no\/en\/wp-json\/wp\/v2\/product_brand?post=17094"},{"taxonomy":"product_cat","embeddable":true,"href":"https:\/\/norwegianmade.no\/en\/wp-json\/wp\/v2\/product_cat?post=17094"},{"taxonomy":"product_tag","embeddable":true,"href":"https:\/\/norwegianmade.no\/en\/wp-json\/wp\/v2\/product_tag?post=17094"}],"curies":[{"name":"wp","href":"https:\/\/api.w.org\/{rel}","templated":true}]}}