{"id":17103,"date":"2022-11-13T17:29:11","date_gmt":"2022-11-13T16:29:11","guid":{"rendered":"https:\/\/norwegianmade.no\/markedsplass\/rose-hibiskus-sukkerskrubb\/"},"modified":"2026-01-26T17:39:44","modified_gmt":"2026-01-26T16:39:44","slug":"rose-hibiskus-sukkerskrubb","status":"archived","type":"product","link":"https:\/\/norwegianmade.no\/en\/produkt\/rose-hibiskus-sukkerskrubb\/","title":{"rendered":"Rose Hibiskus Sukkerskrubb"},"content":{"rendered":"<p><\/p>\n","protected":false},"excerpt":{"rendered":"<p><span style=\"color: #000000\" data-mce-style=\"color: #000000;\"><span style=\"font-size: 14px\" data-mce-style=\"font-size: 14px;\"><span style=\"font-family: 'Lucida Sans Unicode', 'Lucida Grande', sans-serif\" data-mce-style=\"font-family: 'Lucida Sans Unicode', 'Lucida Grande', sans-serif;\"><span style=\"line-height: normal\" data-mce-style=\"line-height: normal;\">Ein skrubb laga med urter og eteriske oljar, som gjev kropp og sinn ei kjensle av velv\u00e6re og ro. Med eit h\u00f8gt innhald av finmale roseblad og hibiskus i tillegg til ekstrakt av roseblad, er dette ein luksuri\u00f8s skrubb \u00e5 ta med seg i dusjen eller i badekaret. Eterisk olje av grapefrukt, palmarosa og geranium verkar reinsande, oppstrammande og betennelse hemmande.<\/span><\/span><\/span><\/span><\/p>\n<p style=\"text-align: center\" data-mce-style=\"text-align: center;\"><span style=\"color: #000000\" data-mce-style=\"color: #000000;\"><span style=\"font-size: 14px\" data-mce-style=\"font-size: 14px;\"><span style=\"font-family: 'Lucida Sans Unicode', 'Lucida Grande', sans-serif\" data-mce-style=\"font-family: 'Lucida Sans Unicode', 'Lucida Grande', sans-serif;\"><span style=\"line-height: normal\" data-mce-style=\"line-height: normal;\">Net vekt 180 g<\/span><\/span><\/span><\/span><\/p>\n","protected":false},"featured_media":0,"comment_status":"open","ping_status":"closed","template":"","meta":{"_acf_changed":false},"product_brand":[],"product_cat":[123,67],"product_tag":[],"class_list":{"0":"post-17103","1":"product","2":"type-product","3":"status-archived","5":"product_vendor-blomsten-og-bia-sapekokeri","6":"product_cat-hud","7":"product_cat-hudpleie","9":"first","10":"instock","11":"taxable","12":"shipping-taxable","13":"product-type-external"},"acf":[],"yoast_head":"<!-- This site is optimized with the Yoast SEO plugin v27.5 - https:\/\/yoast.com\/product\/yoast-seo-wordpress\/ -->\n<title>Rose Hibiskus Sukkerskrubb &#8226; Norwegian Made<\/title>\n<meta name=\"robots\" content=\"index, follow, max-snippet:-1, max-image-preview:large, max-video-preview:-1\" \/>\n<link rel=\"canonical\" href=\"https:\/\/norwegianmade.no\/produkt\/rose-hibiskus-sukkerskrubb\/\" \/>\n<meta property=\"og:locale\" content=\"en_US\" \/>\n<meta property=\"og:type\" content=\"article\" \/>\n<meta property=\"og:title\" content=\"Rose Hibiskus Sukkerskrubb &#8226; Norwegian Made\" \/>\n<meta property=\"og:description\" content=\"Ein skrubb laga med urter og eteriske oljar, som gjev kropp og sinn ei kjensle av velv\u00e6re og ro. Med eit h\u00f8gt innhald av finmale roseblad og hibiskus i tillegg til ekstrakt av roseblad, er dette ein luksuri\u00f8s skrubb \u00e5 ta med seg i dusjen eller i badekaret. Eterisk olje av grapefrukt, palmarosa og geranium verkar reinsande, oppstrammande og betennelse hemmande.Net vekt 180 g\" \/>\n<meta property=\"og:url\" content=\"https:\/\/norwegianmade.no\/produkt\/rose-hibiskus-sukkerskrubb\/\" \/>\n<meta property=\"og:site_name\" content=\"Norwegian Made\" \/>\n<meta property=\"article:modified_time\" content=\"2026-01-26T16:39:44+00:00\" \/>\n<meta property=\"og:image\" content=\"https:\/\/norwegianmade.no\/wp-content\/uploads\/2022\/11\/DSCN4941_07_19_20_138-819x1024.jpg\" \/>\n\t<meta property=\"og:image:width\" content=\"819\" \/>\n\t<meta property=\"og:image:height\" content=\"1024\" \/>\n\t<meta property=\"og:image:type\" content=\"image\/jpeg\" \/>\n<meta name=\"twitter:card\" content=\"summary_large_image\" \/>\n<script type=\"application\/ld+json\" class=\"yoast-schema-graph\">{\"@context\":\"https:\\\/\\\/schema.org\",\"@graph\":[{\"@type\":\"WebPage\",\"@id\":\"https:\\\/\\\/norwegianmade.no\\\/produkt\\\/rose-hibiskus-sukkerskrubb\\\/\",\"url\":\"https:\\\/\\\/norwegianmade.no\\\/produkt\\\/rose-hibiskus-sukkerskrubb\\\/\",\"name\":\"Rose Hibiskus Sukkerskrubb &#8226; Norwegian Made\",\"isPartOf\":{\"@id\":\"https:\\\/\\\/norwegianmade.no\\\/#website\"},\"datePublished\":\"2022-11-13T16:29:11+00:00\",\"dateModified\":\"2026-01-26T16:39:44+00:00\",\"breadcrumb\":{\"@id\":\"https:\\\/\\\/norwegianmade.no\\\/produkt\\\/rose-hibiskus-sukkerskrubb\\\/#breadcrumb\"},\"inLanguage\":\"en-US\",\"potentialAction\":[{\"@type\":\"ReadAction\",\"target\":[\"https:\\\/\\\/norwegianmade.no\\\/produkt\\\/rose-hibiskus-sukkerskrubb\\\/\"]}]},{\"@type\":\"BreadcrumbList\",\"@id\":\"https:\\\/\\\/norwegianmade.no\\\/produkt\\\/rose-hibiskus-sukkerskrubb\\\/#breadcrumb\",\"itemListElement\":[{\"@type\":\"ListItem\",\"position\":1,\"name\":\"Hjem\",\"item\":\"https:\\\/\\\/norwegianmade.no\\\/en\\\/\"},{\"@type\":\"ListItem\",\"position\":2,\"name\":\"Shop\",\"item\":\"https:\\\/\\\/norwegianmade.no\\\/en\\\/shop\\\/\"},{\"@type\":\"ListItem\",\"position\":3,\"name\":\"Rose Hibiskus Sukkerskrubb\"}]},{\"@type\":\"WebSite\",\"@id\":\"https:\\\/\\\/norwegianmade.no\\\/#website\",\"url\":\"https:\\\/\\\/norwegianmade.no\\\/\",\"name\":\"Norwegian Made\",\"description\":\"Norges st\u00f8rste markedsplass for norske produsenter\",\"publisher\":{\"@id\":\"https:\\\/\\\/norwegianmade.no\\\/#organization\"},\"potentialAction\":[{\"@type\":\"SearchAction\",\"target\":{\"@type\":\"EntryPoint\",\"urlTemplate\":\"https:\\\/\\\/norwegianmade.no\\\/?s={search_term_string}\"},\"query-input\":{\"@type\":\"PropertyValueSpecification\",\"valueRequired\":true,\"valueName\":\"search_term_string\"}}],\"inLanguage\":\"en-US\"},{\"@type\":\"Organization\",\"@id\":\"https:\\\/\\\/norwegianmade.no\\\/#organization\",\"name\":\"Norwegian Made\",\"url\":\"https:\\\/\\\/norwegianmade.no\\\/\",\"logo\":{\"@type\":\"ImageObject\",\"inLanguage\":\"en-US\",\"@id\":\"https:\\\/\\\/norwegianmade.no\\\/#\\\/schema\\\/logo\\\/image\\\/\",\"url\":\"https:\\\/\\\/norwegianmade.no\\\/wp-content\\\/uploads\\\/2020\\\/11\\\/logo-liggende-norwegian-made-web.png\",\"contentUrl\":\"https:\\\/\\\/norwegianmade.no\\\/wp-content\\\/uploads\\\/2020\\\/11\\\/logo-liggende-norwegian-made-web.png\",\"width\":200,\"height\":58,\"caption\":\"Norwegian Made\"},\"image\":{\"@id\":\"https:\\\/\\\/norwegianmade.no\\\/#\\\/schema\\\/logo\\\/image\\\/\"}}]}<\/script>\n<!-- \/ Yoast SEO plugin. -->","yoast_head_json":{"title":"Rose Hibiskus Sukkerskrubb &#8226; Norwegian Made","robots":{"index":"index","follow":"follow","max-snippet":"max-snippet:-1","max-image-preview":"max-image-preview:large","max-video-preview":"max-video-preview:-1"},"canonical":"https:\/\/norwegianmade.no\/produkt\/rose-hibiskus-sukkerskrubb\/","og_locale":"en_US","og_type":"article","og_title":"Rose Hibiskus Sukkerskrubb &#8226; Norwegian Made","og_description":"Ein skrubb laga med urter og eteriske oljar, som gjev kropp og sinn ei kjensle av velv\u00e6re og ro. Med eit h\u00f8gt innhald av finmale roseblad og hibiskus i tillegg til ekstrakt av roseblad, er dette ein luksuri\u00f8s skrubb \u00e5 ta med seg i dusjen eller i badekaret. Eterisk olje av grapefrukt, palmarosa og geranium verkar reinsande, oppstrammande og betennelse hemmande.Net vekt 180 g","og_url":"https:\/\/norwegianmade.no\/produkt\/rose-hibiskus-sukkerskrubb\/","og_site_name":"Norwegian Made","article_modified_time":"2026-01-26T16:39:44+00:00","og_image":[{"width":819,"height":1024,"url":"https:\/\/norwegianmade.no\/wp-content\/uploads\/2022\/11\/DSCN4941_07_19_20_138-819x1024.jpg","type":"image\/jpeg"}],"twitter_card":"summary_large_image","schema":{"@context":"https:\/\/schema.org","@graph":[{"@type":"WebPage","@id":"https:\/\/norwegianmade.no\/produkt\/rose-hibiskus-sukkerskrubb\/","url":"https:\/\/norwegianmade.no\/produkt\/rose-hibiskus-sukkerskrubb\/","name":"Rose Hibiskus Sukkerskrubb &#8226; Norwegian Made","isPartOf":{"@id":"https:\/\/norwegianmade.no\/#website"},"datePublished":"2022-11-13T16:29:11+00:00","dateModified":"2026-01-26T16:39:44+00:00","breadcrumb":{"@id":"https:\/\/norwegianmade.no\/produkt\/rose-hibiskus-sukkerskrubb\/#breadcrumb"},"inLanguage":"en-US","potentialAction":[{"@type":"ReadAction","target":["https:\/\/norwegianmade.no\/produkt\/rose-hibiskus-sukkerskrubb\/"]}]},{"@type":"BreadcrumbList","@id":"https:\/\/norwegianmade.no\/produkt\/rose-hibiskus-sukkerskrubb\/#breadcrumb","itemListElement":[{"@type":"ListItem","position":1,"name":"Hjem","item":"https:\/\/norwegianmade.no\/en\/"},{"@type":"ListItem","position":2,"name":"Shop","item":"https:\/\/norwegianmade.no\/en\/shop\/"},{"@type":"ListItem","position":3,"name":"Rose Hibiskus Sukkerskrubb"}]},{"@type":"WebSite","@id":"https:\/\/norwegianmade.no\/#website","url":"https:\/\/norwegianmade.no\/","name":"Norwegian Made","description":"Norges st\u00f8rste markedsplass for norske produsenter","publisher":{"@id":"https:\/\/norwegianmade.no\/#organization"},"potentialAction":[{"@type":"SearchAction","target":{"@type":"EntryPoint","urlTemplate":"https:\/\/norwegianmade.no\/?s={search_term_string}"},"query-input":{"@type":"PropertyValueSpecification","valueRequired":true,"valueName":"search_term_string"}}],"inLanguage":"en-US"},{"@type":"Organization","@id":"https:\/\/norwegianmade.no\/#organization","name":"Norwegian Made","url":"https:\/\/norwegianmade.no\/","logo":{"@type":"ImageObject","inLanguage":"en-US","@id":"https:\/\/norwegianmade.no\/#\/schema\/logo\/image\/","url":"https:\/\/norwegianmade.no\/wp-content\/uploads\/2020\/11\/logo-liggende-norwegian-made-web.png","contentUrl":"https:\/\/norwegianmade.no\/wp-content\/uploads\/2020\/11\/logo-liggende-norwegian-made-web.png","width":200,"height":58,"caption":"Norwegian Made"},"image":{"@id":"https:\/\/norwegianmade.no\/#\/schema\/logo\/image\/"}}]}},"_links":{"self":[{"href":"https:\/\/norwegianmade.no\/en\/wp-json\/wp\/v2\/product\/17103","targetHints":{"allow":["GET"]}}],"collection":[{"href":"https:\/\/norwegianmade.no\/en\/wp-json\/wp\/v2\/product"}],"about":[{"href":"https:\/\/norwegianmade.no\/en\/wp-json\/wp\/v2\/types\/product"}],"replies":[{"embeddable":true,"href":"https:\/\/norwegianmade.no\/en\/wp-json\/wp\/v2\/comments?post=17103"}],"wp:attachment":[{"href":"https:\/\/norwegianmade.no\/en\/wp-json\/wp\/v2\/media?parent=17103"}],"wp:term":[{"taxonomy":"product_brand","embeddable":true,"href":"https:\/\/norwegianmade.no\/en\/wp-json\/wp\/v2\/product_brand?post=17103"},{"taxonomy":"product_cat","embeddable":true,"href":"https:\/\/norwegianmade.no\/en\/wp-json\/wp\/v2\/product_cat?post=17103"},{"taxonomy":"product_tag","embeddable":true,"href":"https:\/\/norwegianmade.no\/en\/wp-json\/wp\/v2\/product_tag?post=17103"}],"curies":[{"name":"wp","href":"https:\/\/api.w.org\/{rel}","templated":true}]}}