{"id":17240,"date":"2022-11-21T15:57:25","date_gmt":"2022-11-21T14:57:25","guid":{"rendered":"https:\/\/norwegianmade.no\/?post_type=product&#038;p=17240"},"modified":"2025-02-22T01:19:13","modified_gmt":"2025-02-22T00:19:13","slug":"solvring-med-ametyst","status":"publish","type":"product","link":"https:\/\/norwegianmade.no\/en\/produkt\/solvring-med-ametyst\/","title":{"rendered":"S\u00f8lvring med ametyst"},"content":{"rendered":"<p>Denne ringen har ein nydeleg h\u00e5ndslipa ametyst.(steinen er ikkje slipa av meg) M\u00f8nsteret i s\u00f8lvet er valsa inn, og som bilda viser er den smalare p\u00e5 eine sida. Den sit perfekt p\u00e5 ringfingeren, med den breie sida mot veslefingeren og den smale mot langfingeren, men dette er sj\u00f8lvsagt valgfritt:)<\/p>\n<p>Den er 14mm p\u00e5 eine sida, og smalnar gradvis av til 6mm p\u00e5 andre sida. Steinen m\u00e5ler 23mm x 12mm, og st\u00f8rrelsen er ca 60.5 (indre diameter ca 20mm) Ver obs p\u00e5 at dette er ein brei ring n\u00e5r du m\u00e5ler ringst\u00f8rrelsen din. Ringen er oksidert for \u00e5 framheve m\u00f8nsteret i s\u00f8lvet.<\/p>\n<p>Eg lagar alle ringane for h\u00e5nd, kun med enkle h\u00e5ndverkt\u00f8y. H\u00e5pet er at ringen blir ein varig favoritt hos ei som veit \u00e5 seta pris p\u00e5 ekte handarbeid, som vil ha noko ingen andre har maken til.<\/p>\n<p>Laga for h\u00e5nd i Telemark &#8211; fr\u00e5 mine hender til dine:)<\/p>\n","protected":false},"excerpt":{"rendered":"<p>H\u00e5ndlaga damering i s\u00f8lv med ametyst\u00a0<\/p>\n","protected":false},"featured_media":17226,"comment_status":"open","ping_status":"closed","template":"","meta":{"_acf_changed":false},"product_brand":[],"product_cat":[78,142,62,103,106],"product_tag":[],"class_list":{"0":"post-17240","1":"product","2":"type-product","3":"status-publish","4":"has-post-thumbnail","6":"product_vendor-ringdilla","7":"product_cat-gaver","8":"product_cat-ringer","9":"product_cat-smykker","10":"product_cat-smykker-med-edelstener","11":"product_cat-solvsmykker","13":"first","14":"instock","15":"sold-individually","16":"taxable","17":"shipping-taxable","18":"product-type-simple"},"acf":[],"yoast_head":"<!-- This site is optimized with the Yoast SEO plugin v27.1.1 - https:\/\/yoast.com\/product\/yoast-seo-wordpress\/ -->\n<title>S\u00f8lvring med ametyst &#8226; Norwegian Made<\/title>\n<meta name=\"robots\" content=\"index, follow, max-snippet:-1, max-image-preview:large, max-video-preview:-1\" \/>\n<link rel=\"canonical\" href=\"https:\/\/norwegianmade.no\/produkt\/solvring-med-ametyst\/\" \/>\n<meta property=\"og:locale\" content=\"en_US\" \/>\n<meta property=\"og:type\" content=\"article\" \/>\n<meta property=\"og:title\" content=\"S\u00f8lvring med ametyst &#8226; Norwegian Made\" \/>\n<meta property=\"og:description\" content=\"H\u00e5ndlaga damering i s\u00f8lv med ametyst\u00a0\" \/>\n<meta property=\"og:url\" content=\"https:\/\/norwegianmade.no\/produkt\/solvring-med-ametyst\/\" \/>\n<meta property=\"og:site_name\" content=\"Norwegian Made\" \/>\n<meta property=\"article:modified_time\" content=\"2025-02-22T00:19:13+00:00\" \/>\n<meta property=\"og:image\" content=\"https:\/\/norwegianmade.no\/wp-content\/uploads\/2022\/11\/20221121_141420.jpg\" \/>\n\t<meta property=\"og:image:width\" content=\"1967\" \/>\n\t<meta property=\"og:image:height\" content=\"1896\" \/>\n\t<meta property=\"og:image:type\" content=\"image\/jpeg\" \/>\n<meta name=\"twitter:card\" content=\"summary_large_image\" \/>\n<meta name=\"twitter:label1\" content=\"Est. reading time\" \/>\n\t<meta name=\"twitter:data1\" content=\"1 minute\" \/>\n<script type=\"application\/ld+json\" class=\"yoast-schema-graph\">{\"@context\":\"https:\/\/schema.org\",\"@graph\":[{\"@type\":\"WebPage\",\"@id\":\"https:\/\/norwegianmade.no\/produkt\/solvring-med-ametyst\/\",\"url\":\"https:\/\/norwegianmade.no\/produkt\/solvring-med-ametyst\/\",\"name\":\"S\u00f8lvring med ametyst &#8226; Norwegian Made\",\"isPartOf\":{\"@id\":\"https:\/\/norwegianmade.no\/#website\"},\"primaryImageOfPage\":{\"@id\":\"https:\/\/norwegianmade.no\/produkt\/solvring-med-ametyst\/#primaryimage\"},\"image\":{\"@id\":\"https:\/\/norwegianmade.no\/produkt\/solvring-med-ametyst\/#primaryimage\"},\"thumbnailUrl\":\"https:\/\/norwegianmade.no\/wp-content\/uploads\/2022\/11\/20221121_141420.jpg\",\"datePublished\":\"2022-11-21T14:57:25+00:00\",\"dateModified\":\"2025-02-22T00:19:13+00:00\",\"breadcrumb\":{\"@id\":\"https:\/\/norwegianmade.no\/produkt\/solvring-med-ametyst\/#breadcrumb\"},\"inLanguage\":\"en-US\",\"potentialAction\":[{\"@type\":\"ReadAction\",\"target\":[\"https:\/\/norwegianmade.no\/produkt\/solvring-med-ametyst\/\"]}]},{\"@type\":\"ImageObject\",\"inLanguage\":\"en-US\",\"@id\":\"https:\/\/norwegianmade.no\/produkt\/solvring-med-ametyst\/#primaryimage\",\"url\":\"https:\/\/norwegianmade.no\/wp-content\/uploads\/2022\/11\/20221121_141420.jpg\",\"contentUrl\":\"https:\/\/norwegianmade.no\/wp-content\/uploads\/2022\/11\/20221121_141420.jpg\",\"width\":1967,\"height\":1896},{\"@type\":\"BreadcrumbList\",\"@id\":\"https:\/\/norwegianmade.no\/produkt\/solvring-med-ametyst\/#breadcrumb\",\"itemListElement\":[{\"@type\":\"ListItem\",\"position\":1,\"name\":\"Hjem\",\"item\":\"https:\/\/norwegianmade.no\/en\/\"},{\"@type\":\"ListItem\",\"position\":2,\"name\":\"Shop\",\"item\":\"https:\/\/norwegianmade.no\/en\/shop\/\"},{\"@type\":\"ListItem\",\"position\":3,\"name\":\"S\u00f8lvring med ametyst\"}]},{\"@type\":\"WebSite\",\"@id\":\"https:\/\/norwegianmade.no\/#website\",\"url\":\"https:\/\/norwegianmade.no\/\",\"name\":\"Norwegian Made\",\"description\":\"Norges st\u00f8rste markedsplass for norske produsenter\",\"publisher\":{\"@id\":\"https:\/\/norwegianmade.no\/#organization\"},\"potentialAction\":[{\"@type\":\"SearchAction\",\"target\":{\"@type\":\"EntryPoint\",\"urlTemplate\":\"https:\/\/norwegianmade.no\/?s={search_term_string}\"},\"query-input\":{\"@type\":\"PropertyValueSpecification\",\"valueRequired\":true,\"valueName\":\"search_term_string\"}}],\"inLanguage\":\"en-US\"},{\"@type\":\"Organization\",\"@id\":\"https:\/\/norwegianmade.no\/#organization\",\"name\":\"Norwegian Made\",\"url\":\"https:\/\/norwegianmade.no\/\",\"logo\":{\"@type\":\"ImageObject\",\"inLanguage\":\"en-US\",\"@id\":\"https:\/\/norwegianmade.no\/#\/schema\/logo\/image\/\",\"url\":\"https:\/\/norwegianmade.no\/wp-content\/uploads\/2020\/11\/logo-liggende-norwegian-made-web.png\",\"contentUrl\":\"https:\/\/norwegianmade.no\/wp-content\/uploads\/2020\/11\/logo-liggende-norwegian-made-web.png\",\"width\":200,\"height\":58,\"caption\":\"Norwegian Made\"},\"image\":{\"@id\":\"https:\/\/norwegianmade.no\/#\/schema\/logo\/image\/\"}}]}<\/script>\n<!-- \/ Yoast SEO plugin. -->","yoast_head_json":{"title":"S\u00f8lvring med ametyst &#8226; Norwegian Made","robots":{"index":"index","follow":"follow","max-snippet":"max-snippet:-1","max-image-preview":"max-image-preview:large","max-video-preview":"max-video-preview:-1"},"canonical":"https:\/\/norwegianmade.no\/produkt\/solvring-med-ametyst\/","og_locale":"en_US","og_type":"article","og_title":"S\u00f8lvring med ametyst &#8226; Norwegian Made","og_description":"H\u00e5ndlaga damering i s\u00f8lv med ametyst\u00a0","og_url":"https:\/\/norwegianmade.no\/produkt\/solvring-med-ametyst\/","og_site_name":"Norwegian Made","article_modified_time":"2025-02-22T00:19:13+00:00","og_image":[{"width":1967,"height":1896,"url":"https:\/\/norwegianmade.no\/wp-content\/uploads\/2022\/11\/20221121_141420.jpg","type":"image\/jpeg"}],"twitter_card":"summary_large_image","twitter_misc":{"Est. reading time":"1 minute"},"schema":{"@context":"https:\/\/schema.org","@graph":[{"@type":"WebPage","@id":"https:\/\/norwegianmade.no\/produkt\/solvring-med-ametyst\/","url":"https:\/\/norwegianmade.no\/produkt\/solvring-med-ametyst\/","name":"S\u00f8lvring med ametyst &#8226; Norwegian Made","isPartOf":{"@id":"https:\/\/norwegianmade.no\/#website"},"primaryImageOfPage":{"@id":"https:\/\/norwegianmade.no\/produkt\/solvring-med-ametyst\/#primaryimage"},"image":{"@id":"https:\/\/norwegianmade.no\/produkt\/solvring-med-ametyst\/#primaryimage"},"thumbnailUrl":"https:\/\/norwegianmade.no\/wp-content\/uploads\/2022\/11\/20221121_141420.jpg","datePublished":"2022-11-21T14:57:25+00:00","dateModified":"2025-02-22T00:19:13+00:00","breadcrumb":{"@id":"https:\/\/norwegianmade.no\/produkt\/solvring-med-ametyst\/#breadcrumb"},"inLanguage":"en-US","potentialAction":[{"@type":"ReadAction","target":["https:\/\/norwegianmade.no\/produkt\/solvring-med-ametyst\/"]}]},{"@type":"ImageObject","inLanguage":"en-US","@id":"https:\/\/norwegianmade.no\/produkt\/solvring-med-ametyst\/#primaryimage","url":"https:\/\/norwegianmade.no\/wp-content\/uploads\/2022\/11\/20221121_141420.jpg","contentUrl":"https:\/\/norwegianmade.no\/wp-content\/uploads\/2022\/11\/20221121_141420.jpg","width":1967,"height":1896},{"@type":"BreadcrumbList","@id":"https:\/\/norwegianmade.no\/produkt\/solvring-med-ametyst\/#breadcrumb","itemListElement":[{"@type":"ListItem","position":1,"name":"Hjem","item":"https:\/\/norwegianmade.no\/en\/"},{"@type":"ListItem","position":2,"name":"Shop","item":"https:\/\/norwegianmade.no\/en\/shop\/"},{"@type":"ListItem","position":3,"name":"S\u00f8lvring med ametyst"}]},{"@type":"WebSite","@id":"https:\/\/norwegianmade.no\/#website","url":"https:\/\/norwegianmade.no\/","name":"Norwegian Made","description":"Norges st\u00f8rste markedsplass for norske produsenter","publisher":{"@id":"https:\/\/norwegianmade.no\/#organization"},"potentialAction":[{"@type":"SearchAction","target":{"@type":"EntryPoint","urlTemplate":"https:\/\/norwegianmade.no\/?s={search_term_string}"},"query-input":{"@type":"PropertyValueSpecification","valueRequired":true,"valueName":"search_term_string"}}],"inLanguage":"en-US"},{"@type":"Organization","@id":"https:\/\/norwegianmade.no\/#organization","name":"Norwegian Made","url":"https:\/\/norwegianmade.no\/","logo":{"@type":"ImageObject","inLanguage":"en-US","@id":"https:\/\/norwegianmade.no\/#\/schema\/logo\/image\/","url":"https:\/\/norwegianmade.no\/wp-content\/uploads\/2020\/11\/logo-liggende-norwegian-made-web.png","contentUrl":"https:\/\/norwegianmade.no\/wp-content\/uploads\/2020\/11\/logo-liggende-norwegian-made-web.png","width":200,"height":58,"caption":"Norwegian Made"},"image":{"@id":"https:\/\/norwegianmade.no\/#\/schema\/logo\/image\/"}}]}},"_links":{"self":[{"href":"https:\/\/norwegianmade.no\/en\/wp-json\/wp\/v2\/product\/17240","targetHints":{"allow":["GET"]}}],"collection":[{"href":"https:\/\/norwegianmade.no\/en\/wp-json\/wp\/v2\/product"}],"about":[{"href":"https:\/\/norwegianmade.no\/en\/wp-json\/wp\/v2\/types\/product"}],"replies":[{"embeddable":true,"href":"https:\/\/norwegianmade.no\/en\/wp-json\/wp\/v2\/comments?post=17240"}],"wp:featuredmedia":[{"embeddable":true,"href":"https:\/\/norwegianmade.no\/en\/wp-json\/wp\/v2\/media\/17226"}],"wp:attachment":[{"href":"https:\/\/norwegianmade.no\/en\/wp-json\/wp\/v2\/media?parent=17240"}],"wp:term":[{"taxonomy":"product_brand","embeddable":true,"href":"https:\/\/norwegianmade.no\/en\/wp-json\/wp\/v2\/product_brand?post=17240"},{"taxonomy":"product_cat","embeddable":true,"href":"https:\/\/norwegianmade.no\/en\/wp-json\/wp\/v2\/product_cat?post=17240"},{"taxonomy":"product_tag","embeddable":true,"href":"https:\/\/norwegianmade.no\/en\/wp-json\/wp\/v2\/product_tag?post=17240"}],"curies":[{"name":"wp","href":"https:\/\/api.w.org\/{rel}","templated":true}]}}