{"id":17381,"date":"2022-12-04T15:26:08","date_gmt":"2022-12-04T14:26:08","guid":{"rendered":"https:\/\/norwegianmade.no\/markedsplass\/bergen-havn-bergen-harbor\/"},"modified":"2026-03-03T23:48:43","modified_gmt":"2026-03-03T22:48:43","slug":"bergen-havn-bergen-harbor","status":"publish","type":"product","link":"https:\/\/norwegianmade.no\/en\/produkt\/bergen-havn-bergen-harbor\/","title":{"rendered":"Bergen Havn &#8211; Bergen Harbor"},"content":{"rendered":"<p>\u00d8nsker du \u00e5 bli forhandler? Ta kontakt via info@kortkunst.no. Pris er veiledende utsalgspris<\/p>\n","protected":false},"excerpt":{"rendered":"<p style=\"margin: 0px 0px 10px;font-family: Ubuntu, sans-serif;font-size: 17px\" data-mce-style=\"margin: 0px 0px 10px; font-family: Ubuntu, sans-serif; font-size: 17px;\">Selges som brett-selv 3D-modell, ferdig sk\u00e5ret og risset i ett A3 kartongpapir. Papiret er lett metallisk\/perlemorskinnende, noe som gir ekstra effektfullt lysspill.\u00a0<\/p>\n<p style=\"margin: 0px 0px 10px;font-family: Ubuntu, sans-serif;font-size: 17px\" data-mce-style=\"margin: 0px 0px 10px; font-family: Ubuntu, sans-serif; font-size: 17px;\"><span style=\"font-size: 18px\" data-mce-style=\"font-size: 18px;\"><em>Du trenger verken lim, saks eller forkunnskaper for \u00e5 brette denne!<\/em>\u00a0<\/span><\/p>\n<p style=\"margin: 0px 0px 10px;font-family: Ubuntu, sans-serif;font-size: 17px\" data-mce-style=\"margin: 0px 0px 10px; font-family: Ubuntu, sans-serif; font-size: 17px;\">Den kan ogs\u00e5 brettes sammen, pakkes ned &#8211; og brettes ut igjen &#8211; uten at designet blir \u00f8delagt. Den perfekte gaven til alle som har hjertet sitt i Bergen! Eller kanskje til noen som du \u00f8nsker \u00e5 ta med dit en dag &#8211; som en &#8220;appetittvekker&#8221;?\u00a0<\/p>\n<p style=\"margin: 0px 0px 10px;font-family: Ubuntu, sans-serif;font-size: 17px\" data-mce-style=\"margin: 0px 0px 10px; font-family: Ubuntu, sans-serif; font-size: 17px;\">Vanskelighetsgrad 7\/10.Tilgjengelig i perlehvitt eller s\u00f8lv.\u00a0<\/p>\n<p style=\"margin: 0px 0px 10px;font-family: Ubuntu, sans-serif;font-size: 17px\" data-mce-style=\"margin: 0px 0px 10px; font-family: Ubuntu, sans-serif; font-size: 17px;\">Bretteinstruksjoner og video finner du<em>\u00a0<\/em><a href=\"https:\/\/kortkunst.no\/instruksjoner\/\" style=\"text-decoration: none;cursor: pointer\" data-mce-href=\"https:\/\/kortkunst.no\/instruksjoner\/\" data-mce-style=\"text-decoration: none; cursor: pointer;\"><em>her.<\/em><\/a><\/p>\n","protected":false},"featured_media":17375,"comment_status":"open","ping_status":"closed","template":"","meta":{"_acf_changed":false},"product_brand":[],"product_cat":[124,78,59,80,281,89,81,280,15],"product_tag":[],"class_list":{"0":"post-17381","1":"product","2":"type-product","3":"status-publish","4":"has-post-thumbnail","6":"product_vendor-kortkunst","7":"product_cat-annet","8":"product_cat-gaver","9":"product_cat-interior-kunst","10":"product_cat-interiorartikler","11":"product_cat-kort","12":"product_cat-kunst","13":"product_cat-kunsthandverk","14":"product_cat-papirvarer","15":"product_cat-ukategorisert","17":"first","18":"instock","19":"taxable","20":"shipping-taxable","21":"product-type-external"},"acf":[],"yoast_head":"<!-- This site is optimized with the Yoast SEO plugin v27.1.1 - https:\/\/yoast.com\/product\/yoast-seo-wordpress\/ -->\n<title>Bergen Havn - Bergen Harbor &#8226; Norwegian Made<\/title>\n<meta name=\"robots\" content=\"index, follow, max-snippet:-1, max-image-preview:large, max-video-preview:-1\" \/>\n<link rel=\"canonical\" href=\"https:\/\/norwegianmade.no\/produkt\/bergen-havn-bergen-harbor\/\" \/>\n<meta property=\"og:locale\" content=\"en_US\" \/>\n<meta property=\"og:type\" content=\"article\" \/>\n<meta property=\"og:title\" content=\"Bergen Havn - Bergen Harbor &#8226; Norwegian Made\" \/>\n<meta property=\"og:description\" content=\"Selges som brett-selv 3D-modell, ferdig sk\u00e5ret og risset i ett A3 kartongpapir. Papiret er lett metallisk\/perlemorskinnende, noe som gir ekstra effektfullt lysspill.\u00a0Du trenger verken lim, saks eller forkunnskaper for \u00e5 brette denne!\u00a0Den kan ogs\u00e5 brettes sammen, pakkes ned - og brettes ut igjen - uten at designet blir \u00f8delagt. Den perfekte gaven til alle som har hjertet sitt i Bergen! Eller kanskje til noen som du \u00f8nsker \u00e5 ta med dit en dag - som en &quot;appetittvekker&quot;?\u00a0Vanskelighetsgrad 7\/10.Tilgjengelig i perlehvitt eller s\u00f8lv.\u00a0Bretteinstruksjoner og video finner du\u00a0her.\" \/>\n<meta property=\"og:url\" content=\"https:\/\/norwegianmade.no\/produkt\/bergen-havn-bergen-harbor\/\" \/>\n<meta property=\"og:site_name\" content=\"Norwegian Made\" \/>\n<meta property=\"article:modified_time\" content=\"2026-03-03T22:48:43+00:00\" \/>\n<meta property=\"og:image\" content=\"https:\/\/norwegianmade.no\/wp-content\/uploads\/2022\/12\/PRbBergen-Havn-hvit3-1024x1024.png\" \/>\n\t<meta property=\"og:image:width\" content=\"1024\" \/>\n\t<meta property=\"og:image:height\" content=\"1024\" \/>\n\t<meta property=\"og:image:type\" content=\"image\/png\" \/>\n<meta name=\"twitter:card\" content=\"summary_large_image\" \/>\n<script type=\"application\/ld+json\" class=\"yoast-schema-graph\">{\"@context\":\"https:\/\/schema.org\",\"@graph\":[{\"@type\":\"WebPage\",\"@id\":\"https:\/\/norwegianmade.no\/produkt\/bergen-havn-bergen-harbor\/\",\"url\":\"https:\/\/norwegianmade.no\/produkt\/bergen-havn-bergen-harbor\/\",\"name\":\"Bergen Havn - Bergen Harbor &#8226; Norwegian Made\",\"isPartOf\":{\"@id\":\"https:\/\/norwegianmade.no\/#website\"},\"primaryImageOfPage\":{\"@id\":\"https:\/\/norwegianmade.no\/produkt\/bergen-havn-bergen-harbor\/#primaryimage\"},\"image\":{\"@id\":\"https:\/\/norwegianmade.no\/produkt\/bergen-havn-bergen-harbor\/#primaryimage\"},\"thumbnailUrl\":\"https:\/\/norwegianmade.no\/wp-content\/uploads\/2022\/12\/PRbBergen-Havn-hvit3.png\",\"datePublished\":\"2022-12-04T14:26:08+00:00\",\"dateModified\":\"2026-03-03T22:48:43+00:00\",\"breadcrumb\":{\"@id\":\"https:\/\/norwegianmade.no\/produkt\/bergen-havn-bergen-harbor\/#breadcrumb\"},\"inLanguage\":\"en-US\",\"potentialAction\":[{\"@type\":\"ReadAction\",\"target\":[\"https:\/\/norwegianmade.no\/produkt\/bergen-havn-bergen-harbor\/\"]}]},{\"@type\":\"ImageObject\",\"inLanguage\":\"en-US\",\"@id\":\"https:\/\/norwegianmade.no\/produkt\/bergen-havn-bergen-harbor\/#primaryimage\",\"url\":\"https:\/\/norwegianmade.no\/wp-content\/uploads\/2022\/12\/PRbBergen-Havn-hvit3.png\",\"contentUrl\":\"https:\/\/norwegianmade.no\/wp-content\/uploads\/2022\/12\/PRbBergen-Havn-hvit3.png\",\"width\":3150,\"height\":3150},{\"@type\":\"BreadcrumbList\",\"@id\":\"https:\/\/norwegianmade.no\/produkt\/bergen-havn-bergen-harbor\/#breadcrumb\",\"itemListElement\":[{\"@type\":\"ListItem\",\"position\":1,\"name\":\"Hjem\",\"item\":\"https:\/\/norwegianmade.no\/en\/\"},{\"@type\":\"ListItem\",\"position\":2,\"name\":\"Shop\",\"item\":\"https:\/\/norwegianmade.no\/en\/shop\/\"},{\"@type\":\"ListItem\",\"position\":3,\"name\":\"Bergen Havn &#8211; Bergen Harbor\"}]},{\"@type\":\"WebSite\",\"@id\":\"https:\/\/norwegianmade.no\/#website\",\"url\":\"https:\/\/norwegianmade.no\/\",\"name\":\"Norwegian Made\",\"description\":\"Norges st\u00f8rste markedsplass for norske produsenter\",\"publisher\":{\"@id\":\"https:\/\/norwegianmade.no\/#organization\"},\"potentialAction\":[{\"@type\":\"SearchAction\",\"target\":{\"@type\":\"EntryPoint\",\"urlTemplate\":\"https:\/\/norwegianmade.no\/?s={search_term_string}\"},\"query-input\":{\"@type\":\"PropertyValueSpecification\",\"valueRequired\":true,\"valueName\":\"search_term_string\"}}],\"inLanguage\":\"en-US\"},{\"@type\":\"Organization\",\"@id\":\"https:\/\/norwegianmade.no\/#organization\",\"name\":\"Norwegian Made\",\"url\":\"https:\/\/norwegianmade.no\/\",\"logo\":{\"@type\":\"ImageObject\",\"inLanguage\":\"en-US\",\"@id\":\"https:\/\/norwegianmade.no\/#\/schema\/logo\/image\/\",\"url\":\"https:\/\/norwegianmade.no\/wp-content\/uploads\/2020\/11\/logo-liggende-norwegian-made-web.png\",\"contentUrl\":\"https:\/\/norwegianmade.no\/wp-content\/uploads\/2020\/11\/logo-liggende-norwegian-made-web.png\",\"width\":200,\"height\":58,\"caption\":\"Norwegian Made\"},\"image\":{\"@id\":\"https:\/\/norwegianmade.no\/#\/schema\/logo\/image\/\"}}]}<\/script>\n<!-- \/ Yoast SEO plugin. -->","yoast_head_json":{"title":"Bergen Havn - Bergen Harbor &#8226; Norwegian Made","robots":{"index":"index","follow":"follow","max-snippet":"max-snippet:-1","max-image-preview":"max-image-preview:large","max-video-preview":"max-video-preview:-1"},"canonical":"https:\/\/norwegianmade.no\/produkt\/bergen-havn-bergen-harbor\/","og_locale":"en_US","og_type":"article","og_title":"Bergen Havn - Bergen Harbor &#8226; Norwegian Made","og_description":"Selges som brett-selv 3D-modell, ferdig sk\u00e5ret og risset i ett A3 kartongpapir. Papiret er lett metallisk\/perlemorskinnende, noe som gir ekstra effektfullt lysspill.\u00a0Du trenger verken lim, saks eller forkunnskaper for \u00e5 brette denne!\u00a0Den kan ogs\u00e5 brettes sammen, pakkes ned - og brettes ut igjen - uten at designet blir \u00f8delagt. Den perfekte gaven til alle som har hjertet sitt i Bergen! Eller kanskje til noen som du \u00f8nsker \u00e5 ta med dit en dag - som en \"appetittvekker\"?\u00a0Vanskelighetsgrad 7\/10.Tilgjengelig i perlehvitt eller s\u00f8lv.\u00a0Bretteinstruksjoner og video finner du\u00a0her.","og_url":"https:\/\/norwegianmade.no\/produkt\/bergen-havn-bergen-harbor\/","og_site_name":"Norwegian Made","article_modified_time":"2026-03-03T22:48:43+00:00","og_image":[{"width":1024,"height":1024,"url":"https:\/\/norwegianmade.no\/wp-content\/uploads\/2022\/12\/PRbBergen-Havn-hvit3-1024x1024.png","type":"image\/png"}],"twitter_card":"summary_large_image","schema":{"@context":"https:\/\/schema.org","@graph":[{"@type":"WebPage","@id":"https:\/\/norwegianmade.no\/produkt\/bergen-havn-bergen-harbor\/","url":"https:\/\/norwegianmade.no\/produkt\/bergen-havn-bergen-harbor\/","name":"Bergen Havn - Bergen Harbor &#8226; Norwegian Made","isPartOf":{"@id":"https:\/\/norwegianmade.no\/#website"},"primaryImageOfPage":{"@id":"https:\/\/norwegianmade.no\/produkt\/bergen-havn-bergen-harbor\/#primaryimage"},"image":{"@id":"https:\/\/norwegianmade.no\/produkt\/bergen-havn-bergen-harbor\/#primaryimage"},"thumbnailUrl":"https:\/\/norwegianmade.no\/wp-content\/uploads\/2022\/12\/PRbBergen-Havn-hvit3.png","datePublished":"2022-12-04T14:26:08+00:00","dateModified":"2026-03-03T22:48:43+00:00","breadcrumb":{"@id":"https:\/\/norwegianmade.no\/produkt\/bergen-havn-bergen-harbor\/#breadcrumb"},"inLanguage":"en-US","potentialAction":[{"@type":"ReadAction","target":["https:\/\/norwegianmade.no\/produkt\/bergen-havn-bergen-harbor\/"]}]},{"@type":"ImageObject","inLanguage":"en-US","@id":"https:\/\/norwegianmade.no\/produkt\/bergen-havn-bergen-harbor\/#primaryimage","url":"https:\/\/norwegianmade.no\/wp-content\/uploads\/2022\/12\/PRbBergen-Havn-hvit3.png","contentUrl":"https:\/\/norwegianmade.no\/wp-content\/uploads\/2022\/12\/PRbBergen-Havn-hvit3.png","width":3150,"height":3150},{"@type":"BreadcrumbList","@id":"https:\/\/norwegianmade.no\/produkt\/bergen-havn-bergen-harbor\/#breadcrumb","itemListElement":[{"@type":"ListItem","position":1,"name":"Hjem","item":"https:\/\/norwegianmade.no\/en\/"},{"@type":"ListItem","position":2,"name":"Shop","item":"https:\/\/norwegianmade.no\/en\/shop\/"},{"@type":"ListItem","position":3,"name":"Bergen Havn &#8211; Bergen Harbor"}]},{"@type":"WebSite","@id":"https:\/\/norwegianmade.no\/#website","url":"https:\/\/norwegianmade.no\/","name":"Norwegian Made","description":"Norges st\u00f8rste markedsplass for norske produsenter","publisher":{"@id":"https:\/\/norwegianmade.no\/#organization"},"potentialAction":[{"@type":"SearchAction","target":{"@type":"EntryPoint","urlTemplate":"https:\/\/norwegianmade.no\/?s={search_term_string}"},"query-input":{"@type":"PropertyValueSpecification","valueRequired":true,"valueName":"search_term_string"}}],"inLanguage":"en-US"},{"@type":"Organization","@id":"https:\/\/norwegianmade.no\/#organization","name":"Norwegian Made","url":"https:\/\/norwegianmade.no\/","logo":{"@type":"ImageObject","inLanguage":"en-US","@id":"https:\/\/norwegianmade.no\/#\/schema\/logo\/image\/","url":"https:\/\/norwegianmade.no\/wp-content\/uploads\/2020\/11\/logo-liggende-norwegian-made-web.png","contentUrl":"https:\/\/norwegianmade.no\/wp-content\/uploads\/2020\/11\/logo-liggende-norwegian-made-web.png","width":200,"height":58,"caption":"Norwegian Made"},"image":{"@id":"https:\/\/norwegianmade.no\/#\/schema\/logo\/image\/"}}]}},"_links":{"self":[{"href":"https:\/\/norwegianmade.no\/en\/wp-json\/wp\/v2\/product\/17381","targetHints":{"allow":["GET"]}}],"collection":[{"href":"https:\/\/norwegianmade.no\/en\/wp-json\/wp\/v2\/product"}],"about":[{"href":"https:\/\/norwegianmade.no\/en\/wp-json\/wp\/v2\/types\/product"}],"replies":[{"embeddable":true,"href":"https:\/\/norwegianmade.no\/en\/wp-json\/wp\/v2\/comments?post=17381"}],"wp:featuredmedia":[{"embeddable":true,"href":"https:\/\/norwegianmade.no\/en\/wp-json\/wp\/v2\/media\/17375"}],"wp:attachment":[{"href":"https:\/\/norwegianmade.no\/en\/wp-json\/wp\/v2\/media?parent=17381"}],"wp:term":[{"taxonomy":"product_brand","embeddable":true,"href":"https:\/\/norwegianmade.no\/en\/wp-json\/wp\/v2\/product_brand?post=17381"},{"taxonomy":"product_cat","embeddable":true,"href":"https:\/\/norwegianmade.no\/en\/wp-json\/wp\/v2\/product_cat?post=17381"},{"taxonomy":"product_tag","embeddable":true,"href":"https:\/\/norwegianmade.no\/en\/wp-json\/wp\/v2\/product_tag?post=17381"}],"curies":[{"name":"wp","href":"https:\/\/api.w.org\/{rel}","templated":true}]}}