{"id":17756,"date":"2023-02-03T17:00:23","date_gmt":"2023-02-03T16:00:23","guid":{"rendered":"https:\/\/norwegianmade.no\/markedsplass\/testprodukt\/"},"modified":"2023-03-06T13:44:54","modified_gmt":"2023-03-06T12:44:54","slug":"stott-arbeidet-vart","status":"publish","type":"product","link":"https:\/\/norwegianmade.no\/en\/produkt\/stott-arbeidet-vart\/","title":{"rendered":"St\u00f8tt Norwegian Made sitt arbeid"},"content":{"rendered":"<p>Norwegian Made er en sosial entrepren\u00f8r som jobber for fremme de norske produsentene. Ved \u00e5 kj\u00f8pe dette produktet, gir du en donasjon til Norwegian Made sitt arbeid og er med p\u00e5 \u00e5 st\u00f8tte de norske produsentene.<\/p>\n","protected":false},"excerpt":{"rendered":"<p>Gi din st\u00f8tte til arbeidet Norwegian Made gj\u00f8r for \u00e5 fremme norsk produksjon.<\/p>\n","protected":false},"featured_media":18286,"comment_status":"open","ping_status":"closed","template":"","meta":{"_acf_changed":false},"product_brand":[],"product_cat":[15],"product_tag":[],"class_list":{"0":"post-17756","1":"product","2":"type-product","3":"status-publish","4":"has-post-thumbnail","6":"product_cat-ukategorisert","8":"first","9":"instock","10":"purchasable","11":"product-type-simple"},"acf":[],"yoast_head":"<!-- This site is optimized with the Yoast SEO plugin v27.1.1 - https:\/\/yoast.com\/product\/yoast-seo-wordpress\/ -->\n<title>St\u00f8tt Norwegian Made sitt arbeid &#8226; Norwegian Made<\/title>\n<meta name=\"robots\" content=\"index, follow, max-snippet:-1, max-image-preview:large, max-video-preview:-1\" \/>\n<link rel=\"canonical\" href=\"https:\/\/norwegianmade.no\/en\/produkt\/stott-arbeidet-vart\/\" \/>\n<meta property=\"og:locale\" content=\"en_US\" \/>\n<meta property=\"og:type\" content=\"article\" \/>\n<meta property=\"og:title\" content=\"St\u00f8tt Norwegian Made sitt arbeid &#8226; Norwegian Made\" \/>\n<meta property=\"og:description\" content=\"Gi din st\u00f8tte til arbeidet Norwegian Made gj\u00f8r for \u00e5 fremme norsk produksjon.\" \/>\n<meta property=\"og:url\" content=\"https:\/\/norwegianmade.no\/en\/produkt\/stott-arbeidet-vart\/\" \/>\n<meta property=\"og:site_name\" content=\"Norwegian Made\" \/>\n<meta property=\"article:modified_time\" content=\"2023-03-06T12:44:54+00:00\" \/>\n<meta property=\"og:image\" content=\"https:\/\/norwegianmade.no\/wp-content\/uploads\/2023\/02\/EA469FE6-32A1-4480-9F35-EE5FE92B2DA9-1717-000001437492B8E0-rotated-e1678106551155.jpg\" \/>\n\t<meta property=\"og:image:width\" content=\"1179\" \/>\n\t<meta property=\"og:image:height\" content=\"1124\" \/>\n\t<meta property=\"og:image:type\" content=\"image\/jpeg\" \/>\n<meta name=\"twitter:card\" content=\"summary_large_image\" \/>\n<script type=\"application\/ld+json\" class=\"yoast-schema-graph\">{\"@context\":\"https:\/\/schema.org\",\"@graph\":[{\"@type\":\"WebPage\",\"@id\":\"https:\/\/norwegianmade.no\/en\/produkt\/stott-arbeidet-vart\/\",\"url\":\"https:\/\/norwegianmade.no\/en\/produkt\/stott-arbeidet-vart\/\",\"name\":\"St\u00f8tt Norwegian Made sitt arbeid &#8226; Norwegian Made\",\"isPartOf\":{\"@id\":\"https:\/\/norwegianmade.no\/#website\"},\"primaryImageOfPage\":{\"@id\":\"https:\/\/norwegianmade.no\/en\/produkt\/stott-arbeidet-vart\/#primaryimage\"},\"image\":{\"@id\":\"https:\/\/norwegianmade.no\/en\/produkt\/stott-arbeidet-vart\/#primaryimage\"},\"thumbnailUrl\":\"https:\/\/norwegianmade.no\/wp-content\/uploads\/2023\/02\/EA469FE6-32A1-4480-9F35-EE5FE92B2DA9-1717-000001437492B8E0-rotated-e1678106551155.jpg\",\"datePublished\":\"2023-02-03T16:00:23+00:00\",\"dateModified\":\"2023-03-06T12:44:54+00:00\",\"breadcrumb\":{\"@id\":\"https:\/\/norwegianmade.no\/en\/produkt\/stott-arbeidet-vart\/#breadcrumb\"},\"inLanguage\":\"en-US\",\"potentialAction\":[{\"@type\":\"ReadAction\",\"target\":[\"https:\/\/norwegianmade.no\/en\/produkt\/stott-arbeidet-vart\/\"]}]},{\"@type\":\"ImageObject\",\"inLanguage\":\"en-US\",\"@id\":\"https:\/\/norwegianmade.no\/en\/produkt\/stott-arbeidet-vart\/#primaryimage\",\"url\":\"https:\/\/norwegianmade.no\/wp-content\/uploads\/2023\/02\/EA469FE6-32A1-4480-9F35-EE5FE92B2DA9-1717-000001437492B8E0-rotated-e1678106551155.jpg\",\"contentUrl\":\"https:\/\/norwegianmade.no\/wp-content\/uploads\/2023\/02\/EA469FE6-32A1-4480-9F35-EE5FE92B2DA9-1717-000001437492B8E0-rotated-e1678106551155.jpg\",\"width\":1179,\"height\":1124},{\"@type\":\"BreadcrumbList\",\"@id\":\"https:\/\/norwegianmade.no\/en\/produkt\/stott-arbeidet-vart\/#breadcrumb\",\"itemListElement\":[{\"@type\":\"ListItem\",\"position\":1,\"name\":\"Hjem\",\"item\":\"https:\/\/norwegianmade.no\/en\/\"},{\"@type\":\"ListItem\",\"position\":2,\"name\":\"Shop\",\"item\":\"https:\/\/norwegianmade.no\/en\/shop\/\"},{\"@type\":\"ListItem\",\"position\":3,\"name\":\"St\u00f8tt Norwegian Made sitt arbeid\"}]},{\"@type\":\"WebSite\",\"@id\":\"https:\/\/norwegianmade.no\/#website\",\"url\":\"https:\/\/norwegianmade.no\/\",\"name\":\"Norwegian Made\",\"description\":\"Norges st\u00f8rste markedsplass for norske produsenter\",\"publisher\":{\"@id\":\"https:\/\/norwegianmade.no\/#organization\"},\"potentialAction\":[{\"@type\":\"SearchAction\",\"target\":{\"@type\":\"EntryPoint\",\"urlTemplate\":\"https:\/\/norwegianmade.no\/?s={search_term_string}\"},\"query-input\":{\"@type\":\"PropertyValueSpecification\",\"valueRequired\":true,\"valueName\":\"search_term_string\"}}],\"inLanguage\":\"en-US\"},{\"@type\":\"Organization\",\"@id\":\"https:\/\/norwegianmade.no\/#organization\",\"name\":\"Norwegian Made\",\"url\":\"https:\/\/norwegianmade.no\/\",\"logo\":{\"@type\":\"ImageObject\",\"inLanguage\":\"en-US\",\"@id\":\"https:\/\/norwegianmade.no\/#\/schema\/logo\/image\/\",\"url\":\"https:\/\/norwegianmade.no\/wp-content\/uploads\/2020\/11\/logo-liggende-norwegian-made-web.png\",\"contentUrl\":\"https:\/\/norwegianmade.no\/wp-content\/uploads\/2020\/11\/logo-liggende-norwegian-made-web.png\",\"width\":200,\"height\":58,\"caption\":\"Norwegian Made\"},\"image\":{\"@id\":\"https:\/\/norwegianmade.no\/#\/schema\/logo\/image\/\"}}]}<\/script>\n<!-- \/ Yoast SEO plugin. -->","yoast_head_json":{"title":"St\u00f8tt Norwegian Made sitt arbeid &#8226; Norwegian Made","robots":{"index":"index","follow":"follow","max-snippet":"max-snippet:-1","max-image-preview":"max-image-preview:large","max-video-preview":"max-video-preview:-1"},"canonical":"https:\/\/norwegianmade.no\/en\/produkt\/stott-arbeidet-vart\/","og_locale":"en_US","og_type":"article","og_title":"St\u00f8tt Norwegian Made sitt arbeid &#8226; Norwegian Made","og_description":"Gi din st\u00f8tte til arbeidet Norwegian Made gj\u00f8r for \u00e5 fremme norsk produksjon.","og_url":"https:\/\/norwegianmade.no\/en\/produkt\/stott-arbeidet-vart\/","og_site_name":"Norwegian Made","article_modified_time":"2023-03-06T12:44:54+00:00","og_image":[{"width":1179,"height":1124,"url":"https:\/\/norwegianmade.no\/wp-content\/uploads\/2023\/02\/EA469FE6-32A1-4480-9F35-EE5FE92B2DA9-1717-000001437492B8E0-rotated-e1678106551155.jpg","type":"image\/jpeg"}],"twitter_card":"summary_large_image","schema":{"@context":"https:\/\/schema.org","@graph":[{"@type":"WebPage","@id":"https:\/\/norwegianmade.no\/en\/produkt\/stott-arbeidet-vart\/","url":"https:\/\/norwegianmade.no\/en\/produkt\/stott-arbeidet-vart\/","name":"St\u00f8tt Norwegian Made sitt arbeid &#8226; Norwegian Made","isPartOf":{"@id":"https:\/\/norwegianmade.no\/#website"},"primaryImageOfPage":{"@id":"https:\/\/norwegianmade.no\/en\/produkt\/stott-arbeidet-vart\/#primaryimage"},"image":{"@id":"https:\/\/norwegianmade.no\/en\/produkt\/stott-arbeidet-vart\/#primaryimage"},"thumbnailUrl":"https:\/\/norwegianmade.no\/wp-content\/uploads\/2023\/02\/EA469FE6-32A1-4480-9F35-EE5FE92B2DA9-1717-000001437492B8E0-rotated-e1678106551155.jpg","datePublished":"2023-02-03T16:00:23+00:00","dateModified":"2023-03-06T12:44:54+00:00","breadcrumb":{"@id":"https:\/\/norwegianmade.no\/en\/produkt\/stott-arbeidet-vart\/#breadcrumb"},"inLanguage":"en-US","potentialAction":[{"@type":"ReadAction","target":["https:\/\/norwegianmade.no\/en\/produkt\/stott-arbeidet-vart\/"]}]},{"@type":"ImageObject","inLanguage":"en-US","@id":"https:\/\/norwegianmade.no\/en\/produkt\/stott-arbeidet-vart\/#primaryimage","url":"https:\/\/norwegianmade.no\/wp-content\/uploads\/2023\/02\/EA469FE6-32A1-4480-9F35-EE5FE92B2DA9-1717-000001437492B8E0-rotated-e1678106551155.jpg","contentUrl":"https:\/\/norwegianmade.no\/wp-content\/uploads\/2023\/02\/EA469FE6-32A1-4480-9F35-EE5FE92B2DA9-1717-000001437492B8E0-rotated-e1678106551155.jpg","width":1179,"height":1124},{"@type":"BreadcrumbList","@id":"https:\/\/norwegianmade.no\/en\/produkt\/stott-arbeidet-vart\/#breadcrumb","itemListElement":[{"@type":"ListItem","position":1,"name":"Hjem","item":"https:\/\/norwegianmade.no\/en\/"},{"@type":"ListItem","position":2,"name":"Shop","item":"https:\/\/norwegianmade.no\/en\/shop\/"},{"@type":"ListItem","position":3,"name":"St\u00f8tt Norwegian Made sitt arbeid"}]},{"@type":"WebSite","@id":"https:\/\/norwegianmade.no\/#website","url":"https:\/\/norwegianmade.no\/","name":"Norwegian Made","description":"Norges st\u00f8rste markedsplass for norske produsenter","publisher":{"@id":"https:\/\/norwegianmade.no\/#organization"},"potentialAction":[{"@type":"SearchAction","target":{"@type":"EntryPoint","urlTemplate":"https:\/\/norwegianmade.no\/?s={search_term_string}"},"query-input":{"@type":"PropertyValueSpecification","valueRequired":true,"valueName":"search_term_string"}}],"inLanguage":"en-US"},{"@type":"Organization","@id":"https:\/\/norwegianmade.no\/#organization","name":"Norwegian Made","url":"https:\/\/norwegianmade.no\/","logo":{"@type":"ImageObject","inLanguage":"en-US","@id":"https:\/\/norwegianmade.no\/#\/schema\/logo\/image\/","url":"https:\/\/norwegianmade.no\/wp-content\/uploads\/2020\/11\/logo-liggende-norwegian-made-web.png","contentUrl":"https:\/\/norwegianmade.no\/wp-content\/uploads\/2020\/11\/logo-liggende-norwegian-made-web.png","width":200,"height":58,"caption":"Norwegian Made"},"image":{"@id":"https:\/\/norwegianmade.no\/#\/schema\/logo\/image\/"}}]}},"_links":{"self":[{"href":"https:\/\/norwegianmade.no\/en\/wp-json\/wp\/v2\/product\/17756","targetHints":{"allow":["GET"]}}],"collection":[{"href":"https:\/\/norwegianmade.no\/en\/wp-json\/wp\/v2\/product"}],"about":[{"href":"https:\/\/norwegianmade.no\/en\/wp-json\/wp\/v2\/types\/product"}],"replies":[{"embeddable":true,"href":"https:\/\/norwegianmade.no\/en\/wp-json\/wp\/v2\/comments?post=17756"}],"wp:featuredmedia":[{"embeddable":true,"href":"https:\/\/norwegianmade.no\/en\/wp-json\/wp\/v2\/media\/18286"}],"wp:attachment":[{"href":"https:\/\/norwegianmade.no\/en\/wp-json\/wp\/v2\/media?parent=17756"}],"wp:term":[{"taxonomy":"product_brand","embeddable":true,"href":"https:\/\/norwegianmade.no\/en\/wp-json\/wp\/v2\/product_brand?post=17756"},{"taxonomy":"product_cat","embeddable":true,"href":"https:\/\/norwegianmade.no\/en\/wp-json\/wp\/v2\/product_cat?post=17756"},{"taxonomy":"product_tag","embeddable":true,"href":"https:\/\/norwegianmade.no\/en\/wp-json\/wp\/v2\/product_tag?post=17756"}],"curies":[{"name":"wp","href":"https:\/\/api.w.org\/{rel}","templated":true}]}}