{"id":17793,"date":"2023-02-06T21:07:57","date_gmt":"2023-02-06T20:07:57","guid":{"rendered":"https:\/\/norwegianmade.no\/?post_type=product&#038;p=17793"},"modified":"2025-10-20T20:30:33","modified_gmt":"2025-10-20T18:30:33","slug":"kylling-3","status":"publish","type":"product","link":"https:\/\/norwegianmade.no\/en\/produkt\/kylling-3\/","title":{"rendered":"Kylling"},"content":{"rendered":"<p><strong>Produktinfo:<\/strong> Kyllingen er handsydd i skinn av Gammalnorsk spelsau. Skinnr\u00e5varene kjem fr\u00e5<br \/>eigen buskap, skinnreiing er utf\u00f8rt ved Granberg Garveri AS.<\/p>\n<p><strong>Ullfarge:<\/strong> Lys brun.<\/p>\n<p><strong>Storleik: <\/strong>Lengde ca 9 cm, breidde ca 7 cm, h\u00f8gde ca 9 cm.<\/p>\n<p><strong>Bruk og vedlikehald:<\/strong> Kyllingen er laga for \u00e5 pynte opp, men kan ogs\u00e5 brukast som ein liten bamse med si lune og varmande botnull. Produktet er laga for innand\u00f8rs bruk, og er ikkje eigna for vask.<\/p>\n","protected":false},"excerpt":{"rendered":"<p>Dekorativ kylling som lagar god stemning utan altfor mykje piping.<\/p>\n","protected":false},"featured_media":17874,"comment_status":"open","ping_status":"closed","template":"","meta":{"_acf_changed":false},"product_brand":[],"product_cat":[78,59,81,98,60],"product_tag":[],"class_list":{"0":"post-17793","1":"product","2":"type-product","3":"status-publish","4":"has-post-thumbnail","6":"product_vendor-opp-i-bakkji","7":"product_cat-gaver","8":"product_cat-interior-kunst","9":"product_cat-kunsthandverk","10":"product_cat-skinnvarer","11":"product_cat-tekstil","13":"first","14":"outofstock","15":"taxable","16":"shipping-taxable","17":"purchasable","18":"product-type-simple"},"acf":[],"yoast_head":"<!-- This site is optimized with the Yoast SEO plugin v27.1.1 - https:\/\/yoast.com\/product\/yoast-seo-wordpress\/ -->\n<title>Kylling &#8226; Norwegian Made<\/title>\n<meta name=\"description\" content=\"Dekorativ kylling, handsydd i skinn av Gammalnorsk spelsau\" \/>\n<meta name=\"robots\" content=\"index, follow, max-snippet:-1, max-image-preview:large, max-video-preview:-1\" \/>\n<link rel=\"canonical\" href=\"https:\/\/norwegianmade.no\/produkt\/kylling-3\/\" \/>\n<meta property=\"og:locale\" content=\"en_US\" \/>\n<meta property=\"og:type\" content=\"article\" \/>\n<meta property=\"og:title\" content=\"Kylling &#8226; Norwegian Made\" \/>\n<meta property=\"og:description\" content=\"Dekorativ kylling, handsydd i skinn av Gammalnorsk spelsau\" \/>\n<meta property=\"og:url\" content=\"https:\/\/norwegianmade.no\/produkt\/kylling-3\/\" \/>\n<meta property=\"og:site_name\" content=\"Norwegian Made\" \/>\n<meta property=\"article:modified_time\" content=\"2025-10-20T18:30:33+00:00\" \/>\n<meta property=\"og:image\" content=\"https:\/\/norwegianmade.no\/wp-content\/uploads\/2023\/02\/DSC_0245_Watermarked.jpg\" \/>\n\t<meta property=\"og:image:width\" content=\"1448\" \/>\n\t<meta property=\"og:image:height\" content=\"1359\" \/>\n\t<meta property=\"og:image:type\" content=\"image\/jpeg\" \/>\n<meta name=\"twitter:card\" content=\"summary_large_image\" \/>\n<script type=\"application\/ld+json\" class=\"yoast-schema-graph\">{\"@context\":\"https:\/\/schema.org\",\"@graph\":[{\"@type\":\"WebPage\",\"@id\":\"https:\/\/norwegianmade.no\/produkt\/kylling-3\/\",\"url\":\"https:\/\/norwegianmade.no\/produkt\/kylling-3\/\",\"name\":\"Kylling &#8226; Norwegian Made\",\"isPartOf\":{\"@id\":\"https:\/\/norwegianmade.no\/#website\"},\"primaryImageOfPage\":{\"@id\":\"https:\/\/norwegianmade.no\/produkt\/kylling-3\/#primaryimage\"},\"image\":{\"@id\":\"https:\/\/norwegianmade.no\/produkt\/kylling-3\/#primaryimage\"},\"thumbnailUrl\":\"https:\/\/norwegianmade.no\/wp-content\/uploads\/2023\/02\/DSC_0245_Watermarked.jpg\",\"datePublished\":\"2023-02-06T20:07:57+00:00\",\"dateModified\":\"2025-10-20T18:30:33+00:00\",\"description\":\"Dekorativ kylling, handsydd i skinn av Gammalnorsk spelsau\",\"breadcrumb\":{\"@id\":\"https:\/\/norwegianmade.no\/produkt\/kylling-3\/#breadcrumb\"},\"inLanguage\":\"en-US\",\"potentialAction\":[{\"@type\":\"ReadAction\",\"target\":[\"https:\/\/norwegianmade.no\/produkt\/kylling-3\/\"]}]},{\"@type\":\"ImageObject\",\"inLanguage\":\"en-US\",\"@id\":\"https:\/\/norwegianmade.no\/produkt\/kylling-3\/#primaryimage\",\"url\":\"https:\/\/norwegianmade.no\/wp-content\/uploads\/2023\/02\/DSC_0245_Watermarked.jpg\",\"contentUrl\":\"https:\/\/norwegianmade.no\/wp-content\/uploads\/2023\/02\/DSC_0245_Watermarked.jpg\",\"width\":1448,\"height\":1359},{\"@type\":\"BreadcrumbList\",\"@id\":\"https:\/\/norwegianmade.no\/produkt\/kylling-3\/#breadcrumb\",\"itemListElement\":[{\"@type\":\"ListItem\",\"position\":1,\"name\":\"Hjem\",\"item\":\"https:\/\/norwegianmade.no\/en\/\"},{\"@type\":\"ListItem\",\"position\":2,\"name\":\"Shop\",\"item\":\"https:\/\/norwegianmade.no\/en\/shop\/\"},{\"@type\":\"ListItem\",\"position\":3,\"name\":\"Kylling\"}]},{\"@type\":\"WebSite\",\"@id\":\"https:\/\/norwegianmade.no\/#website\",\"url\":\"https:\/\/norwegianmade.no\/\",\"name\":\"Norwegian Made\",\"description\":\"Norges st\u00f8rste markedsplass for norske produsenter\",\"publisher\":{\"@id\":\"https:\/\/norwegianmade.no\/#organization\"},\"potentialAction\":[{\"@type\":\"SearchAction\",\"target\":{\"@type\":\"EntryPoint\",\"urlTemplate\":\"https:\/\/norwegianmade.no\/?s={search_term_string}\"},\"query-input\":{\"@type\":\"PropertyValueSpecification\",\"valueRequired\":true,\"valueName\":\"search_term_string\"}}],\"inLanguage\":\"en-US\"},{\"@type\":\"Organization\",\"@id\":\"https:\/\/norwegianmade.no\/#organization\",\"name\":\"Norwegian Made\",\"url\":\"https:\/\/norwegianmade.no\/\",\"logo\":{\"@type\":\"ImageObject\",\"inLanguage\":\"en-US\",\"@id\":\"https:\/\/norwegianmade.no\/#\/schema\/logo\/image\/\",\"url\":\"https:\/\/norwegianmade.no\/wp-content\/uploads\/2020\/11\/logo-liggende-norwegian-made-web.png\",\"contentUrl\":\"https:\/\/norwegianmade.no\/wp-content\/uploads\/2020\/11\/logo-liggende-norwegian-made-web.png\",\"width\":200,\"height\":58,\"caption\":\"Norwegian Made\"},\"image\":{\"@id\":\"https:\/\/norwegianmade.no\/#\/schema\/logo\/image\/\"}}]}<\/script>\n<!-- \/ Yoast SEO plugin. -->","yoast_head_json":{"title":"Kylling &#8226; Norwegian Made","description":"Dekorativ kylling, handsydd i skinn av Gammalnorsk spelsau","robots":{"index":"index","follow":"follow","max-snippet":"max-snippet:-1","max-image-preview":"max-image-preview:large","max-video-preview":"max-video-preview:-1"},"canonical":"https:\/\/norwegianmade.no\/produkt\/kylling-3\/","og_locale":"en_US","og_type":"article","og_title":"Kylling &#8226; Norwegian Made","og_description":"Dekorativ kylling, handsydd i skinn av Gammalnorsk spelsau","og_url":"https:\/\/norwegianmade.no\/produkt\/kylling-3\/","og_site_name":"Norwegian Made","article_modified_time":"2025-10-20T18:30:33+00:00","og_image":[{"width":1448,"height":1359,"url":"https:\/\/norwegianmade.no\/wp-content\/uploads\/2023\/02\/DSC_0245_Watermarked.jpg","type":"image\/jpeg"}],"twitter_card":"summary_large_image","schema":{"@context":"https:\/\/schema.org","@graph":[{"@type":"WebPage","@id":"https:\/\/norwegianmade.no\/produkt\/kylling-3\/","url":"https:\/\/norwegianmade.no\/produkt\/kylling-3\/","name":"Kylling &#8226; Norwegian Made","isPartOf":{"@id":"https:\/\/norwegianmade.no\/#website"},"primaryImageOfPage":{"@id":"https:\/\/norwegianmade.no\/produkt\/kylling-3\/#primaryimage"},"image":{"@id":"https:\/\/norwegianmade.no\/produkt\/kylling-3\/#primaryimage"},"thumbnailUrl":"https:\/\/norwegianmade.no\/wp-content\/uploads\/2023\/02\/DSC_0245_Watermarked.jpg","datePublished":"2023-02-06T20:07:57+00:00","dateModified":"2025-10-20T18:30:33+00:00","description":"Dekorativ kylling, handsydd i skinn av Gammalnorsk spelsau","breadcrumb":{"@id":"https:\/\/norwegianmade.no\/produkt\/kylling-3\/#breadcrumb"},"inLanguage":"en-US","potentialAction":[{"@type":"ReadAction","target":["https:\/\/norwegianmade.no\/produkt\/kylling-3\/"]}]},{"@type":"ImageObject","inLanguage":"en-US","@id":"https:\/\/norwegianmade.no\/produkt\/kylling-3\/#primaryimage","url":"https:\/\/norwegianmade.no\/wp-content\/uploads\/2023\/02\/DSC_0245_Watermarked.jpg","contentUrl":"https:\/\/norwegianmade.no\/wp-content\/uploads\/2023\/02\/DSC_0245_Watermarked.jpg","width":1448,"height":1359},{"@type":"BreadcrumbList","@id":"https:\/\/norwegianmade.no\/produkt\/kylling-3\/#breadcrumb","itemListElement":[{"@type":"ListItem","position":1,"name":"Hjem","item":"https:\/\/norwegianmade.no\/en\/"},{"@type":"ListItem","position":2,"name":"Shop","item":"https:\/\/norwegianmade.no\/en\/shop\/"},{"@type":"ListItem","position":3,"name":"Kylling"}]},{"@type":"WebSite","@id":"https:\/\/norwegianmade.no\/#website","url":"https:\/\/norwegianmade.no\/","name":"Norwegian Made","description":"Norges st\u00f8rste markedsplass for norske produsenter","publisher":{"@id":"https:\/\/norwegianmade.no\/#organization"},"potentialAction":[{"@type":"SearchAction","target":{"@type":"EntryPoint","urlTemplate":"https:\/\/norwegianmade.no\/?s={search_term_string}"},"query-input":{"@type":"PropertyValueSpecification","valueRequired":true,"valueName":"search_term_string"}}],"inLanguage":"en-US"},{"@type":"Organization","@id":"https:\/\/norwegianmade.no\/#organization","name":"Norwegian Made","url":"https:\/\/norwegianmade.no\/","logo":{"@type":"ImageObject","inLanguage":"en-US","@id":"https:\/\/norwegianmade.no\/#\/schema\/logo\/image\/","url":"https:\/\/norwegianmade.no\/wp-content\/uploads\/2020\/11\/logo-liggende-norwegian-made-web.png","contentUrl":"https:\/\/norwegianmade.no\/wp-content\/uploads\/2020\/11\/logo-liggende-norwegian-made-web.png","width":200,"height":58,"caption":"Norwegian Made"},"image":{"@id":"https:\/\/norwegianmade.no\/#\/schema\/logo\/image\/"}}]}},"_links":{"self":[{"href":"https:\/\/norwegianmade.no\/en\/wp-json\/wp\/v2\/product\/17793","targetHints":{"allow":["GET"]}}],"collection":[{"href":"https:\/\/norwegianmade.no\/en\/wp-json\/wp\/v2\/product"}],"about":[{"href":"https:\/\/norwegianmade.no\/en\/wp-json\/wp\/v2\/types\/product"}],"replies":[{"embeddable":true,"href":"https:\/\/norwegianmade.no\/en\/wp-json\/wp\/v2\/comments?post=17793"}],"wp:featuredmedia":[{"embeddable":true,"href":"https:\/\/norwegianmade.no\/en\/wp-json\/wp\/v2\/media\/17874"}],"wp:attachment":[{"href":"https:\/\/norwegianmade.no\/en\/wp-json\/wp\/v2\/media?parent=17793"}],"wp:term":[{"taxonomy":"product_brand","embeddable":true,"href":"https:\/\/norwegianmade.no\/en\/wp-json\/wp\/v2\/product_brand?post=17793"},{"taxonomy":"product_cat","embeddable":true,"href":"https:\/\/norwegianmade.no\/en\/wp-json\/wp\/v2\/product_cat?post=17793"},{"taxonomy":"product_tag","embeddable":true,"href":"https:\/\/norwegianmade.no\/en\/wp-json\/wp\/v2\/product_tag?post=17793"}],"curies":[{"name":"wp","href":"https:\/\/api.w.org\/{rel}","templated":true}]}}