{"id":17805,"date":"2023-02-08T21:00:34","date_gmt":"2023-02-08T20:00:34","guid":{"rendered":"https:\/\/norwegianmade.no\/?post_type=product&#038;p=17805"},"modified":"2025-10-10T14:16:29","modified_gmt":"2025-10-10T12:16:29","slug":"trykk","status":"publish","type":"product","link":"https:\/\/norwegianmade.no\/en\/produkt\/trykk\/","title":{"rendered":"Trykk"},"content":{"rendered":"<p>Vi kan levere v\u00e5re lammeskinn med eit unikt og kundetilpassa trykk p\u00e5 skinnsida.<\/p>\n<p>Tilgjengelege trykkfargar er som vist p\u00e5 bilde: svart, gr\u00e5, brun, raudbrun og raud.<\/p>\n<p><strong>N\u00e5r du legg inn bestilling p\u00e5 trykk vil vi ta kontakt med deg for \u00e5 avtale kva motiv\/tekst som skal trykkjast.<\/strong><br data-mce-bogus=\"1\"><\/p>\n<p>Meir om trykk kan du elles sj\u00e5 p\u00e5 heimesida v\u00e5r her: <a data-mce-href=\"https:\/\/oppibakkji.blogspot.com\/p\/sal-av-skinn.html\" href=\"https:\/\/oppibakkji.blogspot.com\/p\/sal-av-skinn.html\">Sal av skinn<\/a><\/p>\n<p>NB: Trykk er ikkje eit sj\u00f8lvstendig produkt, men m\u00e5 bestillast saman med eit av v\u00e5re lamme- eller saueskinn.<\/p>\n","protected":false},"excerpt":{"rendered":"<p>Trykk p\u00e5 skinn &#8211; gjer skinnet til eit personleg og heilt unikt produkt.<\/p>\n","protected":false},"featured_media":17896,"comment_status":"open","ping_status":"closed","template":"","meta":{"_acf_changed":false},"product_brand":[],"product_cat":[15],"product_tag":[],"class_list":{"0":"post-17805","1":"product","2":"type-product","3":"status-publish","4":"has-post-thumbnail","6":"product_vendor-opp-i-bakkji","7":"product_cat-ukategorisert","9":"first","10":"instock","11":"sold-individually","12":"taxable","13":"shipping-taxable","14":"purchasable","15":"product-type-variable"},"acf":[],"yoast_head":"<!-- This site is optimized with the Yoast SEO plugin v27.1.1 - https:\/\/yoast.com\/product\/yoast-seo-wordpress\/ -->\n<title>Trykk &#8226; Norwegian Made<\/title>\n<meta name=\"robots\" content=\"index, follow, max-snippet:-1, max-image-preview:large, max-video-preview:-1\" \/>\n<link rel=\"canonical\" href=\"https:\/\/norwegianmade.no\/produkt\/trykk\/\" \/>\n<meta property=\"og:locale\" content=\"en_US\" \/>\n<meta property=\"og:type\" content=\"article\" \/>\n<meta property=\"og:title\" content=\"Trykk &#8226; Norwegian Made\" \/>\n<meta property=\"og:description\" content=\"Trykk p\u00e5 skinn - gjer skinnet til eit personleg og heilt unikt produkt.\" \/>\n<meta property=\"og:url\" content=\"https:\/\/norwegianmade.no\/produkt\/trykk\/\" \/>\n<meta property=\"og:site_name\" content=\"Norwegian Made\" \/>\n<meta property=\"article:modified_time\" content=\"2025-10-10T12:16:29+00:00\" \/>\n<meta property=\"og:image\" content=\"https:\/\/norwegianmade.no\/wp-content\/uploads\/2023\/02\/DSC_0260-\u2013-Kopi_Watermarked.jpg\" \/>\n\t<meta property=\"og:image:width\" content=\"1984\" \/>\n\t<meta property=\"og:image:height\" content=\"2502\" \/>\n\t<meta property=\"og:image:type\" content=\"image\/jpeg\" \/>\n<meta name=\"twitter:card\" content=\"summary_large_image\" \/>\n<script type=\"application\/ld+json\" class=\"yoast-schema-graph\">{\"@context\":\"https:\/\/schema.org\",\"@graph\":[{\"@type\":\"WebPage\",\"@id\":\"https:\/\/norwegianmade.no\/produkt\/trykk\/\",\"url\":\"https:\/\/norwegianmade.no\/produkt\/trykk\/\",\"name\":\"Trykk &#8226; Norwegian Made\",\"isPartOf\":{\"@id\":\"https:\/\/norwegianmade.no\/#website\"},\"primaryImageOfPage\":{\"@id\":\"https:\/\/norwegianmade.no\/produkt\/trykk\/#primaryimage\"},\"image\":{\"@id\":\"https:\/\/norwegianmade.no\/produkt\/trykk\/#primaryimage\"},\"thumbnailUrl\":\"https:\/\/norwegianmade.no\/wp-content\/uploads\/2023\/02\/DSC_0260-\u2013-Kopi_Watermarked.jpg\",\"datePublished\":\"2023-02-08T20:00:34+00:00\",\"dateModified\":\"2025-10-10T12:16:29+00:00\",\"breadcrumb\":{\"@id\":\"https:\/\/norwegianmade.no\/produkt\/trykk\/#breadcrumb\"},\"inLanguage\":\"en-US\",\"potentialAction\":[{\"@type\":\"ReadAction\",\"target\":[\"https:\/\/norwegianmade.no\/produkt\/trykk\/\"]}]},{\"@type\":\"ImageObject\",\"inLanguage\":\"en-US\",\"@id\":\"https:\/\/norwegianmade.no\/produkt\/trykk\/#primaryimage\",\"url\":\"https:\/\/norwegianmade.no\/wp-content\/uploads\/2023\/02\/DSC_0260-\u2013-Kopi_Watermarked.jpg\",\"contentUrl\":\"https:\/\/norwegianmade.no\/wp-content\/uploads\/2023\/02\/DSC_0260-\u2013-Kopi_Watermarked.jpg\",\"width\":1984,\"height\":2502},{\"@type\":\"BreadcrumbList\",\"@id\":\"https:\/\/norwegianmade.no\/produkt\/trykk\/#breadcrumb\",\"itemListElement\":[{\"@type\":\"ListItem\",\"position\":1,\"name\":\"Hjem\",\"item\":\"https:\/\/norwegianmade.no\/en\/\"},{\"@type\":\"ListItem\",\"position\":2,\"name\":\"Shop\",\"item\":\"https:\/\/norwegianmade.no\/en\/shop\/\"},{\"@type\":\"ListItem\",\"position\":3,\"name\":\"Trykk\"}]},{\"@type\":\"WebSite\",\"@id\":\"https:\/\/norwegianmade.no\/#website\",\"url\":\"https:\/\/norwegianmade.no\/\",\"name\":\"Norwegian Made\",\"description\":\"Norges st\u00f8rste markedsplass for norske produsenter\",\"publisher\":{\"@id\":\"https:\/\/norwegianmade.no\/#organization\"},\"potentialAction\":[{\"@type\":\"SearchAction\",\"target\":{\"@type\":\"EntryPoint\",\"urlTemplate\":\"https:\/\/norwegianmade.no\/?s={search_term_string}\"},\"query-input\":{\"@type\":\"PropertyValueSpecification\",\"valueRequired\":true,\"valueName\":\"search_term_string\"}}],\"inLanguage\":\"en-US\"},{\"@type\":\"Organization\",\"@id\":\"https:\/\/norwegianmade.no\/#organization\",\"name\":\"Norwegian Made\",\"url\":\"https:\/\/norwegianmade.no\/\",\"logo\":{\"@type\":\"ImageObject\",\"inLanguage\":\"en-US\",\"@id\":\"https:\/\/norwegianmade.no\/#\/schema\/logo\/image\/\",\"url\":\"https:\/\/norwegianmade.no\/wp-content\/uploads\/2020\/11\/logo-liggende-norwegian-made-web.png\",\"contentUrl\":\"https:\/\/norwegianmade.no\/wp-content\/uploads\/2020\/11\/logo-liggende-norwegian-made-web.png\",\"width\":200,\"height\":58,\"caption\":\"Norwegian Made\"},\"image\":{\"@id\":\"https:\/\/norwegianmade.no\/#\/schema\/logo\/image\/\"}}]}<\/script>\n<!-- \/ Yoast SEO plugin. -->","yoast_head_json":{"title":"Trykk &#8226; Norwegian Made","robots":{"index":"index","follow":"follow","max-snippet":"max-snippet:-1","max-image-preview":"max-image-preview:large","max-video-preview":"max-video-preview:-1"},"canonical":"https:\/\/norwegianmade.no\/produkt\/trykk\/","og_locale":"en_US","og_type":"article","og_title":"Trykk &#8226; Norwegian Made","og_description":"Trykk p\u00e5 skinn - gjer skinnet til eit personleg og heilt unikt produkt.","og_url":"https:\/\/norwegianmade.no\/produkt\/trykk\/","og_site_name":"Norwegian Made","article_modified_time":"2025-10-10T12:16:29+00:00","og_image":[{"width":1984,"height":2502,"url":"https:\/\/norwegianmade.no\/wp-content\/uploads\/2023\/02\/DSC_0260-\u2013-Kopi_Watermarked.jpg","type":"image\/jpeg"}],"twitter_card":"summary_large_image","schema":{"@context":"https:\/\/schema.org","@graph":[{"@type":"WebPage","@id":"https:\/\/norwegianmade.no\/produkt\/trykk\/","url":"https:\/\/norwegianmade.no\/produkt\/trykk\/","name":"Trykk &#8226; Norwegian Made","isPartOf":{"@id":"https:\/\/norwegianmade.no\/#website"},"primaryImageOfPage":{"@id":"https:\/\/norwegianmade.no\/produkt\/trykk\/#primaryimage"},"image":{"@id":"https:\/\/norwegianmade.no\/produkt\/trykk\/#primaryimage"},"thumbnailUrl":"https:\/\/norwegianmade.no\/wp-content\/uploads\/2023\/02\/DSC_0260-\u2013-Kopi_Watermarked.jpg","datePublished":"2023-02-08T20:00:34+00:00","dateModified":"2025-10-10T12:16:29+00:00","breadcrumb":{"@id":"https:\/\/norwegianmade.no\/produkt\/trykk\/#breadcrumb"},"inLanguage":"en-US","potentialAction":[{"@type":"ReadAction","target":["https:\/\/norwegianmade.no\/produkt\/trykk\/"]}]},{"@type":"ImageObject","inLanguage":"en-US","@id":"https:\/\/norwegianmade.no\/produkt\/trykk\/#primaryimage","url":"https:\/\/norwegianmade.no\/wp-content\/uploads\/2023\/02\/DSC_0260-\u2013-Kopi_Watermarked.jpg","contentUrl":"https:\/\/norwegianmade.no\/wp-content\/uploads\/2023\/02\/DSC_0260-\u2013-Kopi_Watermarked.jpg","width":1984,"height":2502},{"@type":"BreadcrumbList","@id":"https:\/\/norwegianmade.no\/produkt\/trykk\/#breadcrumb","itemListElement":[{"@type":"ListItem","position":1,"name":"Hjem","item":"https:\/\/norwegianmade.no\/en\/"},{"@type":"ListItem","position":2,"name":"Shop","item":"https:\/\/norwegianmade.no\/en\/shop\/"},{"@type":"ListItem","position":3,"name":"Trykk"}]},{"@type":"WebSite","@id":"https:\/\/norwegianmade.no\/#website","url":"https:\/\/norwegianmade.no\/","name":"Norwegian Made","description":"Norges st\u00f8rste markedsplass for norske produsenter","publisher":{"@id":"https:\/\/norwegianmade.no\/#organization"},"potentialAction":[{"@type":"SearchAction","target":{"@type":"EntryPoint","urlTemplate":"https:\/\/norwegianmade.no\/?s={search_term_string}"},"query-input":{"@type":"PropertyValueSpecification","valueRequired":true,"valueName":"search_term_string"}}],"inLanguage":"en-US"},{"@type":"Organization","@id":"https:\/\/norwegianmade.no\/#organization","name":"Norwegian Made","url":"https:\/\/norwegianmade.no\/","logo":{"@type":"ImageObject","inLanguage":"en-US","@id":"https:\/\/norwegianmade.no\/#\/schema\/logo\/image\/","url":"https:\/\/norwegianmade.no\/wp-content\/uploads\/2020\/11\/logo-liggende-norwegian-made-web.png","contentUrl":"https:\/\/norwegianmade.no\/wp-content\/uploads\/2020\/11\/logo-liggende-norwegian-made-web.png","width":200,"height":58,"caption":"Norwegian Made"},"image":{"@id":"https:\/\/norwegianmade.no\/#\/schema\/logo\/image\/"}}]}},"_links":{"self":[{"href":"https:\/\/norwegianmade.no\/en\/wp-json\/wp\/v2\/product\/17805","targetHints":{"allow":["GET"]}}],"collection":[{"href":"https:\/\/norwegianmade.no\/en\/wp-json\/wp\/v2\/product"}],"about":[{"href":"https:\/\/norwegianmade.no\/en\/wp-json\/wp\/v2\/types\/product"}],"replies":[{"embeddable":true,"href":"https:\/\/norwegianmade.no\/en\/wp-json\/wp\/v2\/comments?post=17805"}],"wp:featuredmedia":[{"embeddable":true,"href":"https:\/\/norwegianmade.no\/en\/wp-json\/wp\/v2\/media\/17896"}],"wp:attachment":[{"href":"https:\/\/norwegianmade.no\/en\/wp-json\/wp\/v2\/media?parent=17805"}],"wp:term":[{"taxonomy":"product_brand","embeddable":true,"href":"https:\/\/norwegianmade.no\/en\/wp-json\/wp\/v2\/product_brand?post=17805"},{"taxonomy":"product_cat","embeddable":true,"href":"https:\/\/norwegianmade.no\/en\/wp-json\/wp\/v2\/product_cat?post=17805"},{"taxonomy":"product_tag","embeddable":true,"href":"https:\/\/norwegianmade.no\/en\/wp-json\/wp\/v2\/product_tag?post=17805"}],"curies":[{"name":"wp","href":"https:\/\/api.w.org\/{rel}","templated":true}]}}