{"id":17830,"date":"2023-02-08T20:36:30","date_gmt":"2023-02-08T19:36:30","guid":{"rendered":"https:\/\/norwegianmade.no\/?post_type=product&#038;p=17830"},"modified":"2026-02-23T20:52:33","modified_gmt":"2026-02-23T19:52:33","slug":"lite-hjerte-4-cm-kopi","status":"publish","type":"product","link":"https:\/\/norwegianmade.no\/en\/produkt\/lite-hjerte-4-cm-kopi\/","title":{"rendered":"Stort hjerte, 8 cm"},"content":{"rendered":"<p><strong>Produktinfo:<\/strong> Hjerte med opphengstr\u00e5d som kan brukast til pynt\/dekor. Hjertet er handsydd i skinn av Gammalnorsk spelsau, og fylt med ull. Skinnr\u00e5varene kjem fr\u00e5 eigen buskap, skinnreiing er utf\u00f8rt ved Granberg Garveri AS.<\/p>\n<p><strong>Storleik: <\/strong>Lengde ca 8 cm, breidde ca 8 cm, h\u00f8gde ca 3 cm.<\/p>\n<p><strong>Trykkfarge: <\/strong>Raud.<\/p>\n<p><strong>Bruk og vedlikehald:<\/strong> Produktet er laga for innand\u00f8rs bruk.<\/p>\n","protected":false},"excerpt":{"rendered":"<p>Gled nokon med eit hjerte av ull..<\/p>\n","protected":false},"featured_media":17864,"comment_status":"open","ping_status":"closed","template":"","meta":{"_acf_changed":false},"product_brand":[],"product_cat":[78,59,81,98,60],"product_tag":[],"class_list":{"0":"post-17830","1":"product","2":"type-product","3":"status-publish","4":"has-post-thumbnail","6":"product_vendor-opp-i-bakkji","7":"product_cat-gaver","8":"product_cat-interior-kunst","9":"product_cat-kunsthandverk","10":"product_cat-skinnvarer","11":"product_cat-tekstil","13":"first","14":"outofstock","15":"taxable","16":"shipping-taxable","17":"purchasable","18":"product-type-simple"},"acf":[],"yoast_head":"<!-- This site is optimized with the Yoast SEO plugin v27.1.1 - https:\/\/yoast.com\/product\/yoast-seo-wordpress\/ -->\n<title>Stort hjerte, 8 cm &#8226; Norwegian Made<\/title>\n<meta name=\"description\" content=\"Hjerte handsydd i skinn av gammalnorsk spelsau\" \/>\n<meta name=\"robots\" content=\"index, follow, max-snippet:-1, max-image-preview:large, max-video-preview:-1\" \/>\n<link rel=\"canonical\" href=\"https:\/\/norwegianmade.no\/en\/produkt\/lite-hjerte-4-cm-kopi\/\" \/>\n<meta property=\"og:locale\" content=\"en_US\" \/>\n<meta property=\"og:type\" content=\"article\" \/>\n<meta property=\"og:title\" content=\"Stort hjerte, 8 cm &#8226; Norwegian Made\" \/>\n<meta property=\"og:description\" content=\"Hjerte handsydd i skinn av gammalnorsk spelsau\" \/>\n<meta property=\"og:url\" content=\"https:\/\/norwegianmade.no\/en\/produkt\/lite-hjerte-4-cm-kopi\/\" \/>\n<meta property=\"og:site_name\" content=\"Norwegian Made\" \/>\n<meta property=\"article:modified_time\" content=\"2026-02-23T19:52:33+00:00\" \/>\n<meta property=\"og:image\" content=\"https:\/\/norwegianmade.no\/wp-content\/uploads\/2023\/02\/DSC_0226_Watermarked-e1675963505555.jpg\" \/>\n\t<meta property=\"og:image:width\" content=\"796\" \/>\n\t<meta property=\"og:image:height\" content=\"1121\" \/>\n\t<meta property=\"og:image:type\" content=\"image\/jpeg\" \/>\n<meta name=\"twitter:card\" content=\"summary_large_image\" \/>\n<script type=\"application\/ld+json\" class=\"yoast-schema-graph\">{\"@context\":\"https:\/\/schema.org\",\"@graph\":[{\"@type\":\"WebPage\",\"@id\":\"https:\/\/norwegianmade.no\/en\/produkt\/lite-hjerte-4-cm-kopi\/\",\"url\":\"https:\/\/norwegianmade.no\/en\/produkt\/lite-hjerte-4-cm-kopi\/\",\"name\":\"Stort hjerte, 8 cm &#8226; Norwegian Made\",\"isPartOf\":{\"@id\":\"https:\/\/norwegianmade.no\/#website\"},\"primaryImageOfPage\":{\"@id\":\"https:\/\/norwegianmade.no\/en\/produkt\/lite-hjerte-4-cm-kopi\/#primaryimage\"},\"image\":{\"@id\":\"https:\/\/norwegianmade.no\/en\/produkt\/lite-hjerte-4-cm-kopi\/#primaryimage\"},\"thumbnailUrl\":\"https:\/\/norwegianmade.no\/wp-content\/uploads\/2023\/02\/DSC_0226_Watermarked-e1675963505555.jpg\",\"datePublished\":\"2023-02-08T19:36:30+00:00\",\"dateModified\":\"2026-02-23T19:52:33+00:00\",\"description\":\"Hjerte handsydd i skinn av gammalnorsk spelsau\",\"breadcrumb\":{\"@id\":\"https:\/\/norwegianmade.no\/en\/produkt\/lite-hjerte-4-cm-kopi\/#breadcrumb\"},\"inLanguage\":\"en-US\",\"potentialAction\":[{\"@type\":\"ReadAction\",\"target\":[\"https:\/\/norwegianmade.no\/en\/produkt\/lite-hjerte-4-cm-kopi\/\"]}]},{\"@type\":\"ImageObject\",\"inLanguage\":\"en-US\",\"@id\":\"https:\/\/norwegianmade.no\/en\/produkt\/lite-hjerte-4-cm-kopi\/#primaryimage\",\"url\":\"https:\/\/norwegianmade.no\/wp-content\/uploads\/2023\/02\/DSC_0226_Watermarked-e1675963505555.jpg\",\"contentUrl\":\"https:\/\/norwegianmade.no\/wp-content\/uploads\/2023\/02\/DSC_0226_Watermarked-e1675963505555.jpg\",\"width\":796,\"height\":1121},{\"@type\":\"BreadcrumbList\",\"@id\":\"https:\/\/norwegianmade.no\/en\/produkt\/lite-hjerte-4-cm-kopi\/#breadcrumb\",\"itemListElement\":[{\"@type\":\"ListItem\",\"position\":1,\"name\":\"Hjem\",\"item\":\"https:\/\/norwegianmade.no\/en\/\"},{\"@type\":\"ListItem\",\"position\":2,\"name\":\"Shop\",\"item\":\"https:\/\/norwegianmade.no\/en\/shop\/\"},{\"@type\":\"ListItem\",\"position\":3,\"name\":\"Stort hjerte, 8 cm\"}]},{\"@type\":\"WebSite\",\"@id\":\"https:\/\/norwegianmade.no\/#website\",\"url\":\"https:\/\/norwegianmade.no\/\",\"name\":\"Norwegian Made\",\"description\":\"Norges st\u00f8rste markedsplass for norske produsenter\",\"publisher\":{\"@id\":\"https:\/\/norwegianmade.no\/#organization\"},\"potentialAction\":[{\"@type\":\"SearchAction\",\"target\":{\"@type\":\"EntryPoint\",\"urlTemplate\":\"https:\/\/norwegianmade.no\/?s={search_term_string}\"},\"query-input\":{\"@type\":\"PropertyValueSpecification\",\"valueRequired\":true,\"valueName\":\"search_term_string\"}}],\"inLanguage\":\"en-US\"},{\"@type\":\"Organization\",\"@id\":\"https:\/\/norwegianmade.no\/#organization\",\"name\":\"Norwegian Made\",\"url\":\"https:\/\/norwegianmade.no\/\",\"logo\":{\"@type\":\"ImageObject\",\"inLanguage\":\"en-US\",\"@id\":\"https:\/\/norwegianmade.no\/#\/schema\/logo\/image\/\",\"url\":\"https:\/\/norwegianmade.no\/wp-content\/uploads\/2020\/11\/logo-liggende-norwegian-made-web.png\",\"contentUrl\":\"https:\/\/norwegianmade.no\/wp-content\/uploads\/2020\/11\/logo-liggende-norwegian-made-web.png\",\"width\":200,\"height\":58,\"caption\":\"Norwegian Made\"},\"image\":{\"@id\":\"https:\/\/norwegianmade.no\/#\/schema\/logo\/image\/\"}}]}<\/script>\n<!-- \/ Yoast SEO plugin. -->","yoast_head_json":{"title":"Stort hjerte, 8 cm &#8226; Norwegian Made","description":"Hjerte handsydd i skinn av gammalnorsk spelsau","robots":{"index":"index","follow":"follow","max-snippet":"max-snippet:-1","max-image-preview":"max-image-preview:large","max-video-preview":"max-video-preview:-1"},"canonical":"https:\/\/norwegianmade.no\/en\/produkt\/lite-hjerte-4-cm-kopi\/","og_locale":"en_US","og_type":"article","og_title":"Stort hjerte, 8 cm &#8226; Norwegian Made","og_description":"Hjerte handsydd i skinn av gammalnorsk spelsau","og_url":"https:\/\/norwegianmade.no\/en\/produkt\/lite-hjerte-4-cm-kopi\/","og_site_name":"Norwegian Made","article_modified_time":"2026-02-23T19:52:33+00:00","og_image":[{"width":796,"height":1121,"url":"https:\/\/norwegianmade.no\/wp-content\/uploads\/2023\/02\/DSC_0226_Watermarked-e1675963505555.jpg","type":"image\/jpeg"}],"twitter_card":"summary_large_image","schema":{"@context":"https:\/\/schema.org","@graph":[{"@type":"WebPage","@id":"https:\/\/norwegianmade.no\/en\/produkt\/lite-hjerte-4-cm-kopi\/","url":"https:\/\/norwegianmade.no\/en\/produkt\/lite-hjerte-4-cm-kopi\/","name":"Stort hjerte, 8 cm &#8226; Norwegian Made","isPartOf":{"@id":"https:\/\/norwegianmade.no\/#website"},"primaryImageOfPage":{"@id":"https:\/\/norwegianmade.no\/en\/produkt\/lite-hjerte-4-cm-kopi\/#primaryimage"},"image":{"@id":"https:\/\/norwegianmade.no\/en\/produkt\/lite-hjerte-4-cm-kopi\/#primaryimage"},"thumbnailUrl":"https:\/\/norwegianmade.no\/wp-content\/uploads\/2023\/02\/DSC_0226_Watermarked-e1675963505555.jpg","datePublished":"2023-02-08T19:36:30+00:00","dateModified":"2026-02-23T19:52:33+00:00","description":"Hjerte handsydd i skinn av gammalnorsk spelsau","breadcrumb":{"@id":"https:\/\/norwegianmade.no\/en\/produkt\/lite-hjerte-4-cm-kopi\/#breadcrumb"},"inLanguage":"en-US","potentialAction":[{"@type":"ReadAction","target":["https:\/\/norwegianmade.no\/en\/produkt\/lite-hjerte-4-cm-kopi\/"]}]},{"@type":"ImageObject","inLanguage":"en-US","@id":"https:\/\/norwegianmade.no\/en\/produkt\/lite-hjerte-4-cm-kopi\/#primaryimage","url":"https:\/\/norwegianmade.no\/wp-content\/uploads\/2023\/02\/DSC_0226_Watermarked-e1675963505555.jpg","contentUrl":"https:\/\/norwegianmade.no\/wp-content\/uploads\/2023\/02\/DSC_0226_Watermarked-e1675963505555.jpg","width":796,"height":1121},{"@type":"BreadcrumbList","@id":"https:\/\/norwegianmade.no\/en\/produkt\/lite-hjerte-4-cm-kopi\/#breadcrumb","itemListElement":[{"@type":"ListItem","position":1,"name":"Hjem","item":"https:\/\/norwegianmade.no\/en\/"},{"@type":"ListItem","position":2,"name":"Shop","item":"https:\/\/norwegianmade.no\/en\/shop\/"},{"@type":"ListItem","position":3,"name":"Stort hjerte, 8 cm"}]},{"@type":"WebSite","@id":"https:\/\/norwegianmade.no\/#website","url":"https:\/\/norwegianmade.no\/","name":"Norwegian Made","description":"Norges st\u00f8rste markedsplass for norske produsenter","publisher":{"@id":"https:\/\/norwegianmade.no\/#organization"},"potentialAction":[{"@type":"SearchAction","target":{"@type":"EntryPoint","urlTemplate":"https:\/\/norwegianmade.no\/?s={search_term_string}"},"query-input":{"@type":"PropertyValueSpecification","valueRequired":true,"valueName":"search_term_string"}}],"inLanguage":"en-US"},{"@type":"Organization","@id":"https:\/\/norwegianmade.no\/#organization","name":"Norwegian Made","url":"https:\/\/norwegianmade.no\/","logo":{"@type":"ImageObject","inLanguage":"en-US","@id":"https:\/\/norwegianmade.no\/#\/schema\/logo\/image\/","url":"https:\/\/norwegianmade.no\/wp-content\/uploads\/2020\/11\/logo-liggende-norwegian-made-web.png","contentUrl":"https:\/\/norwegianmade.no\/wp-content\/uploads\/2020\/11\/logo-liggende-norwegian-made-web.png","width":200,"height":58,"caption":"Norwegian Made"},"image":{"@id":"https:\/\/norwegianmade.no\/#\/schema\/logo\/image\/"}}]}},"_links":{"self":[{"href":"https:\/\/norwegianmade.no\/en\/wp-json\/wp\/v2\/product\/17830","targetHints":{"allow":["GET"]}}],"collection":[{"href":"https:\/\/norwegianmade.no\/en\/wp-json\/wp\/v2\/product"}],"about":[{"href":"https:\/\/norwegianmade.no\/en\/wp-json\/wp\/v2\/types\/product"}],"replies":[{"embeddable":true,"href":"https:\/\/norwegianmade.no\/en\/wp-json\/wp\/v2\/comments?post=17830"}],"wp:featuredmedia":[{"embeddable":true,"href":"https:\/\/norwegianmade.no\/en\/wp-json\/wp\/v2\/media\/17864"}],"wp:attachment":[{"href":"https:\/\/norwegianmade.no\/en\/wp-json\/wp\/v2\/media?parent=17830"}],"wp:term":[{"taxonomy":"product_brand","embeddable":true,"href":"https:\/\/norwegianmade.no\/en\/wp-json\/wp\/v2\/product_brand?post=17830"},{"taxonomy":"product_cat","embeddable":true,"href":"https:\/\/norwegianmade.no\/en\/wp-json\/wp\/v2\/product_cat?post=17830"},{"taxonomy":"product_tag","embeddable":true,"href":"https:\/\/norwegianmade.no\/en\/wp-json\/wp\/v2\/product_tag?post=17830"}],"curies":[{"name":"wp","href":"https:\/\/api.w.org\/{rel}","templated":true}]}}