{"id":1784,"date":"2021-01-27T19:34:24","date_gmt":"2021-01-27T18:34:24","guid":{"rendered":"https:\/\/norwegianmade.no\/markedsplass\/tusenogen-sma-oredobber\/"},"modified":"2021-01-27T19:46:56","modified_gmt":"2021-01-27T18:46:56","slug":"tusenogen-sma-oredobber","status":"publish","type":"product","link":"https:\/\/norwegianmade.no\/en\/produkt\/tusenogen-sma-oredobber\/","title":{"rendered":"Tusenog\u00e8n sm\u00e5 \u00f8redobber"},"content":{"rendered":"<p>Sm\u00e5 filigrans\u00f8redobber for b\u00e5de sm\u00e5 og store eventyr<\/p>\n","protected":false},"excerpt":{"rendered":"<h3>Tusenogen \u00f8redobber<\/h3>\n<p><strong>Materiale<\/strong>:<\/p>\n<p>925 s\u00f8lv<\/p>\n<p><strong>St\u00f8rrelse<\/strong><\/p>\n<p>1&#215;1 cm<\/p>\n","protected":false},"featured_media":1780,"comment_status":"closed","ping_status":"closed","template":"","meta":{"_acf_changed":false},"product_brand":[],"product_cat":[141],"product_tag":[],"class_list":{"0":"post-1784","1":"product","2":"type-product","3":"status-publish","4":"has-post-thumbnail","6":"product_vendor-linn-sigrid-bratland","7":"product_cat-orepynt","9":"first","10":"instock","11":"taxable","12":"shipping-taxable","13":"product-type-external"},"acf":[],"yoast_head":"<!-- This site is optimized with the Yoast SEO plugin v27.1.1 - https:\/\/yoast.com\/product\/yoast-seo-wordpress\/ -->\n<title>Tusenog\u00e8n sm\u00e5 \u00f8redobber &#8226; Norwegian Made<\/title>\n<meta name=\"robots\" content=\"index, follow, max-snippet:-1, max-image-preview:large, max-video-preview:-1\" \/>\n<link rel=\"canonical\" href=\"https:\/\/norwegianmade.no\/produkt\/tusenogen-sma-oredobber\/\" \/>\n<meta property=\"og:locale\" content=\"en_US\" \/>\n<meta property=\"og:type\" content=\"article\" \/>\n<meta property=\"og:title\" content=\"Tusenog\u00e8n sm\u00e5 \u00f8redobber &#8226; Norwegian Made\" \/>\n<meta property=\"og:description\" content=\"Tusenogen \u00f8redobber Materiale: 925 s\u00f8lv  St\u00f8rrelse 1x1 cm\" \/>\n<meta property=\"og:url\" content=\"https:\/\/norwegianmade.no\/produkt\/tusenogen-sma-oredobber\/\" \/>\n<meta property=\"og:site_name\" content=\"Norwegian Made\" \/>\n<meta property=\"article:modified_time\" content=\"2021-01-27T18:46:56+00:00\" \/>\n<meta property=\"og:image\" content=\"https:\/\/norwegianmade.no\/wp-content\/uploads\/2021\/01\/DSC_6408-scaled-1.jpg\" \/>\n\t<meta property=\"og:image:width\" content=\"1709\" \/>\n\t<meta property=\"og:image:height\" content=\"2560\" \/>\n\t<meta property=\"og:image:type\" content=\"image\/jpeg\" \/>\n<meta name=\"twitter:card\" content=\"summary_large_image\" \/>\n<script type=\"application\/ld+json\" class=\"yoast-schema-graph\">{\"@context\":\"https:\/\/schema.org\",\"@graph\":[{\"@type\":\"WebPage\",\"@id\":\"https:\/\/norwegianmade.no\/produkt\/tusenogen-sma-oredobber\/\",\"url\":\"https:\/\/norwegianmade.no\/produkt\/tusenogen-sma-oredobber\/\",\"name\":\"Tusenog\u00e8n sm\u00e5 \u00f8redobber &#8226; Norwegian Made\",\"isPartOf\":{\"@id\":\"https:\/\/norwegianmade.no\/#website\"},\"primaryImageOfPage\":{\"@id\":\"https:\/\/norwegianmade.no\/produkt\/tusenogen-sma-oredobber\/#primaryimage\"},\"image\":{\"@id\":\"https:\/\/norwegianmade.no\/produkt\/tusenogen-sma-oredobber\/#primaryimage\"},\"thumbnailUrl\":\"https:\/\/norwegianmade.no\/wp-content\/uploads\/2021\/01\/DSC_6408-scaled-1.jpg\",\"datePublished\":\"2021-01-27T18:34:24+00:00\",\"dateModified\":\"2021-01-27T18:46:56+00:00\",\"breadcrumb\":{\"@id\":\"https:\/\/norwegianmade.no\/produkt\/tusenogen-sma-oredobber\/#breadcrumb\"},\"inLanguage\":\"en-US\",\"potentialAction\":[{\"@type\":\"ReadAction\",\"target\":[\"https:\/\/norwegianmade.no\/produkt\/tusenogen-sma-oredobber\/\"]}]},{\"@type\":\"ImageObject\",\"inLanguage\":\"en-US\",\"@id\":\"https:\/\/norwegianmade.no\/produkt\/tusenogen-sma-oredobber\/#primaryimage\",\"url\":\"https:\/\/norwegianmade.no\/wp-content\/uploads\/2021\/01\/DSC_6408-scaled-1.jpg\",\"contentUrl\":\"https:\/\/norwegianmade.no\/wp-content\/uploads\/2021\/01\/DSC_6408-scaled-1.jpg\",\"width\":1709,\"height\":2560},{\"@type\":\"BreadcrumbList\",\"@id\":\"https:\/\/norwegianmade.no\/produkt\/tusenogen-sma-oredobber\/#breadcrumb\",\"itemListElement\":[{\"@type\":\"ListItem\",\"position\":1,\"name\":\"Hjem\",\"item\":\"https:\/\/norwegianmade.no\/en\/\"},{\"@type\":\"ListItem\",\"position\":2,\"name\":\"Shop\",\"item\":\"https:\/\/norwegianmade.no\/en\/shop\/\"},{\"@type\":\"ListItem\",\"position\":3,\"name\":\"Tusenog\u00e8n sm\u00e5 \u00f8redobber\"}]},{\"@type\":\"WebSite\",\"@id\":\"https:\/\/norwegianmade.no\/#website\",\"url\":\"https:\/\/norwegianmade.no\/\",\"name\":\"Norwegian Made\",\"description\":\"Norges st\u00f8rste markedsplass for norske produsenter\",\"publisher\":{\"@id\":\"https:\/\/norwegianmade.no\/#organization\"},\"potentialAction\":[{\"@type\":\"SearchAction\",\"target\":{\"@type\":\"EntryPoint\",\"urlTemplate\":\"https:\/\/norwegianmade.no\/?s={search_term_string}\"},\"query-input\":{\"@type\":\"PropertyValueSpecification\",\"valueRequired\":true,\"valueName\":\"search_term_string\"}}],\"inLanguage\":\"en-US\"},{\"@type\":\"Organization\",\"@id\":\"https:\/\/norwegianmade.no\/#organization\",\"name\":\"Norwegian Made\",\"url\":\"https:\/\/norwegianmade.no\/\",\"logo\":{\"@type\":\"ImageObject\",\"inLanguage\":\"en-US\",\"@id\":\"https:\/\/norwegianmade.no\/#\/schema\/logo\/image\/\",\"url\":\"https:\/\/norwegianmade.no\/wp-content\/uploads\/2020\/11\/logo-liggende-norwegian-made-web.png\",\"contentUrl\":\"https:\/\/norwegianmade.no\/wp-content\/uploads\/2020\/11\/logo-liggende-norwegian-made-web.png\",\"width\":200,\"height\":58,\"caption\":\"Norwegian Made\"},\"image\":{\"@id\":\"https:\/\/norwegianmade.no\/#\/schema\/logo\/image\/\"}}]}<\/script>\n<!-- \/ Yoast SEO plugin. -->","yoast_head_json":{"title":"Tusenog\u00e8n sm\u00e5 \u00f8redobber &#8226; Norwegian Made","robots":{"index":"index","follow":"follow","max-snippet":"max-snippet:-1","max-image-preview":"max-image-preview:large","max-video-preview":"max-video-preview:-1"},"canonical":"https:\/\/norwegianmade.no\/produkt\/tusenogen-sma-oredobber\/","og_locale":"en_US","og_type":"article","og_title":"Tusenog\u00e8n sm\u00e5 \u00f8redobber &#8226; Norwegian Made","og_description":"Tusenogen \u00f8redobber Materiale: 925 s\u00f8lv  St\u00f8rrelse 1x1 cm","og_url":"https:\/\/norwegianmade.no\/produkt\/tusenogen-sma-oredobber\/","og_site_name":"Norwegian Made","article_modified_time":"2021-01-27T18:46:56+00:00","og_image":[{"width":1709,"height":2560,"url":"https:\/\/norwegianmade.no\/wp-content\/uploads\/2021\/01\/DSC_6408-scaled-1.jpg","type":"image\/jpeg"}],"twitter_card":"summary_large_image","schema":{"@context":"https:\/\/schema.org","@graph":[{"@type":"WebPage","@id":"https:\/\/norwegianmade.no\/produkt\/tusenogen-sma-oredobber\/","url":"https:\/\/norwegianmade.no\/produkt\/tusenogen-sma-oredobber\/","name":"Tusenog\u00e8n sm\u00e5 \u00f8redobber &#8226; Norwegian Made","isPartOf":{"@id":"https:\/\/norwegianmade.no\/#website"},"primaryImageOfPage":{"@id":"https:\/\/norwegianmade.no\/produkt\/tusenogen-sma-oredobber\/#primaryimage"},"image":{"@id":"https:\/\/norwegianmade.no\/produkt\/tusenogen-sma-oredobber\/#primaryimage"},"thumbnailUrl":"https:\/\/norwegianmade.no\/wp-content\/uploads\/2021\/01\/DSC_6408-scaled-1.jpg","datePublished":"2021-01-27T18:34:24+00:00","dateModified":"2021-01-27T18:46:56+00:00","breadcrumb":{"@id":"https:\/\/norwegianmade.no\/produkt\/tusenogen-sma-oredobber\/#breadcrumb"},"inLanguage":"en-US","potentialAction":[{"@type":"ReadAction","target":["https:\/\/norwegianmade.no\/produkt\/tusenogen-sma-oredobber\/"]}]},{"@type":"ImageObject","inLanguage":"en-US","@id":"https:\/\/norwegianmade.no\/produkt\/tusenogen-sma-oredobber\/#primaryimage","url":"https:\/\/norwegianmade.no\/wp-content\/uploads\/2021\/01\/DSC_6408-scaled-1.jpg","contentUrl":"https:\/\/norwegianmade.no\/wp-content\/uploads\/2021\/01\/DSC_6408-scaled-1.jpg","width":1709,"height":2560},{"@type":"BreadcrumbList","@id":"https:\/\/norwegianmade.no\/produkt\/tusenogen-sma-oredobber\/#breadcrumb","itemListElement":[{"@type":"ListItem","position":1,"name":"Hjem","item":"https:\/\/norwegianmade.no\/en\/"},{"@type":"ListItem","position":2,"name":"Shop","item":"https:\/\/norwegianmade.no\/en\/shop\/"},{"@type":"ListItem","position":3,"name":"Tusenog\u00e8n sm\u00e5 \u00f8redobber"}]},{"@type":"WebSite","@id":"https:\/\/norwegianmade.no\/#website","url":"https:\/\/norwegianmade.no\/","name":"Norwegian Made","description":"Norges st\u00f8rste markedsplass for norske produsenter","publisher":{"@id":"https:\/\/norwegianmade.no\/#organization"},"potentialAction":[{"@type":"SearchAction","target":{"@type":"EntryPoint","urlTemplate":"https:\/\/norwegianmade.no\/?s={search_term_string}"},"query-input":{"@type":"PropertyValueSpecification","valueRequired":true,"valueName":"search_term_string"}}],"inLanguage":"en-US"},{"@type":"Organization","@id":"https:\/\/norwegianmade.no\/#organization","name":"Norwegian Made","url":"https:\/\/norwegianmade.no\/","logo":{"@type":"ImageObject","inLanguage":"en-US","@id":"https:\/\/norwegianmade.no\/#\/schema\/logo\/image\/","url":"https:\/\/norwegianmade.no\/wp-content\/uploads\/2020\/11\/logo-liggende-norwegian-made-web.png","contentUrl":"https:\/\/norwegianmade.no\/wp-content\/uploads\/2020\/11\/logo-liggende-norwegian-made-web.png","width":200,"height":58,"caption":"Norwegian Made"},"image":{"@id":"https:\/\/norwegianmade.no\/#\/schema\/logo\/image\/"}}]}},"_links":{"self":[{"href":"https:\/\/norwegianmade.no\/en\/wp-json\/wp\/v2\/product\/1784","targetHints":{"allow":["GET"]}}],"collection":[{"href":"https:\/\/norwegianmade.no\/en\/wp-json\/wp\/v2\/product"}],"about":[{"href":"https:\/\/norwegianmade.no\/en\/wp-json\/wp\/v2\/types\/product"}],"replies":[{"embeddable":true,"href":"https:\/\/norwegianmade.no\/en\/wp-json\/wp\/v2\/comments?post=1784"}],"wp:featuredmedia":[{"embeddable":true,"href":"https:\/\/norwegianmade.no\/en\/wp-json\/wp\/v2\/media\/1780"}],"wp:attachment":[{"href":"https:\/\/norwegianmade.no\/en\/wp-json\/wp\/v2\/media?parent=1784"}],"wp:term":[{"taxonomy":"product_brand","embeddable":true,"href":"https:\/\/norwegianmade.no\/en\/wp-json\/wp\/v2\/product_brand?post=1784"},{"taxonomy":"product_cat","embeddable":true,"href":"https:\/\/norwegianmade.no\/en\/wp-json\/wp\/v2\/product_cat?post=1784"},{"taxonomy":"product_tag","embeddable":true,"href":"https:\/\/norwegianmade.no\/en\/wp-json\/wp\/v2\/product_tag?post=1784"}],"curies":[{"name":"wp","href":"https:\/\/api.w.org\/{rel}","templated":true}]}}