{"id":17852,"date":"2023-02-08T21:54:20","date_gmt":"2023-02-08T20:54:20","guid":{"rendered":"https:\/\/norwegianmade.no\/?post_type=product&#038;p=17852"},"modified":"2024-12-21T16:07:30","modified_gmt":"2024-12-21T15:07:30","slug":"siteunderlag-2","status":"publish","type":"product","link":"https:\/\/norwegianmade.no\/en\/produkt\/siteunderlag-2\/","title":{"rendered":"Siteunderlag med trykk"},"content":{"rendered":"<p><strong>Produktinfo:<\/strong> Siteunderlaget er handlaga av skinn fr\u00e5 Gammalnorsk spelsau. Skinnet er kanta med handsydd brudekant, og skinnsida er dekorert med trykk. Skinnr\u00e5varene kjem fr\u00e5 eigen buskap, skinnreiing er utf\u00f8rt ved Granberg Garveri AS.<\/p>\n<p><strong>Ullfarge:<\/strong> Lys brun.<\/p>\n<p><strong>Trykkfarge:<\/strong> Raudbrun.<\/p>\n<p><strong>Storleik skinn: <\/strong>Lengde ca 40 cm, breidde ca 30 cm.<\/p>\n<p><strong>Storleik inkludert ull: <\/strong>Lengde ca 55 cm, breidde ca 45 cm.<\/p>\n<p><strong>Bruk og vedlikehald:<\/strong> Produktet er laga for innand\u00f8rs bruk, og er ikkje eigna for vask.<\/p>\n","protected":false},"excerpt":{"rendered":"<p>Varmt, mjukt og dekorativt siteunderlag i skinn, med handsydd brudekant.<\/p>\n","protected":false},"featured_media":17892,"comment_status":"open","ping_status":"closed","template":"","meta":{"_acf_changed":false},"product_brand":[],"product_cat":[78,82,59,81,98,60],"product_tag":[],"class_list":{"0":"post-17852","1":"product","2":"type-product","3":"status-publish","4":"has-post-thumbnail","6":"product_vendor-opp-i-bakkji","7":"product_cat-gaver","8":"product_cat-handverk","9":"product_cat-interior-kunst","10":"product_cat-kunsthandverk","11":"product_cat-skinnvarer","12":"product_cat-tekstil","14":"first","15":"outofstock","16":"taxable","17":"shipping-taxable","18":"purchasable","19":"product-type-simple"},"acf":[],"yoast_head":"<!-- This site is optimized with the Yoast SEO plugin v27.1.1 - https:\/\/yoast.com\/product\/yoast-seo-wordpress\/ -->\n<title>Siteunderlag med trykk &#8226; Norwegian Made<\/title>\n<meta name=\"description\" content=\"Varmt, mjuk og dekorativt siteunderlag i skinn av Gammalnorsk spelsau.\" \/>\n<meta name=\"robots\" content=\"index, follow, max-snippet:-1, max-image-preview:large, max-video-preview:-1\" \/>\n<link rel=\"canonical\" href=\"https:\/\/norwegianmade.no\/produkt\/siteunderlag-2\/\" \/>\n<meta property=\"og:locale\" content=\"en_US\" \/>\n<meta property=\"og:type\" content=\"article\" \/>\n<meta property=\"og:title\" content=\"Siteunderlag med trykk &#8226; Norwegian Made\" \/>\n<meta property=\"og:description\" content=\"Varmt, mjuk og dekorativt siteunderlag i skinn av Gammalnorsk spelsau.\" \/>\n<meta property=\"og:url\" content=\"https:\/\/norwegianmade.no\/produkt\/siteunderlag-2\/\" \/>\n<meta property=\"og:site_name\" content=\"Norwegian Made\" \/>\n<meta property=\"article:modified_time\" content=\"2024-12-21T15:07:30+00:00\" \/>\n<meta property=\"og:image\" content=\"https:\/\/norwegianmade.no\/wp-content\/uploads\/2023\/02\/DSC_0268_Watermarked.jpg\" \/>\n\t<meta property=\"og:image:width\" content=\"2439\" \/>\n\t<meta property=\"og:image:height\" content=\"2201\" \/>\n\t<meta property=\"og:image:type\" content=\"image\/jpeg\" \/>\n<meta name=\"twitter:card\" content=\"summary_large_image\" \/>\n<script type=\"application\/ld+json\" class=\"yoast-schema-graph\">{\"@context\":\"https:\/\/schema.org\",\"@graph\":[{\"@type\":\"WebPage\",\"@id\":\"https:\/\/norwegianmade.no\/produkt\/siteunderlag-2\/\",\"url\":\"https:\/\/norwegianmade.no\/produkt\/siteunderlag-2\/\",\"name\":\"Siteunderlag med trykk &#8226; Norwegian Made\",\"isPartOf\":{\"@id\":\"https:\/\/norwegianmade.no\/#website\"},\"primaryImageOfPage\":{\"@id\":\"https:\/\/norwegianmade.no\/produkt\/siteunderlag-2\/#primaryimage\"},\"image\":{\"@id\":\"https:\/\/norwegianmade.no\/produkt\/siteunderlag-2\/#primaryimage\"},\"thumbnailUrl\":\"https:\/\/norwegianmade.no\/wp-content\/uploads\/2023\/02\/DSC_0268_Watermarked.jpg\",\"datePublished\":\"2023-02-08T20:54:20+00:00\",\"dateModified\":\"2024-12-21T15:07:30+00:00\",\"description\":\"Varmt, mjuk og dekorativt siteunderlag i skinn av Gammalnorsk spelsau.\",\"breadcrumb\":{\"@id\":\"https:\/\/norwegianmade.no\/produkt\/siteunderlag-2\/#breadcrumb\"},\"inLanguage\":\"en-US\",\"potentialAction\":[{\"@type\":\"ReadAction\",\"target\":[\"https:\/\/norwegianmade.no\/produkt\/siteunderlag-2\/\"]}]},{\"@type\":\"ImageObject\",\"inLanguage\":\"en-US\",\"@id\":\"https:\/\/norwegianmade.no\/produkt\/siteunderlag-2\/#primaryimage\",\"url\":\"https:\/\/norwegianmade.no\/wp-content\/uploads\/2023\/02\/DSC_0268_Watermarked.jpg\",\"contentUrl\":\"https:\/\/norwegianmade.no\/wp-content\/uploads\/2023\/02\/DSC_0268_Watermarked.jpg\",\"width\":2439,\"height\":2201},{\"@type\":\"BreadcrumbList\",\"@id\":\"https:\/\/norwegianmade.no\/produkt\/siteunderlag-2\/#breadcrumb\",\"itemListElement\":[{\"@type\":\"ListItem\",\"position\":1,\"name\":\"Hjem\",\"item\":\"https:\/\/norwegianmade.no\/en\/\"},{\"@type\":\"ListItem\",\"position\":2,\"name\":\"Shop\",\"item\":\"https:\/\/norwegianmade.no\/en\/shop\/\"},{\"@type\":\"ListItem\",\"position\":3,\"name\":\"Siteunderlag med trykk\"}]},{\"@type\":\"WebSite\",\"@id\":\"https:\/\/norwegianmade.no\/#website\",\"url\":\"https:\/\/norwegianmade.no\/\",\"name\":\"Norwegian Made\",\"description\":\"Norges st\u00f8rste markedsplass for norske produsenter\",\"publisher\":{\"@id\":\"https:\/\/norwegianmade.no\/#organization\"},\"potentialAction\":[{\"@type\":\"SearchAction\",\"target\":{\"@type\":\"EntryPoint\",\"urlTemplate\":\"https:\/\/norwegianmade.no\/?s={search_term_string}\"},\"query-input\":{\"@type\":\"PropertyValueSpecification\",\"valueRequired\":true,\"valueName\":\"search_term_string\"}}],\"inLanguage\":\"en-US\"},{\"@type\":\"Organization\",\"@id\":\"https:\/\/norwegianmade.no\/#organization\",\"name\":\"Norwegian Made\",\"url\":\"https:\/\/norwegianmade.no\/\",\"logo\":{\"@type\":\"ImageObject\",\"inLanguage\":\"en-US\",\"@id\":\"https:\/\/norwegianmade.no\/#\/schema\/logo\/image\/\",\"url\":\"https:\/\/norwegianmade.no\/wp-content\/uploads\/2020\/11\/logo-liggende-norwegian-made-web.png\",\"contentUrl\":\"https:\/\/norwegianmade.no\/wp-content\/uploads\/2020\/11\/logo-liggende-norwegian-made-web.png\",\"width\":200,\"height\":58,\"caption\":\"Norwegian Made\"},\"image\":{\"@id\":\"https:\/\/norwegianmade.no\/#\/schema\/logo\/image\/\"}}]}<\/script>\n<!-- \/ Yoast SEO plugin. -->","yoast_head_json":{"title":"Siteunderlag med trykk &#8226; Norwegian Made","description":"Varmt, mjuk og dekorativt siteunderlag i skinn av Gammalnorsk spelsau.","robots":{"index":"index","follow":"follow","max-snippet":"max-snippet:-1","max-image-preview":"max-image-preview:large","max-video-preview":"max-video-preview:-1"},"canonical":"https:\/\/norwegianmade.no\/produkt\/siteunderlag-2\/","og_locale":"en_US","og_type":"article","og_title":"Siteunderlag med trykk &#8226; Norwegian Made","og_description":"Varmt, mjuk og dekorativt siteunderlag i skinn av Gammalnorsk spelsau.","og_url":"https:\/\/norwegianmade.no\/produkt\/siteunderlag-2\/","og_site_name":"Norwegian Made","article_modified_time":"2024-12-21T15:07:30+00:00","og_image":[{"width":2439,"height":2201,"url":"https:\/\/norwegianmade.no\/wp-content\/uploads\/2023\/02\/DSC_0268_Watermarked.jpg","type":"image\/jpeg"}],"twitter_card":"summary_large_image","schema":{"@context":"https:\/\/schema.org","@graph":[{"@type":"WebPage","@id":"https:\/\/norwegianmade.no\/produkt\/siteunderlag-2\/","url":"https:\/\/norwegianmade.no\/produkt\/siteunderlag-2\/","name":"Siteunderlag med trykk &#8226; Norwegian Made","isPartOf":{"@id":"https:\/\/norwegianmade.no\/#website"},"primaryImageOfPage":{"@id":"https:\/\/norwegianmade.no\/produkt\/siteunderlag-2\/#primaryimage"},"image":{"@id":"https:\/\/norwegianmade.no\/produkt\/siteunderlag-2\/#primaryimage"},"thumbnailUrl":"https:\/\/norwegianmade.no\/wp-content\/uploads\/2023\/02\/DSC_0268_Watermarked.jpg","datePublished":"2023-02-08T20:54:20+00:00","dateModified":"2024-12-21T15:07:30+00:00","description":"Varmt, mjuk og dekorativt siteunderlag i skinn av Gammalnorsk spelsau.","breadcrumb":{"@id":"https:\/\/norwegianmade.no\/produkt\/siteunderlag-2\/#breadcrumb"},"inLanguage":"en-US","potentialAction":[{"@type":"ReadAction","target":["https:\/\/norwegianmade.no\/produkt\/siteunderlag-2\/"]}]},{"@type":"ImageObject","inLanguage":"en-US","@id":"https:\/\/norwegianmade.no\/produkt\/siteunderlag-2\/#primaryimage","url":"https:\/\/norwegianmade.no\/wp-content\/uploads\/2023\/02\/DSC_0268_Watermarked.jpg","contentUrl":"https:\/\/norwegianmade.no\/wp-content\/uploads\/2023\/02\/DSC_0268_Watermarked.jpg","width":2439,"height":2201},{"@type":"BreadcrumbList","@id":"https:\/\/norwegianmade.no\/produkt\/siteunderlag-2\/#breadcrumb","itemListElement":[{"@type":"ListItem","position":1,"name":"Hjem","item":"https:\/\/norwegianmade.no\/en\/"},{"@type":"ListItem","position":2,"name":"Shop","item":"https:\/\/norwegianmade.no\/en\/shop\/"},{"@type":"ListItem","position":3,"name":"Siteunderlag med trykk"}]},{"@type":"WebSite","@id":"https:\/\/norwegianmade.no\/#website","url":"https:\/\/norwegianmade.no\/","name":"Norwegian Made","description":"Norges st\u00f8rste markedsplass for norske produsenter","publisher":{"@id":"https:\/\/norwegianmade.no\/#organization"},"potentialAction":[{"@type":"SearchAction","target":{"@type":"EntryPoint","urlTemplate":"https:\/\/norwegianmade.no\/?s={search_term_string}"},"query-input":{"@type":"PropertyValueSpecification","valueRequired":true,"valueName":"search_term_string"}}],"inLanguage":"en-US"},{"@type":"Organization","@id":"https:\/\/norwegianmade.no\/#organization","name":"Norwegian Made","url":"https:\/\/norwegianmade.no\/","logo":{"@type":"ImageObject","inLanguage":"en-US","@id":"https:\/\/norwegianmade.no\/#\/schema\/logo\/image\/","url":"https:\/\/norwegianmade.no\/wp-content\/uploads\/2020\/11\/logo-liggende-norwegian-made-web.png","contentUrl":"https:\/\/norwegianmade.no\/wp-content\/uploads\/2020\/11\/logo-liggende-norwegian-made-web.png","width":200,"height":58,"caption":"Norwegian Made"},"image":{"@id":"https:\/\/norwegianmade.no\/#\/schema\/logo\/image\/"}}]}},"_links":{"self":[{"href":"https:\/\/norwegianmade.no\/en\/wp-json\/wp\/v2\/product\/17852","targetHints":{"allow":["GET"]}}],"collection":[{"href":"https:\/\/norwegianmade.no\/en\/wp-json\/wp\/v2\/product"}],"about":[{"href":"https:\/\/norwegianmade.no\/en\/wp-json\/wp\/v2\/types\/product"}],"replies":[{"embeddable":true,"href":"https:\/\/norwegianmade.no\/en\/wp-json\/wp\/v2\/comments?post=17852"}],"wp:featuredmedia":[{"embeddable":true,"href":"https:\/\/norwegianmade.no\/en\/wp-json\/wp\/v2\/media\/17892"}],"wp:attachment":[{"href":"https:\/\/norwegianmade.no\/en\/wp-json\/wp\/v2\/media?parent=17852"}],"wp:term":[{"taxonomy":"product_brand","embeddable":true,"href":"https:\/\/norwegianmade.no\/en\/wp-json\/wp\/v2\/product_brand?post=17852"},{"taxonomy":"product_cat","embeddable":true,"href":"https:\/\/norwegianmade.no\/en\/wp-json\/wp\/v2\/product_cat?post=17852"},{"taxonomy":"product_tag","embeddable":true,"href":"https:\/\/norwegianmade.no\/en\/wp-json\/wp\/v2\/product_tag?post=17852"}],"curies":[{"name":"wp","href":"https:\/\/api.w.org\/{rel}","templated":true}]}}