{"id":17951,"date":"2023-02-09T22:13:21","date_gmt":"2023-02-09T21:13:21","guid":{"rendered":"https:\/\/norwegianmade.no\/?post_type=product&#038;p=17951"},"modified":"2024-12-20T19:19:51","modified_gmt":"2024-12-20T18:19:51","slug":"kvitkrull","status":"publish","type":"product","link":"https:\/\/norwegianmade.no\/en\/produkt\/kvitkrull\/","title":{"rendered":"Kvitkrull"},"content":{"rendered":"<p style=\"text-align: left\" data-mce-style=\"text-align: left;\"><strong>Produktinfo:<\/strong> Ullgarnet produsert av heil\u00e5rsull fr\u00e5 eigen buskap av Gammalnorsk spelsau. Garnet er eit naturfarga totr\u00e5dsgarn for pinnestorleik 3,5. Garnet er spunne av Listagarn AS.\u00a0<\/p>\n<p>God dyrevelferd er eit overordna m\u00e5l for drifta v\u00e5r og vi ser det somein stor verdi at sauene har tilgang til uteareal heile \u00e5ret og f\u00e5r h\u00f8vetil \u00e5 leve ut sine naturlege instinkt, b\u00e5de som individ og som eit sosialt flokkmedlem. Drifta v\u00e5r er gras- og grovforbasert, slik at garnet v\u00e5rt i all hovudsak er eit resultat av lokal ressursnytting.<\/p>\n<p><strong>Ullfarge:<\/strong> Kvit<\/p>\n<p><strong>Storleik: <\/strong>Pinnestr 3,5. Ca 50g \/ 100 m pr nyste.<\/p>\n<p><strong>Bruk og vedlikehald:<\/strong> Handvask (Milo). Garnet er ikkje superwashbehandla og kan tovast.<\/p>\n","protected":false},"excerpt":{"rendered":"<p>Naturfarga ullgarn av 100% ull fr\u00e5 eigen buskap av Gammalnorsk spelsau.<\/p>\n","protected":false},"featured_media":17935,"comment_status":"open","ping_status":"closed","template":"","meta":{"_acf_changed":false},"product_brand":[],"product_cat":[94,60],"product_tag":[],"class_list":{"0":"post-17951","1":"product","2":"type-product","3":"status-publish","4":"has-post-thumbnail","6":"product_vendor-opp-i-bakkji","7":"product_cat-garn","8":"product_cat-tekstil","10":"first","11":"outofstock","12":"taxable","13":"shipping-taxable","14":"purchasable","15":"product-type-simple"},"acf":[],"yoast_head":"<!-- This site is optimized with the Yoast SEO plugin v27.1.1 - https:\/\/yoast.com\/product\/yoast-seo-wordpress\/ -->\n<title>Kvitkrull &#8226; Norwegian Made<\/title>\n<meta name=\"description\" content=\"Naturfarga ullgarn av 100% ull fr\u00e5 Gammalnorsk spelsau.\" \/>\n<meta name=\"robots\" content=\"index, follow, max-snippet:-1, max-image-preview:large, max-video-preview:-1\" \/>\n<link rel=\"canonical\" href=\"https:\/\/norwegianmade.no\/produkt\/kvitkrull\/\" \/>\n<meta property=\"og:locale\" content=\"en_US\" \/>\n<meta property=\"og:type\" content=\"article\" \/>\n<meta property=\"og:title\" content=\"Kvitkrull &#8226; Norwegian Made\" \/>\n<meta property=\"og:description\" content=\"Naturfarga ullgarn av 100% ull fr\u00e5 Gammalnorsk spelsau.\" \/>\n<meta property=\"og:url\" content=\"https:\/\/norwegianmade.no\/produkt\/kvitkrull\/\" \/>\n<meta property=\"og:site_name\" content=\"Norwegian Made\" \/>\n<meta property=\"article:modified_time\" content=\"2024-12-20T18:19:51+00:00\" \/>\n<meta property=\"og:image\" content=\"https:\/\/norwegianmade.no\/wp-content\/uploads\/2023\/02\/DSC_0295_Watermarked-scaled.jpg\" \/>\n\t<meta property=\"og:image:width\" content=\"2560\" \/>\n\t<meta property=\"og:image:height\" content=\"1545\" \/>\n\t<meta property=\"og:image:type\" content=\"image\/jpeg\" \/>\n<meta name=\"twitter:card\" content=\"summary_large_image\" \/>\n<meta name=\"twitter:label1\" content=\"Est. reading time\" \/>\n\t<meta name=\"twitter:data1\" content=\"1 minute\" \/>\n<script type=\"application\/ld+json\" class=\"yoast-schema-graph\">{\"@context\":\"https:\/\/schema.org\",\"@graph\":[{\"@type\":\"WebPage\",\"@id\":\"https:\/\/norwegianmade.no\/produkt\/kvitkrull\/\",\"url\":\"https:\/\/norwegianmade.no\/produkt\/kvitkrull\/\",\"name\":\"Kvitkrull &#8226; Norwegian Made\",\"isPartOf\":{\"@id\":\"https:\/\/norwegianmade.no\/#website\"},\"primaryImageOfPage\":{\"@id\":\"https:\/\/norwegianmade.no\/produkt\/kvitkrull\/#primaryimage\"},\"image\":{\"@id\":\"https:\/\/norwegianmade.no\/produkt\/kvitkrull\/#primaryimage\"},\"thumbnailUrl\":\"https:\/\/norwegianmade.no\/wp-content\/uploads\/2023\/02\/DSC_0295_Watermarked-scaled.jpg\",\"datePublished\":\"2023-02-09T21:13:21+00:00\",\"dateModified\":\"2024-12-20T18:19:51+00:00\",\"description\":\"Naturfarga ullgarn av 100% ull fr\u00e5 Gammalnorsk spelsau.\",\"breadcrumb\":{\"@id\":\"https:\/\/norwegianmade.no\/produkt\/kvitkrull\/#breadcrumb\"},\"inLanguage\":\"en-US\",\"potentialAction\":[{\"@type\":\"ReadAction\",\"target\":[\"https:\/\/norwegianmade.no\/produkt\/kvitkrull\/\"]}]},{\"@type\":\"ImageObject\",\"inLanguage\":\"en-US\",\"@id\":\"https:\/\/norwegianmade.no\/produkt\/kvitkrull\/#primaryimage\",\"url\":\"https:\/\/norwegianmade.no\/wp-content\/uploads\/2023\/02\/DSC_0295_Watermarked-scaled.jpg\",\"contentUrl\":\"https:\/\/norwegianmade.no\/wp-content\/uploads\/2023\/02\/DSC_0295_Watermarked-scaled.jpg\",\"width\":2560,\"height\":1545},{\"@type\":\"BreadcrumbList\",\"@id\":\"https:\/\/norwegianmade.no\/produkt\/kvitkrull\/#breadcrumb\",\"itemListElement\":[{\"@type\":\"ListItem\",\"position\":1,\"name\":\"Hjem\",\"item\":\"https:\/\/norwegianmade.no\/en\/\"},{\"@type\":\"ListItem\",\"position\":2,\"name\":\"Shop\",\"item\":\"https:\/\/norwegianmade.no\/en\/shop\/\"},{\"@type\":\"ListItem\",\"position\":3,\"name\":\"Kvitkrull\"}]},{\"@type\":\"WebSite\",\"@id\":\"https:\/\/norwegianmade.no\/#website\",\"url\":\"https:\/\/norwegianmade.no\/\",\"name\":\"Norwegian Made\",\"description\":\"Norges st\u00f8rste markedsplass for norske produsenter\",\"publisher\":{\"@id\":\"https:\/\/norwegianmade.no\/#organization\"},\"potentialAction\":[{\"@type\":\"SearchAction\",\"target\":{\"@type\":\"EntryPoint\",\"urlTemplate\":\"https:\/\/norwegianmade.no\/?s={search_term_string}\"},\"query-input\":{\"@type\":\"PropertyValueSpecification\",\"valueRequired\":true,\"valueName\":\"search_term_string\"}}],\"inLanguage\":\"en-US\"},{\"@type\":\"Organization\",\"@id\":\"https:\/\/norwegianmade.no\/#organization\",\"name\":\"Norwegian Made\",\"url\":\"https:\/\/norwegianmade.no\/\",\"logo\":{\"@type\":\"ImageObject\",\"inLanguage\":\"en-US\",\"@id\":\"https:\/\/norwegianmade.no\/#\/schema\/logo\/image\/\",\"url\":\"https:\/\/norwegianmade.no\/wp-content\/uploads\/2020\/11\/logo-liggende-norwegian-made-web.png\",\"contentUrl\":\"https:\/\/norwegianmade.no\/wp-content\/uploads\/2020\/11\/logo-liggende-norwegian-made-web.png\",\"width\":200,\"height\":58,\"caption\":\"Norwegian Made\"},\"image\":{\"@id\":\"https:\/\/norwegianmade.no\/#\/schema\/logo\/image\/\"}}]}<\/script>\n<!-- \/ Yoast SEO plugin. -->","yoast_head_json":{"title":"Kvitkrull &#8226; Norwegian Made","description":"Naturfarga ullgarn av 100% ull fr\u00e5 Gammalnorsk spelsau.","robots":{"index":"index","follow":"follow","max-snippet":"max-snippet:-1","max-image-preview":"max-image-preview:large","max-video-preview":"max-video-preview:-1"},"canonical":"https:\/\/norwegianmade.no\/produkt\/kvitkrull\/","og_locale":"en_US","og_type":"article","og_title":"Kvitkrull &#8226; Norwegian Made","og_description":"Naturfarga ullgarn av 100% ull fr\u00e5 Gammalnorsk spelsau.","og_url":"https:\/\/norwegianmade.no\/produkt\/kvitkrull\/","og_site_name":"Norwegian Made","article_modified_time":"2024-12-20T18:19:51+00:00","og_image":[{"width":2560,"height":1545,"url":"https:\/\/norwegianmade.no\/wp-content\/uploads\/2023\/02\/DSC_0295_Watermarked-scaled.jpg","type":"image\/jpeg"}],"twitter_card":"summary_large_image","twitter_misc":{"Est. reading time":"1 minute"},"schema":{"@context":"https:\/\/schema.org","@graph":[{"@type":"WebPage","@id":"https:\/\/norwegianmade.no\/produkt\/kvitkrull\/","url":"https:\/\/norwegianmade.no\/produkt\/kvitkrull\/","name":"Kvitkrull &#8226; Norwegian Made","isPartOf":{"@id":"https:\/\/norwegianmade.no\/#website"},"primaryImageOfPage":{"@id":"https:\/\/norwegianmade.no\/produkt\/kvitkrull\/#primaryimage"},"image":{"@id":"https:\/\/norwegianmade.no\/produkt\/kvitkrull\/#primaryimage"},"thumbnailUrl":"https:\/\/norwegianmade.no\/wp-content\/uploads\/2023\/02\/DSC_0295_Watermarked-scaled.jpg","datePublished":"2023-02-09T21:13:21+00:00","dateModified":"2024-12-20T18:19:51+00:00","description":"Naturfarga ullgarn av 100% ull fr\u00e5 Gammalnorsk spelsau.","breadcrumb":{"@id":"https:\/\/norwegianmade.no\/produkt\/kvitkrull\/#breadcrumb"},"inLanguage":"en-US","potentialAction":[{"@type":"ReadAction","target":["https:\/\/norwegianmade.no\/produkt\/kvitkrull\/"]}]},{"@type":"ImageObject","inLanguage":"en-US","@id":"https:\/\/norwegianmade.no\/produkt\/kvitkrull\/#primaryimage","url":"https:\/\/norwegianmade.no\/wp-content\/uploads\/2023\/02\/DSC_0295_Watermarked-scaled.jpg","contentUrl":"https:\/\/norwegianmade.no\/wp-content\/uploads\/2023\/02\/DSC_0295_Watermarked-scaled.jpg","width":2560,"height":1545},{"@type":"BreadcrumbList","@id":"https:\/\/norwegianmade.no\/produkt\/kvitkrull\/#breadcrumb","itemListElement":[{"@type":"ListItem","position":1,"name":"Hjem","item":"https:\/\/norwegianmade.no\/en\/"},{"@type":"ListItem","position":2,"name":"Shop","item":"https:\/\/norwegianmade.no\/en\/shop\/"},{"@type":"ListItem","position":3,"name":"Kvitkrull"}]},{"@type":"WebSite","@id":"https:\/\/norwegianmade.no\/#website","url":"https:\/\/norwegianmade.no\/","name":"Norwegian Made","description":"Norges st\u00f8rste markedsplass for norske produsenter","publisher":{"@id":"https:\/\/norwegianmade.no\/#organization"},"potentialAction":[{"@type":"SearchAction","target":{"@type":"EntryPoint","urlTemplate":"https:\/\/norwegianmade.no\/?s={search_term_string}"},"query-input":{"@type":"PropertyValueSpecification","valueRequired":true,"valueName":"search_term_string"}}],"inLanguage":"en-US"},{"@type":"Organization","@id":"https:\/\/norwegianmade.no\/#organization","name":"Norwegian Made","url":"https:\/\/norwegianmade.no\/","logo":{"@type":"ImageObject","inLanguage":"en-US","@id":"https:\/\/norwegianmade.no\/#\/schema\/logo\/image\/","url":"https:\/\/norwegianmade.no\/wp-content\/uploads\/2020\/11\/logo-liggende-norwegian-made-web.png","contentUrl":"https:\/\/norwegianmade.no\/wp-content\/uploads\/2020\/11\/logo-liggende-norwegian-made-web.png","width":200,"height":58,"caption":"Norwegian Made"},"image":{"@id":"https:\/\/norwegianmade.no\/#\/schema\/logo\/image\/"}}]}},"_links":{"self":[{"href":"https:\/\/norwegianmade.no\/en\/wp-json\/wp\/v2\/product\/17951","targetHints":{"allow":["GET"]}}],"collection":[{"href":"https:\/\/norwegianmade.no\/en\/wp-json\/wp\/v2\/product"}],"about":[{"href":"https:\/\/norwegianmade.no\/en\/wp-json\/wp\/v2\/types\/product"}],"replies":[{"embeddable":true,"href":"https:\/\/norwegianmade.no\/en\/wp-json\/wp\/v2\/comments?post=17951"}],"wp:featuredmedia":[{"embeddable":true,"href":"https:\/\/norwegianmade.no\/en\/wp-json\/wp\/v2\/media\/17935"}],"wp:attachment":[{"href":"https:\/\/norwegianmade.no\/en\/wp-json\/wp\/v2\/media?parent=17951"}],"wp:term":[{"taxonomy":"product_brand","embeddable":true,"href":"https:\/\/norwegianmade.no\/en\/wp-json\/wp\/v2\/product_brand?post=17951"},{"taxonomy":"product_cat","embeddable":true,"href":"https:\/\/norwegianmade.no\/en\/wp-json\/wp\/v2\/product_cat?post=17951"},{"taxonomy":"product_tag","embeddable":true,"href":"https:\/\/norwegianmade.no\/en\/wp-json\/wp\/v2\/product_tag?post=17951"}],"curies":[{"name":"wp","href":"https:\/\/api.w.org\/{rel}","templated":true}]}}