{"id":19222,"date":"2023-09-23T09:49:32","date_gmt":"2023-09-23T07:49:32","guid":{"rendered":"https:\/\/norwegianmade.no\/?post_type=product&#038;p=19222"},"modified":"2025-10-12T21:28:13","modified_gmt":"2025-10-12T19:28:13","slug":"saueskinn-av-gammalnorsk-spelsau-nr-1","status":"publish","type":"product","link":"https:\/\/norwegianmade.no\/en\/produkt\/saueskinn-av-gammalnorsk-spelsau-nr-1\/","title":{"rendered":"Saueskinn av Gammalnorsk spelsau nr 1"},"content":{"rendered":"<p><strong>Produktinfo: <\/strong>Saueskinn fr\u00e5 eigen buskap av Gammalnorsk spelsau. Ullfellen til Gammalnorsk spelsau er todelt, med mjuk og varm botnull innerst og glansfull og slitesterk dekkull ytterst. Saman med det store mangfaldet i fargenyansar og m\u00f8nster gjer dette lammeskinn av Gammalnorsk spelsau til eit unikt produkt av h\u00f8g kvalitet.<\/p>\n<p>God dyrevelferd er eit overordna m\u00e5l for drifta v\u00e5r og vi ser det som ein stor verdi at sauene har tilgang til uteareal heile \u00e5ret og f\u00e5r h\u00f8ve til \u00e5 leve ut sine naturlege instinkt, b\u00e5de som individ og som eit sosialt flokkmedlem. Drifta v\u00e5r er gras- og grovforbasert, slik at skinna v\u00e5re i all hovudsak er eit resultat av lokal ressursnytting.<\/p>\n<p>Skinnreiing er utf\u00f8rt av Granberg Garveri AS.<\/p>\n<p><strong>Ullfarge:<\/strong> Svart<\/p>\n<p><strong>Bruk og vedlikehald: <\/strong>Skinn av Gammalnorsk spelsau er eit milj\u00f8vennleg produkt som har sv\u00e6rt lang levetid. Ull er b\u00e5de slitesterk og naturleg smussavvisande, s\u00e5 skinn som vert rett stelte kan vare i generasjonar. V\u00e5re skinn kan vaskast og stellast etter denne rettleiinga:<\/p>\n<p><img loading=\"lazy\" decoding=\"async\" class=\"wp-image-17815 alignleft\" src=\"https:\/\/norwegianmade.no\/wp-content\/uploads\/2023\/02\/img20230207_0001-scaled-e1675755053251-1024x762.jpg\" alt=\"\" data-mce-src=\"https:\/\/norwegianmade.no\/wp-content\/uploads\/2023\/02\/img20230207_0001-scaled-e1675755053251-1024x762.jpg\" width=\"580\" height=\"413\"><\/p>\n","protected":false},"excerpt":{"rendered":"<p>Saueskinn av Gammalnorsk spelsau. \/ Nr. 1.<\/p>\n","protected":false},"featured_media":19153,"comment_status":"open","ping_status":"closed","template":"","meta":{"_acf_changed":false},"product_brand":[],"product_cat":[78,82,111,98,60],"product_tag":[],"class_list":{"0":"post-19222","1":"product","2":"type-product","3":"status-publish","4":"has-post-thumbnail","6":"product_vendor-opp-i-bakkji","7":"product_cat-gaver","8":"product_cat-handverk","9":"product_cat-hytter","10":"product_cat-skinnvarer","11":"product_cat-tekstil","13":"first","14":"outofstock","15":"taxable","16":"shipping-taxable","17":"purchasable","18":"product-type-simple"},"acf":[],"yoast_head":"<!-- This site is optimized with the Yoast SEO plugin v27.1.1 - https:\/\/yoast.com\/product\/yoast-seo-wordpress\/ -->\n<title>Saueskinn av Gammalnorsk spelsau nr 1 &#8226; Norwegian Made<\/title>\n<meta name=\"description\" content=\"Lammeskinn av gammalnorsk spelsau, med trykk\" \/>\n<meta name=\"robots\" content=\"index, follow, max-snippet:-1, max-image-preview:large, max-video-preview:-1\" \/>\n<link rel=\"canonical\" href=\"https:\/\/norwegianmade.no\/produkt\/saueskinn-av-gammalnorsk-spelsau-nr-1\/\" \/>\n<meta property=\"og:locale\" content=\"en_US\" \/>\n<meta property=\"og:type\" content=\"article\" \/>\n<meta property=\"og:title\" content=\"Saueskinn av Gammalnorsk spelsau nr 1 &#8226; Norwegian Made\" \/>\n<meta property=\"og:description\" content=\"Lammeskinn av gammalnorsk spelsau, med trykk\" \/>\n<meta property=\"og:url\" content=\"https:\/\/norwegianmade.no\/produkt\/saueskinn-av-gammalnorsk-spelsau-nr-1\/\" \/>\n<meta property=\"og:site_name\" content=\"Norwegian Made\" \/>\n<meta property=\"article:modified_time\" content=\"2025-10-12T19:28:13+00:00\" \/>\n<meta property=\"og:image\" content=\"https:\/\/norwegianmade.no\/wp-content\/uploads\/2023\/09\/side01.jpg\" \/>\n\t<meta property=\"og:image:width\" content=\"2180\" \/>\n\t<meta property=\"og:image:height\" content=\"1453\" \/>\n\t<meta property=\"og:image:type\" content=\"image\/jpeg\" \/>\n<meta name=\"twitter:card\" content=\"summary_large_image\" \/>\n<meta name=\"twitter:label1\" content=\"Est. reading time\" \/>\n\t<meta name=\"twitter:data1\" content=\"1 minute\" \/>\n<script type=\"application\/ld+json\" class=\"yoast-schema-graph\">{\"@context\":\"https:\/\/schema.org\",\"@graph\":[{\"@type\":\"WebPage\",\"@id\":\"https:\/\/norwegianmade.no\/produkt\/saueskinn-av-gammalnorsk-spelsau-nr-1\/\",\"url\":\"https:\/\/norwegianmade.no\/produkt\/saueskinn-av-gammalnorsk-spelsau-nr-1\/\",\"name\":\"Saueskinn av Gammalnorsk spelsau nr 1 &#8226; Norwegian Made\",\"isPartOf\":{\"@id\":\"https:\/\/norwegianmade.no\/#website\"},\"primaryImageOfPage\":{\"@id\":\"https:\/\/norwegianmade.no\/produkt\/saueskinn-av-gammalnorsk-spelsau-nr-1\/#primaryimage\"},\"image\":{\"@id\":\"https:\/\/norwegianmade.no\/produkt\/saueskinn-av-gammalnorsk-spelsau-nr-1\/#primaryimage\"},\"thumbnailUrl\":\"https:\/\/norwegianmade.no\/wp-content\/uploads\/2023\/09\/side01.jpg\",\"datePublished\":\"2023-09-23T07:49:32+00:00\",\"dateModified\":\"2025-10-12T19:28:13+00:00\",\"description\":\"Lammeskinn av gammalnorsk spelsau, med trykk\",\"breadcrumb\":{\"@id\":\"https:\/\/norwegianmade.no\/produkt\/saueskinn-av-gammalnorsk-spelsau-nr-1\/#breadcrumb\"},\"inLanguage\":\"en-US\",\"potentialAction\":[{\"@type\":\"ReadAction\",\"target\":[\"https:\/\/norwegianmade.no\/produkt\/saueskinn-av-gammalnorsk-spelsau-nr-1\/\"]}]},{\"@type\":\"ImageObject\",\"inLanguage\":\"en-US\",\"@id\":\"https:\/\/norwegianmade.no\/produkt\/saueskinn-av-gammalnorsk-spelsau-nr-1\/#primaryimage\",\"url\":\"https:\/\/norwegianmade.no\/wp-content\/uploads\/2023\/09\/side01.jpg\",\"contentUrl\":\"https:\/\/norwegianmade.no\/wp-content\/uploads\/2023\/09\/side01.jpg\",\"width\":2180,\"height\":1453},{\"@type\":\"BreadcrumbList\",\"@id\":\"https:\/\/norwegianmade.no\/produkt\/saueskinn-av-gammalnorsk-spelsau-nr-1\/#breadcrumb\",\"itemListElement\":[{\"@type\":\"ListItem\",\"position\":1,\"name\":\"Hjem\",\"item\":\"https:\/\/norwegianmade.no\/en\/\"},{\"@type\":\"ListItem\",\"position\":2,\"name\":\"Shop\",\"item\":\"https:\/\/norwegianmade.no\/en\/shop\/\"},{\"@type\":\"ListItem\",\"position\":3,\"name\":\"Saueskinn av Gammalnorsk spelsau nr 1\"}]},{\"@type\":\"WebSite\",\"@id\":\"https:\/\/norwegianmade.no\/#website\",\"url\":\"https:\/\/norwegianmade.no\/\",\"name\":\"Norwegian Made\",\"description\":\"Norges st\u00f8rste markedsplass for norske produsenter\",\"publisher\":{\"@id\":\"https:\/\/norwegianmade.no\/#organization\"},\"potentialAction\":[{\"@type\":\"SearchAction\",\"target\":{\"@type\":\"EntryPoint\",\"urlTemplate\":\"https:\/\/norwegianmade.no\/?s={search_term_string}\"},\"query-input\":{\"@type\":\"PropertyValueSpecification\",\"valueRequired\":true,\"valueName\":\"search_term_string\"}}],\"inLanguage\":\"en-US\"},{\"@type\":\"Organization\",\"@id\":\"https:\/\/norwegianmade.no\/#organization\",\"name\":\"Norwegian Made\",\"url\":\"https:\/\/norwegianmade.no\/\",\"logo\":{\"@type\":\"ImageObject\",\"inLanguage\":\"en-US\",\"@id\":\"https:\/\/norwegianmade.no\/#\/schema\/logo\/image\/\",\"url\":\"https:\/\/norwegianmade.no\/wp-content\/uploads\/2020\/11\/logo-liggende-norwegian-made-web.png\",\"contentUrl\":\"https:\/\/norwegianmade.no\/wp-content\/uploads\/2020\/11\/logo-liggende-norwegian-made-web.png\",\"width\":200,\"height\":58,\"caption\":\"Norwegian Made\"},\"image\":{\"@id\":\"https:\/\/norwegianmade.no\/#\/schema\/logo\/image\/\"}}]}<\/script>\n<!-- \/ Yoast SEO plugin. -->","yoast_head_json":{"title":"Saueskinn av Gammalnorsk spelsau nr 1 &#8226; Norwegian Made","description":"Lammeskinn av gammalnorsk spelsau, med trykk","robots":{"index":"index","follow":"follow","max-snippet":"max-snippet:-1","max-image-preview":"max-image-preview:large","max-video-preview":"max-video-preview:-1"},"canonical":"https:\/\/norwegianmade.no\/produkt\/saueskinn-av-gammalnorsk-spelsau-nr-1\/","og_locale":"en_US","og_type":"article","og_title":"Saueskinn av Gammalnorsk spelsau nr 1 &#8226; Norwegian Made","og_description":"Lammeskinn av gammalnorsk spelsau, med trykk","og_url":"https:\/\/norwegianmade.no\/produkt\/saueskinn-av-gammalnorsk-spelsau-nr-1\/","og_site_name":"Norwegian Made","article_modified_time":"2025-10-12T19:28:13+00:00","og_image":[{"width":2180,"height":1453,"url":"https:\/\/norwegianmade.no\/wp-content\/uploads\/2023\/09\/side01.jpg","type":"image\/jpeg"}],"twitter_card":"summary_large_image","twitter_misc":{"Est. reading time":"1 minute"},"schema":{"@context":"https:\/\/schema.org","@graph":[{"@type":"WebPage","@id":"https:\/\/norwegianmade.no\/produkt\/saueskinn-av-gammalnorsk-spelsau-nr-1\/","url":"https:\/\/norwegianmade.no\/produkt\/saueskinn-av-gammalnorsk-spelsau-nr-1\/","name":"Saueskinn av Gammalnorsk spelsau nr 1 &#8226; Norwegian Made","isPartOf":{"@id":"https:\/\/norwegianmade.no\/#website"},"primaryImageOfPage":{"@id":"https:\/\/norwegianmade.no\/produkt\/saueskinn-av-gammalnorsk-spelsau-nr-1\/#primaryimage"},"image":{"@id":"https:\/\/norwegianmade.no\/produkt\/saueskinn-av-gammalnorsk-spelsau-nr-1\/#primaryimage"},"thumbnailUrl":"https:\/\/norwegianmade.no\/wp-content\/uploads\/2023\/09\/side01.jpg","datePublished":"2023-09-23T07:49:32+00:00","dateModified":"2025-10-12T19:28:13+00:00","description":"Lammeskinn av gammalnorsk spelsau, med trykk","breadcrumb":{"@id":"https:\/\/norwegianmade.no\/produkt\/saueskinn-av-gammalnorsk-spelsau-nr-1\/#breadcrumb"},"inLanguage":"en-US","potentialAction":[{"@type":"ReadAction","target":["https:\/\/norwegianmade.no\/produkt\/saueskinn-av-gammalnorsk-spelsau-nr-1\/"]}]},{"@type":"ImageObject","inLanguage":"en-US","@id":"https:\/\/norwegianmade.no\/produkt\/saueskinn-av-gammalnorsk-spelsau-nr-1\/#primaryimage","url":"https:\/\/norwegianmade.no\/wp-content\/uploads\/2023\/09\/side01.jpg","contentUrl":"https:\/\/norwegianmade.no\/wp-content\/uploads\/2023\/09\/side01.jpg","width":2180,"height":1453},{"@type":"BreadcrumbList","@id":"https:\/\/norwegianmade.no\/produkt\/saueskinn-av-gammalnorsk-spelsau-nr-1\/#breadcrumb","itemListElement":[{"@type":"ListItem","position":1,"name":"Hjem","item":"https:\/\/norwegianmade.no\/en\/"},{"@type":"ListItem","position":2,"name":"Shop","item":"https:\/\/norwegianmade.no\/en\/shop\/"},{"@type":"ListItem","position":3,"name":"Saueskinn av Gammalnorsk spelsau nr 1"}]},{"@type":"WebSite","@id":"https:\/\/norwegianmade.no\/#website","url":"https:\/\/norwegianmade.no\/","name":"Norwegian Made","description":"Norges st\u00f8rste markedsplass for norske produsenter","publisher":{"@id":"https:\/\/norwegianmade.no\/#organization"},"potentialAction":[{"@type":"SearchAction","target":{"@type":"EntryPoint","urlTemplate":"https:\/\/norwegianmade.no\/?s={search_term_string}"},"query-input":{"@type":"PropertyValueSpecification","valueRequired":true,"valueName":"search_term_string"}}],"inLanguage":"en-US"},{"@type":"Organization","@id":"https:\/\/norwegianmade.no\/#organization","name":"Norwegian Made","url":"https:\/\/norwegianmade.no\/","logo":{"@type":"ImageObject","inLanguage":"en-US","@id":"https:\/\/norwegianmade.no\/#\/schema\/logo\/image\/","url":"https:\/\/norwegianmade.no\/wp-content\/uploads\/2020\/11\/logo-liggende-norwegian-made-web.png","contentUrl":"https:\/\/norwegianmade.no\/wp-content\/uploads\/2020\/11\/logo-liggende-norwegian-made-web.png","width":200,"height":58,"caption":"Norwegian Made"},"image":{"@id":"https:\/\/norwegianmade.no\/#\/schema\/logo\/image\/"}}]}},"_links":{"self":[{"href":"https:\/\/norwegianmade.no\/en\/wp-json\/wp\/v2\/product\/19222","targetHints":{"allow":["GET"]}}],"collection":[{"href":"https:\/\/norwegianmade.no\/en\/wp-json\/wp\/v2\/product"}],"about":[{"href":"https:\/\/norwegianmade.no\/en\/wp-json\/wp\/v2\/types\/product"}],"replies":[{"embeddable":true,"href":"https:\/\/norwegianmade.no\/en\/wp-json\/wp\/v2\/comments?post=19222"}],"wp:featuredmedia":[{"embeddable":true,"href":"https:\/\/norwegianmade.no\/en\/wp-json\/wp\/v2\/media\/19153"}],"wp:attachment":[{"href":"https:\/\/norwegianmade.no\/en\/wp-json\/wp\/v2\/media?parent=19222"}],"wp:term":[{"taxonomy":"product_brand","embeddable":true,"href":"https:\/\/norwegianmade.no\/en\/wp-json\/wp\/v2\/product_brand?post=19222"},{"taxonomy":"product_cat","embeddable":true,"href":"https:\/\/norwegianmade.no\/en\/wp-json\/wp\/v2\/product_cat?post=19222"},{"taxonomy":"product_tag","embeddable":true,"href":"https:\/\/norwegianmade.no\/en\/wp-json\/wp\/v2\/product_tag?post=19222"}],"curies":[{"name":"wp","href":"https:\/\/api.w.org\/{rel}","templated":true}]}}