{"id":19227,"date":"2023-09-23T13:44:19","date_gmt":"2023-09-23T11:44:19","guid":{"rendered":"https:\/\/norwegianmade.no\/markedsplass\/skreddersydde-mobler-og-innredning\/"},"modified":"2026-04-02T03:39:56","modified_gmt":"2026-04-02T01:39:56","slug":"skreddersydde-mobler-og-innredning","status":"publish","type":"product","link":"https:\/\/norwegianmade.no\/en\/produkt\/skreddersydde-mobler-og-innredning\/","title":{"rendered":"Skreddersydde m\u00f8bler og innredning"},"content":{"rendered":"<p><\/p>\n","protected":false},"excerpt":{"rendered":"<div class=\"wpspd-column-item wpspd-shortcode-jepjr56501b68jo6\" style=\"font-family: Lato, sans-serif\" data-mce-style=\"font-family: Lato, sans-serif;\">\n<p style=\"margin: 0px;padding: 0px 0px 20px;line-height: 18px\" data-mce-style=\"margin: 0px; padding: 0px 0px 20px; line-height: 18px;\"><span class=\"kktfwp-fs-20\">Hagen M\u00f8beldesign ble opprettet i 2016 og eies og drives av Kjetil Hagen. Vi leverer interi\u00f8r og eksteri\u00f8rl\u00f8sninger for b\u00e5de private og bedrifter. Vi har sterkt fokus p\u00e5 kvalitet og design, noe som gj\u00f8r at vi leverer gode l\u00f8sninger som varer.<\/span><\/p>\n<\/div>\n<div class=\"wpspd-column-item wpspd-shortcode-jeplk2cgdg4k2kjj\" style=\"font-family: Lato, sans-serif\" data-mce-style=\"font-family: Lato, sans-serif;\">\n<p style=\"margin: 0px;padding: 0px 0px 20px;line-height: 18px\" data-mce-style=\"margin: 0px; padding: 0px 0px 20px; line-height: 18px;\">Produktene designes etter foresp\u00f8rsel, og gjerne i samarbeid med kunde eller arkitekt. Fra id\u00e8 til ferdig produkt.<\/p>\n<p style=\"margin: 0px;padding: 0px 0px 20px;line-height: 18px\" data-mce-style=\"margin: 0px; padding: 0px 0px 20px; line-height: 18px;\">Hagen M\u00f8beldesign kj\u00f8per sine varer av lokale bedrifter og har tilhold i Porsgrunn.<\/p>\n<\/div>\n","protected":false},"featured_media":19224,"comment_status":"open","ping_status":"closed","template":"","meta":{"_acf_changed":false},"product_brand":[],"product_cat":[108,107,112,113,66],"product_tag":[],"class_list":{"0":"post-19227","1":"product","2":"type-product","3":"status-publish","4":"has-post-thumbnail","6":"product_vendor-hagen-mobeldesign","7":"product_cat-andre-ting-i-tre","8":"product_cat-bestillingsvarer-2","9":"product_cat-innredning","10":"product_cat-mobler","11":"product_cat-mobler-og-trevarer","13":"first","14":"instock","15":"taxable","16":"shipping-taxable","17":"product-type-simple"},"acf":[],"yoast_head":"<!-- This site is optimized with the Yoast SEO plugin v27.1.1 - https:\/\/yoast.com\/product\/yoast-seo-wordpress\/ -->\n<title>Skreddersydde m\u00f8bler og innredning &#8226; Norwegian Made<\/title>\n<meta name=\"robots\" content=\"index, follow, max-snippet:-1, max-image-preview:large, max-video-preview:-1\" \/>\n<link rel=\"canonical\" href=\"https:\/\/norwegianmade.no\/en\/produkt\/skreddersydde-mobler-og-innredning\/\" \/>\n<meta property=\"og:locale\" content=\"en_US\" \/>\n<meta property=\"og:type\" content=\"article\" \/>\n<meta property=\"og:title\" content=\"Skreddersydde m\u00f8bler og innredning &#8226; Norwegian Made\" \/>\n<meta property=\"og:description\" content=\"Hagen M\u00f8beldesign ble opprettet i 2016 og eies og drives av Kjetil Hagen. Vi leverer interi\u00f8r og eksteri\u00f8rl\u00f8sninger for b\u00e5de private og bedrifter. Vi har sterkt fokus p\u00e5 kvalitet og design, noe som gj\u00f8r at vi leverer gode l\u00f8sninger som varer.Produktene designes etter foresp\u00f8rsel, og gjerne i samarbeid med kunde eller arkitekt. Fra id\u00e8 til ferdig produkt.Hagen M\u00f8beldesign kj\u00f8per sine varer av lokale bedrifter og har tilhold i Porsgrunn.\" \/>\n<meta property=\"og:url\" content=\"https:\/\/norwegianmade.no\/en\/produkt\/skreddersydde-mobler-og-innredning\/\" \/>\n<meta property=\"og:site_name\" content=\"Norwegian Made\" \/>\n<meta property=\"article:modified_time\" content=\"2026-04-02T01:39:56+00:00\" \/>\n<meta property=\"og:image\" content=\"https:\/\/norwegianmade.no\/wp-content\/uploads\/2023\/09\/IMG_4775.jpeg\" \/>\n\t<meta property=\"og:image:width\" content=\"1123\" \/>\n\t<meta property=\"og:image:height\" content=\"1425\" \/>\n\t<meta property=\"og:image:type\" content=\"image\/jpeg\" \/>\n<meta name=\"twitter:card\" content=\"summary_large_image\" \/>\n<script type=\"application\/ld+json\" class=\"yoast-schema-graph\">{\"@context\":\"https:\/\/schema.org\",\"@graph\":[{\"@type\":\"WebPage\",\"@id\":\"https:\/\/norwegianmade.no\/en\/produkt\/skreddersydde-mobler-og-innredning\/\",\"url\":\"https:\/\/norwegianmade.no\/en\/produkt\/skreddersydde-mobler-og-innredning\/\",\"name\":\"Skreddersydde m\u00f8bler og innredning &#8226; Norwegian Made\",\"isPartOf\":{\"@id\":\"https:\/\/norwegianmade.no\/#website\"},\"primaryImageOfPage\":{\"@id\":\"https:\/\/norwegianmade.no\/en\/produkt\/skreddersydde-mobler-og-innredning\/#primaryimage\"},\"image\":{\"@id\":\"https:\/\/norwegianmade.no\/en\/produkt\/skreddersydde-mobler-og-innredning\/#primaryimage\"},\"thumbnailUrl\":\"https:\/\/norwegianmade.no\/wp-content\/uploads\/2023\/09\/IMG_4775.jpeg\",\"datePublished\":\"2023-09-23T11:44:19+00:00\",\"dateModified\":\"2026-04-02T01:39:56+00:00\",\"breadcrumb\":{\"@id\":\"https:\/\/norwegianmade.no\/en\/produkt\/skreddersydde-mobler-og-innredning\/#breadcrumb\"},\"inLanguage\":\"en-US\",\"potentialAction\":[{\"@type\":\"ReadAction\",\"target\":[\"https:\/\/norwegianmade.no\/en\/produkt\/skreddersydde-mobler-og-innredning\/\"]}]},{\"@type\":\"ImageObject\",\"inLanguage\":\"en-US\",\"@id\":\"https:\/\/norwegianmade.no\/en\/produkt\/skreddersydde-mobler-og-innredning\/#primaryimage\",\"url\":\"https:\/\/norwegianmade.no\/wp-content\/uploads\/2023\/09\/IMG_4775.jpeg\",\"contentUrl\":\"https:\/\/norwegianmade.no\/wp-content\/uploads\/2023\/09\/IMG_4775.jpeg\",\"width\":1123,\"height\":1425},{\"@type\":\"BreadcrumbList\",\"@id\":\"https:\/\/norwegianmade.no\/en\/produkt\/skreddersydde-mobler-og-innredning\/#breadcrumb\",\"itemListElement\":[{\"@type\":\"ListItem\",\"position\":1,\"name\":\"Hjem\",\"item\":\"https:\/\/norwegianmade.no\/en\/\"},{\"@type\":\"ListItem\",\"position\":2,\"name\":\"Shop\",\"item\":\"https:\/\/norwegianmade.no\/en\/shop\/\"},{\"@type\":\"ListItem\",\"position\":3,\"name\":\"Skreddersydde m\u00f8bler og innredning\"}]},{\"@type\":\"WebSite\",\"@id\":\"https:\/\/norwegianmade.no\/#website\",\"url\":\"https:\/\/norwegianmade.no\/\",\"name\":\"Norwegian Made\",\"description\":\"Norges st\u00f8rste markedsplass for norske produsenter\",\"publisher\":{\"@id\":\"https:\/\/norwegianmade.no\/#organization\"},\"potentialAction\":[{\"@type\":\"SearchAction\",\"target\":{\"@type\":\"EntryPoint\",\"urlTemplate\":\"https:\/\/norwegianmade.no\/?s={search_term_string}\"},\"query-input\":{\"@type\":\"PropertyValueSpecification\",\"valueRequired\":true,\"valueName\":\"search_term_string\"}}],\"inLanguage\":\"en-US\"},{\"@type\":\"Organization\",\"@id\":\"https:\/\/norwegianmade.no\/#organization\",\"name\":\"Norwegian Made\",\"url\":\"https:\/\/norwegianmade.no\/\",\"logo\":{\"@type\":\"ImageObject\",\"inLanguage\":\"en-US\",\"@id\":\"https:\/\/norwegianmade.no\/#\/schema\/logo\/image\/\",\"url\":\"https:\/\/norwegianmade.no\/wp-content\/uploads\/2020\/11\/logo-liggende-norwegian-made-web.png\",\"contentUrl\":\"https:\/\/norwegianmade.no\/wp-content\/uploads\/2020\/11\/logo-liggende-norwegian-made-web.png\",\"width\":200,\"height\":58,\"caption\":\"Norwegian Made\"},\"image\":{\"@id\":\"https:\/\/norwegianmade.no\/#\/schema\/logo\/image\/\"}}]}<\/script>\n<!-- \/ Yoast SEO plugin. -->","yoast_head_json":{"title":"Skreddersydde m\u00f8bler og innredning &#8226; Norwegian Made","robots":{"index":"index","follow":"follow","max-snippet":"max-snippet:-1","max-image-preview":"max-image-preview:large","max-video-preview":"max-video-preview:-1"},"canonical":"https:\/\/norwegianmade.no\/en\/produkt\/skreddersydde-mobler-og-innredning\/","og_locale":"en_US","og_type":"article","og_title":"Skreddersydde m\u00f8bler og innredning &#8226; Norwegian Made","og_description":"Hagen M\u00f8beldesign ble opprettet i 2016 og eies og drives av Kjetil Hagen. Vi leverer interi\u00f8r og eksteri\u00f8rl\u00f8sninger for b\u00e5de private og bedrifter. Vi har sterkt fokus p\u00e5 kvalitet og design, noe som gj\u00f8r at vi leverer gode l\u00f8sninger som varer.Produktene designes etter foresp\u00f8rsel, og gjerne i samarbeid med kunde eller arkitekt. Fra id\u00e8 til ferdig produkt.Hagen M\u00f8beldesign kj\u00f8per sine varer av lokale bedrifter og har tilhold i Porsgrunn.","og_url":"https:\/\/norwegianmade.no\/en\/produkt\/skreddersydde-mobler-og-innredning\/","og_site_name":"Norwegian Made","article_modified_time":"2026-04-02T01:39:56+00:00","og_image":[{"width":1123,"height":1425,"url":"https:\/\/norwegianmade.no\/wp-content\/uploads\/2023\/09\/IMG_4775.jpeg","type":"image\/jpeg"}],"twitter_card":"summary_large_image","schema":{"@context":"https:\/\/schema.org","@graph":[{"@type":"WebPage","@id":"https:\/\/norwegianmade.no\/en\/produkt\/skreddersydde-mobler-og-innredning\/","url":"https:\/\/norwegianmade.no\/en\/produkt\/skreddersydde-mobler-og-innredning\/","name":"Skreddersydde m\u00f8bler og innredning &#8226; Norwegian Made","isPartOf":{"@id":"https:\/\/norwegianmade.no\/#website"},"primaryImageOfPage":{"@id":"https:\/\/norwegianmade.no\/en\/produkt\/skreddersydde-mobler-og-innredning\/#primaryimage"},"image":{"@id":"https:\/\/norwegianmade.no\/en\/produkt\/skreddersydde-mobler-og-innredning\/#primaryimage"},"thumbnailUrl":"https:\/\/norwegianmade.no\/wp-content\/uploads\/2023\/09\/IMG_4775.jpeg","datePublished":"2023-09-23T11:44:19+00:00","dateModified":"2026-04-02T01:39:56+00:00","breadcrumb":{"@id":"https:\/\/norwegianmade.no\/en\/produkt\/skreddersydde-mobler-og-innredning\/#breadcrumb"},"inLanguage":"en-US","potentialAction":[{"@type":"ReadAction","target":["https:\/\/norwegianmade.no\/en\/produkt\/skreddersydde-mobler-og-innredning\/"]}]},{"@type":"ImageObject","inLanguage":"en-US","@id":"https:\/\/norwegianmade.no\/en\/produkt\/skreddersydde-mobler-og-innredning\/#primaryimage","url":"https:\/\/norwegianmade.no\/wp-content\/uploads\/2023\/09\/IMG_4775.jpeg","contentUrl":"https:\/\/norwegianmade.no\/wp-content\/uploads\/2023\/09\/IMG_4775.jpeg","width":1123,"height":1425},{"@type":"BreadcrumbList","@id":"https:\/\/norwegianmade.no\/en\/produkt\/skreddersydde-mobler-og-innredning\/#breadcrumb","itemListElement":[{"@type":"ListItem","position":1,"name":"Hjem","item":"https:\/\/norwegianmade.no\/en\/"},{"@type":"ListItem","position":2,"name":"Shop","item":"https:\/\/norwegianmade.no\/en\/shop\/"},{"@type":"ListItem","position":3,"name":"Skreddersydde m\u00f8bler og innredning"}]},{"@type":"WebSite","@id":"https:\/\/norwegianmade.no\/#website","url":"https:\/\/norwegianmade.no\/","name":"Norwegian Made","description":"Norges st\u00f8rste markedsplass for norske produsenter","publisher":{"@id":"https:\/\/norwegianmade.no\/#organization"},"potentialAction":[{"@type":"SearchAction","target":{"@type":"EntryPoint","urlTemplate":"https:\/\/norwegianmade.no\/?s={search_term_string}"},"query-input":{"@type":"PropertyValueSpecification","valueRequired":true,"valueName":"search_term_string"}}],"inLanguage":"en-US"},{"@type":"Organization","@id":"https:\/\/norwegianmade.no\/#organization","name":"Norwegian Made","url":"https:\/\/norwegianmade.no\/","logo":{"@type":"ImageObject","inLanguage":"en-US","@id":"https:\/\/norwegianmade.no\/#\/schema\/logo\/image\/","url":"https:\/\/norwegianmade.no\/wp-content\/uploads\/2020\/11\/logo-liggende-norwegian-made-web.png","contentUrl":"https:\/\/norwegianmade.no\/wp-content\/uploads\/2020\/11\/logo-liggende-norwegian-made-web.png","width":200,"height":58,"caption":"Norwegian Made"},"image":{"@id":"https:\/\/norwegianmade.no\/#\/schema\/logo\/image\/"}}]}},"_links":{"self":[{"href":"https:\/\/norwegianmade.no\/en\/wp-json\/wp\/v2\/product\/19227","targetHints":{"allow":["GET"]}}],"collection":[{"href":"https:\/\/norwegianmade.no\/en\/wp-json\/wp\/v2\/product"}],"about":[{"href":"https:\/\/norwegianmade.no\/en\/wp-json\/wp\/v2\/types\/product"}],"replies":[{"embeddable":true,"href":"https:\/\/norwegianmade.no\/en\/wp-json\/wp\/v2\/comments?post=19227"}],"wp:featuredmedia":[{"embeddable":true,"href":"https:\/\/norwegianmade.no\/en\/wp-json\/wp\/v2\/media\/19224"}],"wp:attachment":[{"href":"https:\/\/norwegianmade.no\/en\/wp-json\/wp\/v2\/media?parent=19227"}],"wp:term":[{"taxonomy":"product_brand","embeddable":true,"href":"https:\/\/norwegianmade.no\/en\/wp-json\/wp\/v2\/product_brand?post=19227"},{"taxonomy":"product_cat","embeddable":true,"href":"https:\/\/norwegianmade.no\/en\/wp-json\/wp\/v2\/product_cat?post=19227"},{"taxonomy":"product_tag","embeddable":true,"href":"https:\/\/norwegianmade.no\/en\/wp-json\/wp\/v2\/product_tag?post=19227"}],"curies":[{"name":"wp","href":"https:\/\/api.w.org\/{rel}","templated":true}]}}