{"id":19402,"date":"2023-10-29T17:56:42","date_gmt":"2023-10-29T16:56:42","guid":{"rendered":"https:\/\/norwegianmade.no\/markedsplass\/peace\/"},"modified":"2026-03-17T21:38:28","modified_gmt":"2026-03-17T20:38:28","slug":"peace","status":"publish","type":"product","link":"https:\/\/norwegianmade.no\/en\/produkt\/peace\/","title":{"rendered":"Peace"},"content":{"rendered":"<p><br data-mce-bogus=\"1\"><\/p>\n","protected":false},"excerpt":{"rendered":"<p>Anheng i 925 s\u00f8lv med en rosa agate og en rosenkvarts.<\/p>\n<p>Denne agate stenen st\u00e5r for meditasjon og det \u00e5 oppn\u00e5 indre fred.\u00a0Den forsterker din mentale klarhet, ditt fokus og din konsentrasjon slik at du bedrer din evne til \u00e5 ta gode beslutninger.<\/p>\n<p>Denne stenen hjelper deg ogs\u00e5 \u00e5 se fremover og ikke dvele ved fortiden, og den styrker selvtillit og hjelper deg til \u00e5 akseptere alle dine sider.<\/p>\n<p>Rose Quartz er kjent som hjerte stenen fordi den st\u00e5r for ubetinget kj\u00e6rlighet.\u00a0Denne oppfordrer og minner deg p\u00e5 \u00e5 v\u00e6re snill med deg selv og praktisere mer egenpleie.<\/p>\n<p>De to bladene representerer naturen og din vekst. Du vokser n\u00e5r du tar vare p\u00e5 deg selv og stoler p\u00e5 din egen intuisjon.<\/p>\n<p>Se fremover<\/p>\n","protected":false},"featured_media":19400,"comment_status":"open","ping_status":"closed","template":"","meta":{"_acf_changed":false},"product_brand":[],"product_cat":[228,140,62,106],"product_tag":[],"class_list":{"0":"post-19402","1":"product","2":"type-product","3":"status-publish","4":"has-post-thumbnail","6":"product_vendor-jewellery-by-vigdis","7":"product_cat-halskjeder","8":"product_cat-halskjeder-og-anheng","9":"product_cat-smykker","10":"product_cat-solvsmykker","12":"first","13":"instock","14":"taxable","15":"shipping-taxable","16":"product-type-external"},"acf":[],"yoast_head":"<!-- This site is optimized with the Yoast SEO plugin v27.1.1 - https:\/\/yoast.com\/product\/yoast-seo-wordpress\/ -->\n<title>Peace &#8226; Norwegian Made<\/title>\n<meta name=\"robots\" content=\"index, follow, max-snippet:-1, max-image-preview:large, max-video-preview:-1\" \/>\n<link rel=\"canonical\" href=\"https:\/\/norwegianmade.no\/en\/produkt\/peace\/\" \/>\n<meta property=\"og:locale\" content=\"en_US\" \/>\n<meta property=\"og:type\" content=\"article\" \/>\n<meta property=\"og:title\" content=\"Peace &#8226; Norwegian Made\" \/>\n<meta property=\"og:description\" content=\"Anheng i 925 s\u00f8lv med en rosa agate og en rosenkvarts.Denne agate stenen st\u00e5r for meditasjon og det \u00e5 oppn\u00e5 indre fred.\u00a0Den forsterker din mentale klarhet, ditt fokus og din konsentrasjon slik at du bedrer din evne til \u00e5 ta gode beslutninger.Denne stenen hjelper deg ogs\u00e5 \u00e5 se fremover og ikke dvele ved fortiden, og den styrker selvtillit og hjelper deg til \u00e5 akseptere alle dine sider.Rose Quartz er kjent som hjerte stenen fordi den st\u00e5r for ubetinget kj\u00e6rlighet.\u00a0Denne oppfordrer og minner deg p\u00e5 \u00e5 v\u00e6re snill med deg selv og praktisere mer egenpleie.De to bladene representerer naturen og din vekst. Du vokser n\u00e5r du tar vare p\u00e5 deg selv og stoler p\u00e5 din egen intuisjon.Se fremover\" \/>\n<meta property=\"og:url\" content=\"https:\/\/norwegianmade.no\/en\/produkt\/peace\/\" \/>\n<meta property=\"og:site_name\" content=\"Norwegian Made\" \/>\n<meta property=\"article:modified_time\" content=\"2026-03-17T20:38:28+00:00\" \/>\n<meta property=\"og:image\" content=\"https:\/\/norwegianmade.no\/wp-content\/uploads\/2023\/10\/endret.jpg\" \/>\n\t<meta property=\"og:image:width\" content=\"2048\" \/>\n\t<meta property=\"og:image:height\" content=\"2048\" \/>\n\t<meta property=\"og:image:type\" content=\"image\/jpeg\" \/>\n<meta name=\"twitter:card\" content=\"summary_large_image\" \/>\n<script type=\"application\/ld+json\" class=\"yoast-schema-graph\">{\"@context\":\"https:\/\/schema.org\",\"@graph\":[{\"@type\":\"WebPage\",\"@id\":\"https:\/\/norwegianmade.no\/en\/produkt\/peace\/\",\"url\":\"https:\/\/norwegianmade.no\/en\/produkt\/peace\/\",\"name\":\"Peace &#8226; Norwegian Made\",\"isPartOf\":{\"@id\":\"https:\/\/norwegianmade.no\/#website\"},\"primaryImageOfPage\":{\"@id\":\"https:\/\/norwegianmade.no\/en\/produkt\/peace\/#primaryimage\"},\"image\":{\"@id\":\"https:\/\/norwegianmade.no\/en\/produkt\/peace\/#primaryimage\"},\"thumbnailUrl\":\"https:\/\/norwegianmade.no\/wp-content\/uploads\/2023\/10\/endret.jpg\",\"datePublished\":\"2023-10-29T16:56:42+00:00\",\"dateModified\":\"2026-03-17T20:38:28+00:00\",\"breadcrumb\":{\"@id\":\"https:\/\/norwegianmade.no\/en\/produkt\/peace\/#breadcrumb\"},\"inLanguage\":\"en-US\",\"potentialAction\":[{\"@type\":\"ReadAction\",\"target\":[\"https:\/\/norwegianmade.no\/en\/produkt\/peace\/\"]}]},{\"@type\":\"ImageObject\",\"inLanguage\":\"en-US\",\"@id\":\"https:\/\/norwegianmade.no\/en\/produkt\/peace\/#primaryimage\",\"url\":\"https:\/\/norwegianmade.no\/wp-content\/uploads\/2023\/10\/endret.jpg\",\"contentUrl\":\"https:\/\/norwegianmade.no\/wp-content\/uploads\/2023\/10\/endret.jpg\",\"width\":2048,\"height\":2048},{\"@type\":\"BreadcrumbList\",\"@id\":\"https:\/\/norwegianmade.no\/en\/produkt\/peace\/#breadcrumb\",\"itemListElement\":[{\"@type\":\"ListItem\",\"position\":1,\"name\":\"Hjem\",\"item\":\"https:\/\/norwegianmade.no\/en\/\"},{\"@type\":\"ListItem\",\"position\":2,\"name\":\"Shop\",\"item\":\"https:\/\/norwegianmade.no\/en\/shop\/\"},{\"@type\":\"ListItem\",\"position\":3,\"name\":\"Peace\"}]},{\"@type\":\"WebSite\",\"@id\":\"https:\/\/norwegianmade.no\/#website\",\"url\":\"https:\/\/norwegianmade.no\/\",\"name\":\"Norwegian Made\",\"description\":\"Norges st\u00f8rste markedsplass for norske produsenter\",\"publisher\":{\"@id\":\"https:\/\/norwegianmade.no\/#organization\"},\"potentialAction\":[{\"@type\":\"SearchAction\",\"target\":{\"@type\":\"EntryPoint\",\"urlTemplate\":\"https:\/\/norwegianmade.no\/?s={search_term_string}\"},\"query-input\":{\"@type\":\"PropertyValueSpecification\",\"valueRequired\":true,\"valueName\":\"search_term_string\"}}],\"inLanguage\":\"en-US\"},{\"@type\":\"Organization\",\"@id\":\"https:\/\/norwegianmade.no\/#organization\",\"name\":\"Norwegian Made\",\"url\":\"https:\/\/norwegianmade.no\/\",\"logo\":{\"@type\":\"ImageObject\",\"inLanguage\":\"en-US\",\"@id\":\"https:\/\/norwegianmade.no\/#\/schema\/logo\/image\/\",\"url\":\"https:\/\/norwegianmade.no\/wp-content\/uploads\/2020\/11\/logo-liggende-norwegian-made-web.png\",\"contentUrl\":\"https:\/\/norwegianmade.no\/wp-content\/uploads\/2020\/11\/logo-liggende-norwegian-made-web.png\",\"width\":200,\"height\":58,\"caption\":\"Norwegian Made\"},\"image\":{\"@id\":\"https:\/\/norwegianmade.no\/#\/schema\/logo\/image\/\"}}]}<\/script>\n<!-- \/ Yoast SEO plugin. -->","yoast_head_json":{"title":"Peace &#8226; Norwegian Made","robots":{"index":"index","follow":"follow","max-snippet":"max-snippet:-1","max-image-preview":"max-image-preview:large","max-video-preview":"max-video-preview:-1"},"canonical":"https:\/\/norwegianmade.no\/en\/produkt\/peace\/","og_locale":"en_US","og_type":"article","og_title":"Peace &#8226; Norwegian Made","og_description":"Anheng i 925 s\u00f8lv med en rosa agate og en rosenkvarts.Denne agate stenen st\u00e5r for meditasjon og det \u00e5 oppn\u00e5 indre fred.\u00a0Den forsterker din mentale klarhet, ditt fokus og din konsentrasjon slik at du bedrer din evne til \u00e5 ta gode beslutninger.Denne stenen hjelper deg ogs\u00e5 \u00e5 se fremover og ikke dvele ved fortiden, og den styrker selvtillit og hjelper deg til \u00e5 akseptere alle dine sider.Rose Quartz er kjent som hjerte stenen fordi den st\u00e5r for ubetinget kj\u00e6rlighet.\u00a0Denne oppfordrer og minner deg p\u00e5 \u00e5 v\u00e6re snill med deg selv og praktisere mer egenpleie.De to bladene representerer naturen og din vekst. Du vokser n\u00e5r du tar vare p\u00e5 deg selv og stoler p\u00e5 din egen intuisjon.Se fremover","og_url":"https:\/\/norwegianmade.no\/en\/produkt\/peace\/","og_site_name":"Norwegian Made","article_modified_time":"2026-03-17T20:38:28+00:00","og_image":[{"width":2048,"height":2048,"url":"https:\/\/norwegianmade.no\/wp-content\/uploads\/2023\/10\/endret.jpg","type":"image\/jpeg"}],"twitter_card":"summary_large_image","schema":{"@context":"https:\/\/schema.org","@graph":[{"@type":"WebPage","@id":"https:\/\/norwegianmade.no\/en\/produkt\/peace\/","url":"https:\/\/norwegianmade.no\/en\/produkt\/peace\/","name":"Peace &#8226; Norwegian Made","isPartOf":{"@id":"https:\/\/norwegianmade.no\/#website"},"primaryImageOfPage":{"@id":"https:\/\/norwegianmade.no\/en\/produkt\/peace\/#primaryimage"},"image":{"@id":"https:\/\/norwegianmade.no\/en\/produkt\/peace\/#primaryimage"},"thumbnailUrl":"https:\/\/norwegianmade.no\/wp-content\/uploads\/2023\/10\/endret.jpg","datePublished":"2023-10-29T16:56:42+00:00","dateModified":"2026-03-17T20:38:28+00:00","breadcrumb":{"@id":"https:\/\/norwegianmade.no\/en\/produkt\/peace\/#breadcrumb"},"inLanguage":"en-US","potentialAction":[{"@type":"ReadAction","target":["https:\/\/norwegianmade.no\/en\/produkt\/peace\/"]}]},{"@type":"ImageObject","inLanguage":"en-US","@id":"https:\/\/norwegianmade.no\/en\/produkt\/peace\/#primaryimage","url":"https:\/\/norwegianmade.no\/wp-content\/uploads\/2023\/10\/endret.jpg","contentUrl":"https:\/\/norwegianmade.no\/wp-content\/uploads\/2023\/10\/endret.jpg","width":2048,"height":2048},{"@type":"BreadcrumbList","@id":"https:\/\/norwegianmade.no\/en\/produkt\/peace\/#breadcrumb","itemListElement":[{"@type":"ListItem","position":1,"name":"Hjem","item":"https:\/\/norwegianmade.no\/en\/"},{"@type":"ListItem","position":2,"name":"Shop","item":"https:\/\/norwegianmade.no\/en\/shop\/"},{"@type":"ListItem","position":3,"name":"Peace"}]},{"@type":"WebSite","@id":"https:\/\/norwegianmade.no\/#website","url":"https:\/\/norwegianmade.no\/","name":"Norwegian Made","description":"Norges st\u00f8rste markedsplass for norske produsenter","publisher":{"@id":"https:\/\/norwegianmade.no\/#organization"},"potentialAction":[{"@type":"SearchAction","target":{"@type":"EntryPoint","urlTemplate":"https:\/\/norwegianmade.no\/?s={search_term_string}"},"query-input":{"@type":"PropertyValueSpecification","valueRequired":true,"valueName":"search_term_string"}}],"inLanguage":"en-US"},{"@type":"Organization","@id":"https:\/\/norwegianmade.no\/#organization","name":"Norwegian Made","url":"https:\/\/norwegianmade.no\/","logo":{"@type":"ImageObject","inLanguage":"en-US","@id":"https:\/\/norwegianmade.no\/#\/schema\/logo\/image\/","url":"https:\/\/norwegianmade.no\/wp-content\/uploads\/2020\/11\/logo-liggende-norwegian-made-web.png","contentUrl":"https:\/\/norwegianmade.no\/wp-content\/uploads\/2020\/11\/logo-liggende-norwegian-made-web.png","width":200,"height":58,"caption":"Norwegian Made"},"image":{"@id":"https:\/\/norwegianmade.no\/#\/schema\/logo\/image\/"}}]}},"_links":{"self":[{"href":"https:\/\/norwegianmade.no\/en\/wp-json\/wp\/v2\/product\/19402","targetHints":{"allow":["GET"]}}],"collection":[{"href":"https:\/\/norwegianmade.no\/en\/wp-json\/wp\/v2\/product"}],"about":[{"href":"https:\/\/norwegianmade.no\/en\/wp-json\/wp\/v2\/types\/product"}],"replies":[{"embeddable":true,"href":"https:\/\/norwegianmade.no\/en\/wp-json\/wp\/v2\/comments?post=19402"}],"wp:featuredmedia":[{"embeddable":true,"href":"https:\/\/norwegianmade.no\/en\/wp-json\/wp\/v2\/media\/19400"}],"wp:attachment":[{"href":"https:\/\/norwegianmade.no\/en\/wp-json\/wp\/v2\/media?parent=19402"}],"wp:term":[{"taxonomy":"product_brand","embeddable":true,"href":"https:\/\/norwegianmade.no\/en\/wp-json\/wp\/v2\/product_brand?post=19402"},{"taxonomy":"product_cat","embeddable":true,"href":"https:\/\/norwegianmade.no\/en\/wp-json\/wp\/v2\/product_cat?post=19402"},{"taxonomy":"product_tag","embeddable":true,"href":"https:\/\/norwegianmade.no\/en\/wp-json\/wp\/v2\/product_tag?post=19402"}],"curies":[{"name":"wp","href":"https:\/\/api.w.org\/{rel}","templated":true}]}}