{"id":19417,"date":"2023-10-29T22:07:07","date_gmt":"2023-10-29T21:07:07","guid":{"rendered":"https:\/\/norwegianmade.no\/markedsplass\/deck-of-cards-anhend\/"},"modified":"2024-03-10T06:29:26","modified_gmt":"2024-03-10T05:29:26","slug":"deck-of-cards-anhend","status":"publish","type":"product","link":"https:\/\/norwegianmade.no\/en\/produkt\/deck-of-cards-anhend\/","title":{"rendered":"Deck of Cards &#8211; anheng"},"content":{"rendered":"<p><br data-mce-bogus=\"1\"><\/p>\n","protected":false},"excerpt":{"rendered":"<p>Deck of cards er alle val\u00f8rene i kortstokken enkeltvis<\/p>\n<p>Denne kolleksjonen kommer som en forlengelse av Grand som er alle val\u00f8rene samlet i ett smykke.\u00a0<\/p>\n<p>Alle smykkene h\u00e5ndlages p\u00e5 eget verksted i Horten av 100% resirkulert s\u00f8lv.<\/p>\n<p>Alle anheng kommer med kjede p\u00e5 42-45 cm. Ta kontakt for andre alternativer\u00a0<\/p>\n","protected":false},"featured_media":19409,"comment_status":"open","ping_status":"closed","template":"","meta":{"_acf_changed":false},"product_brand":[],"product_cat":[140,62,106],"product_tag":[],"class_list":{"0":"post-19417","1":"product","2":"type-product","3":"status-publish","4":"has-post-thumbnail","6":"product_vendor-jewellery-by-vigdis","7":"product_cat-halskjeder-og-anheng","8":"product_cat-smykker","9":"product_cat-solvsmykker","11":"first","12":"instock","13":"taxable","14":"shipping-taxable","15":"product-type-external"},"acf":[],"yoast_head":"<!-- This site is optimized with the Yoast SEO plugin v27.1.1 - https:\/\/yoast.com\/product\/yoast-seo-wordpress\/ -->\n<title>Deck of Cards - anheng &#8226; Norwegian Made<\/title>\n<meta name=\"robots\" content=\"index, follow, max-snippet:-1, max-image-preview:large, max-video-preview:-1\" \/>\n<link rel=\"canonical\" href=\"https:\/\/norwegianmade.no\/produkt\/deck-of-cards-anhend\/\" \/>\n<meta property=\"og:locale\" content=\"en_US\" \/>\n<meta property=\"og:type\" content=\"article\" \/>\n<meta property=\"og:title\" content=\"Deck of Cards - anheng &#8226; Norwegian Made\" \/>\n<meta property=\"og:description\" content=\"Deck of cards er alle val\u00f8rene i kortstokken enkeltvisDenne kolleksjonen kommer som en forlengelse av Grand som er alle val\u00f8rene samlet i ett smykke.\u00a0Alle smykkene h\u00e5ndlages p\u00e5 eget verksted i Horten av 100% resirkulert s\u00f8lv.Alle anheng kommer med kjede p\u00e5 42-45 cm. Ta kontakt for andre alternativer\u00a0\" \/>\n<meta property=\"og:url\" content=\"https:\/\/norwegianmade.no\/produkt\/deck-of-cards-anhend\/\" \/>\n<meta property=\"og:site_name\" content=\"Norwegian Made\" \/>\n<meta property=\"article:modified_time\" content=\"2024-03-10T05:29:26+00:00\" \/>\n<meta property=\"og:image\" content=\"https:\/\/norwegianmade.no\/wp-content\/uploads\/2023\/10\/JvB_9051_01_20x30_72dpi.jpg\" \/>\n\t<meta property=\"og:image:width\" content=\"567\" \/>\n\t<meta property=\"og:image:height\" content=\"850\" \/>\n\t<meta property=\"og:image:type\" content=\"image\/jpeg\" \/>\n<meta name=\"twitter:card\" content=\"summary_large_image\" \/>\n<script type=\"application\/ld+json\" class=\"yoast-schema-graph\">{\"@context\":\"https:\/\/schema.org\",\"@graph\":[{\"@type\":\"WebPage\",\"@id\":\"https:\/\/norwegianmade.no\/produkt\/deck-of-cards-anhend\/\",\"url\":\"https:\/\/norwegianmade.no\/produkt\/deck-of-cards-anhend\/\",\"name\":\"Deck of Cards - anheng &#8226; Norwegian Made\",\"isPartOf\":{\"@id\":\"https:\/\/norwegianmade.no\/#website\"},\"primaryImageOfPage\":{\"@id\":\"https:\/\/norwegianmade.no\/produkt\/deck-of-cards-anhend\/#primaryimage\"},\"image\":{\"@id\":\"https:\/\/norwegianmade.no\/produkt\/deck-of-cards-anhend\/#primaryimage\"},\"thumbnailUrl\":\"https:\/\/norwegianmade.no\/wp-content\/uploads\/2023\/10\/JvB_9051_01_20x30_72dpi.jpg\",\"datePublished\":\"2023-10-29T21:07:07+00:00\",\"dateModified\":\"2024-03-10T05:29:26+00:00\",\"breadcrumb\":{\"@id\":\"https:\/\/norwegianmade.no\/produkt\/deck-of-cards-anhend\/#breadcrumb\"},\"inLanguage\":\"en-US\",\"potentialAction\":[{\"@type\":\"ReadAction\",\"target\":[\"https:\/\/norwegianmade.no\/produkt\/deck-of-cards-anhend\/\"]}]},{\"@type\":\"ImageObject\",\"inLanguage\":\"en-US\",\"@id\":\"https:\/\/norwegianmade.no\/produkt\/deck-of-cards-anhend\/#primaryimage\",\"url\":\"https:\/\/norwegianmade.no\/wp-content\/uploads\/2023\/10\/JvB_9051_01_20x30_72dpi.jpg\",\"contentUrl\":\"https:\/\/norwegianmade.no\/wp-content\/uploads\/2023\/10\/JvB_9051_01_20x30_72dpi.jpg\",\"width\":567,\"height\":850},{\"@type\":\"BreadcrumbList\",\"@id\":\"https:\/\/norwegianmade.no\/produkt\/deck-of-cards-anhend\/#breadcrumb\",\"itemListElement\":[{\"@type\":\"ListItem\",\"position\":1,\"name\":\"Hjem\",\"item\":\"https:\/\/norwegianmade.no\/en\/\"},{\"@type\":\"ListItem\",\"position\":2,\"name\":\"Shop\",\"item\":\"https:\/\/norwegianmade.no\/en\/shop\/\"},{\"@type\":\"ListItem\",\"position\":3,\"name\":\"Deck of Cards &#8211; anheng\"}]},{\"@type\":\"WebSite\",\"@id\":\"https:\/\/norwegianmade.no\/#website\",\"url\":\"https:\/\/norwegianmade.no\/\",\"name\":\"Norwegian Made\",\"description\":\"Norges st\u00f8rste markedsplass for norske produsenter\",\"publisher\":{\"@id\":\"https:\/\/norwegianmade.no\/#organization\"},\"potentialAction\":[{\"@type\":\"SearchAction\",\"target\":{\"@type\":\"EntryPoint\",\"urlTemplate\":\"https:\/\/norwegianmade.no\/?s={search_term_string}\"},\"query-input\":{\"@type\":\"PropertyValueSpecification\",\"valueRequired\":true,\"valueName\":\"search_term_string\"}}],\"inLanguage\":\"en-US\"},{\"@type\":\"Organization\",\"@id\":\"https:\/\/norwegianmade.no\/#organization\",\"name\":\"Norwegian Made\",\"url\":\"https:\/\/norwegianmade.no\/\",\"logo\":{\"@type\":\"ImageObject\",\"inLanguage\":\"en-US\",\"@id\":\"https:\/\/norwegianmade.no\/#\/schema\/logo\/image\/\",\"url\":\"https:\/\/norwegianmade.no\/wp-content\/uploads\/2020\/11\/logo-liggende-norwegian-made-web.png\",\"contentUrl\":\"https:\/\/norwegianmade.no\/wp-content\/uploads\/2020\/11\/logo-liggende-norwegian-made-web.png\",\"width\":200,\"height\":58,\"caption\":\"Norwegian Made\"},\"image\":{\"@id\":\"https:\/\/norwegianmade.no\/#\/schema\/logo\/image\/\"}}]}<\/script>\n<!-- \/ Yoast SEO plugin. -->","yoast_head_json":{"title":"Deck of Cards - anheng &#8226; Norwegian Made","robots":{"index":"index","follow":"follow","max-snippet":"max-snippet:-1","max-image-preview":"max-image-preview:large","max-video-preview":"max-video-preview:-1"},"canonical":"https:\/\/norwegianmade.no\/produkt\/deck-of-cards-anhend\/","og_locale":"en_US","og_type":"article","og_title":"Deck of Cards - anheng &#8226; Norwegian Made","og_description":"Deck of cards er alle val\u00f8rene i kortstokken enkeltvisDenne kolleksjonen kommer som en forlengelse av Grand som er alle val\u00f8rene samlet i ett smykke.\u00a0Alle smykkene h\u00e5ndlages p\u00e5 eget verksted i Horten av 100% resirkulert s\u00f8lv.Alle anheng kommer med kjede p\u00e5 42-45 cm. Ta kontakt for andre alternativer\u00a0","og_url":"https:\/\/norwegianmade.no\/produkt\/deck-of-cards-anhend\/","og_site_name":"Norwegian Made","article_modified_time":"2024-03-10T05:29:26+00:00","og_image":[{"width":567,"height":850,"url":"https:\/\/norwegianmade.no\/wp-content\/uploads\/2023\/10\/JvB_9051_01_20x30_72dpi.jpg","type":"image\/jpeg"}],"twitter_card":"summary_large_image","schema":{"@context":"https:\/\/schema.org","@graph":[{"@type":"WebPage","@id":"https:\/\/norwegianmade.no\/produkt\/deck-of-cards-anhend\/","url":"https:\/\/norwegianmade.no\/produkt\/deck-of-cards-anhend\/","name":"Deck of Cards - anheng &#8226; Norwegian Made","isPartOf":{"@id":"https:\/\/norwegianmade.no\/#website"},"primaryImageOfPage":{"@id":"https:\/\/norwegianmade.no\/produkt\/deck-of-cards-anhend\/#primaryimage"},"image":{"@id":"https:\/\/norwegianmade.no\/produkt\/deck-of-cards-anhend\/#primaryimage"},"thumbnailUrl":"https:\/\/norwegianmade.no\/wp-content\/uploads\/2023\/10\/JvB_9051_01_20x30_72dpi.jpg","datePublished":"2023-10-29T21:07:07+00:00","dateModified":"2024-03-10T05:29:26+00:00","breadcrumb":{"@id":"https:\/\/norwegianmade.no\/produkt\/deck-of-cards-anhend\/#breadcrumb"},"inLanguage":"en-US","potentialAction":[{"@type":"ReadAction","target":["https:\/\/norwegianmade.no\/produkt\/deck-of-cards-anhend\/"]}]},{"@type":"ImageObject","inLanguage":"en-US","@id":"https:\/\/norwegianmade.no\/produkt\/deck-of-cards-anhend\/#primaryimage","url":"https:\/\/norwegianmade.no\/wp-content\/uploads\/2023\/10\/JvB_9051_01_20x30_72dpi.jpg","contentUrl":"https:\/\/norwegianmade.no\/wp-content\/uploads\/2023\/10\/JvB_9051_01_20x30_72dpi.jpg","width":567,"height":850},{"@type":"BreadcrumbList","@id":"https:\/\/norwegianmade.no\/produkt\/deck-of-cards-anhend\/#breadcrumb","itemListElement":[{"@type":"ListItem","position":1,"name":"Hjem","item":"https:\/\/norwegianmade.no\/en\/"},{"@type":"ListItem","position":2,"name":"Shop","item":"https:\/\/norwegianmade.no\/en\/shop\/"},{"@type":"ListItem","position":3,"name":"Deck of Cards &#8211; anheng"}]},{"@type":"WebSite","@id":"https:\/\/norwegianmade.no\/#website","url":"https:\/\/norwegianmade.no\/","name":"Norwegian Made","description":"Norges st\u00f8rste markedsplass for norske produsenter","publisher":{"@id":"https:\/\/norwegianmade.no\/#organization"},"potentialAction":[{"@type":"SearchAction","target":{"@type":"EntryPoint","urlTemplate":"https:\/\/norwegianmade.no\/?s={search_term_string}"},"query-input":{"@type":"PropertyValueSpecification","valueRequired":true,"valueName":"search_term_string"}}],"inLanguage":"en-US"},{"@type":"Organization","@id":"https:\/\/norwegianmade.no\/#organization","name":"Norwegian Made","url":"https:\/\/norwegianmade.no\/","logo":{"@type":"ImageObject","inLanguage":"en-US","@id":"https:\/\/norwegianmade.no\/#\/schema\/logo\/image\/","url":"https:\/\/norwegianmade.no\/wp-content\/uploads\/2020\/11\/logo-liggende-norwegian-made-web.png","contentUrl":"https:\/\/norwegianmade.no\/wp-content\/uploads\/2020\/11\/logo-liggende-norwegian-made-web.png","width":200,"height":58,"caption":"Norwegian Made"},"image":{"@id":"https:\/\/norwegianmade.no\/#\/schema\/logo\/image\/"}}]}},"_links":{"self":[{"href":"https:\/\/norwegianmade.no\/en\/wp-json\/wp\/v2\/product\/19417","targetHints":{"allow":["GET"]}}],"collection":[{"href":"https:\/\/norwegianmade.no\/en\/wp-json\/wp\/v2\/product"}],"about":[{"href":"https:\/\/norwegianmade.no\/en\/wp-json\/wp\/v2\/types\/product"}],"replies":[{"embeddable":true,"href":"https:\/\/norwegianmade.no\/en\/wp-json\/wp\/v2\/comments?post=19417"}],"wp:featuredmedia":[{"embeddable":true,"href":"https:\/\/norwegianmade.no\/en\/wp-json\/wp\/v2\/media\/19409"}],"wp:attachment":[{"href":"https:\/\/norwegianmade.no\/en\/wp-json\/wp\/v2\/media?parent=19417"}],"wp:term":[{"taxonomy":"product_brand","embeddable":true,"href":"https:\/\/norwegianmade.no\/en\/wp-json\/wp\/v2\/product_brand?post=19417"},{"taxonomy":"product_cat","embeddable":true,"href":"https:\/\/norwegianmade.no\/en\/wp-json\/wp\/v2\/product_cat?post=19417"},{"taxonomy":"product_tag","embeddable":true,"href":"https:\/\/norwegianmade.no\/en\/wp-json\/wp\/v2\/product_tag?post=19417"}],"curies":[{"name":"wp","href":"https:\/\/api.w.org\/{rel}","templated":true}]}}