{"id":19474,"date":"2023-11-15T15:15:10","date_gmt":"2023-11-15T14:15:10","guid":{"rendered":"https:\/\/norwegianmade.no\/produkt\/bunader-og-kurs\/"},"modified":"2026-04-02T03:37:03","modified_gmt":"2026-04-02T01:37:03","slug":"bunader-og-kurs","status":"publish","type":"product","link":"https:\/\/norwegianmade.no\/en\/produkt\/bunader-og-kurs\/","title":{"rendered":"Bunader og kurs"},"content":{"rendered":"<p class=\"\"><span style=\"text-align: center\" data-mce-style=\"text-align: center;\">Spesialisering p\u00e5 rekonstruerte bunader.\u00a0 Kunnskapen om bunadene vi lager har vi f\u00e5tt gjennom \u00e5 g\u00e5 inn i hvert enkelt draktomr\u00e5de og samlet den kunnskapen om bunaden som har v\u00e6rt tilgjengelig.\u00a0\u00a0 Vi arbeider ut fra originale m\u00f8nster og vektlegger \u00e5 ta vare p\u00e5 plaggenes uttrykk og s\u00e6rpreg. P\u00e5 de rekonstruerte bunadene brukes de originale s\u00f8mteknikkene n\u00e5r plaggene monteres.<\/span><\/p>\n<p class=\"\">Vi produsererer ogs\u00e5 noen av de komponerte bunadene. Felles for disse er at de har et mer eller mindre moderene snitt og har et uttrykk som er inspirert av en eldre mote. De fleste kjenner disse bunadene som en del av de gode gamle bunader. Disse blir i hovedsak sydd p\u00e5 maskin, men har h\u00e5ndsydde detaljer som f.eks.knapphull.<\/p>\n","protected":false},"excerpt":{"rendered":"<p><em style=\"font-family: europa;font-size: 13px;letter-spacing: 0.5px\" data-mce-style=\"font-family: europa; font-size: 13px; letter-spacing: 0.5px;\">Vi syr bunader etter gammel drakttradisjon og legger vekt p\u00e5 riktig snitt, god tilpasning og riktig valg av stoffkvaliteter og s\u00f8mteknikker<\/em><\/p>\n<p>Se v\u00e5re bunader her:\u00a0<a href=\"http:\/\/www.bunadtilvirkerne.no\/bunader\" data-mce-href=\"http:\/\/www.bunadtilvirkerne.no\/bunader\">http:\/\/www.bunadtilvirkerne.no\/bunader<\/a><\/p>\n<p>Se v\u00e5re kurs her:\u00a0<a href=\"http:\/\/www.bunadtilvirkerne.no\/new-page-1\" data-mce-href=\"http:\/\/www.bunadtilvirkerne.no\/new-page-1\">http:\/\/www.bunadtilvirkerne.no\/new-page-1<\/a><\/p>\n","protected":false},"featured_media":19470,"comment_status":"open","ping_status":"closed","template":"","meta":{"_acf_changed":false},"product_brand":[],"product_cat":[93,60],"product_tag":[],"class_list":{"0":"post-19474","1":"product","2":"type-product","3":"status-publish","4":"has-post-thumbnail","6":"product_vendor-bunadtilvirkerne","7":"product_cat-bunad","8":"product_cat-tekstil","10":"first","11":"instock","12":"taxable","13":"shipping-taxable","14":"product-type-simple"},"acf":[],"yoast_head":"<!-- This site is optimized with the Yoast SEO plugin v27.1.1 - https:\/\/yoast.com\/product\/yoast-seo-wordpress\/ -->\n<title>Bunader og kurs &#8226; Norwegian Made<\/title>\n<meta name=\"robots\" content=\"index, follow, max-snippet:-1, max-image-preview:large, max-video-preview:-1\" \/>\n<link rel=\"canonical\" href=\"https:\/\/norwegianmade.no\/produkt\/bunader-og-kurs\/\" \/>\n<meta property=\"og:locale\" content=\"en_US\" \/>\n<meta property=\"og:type\" content=\"article\" \/>\n<meta property=\"og:title\" content=\"Bunader og kurs &#8226; Norwegian Made\" \/>\n<meta property=\"og:description\" content=\"Vi syr bunader etter gammel drakttradisjon og legger vekt p\u00e5 riktig snitt, god tilpasning og riktig valg av stoffkvaliteter og s\u00f8mteknikkerSe v\u00e5re bunader her:\u00a0http:\/\/www.bunadtilvirkerne.no\/bunaderSe v\u00e5re kurs her:\u00a0http:\/\/www.bunadtilvirkerne.no\/new-page-1\" \/>\n<meta property=\"og:url\" content=\"https:\/\/norwegianmade.no\/produkt\/bunader-og-kurs\/\" \/>\n<meta property=\"og:site_name\" content=\"Norwegian Made\" \/>\n<meta property=\"article:modified_time\" content=\"2026-04-02T01:37:03+00:00\" \/>\n<meta property=\"og:image\" content=\"https:\/\/norwegianmade.no\/wp-content\/uploads\/2023\/11\/D4854698-1F7D-43F0-A536-837CC51CF2E0-1.jpeg\" \/>\n\t<meta property=\"og:image:width\" content=\"1440\" \/>\n\t<meta property=\"og:image:height\" content=\"1800\" \/>\n\t<meta property=\"og:image:type\" content=\"image\/jpeg\" \/>\n<meta name=\"twitter:card\" content=\"summary_large_image\" \/>\n<meta name=\"twitter:label1\" content=\"Est. reading time\" \/>\n\t<meta name=\"twitter:data1\" content=\"1 minute\" \/>\n<script type=\"application\/ld+json\" class=\"yoast-schema-graph\">{\"@context\":\"https:\/\/schema.org\",\"@graph\":[{\"@type\":\"WebPage\",\"@id\":\"https:\/\/norwegianmade.no\/produkt\/bunader-og-kurs\/\",\"url\":\"https:\/\/norwegianmade.no\/produkt\/bunader-og-kurs\/\",\"name\":\"Bunader og kurs &#8226; Norwegian Made\",\"isPartOf\":{\"@id\":\"https:\/\/norwegianmade.no\/#website\"},\"primaryImageOfPage\":{\"@id\":\"https:\/\/norwegianmade.no\/produkt\/bunader-og-kurs\/#primaryimage\"},\"image\":{\"@id\":\"https:\/\/norwegianmade.no\/produkt\/bunader-og-kurs\/#primaryimage\"},\"thumbnailUrl\":\"https:\/\/norwegianmade.no\/wp-content\/uploads\/2023\/11\/D4854698-1F7D-43F0-A536-837CC51CF2E0-1.jpeg\",\"datePublished\":\"2023-11-15T14:15:10+00:00\",\"dateModified\":\"2026-04-02T01:37:03+00:00\",\"breadcrumb\":{\"@id\":\"https:\/\/norwegianmade.no\/produkt\/bunader-og-kurs\/#breadcrumb\"},\"inLanguage\":\"en-US\",\"potentialAction\":[{\"@type\":\"ReadAction\",\"target\":[\"https:\/\/norwegianmade.no\/produkt\/bunader-og-kurs\/\"]}]},{\"@type\":\"ImageObject\",\"inLanguage\":\"en-US\",\"@id\":\"https:\/\/norwegianmade.no\/produkt\/bunader-og-kurs\/#primaryimage\",\"url\":\"https:\/\/norwegianmade.no\/wp-content\/uploads\/2023\/11\/D4854698-1F7D-43F0-A536-837CC51CF2E0-1.jpeg\",\"contentUrl\":\"https:\/\/norwegianmade.no\/wp-content\/uploads\/2023\/11\/D4854698-1F7D-43F0-A536-837CC51CF2E0-1.jpeg\",\"width\":1440,\"height\":1800},{\"@type\":\"BreadcrumbList\",\"@id\":\"https:\/\/norwegianmade.no\/produkt\/bunader-og-kurs\/#breadcrumb\",\"itemListElement\":[{\"@type\":\"ListItem\",\"position\":1,\"name\":\"Hjem\",\"item\":\"https:\/\/norwegianmade.no\/en\/\"},{\"@type\":\"ListItem\",\"position\":2,\"name\":\"Shop\",\"item\":\"https:\/\/norwegianmade.no\/en\/shop\/\"},{\"@type\":\"ListItem\",\"position\":3,\"name\":\"Bunader og kurs\"}]},{\"@type\":\"WebSite\",\"@id\":\"https:\/\/norwegianmade.no\/#website\",\"url\":\"https:\/\/norwegianmade.no\/\",\"name\":\"Norwegian Made\",\"description\":\"Norges st\u00f8rste markedsplass for norske produsenter\",\"publisher\":{\"@id\":\"https:\/\/norwegianmade.no\/#organization\"},\"potentialAction\":[{\"@type\":\"SearchAction\",\"target\":{\"@type\":\"EntryPoint\",\"urlTemplate\":\"https:\/\/norwegianmade.no\/?s={search_term_string}\"},\"query-input\":{\"@type\":\"PropertyValueSpecification\",\"valueRequired\":true,\"valueName\":\"search_term_string\"}}],\"inLanguage\":\"en-US\"},{\"@type\":\"Organization\",\"@id\":\"https:\/\/norwegianmade.no\/#organization\",\"name\":\"Norwegian Made\",\"url\":\"https:\/\/norwegianmade.no\/\",\"logo\":{\"@type\":\"ImageObject\",\"inLanguage\":\"en-US\",\"@id\":\"https:\/\/norwegianmade.no\/#\/schema\/logo\/image\/\",\"url\":\"https:\/\/norwegianmade.no\/wp-content\/uploads\/2020\/11\/logo-liggende-norwegian-made-web.png\",\"contentUrl\":\"https:\/\/norwegianmade.no\/wp-content\/uploads\/2020\/11\/logo-liggende-norwegian-made-web.png\",\"width\":200,\"height\":58,\"caption\":\"Norwegian Made\"},\"image\":{\"@id\":\"https:\/\/norwegianmade.no\/#\/schema\/logo\/image\/\"}}]}<\/script>\n<!-- \/ Yoast SEO plugin. -->","yoast_head_json":{"title":"Bunader og kurs &#8226; Norwegian Made","robots":{"index":"index","follow":"follow","max-snippet":"max-snippet:-1","max-image-preview":"max-image-preview:large","max-video-preview":"max-video-preview:-1"},"canonical":"https:\/\/norwegianmade.no\/produkt\/bunader-og-kurs\/","og_locale":"en_US","og_type":"article","og_title":"Bunader og kurs &#8226; Norwegian Made","og_description":"Vi syr bunader etter gammel drakttradisjon og legger vekt p\u00e5 riktig snitt, god tilpasning og riktig valg av stoffkvaliteter og s\u00f8mteknikkerSe v\u00e5re bunader her:\u00a0http:\/\/www.bunadtilvirkerne.no\/bunaderSe v\u00e5re kurs her:\u00a0http:\/\/www.bunadtilvirkerne.no\/new-page-1","og_url":"https:\/\/norwegianmade.no\/produkt\/bunader-og-kurs\/","og_site_name":"Norwegian Made","article_modified_time":"2026-04-02T01:37:03+00:00","og_image":[{"width":1440,"height":1800,"url":"https:\/\/norwegianmade.no\/wp-content\/uploads\/2023\/11\/D4854698-1F7D-43F0-A536-837CC51CF2E0-1.jpeg","type":"image\/jpeg"}],"twitter_card":"summary_large_image","twitter_misc":{"Est. reading time":"1 minute"},"schema":{"@context":"https:\/\/schema.org","@graph":[{"@type":"WebPage","@id":"https:\/\/norwegianmade.no\/produkt\/bunader-og-kurs\/","url":"https:\/\/norwegianmade.no\/produkt\/bunader-og-kurs\/","name":"Bunader og kurs &#8226; Norwegian Made","isPartOf":{"@id":"https:\/\/norwegianmade.no\/#website"},"primaryImageOfPage":{"@id":"https:\/\/norwegianmade.no\/produkt\/bunader-og-kurs\/#primaryimage"},"image":{"@id":"https:\/\/norwegianmade.no\/produkt\/bunader-og-kurs\/#primaryimage"},"thumbnailUrl":"https:\/\/norwegianmade.no\/wp-content\/uploads\/2023\/11\/D4854698-1F7D-43F0-A536-837CC51CF2E0-1.jpeg","datePublished":"2023-11-15T14:15:10+00:00","dateModified":"2026-04-02T01:37:03+00:00","breadcrumb":{"@id":"https:\/\/norwegianmade.no\/produkt\/bunader-og-kurs\/#breadcrumb"},"inLanguage":"en-US","potentialAction":[{"@type":"ReadAction","target":["https:\/\/norwegianmade.no\/produkt\/bunader-og-kurs\/"]}]},{"@type":"ImageObject","inLanguage":"en-US","@id":"https:\/\/norwegianmade.no\/produkt\/bunader-og-kurs\/#primaryimage","url":"https:\/\/norwegianmade.no\/wp-content\/uploads\/2023\/11\/D4854698-1F7D-43F0-A536-837CC51CF2E0-1.jpeg","contentUrl":"https:\/\/norwegianmade.no\/wp-content\/uploads\/2023\/11\/D4854698-1F7D-43F0-A536-837CC51CF2E0-1.jpeg","width":1440,"height":1800},{"@type":"BreadcrumbList","@id":"https:\/\/norwegianmade.no\/produkt\/bunader-og-kurs\/#breadcrumb","itemListElement":[{"@type":"ListItem","position":1,"name":"Hjem","item":"https:\/\/norwegianmade.no\/en\/"},{"@type":"ListItem","position":2,"name":"Shop","item":"https:\/\/norwegianmade.no\/en\/shop\/"},{"@type":"ListItem","position":3,"name":"Bunader og kurs"}]},{"@type":"WebSite","@id":"https:\/\/norwegianmade.no\/#website","url":"https:\/\/norwegianmade.no\/","name":"Norwegian Made","description":"Norges st\u00f8rste markedsplass for norske produsenter","publisher":{"@id":"https:\/\/norwegianmade.no\/#organization"},"potentialAction":[{"@type":"SearchAction","target":{"@type":"EntryPoint","urlTemplate":"https:\/\/norwegianmade.no\/?s={search_term_string}"},"query-input":{"@type":"PropertyValueSpecification","valueRequired":true,"valueName":"search_term_string"}}],"inLanguage":"en-US"},{"@type":"Organization","@id":"https:\/\/norwegianmade.no\/#organization","name":"Norwegian Made","url":"https:\/\/norwegianmade.no\/","logo":{"@type":"ImageObject","inLanguage":"en-US","@id":"https:\/\/norwegianmade.no\/#\/schema\/logo\/image\/","url":"https:\/\/norwegianmade.no\/wp-content\/uploads\/2020\/11\/logo-liggende-norwegian-made-web.png","contentUrl":"https:\/\/norwegianmade.no\/wp-content\/uploads\/2020\/11\/logo-liggende-norwegian-made-web.png","width":200,"height":58,"caption":"Norwegian Made"},"image":{"@id":"https:\/\/norwegianmade.no\/#\/schema\/logo\/image\/"}}]}},"_links":{"self":[{"href":"https:\/\/norwegianmade.no\/en\/wp-json\/wp\/v2\/product\/19474","targetHints":{"allow":["GET"]}}],"collection":[{"href":"https:\/\/norwegianmade.no\/en\/wp-json\/wp\/v2\/product"}],"about":[{"href":"https:\/\/norwegianmade.no\/en\/wp-json\/wp\/v2\/types\/product"}],"replies":[{"embeddable":true,"href":"https:\/\/norwegianmade.no\/en\/wp-json\/wp\/v2\/comments?post=19474"}],"wp:featuredmedia":[{"embeddable":true,"href":"https:\/\/norwegianmade.no\/en\/wp-json\/wp\/v2\/media\/19470"}],"wp:attachment":[{"href":"https:\/\/norwegianmade.no\/en\/wp-json\/wp\/v2\/media?parent=19474"}],"wp:term":[{"taxonomy":"product_brand","embeddable":true,"href":"https:\/\/norwegianmade.no\/en\/wp-json\/wp\/v2\/product_brand?post=19474"},{"taxonomy":"product_cat","embeddable":true,"href":"https:\/\/norwegianmade.no\/en\/wp-json\/wp\/v2\/product_cat?post=19474"},{"taxonomy":"product_tag","embeddable":true,"href":"https:\/\/norwegianmade.no\/en\/wp-json\/wp\/v2\/product_tag?post=19474"}],"curies":[{"name":"wp","href":"https:\/\/api.w.org\/{rel}","templated":true}]}}