{"id":19492,"date":"2023-11-21T18:55:18","date_gmt":"2023-11-21T17:55:18","guid":{"rendered":"https:\/\/norwegianmade.no\/?post_type=product&#038;p=19492"},"modified":"2024-02-09T17:47:25","modified_gmt":"2024-02-09T16:47:25","slug":"handmalt-skjerf-i-silke-4229","status":"archived","type":"product","link":"https:\/\/norwegianmade.no\/en\/produkt\/handmalt-skjerf-i-silke-4229\/","title":{"rendered":"H\u00e5ndmalt skjerf i silke 4229"},"content":{"rendered":"<p data-mce-fragment=\"1\" data-sanitized-data-mce-fragment=\"1\" style=\"margin: 0px 0px 1em;line-height: 1.4;color: #212b36;font-family: -apple-system, system-ui,\" data-mce-style=\"margin: 0px 0px 1em; line-height: 1.4; color: #212b36; font-family: -apple-system, system-ui,;\">Mod. 4229<\/p>\n<p data-mce-fragment=\"1\" data-sanitized-data-mce-fragment=\"1\" style=\"margin: 0px 0px 1em;line-height: 1.4;color: #212b36;font-family: -apple-system, system-ui,\" data-mce-style=\"margin: 0px 0px 1em; line-height: 1.4; color: #212b36; font-family: -apple-system, system-ui,;\"><span data-mce-fragment=\"1\" data-sanitized-data-mce-fragment=\"1\">H\u00e5ndmalt skjerf i Pong\u00e9 silke. Hvert enkelt skjerf blir malt med pensel p\u00e5 hvit silke, med reaktive farger. Silken blir s\u00e5 dampfiksert s\u00e5 fargene trekker inn i fibrene og blir permanente. Skjerfet t\u00e5ler dermed mye sol og vask, og det falmer ikke etter mange \u00e5rs bruk.\u00a0\u00a0<\/span><span data-mce-fragment=\"1\" data-sanitized-data-mce-fragment=\"1\">Alle skjerfene er unike og signerte. Jeg henter ofte inspirasjon fra Nordlyset, Aurora Borealis, til skjerfene mine.<\/span><\/p>\n<p data-mce-fragment=\"1\" data-sanitized-data-mce-fragment=\"1\" style=\"margin: 0px 0px 1em;line-height: 1.4;color: #212b36;font-family: -apple-system, system-ui,\" data-mce-style=\"margin: 0px 0px 1em; line-height: 1.4; color: #212b36; font-family: -apple-system, system-ui,;\"><span data-mce-fragment=\"1\" data-sanitized-data-mce-fragment=\"1\">\u00a0Silke gir en f\u00f8lelse av luksus, og det kan vaskes i maskin eller for h\u00e5nd.<\/span><br data-mce-fragment=\"1\" data-sanitized-data-mce-fragment=\"1\"><\/p>\n<p data-mce-fragment=\"1\" data-sanitized-data-mce-fragment=\"1\" style=\"margin: 0px 0px 1em;line-height: 1.4;color: #212b36;font-family: -apple-system, system-ui,\" data-mce-style=\"margin: 0px 0px 1em; line-height: 1.4; color: #212b36; font-family: -apple-system, system-ui,;\">\u00a0Fargene kan variere litt fra monitor til monitor.<\/p>\n<p class=\"p1\" data-mce-fragment=\"1\" data-sanitized-data-mce-fragment=\"1\" style=\"margin: 0px 0px 1em;line-height: 1.4;color: #212b36;font-family: -apple-system, system-ui,\" data-mce-style=\"margin: 0px 0px 1em; line-height: 1.4; color: #212b36; font-family: -apple-system, system-ui,;\"><span class=\"s1\" data-mce-fragment=\"1\" data-sanitized-data-mce-fragment=\"1\">-Str. : 40&#215;180 cm. (16&#215;71 inches)<\/span><br data-mce-fragment=\"1\" data-sanitized-data-mce-fragment=\"1\"><span data-mce-fragment=\"1\" data-sanitized-data-mce-fragment=\"1\">-H\u00e5ndvask eller maskin.<\/span><br data-mce-fragment=\"1\" data-sanitized-data-mce-fragment=\"1\"><span data-mce-fragment=\"1\" data-sanitized-data-mce-fragment=\"1\">-Signert av meg<\/span><br data-mce-fragment=\"1\" data-sanitized-data-mce-fragment=\"1\"><span data-mce-fragment=\"1\" data-sanitized-data-mce-fragment=\"1\">-Dette skjerfet er p\u00e5 lager, s\u00e5 det blir sendt straks<\/span><\/p>\n<p data-mce-fragment=\"1\" data-sanitized-data-mce-fragment=\"1\">\u00a0Kredittkort, PayPal, Stripe og vedlagt giro blir akseptert ved betaling.<\/p>\n<p class=\"p1\" data-mce-fragment=\"1\" data-sanitized-data-mce-fragment=\"1\" style=\"margin: 0px 0px 1em;line-height: 1.4;color: #212b36;font-family: -apple-system, system-ui,\" data-mce-style=\"margin: 0px 0px 1em; line-height: 1.4; color: #212b36; font-family: -apple-system, system-ui,;\"><span data-mce-fragment=\"1\" data-sanitized-data-mce-fragment=\"1\">\u00a0FRI FRAKT!<\/span><\/p>\n<p data-mce-fragment=\"1\" data-sanitized-data-mce-fragment=\"1\">Ta gjerne kontakt p\u00e5 mobil 41 69 98 64, hvis du lurer p\u00e5 noe!<\/p>\n<p data-mce-fragment=\"1\" data-sanitized-data-mce-fragment=\"1\" style=\"margin: 0px 0px 1em;line-height: 1.4;color: #212b36;font-family: -apple-system, system-ui,\" data-mce-style=\"margin: 0px 0px 1em; line-height: 1.4; color: #212b36; font-family: -apple-system, system-ui,;\"><\/p>\n","protected":false},"excerpt":{"rendered":"<p>Fnugglett skjerf i h\u00e5ndmalt silke!<\/p>\n","protected":false},"featured_media":0,"comment_status":"open","ping_status":"closed","template":"","meta":{"_acf_changed":false},"product_brand":[],"product_cat":[78,92,60],"product_tag":[],"class_list":{"0":"post-19492","1":"product","2":"type-product","3":"status-archived","5":"product_cat-gaver","6":"product_cat-luer-skjerf-sloyfer-o-l","7":"product_cat-tekstil","9":"first","10":"instock","11":"sold-individually","12":"taxable","13":"shipping-taxable","14":"product-type-simple"},"acf":[],"yoast_head":"<!-- This site is optimized with the Yoast SEO plugin v27.1.1 - https:\/\/yoast.com\/product\/yoast-seo-wordpress\/ -->\n<title>H\u00e5ndmalt skjerf i silke 4229 &#8226; Norwegian Made<\/title>\n<meta name=\"robots\" content=\"index, follow, max-snippet:-1, max-image-preview:large, max-video-preview:-1\" \/>\n<link rel=\"canonical\" href=\"https:\/\/norwegianmade.no\/produkt\/handmalt-skjerf-i-silke-4229\/\" \/>\n<meta property=\"og:locale\" content=\"en_US\" \/>\n<meta property=\"og:type\" content=\"article\" \/>\n<meta property=\"og:title\" content=\"H\u00e5ndmalt skjerf i silke 4229 &#8226; Norwegian Made\" \/>\n<meta property=\"og:description\" content=\"Fnugglett skjerf i h\u00e5ndmalt silke!\" \/>\n<meta property=\"og:url\" content=\"https:\/\/norwegianmade.no\/produkt\/handmalt-skjerf-i-silke-4229\/\" \/>\n<meta property=\"og:site_name\" content=\"Norwegian Made\" \/>\n<meta property=\"article:modified_time\" content=\"2024-02-09T16:47:25+00:00\" \/>\n<meta name=\"twitter:card\" content=\"summary_large_image\" \/>\n<meta name=\"twitter:label1\" content=\"Est. reading time\" \/>\n\t<meta name=\"twitter:data1\" content=\"1 minute\" \/>\n<script type=\"application\/ld+json\" class=\"yoast-schema-graph\">{\"@context\":\"https:\/\/schema.org\",\"@graph\":[{\"@type\":\"WebPage\",\"@id\":\"https:\/\/norwegianmade.no\/produkt\/handmalt-skjerf-i-silke-4229\/\",\"url\":\"https:\/\/norwegianmade.no\/produkt\/handmalt-skjerf-i-silke-4229\/\",\"name\":\"H\u00e5ndmalt skjerf i silke 4229 &#8226; Norwegian Made\",\"isPartOf\":{\"@id\":\"https:\/\/norwegianmade.no\/#website\"},\"datePublished\":\"2023-11-21T17:55:18+00:00\",\"dateModified\":\"2024-02-09T16:47:25+00:00\",\"breadcrumb\":{\"@id\":\"https:\/\/norwegianmade.no\/produkt\/handmalt-skjerf-i-silke-4229\/#breadcrumb\"},\"inLanguage\":\"en-US\",\"potentialAction\":[{\"@type\":\"ReadAction\",\"target\":[\"https:\/\/norwegianmade.no\/produkt\/handmalt-skjerf-i-silke-4229\/\"]}]},{\"@type\":\"BreadcrumbList\",\"@id\":\"https:\/\/norwegianmade.no\/produkt\/handmalt-skjerf-i-silke-4229\/#breadcrumb\",\"itemListElement\":[{\"@type\":\"ListItem\",\"position\":1,\"name\":\"Hjem\",\"item\":\"https:\/\/norwegianmade.no\/en\/\"},{\"@type\":\"ListItem\",\"position\":2,\"name\":\"Shop\",\"item\":\"https:\/\/norwegianmade.no\/en\/shop\/\"},{\"@type\":\"ListItem\",\"position\":3,\"name\":\"H\u00e5ndmalt skjerf i silke 4229\"}]},{\"@type\":\"WebSite\",\"@id\":\"https:\/\/norwegianmade.no\/#website\",\"url\":\"https:\/\/norwegianmade.no\/\",\"name\":\"Norwegian Made\",\"description\":\"Norges st\u00f8rste markedsplass for norske produsenter\",\"publisher\":{\"@id\":\"https:\/\/norwegianmade.no\/#organization\"},\"potentialAction\":[{\"@type\":\"SearchAction\",\"target\":{\"@type\":\"EntryPoint\",\"urlTemplate\":\"https:\/\/norwegianmade.no\/?s={search_term_string}\"},\"query-input\":{\"@type\":\"PropertyValueSpecification\",\"valueRequired\":true,\"valueName\":\"search_term_string\"}}],\"inLanguage\":\"en-US\"},{\"@type\":\"Organization\",\"@id\":\"https:\/\/norwegianmade.no\/#organization\",\"name\":\"Norwegian Made\",\"url\":\"https:\/\/norwegianmade.no\/\",\"logo\":{\"@type\":\"ImageObject\",\"inLanguage\":\"en-US\",\"@id\":\"https:\/\/norwegianmade.no\/#\/schema\/logo\/image\/\",\"url\":\"https:\/\/norwegianmade.no\/wp-content\/uploads\/2020\/11\/logo-liggende-norwegian-made-web.png\",\"contentUrl\":\"https:\/\/norwegianmade.no\/wp-content\/uploads\/2020\/11\/logo-liggende-norwegian-made-web.png\",\"width\":200,\"height\":58,\"caption\":\"Norwegian Made\"},\"image\":{\"@id\":\"https:\/\/norwegianmade.no\/#\/schema\/logo\/image\/\"}}]}<\/script>\n<!-- \/ Yoast SEO plugin. -->","yoast_head_json":{"title":"H\u00e5ndmalt skjerf i silke 4229 &#8226; Norwegian Made","robots":{"index":"index","follow":"follow","max-snippet":"max-snippet:-1","max-image-preview":"max-image-preview:large","max-video-preview":"max-video-preview:-1"},"canonical":"https:\/\/norwegianmade.no\/produkt\/handmalt-skjerf-i-silke-4229\/","og_locale":"en_US","og_type":"article","og_title":"H\u00e5ndmalt skjerf i silke 4229 &#8226; Norwegian Made","og_description":"Fnugglett skjerf i h\u00e5ndmalt silke!","og_url":"https:\/\/norwegianmade.no\/produkt\/handmalt-skjerf-i-silke-4229\/","og_site_name":"Norwegian Made","article_modified_time":"2024-02-09T16:47:25+00:00","twitter_card":"summary_large_image","twitter_misc":{"Est. reading time":"1 minute"},"schema":{"@context":"https:\/\/schema.org","@graph":[{"@type":"WebPage","@id":"https:\/\/norwegianmade.no\/produkt\/handmalt-skjerf-i-silke-4229\/","url":"https:\/\/norwegianmade.no\/produkt\/handmalt-skjerf-i-silke-4229\/","name":"H\u00e5ndmalt skjerf i silke 4229 &#8226; Norwegian Made","isPartOf":{"@id":"https:\/\/norwegianmade.no\/#website"},"datePublished":"2023-11-21T17:55:18+00:00","dateModified":"2024-02-09T16:47:25+00:00","breadcrumb":{"@id":"https:\/\/norwegianmade.no\/produkt\/handmalt-skjerf-i-silke-4229\/#breadcrumb"},"inLanguage":"en-US","potentialAction":[{"@type":"ReadAction","target":["https:\/\/norwegianmade.no\/produkt\/handmalt-skjerf-i-silke-4229\/"]}]},{"@type":"BreadcrumbList","@id":"https:\/\/norwegianmade.no\/produkt\/handmalt-skjerf-i-silke-4229\/#breadcrumb","itemListElement":[{"@type":"ListItem","position":1,"name":"Hjem","item":"https:\/\/norwegianmade.no\/en\/"},{"@type":"ListItem","position":2,"name":"Shop","item":"https:\/\/norwegianmade.no\/en\/shop\/"},{"@type":"ListItem","position":3,"name":"H\u00e5ndmalt skjerf i silke 4229"}]},{"@type":"WebSite","@id":"https:\/\/norwegianmade.no\/#website","url":"https:\/\/norwegianmade.no\/","name":"Norwegian Made","description":"Norges st\u00f8rste markedsplass for norske produsenter","publisher":{"@id":"https:\/\/norwegianmade.no\/#organization"},"potentialAction":[{"@type":"SearchAction","target":{"@type":"EntryPoint","urlTemplate":"https:\/\/norwegianmade.no\/?s={search_term_string}"},"query-input":{"@type":"PropertyValueSpecification","valueRequired":true,"valueName":"search_term_string"}}],"inLanguage":"en-US"},{"@type":"Organization","@id":"https:\/\/norwegianmade.no\/#organization","name":"Norwegian Made","url":"https:\/\/norwegianmade.no\/","logo":{"@type":"ImageObject","inLanguage":"en-US","@id":"https:\/\/norwegianmade.no\/#\/schema\/logo\/image\/","url":"https:\/\/norwegianmade.no\/wp-content\/uploads\/2020\/11\/logo-liggende-norwegian-made-web.png","contentUrl":"https:\/\/norwegianmade.no\/wp-content\/uploads\/2020\/11\/logo-liggende-norwegian-made-web.png","width":200,"height":58,"caption":"Norwegian Made"},"image":{"@id":"https:\/\/norwegianmade.no\/#\/schema\/logo\/image\/"}}]}},"_links":{"self":[{"href":"https:\/\/norwegianmade.no\/en\/wp-json\/wp\/v2\/product\/19492","targetHints":{"allow":["GET"]}}],"collection":[{"href":"https:\/\/norwegianmade.no\/en\/wp-json\/wp\/v2\/product"}],"about":[{"href":"https:\/\/norwegianmade.no\/en\/wp-json\/wp\/v2\/types\/product"}],"replies":[{"embeddable":true,"href":"https:\/\/norwegianmade.no\/en\/wp-json\/wp\/v2\/comments?post=19492"}],"wp:attachment":[{"href":"https:\/\/norwegianmade.no\/en\/wp-json\/wp\/v2\/media?parent=19492"}],"wp:term":[{"taxonomy":"product_brand","embeddable":true,"href":"https:\/\/norwegianmade.no\/en\/wp-json\/wp\/v2\/product_brand?post=19492"},{"taxonomy":"product_cat","embeddable":true,"href":"https:\/\/norwegianmade.no\/en\/wp-json\/wp\/v2\/product_cat?post=19492"},{"taxonomy":"product_tag","embeddable":true,"href":"https:\/\/norwegianmade.no\/en\/wp-json\/wp\/v2\/product_tag?post=19492"}],"curies":[{"name":"wp","href":"https:\/\/api.w.org\/{rel}","templated":true}]}}