{"id":19655,"date":"2024-01-05T15:51:53","date_gmt":"2024-01-05T14:51:53","guid":{"rendered":"https:\/\/norwegianmade.no\/produkt\/barneleker-og-dekorasjoner-i-filt\/"},"modified":"2026-02-27T13:31:07","modified_gmt":"2026-02-27T12:31:07","slug":"barneleker-og-dekorasjoner-i-filt","status":"publish","type":"product","link":"https:\/\/norwegianmade.no\/en\/produkt\/barneleker-og-dekorasjoner-i-filt\/","title":{"rendered":"Barneleker og dekorasjoner i filt"},"content":{"rendered":"<div id=\"primary\" class=\"content-area\" style=\"width: 1194px;max-width: 100%;left: 0px !important;margin: 0px !important;padding: 0px !important;border: 0px !important;float: none !important;flex-grow: 0 !important;flex-shrink: 0 !important;flex-basis: 100%\"><main id=\"main\" class=\"site-main\" role=\"main\" style=\"width: 1194px;max-width: 100%;left: 0px !important;margin: 0px !important;padding: 0px !important;border: 0px !important;float: none !important\"><\/p>\n<div id=\"wcfmmp-store\" class=\"wcfmmp-single-store-holder container\" style=\"width: 960px;padding-right: var(--bs-gutter-x, 0.75rem);padding-left: var(--bs-gutter-x, 0.75rem);margin-right: auto;margin-left: auto;max-width: 960px;box-shadow: none;height: auto !important\">\n<div id=\"wcfmmp-store-content\" class=\"wcfmmp-store-page-wrap woocommerce\" role=\"main\">\n<div class=\"body_area\">\n<div class=\"rgt right_side right_side_full\" style=\"float: right;width: 936px;padding: 0px;margin-top: 30px\">\n<div id=\"tabsWithStyle\" class=\"tab_area\">\n<div class=\"_area\" id=\"wcfmmp_store_about\">\n<div class=\"wcfmmp-store-description\">\n<div class=\"wcfm-store-about\">\n<div class=\"wcfm_store_description\" style=\"background-image: none;background-position: 0% 0%;background-size: auto;background-attachment: scroll;margin-right: 0px;margin-bottom: 20px;margin-left: 0px;display: inline-block;width: 936px;border-width: 0px 1px 1px;border-style: none solid solid;box-shadow: none !important;padding: 30px 15px !important;margin-top: 0px !important\">\n<p style=\"margin: 0px;padding: 0px 0px 20px;line-height: 18px\">Du er hjertelig velkommen til \u00e5 kontakte meg og legge inn bestillinger. Har du en annen ide, kontakt meg og jeg vil pr\u00f8ve \u00e5 sette det ut i livet.<\/p>\n<p style=\"margin: 0px;padding: 0px 0px 20px;line-height: 18px\">Kunst og kreativitet har fulgt meg fra en tidlig alder, og da den f\u00f8rste s\u00f8nnen min ble f\u00f8dt ble ogs\u00e5 \u00abDear little love\u00bb f\u00f8dt. Dear Little Love er et sted hvor du kan finne mange fine produkter laget med kj\u00e6rlighet til babyer og sm\u00e5barn.<\/p>\n<p style=\"margin: 0px;padding: 0px 0px 20px;line-height: 18px\">Kundeservice er min h\u00f8yeste prioritet. Kvalitet og oppmerksomhet p\u00e5 hver detalj er viktig for meg.<\/p>\n<p style=\"margin: 0px;padding: 0px 0px 20px;line-height: 18px\">Jeg h\u00e5per du finner det du liker hos meg og at mine leker og dekorasjoner vil gi barnet ditt mange positive opplevelser.<br \/>Min dr\u00f8m er \u00e5 lage leker som du kan gi videre til fremtidige generasjoner.<\/p>\n<\/div>\n<\/div>\n<\/div>\n<\/div>\n<\/div>\n<\/div>\n<\/div>\n<\/div>\n<\/div>\n<p><\/main><\/div>\n<div class=\"n2_clear\" style=\"clear: both\">\n<div class=\"n2-section-smartslider fitvidsignore n2_clear\" data-ssid=\"17\" role=\"region\" aria-label=\"Slider\" style=\"position: relative;width: 1194px;--widget-offset: 0px;clear: both\">\n<div id=\"n2-ss-17-align\" class=\"n2-ss-align n2-ss-align-visible\" style=\"position: relative;z-index: 0;overflow: visible\">\n<div class=\"n2-padding\">\n<div id=\"n2-ss-17\" data-creator=\"Smart Slider 3\" data-responsive=\"fullwidth\" class=\"n2-ss-slider n2-ow n2-has-hover n2-ss-loaded n2-ss-tabletPortrait\" data-device-mode=\"tabletPortrait\" style=\"display: grid;grid-template-columns: 100%;grid-template-rows: 1fr auto;line-height: 1;--ss-fs: flex-start;--ss-fe: flex-end;--ss-r: row;--ss-rr: row-reverse;z-index: 3;position: relative;width: 1194px;min-height: 1px\">\n<div class=\"n2-ss-slider-1 n2_ss__touch_element n2-ow\" style=\"font-size: inherit;line-height: inherit;letter-spacing: inherit;background-attachment: scroll !important;display: grid;position: relative\">\n<div class=\"n2-ss-slider-2 n2-ow\" style=\"font-size: inherit;line-height: inherit;letter-spacing: inherit;background-attachment: scroll;display: grid;position: relative;overflow: hidden;padding: 0px;border-radius: 0px;background-position: 50% 50%;background-size: cover;z-index: 1\">\n<div class=\"n2-ss-slider-3 n2-ow\"><\/div>\n<\/div>\n<\/div>\n<\/div>\n<\/div>\n<\/div>\n<\/div>\n<\/div>\n","protected":false},"excerpt":{"rendered":"<p>H\u00e5ndlagde filtleker og -dekorasjoner til babyer og barn<\/p>\n","protected":false},"featured_media":19651,"comment_status":"open","ping_status":"closed","template":"","meta":{"_acf_changed":false},"product_brand":[],"product_cat":[124,78,82,59,60,86],"product_tag":[],"class_list":{"0":"post-19655","1":"product","2":"type-product","3":"status-publish","4":"has-post-thumbnail","6":"product_vendor-dear-little-love","7":"product_cat-annet","8":"product_cat-gaver","9":"product_cat-handverk","10":"product_cat-interior-kunst","11":"product_cat-tekstil","12":"product_cat-tekstilprodukter","14":"first","15":"instock","16":"taxable","17":"shipping-taxable","18":"product-type-simple"},"acf":[],"yoast_head":"<!-- This site is optimized with the Yoast SEO plugin v27.1.1 - https:\/\/yoast.com\/product\/yoast-seo-wordpress\/ -->\n<title>Barneleker og dekorasjoner i filt &#8226; Norwegian Made<\/title>\n<meta name=\"robots\" content=\"index, follow, max-snippet:-1, max-image-preview:large, max-video-preview:-1\" \/>\n<link rel=\"canonical\" href=\"https:\/\/norwegianmade.no\/produkt\/barneleker-og-dekorasjoner-i-filt\/\" \/>\n<meta property=\"og:locale\" content=\"en_US\" \/>\n<meta property=\"og:type\" content=\"article\" \/>\n<meta property=\"og:title\" content=\"Barneleker og dekorasjoner i filt &#8226; Norwegian Made\" \/>\n<meta property=\"og:description\" content=\"H\u00e5ndlagde filtleker og -dekorasjoner til babyer og barn\" \/>\n<meta property=\"og:url\" content=\"https:\/\/norwegianmade.no\/produkt\/barneleker-og-dekorasjoner-i-filt\/\" \/>\n<meta property=\"og:site_name\" content=\"Norwegian Made\" \/>\n<meta property=\"article:modified_time\" content=\"2026-02-27T12:31:07+00:00\" \/>\n<meta property=\"og:image\" content=\"https:\/\/norwegianmade.no\/wp-content\/uploads\/2024\/01\/IMG_6490.jpeg\" \/>\n\t<meta property=\"og:image:width\" content=\"1365\" \/>\n\t<meta property=\"og:image:height\" content=\"2048\" \/>\n\t<meta property=\"og:image:type\" content=\"image\/jpeg\" \/>\n<meta name=\"twitter:card\" content=\"summary_large_image\" \/>\n<meta name=\"twitter:label1\" content=\"Est. reading time\" \/>\n\t<meta name=\"twitter:data1\" content=\"1 minute\" \/>\n<script type=\"application\/ld+json\" class=\"yoast-schema-graph\">{\"@context\":\"https:\/\/schema.org\",\"@graph\":[{\"@type\":\"WebPage\",\"@id\":\"https:\/\/norwegianmade.no\/produkt\/barneleker-og-dekorasjoner-i-filt\/\",\"url\":\"https:\/\/norwegianmade.no\/produkt\/barneleker-og-dekorasjoner-i-filt\/\",\"name\":\"Barneleker og dekorasjoner i filt &#8226; Norwegian Made\",\"isPartOf\":{\"@id\":\"https:\/\/norwegianmade.no\/#website\"},\"primaryImageOfPage\":{\"@id\":\"https:\/\/norwegianmade.no\/produkt\/barneleker-og-dekorasjoner-i-filt\/#primaryimage\"},\"image\":{\"@id\":\"https:\/\/norwegianmade.no\/produkt\/barneleker-og-dekorasjoner-i-filt\/#primaryimage\"},\"thumbnailUrl\":\"https:\/\/norwegianmade.no\/wp-content\/uploads\/2024\/01\/IMG_6490.jpeg\",\"datePublished\":\"2024-01-05T14:51:53+00:00\",\"dateModified\":\"2026-02-27T12:31:07+00:00\",\"breadcrumb\":{\"@id\":\"https:\/\/norwegianmade.no\/produkt\/barneleker-og-dekorasjoner-i-filt\/#breadcrumb\"},\"inLanguage\":\"en-US\",\"potentialAction\":[{\"@type\":\"ReadAction\",\"target\":[\"https:\/\/norwegianmade.no\/produkt\/barneleker-og-dekorasjoner-i-filt\/\"]}]},{\"@type\":\"ImageObject\",\"inLanguage\":\"en-US\",\"@id\":\"https:\/\/norwegianmade.no\/produkt\/barneleker-og-dekorasjoner-i-filt\/#primaryimage\",\"url\":\"https:\/\/norwegianmade.no\/wp-content\/uploads\/2024\/01\/IMG_6490.jpeg\",\"contentUrl\":\"https:\/\/norwegianmade.no\/wp-content\/uploads\/2024\/01\/IMG_6490.jpeg\",\"width\":1365,\"height\":2048},{\"@type\":\"BreadcrumbList\",\"@id\":\"https:\/\/norwegianmade.no\/produkt\/barneleker-og-dekorasjoner-i-filt\/#breadcrumb\",\"itemListElement\":[{\"@type\":\"ListItem\",\"position\":1,\"name\":\"Hjem\",\"item\":\"https:\/\/norwegianmade.no\/en\/\"},{\"@type\":\"ListItem\",\"position\":2,\"name\":\"Shop\",\"item\":\"https:\/\/norwegianmade.no\/en\/shop\/\"},{\"@type\":\"ListItem\",\"position\":3,\"name\":\"Barneleker og dekorasjoner i filt\"}]},{\"@type\":\"WebSite\",\"@id\":\"https:\/\/norwegianmade.no\/#website\",\"url\":\"https:\/\/norwegianmade.no\/\",\"name\":\"Norwegian Made\",\"description\":\"Norges st\u00f8rste markedsplass for norske produsenter\",\"publisher\":{\"@id\":\"https:\/\/norwegianmade.no\/#organization\"},\"potentialAction\":[{\"@type\":\"SearchAction\",\"target\":{\"@type\":\"EntryPoint\",\"urlTemplate\":\"https:\/\/norwegianmade.no\/?s={search_term_string}\"},\"query-input\":{\"@type\":\"PropertyValueSpecification\",\"valueRequired\":true,\"valueName\":\"search_term_string\"}}],\"inLanguage\":\"en-US\"},{\"@type\":\"Organization\",\"@id\":\"https:\/\/norwegianmade.no\/#organization\",\"name\":\"Norwegian Made\",\"url\":\"https:\/\/norwegianmade.no\/\",\"logo\":{\"@type\":\"ImageObject\",\"inLanguage\":\"en-US\",\"@id\":\"https:\/\/norwegianmade.no\/#\/schema\/logo\/image\/\",\"url\":\"https:\/\/norwegianmade.no\/wp-content\/uploads\/2020\/11\/logo-liggende-norwegian-made-web.png\",\"contentUrl\":\"https:\/\/norwegianmade.no\/wp-content\/uploads\/2020\/11\/logo-liggende-norwegian-made-web.png\",\"width\":200,\"height\":58,\"caption\":\"Norwegian Made\"},\"image\":{\"@id\":\"https:\/\/norwegianmade.no\/#\/schema\/logo\/image\/\"}}]}<\/script>\n<!-- \/ Yoast SEO plugin. -->","yoast_head_json":{"title":"Barneleker og dekorasjoner i filt &#8226; Norwegian Made","robots":{"index":"index","follow":"follow","max-snippet":"max-snippet:-1","max-image-preview":"max-image-preview:large","max-video-preview":"max-video-preview:-1"},"canonical":"https:\/\/norwegianmade.no\/produkt\/barneleker-og-dekorasjoner-i-filt\/","og_locale":"en_US","og_type":"article","og_title":"Barneleker og dekorasjoner i filt &#8226; Norwegian Made","og_description":"H\u00e5ndlagde filtleker og -dekorasjoner til babyer og barn","og_url":"https:\/\/norwegianmade.no\/produkt\/barneleker-og-dekorasjoner-i-filt\/","og_site_name":"Norwegian Made","article_modified_time":"2026-02-27T12:31:07+00:00","og_image":[{"width":1365,"height":2048,"url":"https:\/\/norwegianmade.no\/wp-content\/uploads\/2024\/01\/IMG_6490.jpeg","type":"image\/jpeg"}],"twitter_card":"summary_large_image","twitter_misc":{"Est. reading time":"1 minute"},"schema":{"@context":"https:\/\/schema.org","@graph":[{"@type":"WebPage","@id":"https:\/\/norwegianmade.no\/produkt\/barneleker-og-dekorasjoner-i-filt\/","url":"https:\/\/norwegianmade.no\/produkt\/barneleker-og-dekorasjoner-i-filt\/","name":"Barneleker og dekorasjoner i filt &#8226; Norwegian Made","isPartOf":{"@id":"https:\/\/norwegianmade.no\/#website"},"primaryImageOfPage":{"@id":"https:\/\/norwegianmade.no\/produkt\/barneleker-og-dekorasjoner-i-filt\/#primaryimage"},"image":{"@id":"https:\/\/norwegianmade.no\/produkt\/barneleker-og-dekorasjoner-i-filt\/#primaryimage"},"thumbnailUrl":"https:\/\/norwegianmade.no\/wp-content\/uploads\/2024\/01\/IMG_6490.jpeg","datePublished":"2024-01-05T14:51:53+00:00","dateModified":"2026-02-27T12:31:07+00:00","breadcrumb":{"@id":"https:\/\/norwegianmade.no\/produkt\/barneleker-og-dekorasjoner-i-filt\/#breadcrumb"},"inLanguage":"en-US","potentialAction":[{"@type":"ReadAction","target":["https:\/\/norwegianmade.no\/produkt\/barneleker-og-dekorasjoner-i-filt\/"]}]},{"@type":"ImageObject","inLanguage":"en-US","@id":"https:\/\/norwegianmade.no\/produkt\/barneleker-og-dekorasjoner-i-filt\/#primaryimage","url":"https:\/\/norwegianmade.no\/wp-content\/uploads\/2024\/01\/IMG_6490.jpeg","contentUrl":"https:\/\/norwegianmade.no\/wp-content\/uploads\/2024\/01\/IMG_6490.jpeg","width":1365,"height":2048},{"@type":"BreadcrumbList","@id":"https:\/\/norwegianmade.no\/produkt\/barneleker-og-dekorasjoner-i-filt\/#breadcrumb","itemListElement":[{"@type":"ListItem","position":1,"name":"Hjem","item":"https:\/\/norwegianmade.no\/en\/"},{"@type":"ListItem","position":2,"name":"Shop","item":"https:\/\/norwegianmade.no\/en\/shop\/"},{"@type":"ListItem","position":3,"name":"Barneleker og dekorasjoner i filt"}]},{"@type":"WebSite","@id":"https:\/\/norwegianmade.no\/#website","url":"https:\/\/norwegianmade.no\/","name":"Norwegian Made","description":"Norges st\u00f8rste markedsplass for norske produsenter","publisher":{"@id":"https:\/\/norwegianmade.no\/#organization"},"potentialAction":[{"@type":"SearchAction","target":{"@type":"EntryPoint","urlTemplate":"https:\/\/norwegianmade.no\/?s={search_term_string}"},"query-input":{"@type":"PropertyValueSpecification","valueRequired":true,"valueName":"search_term_string"}}],"inLanguage":"en-US"},{"@type":"Organization","@id":"https:\/\/norwegianmade.no\/#organization","name":"Norwegian Made","url":"https:\/\/norwegianmade.no\/","logo":{"@type":"ImageObject","inLanguage":"en-US","@id":"https:\/\/norwegianmade.no\/#\/schema\/logo\/image\/","url":"https:\/\/norwegianmade.no\/wp-content\/uploads\/2020\/11\/logo-liggende-norwegian-made-web.png","contentUrl":"https:\/\/norwegianmade.no\/wp-content\/uploads\/2020\/11\/logo-liggende-norwegian-made-web.png","width":200,"height":58,"caption":"Norwegian Made"},"image":{"@id":"https:\/\/norwegianmade.no\/#\/schema\/logo\/image\/"}}]}},"_links":{"self":[{"href":"https:\/\/norwegianmade.no\/en\/wp-json\/wp\/v2\/product\/19655","targetHints":{"allow":["GET"]}}],"collection":[{"href":"https:\/\/norwegianmade.no\/en\/wp-json\/wp\/v2\/product"}],"about":[{"href":"https:\/\/norwegianmade.no\/en\/wp-json\/wp\/v2\/types\/product"}],"replies":[{"embeddable":true,"href":"https:\/\/norwegianmade.no\/en\/wp-json\/wp\/v2\/comments?post=19655"}],"wp:featuredmedia":[{"embeddable":true,"href":"https:\/\/norwegianmade.no\/en\/wp-json\/wp\/v2\/media\/19651"}],"wp:attachment":[{"href":"https:\/\/norwegianmade.no\/en\/wp-json\/wp\/v2\/media?parent=19655"}],"wp:term":[{"taxonomy":"product_brand","embeddable":true,"href":"https:\/\/norwegianmade.no\/en\/wp-json\/wp\/v2\/product_brand?post=19655"},{"taxonomy":"product_cat","embeddable":true,"href":"https:\/\/norwegianmade.no\/en\/wp-json\/wp\/v2\/product_cat?post=19655"},{"taxonomy":"product_tag","embeddable":true,"href":"https:\/\/norwegianmade.no\/en\/wp-json\/wp\/v2\/product_tag?post=19655"}],"curies":[{"name":"wp","href":"https:\/\/api.w.org\/{rel}","templated":true}]}}