{"id":19674,"date":"2024-01-10T10:35:24","date_gmt":"2024-01-10T09:35:24","guid":{"rendered":"https:\/\/norwegianmade.no\/?post_type=product&#038;p=19674"},"modified":"2026-03-20T00:02:17","modified_gmt":"2026-03-19T23:02:17","slug":"solvring-med-willowcreek-jaspis","status":"publish","type":"product","link":"https:\/\/norwegianmade.no\/en\/produkt\/solvring-med-willowcreek-jaspis\/","title":{"rendered":"S\u00f8lvring med WillowCreek jaspis"},"content":{"rendered":"<p>Steinen i denne ringen er ein nydeleg h\u00e5ndslipa WillowCreek jaspis.\u00a0<\/p>\n<p>Sj\u00f8lve ringen er ca 4mm brei, og st\u00f8rrelsen er 57.5 ,indre diameter ca 19mm.<\/p>\n<p>Steinen er h\u00e5ndslipa &#8220;one of a kind&#8221;, og ringen er laga for h\u00e5nd av meg. Passar for ei som vil ha noko ingen har maken til, og som veit \u00e5 sette pris p\u00e5 ein nydeleg stein.<\/p>\n<p>Laga for h\u00e5nd i Telemark &#8211; fr\u00e5 mine hender til dine:)<\/p>\n","protected":false},"excerpt":{"rendered":"<p>H\u00e5ndlaga s\u00f8lvring til dame<\/p>\n","protected":false},"featured_media":21103,"comment_status":"open","ping_status":"closed","template":"","meta":{"_acf_changed":false},"product_brand":[],"product_cat":[78,142,62,103,106],"product_tag":[],"class_list":{"0":"post-19674","1":"product","2":"type-product","3":"status-publish","4":"has-post-thumbnail","6":"product_vendor-ringdilla","7":"product_cat-gaver","8":"product_cat-ringer","9":"product_cat-smykker","10":"product_cat-smykker-med-edelstener","11":"product_cat-solvsmykker","13":"first","14":"instock","15":"sold-individually","16":"taxable","17":"shipping-taxable","18":"product-type-simple"},"acf":[],"yoast_head":"<!-- This site is optimized with the Yoast SEO plugin v27.1.1 - https:\/\/yoast.com\/product\/yoast-seo-wordpress\/ -->\n<title>S\u00f8lvring med WillowCreek jaspis &#8226; Norwegian Made<\/title>\n<meta name=\"robots\" content=\"index, follow, max-snippet:-1, max-image-preview:large, max-video-preview:-1\" \/>\n<link rel=\"canonical\" href=\"https:\/\/norwegianmade.no\/produkt\/solvring-med-willowcreek-jaspis\/\" \/>\n<meta property=\"og:locale\" content=\"en_US\" \/>\n<meta property=\"og:type\" content=\"article\" \/>\n<meta property=\"og:title\" content=\"S\u00f8lvring med WillowCreek jaspis &#8226; Norwegian Made\" \/>\n<meta property=\"og:description\" content=\"H\u00e5ndlaga s\u00f8lvring til dame\" \/>\n<meta property=\"og:url\" content=\"https:\/\/norwegianmade.no\/produkt\/solvring-med-willowcreek-jaspis\/\" \/>\n<meta property=\"og:site_name\" content=\"Norwegian Made\" \/>\n<meta property=\"article:modified_time\" content=\"2026-03-19T23:02:17+00:00\" \/>\n<meta property=\"og:image\" content=\"https:\/\/norwegianmade.no\/wp-content\/uploads\/2024\/04\/IMG_20220323_072926_668.jpg\" \/>\n\t<meta property=\"og:image:width\" content=\"2135\" \/>\n\t<meta property=\"og:image:height\" content=\"2135\" \/>\n\t<meta property=\"og:image:type\" content=\"image\/jpeg\" \/>\n<meta name=\"twitter:card\" content=\"summary_large_image\" \/>\n<script type=\"application\/ld+json\" class=\"yoast-schema-graph\">{\"@context\":\"https:\/\/schema.org\",\"@graph\":[{\"@type\":\"WebPage\",\"@id\":\"https:\/\/norwegianmade.no\/produkt\/solvring-med-willowcreek-jaspis\/\",\"url\":\"https:\/\/norwegianmade.no\/produkt\/solvring-med-willowcreek-jaspis\/\",\"name\":\"S\u00f8lvring med WillowCreek jaspis &#8226; Norwegian Made\",\"isPartOf\":{\"@id\":\"https:\/\/norwegianmade.no\/#website\"},\"primaryImageOfPage\":{\"@id\":\"https:\/\/norwegianmade.no\/produkt\/solvring-med-willowcreek-jaspis\/#primaryimage\"},\"image\":{\"@id\":\"https:\/\/norwegianmade.no\/produkt\/solvring-med-willowcreek-jaspis\/#primaryimage\"},\"thumbnailUrl\":\"https:\/\/norwegianmade.no\/wp-content\/uploads\/2024\/04\/IMG_20220323_072926_668.jpg\",\"datePublished\":\"2024-01-10T09:35:24+00:00\",\"dateModified\":\"2026-03-19T23:02:17+00:00\",\"breadcrumb\":{\"@id\":\"https:\/\/norwegianmade.no\/produkt\/solvring-med-willowcreek-jaspis\/#breadcrumb\"},\"inLanguage\":\"en-US\",\"potentialAction\":[{\"@type\":\"ReadAction\",\"target\":[\"https:\/\/norwegianmade.no\/produkt\/solvring-med-willowcreek-jaspis\/\"]}]},{\"@type\":\"ImageObject\",\"inLanguage\":\"en-US\",\"@id\":\"https:\/\/norwegianmade.no\/produkt\/solvring-med-willowcreek-jaspis\/#primaryimage\",\"url\":\"https:\/\/norwegianmade.no\/wp-content\/uploads\/2024\/04\/IMG_20220323_072926_668.jpg\",\"contentUrl\":\"https:\/\/norwegianmade.no\/wp-content\/uploads\/2024\/04\/IMG_20220323_072926_668.jpg\",\"width\":2135,\"height\":2135},{\"@type\":\"BreadcrumbList\",\"@id\":\"https:\/\/norwegianmade.no\/produkt\/solvring-med-willowcreek-jaspis\/#breadcrumb\",\"itemListElement\":[{\"@type\":\"ListItem\",\"position\":1,\"name\":\"Hjem\",\"item\":\"https:\/\/norwegianmade.no\/en\/\"},{\"@type\":\"ListItem\",\"position\":2,\"name\":\"Shop\",\"item\":\"https:\/\/norwegianmade.no\/en\/shop\/\"},{\"@type\":\"ListItem\",\"position\":3,\"name\":\"S\u00f8lvring med WillowCreek jaspis\"}]},{\"@type\":\"WebSite\",\"@id\":\"https:\/\/norwegianmade.no\/#website\",\"url\":\"https:\/\/norwegianmade.no\/\",\"name\":\"Norwegian Made\",\"description\":\"Norges st\u00f8rste markedsplass for norske produsenter\",\"publisher\":{\"@id\":\"https:\/\/norwegianmade.no\/#organization\"},\"potentialAction\":[{\"@type\":\"SearchAction\",\"target\":{\"@type\":\"EntryPoint\",\"urlTemplate\":\"https:\/\/norwegianmade.no\/?s={search_term_string}\"},\"query-input\":{\"@type\":\"PropertyValueSpecification\",\"valueRequired\":true,\"valueName\":\"search_term_string\"}}],\"inLanguage\":\"en-US\"},{\"@type\":\"Organization\",\"@id\":\"https:\/\/norwegianmade.no\/#organization\",\"name\":\"Norwegian Made\",\"url\":\"https:\/\/norwegianmade.no\/\",\"logo\":{\"@type\":\"ImageObject\",\"inLanguage\":\"en-US\",\"@id\":\"https:\/\/norwegianmade.no\/#\/schema\/logo\/image\/\",\"url\":\"https:\/\/norwegianmade.no\/wp-content\/uploads\/2020\/11\/logo-liggende-norwegian-made-web.png\",\"contentUrl\":\"https:\/\/norwegianmade.no\/wp-content\/uploads\/2020\/11\/logo-liggende-norwegian-made-web.png\",\"width\":200,\"height\":58,\"caption\":\"Norwegian Made\"},\"image\":{\"@id\":\"https:\/\/norwegianmade.no\/#\/schema\/logo\/image\/\"}}]}<\/script>\n<!-- \/ Yoast SEO plugin. -->","yoast_head_json":{"title":"S\u00f8lvring med WillowCreek jaspis &#8226; Norwegian Made","robots":{"index":"index","follow":"follow","max-snippet":"max-snippet:-1","max-image-preview":"max-image-preview:large","max-video-preview":"max-video-preview:-1"},"canonical":"https:\/\/norwegianmade.no\/produkt\/solvring-med-willowcreek-jaspis\/","og_locale":"en_US","og_type":"article","og_title":"S\u00f8lvring med WillowCreek jaspis &#8226; Norwegian Made","og_description":"H\u00e5ndlaga s\u00f8lvring til dame","og_url":"https:\/\/norwegianmade.no\/produkt\/solvring-med-willowcreek-jaspis\/","og_site_name":"Norwegian Made","article_modified_time":"2026-03-19T23:02:17+00:00","og_image":[{"width":2135,"height":2135,"url":"https:\/\/norwegianmade.no\/wp-content\/uploads\/2024\/04\/IMG_20220323_072926_668.jpg","type":"image\/jpeg"}],"twitter_card":"summary_large_image","schema":{"@context":"https:\/\/schema.org","@graph":[{"@type":"WebPage","@id":"https:\/\/norwegianmade.no\/produkt\/solvring-med-willowcreek-jaspis\/","url":"https:\/\/norwegianmade.no\/produkt\/solvring-med-willowcreek-jaspis\/","name":"S\u00f8lvring med WillowCreek jaspis &#8226; Norwegian Made","isPartOf":{"@id":"https:\/\/norwegianmade.no\/#website"},"primaryImageOfPage":{"@id":"https:\/\/norwegianmade.no\/produkt\/solvring-med-willowcreek-jaspis\/#primaryimage"},"image":{"@id":"https:\/\/norwegianmade.no\/produkt\/solvring-med-willowcreek-jaspis\/#primaryimage"},"thumbnailUrl":"https:\/\/norwegianmade.no\/wp-content\/uploads\/2024\/04\/IMG_20220323_072926_668.jpg","datePublished":"2024-01-10T09:35:24+00:00","dateModified":"2026-03-19T23:02:17+00:00","breadcrumb":{"@id":"https:\/\/norwegianmade.no\/produkt\/solvring-med-willowcreek-jaspis\/#breadcrumb"},"inLanguage":"en-US","potentialAction":[{"@type":"ReadAction","target":["https:\/\/norwegianmade.no\/produkt\/solvring-med-willowcreek-jaspis\/"]}]},{"@type":"ImageObject","inLanguage":"en-US","@id":"https:\/\/norwegianmade.no\/produkt\/solvring-med-willowcreek-jaspis\/#primaryimage","url":"https:\/\/norwegianmade.no\/wp-content\/uploads\/2024\/04\/IMG_20220323_072926_668.jpg","contentUrl":"https:\/\/norwegianmade.no\/wp-content\/uploads\/2024\/04\/IMG_20220323_072926_668.jpg","width":2135,"height":2135},{"@type":"BreadcrumbList","@id":"https:\/\/norwegianmade.no\/produkt\/solvring-med-willowcreek-jaspis\/#breadcrumb","itemListElement":[{"@type":"ListItem","position":1,"name":"Hjem","item":"https:\/\/norwegianmade.no\/en\/"},{"@type":"ListItem","position":2,"name":"Shop","item":"https:\/\/norwegianmade.no\/en\/shop\/"},{"@type":"ListItem","position":3,"name":"S\u00f8lvring med WillowCreek jaspis"}]},{"@type":"WebSite","@id":"https:\/\/norwegianmade.no\/#website","url":"https:\/\/norwegianmade.no\/","name":"Norwegian Made","description":"Norges st\u00f8rste markedsplass for norske produsenter","publisher":{"@id":"https:\/\/norwegianmade.no\/#organization"},"potentialAction":[{"@type":"SearchAction","target":{"@type":"EntryPoint","urlTemplate":"https:\/\/norwegianmade.no\/?s={search_term_string}"},"query-input":{"@type":"PropertyValueSpecification","valueRequired":true,"valueName":"search_term_string"}}],"inLanguage":"en-US"},{"@type":"Organization","@id":"https:\/\/norwegianmade.no\/#organization","name":"Norwegian Made","url":"https:\/\/norwegianmade.no\/","logo":{"@type":"ImageObject","inLanguage":"en-US","@id":"https:\/\/norwegianmade.no\/#\/schema\/logo\/image\/","url":"https:\/\/norwegianmade.no\/wp-content\/uploads\/2020\/11\/logo-liggende-norwegian-made-web.png","contentUrl":"https:\/\/norwegianmade.no\/wp-content\/uploads\/2020\/11\/logo-liggende-norwegian-made-web.png","width":200,"height":58,"caption":"Norwegian Made"},"image":{"@id":"https:\/\/norwegianmade.no\/#\/schema\/logo\/image\/"}}]}},"_links":{"self":[{"href":"https:\/\/norwegianmade.no\/en\/wp-json\/wp\/v2\/product\/19674","targetHints":{"allow":["GET"]}}],"collection":[{"href":"https:\/\/norwegianmade.no\/en\/wp-json\/wp\/v2\/product"}],"about":[{"href":"https:\/\/norwegianmade.no\/en\/wp-json\/wp\/v2\/types\/product"}],"replies":[{"embeddable":true,"href":"https:\/\/norwegianmade.no\/en\/wp-json\/wp\/v2\/comments?post=19674"}],"wp:featuredmedia":[{"embeddable":true,"href":"https:\/\/norwegianmade.no\/en\/wp-json\/wp\/v2\/media\/21103"}],"wp:attachment":[{"href":"https:\/\/norwegianmade.no\/en\/wp-json\/wp\/v2\/media?parent=19674"}],"wp:term":[{"taxonomy":"product_brand","embeddable":true,"href":"https:\/\/norwegianmade.no\/en\/wp-json\/wp\/v2\/product_brand?post=19674"},{"taxonomy":"product_cat","embeddable":true,"href":"https:\/\/norwegianmade.no\/en\/wp-json\/wp\/v2\/product_cat?post=19674"},{"taxonomy":"product_tag","embeddable":true,"href":"https:\/\/norwegianmade.no\/en\/wp-json\/wp\/v2\/product_tag?post=19674"}],"curies":[{"name":"wp","href":"https:\/\/api.w.org\/{rel}","templated":true}]}}