{"id":19688,"date":"2024-01-11T17:16:11","date_gmt":"2024-01-11T16:16:11","guid":{"rendered":"https:\/\/norwegianmade.no\/produkt\/vevde-band\/"},"modified":"2026-04-02T03:41:01","modified_gmt":"2026-04-02T01:41:01","slug":"vevde-band","status":"publish","type":"product","link":"https:\/\/norwegianmade.no\/en\/produkt\/vevde-band\/","title":{"rendered":"Vevde b\u00e5nd"},"content":{"rendered":"<p style=\"margin: 0px;padding: 0px 0px 20px;line-height: 18px;font-family: Lato, sans-serif\" data-mce-style=\"margin: 0px; padding: 0px 0px 20px; line-height: 18px; font-family: Lato, sans-serif;\"><\/p>\n","protected":false},"excerpt":{"rendered":"<p style=\"margin: 0px;padding: 0px 0px 20px;line-height: 18px;font-family: Lato, sans-serif\" data-mce-style=\"margin: 0px; padding: 0px 0px 20px; line-height: 18px; font-family: Lato, sans-serif;\">B\u00e5nd og belter til bunader og folkedrakter, pynteb\u00e5nd til strikkeplagg, brodertr\u00e5d i bleket lin, elastikkb\u00e5nd, kantingsb\u00e5nd, samt m\u00f8bel \u2013 og markisesnorer.<\/p>\n<p style=\"margin: 0px;padding: 0px 0px 20px;line-height: 18px;font-family: Lato, sans-serif\" data-mce-style=\"margin: 0px; padding: 0px 0px 20px; line-height: 18px; font-family: Lato, sans-serif;\">Vi produserer gamle design og m\u00f8nstre i nye, oppdaterte farger og vi designer nye, moderne produkter.\u00a0<\/p>\n<p data-mce-style=\"margin: 0px; padding: 0px 0px 20px; line-height: 18px; font-family: Lato, sans-serif;\" style=\"margin: 0px;padding: 0px 0px 20px;line-height: 18px;font-family: Lato, sans-serif\">Alle v\u00e5re b\u00e5nd veves p\u00e5 fabrikken v\u00e5r i Tingvoll, p\u00e5 Nordm\u00f8re \u2013 ei bygd med lange tekstiltradisjoner.\u00a0<\/p>\n<p data-mce-style=\"margin: 0px; padding: 0px 0px 20px; line-height: 18px; font-family: Lato, sans-serif;\" style=\"margin: 0px;padding: 0px 0px 20px;line-height: 18px;font-family: Lato, sans-serif\">De fleste av v\u00e5re b\u00e5nd veves i ullgarn fra Hillesv\u00e5g Ullvarefabrikk.<\/p>\n","protected":false},"featured_media":19684,"comment_status":"open","ping_status":"closed","template":"","meta":{"_acf_changed":false},"product_brand":[],"product_cat":[124,78,60,95],"product_tag":[],"class_list":{"0":"post-19688","1":"product","2":"type-product","3":"status-publish","4":"has-post-thumbnail","6":"product_vendor-more-band-og-vev","7":"product_cat-annet","8":"product_cat-gaver","9":"product_cat-tekstil","10":"product_cat-vev","12":"first","13":"instock","14":"taxable","15":"shipping-taxable","16":"product-type-simple"},"acf":[],"yoast_head":"<!-- This site is optimized with the Yoast SEO plugin v27.1.1 - https:\/\/yoast.com\/product\/yoast-seo-wordpress\/ -->\n<title>Vevde b\u00e5nd &#8226; Norwegian Made<\/title>\n<meta name=\"robots\" content=\"index, follow, max-snippet:-1, max-image-preview:large, max-video-preview:-1\" \/>\n<link rel=\"canonical\" href=\"https:\/\/norwegianmade.no\/produkt\/vevde-band\/\" \/>\n<meta property=\"og:locale\" content=\"en_US\" \/>\n<meta property=\"og:type\" content=\"article\" \/>\n<meta property=\"og:title\" content=\"Vevde b\u00e5nd &#8226; Norwegian Made\" \/>\n<meta property=\"og:description\" content=\"B\u00e5nd og belter til bunader og folkedrakter, pynteb\u00e5nd til strikkeplagg, brodertr\u00e5d i bleket lin, elastikkb\u00e5nd, kantingsb\u00e5nd, samt m\u00f8bel \u2013 og markisesnorer.Vi produserer gamle design og m\u00f8nstre i nye, oppdaterte farger og vi designer nye, moderne produkter.\u00a0Alle v\u00e5re b\u00e5nd veves p\u00e5 fabrikken v\u00e5r i Tingvoll, p\u00e5 Nordm\u00f8re \u2013 ei bygd med lange tekstiltradisjoner.\u00a0De fleste av v\u00e5re b\u00e5nd veves i ullgarn fra Hillesv\u00e5g Ullvarefabrikk.\" \/>\n<meta property=\"og:url\" content=\"https:\/\/norwegianmade.no\/produkt\/vevde-band\/\" \/>\n<meta property=\"og:site_name\" content=\"Norwegian Made\" \/>\n<meta property=\"article:modified_time\" content=\"2026-04-02T01:41:01+00:00\" \/>\n<meta property=\"og:image\" content=\"https:\/\/norwegianmade.no\/wp-content\/uploads\/2024\/01\/163643652_124587826341864_4932403310867321959_n.jpg\" \/>\n\t<meta property=\"og:image:width\" content=\"1094\" \/>\n\t<meta property=\"og:image:height\" content=\"1094\" \/>\n\t<meta property=\"og:image:type\" content=\"image\/jpeg\" \/>\n<meta name=\"twitter:card\" content=\"summary_large_image\" \/>\n<script type=\"application\/ld+json\" class=\"yoast-schema-graph\">{\"@context\":\"https:\/\/schema.org\",\"@graph\":[{\"@type\":\"WebPage\",\"@id\":\"https:\/\/norwegianmade.no\/produkt\/vevde-band\/\",\"url\":\"https:\/\/norwegianmade.no\/produkt\/vevde-band\/\",\"name\":\"Vevde b\u00e5nd &#8226; Norwegian Made\",\"isPartOf\":{\"@id\":\"https:\/\/norwegianmade.no\/#website\"},\"primaryImageOfPage\":{\"@id\":\"https:\/\/norwegianmade.no\/produkt\/vevde-band\/#primaryimage\"},\"image\":{\"@id\":\"https:\/\/norwegianmade.no\/produkt\/vevde-band\/#primaryimage\"},\"thumbnailUrl\":\"https:\/\/norwegianmade.no\/wp-content\/uploads\/2024\/01\/163643652_124587826341864_4932403310867321959_n.jpg\",\"datePublished\":\"2024-01-11T16:16:11+00:00\",\"dateModified\":\"2026-04-02T01:41:01+00:00\",\"breadcrumb\":{\"@id\":\"https:\/\/norwegianmade.no\/produkt\/vevde-band\/#breadcrumb\"},\"inLanguage\":\"en-US\",\"potentialAction\":[{\"@type\":\"ReadAction\",\"target\":[\"https:\/\/norwegianmade.no\/produkt\/vevde-band\/\"]}]},{\"@type\":\"ImageObject\",\"inLanguage\":\"en-US\",\"@id\":\"https:\/\/norwegianmade.no\/produkt\/vevde-band\/#primaryimage\",\"url\":\"https:\/\/norwegianmade.no\/wp-content\/uploads\/2024\/01\/163643652_124587826341864_4932403310867321959_n.jpg\",\"contentUrl\":\"https:\/\/norwegianmade.no\/wp-content\/uploads\/2024\/01\/163643652_124587826341864_4932403310867321959_n.jpg\",\"width\":1094,\"height\":1094},{\"@type\":\"BreadcrumbList\",\"@id\":\"https:\/\/norwegianmade.no\/produkt\/vevde-band\/#breadcrumb\",\"itemListElement\":[{\"@type\":\"ListItem\",\"position\":1,\"name\":\"Hjem\",\"item\":\"https:\/\/norwegianmade.no\/en\/\"},{\"@type\":\"ListItem\",\"position\":2,\"name\":\"Shop\",\"item\":\"https:\/\/norwegianmade.no\/en\/shop\/\"},{\"@type\":\"ListItem\",\"position\":3,\"name\":\"Vevde b\u00e5nd\"}]},{\"@type\":\"WebSite\",\"@id\":\"https:\/\/norwegianmade.no\/#website\",\"url\":\"https:\/\/norwegianmade.no\/\",\"name\":\"Norwegian Made\",\"description\":\"Norges st\u00f8rste markedsplass for norske produsenter\",\"publisher\":{\"@id\":\"https:\/\/norwegianmade.no\/#organization\"},\"potentialAction\":[{\"@type\":\"SearchAction\",\"target\":{\"@type\":\"EntryPoint\",\"urlTemplate\":\"https:\/\/norwegianmade.no\/?s={search_term_string}\"},\"query-input\":{\"@type\":\"PropertyValueSpecification\",\"valueRequired\":true,\"valueName\":\"search_term_string\"}}],\"inLanguage\":\"en-US\"},{\"@type\":\"Organization\",\"@id\":\"https:\/\/norwegianmade.no\/#organization\",\"name\":\"Norwegian Made\",\"url\":\"https:\/\/norwegianmade.no\/\",\"logo\":{\"@type\":\"ImageObject\",\"inLanguage\":\"en-US\",\"@id\":\"https:\/\/norwegianmade.no\/#\/schema\/logo\/image\/\",\"url\":\"https:\/\/norwegianmade.no\/wp-content\/uploads\/2020\/11\/logo-liggende-norwegian-made-web.png\",\"contentUrl\":\"https:\/\/norwegianmade.no\/wp-content\/uploads\/2020\/11\/logo-liggende-norwegian-made-web.png\",\"width\":200,\"height\":58,\"caption\":\"Norwegian Made\"},\"image\":{\"@id\":\"https:\/\/norwegianmade.no\/#\/schema\/logo\/image\/\"}}]}<\/script>\n<!-- \/ Yoast SEO plugin. -->","yoast_head_json":{"title":"Vevde b\u00e5nd &#8226; Norwegian Made","robots":{"index":"index","follow":"follow","max-snippet":"max-snippet:-1","max-image-preview":"max-image-preview:large","max-video-preview":"max-video-preview:-1"},"canonical":"https:\/\/norwegianmade.no\/produkt\/vevde-band\/","og_locale":"en_US","og_type":"article","og_title":"Vevde b\u00e5nd &#8226; Norwegian Made","og_description":"B\u00e5nd og belter til bunader og folkedrakter, pynteb\u00e5nd til strikkeplagg, brodertr\u00e5d i bleket lin, elastikkb\u00e5nd, kantingsb\u00e5nd, samt m\u00f8bel \u2013 og markisesnorer.Vi produserer gamle design og m\u00f8nstre i nye, oppdaterte farger og vi designer nye, moderne produkter.\u00a0Alle v\u00e5re b\u00e5nd veves p\u00e5 fabrikken v\u00e5r i Tingvoll, p\u00e5 Nordm\u00f8re \u2013 ei bygd med lange tekstiltradisjoner.\u00a0De fleste av v\u00e5re b\u00e5nd veves i ullgarn fra Hillesv\u00e5g Ullvarefabrikk.","og_url":"https:\/\/norwegianmade.no\/produkt\/vevde-band\/","og_site_name":"Norwegian Made","article_modified_time":"2026-04-02T01:41:01+00:00","og_image":[{"width":1094,"height":1094,"url":"https:\/\/norwegianmade.no\/wp-content\/uploads\/2024\/01\/163643652_124587826341864_4932403310867321959_n.jpg","type":"image\/jpeg"}],"twitter_card":"summary_large_image","schema":{"@context":"https:\/\/schema.org","@graph":[{"@type":"WebPage","@id":"https:\/\/norwegianmade.no\/produkt\/vevde-band\/","url":"https:\/\/norwegianmade.no\/produkt\/vevde-band\/","name":"Vevde b\u00e5nd &#8226; Norwegian Made","isPartOf":{"@id":"https:\/\/norwegianmade.no\/#website"},"primaryImageOfPage":{"@id":"https:\/\/norwegianmade.no\/produkt\/vevde-band\/#primaryimage"},"image":{"@id":"https:\/\/norwegianmade.no\/produkt\/vevde-band\/#primaryimage"},"thumbnailUrl":"https:\/\/norwegianmade.no\/wp-content\/uploads\/2024\/01\/163643652_124587826341864_4932403310867321959_n.jpg","datePublished":"2024-01-11T16:16:11+00:00","dateModified":"2026-04-02T01:41:01+00:00","breadcrumb":{"@id":"https:\/\/norwegianmade.no\/produkt\/vevde-band\/#breadcrumb"},"inLanguage":"en-US","potentialAction":[{"@type":"ReadAction","target":["https:\/\/norwegianmade.no\/produkt\/vevde-band\/"]}]},{"@type":"ImageObject","inLanguage":"en-US","@id":"https:\/\/norwegianmade.no\/produkt\/vevde-band\/#primaryimage","url":"https:\/\/norwegianmade.no\/wp-content\/uploads\/2024\/01\/163643652_124587826341864_4932403310867321959_n.jpg","contentUrl":"https:\/\/norwegianmade.no\/wp-content\/uploads\/2024\/01\/163643652_124587826341864_4932403310867321959_n.jpg","width":1094,"height":1094},{"@type":"BreadcrumbList","@id":"https:\/\/norwegianmade.no\/produkt\/vevde-band\/#breadcrumb","itemListElement":[{"@type":"ListItem","position":1,"name":"Hjem","item":"https:\/\/norwegianmade.no\/en\/"},{"@type":"ListItem","position":2,"name":"Shop","item":"https:\/\/norwegianmade.no\/en\/shop\/"},{"@type":"ListItem","position":3,"name":"Vevde b\u00e5nd"}]},{"@type":"WebSite","@id":"https:\/\/norwegianmade.no\/#website","url":"https:\/\/norwegianmade.no\/","name":"Norwegian Made","description":"Norges st\u00f8rste markedsplass for norske produsenter","publisher":{"@id":"https:\/\/norwegianmade.no\/#organization"},"potentialAction":[{"@type":"SearchAction","target":{"@type":"EntryPoint","urlTemplate":"https:\/\/norwegianmade.no\/?s={search_term_string}"},"query-input":{"@type":"PropertyValueSpecification","valueRequired":true,"valueName":"search_term_string"}}],"inLanguage":"en-US"},{"@type":"Organization","@id":"https:\/\/norwegianmade.no\/#organization","name":"Norwegian Made","url":"https:\/\/norwegianmade.no\/","logo":{"@type":"ImageObject","inLanguage":"en-US","@id":"https:\/\/norwegianmade.no\/#\/schema\/logo\/image\/","url":"https:\/\/norwegianmade.no\/wp-content\/uploads\/2020\/11\/logo-liggende-norwegian-made-web.png","contentUrl":"https:\/\/norwegianmade.no\/wp-content\/uploads\/2020\/11\/logo-liggende-norwegian-made-web.png","width":200,"height":58,"caption":"Norwegian Made"},"image":{"@id":"https:\/\/norwegianmade.no\/#\/schema\/logo\/image\/"}}]}},"_links":{"self":[{"href":"https:\/\/norwegianmade.no\/en\/wp-json\/wp\/v2\/product\/19688","targetHints":{"allow":["GET"]}}],"collection":[{"href":"https:\/\/norwegianmade.no\/en\/wp-json\/wp\/v2\/product"}],"about":[{"href":"https:\/\/norwegianmade.no\/en\/wp-json\/wp\/v2\/types\/product"}],"replies":[{"embeddable":true,"href":"https:\/\/norwegianmade.no\/en\/wp-json\/wp\/v2\/comments?post=19688"}],"wp:featuredmedia":[{"embeddable":true,"href":"https:\/\/norwegianmade.no\/en\/wp-json\/wp\/v2\/media\/19684"}],"wp:attachment":[{"href":"https:\/\/norwegianmade.no\/en\/wp-json\/wp\/v2\/media?parent=19688"}],"wp:term":[{"taxonomy":"product_brand","embeddable":true,"href":"https:\/\/norwegianmade.no\/en\/wp-json\/wp\/v2\/product_brand?post=19688"},{"taxonomy":"product_cat","embeddable":true,"href":"https:\/\/norwegianmade.no\/en\/wp-json\/wp\/v2\/product_cat?post=19688"},{"taxonomy":"product_tag","embeddable":true,"href":"https:\/\/norwegianmade.no\/en\/wp-json\/wp\/v2\/product_tag?post=19688"}],"curies":[{"name":"wp","href":"https:\/\/api.w.org\/{rel}","templated":true}]}}