{"id":19737,"date":"2024-01-26T13:00:15","date_gmt":"2024-01-26T12:00:15","guid":{"rendered":"https:\/\/norwegianmade.no\/produkt\/kvalitetsmobler-og-interior\/"},"modified":"2026-03-28T00:41:36","modified_gmt":"2026-03-27T23:41:36","slug":"kvalitetsmobler-og-interior","status":"publish","type":"product","link":"https:\/\/norwegianmade.no\/en\/produkt\/kvalitetsmobler-og-interior\/","title":{"rendered":"Kvalitetsm\u00f8bler og interi\u00f8r"},"content":{"rendered":"<p><span style=\"font-family: Lato, sans-serif\">Vi kan tilby en rekke produkter og prosjekter p\u00e5 foresp\u00f8rsel, ta kontakt om du har lyst p\u00e5 en hyggelig og uforpliktende prat om akkurat ditt prosjekt!<\/span><br data-mce-bogus=\"1\"><\/p>\n","protected":false},"excerpt":{"rendered":"<p><span style=\"font-family: Lato, sans-serif\">Vi er en liten og kunnskapsrik h\u00e5ndverksbedrift med lidenskap for Norsk tre og bearbeiding av dette. Med bakgrunn fra b\u00e5tbransjen har vi lang erfaring med all type innredningsproduksjon og garnering. TableArt.no er v\u00e5r satsning p\u00e5 kvalitetsm\u00f8bler i kortreiste materialer for kresne kunder i Norge.<\/span><br style=\"font-family: Lato, sans-serif\"><span style=\"font-family: Lato, sans-serif\">\u200b<\/span><br data-mce-bogus=\"1\"><\/p>\n","protected":false},"featured_media":19735,"comment_status":"open","ping_status":"closed","template":"","meta":{"_acf_changed":false},"product_brand":[],"product_cat":[124,78,112,113,66],"product_tag":[],"class_list":{"0":"post-19737","1":"product","2":"type-product","3":"status-publish","4":"has-post-thumbnail","6":"product_vendor-tableart","7":"product_cat-annet","8":"product_cat-gaver","9":"product_cat-innredning","10":"product_cat-mobler","11":"product_cat-mobler-og-trevarer","13":"first","14":"instock","15":"taxable","16":"shipping-taxable","17":"product-type-simple"},"acf":[],"yoast_head":"<!-- This site is optimized with the Yoast SEO plugin v27.1.1 - https:\/\/yoast.com\/product\/yoast-seo-wordpress\/ -->\n<title>Kvalitetsm\u00f8bler og interi\u00f8r &#8226; Norwegian Made<\/title>\n<meta name=\"robots\" content=\"index, follow, max-snippet:-1, max-image-preview:large, max-video-preview:-1\" \/>\n<link rel=\"canonical\" href=\"https:\/\/norwegianmade.no\/produkt\/kvalitetsmobler-og-interior\/\" \/>\n<meta property=\"og:locale\" content=\"en_US\" \/>\n<meta property=\"og:type\" content=\"article\" \/>\n<meta property=\"og:title\" content=\"Kvalitetsm\u00f8bler og interi\u00f8r &#8226; Norwegian Made\" \/>\n<meta property=\"og:description\" content=\"Vi er en liten og kunnskapsrik h\u00e5ndverksbedrift med lidenskap for Norsk tre og bearbeiding av dette. Med bakgrunn fra b\u00e5tbransjen har vi lang erfaring med all type innredningsproduksjon og garnering. TableArt.no er v\u00e5r satsning p\u00e5 kvalitetsm\u00f8bler i kortreiste materialer for kresne kunder i Norge.\u200b\" \/>\n<meta property=\"og:url\" content=\"https:\/\/norwegianmade.no\/produkt\/kvalitetsmobler-og-interior\/\" \/>\n<meta property=\"og:site_name\" content=\"Norwegian Made\" \/>\n<meta property=\"article:modified_time\" content=\"2026-03-27T23:41:36+00:00\" \/>\n<meta property=\"og:image\" content=\"https:\/\/norwegianmade.no\/wp-content\/uploads\/2024\/01\/IMG_6894.jpeg\" \/>\n\t<meta property=\"og:image:width\" content=\"833\" \/>\n\t<meta property=\"og:image:height\" content=\"833\" \/>\n\t<meta property=\"og:image:type\" content=\"image\/jpeg\" \/>\n<meta name=\"twitter:card\" content=\"summary_large_image\" \/>\n<script type=\"application\/ld+json\" class=\"yoast-schema-graph\">{\"@context\":\"https:\/\/schema.org\",\"@graph\":[{\"@type\":\"WebPage\",\"@id\":\"https:\/\/norwegianmade.no\/produkt\/kvalitetsmobler-og-interior\/\",\"url\":\"https:\/\/norwegianmade.no\/produkt\/kvalitetsmobler-og-interior\/\",\"name\":\"Kvalitetsm\u00f8bler og interi\u00f8r &#8226; Norwegian Made\",\"isPartOf\":{\"@id\":\"https:\/\/norwegianmade.no\/#website\"},\"primaryImageOfPage\":{\"@id\":\"https:\/\/norwegianmade.no\/produkt\/kvalitetsmobler-og-interior\/#primaryimage\"},\"image\":{\"@id\":\"https:\/\/norwegianmade.no\/produkt\/kvalitetsmobler-og-interior\/#primaryimage\"},\"thumbnailUrl\":\"https:\/\/norwegianmade.no\/wp-content\/uploads\/2024\/01\/IMG_6894.jpeg\",\"datePublished\":\"2024-01-26T12:00:15+00:00\",\"dateModified\":\"2026-03-27T23:41:36+00:00\",\"breadcrumb\":{\"@id\":\"https:\/\/norwegianmade.no\/produkt\/kvalitetsmobler-og-interior\/#breadcrumb\"},\"inLanguage\":\"en-US\",\"potentialAction\":[{\"@type\":\"ReadAction\",\"target\":[\"https:\/\/norwegianmade.no\/produkt\/kvalitetsmobler-og-interior\/\"]}]},{\"@type\":\"ImageObject\",\"inLanguage\":\"en-US\",\"@id\":\"https:\/\/norwegianmade.no\/produkt\/kvalitetsmobler-og-interior\/#primaryimage\",\"url\":\"https:\/\/norwegianmade.no\/wp-content\/uploads\/2024\/01\/IMG_6894.jpeg\",\"contentUrl\":\"https:\/\/norwegianmade.no\/wp-content\/uploads\/2024\/01\/IMG_6894.jpeg\",\"width\":833,\"height\":833},{\"@type\":\"BreadcrumbList\",\"@id\":\"https:\/\/norwegianmade.no\/produkt\/kvalitetsmobler-og-interior\/#breadcrumb\",\"itemListElement\":[{\"@type\":\"ListItem\",\"position\":1,\"name\":\"Hjem\",\"item\":\"https:\/\/norwegianmade.no\/en\/\"},{\"@type\":\"ListItem\",\"position\":2,\"name\":\"Shop\",\"item\":\"https:\/\/norwegianmade.no\/en\/shop\/\"},{\"@type\":\"ListItem\",\"position\":3,\"name\":\"Kvalitetsm\u00f8bler og interi\u00f8r\"}]},{\"@type\":\"WebSite\",\"@id\":\"https:\/\/norwegianmade.no\/#website\",\"url\":\"https:\/\/norwegianmade.no\/\",\"name\":\"Norwegian Made\",\"description\":\"Norges st\u00f8rste markedsplass for norske produsenter\",\"publisher\":{\"@id\":\"https:\/\/norwegianmade.no\/#organization\"},\"potentialAction\":[{\"@type\":\"SearchAction\",\"target\":{\"@type\":\"EntryPoint\",\"urlTemplate\":\"https:\/\/norwegianmade.no\/?s={search_term_string}\"},\"query-input\":{\"@type\":\"PropertyValueSpecification\",\"valueRequired\":true,\"valueName\":\"search_term_string\"}}],\"inLanguage\":\"en-US\"},{\"@type\":\"Organization\",\"@id\":\"https:\/\/norwegianmade.no\/#organization\",\"name\":\"Norwegian Made\",\"url\":\"https:\/\/norwegianmade.no\/\",\"logo\":{\"@type\":\"ImageObject\",\"inLanguage\":\"en-US\",\"@id\":\"https:\/\/norwegianmade.no\/#\/schema\/logo\/image\/\",\"url\":\"https:\/\/norwegianmade.no\/wp-content\/uploads\/2020\/11\/logo-liggende-norwegian-made-web.png\",\"contentUrl\":\"https:\/\/norwegianmade.no\/wp-content\/uploads\/2020\/11\/logo-liggende-norwegian-made-web.png\",\"width\":200,\"height\":58,\"caption\":\"Norwegian Made\"},\"image\":{\"@id\":\"https:\/\/norwegianmade.no\/#\/schema\/logo\/image\/\"}}]}<\/script>\n<!-- \/ Yoast SEO plugin. -->","yoast_head_json":{"title":"Kvalitetsm\u00f8bler og interi\u00f8r &#8226; Norwegian Made","robots":{"index":"index","follow":"follow","max-snippet":"max-snippet:-1","max-image-preview":"max-image-preview:large","max-video-preview":"max-video-preview:-1"},"canonical":"https:\/\/norwegianmade.no\/produkt\/kvalitetsmobler-og-interior\/","og_locale":"en_US","og_type":"article","og_title":"Kvalitetsm\u00f8bler og interi\u00f8r &#8226; Norwegian Made","og_description":"Vi er en liten og kunnskapsrik h\u00e5ndverksbedrift med lidenskap for Norsk tre og bearbeiding av dette. Med bakgrunn fra b\u00e5tbransjen har vi lang erfaring med all type innredningsproduksjon og garnering. TableArt.no er v\u00e5r satsning p\u00e5 kvalitetsm\u00f8bler i kortreiste materialer for kresne kunder i Norge.\u200b","og_url":"https:\/\/norwegianmade.no\/produkt\/kvalitetsmobler-og-interior\/","og_site_name":"Norwegian Made","article_modified_time":"2026-03-27T23:41:36+00:00","og_image":[{"width":833,"height":833,"url":"https:\/\/norwegianmade.no\/wp-content\/uploads\/2024\/01\/IMG_6894.jpeg","type":"image\/jpeg"}],"twitter_card":"summary_large_image","schema":{"@context":"https:\/\/schema.org","@graph":[{"@type":"WebPage","@id":"https:\/\/norwegianmade.no\/produkt\/kvalitetsmobler-og-interior\/","url":"https:\/\/norwegianmade.no\/produkt\/kvalitetsmobler-og-interior\/","name":"Kvalitetsm\u00f8bler og interi\u00f8r &#8226; Norwegian Made","isPartOf":{"@id":"https:\/\/norwegianmade.no\/#website"},"primaryImageOfPage":{"@id":"https:\/\/norwegianmade.no\/produkt\/kvalitetsmobler-og-interior\/#primaryimage"},"image":{"@id":"https:\/\/norwegianmade.no\/produkt\/kvalitetsmobler-og-interior\/#primaryimage"},"thumbnailUrl":"https:\/\/norwegianmade.no\/wp-content\/uploads\/2024\/01\/IMG_6894.jpeg","datePublished":"2024-01-26T12:00:15+00:00","dateModified":"2026-03-27T23:41:36+00:00","breadcrumb":{"@id":"https:\/\/norwegianmade.no\/produkt\/kvalitetsmobler-og-interior\/#breadcrumb"},"inLanguage":"en-US","potentialAction":[{"@type":"ReadAction","target":["https:\/\/norwegianmade.no\/produkt\/kvalitetsmobler-og-interior\/"]}]},{"@type":"ImageObject","inLanguage":"en-US","@id":"https:\/\/norwegianmade.no\/produkt\/kvalitetsmobler-og-interior\/#primaryimage","url":"https:\/\/norwegianmade.no\/wp-content\/uploads\/2024\/01\/IMG_6894.jpeg","contentUrl":"https:\/\/norwegianmade.no\/wp-content\/uploads\/2024\/01\/IMG_6894.jpeg","width":833,"height":833},{"@type":"BreadcrumbList","@id":"https:\/\/norwegianmade.no\/produkt\/kvalitetsmobler-og-interior\/#breadcrumb","itemListElement":[{"@type":"ListItem","position":1,"name":"Hjem","item":"https:\/\/norwegianmade.no\/en\/"},{"@type":"ListItem","position":2,"name":"Shop","item":"https:\/\/norwegianmade.no\/en\/shop\/"},{"@type":"ListItem","position":3,"name":"Kvalitetsm\u00f8bler og interi\u00f8r"}]},{"@type":"WebSite","@id":"https:\/\/norwegianmade.no\/#website","url":"https:\/\/norwegianmade.no\/","name":"Norwegian Made","description":"Norges st\u00f8rste markedsplass for norske produsenter","publisher":{"@id":"https:\/\/norwegianmade.no\/#organization"},"potentialAction":[{"@type":"SearchAction","target":{"@type":"EntryPoint","urlTemplate":"https:\/\/norwegianmade.no\/?s={search_term_string}"},"query-input":{"@type":"PropertyValueSpecification","valueRequired":true,"valueName":"search_term_string"}}],"inLanguage":"en-US"},{"@type":"Organization","@id":"https:\/\/norwegianmade.no\/#organization","name":"Norwegian Made","url":"https:\/\/norwegianmade.no\/","logo":{"@type":"ImageObject","inLanguage":"en-US","@id":"https:\/\/norwegianmade.no\/#\/schema\/logo\/image\/","url":"https:\/\/norwegianmade.no\/wp-content\/uploads\/2020\/11\/logo-liggende-norwegian-made-web.png","contentUrl":"https:\/\/norwegianmade.no\/wp-content\/uploads\/2020\/11\/logo-liggende-norwegian-made-web.png","width":200,"height":58,"caption":"Norwegian Made"},"image":{"@id":"https:\/\/norwegianmade.no\/#\/schema\/logo\/image\/"}}]}},"_links":{"self":[{"href":"https:\/\/norwegianmade.no\/en\/wp-json\/wp\/v2\/product\/19737","targetHints":{"allow":["GET"]}}],"collection":[{"href":"https:\/\/norwegianmade.no\/en\/wp-json\/wp\/v2\/product"}],"about":[{"href":"https:\/\/norwegianmade.no\/en\/wp-json\/wp\/v2\/types\/product"}],"replies":[{"embeddable":true,"href":"https:\/\/norwegianmade.no\/en\/wp-json\/wp\/v2\/comments?post=19737"}],"wp:featuredmedia":[{"embeddable":true,"href":"https:\/\/norwegianmade.no\/en\/wp-json\/wp\/v2\/media\/19735"}],"wp:attachment":[{"href":"https:\/\/norwegianmade.no\/en\/wp-json\/wp\/v2\/media?parent=19737"}],"wp:term":[{"taxonomy":"product_brand","embeddable":true,"href":"https:\/\/norwegianmade.no\/en\/wp-json\/wp\/v2\/product_brand?post=19737"},{"taxonomy":"product_cat","embeddable":true,"href":"https:\/\/norwegianmade.no\/en\/wp-json\/wp\/v2\/product_cat?post=19737"},{"taxonomy":"product_tag","embeddable":true,"href":"https:\/\/norwegianmade.no\/en\/wp-json\/wp\/v2\/product_tag?post=19737"}],"curies":[{"name":"wp","href":"https:\/\/api.w.org\/{rel}","templated":true}]}}