{"id":19757,"date":"2024-01-29T09:37:33","date_gmt":"2024-01-29T08:37:33","guid":{"rendered":"https:\/\/norwegianmade.no\/produkt\/avrora-anheng-med-fodselsmaned-blomst-for-januar-nellik\/"},"modified":"2026-02-04T17:07:32","modified_gmt":"2026-02-04T16:07:32","slug":"avrora-anheng-med-fodselsmaned-blomst-for-januar-nellik","status":"publish","type":"product","link":"https:\/\/norwegianmade.no\/en\/produkt\/avrora-anheng-med-fodselsmaned-blomst-for-januar-nellik\/","title":{"rendered":"Avrora Anheng med F\u00f8dselsm\u00e5ned blomst for Januar Nellik"},"content":{"rendered":"<p><meta charset=\"UTF-8\"><meta charset=\"UTF-8\"><span data-mce-fragment=\"1\">Dette er et elegant anheng tilgjengelig i alternativene gull, hvitt gull, s\u00f8lv eller forgylt s\u00f8lv, prydet med en detaljert gravering av Nellik-blomsten. Nelliken, med sine karakteristiske lagdelte kronblader og rike symbolikk, er kunstnerisk fremstilt p\u00e5 anhenget. Den glatte og skinnende overflaten av anhenget fremhever det intrikate og detaljerte designet av blomsten. Dette smykket representerer ikke bare naturlig skj\u00f8nnhet, men b\u00e6rer ogs\u00e5 en dypere mening av kj\u00e6rlighet, fascinasjon og distinksjon, noe som gj\u00f8r det til et betydningsfullt tilbeh\u00f8r eller en gave<\/span><\/p>\n<p>Egenskaper:<\/p>\n<ul>\n<li>Materiale: De beste pr\u00f8vene av gull og s\u00f8lv brukt i skapelsen av dette anhenget, sikrer ikke bare en overlegen estetisk appell, men ogs\u00e5 produktets holdbarhet. Den edle glansen av metallene understreker smykkets status og raffinement.<\/li>\n<li>Individuell gravering: Gj\u00f8r anhenget ditt virkelig spesielt ved \u00e5 legge til en gravering med initialene dine. Bokstav\u00a0gravert av en mester, vil transformere tilbeh\u00f8ret til noe mer enn bare et smykke, de vil fylle det med dyp mening og individualitet.<\/li>\n<\/ul>\n<p>Gi deg selv eller dine kj\u00e6re denne unike gaven som vil bli et uforglemmelig symbol p\u00e5 spesielle \u00f8yeblikk i livet. Kombinasjonen av klassisk og moderne trender i ett anheng er et ekte mesterverk av smykkekunst!<\/p>\n<p>VIKTIG: Vi setter pris p\u00e5 v\u00e5rt h\u00e5ndverk og kj\u00f8per aldri produkter fra Kina, og utgir dem for \u00e5 v\u00e6re v\u00e5re egne<\/p>\n<p data-mce-fragment=\"1\"><span data-mce-fragment=\"1\">TIPS TIL \u00c5 TA VARE P\u00c5 SMYKKET<\/span><\/p>\n<ol data-mce-fragment=\"1\">\n<li data-mce-fragment=\"1\">\n<strong data-mce-fragment=\"1\">Unng\u00e5 kjemikalier:<\/strong> Det er best \u00e5 unng\u00e5 kontakt med kjemikalier som parfymer, kremer og rengj\u00f8ringsmidler.<\/li>\n<li data-mce-fragment=\"1\">\n<strong data-mce-fragment=\"1\">Unng\u00e5 riper:<\/strong> Oppbevar gull smykker i en myk pose eller eske for \u00e5 forhindre riper.<\/li>\n<li data-mce-fragment=\"1\">\n<strong data-mce-fragment=\"1\">Rengj\u00f8ring:<\/strong> Bruk en myk klut eller b\u00f8rste for \u00e5 rengj\u00f8re gullet. For en dypere rengj\u00f8ring kan du bruke en l\u00f8sning av varmt vann og en liten mengde mild s\u00e5pe.<\/li>\n<li data-mce-fragment=\"1\">\n<strong data-mce-fragment=\"1\">Unng\u00e5 fysisk skade:<\/strong> Ikke bruk gull smykker under idrettsaktiviteter eller annen fysisk aktivitet.<\/li>\n<li data-mce-fragment=\"1\">\n<strong data-mce-fragment=\"1\">Sjekk smykker regelmessig:<\/strong> S\u00f8rg for \u00e5 jevnlig sjekke l\u00e5ser og fester p\u00e5 smykkene dine for \u00e5 unng\u00e5 \u00e5 miste dem.<\/li>\n<li data-mce-fragment=\"1\">\n<meta charset=\"UTF-8\"> <span data-mce-fragment=\"1\"><strong data-mce-fragment=\"1\">Ta av n\u00e5r du sover<\/strong>, trener eller gj\u00f8r andre fysisk anstrengende aktiviteter<\/span>\n<\/li>\n<li data-mce-fragment=\"1\"><span data-mce-fragment=\"1\"><meta charset=\"UTF-8\"> <strong data-mce-fragment=\"1\">Oppbevar<\/strong> dine favoritt smykker p\u00e5 et kj\u00f8lig og t\u00f8rt sted<\/span><\/li>\n<\/ol>\n","protected":false},"excerpt":{"rendered":"<p>Dette er et elegant anheng tilgjengelig i alternativene gull, hvitt gull, s\u00f8lv eller forgylt s\u00f8lv, prydet med en detaljert gravering av Nellik-blomsten. [&hellip;]<\/p>\n","protected":false},"featured_media":0,"comment_status":"open","ping_status":"closed","template":"","meta":{"_acf_changed":false},"product_brand":[],"product_cat":[15],"product_tag":[555,556,557,558,559,560,561,562,563,564,565],"class_list":{"0":"post-19757","1":"product","2":"type-product","3":"status-publish","5":"product_vendor-avrora","6":"product_cat-ukategorisert","7":"product_tag-birth-flower","8":"product_tag-fodselsblomst","9":"product_tag-gave-til-ham","10":"product_tag-gave-til-henne","11":"product_tag-gift-for-her","12":"product_tag-gift-for-him","13":"product_tag-initialer-smykker","14":"product_tag-julegave","15":"product_tag-nellik","16":"product_tag-personalized-jewelry","17":"product_tag-snoklokke","19":"first","20":"instock","21":"taxable","22":"shipping-taxable","23":"product-type-simple"},"acf":[],"yoast_head":"<!-- This site is optimized with the Yoast SEO plugin v27.1.1 - https:\/\/yoast.com\/product\/yoast-seo-wordpress\/ -->\n<title>Avrora Anheng med F\u00f8dselsm\u00e5ned blomst for Januar Nellik &#8226; Norwegian Made<\/title>\n<meta name=\"robots\" content=\"index, follow, max-snippet:-1, max-image-preview:large, max-video-preview:-1\" \/>\n<link rel=\"canonical\" href=\"https:\/\/norwegianmade.no\/produkt\/avrora-anheng-med-fodselsmaned-blomst-for-januar-nellik\/\" \/>\n<meta property=\"og:locale\" content=\"en_US\" \/>\n<meta property=\"og:type\" content=\"article\" \/>\n<meta property=\"og:title\" content=\"Avrora Anheng med F\u00f8dselsm\u00e5ned blomst for Januar Nellik &#8226; Norwegian Made\" \/>\n<meta property=\"og:description\" content=\"Dette er et elegant anheng tilgjengelig i alternativene gull, hvitt gull, s\u00f8lv eller forgylt s\u00f8lv, prydet med en detaljert gravering av Nellik-blomsten. [&hellip;]\" \/>\n<meta property=\"og:url\" content=\"https:\/\/norwegianmade.no\/produkt\/avrora-anheng-med-fodselsmaned-blomst-for-januar-nellik\/\" \/>\n<meta property=\"og:site_name\" content=\"Norwegian Made\" \/>\n<meta property=\"article:modified_time\" content=\"2026-02-04T16:07:32+00:00\" \/>\n<meta name=\"twitter:card\" content=\"summary_large_image\" \/>\n<meta name=\"twitter:label1\" content=\"Est. reading time\" \/>\n\t<meta name=\"twitter:data1\" content=\"2 minutes\" \/>\n<script type=\"application\/ld+json\" class=\"yoast-schema-graph\">{\"@context\":\"https:\/\/schema.org\",\"@graph\":[{\"@type\":\"WebPage\",\"@id\":\"https:\/\/norwegianmade.no\/produkt\/avrora-anheng-med-fodselsmaned-blomst-for-januar-nellik\/\",\"url\":\"https:\/\/norwegianmade.no\/produkt\/avrora-anheng-med-fodselsmaned-blomst-for-januar-nellik\/\",\"name\":\"Avrora Anheng med F\u00f8dselsm\u00e5ned blomst for Januar Nellik &#8226; Norwegian Made\",\"isPartOf\":{\"@id\":\"https:\/\/norwegianmade.no\/#website\"},\"datePublished\":\"2024-01-29T08:37:33+00:00\",\"dateModified\":\"2026-02-04T16:07:32+00:00\",\"breadcrumb\":{\"@id\":\"https:\/\/norwegianmade.no\/produkt\/avrora-anheng-med-fodselsmaned-blomst-for-januar-nellik\/#breadcrumb\"},\"inLanguage\":\"en-US\",\"potentialAction\":[{\"@type\":\"ReadAction\",\"target\":[\"https:\/\/norwegianmade.no\/produkt\/avrora-anheng-med-fodselsmaned-blomst-for-januar-nellik\/\"]}]},{\"@type\":\"BreadcrumbList\",\"@id\":\"https:\/\/norwegianmade.no\/produkt\/avrora-anheng-med-fodselsmaned-blomst-for-januar-nellik\/#breadcrumb\",\"itemListElement\":[{\"@type\":\"ListItem\",\"position\":1,\"name\":\"Hjem\",\"item\":\"https:\/\/norwegianmade.no\/en\/\"},{\"@type\":\"ListItem\",\"position\":2,\"name\":\"Shop\",\"item\":\"https:\/\/norwegianmade.no\/en\/shop\/\"},{\"@type\":\"ListItem\",\"position\":3,\"name\":\"Avrora Anheng med F\u00f8dselsm\u00e5ned blomst for Januar Nellik\"}]},{\"@type\":\"WebSite\",\"@id\":\"https:\/\/norwegianmade.no\/#website\",\"url\":\"https:\/\/norwegianmade.no\/\",\"name\":\"Norwegian Made\",\"description\":\"Norges st\u00f8rste markedsplass for norske produsenter\",\"publisher\":{\"@id\":\"https:\/\/norwegianmade.no\/#organization\"},\"potentialAction\":[{\"@type\":\"SearchAction\",\"target\":{\"@type\":\"EntryPoint\",\"urlTemplate\":\"https:\/\/norwegianmade.no\/?s={search_term_string}\"},\"query-input\":{\"@type\":\"PropertyValueSpecification\",\"valueRequired\":true,\"valueName\":\"search_term_string\"}}],\"inLanguage\":\"en-US\"},{\"@type\":\"Organization\",\"@id\":\"https:\/\/norwegianmade.no\/#organization\",\"name\":\"Norwegian Made\",\"url\":\"https:\/\/norwegianmade.no\/\",\"logo\":{\"@type\":\"ImageObject\",\"inLanguage\":\"en-US\",\"@id\":\"https:\/\/norwegianmade.no\/#\/schema\/logo\/image\/\",\"url\":\"https:\/\/norwegianmade.no\/wp-content\/uploads\/2020\/11\/logo-liggende-norwegian-made-web.png\",\"contentUrl\":\"https:\/\/norwegianmade.no\/wp-content\/uploads\/2020\/11\/logo-liggende-norwegian-made-web.png\",\"width\":200,\"height\":58,\"caption\":\"Norwegian Made\"},\"image\":{\"@id\":\"https:\/\/norwegianmade.no\/#\/schema\/logo\/image\/\"}}]}<\/script>\n<!-- \/ Yoast SEO plugin. -->","yoast_head_json":{"title":"Avrora Anheng med F\u00f8dselsm\u00e5ned blomst for Januar Nellik &#8226; Norwegian Made","robots":{"index":"index","follow":"follow","max-snippet":"max-snippet:-1","max-image-preview":"max-image-preview:large","max-video-preview":"max-video-preview:-1"},"canonical":"https:\/\/norwegianmade.no\/produkt\/avrora-anheng-med-fodselsmaned-blomst-for-januar-nellik\/","og_locale":"en_US","og_type":"article","og_title":"Avrora Anheng med F\u00f8dselsm\u00e5ned blomst for Januar Nellik &#8226; Norwegian Made","og_description":"Dette er et elegant anheng tilgjengelig i alternativene gull, hvitt gull, s\u00f8lv eller forgylt s\u00f8lv, prydet med en detaljert gravering av Nellik-blomsten. [&hellip;]","og_url":"https:\/\/norwegianmade.no\/produkt\/avrora-anheng-med-fodselsmaned-blomst-for-januar-nellik\/","og_site_name":"Norwegian Made","article_modified_time":"2026-02-04T16:07:32+00:00","twitter_card":"summary_large_image","twitter_misc":{"Est. reading time":"2 minutes"},"schema":{"@context":"https:\/\/schema.org","@graph":[{"@type":"WebPage","@id":"https:\/\/norwegianmade.no\/produkt\/avrora-anheng-med-fodselsmaned-blomst-for-januar-nellik\/","url":"https:\/\/norwegianmade.no\/produkt\/avrora-anheng-med-fodselsmaned-blomst-for-januar-nellik\/","name":"Avrora Anheng med F\u00f8dselsm\u00e5ned blomst for Januar Nellik &#8226; Norwegian Made","isPartOf":{"@id":"https:\/\/norwegianmade.no\/#website"},"datePublished":"2024-01-29T08:37:33+00:00","dateModified":"2026-02-04T16:07:32+00:00","breadcrumb":{"@id":"https:\/\/norwegianmade.no\/produkt\/avrora-anheng-med-fodselsmaned-blomst-for-januar-nellik\/#breadcrumb"},"inLanguage":"en-US","potentialAction":[{"@type":"ReadAction","target":["https:\/\/norwegianmade.no\/produkt\/avrora-anheng-med-fodselsmaned-blomst-for-januar-nellik\/"]}]},{"@type":"BreadcrumbList","@id":"https:\/\/norwegianmade.no\/produkt\/avrora-anheng-med-fodselsmaned-blomst-for-januar-nellik\/#breadcrumb","itemListElement":[{"@type":"ListItem","position":1,"name":"Hjem","item":"https:\/\/norwegianmade.no\/en\/"},{"@type":"ListItem","position":2,"name":"Shop","item":"https:\/\/norwegianmade.no\/en\/shop\/"},{"@type":"ListItem","position":3,"name":"Avrora Anheng med F\u00f8dselsm\u00e5ned blomst for Januar Nellik"}]},{"@type":"WebSite","@id":"https:\/\/norwegianmade.no\/#website","url":"https:\/\/norwegianmade.no\/","name":"Norwegian Made","description":"Norges st\u00f8rste markedsplass for norske produsenter","publisher":{"@id":"https:\/\/norwegianmade.no\/#organization"},"potentialAction":[{"@type":"SearchAction","target":{"@type":"EntryPoint","urlTemplate":"https:\/\/norwegianmade.no\/?s={search_term_string}"},"query-input":{"@type":"PropertyValueSpecification","valueRequired":true,"valueName":"search_term_string"}}],"inLanguage":"en-US"},{"@type":"Organization","@id":"https:\/\/norwegianmade.no\/#organization","name":"Norwegian Made","url":"https:\/\/norwegianmade.no\/","logo":{"@type":"ImageObject","inLanguage":"en-US","@id":"https:\/\/norwegianmade.no\/#\/schema\/logo\/image\/","url":"https:\/\/norwegianmade.no\/wp-content\/uploads\/2020\/11\/logo-liggende-norwegian-made-web.png","contentUrl":"https:\/\/norwegianmade.no\/wp-content\/uploads\/2020\/11\/logo-liggende-norwegian-made-web.png","width":200,"height":58,"caption":"Norwegian Made"},"image":{"@id":"https:\/\/norwegianmade.no\/#\/schema\/logo\/image\/"}}]}},"_links":{"self":[{"href":"https:\/\/norwegianmade.no\/en\/wp-json\/wp\/v2\/product\/19757","targetHints":{"allow":["GET"]}}],"collection":[{"href":"https:\/\/norwegianmade.no\/en\/wp-json\/wp\/v2\/product"}],"about":[{"href":"https:\/\/norwegianmade.no\/en\/wp-json\/wp\/v2\/types\/product"}],"replies":[{"embeddable":true,"href":"https:\/\/norwegianmade.no\/en\/wp-json\/wp\/v2\/comments?post=19757"}],"wp:attachment":[{"href":"https:\/\/norwegianmade.no\/en\/wp-json\/wp\/v2\/media?parent=19757"}],"wp:term":[{"taxonomy":"product_brand","embeddable":true,"href":"https:\/\/norwegianmade.no\/en\/wp-json\/wp\/v2\/product_brand?post=19757"},{"taxonomy":"product_cat","embeddable":true,"href":"https:\/\/norwegianmade.no\/en\/wp-json\/wp\/v2\/product_cat?post=19757"},{"taxonomy":"product_tag","embeddable":true,"href":"https:\/\/norwegianmade.no\/en\/wp-json\/wp\/v2\/product_tag?post=19757"}],"curies":[{"name":"wp","href":"https:\/\/api.w.org\/{rel}","templated":true}]}}