{"id":20023,"date":"2024-01-29T09:39:26","date_gmt":"2024-01-29T08:39:26","guid":{"rendered":"https:\/\/norwegianmade.no\/produkt\/avrora-rundt-mane-anheng-i-love-to-the-moon-and-back-v-2\/"},"modified":"2024-01-29T09:39:26","modified_gmt":"2024-01-29T08:39:26","slug":"avrora-rundt-mane-anheng-i-love-to-the-moon-and-back-v-2","status":"publish","type":"product","link":"https:\/\/norwegianmade.no\/en\/produkt\/avrora-rundt-mane-anheng-i-love-to-the-moon-and-back-v-2\/","title":{"rendered":"Avrora Rundt m\u00e5ne anheng ,I love to the moon and back v.2"},"content":{"rendered":"<p><span data-mce-fragment=\"1\">Vi introduserer en sjarmerende gullanheng som viser en delikat halvm\u00e5ne sammen med den kj\u00e6rlige beskjeden &#8220;I love you to the moon and back&#8221;. Denne setningen har blitt et symbol p\u00e5 grensel\u00f8s kj\u00e6rlighet og hengivenhet. Dette smykket er den perfekte m\u00e5ten \u00e5 uttrykke dine dypeste f\u00f8lelser p\u00e5, og minne den du elsker om hvor dyrebart deres b\u00e5nd er. En tidl\u00f8s gave som vil bli verdsatt i mange \u00e5r fremover<\/span><br data-mce-fragment=\"1\"><br data-mce-fragment=\"1\"><\/p>\n<p data-mce-fragment=\"1\"><span data-mce-fragment=\"1\">TIPS TIL \u00c5 TA VARE P\u00c5 SMYKKET<\/span><\/p>\n<ol data-mce-fragment=\"1\">\n<li data-mce-fragment=\"1\">\n<strong data-mce-fragment=\"1\">Unng\u00e5 kjemikalier:<\/strong> Det er best \u00e5 unng\u00e5 kontakt med kjemikalier som parfymer, kremer og rengj\u00f8ringsmidler.<\/li>\n<li data-mce-fragment=\"1\">\n<strong data-mce-fragment=\"1\">Unng\u00e5 riper:<\/strong> Oppbevar gull smykker i en myk pose eller eske for \u00e5 forhindre riper.<\/li>\n<li data-mce-fragment=\"1\">\n<strong data-mce-fragment=\"1\">Rengj\u00f8ring:<\/strong> Bruk en myk klut eller b\u00f8rste for \u00e5 rengj\u00f8re gullet. For en dypere rengj\u00f8ring kan du bruke en l\u00f8sning av varmt vann og en liten mengde mild s\u00e5pe.<\/li>\n<li data-mce-fragment=\"1\">\n<strong data-mce-fragment=\"1\">Unng\u00e5 fysisk skade:<\/strong> Ikke bruk gull smykker under idrettsaktiviteter eller annen fysisk aktivitet.<\/li>\n<li data-mce-fragment=\"1\">\n<strong data-mce-fragment=\"1\">Sjekk smykker regelmessig:<\/strong> S\u00f8rg for \u00e5 jevnlig sjekke l\u00e5ser og fester p\u00e5 smykkene dine for \u00e5 unng\u00e5 \u00e5 miste dem.<\/li>\n<li data-mce-fragment=\"1\"><span data-mce-fragment=\"1\"><strong data-mce-fragment=\"1\">Ta av n\u00e5r du sover<\/strong>, trener eller gj\u00f8r andre fysisk anstrengende aktiviteter<\/span><\/li>\n<li data-mce-fragment=\"1\"><span data-mce-fragment=\"1\"><strong data-mce-fragment=\"1\">Oppbevar<\/strong> dine favoritt smykker p\u00e5 et kj\u00f8lig og t\u00f8rt sted<\/span><\/li>\n<\/ol>\n<p><\/p>\n","protected":false},"excerpt":{"rendered":"<p>Vi introduserer en sjarmerende gullanheng som viser en delikat halvm\u00e5ne sammen med den kj\u00e6rlige beskjeden &#8220;I love you to the moon and [&hellip;]<\/p>\n","protected":false},"featured_media":0,"comment_status":"open","ping_status":"closed","template":"","meta":{"_acf_changed":false},"product_brand":[],"product_cat":[15],"product_tag":[580,581,582,583,562],"class_list":{"0":"post-20023","1":"product","2":"type-product","3":"status-publish","5":"product_vendor-avrora","6":"product_cat-ukategorisert","7":"product_tag-avrora-rundt-mone-anheng","8":"product_tag-christmas-gift","9":"product_tag-gull-pendant","10":"product_tag-i-love-to-the-moon-and-back","11":"product_tag-julegave","13":"first","14":"instock","15":"taxable","16":"shipping-taxable","17":"product-type-simple"},"acf":[],"yoast_head":"<!-- This site is optimized with the Yoast SEO plugin v27.1.1 - https:\/\/yoast.com\/product\/yoast-seo-wordpress\/ -->\n<title>Avrora Rundt m\u00e5ne anheng ,I love to the moon and back v.2 &#8226; Norwegian Made<\/title>\n<meta name=\"robots\" content=\"index, follow, max-snippet:-1, max-image-preview:large, max-video-preview:-1\" \/>\n<link rel=\"canonical\" href=\"https:\/\/norwegianmade.no\/en\/produkt\/avrora-rundt-mane-anheng-i-love-to-the-moon-and-back-v-2\/\" \/>\n<meta property=\"og:locale\" content=\"en_US\" \/>\n<meta property=\"og:type\" content=\"article\" \/>\n<meta property=\"og:title\" content=\"Avrora Rundt m\u00e5ne anheng ,I love to the moon and back v.2 &#8226; Norwegian Made\" \/>\n<meta property=\"og:description\" content=\"Vi introduserer en sjarmerende gullanheng som viser en delikat halvm\u00e5ne sammen med den kj\u00e6rlige beskjeden &#8220;I love you to the moon and [&hellip;]\" \/>\n<meta property=\"og:url\" content=\"https:\/\/norwegianmade.no\/en\/produkt\/avrora-rundt-mane-anheng-i-love-to-the-moon-and-back-v-2\/\" \/>\n<meta property=\"og:site_name\" content=\"Norwegian Made\" \/>\n<meta name=\"twitter:card\" content=\"summary_large_image\" \/>\n<meta name=\"twitter:label1\" content=\"Est. reading time\" \/>\n\t<meta name=\"twitter:data1\" content=\"1 minute\" \/>\n<script type=\"application\/ld+json\" class=\"yoast-schema-graph\">{\"@context\":\"https:\/\/schema.org\",\"@graph\":[{\"@type\":\"WebPage\",\"@id\":\"https:\/\/norwegianmade.no\/en\/produkt\/avrora-rundt-mane-anheng-i-love-to-the-moon-and-back-v-2\/\",\"url\":\"https:\/\/norwegianmade.no\/en\/produkt\/avrora-rundt-mane-anheng-i-love-to-the-moon-and-back-v-2\/\",\"name\":\"Avrora Rundt m\u00e5ne anheng ,I love to the moon and back v.2 &#8226; Norwegian Made\",\"isPartOf\":{\"@id\":\"https:\/\/norwegianmade.no\/#website\"},\"datePublished\":\"2024-01-29T08:39:26+00:00\",\"breadcrumb\":{\"@id\":\"https:\/\/norwegianmade.no\/en\/produkt\/avrora-rundt-mane-anheng-i-love-to-the-moon-and-back-v-2\/#breadcrumb\"},\"inLanguage\":\"en-US\",\"potentialAction\":[{\"@type\":\"ReadAction\",\"target\":[\"https:\/\/norwegianmade.no\/en\/produkt\/avrora-rundt-mane-anheng-i-love-to-the-moon-and-back-v-2\/\"]}]},{\"@type\":\"BreadcrumbList\",\"@id\":\"https:\/\/norwegianmade.no\/en\/produkt\/avrora-rundt-mane-anheng-i-love-to-the-moon-and-back-v-2\/#breadcrumb\",\"itemListElement\":[{\"@type\":\"ListItem\",\"position\":1,\"name\":\"Hjem\",\"item\":\"https:\/\/norwegianmade.no\/en\/\"},{\"@type\":\"ListItem\",\"position\":2,\"name\":\"Shop\",\"item\":\"https:\/\/norwegianmade.no\/en\/shop\/\"},{\"@type\":\"ListItem\",\"position\":3,\"name\":\"Avrora Rundt m\u00e5ne anheng ,I love to the moon and back v.2\"}]},{\"@type\":\"WebSite\",\"@id\":\"https:\/\/norwegianmade.no\/#website\",\"url\":\"https:\/\/norwegianmade.no\/\",\"name\":\"Norwegian Made\",\"description\":\"Norges st\u00f8rste markedsplass for norske produsenter\",\"publisher\":{\"@id\":\"https:\/\/norwegianmade.no\/#organization\"},\"potentialAction\":[{\"@type\":\"SearchAction\",\"target\":{\"@type\":\"EntryPoint\",\"urlTemplate\":\"https:\/\/norwegianmade.no\/?s={search_term_string}\"},\"query-input\":{\"@type\":\"PropertyValueSpecification\",\"valueRequired\":true,\"valueName\":\"search_term_string\"}}],\"inLanguage\":\"en-US\"},{\"@type\":\"Organization\",\"@id\":\"https:\/\/norwegianmade.no\/#organization\",\"name\":\"Norwegian Made\",\"url\":\"https:\/\/norwegianmade.no\/\",\"logo\":{\"@type\":\"ImageObject\",\"inLanguage\":\"en-US\",\"@id\":\"https:\/\/norwegianmade.no\/#\/schema\/logo\/image\/\",\"url\":\"https:\/\/norwegianmade.no\/wp-content\/uploads\/2020\/11\/logo-liggende-norwegian-made-web.png\",\"contentUrl\":\"https:\/\/norwegianmade.no\/wp-content\/uploads\/2020\/11\/logo-liggende-norwegian-made-web.png\",\"width\":200,\"height\":58,\"caption\":\"Norwegian Made\"},\"image\":{\"@id\":\"https:\/\/norwegianmade.no\/#\/schema\/logo\/image\/\"}}]}<\/script>\n<!-- \/ Yoast SEO plugin. -->","yoast_head_json":{"title":"Avrora Rundt m\u00e5ne anheng ,I love to the moon and back v.2 &#8226; Norwegian Made","robots":{"index":"index","follow":"follow","max-snippet":"max-snippet:-1","max-image-preview":"max-image-preview:large","max-video-preview":"max-video-preview:-1"},"canonical":"https:\/\/norwegianmade.no\/en\/produkt\/avrora-rundt-mane-anheng-i-love-to-the-moon-and-back-v-2\/","og_locale":"en_US","og_type":"article","og_title":"Avrora Rundt m\u00e5ne anheng ,I love to the moon and back v.2 &#8226; Norwegian Made","og_description":"Vi introduserer en sjarmerende gullanheng som viser en delikat halvm\u00e5ne sammen med den kj\u00e6rlige beskjeden &#8220;I love you to the moon and [&hellip;]","og_url":"https:\/\/norwegianmade.no\/en\/produkt\/avrora-rundt-mane-anheng-i-love-to-the-moon-and-back-v-2\/","og_site_name":"Norwegian Made","twitter_card":"summary_large_image","twitter_misc":{"Est. reading time":"1 minute"},"schema":{"@context":"https:\/\/schema.org","@graph":[{"@type":"WebPage","@id":"https:\/\/norwegianmade.no\/en\/produkt\/avrora-rundt-mane-anheng-i-love-to-the-moon-and-back-v-2\/","url":"https:\/\/norwegianmade.no\/en\/produkt\/avrora-rundt-mane-anheng-i-love-to-the-moon-and-back-v-2\/","name":"Avrora Rundt m\u00e5ne anheng ,I love to the moon and back v.2 &#8226; Norwegian Made","isPartOf":{"@id":"https:\/\/norwegianmade.no\/#website"},"datePublished":"2024-01-29T08:39:26+00:00","breadcrumb":{"@id":"https:\/\/norwegianmade.no\/en\/produkt\/avrora-rundt-mane-anheng-i-love-to-the-moon-and-back-v-2\/#breadcrumb"},"inLanguage":"en-US","potentialAction":[{"@type":"ReadAction","target":["https:\/\/norwegianmade.no\/en\/produkt\/avrora-rundt-mane-anheng-i-love-to-the-moon-and-back-v-2\/"]}]},{"@type":"BreadcrumbList","@id":"https:\/\/norwegianmade.no\/en\/produkt\/avrora-rundt-mane-anheng-i-love-to-the-moon-and-back-v-2\/#breadcrumb","itemListElement":[{"@type":"ListItem","position":1,"name":"Hjem","item":"https:\/\/norwegianmade.no\/en\/"},{"@type":"ListItem","position":2,"name":"Shop","item":"https:\/\/norwegianmade.no\/en\/shop\/"},{"@type":"ListItem","position":3,"name":"Avrora Rundt m\u00e5ne anheng ,I love to the moon and back v.2"}]},{"@type":"WebSite","@id":"https:\/\/norwegianmade.no\/#website","url":"https:\/\/norwegianmade.no\/","name":"Norwegian Made","description":"Norges st\u00f8rste markedsplass for norske produsenter","publisher":{"@id":"https:\/\/norwegianmade.no\/#organization"},"potentialAction":[{"@type":"SearchAction","target":{"@type":"EntryPoint","urlTemplate":"https:\/\/norwegianmade.no\/?s={search_term_string}"},"query-input":{"@type":"PropertyValueSpecification","valueRequired":true,"valueName":"search_term_string"}}],"inLanguage":"en-US"},{"@type":"Organization","@id":"https:\/\/norwegianmade.no\/#organization","name":"Norwegian Made","url":"https:\/\/norwegianmade.no\/","logo":{"@type":"ImageObject","inLanguage":"en-US","@id":"https:\/\/norwegianmade.no\/#\/schema\/logo\/image\/","url":"https:\/\/norwegianmade.no\/wp-content\/uploads\/2020\/11\/logo-liggende-norwegian-made-web.png","contentUrl":"https:\/\/norwegianmade.no\/wp-content\/uploads\/2020\/11\/logo-liggende-norwegian-made-web.png","width":200,"height":58,"caption":"Norwegian Made"},"image":{"@id":"https:\/\/norwegianmade.no\/#\/schema\/logo\/image\/"}}]}},"_links":{"self":[{"href":"https:\/\/norwegianmade.no\/en\/wp-json\/wp\/v2\/product\/20023","targetHints":{"allow":["GET"]}}],"collection":[{"href":"https:\/\/norwegianmade.no\/en\/wp-json\/wp\/v2\/product"}],"about":[{"href":"https:\/\/norwegianmade.no\/en\/wp-json\/wp\/v2\/types\/product"}],"replies":[{"embeddable":true,"href":"https:\/\/norwegianmade.no\/en\/wp-json\/wp\/v2\/comments?post=20023"}],"wp:attachment":[{"href":"https:\/\/norwegianmade.no\/en\/wp-json\/wp\/v2\/media?parent=20023"}],"wp:term":[{"taxonomy":"product_brand","embeddable":true,"href":"https:\/\/norwegianmade.no\/en\/wp-json\/wp\/v2\/product_brand?post=20023"},{"taxonomy":"product_cat","embeddable":true,"href":"https:\/\/norwegianmade.no\/en\/wp-json\/wp\/v2\/product_cat?post=20023"},{"taxonomy":"product_tag","embeddable":true,"href":"https:\/\/norwegianmade.no\/en\/wp-json\/wp\/v2\/product_tag?post=20023"}],"curies":[{"name":"wp","href":"https:\/\/api.w.org\/{rel}","templated":true}]}}