{"id":20233,"date":"2024-01-29T09:40:31","date_gmt":"2024-01-29T08:40:31","guid":{"rendered":"https:\/\/norwegianmade.no\/produkt\/avrora-stjernetegn-steinbukken-anheng\/"},"modified":"2025-04-17T20:40:31","modified_gmt":"2025-04-17T18:40:31","slug":"avrora-stjernetegn-steinbukken-anheng","status":"publish","type":"product","link":"https:\/\/norwegianmade.no\/en\/produkt\/avrora-stjernetegn-steinbukken-anheng\/","title":{"rendered":"Avrora Stjernetegn Steinbukken Anheng"},"content":{"rendered":"<p><meta charset=\"UTF-8\"><meta charset=\"UTF-8\"><span data-mce-fragment=\"1\">Stjernetegnet <meta charset=\"UTF-8\">Steinbukken (22. desember \u2013 20. januar): Det reserverte og elegante Steinbukken-anhenget vil understreke din besluttsomhet, m\u00e5lbevissthet og respekt for tradisjoner<\/span><\/p>\n<p>Oppdag magien fra stjernene med v\u00e5re eksklusive gullanheng med graverte dyrekretsen. Laget av edelt 14 karat (585) gultgull eller hvitgull eller 925 s\u00f8lv, b\u00e6rer de varmen av sollys og visdommen fra kosmos. Hvert smykke er f\u00f8dt i den kreative flammen til v\u00e5rt verksted, og mottar funksjonene i unikt h\u00e5ndverk. Den dype graveringen, utf\u00f8rt med presisjonslaser, vil beholde sin skj\u00f8nnhet gjennom mange \u00e5r, mens den trestegs poleringen gir en fascinerende glans.<\/p>\n<p>Gi deg selv ikke bare et smykke, men et amulett som inkarnerer kraften til din stjernepatron. Med hvert anheng gir vi en bit av v\u00e5r sjel fordi vi lager det fra bunnen av, spesielt for deg. Vi er stolte av v\u00e5rt arbeid og garanterer autentisiteten til hvert mesterverk.<\/p>\n<p>VIKTIG: Vi setter pris p\u00e5 v\u00e5rt h\u00e5ndverk og kj\u00f8per aldri produkter fra Kina, og utgir dem for \u00e5 v\u00e6re v\u00e5re egne<\/p>\n<p data-mce-fragment=\"1\"><span data-mce-fragment=\"1\">TIPS TIL \u00c5 TA VARE P\u00c5 SMYKKET<\/span><\/p>\n<ol data-mce-fragment=\"1\">\n<li data-mce-fragment=\"1\">\n<strong data-mce-fragment=\"1\">Unng\u00e5 kjemikalier:<\/strong> Det er best \u00e5 unng\u00e5 kontakt med kjemikalier som parfymer, kremer og rengj\u00f8ringsmidler.<\/li>\n<li data-mce-fragment=\"1\">\n<strong data-mce-fragment=\"1\">Unng\u00e5 riper:<\/strong> Oppbevar gull smykker i en myk pose eller eske for \u00e5 forhindre riper.<\/li>\n<li data-mce-fragment=\"1\">\n<strong data-mce-fragment=\"1\">Rengj\u00f8ring:<\/strong> Bruk en myk klut eller b\u00f8rste for \u00e5 rengj\u00f8re gullet. For en dypere rengj\u00f8ring kan du bruke en l\u00f8sning av varmt vann og en liten mengde mild s\u00e5pe.<\/li>\n<li data-mce-fragment=\"1\">\n<strong data-mce-fragment=\"1\">Unng\u00e5 fysisk skade:<\/strong> Ikke bruk gull smykker under idrettsaktiviteter eller annen fysisk aktivitet.<\/li>\n<li data-mce-fragment=\"1\">\n<strong data-mce-fragment=\"1\">Sjekk smykker regelmessig:<\/strong> S\u00f8rg for \u00e5 jevnlig sjekke l\u00e5ser og fester p\u00e5 smykkene dine for \u00e5 unng\u00e5 \u00e5 miste dem.<\/li>\n<li data-mce-fragment=\"1\">\n<meta charset=\"UTF-8\"> <span data-mce-fragment=\"1\"><strong data-mce-fragment=\"1\">Ta av n\u00e5r du sover<\/strong>, trener eller gj\u00f8r andre fysisk anstrengende aktiviteter<\/span>\n<\/li>\n<li data-mce-fragment=\"1\"><span data-mce-fragment=\"1\"><meta charset=\"UTF-8\"> <strong data-mce-fragment=\"1\">Oppbevar<\/strong> dine favoritt smykker p\u00e5 et kj\u00f8lig og t\u00f8rt sted<\/span><\/li>\n<\/ol>\n","protected":false},"excerpt":{"rendered":"<p>Stjernetegnet Steinbukken (22. desember \u2013 20. januar): Det reserverte og elegante Steinbukken-anhenget vil understreke din besluttsomhet, m\u00e5lbevissthet og respekt for tradisjoner Oppdag [&hellip;]<\/p>\n","protected":false},"featured_media":0,"comment_status":"open","ping_status":"closed","template":"","meta":{"_acf_changed":false},"product_brand":[],"product_cat":[15],"product_tag":[604,597,598,557,558,559,560,562,564,605,600,601,602],"class_list":{"0":"post-20233","1":"product","2":"type-product","3":"status-publish","5":"product_vendor-avrora","6":"product_cat-ukategorisert","7":"product_tag-capricorn-jewelry","8":"product_tag-christmast-gift","9":"product_tag-constellation-pendant","10":"product_tag-gave-til-ham","11":"product_tag-gave-til-henne","12":"product_tag-gift-for-her","13":"product_tag-gift-for-him","14":"product_tag-julegave","15":"product_tag-personalized-jewelry","16":"product_tag-steinbukken-smykke","17":"product_tag-stjernetegn-aheng","18":"product_tag-zodiac-anheng","19":"product_tag-zodiac-pendant","21":"first","22":"instock","23":"taxable","24":"shipping-taxable","25":"product-type-simple"},"acf":[],"yoast_head":"<!-- This site is optimized with the Yoast SEO plugin v27.1.1 - https:\/\/yoast.com\/product\/yoast-seo-wordpress\/ -->\n<title>Avrora Stjernetegn Steinbukken Anheng &#8226; Norwegian Made<\/title>\n<meta name=\"robots\" content=\"index, follow, max-snippet:-1, max-image-preview:large, max-video-preview:-1\" \/>\n<link rel=\"canonical\" href=\"https:\/\/norwegianmade.no\/produkt\/avrora-stjernetegn-steinbukken-anheng\/\" \/>\n<meta property=\"og:locale\" content=\"en_US\" \/>\n<meta property=\"og:type\" content=\"article\" \/>\n<meta property=\"og:title\" content=\"Avrora Stjernetegn Steinbukken Anheng &#8226; Norwegian Made\" \/>\n<meta property=\"og:description\" content=\"Stjernetegnet Steinbukken (22. desember \u2013 20. januar): Det reserverte og elegante Steinbukken-anhenget vil understreke din besluttsomhet, m\u00e5lbevissthet og respekt for tradisjoner Oppdag [&hellip;]\" \/>\n<meta property=\"og:url\" content=\"https:\/\/norwegianmade.no\/produkt\/avrora-stjernetegn-steinbukken-anheng\/\" \/>\n<meta property=\"og:site_name\" content=\"Norwegian Made\" \/>\n<meta property=\"article:modified_time\" content=\"2025-04-17T18:40:31+00:00\" \/>\n<meta name=\"twitter:card\" content=\"summary_large_image\" \/>\n<meta name=\"twitter:label1\" content=\"Est. reading time\" \/>\n\t<meta name=\"twitter:data1\" content=\"1 minute\" \/>\n<script type=\"application\/ld+json\" class=\"yoast-schema-graph\">{\"@context\":\"https:\/\/schema.org\",\"@graph\":[{\"@type\":\"WebPage\",\"@id\":\"https:\/\/norwegianmade.no\/produkt\/avrora-stjernetegn-steinbukken-anheng\/\",\"url\":\"https:\/\/norwegianmade.no\/produkt\/avrora-stjernetegn-steinbukken-anheng\/\",\"name\":\"Avrora Stjernetegn Steinbukken Anheng &#8226; Norwegian Made\",\"isPartOf\":{\"@id\":\"https:\/\/norwegianmade.no\/#website\"},\"datePublished\":\"2024-01-29T08:40:31+00:00\",\"dateModified\":\"2025-04-17T18:40:31+00:00\",\"breadcrumb\":{\"@id\":\"https:\/\/norwegianmade.no\/produkt\/avrora-stjernetegn-steinbukken-anheng\/#breadcrumb\"},\"inLanguage\":\"en-US\",\"potentialAction\":[{\"@type\":\"ReadAction\",\"target\":[\"https:\/\/norwegianmade.no\/produkt\/avrora-stjernetegn-steinbukken-anheng\/\"]}]},{\"@type\":\"BreadcrumbList\",\"@id\":\"https:\/\/norwegianmade.no\/produkt\/avrora-stjernetegn-steinbukken-anheng\/#breadcrumb\",\"itemListElement\":[{\"@type\":\"ListItem\",\"position\":1,\"name\":\"Hjem\",\"item\":\"https:\/\/norwegianmade.no\/en\/\"},{\"@type\":\"ListItem\",\"position\":2,\"name\":\"Shop\",\"item\":\"https:\/\/norwegianmade.no\/en\/shop\/\"},{\"@type\":\"ListItem\",\"position\":3,\"name\":\"Avrora Stjernetegn Steinbukken Anheng\"}]},{\"@type\":\"WebSite\",\"@id\":\"https:\/\/norwegianmade.no\/#website\",\"url\":\"https:\/\/norwegianmade.no\/\",\"name\":\"Norwegian Made\",\"description\":\"Norges st\u00f8rste markedsplass for norske produsenter\",\"publisher\":{\"@id\":\"https:\/\/norwegianmade.no\/#organization\"},\"potentialAction\":[{\"@type\":\"SearchAction\",\"target\":{\"@type\":\"EntryPoint\",\"urlTemplate\":\"https:\/\/norwegianmade.no\/?s={search_term_string}\"},\"query-input\":{\"@type\":\"PropertyValueSpecification\",\"valueRequired\":true,\"valueName\":\"search_term_string\"}}],\"inLanguage\":\"en-US\"},{\"@type\":\"Organization\",\"@id\":\"https:\/\/norwegianmade.no\/#organization\",\"name\":\"Norwegian Made\",\"url\":\"https:\/\/norwegianmade.no\/\",\"logo\":{\"@type\":\"ImageObject\",\"inLanguage\":\"en-US\",\"@id\":\"https:\/\/norwegianmade.no\/#\/schema\/logo\/image\/\",\"url\":\"https:\/\/norwegianmade.no\/wp-content\/uploads\/2020\/11\/logo-liggende-norwegian-made-web.png\",\"contentUrl\":\"https:\/\/norwegianmade.no\/wp-content\/uploads\/2020\/11\/logo-liggende-norwegian-made-web.png\",\"width\":200,\"height\":58,\"caption\":\"Norwegian Made\"},\"image\":{\"@id\":\"https:\/\/norwegianmade.no\/#\/schema\/logo\/image\/\"}}]}<\/script>\n<!-- \/ Yoast SEO plugin. -->","yoast_head_json":{"title":"Avrora Stjernetegn Steinbukken Anheng &#8226; Norwegian Made","robots":{"index":"index","follow":"follow","max-snippet":"max-snippet:-1","max-image-preview":"max-image-preview:large","max-video-preview":"max-video-preview:-1"},"canonical":"https:\/\/norwegianmade.no\/produkt\/avrora-stjernetegn-steinbukken-anheng\/","og_locale":"en_US","og_type":"article","og_title":"Avrora Stjernetegn Steinbukken Anheng &#8226; Norwegian Made","og_description":"Stjernetegnet Steinbukken (22. desember \u2013 20. januar): Det reserverte og elegante Steinbukken-anhenget vil understreke din besluttsomhet, m\u00e5lbevissthet og respekt for tradisjoner Oppdag [&hellip;]","og_url":"https:\/\/norwegianmade.no\/produkt\/avrora-stjernetegn-steinbukken-anheng\/","og_site_name":"Norwegian Made","article_modified_time":"2025-04-17T18:40:31+00:00","twitter_card":"summary_large_image","twitter_misc":{"Est. reading time":"1 minute"},"schema":{"@context":"https:\/\/schema.org","@graph":[{"@type":"WebPage","@id":"https:\/\/norwegianmade.no\/produkt\/avrora-stjernetegn-steinbukken-anheng\/","url":"https:\/\/norwegianmade.no\/produkt\/avrora-stjernetegn-steinbukken-anheng\/","name":"Avrora Stjernetegn Steinbukken Anheng &#8226; Norwegian Made","isPartOf":{"@id":"https:\/\/norwegianmade.no\/#website"},"datePublished":"2024-01-29T08:40:31+00:00","dateModified":"2025-04-17T18:40:31+00:00","breadcrumb":{"@id":"https:\/\/norwegianmade.no\/produkt\/avrora-stjernetegn-steinbukken-anheng\/#breadcrumb"},"inLanguage":"en-US","potentialAction":[{"@type":"ReadAction","target":["https:\/\/norwegianmade.no\/produkt\/avrora-stjernetegn-steinbukken-anheng\/"]}]},{"@type":"BreadcrumbList","@id":"https:\/\/norwegianmade.no\/produkt\/avrora-stjernetegn-steinbukken-anheng\/#breadcrumb","itemListElement":[{"@type":"ListItem","position":1,"name":"Hjem","item":"https:\/\/norwegianmade.no\/en\/"},{"@type":"ListItem","position":2,"name":"Shop","item":"https:\/\/norwegianmade.no\/en\/shop\/"},{"@type":"ListItem","position":3,"name":"Avrora Stjernetegn Steinbukken Anheng"}]},{"@type":"WebSite","@id":"https:\/\/norwegianmade.no\/#website","url":"https:\/\/norwegianmade.no\/","name":"Norwegian Made","description":"Norges st\u00f8rste markedsplass for norske produsenter","publisher":{"@id":"https:\/\/norwegianmade.no\/#organization"},"potentialAction":[{"@type":"SearchAction","target":{"@type":"EntryPoint","urlTemplate":"https:\/\/norwegianmade.no\/?s={search_term_string}"},"query-input":{"@type":"PropertyValueSpecification","valueRequired":true,"valueName":"search_term_string"}}],"inLanguage":"en-US"},{"@type":"Organization","@id":"https:\/\/norwegianmade.no\/#organization","name":"Norwegian Made","url":"https:\/\/norwegianmade.no\/","logo":{"@type":"ImageObject","inLanguage":"en-US","@id":"https:\/\/norwegianmade.no\/#\/schema\/logo\/image\/","url":"https:\/\/norwegianmade.no\/wp-content\/uploads\/2020\/11\/logo-liggende-norwegian-made-web.png","contentUrl":"https:\/\/norwegianmade.no\/wp-content\/uploads\/2020\/11\/logo-liggende-norwegian-made-web.png","width":200,"height":58,"caption":"Norwegian Made"},"image":{"@id":"https:\/\/norwegianmade.no\/#\/schema\/logo\/image\/"}}]}},"_links":{"self":[{"href":"https:\/\/norwegianmade.no\/en\/wp-json\/wp\/v2\/product\/20233","targetHints":{"allow":["GET"]}}],"collection":[{"href":"https:\/\/norwegianmade.no\/en\/wp-json\/wp\/v2\/product"}],"about":[{"href":"https:\/\/norwegianmade.no\/en\/wp-json\/wp\/v2\/types\/product"}],"replies":[{"embeddable":true,"href":"https:\/\/norwegianmade.no\/en\/wp-json\/wp\/v2\/comments?post=20233"}],"wp:attachment":[{"href":"https:\/\/norwegianmade.no\/en\/wp-json\/wp\/v2\/media?parent=20233"}],"wp:term":[{"taxonomy":"product_brand","embeddable":true,"href":"https:\/\/norwegianmade.no\/en\/wp-json\/wp\/v2\/product_brand?post=20233"},{"taxonomy":"product_cat","embeddable":true,"href":"https:\/\/norwegianmade.no\/en\/wp-json\/wp\/v2\/product_cat?post=20233"},{"taxonomy":"product_tag","embeddable":true,"href":"https:\/\/norwegianmade.no\/en\/wp-json\/wp\/v2\/product_tag?post=20233"}],"curies":[{"name":"wp","href":"https:\/\/api.w.org\/{rel}","templated":true}]}}