{"id":2025,"date":"2021-01-27T19:40:27","date_gmt":"2021-01-27T18:40:27","guid":{"rendered":"https:\/\/norwegianmade.no\/markedsplass\/rom-oredobber-med-plate\/"},"modified":"2021-01-27T19:46:53","modified_gmt":"2021-01-27T18:46:53","slug":"rom-oredobber-med-plate","status":"publish","type":"product","link":"https:\/\/norwegianmade.no\/en\/produkt\/rom-oredobber-med-plate\/","title":{"rendered":"ROM &#8211; \u00f8redobber med plate"},"content":{"rendered":"<p>Store \u00f8redobber med plate i den tredimensjonale serien ROM. Fargen p\u00e5 \u00f8redobbene er emalje. Emalje er glass som brennast fast til s\u00f8lvet og dette er ein mange tusen \u00e5r gamal teknikk.\u00a0 Fargen held seg uforandra s\u00e5 lenge den ikkje knuses. Arkeologer har gravd fram smykker med emlaje som er over 5000 \u00e5r gamle der fargene fremdeles er klare og uforandra. V\u00e5r spesialitet er den sandbl\u00e5ste emaljen, som gjev ein silkematt og eksklusiv overflate.<\/p>\n<p>Totallengde 4,8 cm<\/p>\n<p>Vekt 9,5 g<\/p>\n","protected":false},"excerpt":{"rendered":"<h3>ROM \u00f8repynt<\/h3>\n<p><strong>Materiale<\/strong>:<\/p>\n<p>925 s\u00f8lv, med emalje<\/p>\n","protected":false},"featured_media":2021,"comment_status":"closed","ping_status":"closed","template":"","meta":{"_acf_changed":false},"product_brand":[],"product_cat":[141],"product_tag":[],"class_list":{"0":"post-2025","1":"product","2":"type-product","3":"status-publish","4":"has-post-thumbnail","6":"product_vendor-linn-sigrid-bratland","7":"product_cat-orepynt","9":"first","10":"instock","11":"shipping-taxable","12":"product-type-external"},"acf":[],"yoast_head":"<!-- This site is optimized with the Yoast SEO plugin v27.1.1 - https:\/\/yoast.com\/product\/yoast-seo-wordpress\/ -->\n<title>ROM - \u00f8redobber med plate &#8226; Norwegian Made<\/title>\n<meta name=\"robots\" content=\"index, follow, max-snippet:-1, max-image-preview:large, max-video-preview:-1\" \/>\n<link rel=\"canonical\" href=\"https:\/\/norwegianmade.no\/en\/produkt\/rom-oredobber-med-plate\/\" \/>\n<meta property=\"og:locale\" content=\"en_US\" \/>\n<meta property=\"og:type\" content=\"article\" \/>\n<meta property=\"og:title\" content=\"ROM - \u00f8redobber med plate &#8226; Norwegian Made\" \/>\n<meta property=\"og:description\" content=\"ROM \u00f8repynt Materiale: 925 s\u00f8lv, med emalje\" \/>\n<meta property=\"og:url\" content=\"https:\/\/norwegianmade.no\/en\/produkt\/rom-oredobber-med-plate\/\" \/>\n<meta property=\"og:site_name\" content=\"Norwegian Made\" \/>\n<meta property=\"article:modified_time\" content=\"2021-01-27T18:46:53+00:00\" \/>\n<meta property=\"og:image\" content=\"https:\/\/norwegianmade.no\/wp-content\/uploads\/2021\/01\/DSC_0746-scaled-1.jpg\" \/>\n\t<meta property=\"og:image:width\" content=\"2560\" \/>\n\t<meta property=\"og:image:height\" content=\"1709\" \/>\n\t<meta property=\"og:image:type\" content=\"image\/jpeg\" \/>\n<meta name=\"twitter:card\" content=\"summary_large_image\" \/>\n<script type=\"application\/ld+json\" class=\"yoast-schema-graph\">{\"@context\":\"https:\/\/schema.org\",\"@graph\":[{\"@type\":\"WebPage\",\"@id\":\"https:\/\/norwegianmade.no\/en\/produkt\/rom-oredobber-med-plate\/\",\"url\":\"https:\/\/norwegianmade.no\/en\/produkt\/rom-oredobber-med-plate\/\",\"name\":\"ROM - \u00f8redobber med plate &#8226; Norwegian Made\",\"isPartOf\":{\"@id\":\"https:\/\/norwegianmade.no\/#website\"},\"primaryImageOfPage\":{\"@id\":\"https:\/\/norwegianmade.no\/en\/produkt\/rom-oredobber-med-plate\/#primaryimage\"},\"image\":{\"@id\":\"https:\/\/norwegianmade.no\/en\/produkt\/rom-oredobber-med-plate\/#primaryimage\"},\"thumbnailUrl\":\"https:\/\/norwegianmade.no\/wp-content\/uploads\/2021\/01\/DSC_0746-scaled-1.jpg\",\"datePublished\":\"2021-01-27T18:40:27+00:00\",\"dateModified\":\"2021-01-27T18:46:53+00:00\",\"breadcrumb\":{\"@id\":\"https:\/\/norwegianmade.no\/en\/produkt\/rom-oredobber-med-plate\/#breadcrumb\"},\"inLanguage\":\"en-US\",\"potentialAction\":[{\"@type\":\"ReadAction\",\"target\":[\"https:\/\/norwegianmade.no\/en\/produkt\/rom-oredobber-med-plate\/\"]}]},{\"@type\":\"ImageObject\",\"inLanguage\":\"en-US\",\"@id\":\"https:\/\/norwegianmade.no\/en\/produkt\/rom-oredobber-med-plate\/#primaryimage\",\"url\":\"https:\/\/norwegianmade.no\/wp-content\/uploads\/2021\/01\/DSC_0746-scaled-1.jpg\",\"contentUrl\":\"https:\/\/norwegianmade.no\/wp-content\/uploads\/2021\/01\/DSC_0746-scaled-1.jpg\",\"width\":2560,\"height\":1709},{\"@type\":\"BreadcrumbList\",\"@id\":\"https:\/\/norwegianmade.no\/en\/produkt\/rom-oredobber-med-plate\/#breadcrumb\",\"itemListElement\":[{\"@type\":\"ListItem\",\"position\":1,\"name\":\"Hjem\",\"item\":\"https:\/\/norwegianmade.no\/en\/\"},{\"@type\":\"ListItem\",\"position\":2,\"name\":\"Shop\",\"item\":\"https:\/\/norwegianmade.no\/en\/shop\/\"},{\"@type\":\"ListItem\",\"position\":3,\"name\":\"ROM &#8211; \u00f8redobber med plate\"}]},{\"@type\":\"WebSite\",\"@id\":\"https:\/\/norwegianmade.no\/#website\",\"url\":\"https:\/\/norwegianmade.no\/\",\"name\":\"Norwegian Made\",\"description\":\"Norges st\u00f8rste markedsplass for norske produsenter\",\"publisher\":{\"@id\":\"https:\/\/norwegianmade.no\/#organization\"},\"potentialAction\":[{\"@type\":\"SearchAction\",\"target\":{\"@type\":\"EntryPoint\",\"urlTemplate\":\"https:\/\/norwegianmade.no\/?s={search_term_string}\"},\"query-input\":{\"@type\":\"PropertyValueSpecification\",\"valueRequired\":true,\"valueName\":\"search_term_string\"}}],\"inLanguage\":\"en-US\"},{\"@type\":\"Organization\",\"@id\":\"https:\/\/norwegianmade.no\/#organization\",\"name\":\"Norwegian Made\",\"url\":\"https:\/\/norwegianmade.no\/\",\"logo\":{\"@type\":\"ImageObject\",\"inLanguage\":\"en-US\",\"@id\":\"https:\/\/norwegianmade.no\/#\/schema\/logo\/image\/\",\"url\":\"https:\/\/norwegianmade.no\/wp-content\/uploads\/2020\/11\/logo-liggende-norwegian-made-web.png\",\"contentUrl\":\"https:\/\/norwegianmade.no\/wp-content\/uploads\/2020\/11\/logo-liggende-norwegian-made-web.png\",\"width\":200,\"height\":58,\"caption\":\"Norwegian Made\"},\"image\":{\"@id\":\"https:\/\/norwegianmade.no\/#\/schema\/logo\/image\/\"}}]}<\/script>\n<!-- \/ Yoast SEO plugin. -->","yoast_head_json":{"title":"ROM - \u00f8redobber med plate &#8226; Norwegian Made","robots":{"index":"index","follow":"follow","max-snippet":"max-snippet:-1","max-image-preview":"max-image-preview:large","max-video-preview":"max-video-preview:-1"},"canonical":"https:\/\/norwegianmade.no\/en\/produkt\/rom-oredobber-med-plate\/","og_locale":"en_US","og_type":"article","og_title":"ROM - \u00f8redobber med plate &#8226; Norwegian Made","og_description":"ROM \u00f8repynt Materiale: 925 s\u00f8lv, med emalje","og_url":"https:\/\/norwegianmade.no\/en\/produkt\/rom-oredobber-med-plate\/","og_site_name":"Norwegian Made","article_modified_time":"2021-01-27T18:46:53+00:00","og_image":[{"width":2560,"height":1709,"url":"https:\/\/norwegianmade.no\/wp-content\/uploads\/2021\/01\/DSC_0746-scaled-1.jpg","type":"image\/jpeg"}],"twitter_card":"summary_large_image","schema":{"@context":"https:\/\/schema.org","@graph":[{"@type":"WebPage","@id":"https:\/\/norwegianmade.no\/en\/produkt\/rom-oredobber-med-plate\/","url":"https:\/\/norwegianmade.no\/en\/produkt\/rom-oredobber-med-plate\/","name":"ROM - \u00f8redobber med plate &#8226; Norwegian Made","isPartOf":{"@id":"https:\/\/norwegianmade.no\/#website"},"primaryImageOfPage":{"@id":"https:\/\/norwegianmade.no\/en\/produkt\/rom-oredobber-med-plate\/#primaryimage"},"image":{"@id":"https:\/\/norwegianmade.no\/en\/produkt\/rom-oredobber-med-plate\/#primaryimage"},"thumbnailUrl":"https:\/\/norwegianmade.no\/wp-content\/uploads\/2021\/01\/DSC_0746-scaled-1.jpg","datePublished":"2021-01-27T18:40:27+00:00","dateModified":"2021-01-27T18:46:53+00:00","breadcrumb":{"@id":"https:\/\/norwegianmade.no\/en\/produkt\/rom-oredobber-med-plate\/#breadcrumb"},"inLanguage":"en-US","potentialAction":[{"@type":"ReadAction","target":["https:\/\/norwegianmade.no\/en\/produkt\/rom-oredobber-med-plate\/"]}]},{"@type":"ImageObject","inLanguage":"en-US","@id":"https:\/\/norwegianmade.no\/en\/produkt\/rom-oredobber-med-plate\/#primaryimage","url":"https:\/\/norwegianmade.no\/wp-content\/uploads\/2021\/01\/DSC_0746-scaled-1.jpg","contentUrl":"https:\/\/norwegianmade.no\/wp-content\/uploads\/2021\/01\/DSC_0746-scaled-1.jpg","width":2560,"height":1709},{"@type":"BreadcrumbList","@id":"https:\/\/norwegianmade.no\/en\/produkt\/rom-oredobber-med-plate\/#breadcrumb","itemListElement":[{"@type":"ListItem","position":1,"name":"Hjem","item":"https:\/\/norwegianmade.no\/en\/"},{"@type":"ListItem","position":2,"name":"Shop","item":"https:\/\/norwegianmade.no\/en\/shop\/"},{"@type":"ListItem","position":3,"name":"ROM &#8211; \u00f8redobber med plate"}]},{"@type":"WebSite","@id":"https:\/\/norwegianmade.no\/#website","url":"https:\/\/norwegianmade.no\/","name":"Norwegian Made","description":"Norges st\u00f8rste markedsplass for norske produsenter","publisher":{"@id":"https:\/\/norwegianmade.no\/#organization"},"potentialAction":[{"@type":"SearchAction","target":{"@type":"EntryPoint","urlTemplate":"https:\/\/norwegianmade.no\/?s={search_term_string}"},"query-input":{"@type":"PropertyValueSpecification","valueRequired":true,"valueName":"search_term_string"}}],"inLanguage":"en-US"},{"@type":"Organization","@id":"https:\/\/norwegianmade.no\/#organization","name":"Norwegian Made","url":"https:\/\/norwegianmade.no\/","logo":{"@type":"ImageObject","inLanguage":"en-US","@id":"https:\/\/norwegianmade.no\/#\/schema\/logo\/image\/","url":"https:\/\/norwegianmade.no\/wp-content\/uploads\/2020\/11\/logo-liggende-norwegian-made-web.png","contentUrl":"https:\/\/norwegianmade.no\/wp-content\/uploads\/2020\/11\/logo-liggende-norwegian-made-web.png","width":200,"height":58,"caption":"Norwegian Made"},"image":{"@id":"https:\/\/norwegianmade.no\/#\/schema\/logo\/image\/"}}]}},"_links":{"self":[{"href":"https:\/\/norwegianmade.no\/en\/wp-json\/wp\/v2\/product\/2025","targetHints":{"allow":["GET"]}}],"collection":[{"href":"https:\/\/norwegianmade.no\/en\/wp-json\/wp\/v2\/product"}],"about":[{"href":"https:\/\/norwegianmade.no\/en\/wp-json\/wp\/v2\/types\/product"}],"replies":[{"embeddable":true,"href":"https:\/\/norwegianmade.no\/en\/wp-json\/wp\/v2\/comments?post=2025"}],"wp:featuredmedia":[{"embeddable":true,"href":"https:\/\/norwegianmade.no\/en\/wp-json\/wp\/v2\/media\/2021"}],"wp:attachment":[{"href":"https:\/\/norwegianmade.no\/en\/wp-json\/wp\/v2\/media?parent=2025"}],"wp:term":[{"taxonomy":"product_brand","embeddable":true,"href":"https:\/\/norwegianmade.no\/en\/wp-json\/wp\/v2\/product_brand?post=2025"},{"taxonomy":"product_cat","embeddable":true,"href":"https:\/\/norwegianmade.no\/en\/wp-json\/wp\/v2\/product_cat?post=2025"},{"taxonomy":"product_tag","embeddable":true,"href":"https:\/\/norwegianmade.no\/en\/wp-json\/wp\/v2\/product_tag?post=2025"}],"curies":[{"name":"wp","href":"https:\/\/api.w.org\/{rel}","templated":true}]}}