{"id":20618,"date":"2024-01-29T09:42:16","date_gmt":"2024-01-29T08:42:16","guid":{"rendered":"https:\/\/norwegianmade.no\/produkt\/vegvisir-gylden-veiviser-anheng\/"},"modified":"2025-07-30T10:56:45","modified_gmt":"2025-07-30T08:56:45","slug":"vegvisir-gylden-veiviser-anheng","status":"publish","type":"product","link":"https:\/\/norwegianmade.no\/en\/produkt\/vegvisir-gylden-veiviser-anheng\/","title":{"rendered":"Vegv\u00edsir Gylden Veiviser Anheng"},"content":{"rendered":"<p><meta charset=\"UTF-8\"><span data-mce-fragment=\"1\">Vi presenterer v\u00e5r eksklusive gullanheng prydet med en n\u00f8ye inngravert &#8216;Vegv\u00edsir&#8217;. Dette gamle islandske symbolet, ofte kjent som den vikingnavigat\u00f8ren, er en baken som sikrer at b\u00e6reren aldri vil tape seg, selv n\u00e5r veien er ukjent. Dette smykket er ikke bare et symbol p\u00e5 beskyttelse og veiledning, men ogs\u00e5 et nikk til skandinavisk arv og historie. Den perfekte gaven for de som setter pris p\u00e5 dybden av kultur og kraften av tradisjon<\/span><\/p>\n<p data-mce-fragment=\"1\"><span data-mce-fragment=\"1\">TIPS TIL \u00c5 TA VARE P\u00c5 SMYKKET<\/span><\/p>\n<ol data-mce-fragment=\"1\">\n<li data-mce-fragment=\"1\">\n<strong data-mce-fragment=\"1\">Unng\u00e5 kjemikalier:<\/strong> Det er best \u00e5 unng\u00e5 kontakt med kjemikalier som parfymer, kremer og rengj\u00f8ringsmidler.<\/li>\n<li data-mce-fragment=\"1\">\n<strong data-mce-fragment=\"1\">Unng\u00e5 riper:<\/strong> Oppbevar gull smykker i en myk pose eller eske for \u00e5 forhindre riper.<\/li>\n<li data-mce-fragment=\"1\">\n<strong data-mce-fragment=\"1\">Rengj\u00f8ring:<\/strong> Bruk en myk klut eller b\u00f8rste for \u00e5 rengj\u00f8re gullet. For en dypere rengj\u00f8ring kan du bruke en l\u00f8sning av varmt vann og en liten mengde mild s\u00e5pe.<\/li>\n<li data-mce-fragment=\"1\">\n<strong data-mce-fragment=\"1\">Unng\u00e5 fysisk skade:<\/strong> Ikke bruk gull smykker under idrettsaktiviteter eller annen fysisk aktivitet.<\/li>\n<li data-mce-fragment=\"1\">\n<strong data-mce-fragment=\"1\">Sjekk smykker regelmessig:<\/strong> S\u00f8rg for \u00e5 jevnlig sjekke l\u00e5ser og fester p\u00e5 smykkene dine for \u00e5 unng\u00e5 \u00e5 miste dem.<\/li>\n<li data-mce-fragment=\"1\">\n<meta charset=\"UTF-8\"><br \/>\n<span data-mce-fragment=\"1\"><strong data-mce-fragment=\"1\">Ta av n\u00e5r du sover<\/strong>, trener eller gj\u00f8r andre fysisk anstrengende aktiviteter<\/span>\n<\/li>\n<li data-mce-fragment=\"1\"><span data-mce-fragment=\"1\"><meta charset=\"UTF-8\"><br \/>\n<strong data-mce-fragment=\"1\">Oppbevar<\/strong> dine favoritt smykker p\u00e5 et kj\u00f8lig og t\u00f8rt sted<\/span><\/li>\n<\/ol>\n","protected":false},"excerpt":{"rendered":"<p>Vi presenterer v\u00e5r eksklusive gullanheng prydet med en n\u00f8ye inngravert &#8216;Vegv\u00edsir&#8217;. Dette gamle islandske symbolet, ofte kjent som den vikingnavigat\u00f8ren, er en [&hellip;]<\/p>\n","protected":false},"featured_media":0,"comment_status":"open","ping_status":"closed","template":"","meta":{"_acf_changed":false},"product_brand":[],"product_cat":[15],"product_tag":[],"class_list":{"0":"post-20618","1":"product","2":"type-product","3":"status-publish","5":"product_vendor-avrora","6":"product_cat-ukategorisert","8":"first","9":"instock","10":"taxable","11":"shipping-taxable","12":"product-type-simple"},"acf":[],"yoast_head":"<!-- This site is optimized with the Yoast SEO plugin v27.1.1 - https:\/\/yoast.com\/product\/yoast-seo-wordpress\/ -->\n<title>Vegv\u00edsir Gylden Veiviser Anheng &#8226; Norwegian Made<\/title>\n<meta name=\"robots\" content=\"index, follow, max-snippet:-1, max-image-preview:large, max-video-preview:-1\" \/>\n<link rel=\"canonical\" href=\"https:\/\/norwegianmade.no\/produkt\/vegvisir-gylden-veiviser-anheng\/\" \/>\n<meta property=\"og:locale\" content=\"en_US\" \/>\n<meta property=\"og:type\" content=\"article\" \/>\n<meta property=\"og:title\" content=\"Vegv\u00edsir Gylden Veiviser Anheng &#8226; Norwegian Made\" \/>\n<meta property=\"og:description\" content=\"Vi presenterer v\u00e5r eksklusive gullanheng prydet med en n\u00f8ye inngravert &#8216;Vegv\u00edsir&#8217;. Dette gamle islandske symbolet, ofte kjent som den vikingnavigat\u00f8ren, er en [&hellip;]\" \/>\n<meta property=\"og:url\" content=\"https:\/\/norwegianmade.no\/produkt\/vegvisir-gylden-veiviser-anheng\/\" \/>\n<meta property=\"og:site_name\" content=\"Norwegian Made\" \/>\n<meta property=\"article:modified_time\" content=\"2025-07-30T08:56:45+00:00\" \/>\n<meta name=\"twitter:card\" content=\"summary_large_image\" \/>\n<meta name=\"twitter:label1\" content=\"Est. reading time\" \/>\n\t<meta name=\"twitter:data1\" content=\"1 minute\" \/>\n<script type=\"application\/ld+json\" class=\"yoast-schema-graph\">{\"@context\":\"https:\/\/schema.org\",\"@graph\":[{\"@type\":\"WebPage\",\"@id\":\"https:\/\/norwegianmade.no\/produkt\/vegvisir-gylden-veiviser-anheng\/\",\"url\":\"https:\/\/norwegianmade.no\/produkt\/vegvisir-gylden-veiviser-anheng\/\",\"name\":\"Vegv\u00edsir Gylden Veiviser Anheng &#8226; Norwegian Made\",\"isPartOf\":{\"@id\":\"https:\/\/norwegianmade.no\/#website\"},\"datePublished\":\"2024-01-29T08:42:16+00:00\",\"dateModified\":\"2025-07-30T08:56:45+00:00\",\"breadcrumb\":{\"@id\":\"https:\/\/norwegianmade.no\/produkt\/vegvisir-gylden-veiviser-anheng\/#breadcrumb\"},\"inLanguage\":\"en-US\",\"potentialAction\":[{\"@type\":\"ReadAction\",\"target\":[\"https:\/\/norwegianmade.no\/produkt\/vegvisir-gylden-veiviser-anheng\/\"]}]},{\"@type\":\"BreadcrumbList\",\"@id\":\"https:\/\/norwegianmade.no\/produkt\/vegvisir-gylden-veiviser-anheng\/#breadcrumb\",\"itemListElement\":[{\"@type\":\"ListItem\",\"position\":1,\"name\":\"Hjem\",\"item\":\"https:\/\/norwegianmade.no\/en\/\"},{\"@type\":\"ListItem\",\"position\":2,\"name\":\"Shop\",\"item\":\"https:\/\/norwegianmade.no\/en\/shop\/\"},{\"@type\":\"ListItem\",\"position\":3,\"name\":\"Vegv\u00edsir Gylden Veiviser Anheng\"}]},{\"@type\":\"WebSite\",\"@id\":\"https:\/\/norwegianmade.no\/#website\",\"url\":\"https:\/\/norwegianmade.no\/\",\"name\":\"Norwegian Made\",\"description\":\"Norges st\u00f8rste markedsplass for norske produsenter\",\"publisher\":{\"@id\":\"https:\/\/norwegianmade.no\/#organization\"},\"potentialAction\":[{\"@type\":\"SearchAction\",\"target\":{\"@type\":\"EntryPoint\",\"urlTemplate\":\"https:\/\/norwegianmade.no\/?s={search_term_string}\"},\"query-input\":{\"@type\":\"PropertyValueSpecification\",\"valueRequired\":true,\"valueName\":\"search_term_string\"}}],\"inLanguage\":\"en-US\"},{\"@type\":\"Organization\",\"@id\":\"https:\/\/norwegianmade.no\/#organization\",\"name\":\"Norwegian Made\",\"url\":\"https:\/\/norwegianmade.no\/\",\"logo\":{\"@type\":\"ImageObject\",\"inLanguage\":\"en-US\",\"@id\":\"https:\/\/norwegianmade.no\/#\/schema\/logo\/image\/\",\"url\":\"https:\/\/norwegianmade.no\/wp-content\/uploads\/2020\/11\/logo-liggende-norwegian-made-web.png\",\"contentUrl\":\"https:\/\/norwegianmade.no\/wp-content\/uploads\/2020\/11\/logo-liggende-norwegian-made-web.png\",\"width\":200,\"height\":58,\"caption\":\"Norwegian Made\"},\"image\":{\"@id\":\"https:\/\/norwegianmade.no\/#\/schema\/logo\/image\/\"}}]}<\/script>\n<!-- \/ Yoast SEO plugin. -->","yoast_head_json":{"title":"Vegv\u00edsir Gylden Veiviser Anheng &#8226; Norwegian Made","robots":{"index":"index","follow":"follow","max-snippet":"max-snippet:-1","max-image-preview":"max-image-preview:large","max-video-preview":"max-video-preview:-1"},"canonical":"https:\/\/norwegianmade.no\/produkt\/vegvisir-gylden-veiviser-anheng\/","og_locale":"en_US","og_type":"article","og_title":"Vegv\u00edsir Gylden Veiviser Anheng &#8226; Norwegian Made","og_description":"Vi presenterer v\u00e5r eksklusive gullanheng prydet med en n\u00f8ye inngravert &#8216;Vegv\u00edsir&#8217;. Dette gamle islandske symbolet, ofte kjent som den vikingnavigat\u00f8ren, er en [&hellip;]","og_url":"https:\/\/norwegianmade.no\/produkt\/vegvisir-gylden-veiviser-anheng\/","og_site_name":"Norwegian Made","article_modified_time":"2025-07-30T08:56:45+00:00","twitter_card":"summary_large_image","twitter_misc":{"Est. reading time":"1 minute"},"schema":{"@context":"https:\/\/schema.org","@graph":[{"@type":"WebPage","@id":"https:\/\/norwegianmade.no\/produkt\/vegvisir-gylden-veiviser-anheng\/","url":"https:\/\/norwegianmade.no\/produkt\/vegvisir-gylden-veiviser-anheng\/","name":"Vegv\u00edsir Gylden Veiviser Anheng &#8226; Norwegian Made","isPartOf":{"@id":"https:\/\/norwegianmade.no\/#website"},"datePublished":"2024-01-29T08:42:16+00:00","dateModified":"2025-07-30T08:56:45+00:00","breadcrumb":{"@id":"https:\/\/norwegianmade.no\/produkt\/vegvisir-gylden-veiviser-anheng\/#breadcrumb"},"inLanguage":"en-US","potentialAction":[{"@type":"ReadAction","target":["https:\/\/norwegianmade.no\/produkt\/vegvisir-gylden-veiviser-anheng\/"]}]},{"@type":"BreadcrumbList","@id":"https:\/\/norwegianmade.no\/produkt\/vegvisir-gylden-veiviser-anheng\/#breadcrumb","itemListElement":[{"@type":"ListItem","position":1,"name":"Hjem","item":"https:\/\/norwegianmade.no\/en\/"},{"@type":"ListItem","position":2,"name":"Shop","item":"https:\/\/norwegianmade.no\/en\/shop\/"},{"@type":"ListItem","position":3,"name":"Vegv\u00edsir Gylden Veiviser Anheng"}]},{"@type":"WebSite","@id":"https:\/\/norwegianmade.no\/#website","url":"https:\/\/norwegianmade.no\/","name":"Norwegian Made","description":"Norges st\u00f8rste markedsplass for norske produsenter","publisher":{"@id":"https:\/\/norwegianmade.no\/#organization"},"potentialAction":[{"@type":"SearchAction","target":{"@type":"EntryPoint","urlTemplate":"https:\/\/norwegianmade.no\/?s={search_term_string}"},"query-input":{"@type":"PropertyValueSpecification","valueRequired":true,"valueName":"search_term_string"}}],"inLanguage":"en-US"},{"@type":"Organization","@id":"https:\/\/norwegianmade.no\/#organization","name":"Norwegian Made","url":"https:\/\/norwegianmade.no\/","logo":{"@type":"ImageObject","inLanguage":"en-US","@id":"https:\/\/norwegianmade.no\/#\/schema\/logo\/image\/","url":"https:\/\/norwegianmade.no\/wp-content\/uploads\/2020\/11\/logo-liggende-norwegian-made-web.png","contentUrl":"https:\/\/norwegianmade.no\/wp-content\/uploads\/2020\/11\/logo-liggende-norwegian-made-web.png","width":200,"height":58,"caption":"Norwegian Made"},"image":{"@id":"https:\/\/norwegianmade.no\/#\/schema\/logo\/image\/"}}]}},"_links":{"self":[{"href":"https:\/\/norwegianmade.no\/en\/wp-json\/wp\/v2\/product\/20618","targetHints":{"allow":["GET"]}}],"collection":[{"href":"https:\/\/norwegianmade.no\/en\/wp-json\/wp\/v2\/product"}],"about":[{"href":"https:\/\/norwegianmade.no\/en\/wp-json\/wp\/v2\/types\/product"}],"replies":[{"embeddable":true,"href":"https:\/\/norwegianmade.no\/en\/wp-json\/wp\/v2\/comments?post=20618"}],"wp:attachment":[{"href":"https:\/\/norwegianmade.no\/en\/wp-json\/wp\/v2\/media?parent=20618"}],"wp:term":[{"taxonomy":"product_brand","embeddable":true,"href":"https:\/\/norwegianmade.no\/en\/wp-json\/wp\/v2\/product_brand?post=20618"},{"taxonomy":"product_cat","embeddable":true,"href":"https:\/\/norwegianmade.no\/en\/wp-json\/wp\/v2\/product_cat?post=20618"},{"taxonomy":"product_tag","embeddable":true,"href":"https:\/\/norwegianmade.no\/en\/wp-json\/wp\/v2\/product_tag?post=20618"}],"curies":[{"name":"wp","href":"https:\/\/api.w.org\/{rel}","templated":true}]}}