{"id":2087,"date":"2021-01-28T11:50:00","date_gmt":"2021-01-28T10:50:00","guid":{"rendered":"https:\/\/norwegianmade.no\/markedsplass\/nokken-ring-oksidert-liten\/"},"modified":"2026-01-20T10:15:02","modified_gmt":"2026-01-20T09:15:02","slug":"nokken-ring-oksidert-liten","status":"archived","type":"product","link":"https:\/\/norwegianmade.no\/en\/produkt\/nokken-ring-oksidert-liten\/","title":{"rendered":"N\u00d8KKEN Ring oksidert, liten"},"content":{"rendered":"<p data-mce-style=\"margin: 0px 0px 16px; box-sizing: border-box; opacity: 1; min-width: 0px; max-width: none; min-height: 0px; max-height: none; padding: 0px; background-image: none; background-position: initial; background-size: initial; background-repeat: initial; background-attachment: initial; background-origin: initial; background-clip: initial; box-shadow: none; transform: none; transform-origin: center center; transition: none 0s ease 0s; color: #555555; font-family: proxima-nova; font-size: 14px;\" style=\"box-sizing: border-box; margin: 0px 0px 16px; letter-spacing: 1px; opacity: 1; min-width: 0px; max-width: none; min-height: 0px; max-height: none; padding: 0px; background-image: none; background-position: initial; background-size: initial; background-repeat: initial; background-attachment: initial; background-origin: initial; background-clip: initial; box-shadow: none; transform: none; transform-origin: center center; transition: none 0s ease 0s; color: rgb(85, 85, 85); font-family: proxima-nova; font-size: 14px;\">N\u00f8kken -serien er inspirert av vannliljeblader. Dette er en vakker plante, men mange nordmenn kjenner den ogs\u00e5 igjen som n\u00f8kkerosen i de skumle beretningene om N\u00f8kken. Myten sier oss at N\u00f8kken er en vassvette, og skjuler seg i elver og tjern. Den kan ta form som blant annet hest, menneske og planter. Som liten var jeg redd for n\u00f8kkeroser, for jeg hadde h\u00f8rt at om man viklet seg i dem, kunne n\u00f8kken dra deg under vann.<\/p>\n<div data-mce-style=\"background-image: none; background-position: initial; background-size: initial; background-repeat: initial; background-attachment: initial; background-origin: initial; background-clip: initial; border: 0px; box-shadow: none; font-size: 14px; float: none; margin: 0px; padding: 0px; position: static; z-index: auto; outline: none; box-sizing: border-box; opacity: 1; min-width: 0px; max-width: none; min-height: 0px; max-height: none; transform: none; transform-origin: center center; transition: none 0s ease 0s; color: #555555; font-family: proxima-nova;\" style=\"box-sizing: border-box; letter-spacing: 1px; background-image: none; background-position: initial; background-size: initial; background-repeat: initial; background-attachment: initial; background-origin: initial; background-clip: initial; border: 0px; box-shadow: none; font-size: 14px; float: none; margin: 0px; padding: 0px; position: static; z-index: auto; outline: none; opacity: 1; min-width: 0px; max-width: none; min-height: 0px; max-height: none; transform: none; transform-origin: center center; transition: none 0s ease 0s; color: rgb(85, 85, 85); font-family: proxima-nova;\">N\u00f8kken -smykkene er tegn p\u00e5 mystikk\u2026 Kanskje lokker de deg med sine enkle, fortryllende former?<\/div>\n<p data-mce-style=\"margin: 0px; box-sizing: border-box; opacity: 1; min-width: 0px; max-width: none; min-height: 0px; max-height: none; padding: 0px; background-image: none; background-position: initial; background-size: initial; background-repeat: initial; background-attachment: initial; background-origin: initial; background-clip: initial; box-shadow: none; transform: none; transform-origin: center center; transition: none 0s ease 0s; color: #555555; font-family: proxima-nova; font-size: 14px;\" style=\"box-sizing: border-box; margin: 0px; letter-spacing: 1px; opacity: 1; min-width: 0px; max-width: none; min-height: 0px; max-height: none; padding: 0px; background-image: none; background-position: initial; background-size: initial; background-repeat: initial; background-attachment: initial; background-origin: initial; background-clip: initial; box-shadow: none; transform: none; transform-origin: center center; transition: none 0s ease 0s; color: rgb(85, 85, 85); font-family: proxima-nova; font-size: 14px;\">Forgylt, hvitt og oksidert 925 s\u00f8lv.<\/p>\n","protected":false},"excerpt":{"rendered":"<p><span data-mce-style=\"box-sizing: border-box;\" style=\"color: rgb(72, 70, 73); font-family: GillSansMTPro-Book; letter-spacing: 1px; background-color: rgb(249, 247, 245); box-sizing: border-box;\">Ring i 925 s\u00f8lv\u00a0<\/span><span data-mce-style=\"box-sizing: border-box;\" style=\"color: rgb(72, 70, 73); font-family: GillSansMTPro-Book; letter-spacing: 1px; background-color: rgb(249, 247, 245); box-sizing: border-box;\">med en klassisk og anvendelig form<\/span><span data-mce-style=\"box-sizing: border-box;\" style=\"color: rgb(72, 70, 73); font-family: GillSansMTPro-Book; letter-spacing: 1px; background-color: rgb(249, 247, 245); box-sizing: border-box;\">, inspirert av vannliljeblader.<\/span><\/p>\n","protected":false},"featured_media":0,"comment_status":"open","ping_status":"closed","template":"","meta":{"_acf_changed":false},"product_brand":[],"product_cat":[64,146,82,59,81,87,142,62,106,15],"product_tag":[],"class_list":{"0":"post-2087","1":"product","2":"type-product","3":"status-archived","5":"product_vendor-ridderhus","6":"product_cat-accessories","7":"product_cat-barnesmykker","8":"product_cat-handverk","9":"product_cat-interior-kunst","10":"product_cat-kunsthandverk","11":"product_cat-metallarbeider","12":"product_cat-ringer","13":"product_cat-smykker","14":"product_cat-solvsmykker","15":"product_cat-ukategorisert","17":"first","18":"instock","19":"taxable","20":"shipping-taxable","21":"product-type-simple"},"acf":[],"yoast_head":"<!-- This site is optimized with the Yoast SEO plugin v27.1.1 - https:\/\/yoast.com\/product\/yoast-seo-wordpress\/ -->\n<title>N\u00d8KKEN Ring oksidert, liten &#8226; Norwegian Made<\/title>\n<meta name=\"robots\" content=\"index, follow, max-snippet:-1, max-image-preview:large, max-video-preview:-1\" \/>\n<link rel=\"canonical\" href=\"https:\/\/norwegianmade.no\/produkt\/nokken-ring-oksidert-liten\/\" \/>\n<meta property=\"og:locale\" content=\"en_US\" \/>\n<meta property=\"og:type\" content=\"article\" \/>\n<meta property=\"og:title\" content=\"N\u00d8KKEN Ring oksidert, liten &#8226; Norwegian Made\" \/>\n<meta property=\"og:description\" content=\"Ring i 925 s\u00f8lv\u00a0med en klassisk og anvendelig form, inspirert av vannliljeblader.\" \/>\n<meta property=\"og:url\" content=\"https:\/\/norwegianmade.no\/produkt\/nokken-ring-oksidert-liten\/\" \/>\n<meta property=\"og:site_name\" content=\"Norwegian Made\" \/>\n<meta property=\"article:modified_time\" content=\"2026-01-20T09:15:02+00:00\" \/>\n<meta property=\"og:image\" content=\"https:\/\/norwegianmade.no\/wp-content\/uploads\/2021\/01\/Nokken5-1024x1024.png\" \/>\n\t<meta property=\"og:image:width\" content=\"1024\" \/>\n\t<meta property=\"og:image:height\" content=\"1024\" \/>\n\t<meta property=\"og:image:type\" content=\"image\/png\" \/>\n<meta name=\"twitter:card\" content=\"summary_large_image\" \/>\n<meta name=\"twitter:label1\" content=\"Est. reading time\" \/>\n\t<meta name=\"twitter:data1\" content=\"1 minute\" \/>\n<script type=\"application\/ld+json\" class=\"yoast-schema-graph\">{\"@context\":\"https:\/\/schema.org\",\"@graph\":[{\"@type\":\"WebPage\",\"@id\":\"https:\/\/norwegianmade.no\/produkt\/nokken-ring-oksidert-liten\/\",\"url\":\"https:\/\/norwegianmade.no\/produkt\/nokken-ring-oksidert-liten\/\",\"name\":\"N\u00d8KKEN Ring oksidert, liten &#8226; Norwegian Made\",\"isPartOf\":{\"@id\":\"https:\/\/norwegianmade.no\/#website\"},\"datePublished\":\"2021-01-28T10:50:00+00:00\",\"dateModified\":\"2026-01-20T09:15:02+00:00\",\"breadcrumb\":{\"@id\":\"https:\/\/norwegianmade.no\/produkt\/nokken-ring-oksidert-liten\/#breadcrumb\"},\"inLanguage\":\"en-US\",\"potentialAction\":[{\"@type\":\"ReadAction\",\"target\":[\"https:\/\/norwegianmade.no\/produkt\/nokken-ring-oksidert-liten\/\"]}]},{\"@type\":\"BreadcrumbList\",\"@id\":\"https:\/\/norwegianmade.no\/produkt\/nokken-ring-oksidert-liten\/#breadcrumb\",\"itemListElement\":[{\"@type\":\"ListItem\",\"position\":1,\"name\":\"Hjem\",\"item\":\"https:\/\/norwegianmade.no\/en\/\"},{\"@type\":\"ListItem\",\"position\":2,\"name\":\"Shop\",\"item\":\"https:\/\/norwegianmade.no\/en\/shop\/\"},{\"@type\":\"ListItem\",\"position\":3,\"name\":\"N\u00d8KKEN Ring oksidert, liten\"}]},{\"@type\":\"WebSite\",\"@id\":\"https:\/\/norwegianmade.no\/#website\",\"url\":\"https:\/\/norwegianmade.no\/\",\"name\":\"Norwegian Made\",\"description\":\"Norges st\u00f8rste markedsplass for norske produsenter\",\"publisher\":{\"@id\":\"https:\/\/norwegianmade.no\/#organization\"},\"potentialAction\":[{\"@type\":\"SearchAction\",\"target\":{\"@type\":\"EntryPoint\",\"urlTemplate\":\"https:\/\/norwegianmade.no\/?s={search_term_string}\"},\"query-input\":{\"@type\":\"PropertyValueSpecification\",\"valueRequired\":true,\"valueName\":\"search_term_string\"}}],\"inLanguage\":\"en-US\"},{\"@type\":\"Organization\",\"@id\":\"https:\/\/norwegianmade.no\/#organization\",\"name\":\"Norwegian Made\",\"url\":\"https:\/\/norwegianmade.no\/\",\"logo\":{\"@type\":\"ImageObject\",\"inLanguage\":\"en-US\",\"@id\":\"https:\/\/norwegianmade.no\/#\/schema\/logo\/image\/\",\"url\":\"https:\/\/norwegianmade.no\/wp-content\/uploads\/2020\/11\/logo-liggende-norwegian-made-web.png\",\"contentUrl\":\"https:\/\/norwegianmade.no\/wp-content\/uploads\/2020\/11\/logo-liggende-norwegian-made-web.png\",\"width\":200,\"height\":58,\"caption\":\"Norwegian Made\"},\"image\":{\"@id\":\"https:\/\/norwegianmade.no\/#\/schema\/logo\/image\/\"}}]}<\/script>\n<!-- \/ Yoast SEO plugin. -->","yoast_head_json":{"title":"N\u00d8KKEN Ring oksidert, liten &#8226; Norwegian Made","robots":{"index":"index","follow":"follow","max-snippet":"max-snippet:-1","max-image-preview":"max-image-preview:large","max-video-preview":"max-video-preview:-1"},"canonical":"https:\/\/norwegianmade.no\/produkt\/nokken-ring-oksidert-liten\/","og_locale":"en_US","og_type":"article","og_title":"N\u00d8KKEN Ring oksidert, liten &#8226; Norwegian Made","og_description":"Ring i 925 s\u00f8lv\u00a0med en klassisk og anvendelig form, inspirert av vannliljeblader.","og_url":"https:\/\/norwegianmade.no\/produkt\/nokken-ring-oksidert-liten\/","og_site_name":"Norwegian Made","article_modified_time":"2026-01-20T09:15:02+00:00","og_image":[{"width":1024,"height":1024,"url":"https:\/\/norwegianmade.no\/wp-content\/uploads\/2021\/01\/Nokken5-1024x1024.png","type":"image\/png"}],"twitter_card":"summary_large_image","twitter_misc":{"Est. reading time":"1 minute"},"schema":{"@context":"https:\/\/schema.org","@graph":[{"@type":"WebPage","@id":"https:\/\/norwegianmade.no\/produkt\/nokken-ring-oksidert-liten\/","url":"https:\/\/norwegianmade.no\/produkt\/nokken-ring-oksidert-liten\/","name":"N\u00d8KKEN Ring oksidert, liten &#8226; Norwegian Made","isPartOf":{"@id":"https:\/\/norwegianmade.no\/#website"},"datePublished":"2021-01-28T10:50:00+00:00","dateModified":"2026-01-20T09:15:02+00:00","breadcrumb":{"@id":"https:\/\/norwegianmade.no\/produkt\/nokken-ring-oksidert-liten\/#breadcrumb"},"inLanguage":"en-US","potentialAction":[{"@type":"ReadAction","target":["https:\/\/norwegianmade.no\/produkt\/nokken-ring-oksidert-liten\/"]}]},{"@type":"BreadcrumbList","@id":"https:\/\/norwegianmade.no\/produkt\/nokken-ring-oksidert-liten\/#breadcrumb","itemListElement":[{"@type":"ListItem","position":1,"name":"Hjem","item":"https:\/\/norwegianmade.no\/en\/"},{"@type":"ListItem","position":2,"name":"Shop","item":"https:\/\/norwegianmade.no\/en\/shop\/"},{"@type":"ListItem","position":3,"name":"N\u00d8KKEN Ring oksidert, liten"}]},{"@type":"WebSite","@id":"https:\/\/norwegianmade.no\/#website","url":"https:\/\/norwegianmade.no\/","name":"Norwegian Made","description":"Norges st\u00f8rste markedsplass for norske produsenter","publisher":{"@id":"https:\/\/norwegianmade.no\/#organization"},"potentialAction":[{"@type":"SearchAction","target":{"@type":"EntryPoint","urlTemplate":"https:\/\/norwegianmade.no\/?s={search_term_string}"},"query-input":{"@type":"PropertyValueSpecification","valueRequired":true,"valueName":"search_term_string"}}],"inLanguage":"en-US"},{"@type":"Organization","@id":"https:\/\/norwegianmade.no\/#organization","name":"Norwegian Made","url":"https:\/\/norwegianmade.no\/","logo":{"@type":"ImageObject","inLanguage":"en-US","@id":"https:\/\/norwegianmade.no\/#\/schema\/logo\/image\/","url":"https:\/\/norwegianmade.no\/wp-content\/uploads\/2020\/11\/logo-liggende-norwegian-made-web.png","contentUrl":"https:\/\/norwegianmade.no\/wp-content\/uploads\/2020\/11\/logo-liggende-norwegian-made-web.png","width":200,"height":58,"caption":"Norwegian Made"},"image":{"@id":"https:\/\/norwegianmade.no\/#\/schema\/logo\/image\/"}}]}},"_links":{"self":[{"href":"https:\/\/norwegianmade.no\/en\/wp-json\/wp\/v2\/product\/2087","targetHints":{"allow":["GET"]}}],"collection":[{"href":"https:\/\/norwegianmade.no\/en\/wp-json\/wp\/v2\/product"}],"about":[{"href":"https:\/\/norwegianmade.no\/en\/wp-json\/wp\/v2\/types\/product"}],"replies":[{"embeddable":true,"href":"https:\/\/norwegianmade.no\/en\/wp-json\/wp\/v2\/comments?post=2087"}],"wp:attachment":[{"href":"https:\/\/norwegianmade.no\/en\/wp-json\/wp\/v2\/media?parent=2087"}],"wp:term":[{"taxonomy":"product_brand","embeddable":true,"href":"https:\/\/norwegianmade.no\/en\/wp-json\/wp\/v2\/product_brand?post=2087"},{"taxonomy":"product_cat","embeddable":true,"href":"https:\/\/norwegianmade.no\/en\/wp-json\/wp\/v2\/product_cat?post=2087"},{"taxonomy":"product_tag","embeddable":true,"href":"https:\/\/norwegianmade.no\/en\/wp-json\/wp\/v2\/product_tag?post=2087"}],"curies":[{"name":"wp","href":"https:\/\/api.w.org\/{rel}","templated":true}]}}