{"id":20896,"date":"2024-01-29T09:43:36","date_gmt":"2024-01-29T08:43:36","guid":{"rendered":"https:\/\/norwegianmade.no\/produkt\/viking-livets-tre-smykke\/"},"modified":"2024-01-29T09:43:36","modified_gmt":"2024-01-29T08:43:36","slug":"viking-livets-tre-smykke","status":"publish","type":"product","link":"https:\/\/norwegianmade.no\/en\/produkt\/viking-livets-tre-smykke\/","title":{"rendered":"Viking Livets Tre Smykke"},"content":{"rendered":"<p>Alle AVRORA smykker lages p\u00e5 verkstedet v\u00e5rt ved hjelp av High-End-class laser samtidig som all graveringen har en 4K-oppl\u00f8sning. V\u00e5re smykker er laget av ekte 14K gull og har premium tykkelse p\u00e5 \u00a0med 0.6 mm tykkelse.<br data-mce-fragment=\"1\"><br data-mce-fragment=\"1\">Dette gylne kjedet har et anheng med en diameter p\u00e5 14 mm som er b\u00e5de elegant og intrikat. Anhenget er designet med Livets tre som er ekspertgravert ved hjelp av h\u00f8ypresisjons laserteknologi. Det intrikate designet er inspirert av vikingstil, med knutem\u00f8nstre og dristige linjer som legemliggj\u00f8r styrken og \u00e5nden til denne legendariske kulturen. Livets tre-symbol har blitt brukt i tusenvis av \u00e5r for \u00e5 representere sammenhengen mellom alle ting, noe som gj\u00f8r dette anhenget ikke bare til et vakkert smykke, men ogs\u00e5 et meningsfullt. Anhenget er laget av h\u00f8ykvalitets gull, noe som sikrer at det vil opprettholde sin glans og glans i mange \u00e5r framover. Enten det brukes til spesielle anledninger eller som hverdagstilbeh\u00f8r, er dette kjedet det perfekte valget for alle som verdsetter b\u00e5de skj\u00f8nnhet og mening i smykkene sine.<br data-mce-fragment=\"1\"><br data-mce-fragment=\"1\"><meta charset=\"UTF-8\"><\/p>\n<p data-mce-fragment=\"1\"><span data-mce-fragment=\"1\">TIPS TIL \u00c5 TA VARE P\u00c5 SMYKKET<\/span><\/p>\n<ol data-mce-fragment=\"1\">\n<li data-mce-fragment=\"1\">\n<strong data-mce-fragment=\"1\">Unng\u00e5 kjemikalier:<\/strong> Det er best \u00e5 unng\u00e5 kontakt med kjemikalier som parfymer, kremer og rengj\u00f8ringsmidler.<\/li>\n<li data-mce-fragment=\"1\">\n<strong data-mce-fragment=\"1\">Unng\u00e5 riper:<\/strong> Oppbevar gull smykker i en myk pose eller eske for \u00e5 forhindre riper.<\/li>\n<li data-mce-fragment=\"1\">\n<strong data-mce-fragment=\"1\">Rengj\u00f8ring:<\/strong> Bruk en myk klut eller b\u00f8rste for \u00e5 rengj\u00f8re gullet. For en dypere rengj\u00f8ring kan du bruke en l\u00f8sning av varmt vann og en liten mengde mild s\u00e5pe.<\/li>\n<li data-mce-fragment=\"1\">\n<strong data-mce-fragment=\"1\">Unng\u00e5 fysisk skade:<\/strong> Ikke bruk gull smykker under idrettsaktiviteter eller annen fysisk aktivitet.<\/li>\n<li data-mce-fragment=\"1\">\n<strong data-mce-fragment=\"1\">Sjekk smykker regelmessig:<\/strong> S\u00f8rg for \u00e5 jevnlig sjekke l\u00e5ser og fester p\u00e5 smykkene dine for \u00e5 unng\u00e5 \u00e5 miste dem.<\/li>\n<li data-mce-fragment=\"1\">\n<meta charset=\"UTF-8\"><br \/>\n<span data-mce-fragment=\"1\"><strong data-mce-fragment=\"1\">Ta av n\u00e5r du sover<\/strong>, trener eller gj\u00f8r andre fysisk anstrengende aktiviteter<\/span>\n<\/li>\n<li data-mce-fragment=\"1\"><span data-mce-fragment=\"1\"><meta charset=\"UTF-8\"><br \/>\n<strong data-mce-fragment=\"1\">Oppbevar<\/strong> dine favoritt smykker p\u00e5 et kj\u00f8lig og t\u00f8rt sted<\/span><\/li>\n<\/ol>\n<p><\/p>\n","protected":false},"excerpt":{"rendered":"<p>Alle AVRORA smykker lages p\u00e5 verkstedet v\u00e5rt ved hjelp av High-End-class laser samtidig som all graveringen har en 4K-oppl\u00f8sning. V\u00e5re smykker er [&hellip;]<\/p>\n","protected":false},"featured_media":0,"comment_status":"open","ping_status":"closed","template":"","meta":{"_acf_changed":false},"product_brand":[],"product_cat":[15],"product_tag":[],"class_list":{"0":"post-20896","1":"product","2":"type-product","3":"status-publish","5":"product_vendor-avrora","6":"product_cat-ukategorisert","8":"first","9":"instock","10":"taxable","11":"shipping-taxable","12":"product-type-simple"},"acf":[],"yoast_head":"<!-- This site is optimized with the Yoast SEO plugin v27.1.1 - https:\/\/yoast.com\/product\/yoast-seo-wordpress\/ -->\n<title>Viking Livets Tre Smykke &#8226; Norwegian Made<\/title>\n<meta name=\"robots\" content=\"index, follow, max-snippet:-1, max-image-preview:large, max-video-preview:-1\" \/>\n<link rel=\"canonical\" href=\"https:\/\/norwegianmade.no\/produkt\/viking-livets-tre-smykke\/\" \/>\n<meta property=\"og:locale\" content=\"en_US\" \/>\n<meta property=\"og:type\" content=\"article\" \/>\n<meta property=\"og:title\" content=\"Viking Livets Tre Smykke &#8226; Norwegian Made\" \/>\n<meta property=\"og:description\" content=\"Alle AVRORA smykker lages p\u00e5 verkstedet v\u00e5rt ved hjelp av High-End-class laser samtidig som all graveringen har en 4K-oppl\u00f8sning. V\u00e5re smykker er [&hellip;]\" \/>\n<meta property=\"og:url\" content=\"https:\/\/norwegianmade.no\/produkt\/viking-livets-tre-smykke\/\" \/>\n<meta property=\"og:site_name\" content=\"Norwegian Made\" \/>\n<meta name=\"twitter:card\" content=\"summary_large_image\" \/>\n<meta name=\"twitter:label1\" content=\"Est. reading time\" \/>\n\t<meta name=\"twitter:data1\" content=\"2 minutes\" \/>\n<script type=\"application\/ld+json\" class=\"yoast-schema-graph\">{\"@context\":\"https:\/\/schema.org\",\"@graph\":[{\"@type\":\"WebPage\",\"@id\":\"https:\/\/norwegianmade.no\/produkt\/viking-livets-tre-smykke\/\",\"url\":\"https:\/\/norwegianmade.no\/produkt\/viking-livets-tre-smykke\/\",\"name\":\"Viking Livets Tre Smykke &#8226; Norwegian Made\",\"isPartOf\":{\"@id\":\"https:\/\/norwegianmade.no\/#website\"},\"datePublished\":\"2024-01-29T08:43:36+00:00\",\"breadcrumb\":{\"@id\":\"https:\/\/norwegianmade.no\/produkt\/viking-livets-tre-smykke\/#breadcrumb\"},\"inLanguage\":\"en-US\",\"potentialAction\":[{\"@type\":\"ReadAction\",\"target\":[\"https:\/\/norwegianmade.no\/produkt\/viking-livets-tre-smykke\/\"]}]},{\"@type\":\"BreadcrumbList\",\"@id\":\"https:\/\/norwegianmade.no\/produkt\/viking-livets-tre-smykke\/#breadcrumb\",\"itemListElement\":[{\"@type\":\"ListItem\",\"position\":1,\"name\":\"Hjem\",\"item\":\"https:\/\/norwegianmade.no\/en\/\"},{\"@type\":\"ListItem\",\"position\":2,\"name\":\"Shop\",\"item\":\"https:\/\/norwegianmade.no\/en\/shop\/\"},{\"@type\":\"ListItem\",\"position\":3,\"name\":\"Viking Livets Tre Smykke\"}]},{\"@type\":\"WebSite\",\"@id\":\"https:\/\/norwegianmade.no\/#website\",\"url\":\"https:\/\/norwegianmade.no\/\",\"name\":\"Norwegian Made\",\"description\":\"Norges st\u00f8rste markedsplass for norske produsenter\",\"publisher\":{\"@id\":\"https:\/\/norwegianmade.no\/#organization\"},\"potentialAction\":[{\"@type\":\"SearchAction\",\"target\":{\"@type\":\"EntryPoint\",\"urlTemplate\":\"https:\/\/norwegianmade.no\/?s={search_term_string}\"},\"query-input\":{\"@type\":\"PropertyValueSpecification\",\"valueRequired\":true,\"valueName\":\"search_term_string\"}}],\"inLanguage\":\"en-US\"},{\"@type\":\"Organization\",\"@id\":\"https:\/\/norwegianmade.no\/#organization\",\"name\":\"Norwegian Made\",\"url\":\"https:\/\/norwegianmade.no\/\",\"logo\":{\"@type\":\"ImageObject\",\"inLanguage\":\"en-US\",\"@id\":\"https:\/\/norwegianmade.no\/#\/schema\/logo\/image\/\",\"url\":\"https:\/\/norwegianmade.no\/wp-content\/uploads\/2020\/11\/logo-liggende-norwegian-made-web.png\",\"contentUrl\":\"https:\/\/norwegianmade.no\/wp-content\/uploads\/2020\/11\/logo-liggende-norwegian-made-web.png\",\"width\":200,\"height\":58,\"caption\":\"Norwegian Made\"},\"image\":{\"@id\":\"https:\/\/norwegianmade.no\/#\/schema\/logo\/image\/\"}}]}<\/script>\n<!-- \/ Yoast SEO plugin. -->","yoast_head_json":{"title":"Viking Livets Tre Smykke &#8226; Norwegian Made","robots":{"index":"index","follow":"follow","max-snippet":"max-snippet:-1","max-image-preview":"max-image-preview:large","max-video-preview":"max-video-preview:-1"},"canonical":"https:\/\/norwegianmade.no\/produkt\/viking-livets-tre-smykke\/","og_locale":"en_US","og_type":"article","og_title":"Viking Livets Tre Smykke &#8226; Norwegian Made","og_description":"Alle AVRORA smykker lages p\u00e5 verkstedet v\u00e5rt ved hjelp av High-End-class laser samtidig som all graveringen har en 4K-oppl\u00f8sning. V\u00e5re smykker er [&hellip;]","og_url":"https:\/\/norwegianmade.no\/produkt\/viking-livets-tre-smykke\/","og_site_name":"Norwegian Made","twitter_card":"summary_large_image","twitter_misc":{"Est. reading time":"2 minutes"},"schema":{"@context":"https:\/\/schema.org","@graph":[{"@type":"WebPage","@id":"https:\/\/norwegianmade.no\/produkt\/viking-livets-tre-smykke\/","url":"https:\/\/norwegianmade.no\/produkt\/viking-livets-tre-smykke\/","name":"Viking Livets Tre Smykke &#8226; Norwegian Made","isPartOf":{"@id":"https:\/\/norwegianmade.no\/#website"},"datePublished":"2024-01-29T08:43:36+00:00","breadcrumb":{"@id":"https:\/\/norwegianmade.no\/produkt\/viking-livets-tre-smykke\/#breadcrumb"},"inLanguage":"en-US","potentialAction":[{"@type":"ReadAction","target":["https:\/\/norwegianmade.no\/produkt\/viking-livets-tre-smykke\/"]}]},{"@type":"BreadcrumbList","@id":"https:\/\/norwegianmade.no\/produkt\/viking-livets-tre-smykke\/#breadcrumb","itemListElement":[{"@type":"ListItem","position":1,"name":"Hjem","item":"https:\/\/norwegianmade.no\/en\/"},{"@type":"ListItem","position":2,"name":"Shop","item":"https:\/\/norwegianmade.no\/en\/shop\/"},{"@type":"ListItem","position":3,"name":"Viking Livets Tre Smykke"}]},{"@type":"WebSite","@id":"https:\/\/norwegianmade.no\/#website","url":"https:\/\/norwegianmade.no\/","name":"Norwegian Made","description":"Norges st\u00f8rste markedsplass for norske produsenter","publisher":{"@id":"https:\/\/norwegianmade.no\/#organization"},"potentialAction":[{"@type":"SearchAction","target":{"@type":"EntryPoint","urlTemplate":"https:\/\/norwegianmade.no\/?s={search_term_string}"},"query-input":{"@type":"PropertyValueSpecification","valueRequired":true,"valueName":"search_term_string"}}],"inLanguage":"en-US"},{"@type":"Organization","@id":"https:\/\/norwegianmade.no\/#organization","name":"Norwegian Made","url":"https:\/\/norwegianmade.no\/","logo":{"@type":"ImageObject","inLanguage":"en-US","@id":"https:\/\/norwegianmade.no\/#\/schema\/logo\/image\/","url":"https:\/\/norwegianmade.no\/wp-content\/uploads\/2020\/11\/logo-liggende-norwegian-made-web.png","contentUrl":"https:\/\/norwegianmade.no\/wp-content\/uploads\/2020\/11\/logo-liggende-norwegian-made-web.png","width":200,"height":58,"caption":"Norwegian Made"},"image":{"@id":"https:\/\/norwegianmade.no\/#\/schema\/logo\/image\/"}}]}},"_links":{"self":[{"href":"https:\/\/norwegianmade.no\/en\/wp-json\/wp\/v2\/product\/20896","targetHints":{"allow":["GET"]}}],"collection":[{"href":"https:\/\/norwegianmade.no\/en\/wp-json\/wp\/v2\/product"}],"about":[{"href":"https:\/\/norwegianmade.no\/en\/wp-json\/wp\/v2\/types\/product"}],"replies":[{"embeddable":true,"href":"https:\/\/norwegianmade.no\/en\/wp-json\/wp\/v2\/comments?post=20896"}],"wp:attachment":[{"href":"https:\/\/norwegianmade.no\/en\/wp-json\/wp\/v2\/media?parent=20896"}],"wp:term":[{"taxonomy":"product_brand","embeddable":true,"href":"https:\/\/norwegianmade.no\/en\/wp-json\/wp\/v2\/product_brand?post=20896"},{"taxonomy":"product_cat","embeddable":true,"href":"https:\/\/norwegianmade.no\/en\/wp-json\/wp\/v2\/product_cat?post=20896"},{"taxonomy":"product_tag","embeddable":true,"href":"https:\/\/norwegianmade.no\/en\/wp-json\/wp\/v2\/product_tag?post=20896"}],"curies":[{"name":"wp","href":"https:\/\/api.w.org\/{rel}","templated":true}]}}