{"id":20987,"date":"2024-02-21T08:42:41","date_gmt":"2024-02-21T07:42:41","guid":{"rendered":"https:\/\/norwegianmade.no\/produkt\/b2b-videresalg\/"},"modified":"2026-03-19T23:57:55","modified_gmt":"2026-03-19T22:57:55","slug":"b2b-videresalg","status":"publish","type":"product","link":"https:\/\/norwegianmade.no\/en\/produkt\/b2b-videresalg\/","title":{"rendered":"B2B &#8211; videresalg"},"content":{"rendered":"<p><\/p>\n","protected":false},"excerpt":{"rendered":"<p>Har du en butikk og \u00f8nsker \u00e5 tilby kundene dine naturlige, h\u00e5ndlagde s\u00e5per? Da \u00f8nsker vi \u00e5 komme i kontakt med deg.<\/p>\n<p>Vi skreddersyr gjerne en firmaavtale med deg med avtale om l\u00f8pende kj\u00f8p eller kj\u00f8p av st\u00f8rre partier.\u00a0<\/p>\n<p>Ta kontakt for en hyggelig s\u00e5peprat:\u00a0<\/p>\n<p>Kjersti Lindsj\u00f8, mobil: 99242484 eller e-post: etsapeliv@gmail.com\u00a0<\/p>\n<p><a href=\"https:\/\/etsapeliv.no\/\" data-mce-href=\"https:\/\/etsapeliv.no\/\">Et S\u00e5peliv (etsapeliv.no)<\/a><\/p>\n","protected":false},"featured_media":21940,"comment_status":"open","ping_status":"closed","template":"","meta":{"_acf_changed":false},"product_brand":[],"product_cat":[78,67,121],"product_tag":[],"class_list":{"0":"post-20987","1":"product","2":"type-product","3":"status-publish","4":"has-post-thumbnail","6":"product_vendor-et-sapeliv","7":"product_cat-gaver","8":"product_cat-hudpleie","9":"product_cat-saper","11":"first","12":"instock","13":"taxable","14":"shipping-taxable","15":"product-type-simple"},"acf":[],"yoast_head":"<!-- This site is optimized with the Yoast SEO plugin v27.1.1 - https:\/\/yoast.com\/product\/yoast-seo-wordpress\/ -->\n<title>B2B - videresalg &#8226; Norwegian Made<\/title>\n<meta name=\"robots\" content=\"index, follow, max-snippet:-1, max-image-preview:large, max-video-preview:-1\" \/>\n<link rel=\"canonical\" href=\"https:\/\/norwegianmade.no\/produkt\/b2b-videresalg\/\" \/>\n<meta property=\"og:locale\" content=\"en_US\" \/>\n<meta property=\"og:type\" content=\"article\" \/>\n<meta property=\"og:title\" content=\"B2B - videresalg &#8226; Norwegian Made\" \/>\n<meta property=\"og:description\" content=\"Har du en butikk og \u00f8nsker \u00e5 tilby kundene dine naturlige, h\u00e5ndlagde s\u00e5per? Da \u00f8nsker vi \u00e5 komme i kontakt med deg.Vi skreddersyr gjerne en firmaavtale med deg med avtale om l\u00f8pende kj\u00f8p eller kj\u00f8p av st\u00f8rre partier.\u00a0Ta kontakt for en hyggelig s\u00e5peprat:\u00a0Kjersti Lindsj\u00f8, mobil: 99242484 eller e-post: etsapeliv@gmail.com\u00a0Et S\u00e5peliv (etsapeliv.no)\" \/>\n<meta property=\"og:url\" content=\"https:\/\/norwegianmade.no\/produkt\/b2b-videresalg\/\" \/>\n<meta property=\"og:site_name\" content=\"Norwegian Made\" \/>\n<meta property=\"article:modified_time\" content=\"2026-03-19T22:57:55+00:00\" \/>\n<meta property=\"og:image\" content=\"https:\/\/norwegianmade.no\/wp-content\/uploads\/2024\/02\/20240216_085424-mindre.jpg\" \/>\n\t<meta property=\"og:image:width\" content=\"605\" \/>\n\t<meta property=\"og:image:height\" content=\"807\" \/>\n\t<meta property=\"og:image:type\" content=\"image\/jpeg\" \/>\n<meta name=\"twitter:card\" content=\"summary_large_image\" \/>\n<script type=\"application\/ld+json\" class=\"yoast-schema-graph\">{\"@context\":\"https:\/\/schema.org\",\"@graph\":[{\"@type\":\"WebPage\",\"@id\":\"https:\/\/norwegianmade.no\/produkt\/b2b-videresalg\/\",\"url\":\"https:\/\/norwegianmade.no\/produkt\/b2b-videresalg\/\",\"name\":\"B2B - videresalg &#8226; Norwegian Made\",\"isPartOf\":{\"@id\":\"https:\/\/norwegianmade.no\/#website\"},\"primaryImageOfPage\":{\"@id\":\"https:\/\/norwegianmade.no\/produkt\/b2b-videresalg\/#primaryimage\"},\"image\":{\"@id\":\"https:\/\/norwegianmade.no\/produkt\/b2b-videresalg\/#primaryimage\"},\"thumbnailUrl\":\"https:\/\/norwegianmade.no\/wp-content\/uploads\/2024\/07\/20240529_122120.jpg\",\"datePublished\":\"2024-02-21T07:42:41+00:00\",\"dateModified\":\"2026-03-19T22:57:55+00:00\",\"breadcrumb\":{\"@id\":\"https:\/\/norwegianmade.no\/produkt\/b2b-videresalg\/#breadcrumb\"},\"inLanguage\":\"en-US\",\"potentialAction\":[{\"@type\":\"ReadAction\",\"target\":[\"https:\/\/norwegianmade.no\/produkt\/b2b-videresalg\/\"]}]},{\"@type\":\"ImageObject\",\"inLanguage\":\"en-US\",\"@id\":\"https:\/\/norwegianmade.no\/produkt\/b2b-videresalg\/#primaryimage\",\"url\":\"https:\/\/norwegianmade.no\/wp-content\/uploads\/2024\/07\/20240529_122120.jpg\",\"contentUrl\":\"https:\/\/norwegianmade.no\/wp-content\/uploads\/2024\/07\/20240529_122120.jpg\",\"width\":1814,\"height\":2419},{\"@type\":\"BreadcrumbList\",\"@id\":\"https:\/\/norwegianmade.no\/produkt\/b2b-videresalg\/#breadcrumb\",\"itemListElement\":[{\"@type\":\"ListItem\",\"position\":1,\"name\":\"Hjem\",\"item\":\"https:\/\/norwegianmade.no\/en\/\"},{\"@type\":\"ListItem\",\"position\":2,\"name\":\"Shop\",\"item\":\"https:\/\/norwegianmade.no\/en\/shop\/\"},{\"@type\":\"ListItem\",\"position\":3,\"name\":\"B2B &#8211; videresalg\"}]},{\"@type\":\"WebSite\",\"@id\":\"https:\/\/norwegianmade.no\/#website\",\"url\":\"https:\/\/norwegianmade.no\/\",\"name\":\"Norwegian Made\",\"description\":\"Norges st\u00f8rste markedsplass for norske produsenter\",\"publisher\":{\"@id\":\"https:\/\/norwegianmade.no\/#organization\"},\"potentialAction\":[{\"@type\":\"SearchAction\",\"target\":{\"@type\":\"EntryPoint\",\"urlTemplate\":\"https:\/\/norwegianmade.no\/?s={search_term_string}\"},\"query-input\":{\"@type\":\"PropertyValueSpecification\",\"valueRequired\":true,\"valueName\":\"search_term_string\"}}],\"inLanguage\":\"en-US\"},{\"@type\":\"Organization\",\"@id\":\"https:\/\/norwegianmade.no\/#organization\",\"name\":\"Norwegian Made\",\"url\":\"https:\/\/norwegianmade.no\/\",\"logo\":{\"@type\":\"ImageObject\",\"inLanguage\":\"en-US\",\"@id\":\"https:\/\/norwegianmade.no\/#\/schema\/logo\/image\/\",\"url\":\"https:\/\/norwegianmade.no\/wp-content\/uploads\/2020\/11\/logo-liggende-norwegian-made-web.png\",\"contentUrl\":\"https:\/\/norwegianmade.no\/wp-content\/uploads\/2020\/11\/logo-liggende-norwegian-made-web.png\",\"width\":200,\"height\":58,\"caption\":\"Norwegian Made\"},\"image\":{\"@id\":\"https:\/\/norwegianmade.no\/#\/schema\/logo\/image\/\"}}]}<\/script>\n<!-- \/ Yoast SEO plugin. -->","yoast_head_json":{"title":"B2B - videresalg &#8226; Norwegian Made","robots":{"index":"index","follow":"follow","max-snippet":"max-snippet:-1","max-image-preview":"max-image-preview:large","max-video-preview":"max-video-preview:-1"},"canonical":"https:\/\/norwegianmade.no\/produkt\/b2b-videresalg\/","og_locale":"en_US","og_type":"article","og_title":"B2B - videresalg &#8226; Norwegian Made","og_description":"Har du en butikk og \u00f8nsker \u00e5 tilby kundene dine naturlige, h\u00e5ndlagde s\u00e5per? Da \u00f8nsker vi \u00e5 komme i kontakt med deg.Vi skreddersyr gjerne en firmaavtale med deg med avtale om l\u00f8pende kj\u00f8p eller kj\u00f8p av st\u00f8rre partier.\u00a0Ta kontakt for en hyggelig s\u00e5peprat:\u00a0Kjersti Lindsj\u00f8, mobil: 99242484 eller e-post: etsapeliv@gmail.com\u00a0Et S\u00e5peliv (etsapeliv.no)","og_url":"https:\/\/norwegianmade.no\/produkt\/b2b-videresalg\/","og_site_name":"Norwegian Made","article_modified_time":"2026-03-19T22:57:55+00:00","og_image":[{"width":605,"height":807,"url":"https:\/\/norwegianmade.no\/wp-content\/uploads\/2024\/02\/20240216_085424-mindre.jpg","type":"image\/jpeg"}],"twitter_card":"summary_large_image","schema":{"@context":"https:\/\/schema.org","@graph":[{"@type":"WebPage","@id":"https:\/\/norwegianmade.no\/produkt\/b2b-videresalg\/","url":"https:\/\/norwegianmade.no\/produkt\/b2b-videresalg\/","name":"B2B - videresalg &#8226; Norwegian Made","isPartOf":{"@id":"https:\/\/norwegianmade.no\/#website"},"primaryImageOfPage":{"@id":"https:\/\/norwegianmade.no\/produkt\/b2b-videresalg\/#primaryimage"},"image":{"@id":"https:\/\/norwegianmade.no\/produkt\/b2b-videresalg\/#primaryimage"},"thumbnailUrl":"https:\/\/norwegianmade.no\/wp-content\/uploads\/2024\/07\/20240529_122120.jpg","datePublished":"2024-02-21T07:42:41+00:00","dateModified":"2026-03-19T22:57:55+00:00","breadcrumb":{"@id":"https:\/\/norwegianmade.no\/produkt\/b2b-videresalg\/#breadcrumb"},"inLanguage":"en-US","potentialAction":[{"@type":"ReadAction","target":["https:\/\/norwegianmade.no\/produkt\/b2b-videresalg\/"]}]},{"@type":"ImageObject","inLanguage":"en-US","@id":"https:\/\/norwegianmade.no\/produkt\/b2b-videresalg\/#primaryimage","url":"https:\/\/norwegianmade.no\/wp-content\/uploads\/2024\/07\/20240529_122120.jpg","contentUrl":"https:\/\/norwegianmade.no\/wp-content\/uploads\/2024\/07\/20240529_122120.jpg","width":1814,"height":2419},{"@type":"BreadcrumbList","@id":"https:\/\/norwegianmade.no\/produkt\/b2b-videresalg\/#breadcrumb","itemListElement":[{"@type":"ListItem","position":1,"name":"Hjem","item":"https:\/\/norwegianmade.no\/en\/"},{"@type":"ListItem","position":2,"name":"Shop","item":"https:\/\/norwegianmade.no\/en\/shop\/"},{"@type":"ListItem","position":3,"name":"B2B &#8211; videresalg"}]},{"@type":"WebSite","@id":"https:\/\/norwegianmade.no\/#website","url":"https:\/\/norwegianmade.no\/","name":"Norwegian Made","description":"Norges st\u00f8rste markedsplass for norske produsenter","publisher":{"@id":"https:\/\/norwegianmade.no\/#organization"},"potentialAction":[{"@type":"SearchAction","target":{"@type":"EntryPoint","urlTemplate":"https:\/\/norwegianmade.no\/?s={search_term_string}"},"query-input":{"@type":"PropertyValueSpecification","valueRequired":true,"valueName":"search_term_string"}}],"inLanguage":"en-US"},{"@type":"Organization","@id":"https:\/\/norwegianmade.no\/#organization","name":"Norwegian Made","url":"https:\/\/norwegianmade.no\/","logo":{"@type":"ImageObject","inLanguage":"en-US","@id":"https:\/\/norwegianmade.no\/#\/schema\/logo\/image\/","url":"https:\/\/norwegianmade.no\/wp-content\/uploads\/2020\/11\/logo-liggende-norwegian-made-web.png","contentUrl":"https:\/\/norwegianmade.no\/wp-content\/uploads\/2020\/11\/logo-liggende-norwegian-made-web.png","width":200,"height":58,"caption":"Norwegian Made"},"image":{"@id":"https:\/\/norwegianmade.no\/#\/schema\/logo\/image\/"}}]}},"_links":{"self":[{"href":"https:\/\/norwegianmade.no\/en\/wp-json\/wp\/v2\/product\/20987","targetHints":{"allow":["GET"]}}],"collection":[{"href":"https:\/\/norwegianmade.no\/en\/wp-json\/wp\/v2\/product"}],"about":[{"href":"https:\/\/norwegianmade.no\/en\/wp-json\/wp\/v2\/types\/product"}],"replies":[{"embeddable":true,"href":"https:\/\/norwegianmade.no\/en\/wp-json\/wp\/v2\/comments?post=20987"}],"wp:featuredmedia":[{"embeddable":true,"href":"https:\/\/norwegianmade.no\/en\/wp-json\/wp\/v2\/media\/21940"}],"wp:attachment":[{"href":"https:\/\/norwegianmade.no\/en\/wp-json\/wp\/v2\/media?parent=20987"}],"wp:term":[{"taxonomy":"product_brand","embeddable":true,"href":"https:\/\/norwegianmade.no\/en\/wp-json\/wp\/v2\/product_brand?post=20987"},{"taxonomy":"product_cat","embeddable":true,"href":"https:\/\/norwegianmade.no\/en\/wp-json\/wp\/v2\/product_cat?post=20987"},{"taxonomy":"product_tag","embeddable":true,"href":"https:\/\/norwegianmade.no\/en\/wp-json\/wp\/v2\/product_tag?post=20987"}],"curies":[{"name":"wp","href":"https:\/\/api.w.org\/{rel}","templated":true}]}}