{"id":21818,"date":"2024-05-13T12:38:53","date_gmt":"2024-05-13T10:38:53","guid":{"rendered":"https:\/\/norwegianmade.no\/produkt\/patchouli-rosmarin-sape-%c2%b1120-gr-10-ml\/"},"modified":"2025-08-14T08:37:13","modified_gmt":"2025-08-14T06:37:13","slug":"patchouli-rosmarin-sape-%c2%b1120-gr-10-ml","status":"publish","type":"product","link":"https:\/\/norwegianmade.no\/en\/produkt\/patchouli-rosmarin-sape-%c2%b1120-gr-10-ml\/","title":{"rendered":"Patchouli-Rosmarin S\u00e5pe"},"content":{"rendered":"<p style=\"border: 0px;font-family: Merriweather, serif;font-size: 18px;line-height: 32.4px;margin: 0px 0px 1.1em;padding: 0px\" data-mce-style=\"border: 0px; font-family: Merriweather, serif; font-size: 18px; line-height: 32.4px; margin: 0px 0px 1.1em; padding: 0px;\"><strong>Ingredienser:<\/strong><br \/>*Hjemmelaget Rosmarin Ekstrakt av Olea Europea (Olive) fruktolje og Rosmarinus officinalis, Rosmarin t\u00f8rr urter: trekket 6 m\u00e5neder i Olea Europea (Oliven) frukt olje \/ Ratio 20:1<br \/>*Pogostemon Cablin,\u00a0Patchouli eterisk olje, 10 ml<br \/>*H\u00e5ndlaget naturlig fargestoff fra Rosmarinus officinalis<br \/>*Sodium Hydroxide<br style=\"margin-bottom: 0px\" data-mce-style=\"margin-bottom: 0px;\">*Aqua<\/p>\n<p style=\"border: 0px;font-family: Merriweather, serif;font-size: 18px;line-height: 32.4px;margin: 0px 0px 1.1em;padding: 0px\" data-mce-style=\"border: 0px; font-family: Merriweather, serif; font-size: 18px; line-height: 32.4px; margin: 0px 0px 1.1em; padding: 0px;\">Utvidet nettstedsinformasjon:\u00a0<em style=\"border: 0px;font-family: inherit;line-height: 1;margin: 0px;padding: 0px\" data-mce-style=\"border: 0px; font-family: inherit; line-height: 1; margin: 0px; padding: 0px;\"><a href=\"https:\/\/cretan-garden.shop\/patchouli-rosemary-soap\/\" target=\"_blank\" rel=\"noopener\" data-cke-saved-href=\"https:\/\/cretan-garden.shop\/patchouli-rosemary-soap\/\" style=\"margin-bottom: 0px\" data-mce-href=\"https:\/\/cretan-garden.shop\/patchouli-rosemary-soap\/\" data-mce-style=\"margin-bottom: 0px;\">Rosmarin \u2013 Patchouli S\u00e5pe<\/a><\/em><\/p>\n<p style=\"border: 0px;font-family: Merriweather, serif;font-size: 18px;line-height: 32.4px;margin: 0px 0px 1.1em;padding: 0px\" data-mce-style=\"border: 0px; font-family: Merriweather, serif; font-size: 18px; line-height: 32.4px; margin: 0px 0px 1.1em; padding: 0px;\"><strong>Merk f\u00f8lgende:<\/strong><br \/>Ikke for nyf\u00f8dte og spedbarn. Skal ikke brukes av barn med mindre det er under veiledning. Les den utvidede informasjonen om \u00a0\u201c<a href=\"https:\/\/cretan-garden.shop\/herbal-olive-soap\/\" target=\"_blank\" rel=\"noopener\" data-cke-saved-href=\"https:\/\/cretan-garden.shop\/herbal-olive-soap\/\" style=\"margin-bottom: 0px\" data-mce-href=\"https:\/\/cretan-garden.shop\/herbal-olive-soap\/\" data-mce-style=\"margin-bottom: 0px;\">Urte Oliven S\u00e5pe<\/a>\u201c: vitenskapelig forskning av h\u00e5ndlaget s\u00e5pe, urter, olivenolje, kroppsolje, eteriske oljer, bruk av s\u00e5pe i naturen, bruk av s\u00e5pe av barn, utl\u00f8psdato, holdbarhet og leverand\u00f8rer.<\/p>\n<p style=\"border: 0px;font-family: Merriweather, serif;font-size: 18px;line-height: 32.4px;margin: 0px 0px 1.1em;padding: 0px\" data-mce-style=\"border: 0px; font-family: Merriweather, serif; font-size: 18px; line-height: 32.4px; margin: 0px 0px 1.1em; padding: 0px;\"><strong>Vekt<\/strong><br \/><strong style=\"margin-bottom: 0px\" data-mce-style=\"margin-bottom: 0px;\">\u00b1 120 gram<\/strong><\/p>\n<p style=\"border: 0px;font-family: Merriweather, serif;font-size: 18px;line-height: 32.4px;margin: 0px;padding: 0px\" data-mce-style=\"border: 0px; font-family: Merriweather, serif; font-size: 18px; line-height: 32.4px; margin: 0px; padding: 0px;\"><strong>St\u00f8rrelse<\/strong><br style=\"margin-bottom: 0px\" data-mce-style=\"margin-bottom: 0px;\">Lengde: 7 cm \/ Bredde: \u00b12.5 cm \/ H\u00f8yde 7.5 cm<\/p>\n","protected":false},"excerpt":{"rendered":"<p><span style=\"font-family: Merriweather, serif;font-size: 18px\" data-mce-style=\"font-family: Merriweather, serif; font-size: 18px;\">H\u00e5ndlaget, b\u00e6rekraftig kosmetisk produkt\u00a0<\/span><\/p>\n","protected":false},"featured_media":22092,"comment_status":"open","ping_status":"closed","template":"","meta":{"_acf_changed":false},"product_brand":[],"product_cat":[78,67],"product_tag":[],"class_list":{"0":"post-21818","1":"product","2":"type-product","3":"status-publish","4":"has-post-thumbnail","6":"product_vendor-cretan-garden","7":"product_cat-gaver","8":"product_cat-hudpleie","10":"first","11":"instock","12":"taxable","13":"shipping-taxable","14":"product-type-external"},"acf":[],"yoast_head":"<!-- This site is optimized with the Yoast SEO plugin v27.1.1 - https:\/\/yoast.com\/product\/yoast-seo-wordpress\/ -->\n<title>Patchouli-Rosmarin S\u00e5pe &#8226; Norwegian Made<\/title>\n<meta name=\"robots\" content=\"index, follow, max-snippet:-1, max-image-preview:large, max-video-preview:-1\" \/>\n<link rel=\"canonical\" href=\"https:\/\/norwegianmade.no\/produkt\/patchouli-rosmarin-sape-\u00b1120-gr-10-ml\/\" \/>\n<meta property=\"og:locale\" content=\"en_US\" \/>\n<meta property=\"og:type\" content=\"article\" \/>\n<meta property=\"og:title\" content=\"Patchouli-Rosmarin S\u00e5pe &#8226; Norwegian Made\" \/>\n<meta property=\"og:description\" content=\"H\u00e5ndlaget, b\u00e6rekraftig kosmetisk produkt\u00a0\" \/>\n<meta property=\"og:url\" content=\"https:\/\/norwegianmade.no\/produkt\/patchouli-rosmarin-sape-\u00b1120-gr-10-ml\/\" \/>\n<meta property=\"og:site_name\" content=\"Norwegian Made\" \/>\n<meta property=\"article:modified_time\" content=\"2025-08-14T06:37:13+00:00\" \/>\n<meta property=\"og:image\" content=\"https:\/\/norwegianmade.no\/wp-content\/uploads\/2024\/10\/6.-Patchouli-1.jpg\" \/>\n\t<meta property=\"og:image:width\" content=\"1080\" \/>\n\t<meta property=\"og:image:height\" content=\"1080\" \/>\n\t<meta property=\"og:image:type\" content=\"image\/jpeg\" \/>\n<meta name=\"twitter:card\" content=\"summary_large_image\" \/>\n<meta name=\"twitter:label1\" content=\"Est. reading time\" \/>\n\t<meta name=\"twitter:data1\" content=\"1 minute\" \/>\n<script type=\"application\/ld+json\" class=\"yoast-schema-graph\">{\"@context\":\"https:\/\/schema.org\",\"@graph\":[{\"@type\":\"WebPage\",\"@id\":\"https:\/\/norwegianmade.no\/produkt\/patchouli-rosmarin-sape-%c2%b1120-gr-10-ml\/\",\"url\":\"https:\/\/norwegianmade.no\/produkt\/patchouli-rosmarin-sape-%c2%b1120-gr-10-ml\/\",\"name\":\"Patchouli-Rosmarin S\u00e5pe &#8226; Norwegian Made\",\"isPartOf\":{\"@id\":\"https:\/\/norwegianmade.no\/#website\"},\"primaryImageOfPage\":{\"@id\":\"https:\/\/norwegianmade.no\/produkt\/patchouli-rosmarin-sape-%c2%b1120-gr-10-ml\/#primaryimage\"},\"image\":{\"@id\":\"https:\/\/norwegianmade.no\/produkt\/patchouli-rosmarin-sape-%c2%b1120-gr-10-ml\/#primaryimage\"},\"thumbnailUrl\":\"https:\/\/norwegianmade.no\/wp-content\/uploads\/2024\/10\/6.-Patchouli-1.jpg\",\"datePublished\":\"2024-05-13T10:38:53+00:00\",\"dateModified\":\"2025-08-14T06:37:13+00:00\",\"breadcrumb\":{\"@id\":\"https:\/\/norwegianmade.no\/produkt\/patchouli-rosmarin-sape-%c2%b1120-gr-10-ml\/#breadcrumb\"},\"inLanguage\":\"en-US\",\"potentialAction\":[{\"@type\":\"ReadAction\",\"target\":[\"https:\/\/norwegianmade.no\/produkt\/patchouli-rosmarin-sape-%c2%b1120-gr-10-ml\/\"]}]},{\"@type\":\"ImageObject\",\"inLanguage\":\"en-US\",\"@id\":\"https:\/\/norwegianmade.no\/produkt\/patchouli-rosmarin-sape-%c2%b1120-gr-10-ml\/#primaryimage\",\"url\":\"https:\/\/norwegianmade.no\/wp-content\/uploads\/2024\/10\/6.-Patchouli-1.jpg\",\"contentUrl\":\"https:\/\/norwegianmade.no\/wp-content\/uploads\/2024\/10\/6.-Patchouli-1.jpg\",\"width\":1080,\"height\":1080},{\"@type\":\"BreadcrumbList\",\"@id\":\"https:\/\/norwegianmade.no\/produkt\/patchouli-rosmarin-sape-%c2%b1120-gr-10-ml\/#breadcrumb\",\"itemListElement\":[{\"@type\":\"ListItem\",\"position\":1,\"name\":\"Hjem\",\"item\":\"https:\/\/norwegianmade.no\/en\/\"},{\"@type\":\"ListItem\",\"position\":2,\"name\":\"Shop\",\"item\":\"https:\/\/norwegianmade.no\/en\/shop\/\"},{\"@type\":\"ListItem\",\"position\":3,\"name\":\"Patchouli-Rosmarin S\u00e5pe\"}]},{\"@type\":\"WebSite\",\"@id\":\"https:\/\/norwegianmade.no\/#website\",\"url\":\"https:\/\/norwegianmade.no\/\",\"name\":\"Norwegian Made\",\"description\":\"Norges st\u00f8rste markedsplass for norske produsenter\",\"publisher\":{\"@id\":\"https:\/\/norwegianmade.no\/#organization\"},\"potentialAction\":[{\"@type\":\"SearchAction\",\"target\":{\"@type\":\"EntryPoint\",\"urlTemplate\":\"https:\/\/norwegianmade.no\/?s={search_term_string}\"},\"query-input\":{\"@type\":\"PropertyValueSpecification\",\"valueRequired\":true,\"valueName\":\"search_term_string\"}}],\"inLanguage\":\"en-US\"},{\"@type\":\"Organization\",\"@id\":\"https:\/\/norwegianmade.no\/#organization\",\"name\":\"Norwegian Made\",\"url\":\"https:\/\/norwegianmade.no\/\",\"logo\":{\"@type\":\"ImageObject\",\"inLanguage\":\"en-US\",\"@id\":\"https:\/\/norwegianmade.no\/#\/schema\/logo\/image\/\",\"url\":\"https:\/\/norwegianmade.no\/wp-content\/uploads\/2020\/11\/logo-liggende-norwegian-made-web.png\",\"contentUrl\":\"https:\/\/norwegianmade.no\/wp-content\/uploads\/2020\/11\/logo-liggende-norwegian-made-web.png\",\"width\":200,\"height\":58,\"caption\":\"Norwegian Made\"},\"image\":{\"@id\":\"https:\/\/norwegianmade.no\/#\/schema\/logo\/image\/\"}}]}<\/script>\n<!-- \/ Yoast SEO plugin. -->","yoast_head_json":{"title":"Patchouli-Rosmarin S\u00e5pe &#8226; Norwegian Made","robots":{"index":"index","follow":"follow","max-snippet":"max-snippet:-1","max-image-preview":"max-image-preview:large","max-video-preview":"max-video-preview:-1"},"canonical":"https:\/\/norwegianmade.no\/produkt\/patchouli-rosmarin-sape-\u00b1120-gr-10-ml\/","og_locale":"en_US","og_type":"article","og_title":"Patchouli-Rosmarin S\u00e5pe &#8226; Norwegian Made","og_description":"H\u00e5ndlaget, b\u00e6rekraftig kosmetisk produkt\u00a0","og_url":"https:\/\/norwegianmade.no\/produkt\/patchouli-rosmarin-sape-\u00b1120-gr-10-ml\/","og_site_name":"Norwegian Made","article_modified_time":"2025-08-14T06:37:13+00:00","og_image":[{"width":1080,"height":1080,"url":"https:\/\/norwegianmade.no\/wp-content\/uploads\/2024\/10\/6.-Patchouli-1.jpg","type":"image\/jpeg"}],"twitter_card":"summary_large_image","twitter_misc":{"Est. reading time":"1 minute"},"schema":{"@context":"https:\/\/schema.org","@graph":[{"@type":"WebPage","@id":"https:\/\/norwegianmade.no\/produkt\/patchouli-rosmarin-sape-%c2%b1120-gr-10-ml\/","url":"https:\/\/norwegianmade.no\/produkt\/patchouli-rosmarin-sape-%c2%b1120-gr-10-ml\/","name":"Patchouli-Rosmarin S\u00e5pe &#8226; Norwegian Made","isPartOf":{"@id":"https:\/\/norwegianmade.no\/#website"},"primaryImageOfPage":{"@id":"https:\/\/norwegianmade.no\/produkt\/patchouli-rosmarin-sape-%c2%b1120-gr-10-ml\/#primaryimage"},"image":{"@id":"https:\/\/norwegianmade.no\/produkt\/patchouli-rosmarin-sape-%c2%b1120-gr-10-ml\/#primaryimage"},"thumbnailUrl":"https:\/\/norwegianmade.no\/wp-content\/uploads\/2024\/10\/6.-Patchouli-1.jpg","datePublished":"2024-05-13T10:38:53+00:00","dateModified":"2025-08-14T06:37:13+00:00","breadcrumb":{"@id":"https:\/\/norwegianmade.no\/produkt\/patchouli-rosmarin-sape-%c2%b1120-gr-10-ml\/#breadcrumb"},"inLanguage":"en-US","potentialAction":[{"@type":"ReadAction","target":["https:\/\/norwegianmade.no\/produkt\/patchouli-rosmarin-sape-%c2%b1120-gr-10-ml\/"]}]},{"@type":"ImageObject","inLanguage":"en-US","@id":"https:\/\/norwegianmade.no\/produkt\/patchouli-rosmarin-sape-%c2%b1120-gr-10-ml\/#primaryimage","url":"https:\/\/norwegianmade.no\/wp-content\/uploads\/2024\/10\/6.-Patchouli-1.jpg","contentUrl":"https:\/\/norwegianmade.no\/wp-content\/uploads\/2024\/10\/6.-Patchouli-1.jpg","width":1080,"height":1080},{"@type":"BreadcrumbList","@id":"https:\/\/norwegianmade.no\/produkt\/patchouli-rosmarin-sape-%c2%b1120-gr-10-ml\/#breadcrumb","itemListElement":[{"@type":"ListItem","position":1,"name":"Hjem","item":"https:\/\/norwegianmade.no\/en\/"},{"@type":"ListItem","position":2,"name":"Shop","item":"https:\/\/norwegianmade.no\/en\/shop\/"},{"@type":"ListItem","position":3,"name":"Patchouli-Rosmarin S\u00e5pe"}]},{"@type":"WebSite","@id":"https:\/\/norwegianmade.no\/#website","url":"https:\/\/norwegianmade.no\/","name":"Norwegian Made","description":"Norges st\u00f8rste markedsplass for norske produsenter","publisher":{"@id":"https:\/\/norwegianmade.no\/#organization"},"potentialAction":[{"@type":"SearchAction","target":{"@type":"EntryPoint","urlTemplate":"https:\/\/norwegianmade.no\/?s={search_term_string}"},"query-input":{"@type":"PropertyValueSpecification","valueRequired":true,"valueName":"search_term_string"}}],"inLanguage":"en-US"},{"@type":"Organization","@id":"https:\/\/norwegianmade.no\/#organization","name":"Norwegian Made","url":"https:\/\/norwegianmade.no\/","logo":{"@type":"ImageObject","inLanguage":"en-US","@id":"https:\/\/norwegianmade.no\/#\/schema\/logo\/image\/","url":"https:\/\/norwegianmade.no\/wp-content\/uploads\/2020\/11\/logo-liggende-norwegian-made-web.png","contentUrl":"https:\/\/norwegianmade.no\/wp-content\/uploads\/2020\/11\/logo-liggende-norwegian-made-web.png","width":200,"height":58,"caption":"Norwegian Made"},"image":{"@id":"https:\/\/norwegianmade.no\/#\/schema\/logo\/image\/"}}]}},"_links":{"self":[{"href":"https:\/\/norwegianmade.no\/en\/wp-json\/wp\/v2\/product\/21818","targetHints":{"allow":["GET"]}}],"collection":[{"href":"https:\/\/norwegianmade.no\/en\/wp-json\/wp\/v2\/product"}],"about":[{"href":"https:\/\/norwegianmade.no\/en\/wp-json\/wp\/v2\/types\/product"}],"replies":[{"embeddable":true,"href":"https:\/\/norwegianmade.no\/en\/wp-json\/wp\/v2\/comments?post=21818"}],"wp:featuredmedia":[{"embeddable":true,"href":"https:\/\/norwegianmade.no\/en\/wp-json\/wp\/v2\/media\/22092"}],"wp:attachment":[{"href":"https:\/\/norwegianmade.no\/en\/wp-json\/wp\/v2\/media?parent=21818"}],"wp:term":[{"taxonomy":"product_brand","embeddable":true,"href":"https:\/\/norwegianmade.no\/en\/wp-json\/wp\/v2\/product_brand?post=21818"},{"taxonomy":"product_cat","embeddable":true,"href":"https:\/\/norwegianmade.no\/en\/wp-json\/wp\/v2\/product_cat?post=21818"},{"taxonomy":"product_tag","embeddable":true,"href":"https:\/\/norwegianmade.no\/en\/wp-json\/wp\/v2\/product_tag?post=21818"}],"curies":[{"name":"wp","href":"https:\/\/api.w.org\/{rel}","templated":true}]}}