{"id":21845,"date":"2024-05-22T20:24:28","date_gmt":"2024-05-22T18:24:28","guid":{"rendered":"https:\/\/norwegianmade.no\/?post_type=product&#038;p=21845"},"modified":"2026-01-26T17:39:13","modified_gmt":"2026-01-26T16:39:13","slug":"storebror-kopp-nr-5","status":"archived","type":"product","link":"https:\/\/norwegianmade.no\/en\/produkt\/storebror-kopp-nr-5\/","title":{"rendered":"STOREBROR kopp no 5"},"content":{"rendered":"<p>H\u00e5ndreid porselenskopp. STOREBROR no 5 har m\u00f8rk plommefarge p\u00e5 toppen, lys olivengr\u00f8nn i midten og dus fersken i bunn. Innside har transparent glasur.\u00a0<br \/>Str 9 cm h og 8 cm b.M\u00e5lene kan variere med ca 0,5 cm. Rommer ca 4,5 dl.\u00a0<\/p>\n<p>Fastpris for forsendelse med Posten\/Bring, 150 kr. Kan ogs\u00e5 hentes i verksted, Jegersborggata 2, 3256 Larvik, etter avtale.<\/p>\n","protected":false},"excerpt":{"rendered":"<p>STOREBROR-koppene er en fargerik serie med h\u00e5nddreid, h\u00f8ybrent porselen. Koppene er rause i st\u00f8rrelsen, og passer godt til en stor kaffe latte, en raus kopp te, eller kakao. Hanken er god \u00e5 holde i. Koppene finnes i ulike gr\u00f8nn\/turkis\/bl\u00e5toner ispedd en d\u00e6sj fersken. Mix og match, eller finn din favoritt.<\/p>\n","protected":false},"featured_media":0,"comment_status":"open","ping_status":"closed","template":"","meta":{"_acf_changed":false},"product_brand":[],"product_cat":[78,59,83,81,15],"product_tag":[],"class_list":{"0":"post-21845","1":"product","2":"type-product","3":"status-archived","5":"product_vendor-randi-winters-ceramics","6":"product_cat-gaver","7":"product_cat-interior-kunst","8":"product_cat-keramikk","9":"product_cat-kunsthandverk","10":"product_cat-ukategorisert","11":"product_shipping_class-norgespakke","13":"first","14":"instock","15":"product-type-simple"},"acf":[],"yoast_head":"<!-- This site is optimized with the Yoast SEO plugin v27.1.1 - https:\/\/yoast.com\/product\/yoast-seo-wordpress\/ -->\n<title>STOREBROR kopp no 5 &#8226; Norwegian Made<\/title>\n<meta name=\"description\" content=\"kopp, kunst\u00e5ndverk, keramikk, porselen, h\u00e5ndlaget\" \/>\n<meta name=\"robots\" content=\"index, follow, max-snippet:-1, max-image-preview:large, max-video-preview:-1\" \/>\n<link rel=\"canonical\" href=\"https:\/\/norwegianmade.no\/produkt\/storebror-kopp-nr-5\/\" \/>\n<meta property=\"og:locale\" content=\"en_US\" \/>\n<meta property=\"og:type\" content=\"article\" \/>\n<meta property=\"og:title\" content=\"STOREBROR kopp no 5 &#8226; Norwegian Made\" \/>\n<meta property=\"og:description\" content=\"kopp, kunst\u00e5ndverk, keramikk, porselen, h\u00e5ndlaget\" \/>\n<meta property=\"og:url\" content=\"https:\/\/norwegianmade.no\/produkt\/storebror-kopp-nr-5\/\" \/>\n<meta property=\"og:site_name\" content=\"Norwegian Made\" \/>\n<meta property=\"article:modified_time\" content=\"2026-01-26T16:39:13+00:00\" \/>\n<meta property=\"og:image\" content=\"https:\/\/norwegianmade.no\/wp-content\/uploads\/2024\/05\/20240512_200933.jpg\" \/>\n\t<meta property=\"og:image:width\" content=\"2000\" \/>\n\t<meta property=\"og:image:height\" content=\"2000\" \/>\n\t<meta property=\"og:image:type\" content=\"image\/jpeg\" \/>\n<meta name=\"twitter:card\" content=\"summary_large_image\" \/>\n<script type=\"application\/ld+json\" class=\"yoast-schema-graph\">{\"@context\":\"https:\/\/schema.org\",\"@graph\":[{\"@type\":\"WebPage\",\"@id\":\"https:\/\/norwegianmade.no\/produkt\/storebror-kopp-nr-5\/\",\"url\":\"https:\/\/norwegianmade.no\/produkt\/storebror-kopp-nr-5\/\",\"name\":\"STOREBROR kopp no 5 &#8226; Norwegian Made\",\"isPartOf\":{\"@id\":\"https:\/\/norwegianmade.no\/#website\"},\"datePublished\":\"2024-05-22T18:24:28+00:00\",\"dateModified\":\"2026-01-26T16:39:13+00:00\",\"description\":\"kopp, kunst\u00e5ndverk, keramikk, porselen, h\u00e5ndlaget\",\"breadcrumb\":{\"@id\":\"https:\/\/norwegianmade.no\/produkt\/storebror-kopp-nr-5\/#breadcrumb\"},\"inLanguage\":\"en-US\",\"potentialAction\":[{\"@type\":\"ReadAction\",\"target\":[\"https:\/\/norwegianmade.no\/produkt\/storebror-kopp-nr-5\/\"]}]},{\"@type\":\"BreadcrumbList\",\"@id\":\"https:\/\/norwegianmade.no\/produkt\/storebror-kopp-nr-5\/#breadcrumb\",\"itemListElement\":[{\"@type\":\"ListItem\",\"position\":1,\"name\":\"Hjem\",\"item\":\"https:\/\/norwegianmade.no\/en\/\"},{\"@type\":\"ListItem\",\"position\":2,\"name\":\"Shop\",\"item\":\"https:\/\/norwegianmade.no\/en\/shop\/\"},{\"@type\":\"ListItem\",\"position\":3,\"name\":\"STOREBROR kopp no 5\"}]},{\"@type\":\"WebSite\",\"@id\":\"https:\/\/norwegianmade.no\/#website\",\"url\":\"https:\/\/norwegianmade.no\/\",\"name\":\"Norwegian Made\",\"description\":\"Norges st\u00f8rste markedsplass for norske produsenter\",\"publisher\":{\"@id\":\"https:\/\/norwegianmade.no\/#organization\"},\"potentialAction\":[{\"@type\":\"SearchAction\",\"target\":{\"@type\":\"EntryPoint\",\"urlTemplate\":\"https:\/\/norwegianmade.no\/?s={search_term_string}\"},\"query-input\":{\"@type\":\"PropertyValueSpecification\",\"valueRequired\":true,\"valueName\":\"search_term_string\"}}],\"inLanguage\":\"en-US\"},{\"@type\":\"Organization\",\"@id\":\"https:\/\/norwegianmade.no\/#organization\",\"name\":\"Norwegian Made\",\"url\":\"https:\/\/norwegianmade.no\/\",\"logo\":{\"@type\":\"ImageObject\",\"inLanguage\":\"en-US\",\"@id\":\"https:\/\/norwegianmade.no\/#\/schema\/logo\/image\/\",\"url\":\"https:\/\/norwegianmade.no\/wp-content\/uploads\/2020\/11\/logo-liggende-norwegian-made-web.png\",\"contentUrl\":\"https:\/\/norwegianmade.no\/wp-content\/uploads\/2020\/11\/logo-liggende-norwegian-made-web.png\",\"width\":200,\"height\":58,\"caption\":\"Norwegian Made\"},\"image\":{\"@id\":\"https:\/\/norwegianmade.no\/#\/schema\/logo\/image\/\"}}]}<\/script>\n<!-- \/ Yoast SEO plugin. -->","yoast_head_json":{"title":"STOREBROR kopp no 5 &#8226; Norwegian Made","description":"kopp, kunst\u00e5ndverk, keramikk, porselen, h\u00e5ndlaget","robots":{"index":"index","follow":"follow","max-snippet":"max-snippet:-1","max-image-preview":"max-image-preview:large","max-video-preview":"max-video-preview:-1"},"canonical":"https:\/\/norwegianmade.no\/produkt\/storebror-kopp-nr-5\/","og_locale":"en_US","og_type":"article","og_title":"STOREBROR kopp no 5 &#8226; Norwegian Made","og_description":"kopp, kunst\u00e5ndverk, keramikk, porselen, h\u00e5ndlaget","og_url":"https:\/\/norwegianmade.no\/produkt\/storebror-kopp-nr-5\/","og_site_name":"Norwegian Made","article_modified_time":"2026-01-26T16:39:13+00:00","og_image":[{"width":2000,"height":2000,"url":"https:\/\/norwegianmade.no\/wp-content\/uploads\/2024\/05\/20240512_200933.jpg","type":"image\/jpeg"}],"twitter_card":"summary_large_image","schema":{"@context":"https:\/\/schema.org","@graph":[{"@type":"WebPage","@id":"https:\/\/norwegianmade.no\/produkt\/storebror-kopp-nr-5\/","url":"https:\/\/norwegianmade.no\/produkt\/storebror-kopp-nr-5\/","name":"STOREBROR kopp no 5 &#8226; Norwegian Made","isPartOf":{"@id":"https:\/\/norwegianmade.no\/#website"},"datePublished":"2024-05-22T18:24:28+00:00","dateModified":"2026-01-26T16:39:13+00:00","description":"kopp, kunst\u00e5ndverk, keramikk, porselen, h\u00e5ndlaget","breadcrumb":{"@id":"https:\/\/norwegianmade.no\/produkt\/storebror-kopp-nr-5\/#breadcrumb"},"inLanguage":"en-US","potentialAction":[{"@type":"ReadAction","target":["https:\/\/norwegianmade.no\/produkt\/storebror-kopp-nr-5\/"]}]},{"@type":"BreadcrumbList","@id":"https:\/\/norwegianmade.no\/produkt\/storebror-kopp-nr-5\/#breadcrumb","itemListElement":[{"@type":"ListItem","position":1,"name":"Hjem","item":"https:\/\/norwegianmade.no\/en\/"},{"@type":"ListItem","position":2,"name":"Shop","item":"https:\/\/norwegianmade.no\/en\/shop\/"},{"@type":"ListItem","position":3,"name":"STOREBROR kopp no 5"}]},{"@type":"WebSite","@id":"https:\/\/norwegianmade.no\/#website","url":"https:\/\/norwegianmade.no\/","name":"Norwegian Made","description":"Norges st\u00f8rste markedsplass for norske produsenter","publisher":{"@id":"https:\/\/norwegianmade.no\/#organization"},"potentialAction":[{"@type":"SearchAction","target":{"@type":"EntryPoint","urlTemplate":"https:\/\/norwegianmade.no\/?s={search_term_string}"},"query-input":{"@type":"PropertyValueSpecification","valueRequired":true,"valueName":"search_term_string"}}],"inLanguage":"en-US"},{"@type":"Organization","@id":"https:\/\/norwegianmade.no\/#organization","name":"Norwegian Made","url":"https:\/\/norwegianmade.no\/","logo":{"@type":"ImageObject","inLanguage":"en-US","@id":"https:\/\/norwegianmade.no\/#\/schema\/logo\/image\/","url":"https:\/\/norwegianmade.no\/wp-content\/uploads\/2020\/11\/logo-liggende-norwegian-made-web.png","contentUrl":"https:\/\/norwegianmade.no\/wp-content\/uploads\/2020\/11\/logo-liggende-norwegian-made-web.png","width":200,"height":58,"caption":"Norwegian Made"},"image":{"@id":"https:\/\/norwegianmade.no\/#\/schema\/logo\/image\/"}}]}},"_links":{"self":[{"href":"https:\/\/norwegianmade.no\/en\/wp-json\/wp\/v2\/product\/21845","targetHints":{"allow":["GET"]}}],"collection":[{"href":"https:\/\/norwegianmade.no\/en\/wp-json\/wp\/v2\/product"}],"about":[{"href":"https:\/\/norwegianmade.no\/en\/wp-json\/wp\/v2\/types\/product"}],"replies":[{"embeddable":true,"href":"https:\/\/norwegianmade.no\/en\/wp-json\/wp\/v2\/comments?post=21845"}],"wp:attachment":[{"href":"https:\/\/norwegianmade.no\/en\/wp-json\/wp\/v2\/media?parent=21845"}],"wp:term":[{"taxonomy":"product_brand","embeddable":true,"href":"https:\/\/norwegianmade.no\/en\/wp-json\/wp\/v2\/product_brand?post=21845"},{"taxonomy":"product_cat","embeddable":true,"href":"https:\/\/norwegianmade.no\/en\/wp-json\/wp\/v2\/product_cat?post=21845"},{"taxonomy":"product_tag","embeddable":true,"href":"https:\/\/norwegianmade.no\/en\/wp-json\/wp\/v2\/product_tag?post=21845"}],"curies":[{"name":"wp","href":"https:\/\/api.w.org\/{rel}","templated":true}]}}