{"id":21972,"date":"2024-07-27T14:04:43","date_gmt":"2024-07-27T12:04:43","guid":{"rendered":"https:\/\/norwegianmade.no\/produkt\/vognlenke-med-ullkuler\/"},"modified":"2024-07-27T14:04:53","modified_gmt":"2024-07-27T12:04:53","slug":"vognlenke-med-ullkuler","status":"publish","type":"product","link":"https:\/\/norwegianmade.no\/en\/produkt\/vognlenke-med-ullkuler\/","title":{"rendered":"Vognlenke med ullkuler"},"content":{"rendered":"<p><\/p>\n","protected":false},"excerpt":{"rendered":"<p data-mce-style=\"margin: 0px; padding: 20px 0px 0px; line-height: 20px; font-family: Arial, Helvetica, sans-serif;\" style=\"margin: 0px;padding: 20px 0px 0px;line-height: 20px;font-family: Arial, Helvetica, sans-serif\">S\u00f8t vognlenke med petrolfargede skyer, og matchende ullkuler. <br \/>Skyene er laget i ull, og fylt med allergivennlig fyllvatt.\u00a0<\/p>\n<p data-mce-style=\"margin: 0px; padding: 20px 0px 0px; line-height: 20px; font-family: Arial, Helvetica, sans-serif;\" style=\"margin: 0px;padding: 20px 0px 0px;line-height: 20px;font-family: Arial, Helvetica, sans-serif\">Skyene og ullkulene er festet i sterk hamptr\u00e5d.\u00a0<br data-mce-style=\"margin: 0px; padding: 0px;\" style=\"margin: 0px;padding: 0px\">Solide klips fra Tinkafu til \u00e5 feste lenken til vognen f\u00f8lger med.\u00a0<\/p>\n<p data-mce-style=\"margin: 0px; padding: 20px 0px 0px; line-height: 20px; font-family: Arial, Helvetica, sans-serif;\" style=\"margin: 0px;padding: 20px 0px 0px;line-height: 20px;font-family: Arial, Helvetica, sans-serif\">Ta gjerne kontakt om du \u00f8nsker \u00e5 f\u00e5 designet en vognlenke i dine favorittfarger.\u00a0<\/p>\n<p data-mce-style=\"margin: 0px; padding: 20px 0px 0px; line-height: 20px; font-family: Arial, Helvetica, sans-serif;\" style=\"margin: 0px;padding: 20px 0px 0px;line-height: 20px;font-family: Arial, Helvetica, sans-serif\">I 2019 ble jeg som designer godkjent medlem av Norwegian Made; kvalitetsprodukter laget i Norge. \u00a0<\/p>\n<p data-mce-style=\"margin: 0px; padding: 20px 0px 0px; line-height: 20px; font-family: Arial, Helvetica, sans-serif;\" style=\"margin: 0px;padding: 20px 0px 0px;line-height: 20px;font-family: Arial, Helvetica, sans-serif\">Ta gjerne en titt p\u00e5 Instagram @aasearild for flere bilder av vognlenkene.<\/p>\n<p data-mce-style=\"margin: 0px; padding: 20px 0px 0px; line-height: 20px; font-family: Arial, Helvetica, sans-serif;\" style=\"margin: 0px;padding: 20px 0px 0px;line-height: 20px;font-family: Arial, Helvetica, sans-serif\"><img decoding=\"async\" role=\"img\" class=\"emoji\" alt=\"\u2728\" src=\"https:\/\/s.w.org\/images\/core\/emoji\/14.0.0\/svg\/2728.svg\" data-mce-src=\"https:\/\/s.w.org\/images\/core\/emoji\/14.0.0\/svg\/2728.svg\" data-mce-style=\"height: auto;\" style=\"height: auto;border-width: medium !important;border-style: none !important\"> \u2728Takk for bes\u00f8ket \u2728<\/p>\n","protected":false},"featured_media":21970,"comment_status":"open","ping_status":"closed","template":"","meta":{"_acf_changed":false},"product_brand":[],"product_cat":[82,86],"product_tag":[],"class_list":{"0":"post-21972","1":"product","2":"type-product","3":"status-publish","4":"has-post-thumbnail","6":"product_cat-handverk","7":"product_cat-tekstilprodukter","9":"first","10":"instock","11":"taxable","12":"shipping-taxable","13":"product-type-simple"},"acf":[],"yoast_head":"<!-- This site is optimized with the Yoast SEO plugin v27.1.1 - https:\/\/yoast.com\/product\/yoast-seo-wordpress\/ -->\n<title>Vognlenke med ullkuler &#8226; Norwegian Made<\/title>\n<meta name=\"robots\" content=\"index, follow, max-snippet:-1, max-image-preview:large, max-video-preview:-1\" \/>\n<link rel=\"canonical\" href=\"https:\/\/norwegianmade.no\/produkt\/vognlenke-med-ullkuler\/\" \/>\n<meta property=\"og:locale\" content=\"en_US\" \/>\n<meta property=\"og:type\" content=\"article\" \/>\n<meta property=\"og:title\" content=\"Vognlenke med ullkuler &#8226; Norwegian Made\" \/>\n<meta property=\"og:description\" content=\"S\u00f8t vognlenke med petrolfargede skyer, og matchende ullkuler. Skyene er laget i ull, og fylt med allergivennlig fyllvatt.\u00a0Skyene og ullkulene er festet i sterk hamptr\u00e5d.\u00a0Solide klips fra Tinkafu til \u00e5 feste lenken til vognen f\u00f8lger med.\u00a0Ta gjerne kontakt om du \u00f8nsker \u00e5 f\u00e5 designet en vognlenke i dine favorittfarger.\u00a0I 2019 ble jeg som designer godkjent medlem av Norwegian Made; kvalitetsprodukter laget i Norge. \u00a0Ta gjerne en titt p\u00e5 Instagram @aasearild for flere bilder av vognlenkene. \u2728Takk for bes\u00f8ket \u2728\" \/>\n<meta property=\"og:url\" content=\"https:\/\/norwegianmade.no\/produkt\/vognlenke-med-ullkuler\/\" \/>\n<meta property=\"og:site_name\" content=\"Norwegian Made\" \/>\n<meta property=\"article:modified_time\" content=\"2024-07-27T12:04:53+00:00\" \/>\n<meta property=\"og:image\" content=\"https:\/\/norwegianmade.no\/wp-content\/uploads\/2024\/07\/IMG_1277.jpeg\" \/>\n\t<meta property=\"og:image:width\" content=\"616\" \/>\n\t<meta property=\"og:image:height\" content=\"640\" \/>\n\t<meta property=\"og:image:type\" content=\"image\/jpeg\" \/>\n<meta name=\"twitter:card\" content=\"summary_large_image\" \/>\n<script type=\"application\/ld+json\" class=\"yoast-schema-graph\">{\"@context\":\"https:\/\/schema.org\",\"@graph\":[{\"@type\":\"WebPage\",\"@id\":\"https:\/\/norwegianmade.no\/produkt\/vognlenke-med-ullkuler\/\",\"url\":\"https:\/\/norwegianmade.no\/produkt\/vognlenke-med-ullkuler\/\",\"name\":\"Vognlenke med ullkuler &#8226; Norwegian Made\",\"isPartOf\":{\"@id\":\"https:\/\/norwegianmade.no\/#website\"},\"primaryImageOfPage\":{\"@id\":\"https:\/\/norwegianmade.no\/produkt\/vognlenke-med-ullkuler\/#primaryimage\"},\"image\":{\"@id\":\"https:\/\/norwegianmade.no\/produkt\/vognlenke-med-ullkuler\/#primaryimage\"},\"thumbnailUrl\":\"https:\/\/norwegianmade.no\/wp-content\/uploads\/2024\/07\/IMG_1277.jpeg\",\"datePublished\":\"2024-07-27T12:04:43+00:00\",\"dateModified\":\"2024-07-27T12:04:53+00:00\",\"breadcrumb\":{\"@id\":\"https:\/\/norwegianmade.no\/produkt\/vognlenke-med-ullkuler\/#breadcrumb\"},\"inLanguage\":\"en-US\",\"potentialAction\":[{\"@type\":\"ReadAction\",\"target\":[\"https:\/\/norwegianmade.no\/produkt\/vognlenke-med-ullkuler\/\"]}]},{\"@type\":\"ImageObject\",\"inLanguage\":\"en-US\",\"@id\":\"https:\/\/norwegianmade.no\/produkt\/vognlenke-med-ullkuler\/#primaryimage\",\"url\":\"https:\/\/norwegianmade.no\/wp-content\/uploads\/2024\/07\/IMG_1277.jpeg\",\"contentUrl\":\"https:\/\/norwegianmade.no\/wp-content\/uploads\/2024\/07\/IMG_1277.jpeg\",\"width\":616,\"height\":640},{\"@type\":\"BreadcrumbList\",\"@id\":\"https:\/\/norwegianmade.no\/produkt\/vognlenke-med-ullkuler\/#breadcrumb\",\"itemListElement\":[{\"@type\":\"ListItem\",\"position\":1,\"name\":\"Hjem\",\"item\":\"https:\/\/norwegianmade.no\/en\/\"},{\"@type\":\"ListItem\",\"position\":2,\"name\":\"Shop\",\"item\":\"https:\/\/norwegianmade.no\/en\/shop\/\"},{\"@type\":\"ListItem\",\"position\":3,\"name\":\"Vognlenke med ullkuler\"}]},{\"@type\":\"WebSite\",\"@id\":\"https:\/\/norwegianmade.no\/#website\",\"url\":\"https:\/\/norwegianmade.no\/\",\"name\":\"Norwegian Made\",\"description\":\"Norges st\u00f8rste markedsplass for norske produsenter\",\"publisher\":{\"@id\":\"https:\/\/norwegianmade.no\/#organization\"},\"potentialAction\":[{\"@type\":\"SearchAction\",\"target\":{\"@type\":\"EntryPoint\",\"urlTemplate\":\"https:\/\/norwegianmade.no\/?s={search_term_string}\"},\"query-input\":{\"@type\":\"PropertyValueSpecification\",\"valueRequired\":true,\"valueName\":\"search_term_string\"}}],\"inLanguage\":\"en-US\"},{\"@type\":\"Organization\",\"@id\":\"https:\/\/norwegianmade.no\/#organization\",\"name\":\"Norwegian Made\",\"url\":\"https:\/\/norwegianmade.no\/\",\"logo\":{\"@type\":\"ImageObject\",\"inLanguage\":\"en-US\",\"@id\":\"https:\/\/norwegianmade.no\/#\/schema\/logo\/image\/\",\"url\":\"https:\/\/norwegianmade.no\/wp-content\/uploads\/2020\/11\/logo-liggende-norwegian-made-web.png\",\"contentUrl\":\"https:\/\/norwegianmade.no\/wp-content\/uploads\/2020\/11\/logo-liggende-norwegian-made-web.png\",\"width\":200,\"height\":58,\"caption\":\"Norwegian Made\"},\"image\":{\"@id\":\"https:\/\/norwegianmade.no\/#\/schema\/logo\/image\/\"}}]}<\/script>\n<!-- \/ Yoast SEO plugin. -->","yoast_head_json":{"title":"Vognlenke med ullkuler &#8226; Norwegian Made","robots":{"index":"index","follow":"follow","max-snippet":"max-snippet:-1","max-image-preview":"max-image-preview:large","max-video-preview":"max-video-preview:-1"},"canonical":"https:\/\/norwegianmade.no\/produkt\/vognlenke-med-ullkuler\/","og_locale":"en_US","og_type":"article","og_title":"Vognlenke med ullkuler &#8226; Norwegian Made","og_description":"S\u00f8t vognlenke med petrolfargede skyer, og matchende ullkuler. Skyene er laget i ull, og fylt med allergivennlig fyllvatt.\u00a0Skyene og ullkulene er festet i sterk hamptr\u00e5d.\u00a0Solide klips fra Tinkafu til \u00e5 feste lenken til vognen f\u00f8lger med.\u00a0Ta gjerne kontakt om du \u00f8nsker \u00e5 f\u00e5 designet en vognlenke i dine favorittfarger.\u00a0I 2019 ble jeg som designer godkjent medlem av Norwegian Made; kvalitetsprodukter laget i Norge. \u00a0Ta gjerne en titt p\u00e5 Instagram @aasearild for flere bilder av vognlenkene. \u2728Takk for bes\u00f8ket \u2728","og_url":"https:\/\/norwegianmade.no\/produkt\/vognlenke-med-ullkuler\/","og_site_name":"Norwegian Made","article_modified_time":"2024-07-27T12:04:53+00:00","og_image":[{"width":616,"height":640,"url":"https:\/\/norwegianmade.no\/wp-content\/uploads\/2024\/07\/IMG_1277.jpeg","type":"image\/jpeg"}],"twitter_card":"summary_large_image","schema":{"@context":"https:\/\/schema.org","@graph":[{"@type":"WebPage","@id":"https:\/\/norwegianmade.no\/produkt\/vognlenke-med-ullkuler\/","url":"https:\/\/norwegianmade.no\/produkt\/vognlenke-med-ullkuler\/","name":"Vognlenke med ullkuler &#8226; Norwegian Made","isPartOf":{"@id":"https:\/\/norwegianmade.no\/#website"},"primaryImageOfPage":{"@id":"https:\/\/norwegianmade.no\/produkt\/vognlenke-med-ullkuler\/#primaryimage"},"image":{"@id":"https:\/\/norwegianmade.no\/produkt\/vognlenke-med-ullkuler\/#primaryimage"},"thumbnailUrl":"https:\/\/norwegianmade.no\/wp-content\/uploads\/2024\/07\/IMG_1277.jpeg","datePublished":"2024-07-27T12:04:43+00:00","dateModified":"2024-07-27T12:04:53+00:00","breadcrumb":{"@id":"https:\/\/norwegianmade.no\/produkt\/vognlenke-med-ullkuler\/#breadcrumb"},"inLanguage":"en-US","potentialAction":[{"@type":"ReadAction","target":["https:\/\/norwegianmade.no\/produkt\/vognlenke-med-ullkuler\/"]}]},{"@type":"ImageObject","inLanguage":"en-US","@id":"https:\/\/norwegianmade.no\/produkt\/vognlenke-med-ullkuler\/#primaryimage","url":"https:\/\/norwegianmade.no\/wp-content\/uploads\/2024\/07\/IMG_1277.jpeg","contentUrl":"https:\/\/norwegianmade.no\/wp-content\/uploads\/2024\/07\/IMG_1277.jpeg","width":616,"height":640},{"@type":"BreadcrumbList","@id":"https:\/\/norwegianmade.no\/produkt\/vognlenke-med-ullkuler\/#breadcrumb","itemListElement":[{"@type":"ListItem","position":1,"name":"Hjem","item":"https:\/\/norwegianmade.no\/en\/"},{"@type":"ListItem","position":2,"name":"Shop","item":"https:\/\/norwegianmade.no\/en\/shop\/"},{"@type":"ListItem","position":3,"name":"Vognlenke med ullkuler"}]},{"@type":"WebSite","@id":"https:\/\/norwegianmade.no\/#website","url":"https:\/\/norwegianmade.no\/","name":"Norwegian Made","description":"Norges st\u00f8rste markedsplass for norske produsenter","publisher":{"@id":"https:\/\/norwegianmade.no\/#organization"},"potentialAction":[{"@type":"SearchAction","target":{"@type":"EntryPoint","urlTemplate":"https:\/\/norwegianmade.no\/?s={search_term_string}"},"query-input":{"@type":"PropertyValueSpecification","valueRequired":true,"valueName":"search_term_string"}}],"inLanguage":"en-US"},{"@type":"Organization","@id":"https:\/\/norwegianmade.no\/#organization","name":"Norwegian Made","url":"https:\/\/norwegianmade.no\/","logo":{"@type":"ImageObject","inLanguage":"en-US","@id":"https:\/\/norwegianmade.no\/#\/schema\/logo\/image\/","url":"https:\/\/norwegianmade.no\/wp-content\/uploads\/2020\/11\/logo-liggende-norwegian-made-web.png","contentUrl":"https:\/\/norwegianmade.no\/wp-content\/uploads\/2020\/11\/logo-liggende-norwegian-made-web.png","width":200,"height":58,"caption":"Norwegian Made"},"image":{"@id":"https:\/\/norwegianmade.no\/#\/schema\/logo\/image\/"}}]}},"_links":{"self":[{"href":"https:\/\/norwegianmade.no\/en\/wp-json\/wp\/v2\/product\/21972","targetHints":{"allow":["GET"]}}],"collection":[{"href":"https:\/\/norwegianmade.no\/en\/wp-json\/wp\/v2\/product"}],"about":[{"href":"https:\/\/norwegianmade.no\/en\/wp-json\/wp\/v2\/types\/product"}],"replies":[{"embeddable":true,"href":"https:\/\/norwegianmade.no\/en\/wp-json\/wp\/v2\/comments?post=21972"}],"wp:featuredmedia":[{"embeddable":true,"href":"https:\/\/norwegianmade.no\/en\/wp-json\/wp\/v2\/media\/21970"}],"wp:attachment":[{"href":"https:\/\/norwegianmade.no\/en\/wp-json\/wp\/v2\/media?parent=21972"}],"wp:term":[{"taxonomy":"product_brand","embeddable":true,"href":"https:\/\/norwegianmade.no\/en\/wp-json\/wp\/v2\/product_brand?post=21972"},{"taxonomy":"product_cat","embeddable":true,"href":"https:\/\/norwegianmade.no\/en\/wp-json\/wp\/v2\/product_cat?post=21972"},{"taxonomy":"product_tag","embeddable":true,"href":"https:\/\/norwegianmade.no\/en\/wp-json\/wp\/v2\/product_tag?post=21972"}],"curies":[{"name":"wp","href":"https:\/\/api.w.org\/{rel}","templated":true}]}}