{"id":22003,"date":"2024-08-12T18:36:01","date_gmt":"2024-08-12T16:36:01","guid":{"rendered":"https:\/\/norwegianmade.no\/produkt\/tannborsteholder\/"},"modified":"2025-01-08T14:03:42","modified_gmt":"2025-01-08T13:03:42","slug":"tannborsteholder","status":"archived","type":"product","link":"https:\/\/norwegianmade.no\/en\/produkt\/tannborsteholder\/","title":{"rendered":"Tannb\u00f8rsteholder"},"content":{"rendered":"<p><\/p>\n","protected":false},"excerpt":{"rendered":"<p>Tannb\u00f8rsteholder til seks tannb\u00f8rster\/ tanntr\u00e5dholdere. Blir levert med dobbeltsidig tape for festing F.eks p\u00e5 innsiden av skap. Bredde 156mm, h\u00f8yde 30mm, dybde 19mm<\/p>\n","protected":false},"featured_media":22004,"comment_status":"open","ping_status":"closed","template":"","meta":{"_acf_changed":false},"product_brand":[],"product_cat":[64,124,59,66,85],"product_tag":[],"class_list":{"0":"post-22003","1":"product","2":"type-product","3":"status-archived","4":"has-post-thumbnail","6":"product_cat-accessories","7":"product_cat-annet","8":"product_cat-interior-kunst","9":"product_cat-mobler-og-trevarer","10":"product_cat-treprodukter","11":"product_shipping_class-norgespakke-liten","13":"first","14":"instock","15":"taxable","16":"shipping-taxable","17":"product-type-variable"},"acf":[],"yoast_head":"<!-- This site is optimized with the Yoast SEO plugin v27.1.1 - https:\/\/yoast.com\/product\/yoast-seo-wordpress\/ -->\n<title>Tannb\u00f8rsteholder &#8226; Norwegian Made<\/title>\n<meta name=\"robots\" content=\"index, follow, max-snippet:-1, max-image-preview:large, max-video-preview:-1\" \/>\n<link rel=\"canonical\" href=\"https:\/\/norwegianmade.no\/produkt\/tannborsteholder\/\" \/>\n<meta property=\"og:locale\" content=\"en_US\" \/>\n<meta property=\"og:type\" content=\"article\" \/>\n<meta property=\"og:title\" content=\"Tannb\u00f8rsteholder &#8226; Norwegian Made\" \/>\n<meta property=\"og:description\" content=\"Tannb\u00f8rsteholder til seks tannb\u00f8rster\/ tanntr\u00e5dholdere. Blir levert med dobbeltsidig tape for festing F.eks p\u00e5 innsiden av skap. Bredde 156mm, h\u00f8yde 30mm, dybde 19mm\" \/>\n<meta property=\"og:url\" content=\"https:\/\/norwegianmade.no\/produkt\/tannborsteholder\/\" \/>\n<meta property=\"og:site_name\" content=\"Norwegian Made\" \/>\n<meta property=\"article:modified_time\" content=\"2025-01-08T13:03:42+00:00\" \/>\n<meta property=\"og:image\" content=\"https:\/\/norwegianmade.no\/wp-content\/uploads\/2024\/08\/IMG_3988.jpeg\" \/>\n\t<meta property=\"og:image:width\" content=\"1179\" \/>\n\t<meta property=\"og:image:height\" content=\"1569\" \/>\n\t<meta property=\"og:image:type\" content=\"image\/jpeg\" \/>\n<meta name=\"twitter:card\" content=\"summary_large_image\" \/>\n<script type=\"application\/ld+json\" class=\"yoast-schema-graph\">{\"@context\":\"https:\/\/schema.org\",\"@graph\":[{\"@type\":\"WebPage\",\"@id\":\"https:\/\/norwegianmade.no\/produkt\/tannborsteholder\/\",\"url\":\"https:\/\/norwegianmade.no\/produkt\/tannborsteholder\/\",\"name\":\"Tannb\u00f8rsteholder &#8226; Norwegian Made\",\"isPartOf\":{\"@id\":\"https:\/\/norwegianmade.no\/#website\"},\"primaryImageOfPage\":{\"@id\":\"https:\/\/norwegianmade.no\/produkt\/tannborsteholder\/#primaryimage\"},\"image\":{\"@id\":\"https:\/\/norwegianmade.no\/produkt\/tannborsteholder\/#primaryimage\"},\"thumbnailUrl\":\"https:\/\/norwegianmade.no\/wp-content\/uploads\/2024\/08\/IMG_3988.jpeg\",\"datePublished\":\"2024-08-12T16:36:01+00:00\",\"dateModified\":\"2025-01-08T13:03:42+00:00\",\"breadcrumb\":{\"@id\":\"https:\/\/norwegianmade.no\/produkt\/tannborsteholder\/#breadcrumb\"},\"inLanguage\":\"en-US\",\"potentialAction\":[{\"@type\":\"ReadAction\",\"target\":[\"https:\/\/norwegianmade.no\/produkt\/tannborsteholder\/\"]}]},{\"@type\":\"ImageObject\",\"inLanguage\":\"en-US\",\"@id\":\"https:\/\/norwegianmade.no\/produkt\/tannborsteholder\/#primaryimage\",\"url\":\"https:\/\/norwegianmade.no\/wp-content\/uploads\/2024\/08\/IMG_3988.jpeg\",\"contentUrl\":\"https:\/\/norwegianmade.no\/wp-content\/uploads\/2024\/08\/IMG_3988.jpeg\",\"width\":1179,\"height\":1569,\"caption\":\"Screenshot\"},{\"@type\":\"BreadcrumbList\",\"@id\":\"https:\/\/norwegianmade.no\/produkt\/tannborsteholder\/#breadcrumb\",\"itemListElement\":[{\"@type\":\"ListItem\",\"position\":1,\"name\":\"Hjem\",\"item\":\"https:\/\/norwegianmade.no\/en\/\"},{\"@type\":\"ListItem\",\"position\":2,\"name\":\"Shop\",\"item\":\"https:\/\/norwegianmade.no\/en\/shop\/\"},{\"@type\":\"ListItem\",\"position\":3,\"name\":\"Tannb\u00f8rsteholder\"}]},{\"@type\":\"WebSite\",\"@id\":\"https:\/\/norwegianmade.no\/#website\",\"url\":\"https:\/\/norwegianmade.no\/\",\"name\":\"Norwegian Made\",\"description\":\"Norges st\u00f8rste markedsplass for norske produsenter\",\"publisher\":{\"@id\":\"https:\/\/norwegianmade.no\/#organization\"},\"potentialAction\":[{\"@type\":\"SearchAction\",\"target\":{\"@type\":\"EntryPoint\",\"urlTemplate\":\"https:\/\/norwegianmade.no\/?s={search_term_string}\"},\"query-input\":{\"@type\":\"PropertyValueSpecification\",\"valueRequired\":true,\"valueName\":\"search_term_string\"}}],\"inLanguage\":\"en-US\"},{\"@type\":\"Organization\",\"@id\":\"https:\/\/norwegianmade.no\/#organization\",\"name\":\"Norwegian Made\",\"url\":\"https:\/\/norwegianmade.no\/\",\"logo\":{\"@type\":\"ImageObject\",\"inLanguage\":\"en-US\",\"@id\":\"https:\/\/norwegianmade.no\/#\/schema\/logo\/image\/\",\"url\":\"https:\/\/norwegianmade.no\/wp-content\/uploads\/2020\/11\/logo-liggende-norwegian-made-web.png\",\"contentUrl\":\"https:\/\/norwegianmade.no\/wp-content\/uploads\/2020\/11\/logo-liggende-norwegian-made-web.png\",\"width\":200,\"height\":58,\"caption\":\"Norwegian Made\"},\"image\":{\"@id\":\"https:\/\/norwegianmade.no\/#\/schema\/logo\/image\/\"}}]}<\/script>\n<!-- \/ Yoast SEO plugin. -->","yoast_head_json":{"title":"Tannb\u00f8rsteholder &#8226; Norwegian Made","robots":{"index":"index","follow":"follow","max-snippet":"max-snippet:-1","max-image-preview":"max-image-preview:large","max-video-preview":"max-video-preview:-1"},"canonical":"https:\/\/norwegianmade.no\/produkt\/tannborsteholder\/","og_locale":"en_US","og_type":"article","og_title":"Tannb\u00f8rsteholder &#8226; Norwegian Made","og_description":"Tannb\u00f8rsteholder til seks tannb\u00f8rster\/ tanntr\u00e5dholdere. Blir levert med dobbeltsidig tape for festing F.eks p\u00e5 innsiden av skap. Bredde 156mm, h\u00f8yde 30mm, dybde 19mm","og_url":"https:\/\/norwegianmade.no\/produkt\/tannborsteholder\/","og_site_name":"Norwegian Made","article_modified_time":"2025-01-08T13:03:42+00:00","og_image":[{"width":1179,"height":1569,"url":"https:\/\/norwegianmade.no\/wp-content\/uploads\/2024\/08\/IMG_3988.jpeg","type":"image\/jpeg"}],"twitter_card":"summary_large_image","schema":{"@context":"https:\/\/schema.org","@graph":[{"@type":"WebPage","@id":"https:\/\/norwegianmade.no\/produkt\/tannborsteholder\/","url":"https:\/\/norwegianmade.no\/produkt\/tannborsteholder\/","name":"Tannb\u00f8rsteholder &#8226; Norwegian Made","isPartOf":{"@id":"https:\/\/norwegianmade.no\/#website"},"primaryImageOfPage":{"@id":"https:\/\/norwegianmade.no\/produkt\/tannborsteholder\/#primaryimage"},"image":{"@id":"https:\/\/norwegianmade.no\/produkt\/tannborsteholder\/#primaryimage"},"thumbnailUrl":"https:\/\/norwegianmade.no\/wp-content\/uploads\/2024\/08\/IMG_3988.jpeg","datePublished":"2024-08-12T16:36:01+00:00","dateModified":"2025-01-08T13:03:42+00:00","breadcrumb":{"@id":"https:\/\/norwegianmade.no\/produkt\/tannborsteholder\/#breadcrumb"},"inLanguage":"en-US","potentialAction":[{"@type":"ReadAction","target":["https:\/\/norwegianmade.no\/produkt\/tannborsteholder\/"]}]},{"@type":"ImageObject","inLanguage":"en-US","@id":"https:\/\/norwegianmade.no\/produkt\/tannborsteholder\/#primaryimage","url":"https:\/\/norwegianmade.no\/wp-content\/uploads\/2024\/08\/IMG_3988.jpeg","contentUrl":"https:\/\/norwegianmade.no\/wp-content\/uploads\/2024\/08\/IMG_3988.jpeg","width":1179,"height":1569,"caption":"Screenshot"},{"@type":"BreadcrumbList","@id":"https:\/\/norwegianmade.no\/produkt\/tannborsteholder\/#breadcrumb","itemListElement":[{"@type":"ListItem","position":1,"name":"Hjem","item":"https:\/\/norwegianmade.no\/en\/"},{"@type":"ListItem","position":2,"name":"Shop","item":"https:\/\/norwegianmade.no\/en\/shop\/"},{"@type":"ListItem","position":3,"name":"Tannb\u00f8rsteholder"}]},{"@type":"WebSite","@id":"https:\/\/norwegianmade.no\/#website","url":"https:\/\/norwegianmade.no\/","name":"Norwegian Made","description":"Norges st\u00f8rste markedsplass for norske produsenter","publisher":{"@id":"https:\/\/norwegianmade.no\/#organization"},"potentialAction":[{"@type":"SearchAction","target":{"@type":"EntryPoint","urlTemplate":"https:\/\/norwegianmade.no\/?s={search_term_string}"},"query-input":{"@type":"PropertyValueSpecification","valueRequired":true,"valueName":"search_term_string"}}],"inLanguage":"en-US"},{"@type":"Organization","@id":"https:\/\/norwegianmade.no\/#organization","name":"Norwegian Made","url":"https:\/\/norwegianmade.no\/","logo":{"@type":"ImageObject","inLanguage":"en-US","@id":"https:\/\/norwegianmade.no\/#\/schema\/logo\/image\/","url":"https:\/\/norwegianmade.no\/wp-content\/uploads\/2020\/11\/logo-liggende-norwegian-made-web.png","contentUrl":"https:\/\/norwegianmade.no\/wp-content\/uploads\/2020\/11\/logo-liggende-norwegian-made-web.png","width":200,"height":58,"caption":"Norwegian Made"},"image":{"@id":"https:\/\/norwegianmade.no\/#\/schema\/logo\/image\/"}}]}},"_links":{"self":[{"href":"https:\/\/norwegianmade.no\/en\/wp-json\/wp\/v2\/product\/22003","targetHints":{"allow":["GET"]}}],"collection":[{"href":"https:\/\/norwegianmade.no\/en\/wp-json\/wp\/v2\/product"}],"about":[{"href":"https:\/\/norwegianmade.no\/en\/wp-json\/wp\/v2\/types\/product"}],"replies":[{"embeddable":true,"href":"https:\/\/norwegianmade.no\/en\/wp-json\/wp\/v2\/comments?post=22003"}],"wp:featuredmedia":[{"embeddable":true,"href":"https:\/\/norwegianmade.no\/en\/wp-json\/wp\/v2\/media\/22004"}],"wp:attachment":[{"href":"https:\/\/norwegianmade.no\/en\/wp-json\/wp\/v2\/media?parent=22003"}],"wp:term":[{"taxonomy":"product_brand","embeddable":true,"href":"https:\/\/norwegianmade.no\/en\/wp-json\/wp\/v2\/product_brand?post=22003"},{"taxonomy":"product_cat","embeddable":true,"href":"https:\/\/norwegianmade.no\/en\/wp-json\/wp\/v2\/product_cat?post=22003"},{"taxonomy":"product_tag","embeddable":true,"href":"https:\/\/norwegianmade.no\/en\/wp-json\/wp\/v2\/product_tag?post=22003"}],"curies":[{"name":"wp","href":"https:\/\/api.w.org\/{rel}","templated":true}]}}