{"id":22044,"date":"2024-09-03T19:11:12","date_gmt":"2024-09-03T17:11:12","guid":{"rendered":"https:\/\/norwegianmade.no\/produkt\/skjell-smykke-hvitt-anheng\/"},"modified":"2025-11-30T11:32:36","modified_gmt":"2025-11-30T10:32:36","slug":"skjell-smykke-hvitt-anheng","status":"publish","type":"product","link":"https:\/\/norwegianmade.no\/en\/produkt\/skjell-smykke-hvitt-anheng\/","title":{"rendered":"Skjell-smykke, hvitt anheng"},"content":{"rendered":"<p data-mce-style=\"box-sizing: border-box; margin: 0px 0px 1.25rem; padding: 0px; font-family: 'Helvetica Neue', Helvetica, Arial, sans-serif; font-size: 14px; line-height: 1.5; text-rendering: optimizelegibility; -webkit-text-size-adjust: 100%; text-align: center;\"><strong style=\"line-height: inherit\">Et nydelig, &#8220;one-of-a-kind&#8221; smykke!<\/strong><\/p>\n<p>Dette unike smykket er h\u00e5ndlaget, og er perfekt for deg som elsker naturens skj\u00f8nnhet. Anhenget er laget av leire, med en tekstur som minner om myk sand, og er vakkert dekorert med et ekte, lokalt plukket skjell, og lakkert for \u00e5 beskytte anhenget. Smykkesnoren er i beige farge, og er laget av vokset bomull, som ikke kun er slitesterkt, men ogs\u00e5 gir et elegant og tidl\u00f8st uttrykk. Dette smykket er ideelt for b\u00e5de hverdagsbruk og spesielle anledninger.<\/p>\n<p>Materiale anheng: polymer leire, skjell, beskyttende lakk<\/p>\n<p>Smykkesnor: Vokset bomull, beige<\/p>\n<p>Smykker laget av polymer leire er vakre og unike, men krever litt omsorg for \u00e5 holde seg i topp stand. Her er noen enkle tips for \u00e5 ta best mulig vare p\u00e5 dine h\u00e5ndlagde smykker:<\/p>\n<p>\u00a0<strong style=\"line-height: inherit\">Rengj\u00f8ring<\/strong><\/p>\n<ul>\n<li style=\"margin: 0px;padding: 0px\"><strong style=\"line-height: inherit\">Bruk en myk klut:\u00a0<\/strong>T\u00f8rk smykkene forsiktig med en myk, t\u00f8rr klut for \u00e5 fjerne st\u00f8v og smuss.\u00a0Bruk eventuelt litt vann p\u00e5 kluten, for vanskelige flekker.<\/li>\n<li style=\"margin: 0px;padding: 0px\"><strong style=\"line-height: inherit\">Unng\u00e5 kjemikalier:\u00a0<\/strong>Ikke bruk rengj\u00f8ringsmidler, alkohol eller andre kjemikalier, da disse kan skade overflaten p\u00e5 leiren.<\/li>\n<\/ul>\n<p><strong style=\"line-height: inherit\">Oppbevaring<\/strong><\/p>\n<ul>\n<li style=\"margin: 0px;padding: 0px\"><strong style=\"line-height: inherit\">Oppbevar separat:\u00a0<\/strong>For \u00e5 unng\u00e5 riper og skader, oppbevar smykkene dine i individuelle poser, eller i separate rom i smykkeskrinet.<\/li>\n<li style=\"margin: 0px;padding: 0px\"><strong style=\"line-height: inherit\">Beskytt mot sollys:\u00a0<\/strong>Du kan selvsagt ha smykkene p\u00e5 deg ute i naturlig sollys, men langvarig eksponering for direkte sollys kan f\u00f8re til at fargene p\u00e5 smykkene falmer. Oppbevar derfor p\u00e5 et m\u00f8rkt, kj\u00f8lig sted.<\/li>\n<\/ul>\n<p><strong style=\"line-height: inherit\">Bruk<\/strong><\/p>\n<ul>\n<li style=\"margin: 0px;padding: 0px\"><strong style=\"line-height: inherit\">Unng\u00e5 vann:\u00a0<\/strong>Smykker av polymer leire b\u00f8r ikke b\u00e6res n\u00e5r du sv\u00f8mmer, bader eller vasker opp, da vann kan svekke materialet over tid.<\/li>\n<li style=\"margin: 0px;padding: 0px\"><strong style=\"line-height: inherit\">Ta av ved fysisk aktivitet:\u00a0<\/strong>Fjern smykkene f\u00f8r trening, husarbeid eller andre aktiviteter som kan utsette dem for slag eller press.<\/li>\n<\/ul>\n<p><strong style=\"line-height: inherit\">Generelle tips<\/strong><\/p>\n<ul>\n<li style=\"margin: 0px;padding: 0px\"><strong style=\"line-height: inherit\">V\u00e6r forsiktig med parfyme og sminke:\u00a0<\/strong>Ta p\u00e5 deg smykkene etter at du har p\u00e5f\u00f8rt parfyme, h\u00e5rspray eller sminke for \u00e5 unng\u00e5 kjemisk p\u00e5virkning.<\/li>\n<li style=\"margin: 0px;padding: 0px\"><strong style=\"line-height: inherit\">Unng\u00e5 tunge belastninger:\u00a0<\/strong>Unng\u00e5 \u00e5 utsette smykkene for tunge belastninger eller b\u00f8ying, da dette kan f\u00f8re til at de brekker.<\/li>\n<li style=\"margin: 0px;padding: 0px\"><strong style=\"line-height: inherit\">Unng\u00e5 h\u00f8ye temperaturer:\u00a0<\/strong>Hold smykkene unna h\u00f8ye temperaturer, som varmeovner eller ved bruk av h\u00e5rf\u00f8ner, da polymer leire kan bli mykere og miste formen ved h\u00f8y varme. Ved \u00e5 f\u00f8lge disse enkle r\u00e5dene, kan du ha glede av polymerleiresmykkene dine i mange, mange \u00e5r fremover. Husk, hvert smykke er et h\u00e5ndlaget kunstverk, som fortjener den beste omsorgen!<\/li>\n<\/ul>\n","protected":false},"excerpt":{"rendered":"<p><span>Halssmykke med skjell, og hvit teksturert leire\u00a0<\/span><\/p><\/p>\n","protected":false},"featured_media":22042,"comment_status":"open","ping_status":"closed","template":"","meta":{"_acf_changed":false},"product_brand":[],"product_cat":[62],"product_tag":[],"class_list":{"0":"post-22044","1":"product","2":"type-product","3":"status-publish","4":"has-post-thumbnail","6":"product_cat-smykker","8":"first","9":"instock","10":"shipping-taxable","11":"product-type-simple"},"acf":[],"yoast_head":"<!-- This site is optimized with the Yoast SEO plugin v27.1.1 - https:\/\/yoast.com\/product\/yoast-seo-wordpress\/ -->\n<title>Skjell-smykke, hvitt anheng &#8226; Norwegian Made<\/title>\n<meta name=\"robots\" content=\"index, follow, max-snippet:-1, max-image-preview:large, max-video-preview:-1\" \/>\n<link rel=\"canonical\" href=\"https:\/\/norwegianmade.no\/produkt\/skjell-smykke-hvitt-anheng\/\" \/>\n<meta property=\"og:locale\" content=\"en_US\" \/>\n<meta property=\"og:type\" content=\"article\" \/>\n<meta property=\"og:title\" content=\"Skjell-smykke, hvitt anheng &#8226; Norwegian Made\" \/>\n<meta property=\"og:description\" content=\"Halssmykke med skjell, og hvit teksturert leire\u00a0\" \/>\n<meta property=\"og:url\" content=\"https:\/\/norwegianmade.no\/produkt\/skjell-smykke-hvitt-anheng\/\" \/>\n<meta property=\"og:site_name\" content=\"Norwegian Made\" \/>\n<meta property=\"article:modified_time\" content=\"2025-11-30T10:32:36+00:00\" \/>\n<meta property=\"og:image\" content=\"https:\/\/norwegianmade.no\/wp-content\/uploads\/2024\/09\/D56BABAC-3FAC-445E-8686-1D364B73629B.jpeg\" \/>\n\t<meta property=\"og:image:width\" content=\"512\" \/>\n\t<meta property=\"og:image:height\" content=\"640\" \/>\n\t<meta property=\"og:image:type\" content=\"image\/jpeg\" \/>\n<meta name=\"twitter:card\" content=\"summary_large_image\" \/>\n<meta name=\"twitter:label1\" content=\"Est. reading time\" \/>\n\t<meta name=\"twitter:data1\" content=\"2 minutes\" \/>\n<script type=\"application\/ld+json\" class=\"yoast-schema-graph\">{\"@context\":\"https:\/\/schema.org\",\"@graph\":[{\"@type\":\"WebPage\",\"@id\":\"https:\/\/norwegianmade.no\/produkt\/skjell-smykke-hvitt-anheng\/\",\"url\":\"https:\/\/norwegianmade.no\/produkt\/skjell-smykke-hvitt-anheng\/\",\"name\":\"Skjell-smykke, hvitt anheng &#8226; Norwegian Made\",\"isPartOf\":{\"@id\":\"https:\/\/norwegianmade.no\/#website\"},\"primaryImageOfPage\":{\"@id\":\"https:\/\/norwegianmade.no\/produkt\/skjell-smykke-hvitt-anheng\/#primaryimage\"},\"image\":{\"@id\":\"https:\/\/norwegianmade.no\/produkt\/skjell-smykke-hvitt-anheng\/#primaryimage\"},\"thumbnailUrl\":\"https:\/\/norwegianmade.no\/wp-content\/uploads\/2024\/09\/D56BABAC-3FAC-445E-8686-1D364B73629B.jpeg\",\"datePublished\":\"2024-09-03T17:11:12+00:00\",\"dateModified\":\"2025-11-30T10:32:36+00:00\",\"breadcrumb\":{\"@id\":\"https:\/\/norwegianmade.no\/produkt\/skjell-smykke-hvitt-anheng\/#breadcrumb\"},\"inLanguage\":\"en-US\",\"potentialAction\":[{\"@type\":\"ReadAction\",\"target\":[\"https:\/\/norwegianmade.no\/produkt\/skjell-smykke-hvitt-anheng\/\"]}]},{\"@type\":\"ImageObject\",\"inLanguage\":\"en-US\",\"@id\":\"https:\/\/norwegianmade.no\/produkt\/skjell-smykke-hvitt-anheng\/#primaryimage\",\"url\":\"https:\/\/norwegianmade.no\/wp-content\/uploads\/2024\/09\/D56BABAC-3FAC-445E-8686-1D364B73629B.jpeg\",\"contentUrl\":\"https:\/\/norwegianmade.no\/wp-content\/uploads\/2024\/09\/D56BABAC-3FAC-445E-8686-1D364B73629B.jpeg\",\"width\":512,\"height\":640},{\"@type\":\"BreadcrumbList\",\"@id\":\"https:\/\/norwegianmade.no\/produkt\/skjell-smykke-hvitt-anheng\/#breadcrumb\",\"itemListElement\":[{\"@type\":\"ListItem\",\"position\":1,\"name\":\"Hjem\",\"item\":\"https:\/\/norwegianmade.no\/en\/\"},{\"@type\":\"ListItem\",\"position\":2,\"name\":\"Shop\",\"item\":\"https:\/\/norwegianmade.no\/en\/shop\/\"},{\"@type\":\"ListItem\",\"position\":3,\"name\":\"Skjell-smykke, hvitt anheng\"}]},{\"@type\":\"WebSite\",\"@id\":\"https:\/\/norwegianmade.no\/#website\",\"url\":\"https:\/\/norwegianmade.no\/\",\"name\":\"Norwegian Made\",\"description\":\"Norges st\u00f8rste markedsplass for norske produsenter\",\"publisher\":{\"@id\":\"https:\/\/norwegianmade.no\/#organization\"},\"potentialAction\":[{\"@type\":\"SearchAction\",\"target\":{\"@type\":\"EntryPoint\",\"urlTemplate\":\"https:\/\/norwegianmade.no\/?s={search_term_string}\"},\"query-input\":{\"@type\":\"PropertyValueSpecification\",\"valueRequired\":true,\"valueName\":\"search_term_string\"}}],\"inLanguage\":\"en-US\"},{\"@type\":\"Organization\",\"@id\":\"https:\/\/norwegianmade.no\/#organization\",\"name\":\"Norwegian Made\",\"url\":\"https:\/\/norwegianmade.no\/\",\"logo\":{\"@type\":\"ImageObject\",\"inLanguage\":\"en-US\",\"@id\":\"https:\/\/norwegianmade.no\/#\/schema\/logo\/image\/\",\"url\":\"https:\/\/norwegianmade.no\/wp-content\/uploads\/2020\/11\/logo-liggende-norwegian-made-web.png\",\"contentUrl\":\"https:\/\/norwegianmade.no\/wp-content\/uploads\/2020\/11\/logo-liggende-norwegian-made-web.png\",\"width\":200,\"height\":58,\"caption\":\"Norwegian Made\"},\"image\":{\"@id\":\"https:\/\/norwegianmade.no\/#\/schema\/logo\/image\/\"}}]}<\/script>\n<!-- \/ Yoast SEO plugin. -->","yoast_head_json":{"title":"Skjell-smykke, hvitt anheng &#8226; Norwegian Made","robots":{"index":"index","follow":"follow","max-snippet":"max-snippet:-1","max-image-preview":"max-image-preview:large","max-video-preview":"max-video-preview:-1"},"canonical":"https:\/\/norwegianmade.no\/produkt\/skjell-smykke-hvitt-anheng\/","og_locale":"en_US","og_type":"article","og_title":"Skjell-smykke, hvitt anheng &#8226; Norwegian Made","og_description":"Halssmykke med skjell, og hvit teksturert leire\u00a0","og_url":"https:\/\/norwegianmade.no\/produkt\/skjell-smykke-hvitt-anheng\/","og_site_name":"Norwegian Made","article_modified_time":"2025-11-30T10:32:36+00:00","og_image":[{"width":512,"height":640,"url":"https:\/\/norwegianmade.no\/wp-content\/uploads\/2024\/09\/D56BABAC-3FAC-445E-8686-1D364B73629B.jpeg","type":"image\/jpeg"}],"twitter_card":"summary_large_image","twitter_misc":{"Est. reading time":"2 minutes"},"schema":{"@context":"https:\/\/schema.org","@graph":[{"@type":"WebPage","@id":"https:\/\/norwegianmade.no\/produkt\/skjell-smykke-hvitt-anheng\/","url":"https:\/\/norwegianmade.no\/produkt\/skjell-smykke-hvitt-anheng\/","name":"Skjell-smykke, hvitt anheng &#8226; Norwegian Made","isPartOf":{"@id":"https:\/\/norwegianmade.no\/#website"},"primaryImageOfPage":{"@id":"https:\/\/norwegianmade.no\/produkt\/skjell-smykke-hvitt-anheng\/#primaryimage"},"image":{"@id":"https:\/\/norwegianmade.no\/produkt\/skjell-smykke-hvitt-anheng\/#primaryimage"},"thumbnailUrl":"https:\/\/norwegianmade.no\/wp-content\/uploads\/2024\/09\/D56BABAC-3FAC-445E-8686-1D364B73629B.jpeg","datePublished":"2024-09-03T17:11:12+00:00","dateModified":"2025-11-30T10:32:36+00:00","breadcrumb":{"@id":"https:\/\/norwegianmade.no\/produkt\/skjell-smykke-hvitt-anheng\/#breadcrumb"},"inLanguage":"en-US","potentialAction":[{"@type":"ReadAction","target":["https:\/\/norwegianmade.no\/produkt\/skjell-smykke-hvitt-anheng\/"]}]},{"@type":"ImageObject","inLanguage":"en-US","@id":"https:\/\/norwegianmade.no\/produkt\/skjell-smykke-hvitt-anheng\/#primaryimage","url":"https:\/\/norwegianmade.no\/wp-content\/uploads\/2024\/09\/D56BABAC-3FAC-445E-8686-1D364B73629B.jpeg","contentUrl":"https:\/\/norwegianmade.no\/wp-content\/uploads\/2024\/09\/D56BABAC-3FAC-445E-8686-1D364B73629B.jpeg","width":512,"height":640},{"@type":"BreadcrumbList","@id":"https:\/\/norwegianmade.no\/produkt\/skjell-smykke-hvitt-anheng\/#breadcrumb","itemListElement":[{"@type":"ListItem","position":1,"name":"Hjem","item":"https:\/\/norwegianmade.no\/en\/"},{"@type":"ListItem","position":2,"name":"Shop","item":"https:\/\/norwegianmade.no\/en\/shop\/"},{"@type":"ListItem","position":3,"name":"Skjell-smykke, hvitt anheng"}]},{"@type":"WebSite","@id":"https:\/\/norwegianmade.no\/#website","url":"https:\/\/norwegianmade.no\/","name":"Norwegian Made","description":"Norges st\u00f8rste markedsplass for norske produsenter","publisher":{"@id":"https:\/\/norwegianmade.no\/#organization"},"potentialAction":[{"@type":"SearchAction","target":{"@type":"EntryPoint","urlTemplate":"https:\/\/norwegianmade.no\/?s={search_term_string}"},"query-input":{"@type":"PropertyValueSpecification","valueRequired":true,"valueName":"search_term_string"}}],"inLanguage":"en-US"},{"@type":"Organization","@id":"https:\/\/norwegianmade.no\/#organization","name":"Norwegian Made","url":"https:\/\/norwegianmade.no\/","logo":{"@type":"ImageObject","inLanguage":"en-US","@id":"https:\/\/norwegianmade.no\/#\/schema\/logo\/image\/","url":"https:\/\/norwegianmade.no\/wp-content\/uploads\/2020\/11\/logo-liggende-norwegian-made-web.png","contentUrl":"https:\/\/norwegianmade.no\/wp-content\/uploads\/2020\/11\/logo-liggende-norwegian-made-web.png","width":200,"height":58,"caption":"Norwegian Made"},"image":{"@id":"https:\/\/norwegianmade.no\/#\/schema\/logo\/image\/"}}]}},"_links":{"self":[{"href":"https:\/\/norwegianmade.no\/en\/wp-json\/wp\/v2\/product\/22044","targetHints":{"allow":["GET"]}}],"collection":[{"href":"https:\/\/norwegianmade.no\/en\/wp-json\/wp\/v2\/product"}],"about":[{"href":"https:\/\/norwegianmade.no\/en\/wp-json\/wp\/v2\/types\/product"}],"replies":[{"embeddable":true,"href":"https:\/\/norwegianmade.no\/en\/wp-json\/wp\/v2\/comments?post=22044"}],"wp:featuredmedia":[{"embeddable":true,"href":"https:\/\/norwegianmade.no\/en\/wp-json\/wp\/v2\/media\/22042"}],"wp:attachment":[{"href":"https:\/\/norwegianmade.no\/en\/wp-json\/wp\/v2\/media?parent=22044"}],"wp:term":[{"taxonomy":"product_brand","embeddable":true,"href":"https:\/\/norwegianmade.no\/en\/wp-json\/wp\/v2\/product_brand?post=22044"},{"taxonomy":"product_cat","embeddable":true,"href":"https:\/\/norwegianmade.no\/en\/wp-json\/wp\/v2\/product_cat?post=22044"},{"taxonomy":"product_tag","embeddable":true,"href":"https:\/\/norwegianmade.no\/en\/wp-json\/wp\/v2\/product_tag?post=22044"}],"curies":[{"name":"wp","href":"https:\/\/api.w.org\/{rel}","templated":true}]}}