{"id":22050,"date":"2024-09-13T10:53:19","date_gmt":"2024-09-13T08:53:19","guid":{"rendered":"https:\/\/norwegianmade.no\/produkt\/mose-hoop-blomst\/"},"modified":"2026-03-20T13:04:50","modified_gmt":"2026-03-20T12:04:50","slug":"mose-hoop-blomst","status":"publish","type":"product","link":"https:\/\/norwegianmade.no\/en\/produkt\/mose-hoop-blomst\/","title":{"rendered":"Mose hoop, blomst"},"content":{"rendered":"<p><strong style=\"line-height: inherit\">Unike \u00f8redobber, inspirert av\u00a0mose!<\/strong><\/p>\n<p>Disse \u00f8redobbene har et anheng formet som en blomst, og mose-tekstur. De er h\u00e5ndlaget av polymer leire. \u00d8redobbene er inspirert av mosens skj\u00f8nnhet, med sin unike tekstur. Den nydelige gr\u00f8nntonen gir smykket et naturlig og organisk preg, mens den delikate blomsterformen tilf\u00f8rer et elegant og feminint uttrykk. Perfekte for deg som \u00f8nsker \u00e5 b\u00e6re et lite stykke natur til hverdags, eller p\u00e5 fest!<\/p>\n<p><strong style=\"line-height: inherit\">Detaljer:<\/strong><\/p>\n<p><strong style=\"line-height: inherit\">Anheng:\u00a0<\/strong>H\u00e5ndlaget av leire, gr\u00f8nt, formet som blomst, mose-tekstur<\/p>\n<p><strong style=\"line-height: inherit\">Hoops:<\/strong> Tilgjengelig i gull- eller s\u00f8lvfarge<\/p>\n","protected":false},"excerpt":{"rendered":"<p><span>H\u00e5ndlagde \u00f8redobber (anheng) med hoop i gull- eller s\u00f8lvfarge.\u00a0<\/span><br data-mce-bogus=\"1\"><\/p>\n","protected":false},"featured_media":22046,"comment_status":"open","ping_status":"closed","template":"","meta":{"_acf_changed":false},"product_brand":[],"product_cat":[64,62],"product_tag":[],"class_list":{"0":"post-22050","1":"product","2":"type-product","3":"status-publish","4":"has-post-thumbnail","6":"product_cat-accessories","7":"product_cat-smykker","9":"first","10":"instock","11":"taxable","12":"shipping-taxable","13":"product-type-simple"},"acf":[],"yoast_head":"<!-- This site is optimized with the Yoast SEO plugin v27.1.1 - https:\/\/yoast.com\/product\/yoast-seo-wordpress\/ -->\n<title>Mose hoop, blomst &#8226; Norwegian Made<\/title>\n<meta name=\"robots\" content=\"index, follow, max-snippet:-1, max-image-preview:large, max-video-preview:-1\" \/>\n<link rel=\"canonical\" href=\"https:\/\/norwegianmade.no\/produkt\/mose-hoop-blomst\/\" \/>\n<meta property=\"og:locale\" content=\"en_US\" \/>\n<meta property=\"og:type\" content=\"article\" \/>\n<meta property=\"og:title\" content=\"Mose hoop, blomst &#8226; Norwegian Made\" \/>\n<meta property=\"og:description\" content=\"H\u00e5ndlagde \u00f8redobber (anheng) med hoop i gull- eller s\u00f8lvfarge.\u00a0\" \/>\n<meta property=\"og:url\" content=\"https:\/\/norwegianmade.no\/produkt\/mose-hoop-blomst\/\" \/>\n<meta property=\"og:site_name\" content=\"Norwegian Made\" \/>\n<meta property=\"article:modified_time\" content=\"2026-03-20T12:04:50+00:00\" \/>\n<meta property=\"og:image\" content=\"https:\/\/norwegianmade.no\/wp-content\/uploads\/2024\/09\/IMG_1107.jpg\" \/>\n\t<meta property=\"og:image:width\" content=\"589\" \/>\n\t<meta property=\"og:image:height\" content=\"640\" \/>\n\t<meta property=\"og:image:type\" content=\"image\/jpeg\" \/>\n<meta name=\"twitter:card\" content=\"summary_large_image\" \/>\n<script type=\"application\/ld+json\" class=\"yoast-schema-graph\">{\"@context\":\"https:\/\/schema.org\",\"@graph\":[{\"@type\":\"WebPage\",\"@id\":\"https:\/\/norwegianmade.no\/produkt\/mose-hoop-blomst\/\",\"url\":\"https:\/\/norwegianmade.no\/produkt\/mose-hoop-blomst\/\",\"name\":\"Mose hoop, blomst &#8226; Norwegian Made\",\"isPartOf\":{\"@id\":\"https:\/\/norwegianmade.no\/#website\"},\"primaryImageOfPage\":{\"@id\":\"https:\/\/norwegianmade.no\/produkt\/mose-hoop-blomst\/#primaryimage\"},\"image\":{\"@id\":\"https:\/\/norwegianmade.no\/produkt\/mose-hoop-blomst\/#primaryimage\"},\"thumbnailUrl\":\"https:\/\/norwegianmade.no\/wp-content\/uploads\/2024\/09\/IMG_1107.jpg\",\"datePublished\":\"2024-09-13T08:53:19+00:00\",\"dateModified\":\"2026-03-20T12:04:50+00:00\",\"breadcrumb\":{\"@id\":\"https:\/\/norwegianmade.no\/produkt\/mose-hoop-blomst\/#breadcrumb\"},\"inLanguage\":\"en-US\",\"potentialAction\":[{\"@type\":\"ReadAction\",\"target\":[\"https:\/\/norwegianmade.no\/produkt\/mose-hoop-blomst\/\"]}]},{\"@type\":\"ImageObject\",\"inLanguage\":\"en-US\",\"@id\":\"https:\/\/norwegianmade.no\/produkt\/mose-hoop-blomst\/#primaryimage\",\"url\":\"https:\/\/norwegianmade.no\/wp-content\/uploads\/2024\/09\/IMG_1107.jpg\",\"contentUrl\":\"https:\/\/norwegianmade.no\/wp-content\/uploads\/2024\/09\/IMG_1107.jpg\",\"width\":589,\"height\":640},{\"@type\":\"BreadcrumbList\",\"@id\":\"https:\/\/norwegianmade.no\/produkt\/mose-hoop-blomst\/#breadcrumb\",\"itemListElement\":[{\"@type\":\"ListItem\",\"position\":1,\"name\":\"Hjem\",\"item\":\"https:\/\/norwegianmade.no\/en\/\"},{\"@type\":\"ListItem\",\"position\":2,\"name\":\"Shop\",\"item\":\"https:\/\/norwegianmade.no\/en\/shop\/\"},{\"@type\":\"ListItem\",\"position\":3,\"name\":\"Mose hoop, blomst\"}]},{\"@type\":\"WebSite\",\"@id\":\"https:\/\/norwegianmade.no\/#website\",\"url\":\"https:\/\/norwegianmade.no\/\",\"name\":\"Norwegian Made\",\"description\":\"Norges st\u00f8rste markedsplass for norske produsenter\",\"publisher\":{\"@id\":\"https:\/\/norwegianmade.no\/#organization\"},\"potentialAction\":[{\"@type\":\"SearchAction\",\"target\":{\"@type\":\"EntryPoint\",\"urlTemplate\":\"https:\/\/norwegianmade.no\/?s={search_term_string}\"},\"query-input\":{\"@type\":\"PropertyValueSpecification\",\"valueRequired\":true,\"valueName\":\"search_term_string\"}}],\"inLanguage\":\"en-US\"},{\"@type\":\"Organization\",\"@id\":\"https:\/\/norwegianmade.no\/#organization\",\"name\":\"Norwegian Made\",\"url\":\"https:\/\/norwegianmade.no\/\",\"logo\":{\"@type\":\"ImageObject\",\"inLanguage\":\"en-US\",\"@id\":\"https:\/\/norwegianmade.no\/#\/schema\/logo\/image\/\",\"url\":\"https:\/\/norwegianmade.no\/wp-content\/uploads\/2020\/11\/logo-liggende-norwegian-made-web.png\",\"contentUrl\":\"https:\/\/norwegianmade.no\/wp-content\/uploads\/2020\/11\/logo-liggende-norwegian-made-web.png\",\"width\":200,\"height\":58,\"caption\":\"Norwegian Made\"},\"image\":{\"@id\":\"https:\/\/norwegianmade.no\/#\/schema\/logo\/image\/\"}}]}<\/script>\n<!-- \/ Yoast SEO plugin. -->","yoast_head_json":{"title":"Mose hoop, blomst &#8226; Norwegian Made","robots":{"index":"index","follow":"follow","max-snippet":"max-snippet:-1","max-image-preview":"max-image-preview:large","max-video-preview":"max-video-preview:-1"},"canonical":"https:\/\/norwegianmade.no\/produkt\/mose-hoop-blomst\/","og_locale":"en_US","og_type":"article","og_title":"Mose hoop, blomst &#8226; Norwegian Made","og_description":"H\u00e5ndlagde \u00f8redobber (anheng) med hoop i gull- eller s\u00f8lvfarge.\u00a0","og_url":"https:\/\/norwegianmade.no\/produkt\/mose-hoop-blomst\/","og_site_name":"Norwegian Made","article_modified_time":"2026-03-20T12:04:50+00:00","og_image":[{"width":589,"height":640,"url":"https:\/\/norwegianmade.no\/wp-content\/uploads\/2024\/09\/IMG_1107.jpg","type":"image\/jpeg"}],"twitter_card":"summary_large_image","schema":{"@context":"https:\/\/schema.org","@graph":[{"@type":"WebPage","@id":"https:\/\/norwegianmade.no\/produkt\/mose-hoop-blomst\/","url":"https:\/\/norwegianmade.no\/produkt\/mose-hoop-blomst\/","name":"Mose hoop, blomst &#8226; Norwegian Made","isPartOf":{"@id":"https:\/\/norwegianmade.no\/#website"},"primaryImageOfPage":{"@id":"https:\/\/norwegianmade.no\/produkt\/mose-hoop-blomst\/#primaryimage"},"image":{"@id":"https:\/\/norwegianmade.no\/produkt\/mose-hoop-blomst\/#primaryimage"},"thumbnailUrl":"https:\/\/norwegianmade.no\/wp-content\/uploads\/2024\/09\/IMG_1107.jpg","datePublished":"2024-09-13T08:53:19+00:00","dateModified":"2026-03-20T12:04:50+00:00","breadcrumb":{"@id":"https:\/\/norwegianmade.no\/produkt\/mose-hoop-blomst\/#breadcrumb"},"inLanguage":"en-US","potentialAction":[{"@type":"ReadAction","target":["https:\/\/norwegianmade.no\/produkt\/mose-hoop-blomst\/"]}]},{"@type":"ImageObject","inLanguage":"en-US","@id":"https:\/\/norwegianmade.no\/produkt\/mose-hoop-blomst\/#primaryimage","url":"https:\/\/norwegianmade.no\/wp-content\/uploads\/2024\/09\/IMG_1107.jpg","contentUrl":"https:\/\/norwegianmade.no\/wp-content\/uploads\/2024\/09\/IMG_1107.jpg","width":589,"height":640},{"@type":"BreadcrumbList","@id":"https:\/\/norwegianmade.no\/produkt\/mose-hoop-blomst\/#breadcrumb","itemListElement":[{"@type":"ListItem","position":1,"name":"Hjem","item":"https:\/\/norwegianmade.no\/en\/"},{"@type":"ListItem","position":2,"name":"Shop","item":"https:\/\/norwegianmade.no\/en\/shop\/"},{"@type":"ListItem","position":3,"name":"Mose hoop, blomst"}]},{"@type":"WebSite","@id":"https:\/\/norwegianmade.no\/#website","url":"https:\/\/norwegianmade.no\/","name":"Norwegian Made","description":"Norges st\u00f8rste markedsplass for norske produsenter","publisher":{"@id":"https:\/\/norwegianmade.no\/#organization"},"potentialAction":[{"@type":"SearchAction","target":{"@type":"EntryPoint","urlTemplate":"https:\/\/norwegianmade.no\/?s={search_term_string}"},"query-input":{"@type":"PropertyValueSpecification","valueRequired":true,"valueName":"search_term_string"}}],"inLanguage":"en-US"},{"@type":"Organization","@id":"https:\/\/norwegianmade.no\/#organization","name":"Norwegian Made","url":"https:\/\/norwegianmade.no\/","logo":{"@type":"ImageObject","inLanguage":"en-US","@id":"https:\/\/norwegianmade.no\/#\/schema\/logo\/image\/","url":"https:\/\/norwegianmade.no\/wp-content\/uploads\/2020\/11\/logo-liggende-norwegian-made-web.png","contentUrl":"https:\/\/norwegianmade.no\/wp-content\/uploads\/2020\/11\/logo-liggende-norwegian-made-web.png","width":200,"height":58,"caption":"Norwegian Made"},"image":{"@id":"https:\/\/norwegianmade.no\/#\/schema\/logo\/image\/"}}]}},"_links":{"self":[{"href":"https:\/\/norwegianmade.no\/en\/wp-json\/wp\/v2\/product\/22050","targetHints":{"allow":["GET"]}}],"collection":[{"href":"https:\/\/norwegianmade.no\/en\/wp-json\/wp\/v2\/product"}],"about":[{"href":"https:\/\/norwegianmade.no\/en\/wp-json\/wp\/v2\/types\/product"}],"replies":[{"embeddable":true,"href":"https:\/\/norwegianmade.no\/en\/wp-json\/wp\/v2\/comments?post=22050"}],"wp:featuredmedia":[{"embeddable":true,"href":"https:\/\/norwegianmade.no\/en\/wp-json\/wp\/v2\/media\/22046"}],"wp:attachment":[{"href":"https:\/\/norwegianmade.no\/en\/wp-json\/wp\/v2\/media?parent=22050"}],"wp:term":[{"taxonomy":"product_brand","embeddable":true,"href":"https:\/\/norwegianmade.no\/en\/wp-json\/wp\/v2\/product_brand?post=22050"},{"taxonomy":"product_cat","embeddable":true,"href":"https:\/\/norwegianmade.no\/en\/wp-json\/wp\/v2\/product_cat?post=22050"},{"taxonomy":"product_tag","embeddable":true,"href":"https:\/\/norwegianmade.no\/en\/wp-json\/wp\/v2\/product_tag?post=22050"}],"curies":[{"name":"wp","href":"https:\/\/api.w.org\/{rel}","templated":true}]}}