{"id":22065,"date":"2024-10-04T13:01:08","date_gmt":"2024-10-04T11:01:08","guid":{"rendered":"https:\/\/norwegianmade.no\/produkt\/vohnlenke-i-pastellfarger\/"},"modified":"2026-04-02T03:41:20","modified_gmt":"2026-04-02T01:41:20","slug":"vohnlenke-i-pastellfarger","status":"publish","type":"product","link":"https:\/\/norwegianmade.no\/en\/produkt\/vohnlenke-i-pastellfarger\/","title":{"rendered":"Vognlenke i pastellfarger"},"content":{"rendered":"<p><\/p>\n","protected":false},"excerpt":{"rendered":"<p data-mce-style=\"margin: 0px; padding: 20px 0px 0px; line-height: 20px; font-family: Arial, Helvetica, sans-serif;\" style=\"margin: 0px;padding: 20px 0px 0px;line-height: 20px;font-family: Arial, Helvetica, sans-serif\">S\u00f8t vognlenke med lyslilla og rosa skyer, og matchende. Skyene er fylt med allergivennlig fyllvatt.\u00a0<\/p>\n<p data-mce-style=\"margin: 0px; padding: 20px 0px 0px; line-height: 20px; font-family: Arial, Helvetica, sans-serif;\" style=\"margin: 0px;padding: 20px 0px 0px;line-height: 20px;font-family: Arial, Helvetica, sans-serif\">Skyene og kulene er festet i sterk hamptr\u00e5d.\u00a0<br data-mce-style=\"margin: 0px; padding: 0px;\" style=\"margin: 0px;padding: 0px\">Solide klips fra Tinkafu til \u00e5 feste lenken til vognen f\u00f8lger med.\u00a0<\/p>\n<p data-mce-style=\"margin: 0px; padding: 20px 0px 0px; line-height: 20px; font-family: Arial, Helvetica, sans-serif;\" style=\"margin: 0px;padding: 20px 0px 0px;line-height: 20px;font-family: Arial, Helvetica, sans-serif\">Ta gjerne kontakt om du \u00f8nsker \u00e5 f\u00e5 designet en vognlenke i dine favorittfarger.\u00a0<\/p>\n<p data-mce-style=\"margin: 0px; padding: 20px 0px 0px; line-height: 20px; font-family: Arial, Helvetica, sans-serif;\" style=\"margin: 0px;padding: 20px 0px 0px;line-height: 20px;font-family: Arial, Helvetica, sans-serif\">I 2019 ble jeg som designer godkjent medlem av Norwegian Made; kvalitetsprodukter laget i Norge. \u00a0<\/p>\n<p data-mce-style=\"margin: 0px; padding: 20px 0px 0px; line-height: 20px; font-family: Arial, Helvetica, sans-serif;\" style=\"margin: 0px;padding: 20px 0px 0px;line-height: 20px;font-family: Arial, Helvetica, sans-serif\">Ta gjerne en titt p\u00e5 Instagram @aasearild for flere bilder av vognlenkene.<\/p>\n","protected":false},"featured_media":22063,"comment_status":"open","ping_status":"closed","template":"","meta":{"_acf_changed":false},"product_brand":[],"product_cat":[64,124,82],"product_tag":[],"class_list":{"0":"post-22065","1":"product","2":"type-product","3":"status-publish","4":"has-post-thumbnail","6":"product_cat-accessories","7":"product_cat-annet","8":"product_cat-handverk","10":"first","11":"instock","12":"taxable","13":"shipping-taxable","14":"product-type-simple"},"acf":[],"yoast_head":"<!-- This site is optimized with the Yoast SEO plugin v27.1.1 - https:\/\/yoast.com\/product\/yoast-seo-wordpress\/ -->\n<title>Vognlenke i pastellfarger &#8226; Norwegian Made<\/title>\n<meta name=\"robots\" content=\"index, follow, max-snippet:-1, max-image-preview:large, max-video-preview:-1\" \/>\n<link rel=\"canonical\" href=\"https:\/\/norwegianmade.no\/produkt\/vohnlenke-i-pastellfarger\/\" \/>\n<meta property=\"og:locale\" content=\"en_US\" \/>\n<meta property=\"og:type\" content=\"article\" \/>\n<meta property=\"og:title\" content=\"Vognlenke i pastellfarger &#8226; Norwegian Made\" \/>\n<meta property=\"og:description\" content=\"S\u00f8t vognlenke med lyslilla og rosa skyer, og matchende. Skyene er fylt med allergivennlig fyllvatt.\u00a0Skyene og kulene er festet i sterk hamptr\u00e5d.\u00a0Solide klips fra Tinkafu til \u00e5 feste lenken til vognen f\u00f8lger med.\u00a0Ta gjerne kontakt om du \u00f8nsker \u00e5 f\u00e5 designet en vognlenke i dine favorittfarger.\u00a0I 2019 ble jeg som designer godkjent medlem av Norwegian Made; kvalitetsprodukter laget i Norge. \u00a0Ta gjerne en titt p\u00e5 Instagram @aasearild for flere bilder av vognlenkene.\" \/>\n<meta property=\"og:url\" content=\"https:\/\/norwegianmade.no\/produkt\/vohnlenke-i-pastellfarger\/\" \/>\n<meta property=\"og:site_name\" content=\"Norwegian Made\" \/>\n<meta property=\"article:modified_time\" content=\"2026-04-02T01:41:20+00:00\" \/>\n<meta property=\"og:image\" content=\"https:\/\/norwegianmade.no\/wp-content\/uploads\/2024\/10\/IMG_1607.jpeg\" \/>\n\t<meta property=\"og:image:width\" content=\"1481\" \/>\n\t<meta property=\"og:image:height\" content=\"1566\" \/>\n\t<meta property=\"og:image:type\" content=\"image\/jpeg\" \/>\n<meta name=\"twitter:card\" content=\"summary_large_image\" \/>\n<script type=\"application\/ld+json\" class=\"yoast-schema-graph\">{\"@context\":\"https:\/\/schema.org\",\"@graph\":[{\"@type\":\"WebPage\",\"@id\":\"https:\/\/norwegianmade.no\/produkt\/vohnlenke-i-pastellfarger\/\",\"url\":\"https:\/\/norwegianmade.no\/produkt\/vohnlenke-i-pastellfarger\/\",\"name\":\"Vognlenke i pastellfarger &#8226; Norwegian Made\",\"isPartOf\":{\"@id\":\"https:\/\/norwegianmade.no\/#website\"},\"primaryImageOfPage\":{\"@id\":\"https:\/\/norwegianmade.no\/produkt\/vohnlenke-i-pastellfarger\/#primaryimage\"},\"image\":{\"@id\":\"https:\/\/norwegianmade.no\/produkt\/vohnlenke-i-pastellfarger\/#primaryimage\"},\"thumbnailUrl\":\"https:\/\/norwegianmade.no\/wp-content\/uploads\/2024\/10\/IMG_1607.jpeg\",\"datePublished\":\"2024-10-04T11:01:08+00:00\",\"dateModified\":\"2026-04-02T01:41:20+00:00\",\"breadcrumb\":{\"@id\":\"https:\/\/norwegianmade.no\/produkt\/vohnlenke-i-pastellfarger\/#breadcrumb\"},\"inLanguage\":\"en-US\",\"potentialAction\":[{\"@type\":\"ReadAction\",\"target\":[\"https:\/\/norwegianmade.no\/produkt\/vohnlenke-i-pastellfarger\/\"]}]},{\"@type\":\"ImageObject\",\"inLanguage\":\"en-US\",\"@id\":\"https:\/\/norwegianmade.no\/produkt\/vohnlenke-i-pastellfarger\/#primaryimage\",\"url\":\"https:\/\/norwegianmade.no\/wp-content\/uploads\/2024\/10\/IMG_1607.jpeg\",\"contentUrl\":\"https:\/\/norwegianmade.no\/wp-content\/uploads\/2024\/10\/IMG_1607.jpeg\",\"width\":1481,\"height\":1566},{\"@type\":\"BreadcrumbList\",\"@id\":\"https:\/\/norwegianmade.no\/produkt\/vohnlenke-i-pastellfarger\/#breadcrumb\",\"itemListElement\":[{\"@type\":\"ListItem\",\"position\":1,\"name\":\"Hjem\",\"item\":\"https:\/\/norwegianmade.no\/en\/\"},{\"@type\":\"ListItem\",\"position\":2,\"name\":\"Shop\",\"item\":\"https:\/\/norwegianmade.no\/en\/shop\/\"},{\"@type\":\"ListItem\",\"position\":3,\"name\":\"Vognlenke i pastellfarger\"}]},{\"@type\":\"WebSite\",\"@id\":\"https:\/\/norwegianmade.no\/#website\",\"url\":\"https:\/\/norwegianmade.no\/\",\"name\":\"Norwegian Made\",\"description\":\"Norges st\u00f8rste markedsplass for norske produsenter\",\"publisher\":{\"@id\":\"https:\/\/norwegianmade.no\/#organization\"},\"potentialAction\":[{\"@type\":\"SearchAction\",\"target\":{\"@type\":\"EntryPoint\",\"urlTemplate\":\"https:\/\/norwegianmade.no\/?s={search_term_string}\"},\"query-input\":{\"@type\":\"PropertyValueSpecification\",\"valueRequired\":true,\"valueName\":\"search_term_string\"}}],\"inLanguage\":\"en-US\"},{\"@type\":\"Organization\",\"@id\":\"https:\/\/norwegianmade.no\/#organization\",\"name\":\"Norwegian Made\",\"url\":\"https:\/\/norwegianmade.no\/\",\"logo\":{\"@type\":\"ImageObject\",\"inLanguage\":\"en-US\",\"@id\":\"https:\/\/norwegianmade.no\/#\/schema\/logo\/image\/\",\"url\":\"https:\/\/norwegianmade.no\/wp-content\/uploads\/2020\/11\/logo-liggende-norwegian-made-web.png\",\"contentUrl\":\"https:\/\/norwegianmade.no\/wp-content\/uploads\/2020\/11\/logo-liggende-norwegian-made-web.png\",\"width\":200,\"height\":58,\"caption\":\"Norwegian Made\"},\"image\":{\"@id\":\"https:\/\/norwegianmade.no\/#\/schema\/logo\/image\/\"}}]}<\/script>\n<!-- \/ Yoast SEO plugin. -->","yoast_head_json":{"title":"Vognlenke i pastellfarger &#8226; Norwegian Made","robots":{"index":"index","follow":"follow","max-snippet":"max-snippet:-1","max-image-preview":"max-image-preview:large","max-video-preview":"max-video-preview:-1"},"canonical":"https:\/\/norwegianmade.no\/produkt\/vohnlenke-i-pastellfarger\/","og_locale":"en_US","og_type":"article","og_title":"Vognlenke i pastellfarger &#8226; Norwegian Made","og_description":"S\u00f8t vognlenke med lyslilla og rosa skyer, og matchende. Skyene er fylt med allergivennlig fyllvatt.\u00a0Skyene og kulene er festet i sterk hamptr\u00e5d.\u00a0Solide klips fra Tinkafu til \u00e5 feste lenken til vognen f\u00f8lger med.\u00a0Ta gjerne kontakt om du \u00f8nsker \u00e5 f\u00e5 designet en vognlenke i dine favorittfarger.\u00a0I 2019 ble jeg som designer godkjent medlem av Norwegian Made; kvalitetsprodukter laget i Norge. \u00a0Ta gjerne en titt p\u00e5 Instagram @aasearild for flere bilder av vognlenkene.","og_url":"https:\/\/norwegianmade.no\/produkt\/vohnlenke-i-pastellfarger\/","og_site_name":"Norwegian Made","article_modified_time":"2026-04-02T01:41:20+00:00","og_image":[{"width":1481,"height":1566,"url":"https:\/\/norwegianmade.no\/wp-content\/uploads\/2024\/10\/IMG_1607.jpeg","type":"image\/jpeg"}],"twitter_card":"summary_large_image","schema":{"@context":"https:\/\/schema.org","@graph":[{"@type":"WebPage","@id":"https:\/\/norwegianmade.no\/produkt\/vohnlenke-i-pastellfarger\/","url":"https:\/\/norwegianmade.no\/produkt\/vohnlenke-i-pastellfarger\/","name":"Vognlenke i pastellfarger &#8226; Norwegian Made","isPartOf":{"@id":"https:\/\/norwegianmade.no\/#website"},"primaryImageOfPage":{"@id":"https:\/\/norwegianmade.no\/produkt\/vohnlenke-i-pastellfarger\/#primaryimage"},"image":{"@id":"https:\/\/norwegianmade.no\/produkt\/vohnlenke-i-pastellfarger\/#primaryimage"},"thumbnailUrl":"https:\/\/norwegianmade.no\/wp-content\/uploads\/2024\/10\/IMG_1607.jpeg","datePublished":"2024-10-04T11:01:08+00:00","dateModified":"2026-04-02T01:41:20+00:00","breadcrumb":{"@id":"https:\/\/norwegianmade.no\/produkt\/vohnlenke-i-pastellfarger\/#breadcrumb"},"inLanguage":"en-US","potentialAction":[{"@type":"ReadAction","target":["https:\/\/norwegianmade.no\/produkt\/vohnlenke-i-pastellfarger\/"]}]},{"@type":"ImageObject","inLanguage":"en-US","@id":"https:\/\/norwegianmade.no\/produkt\/vohnlenke-i-pastellfarger\/#primaryimage","url":"https:\/\/norwegianmade.no\/wp-content\/uploads\/2024\/10\/IMG_1607.jpeg","contentUrl":"https:\/\/norwegianmade.no\/wp-content\/uploads\/2024\/10\/IMG_1607.jpeg","width":1481,"height":1566},{"@type":"BreadcrumbList","@id":"https:\/\/norwegianmade.no\/produkt\/vohnlenke-i-pastellfarger\/#breadcrumb","itemListElement":[{"@type":"ListItem","position":1,"name":"Hjem","item":"https:\/\/norwegianmade.no\/en\/"},{"@type":"ListItem","position":2,"name":"Shop","item":"https:\/\/norwegianmade.no\/en\/shop\/"},{"@type":"ListItem","position":3,"name":"Vognlenke i pastellfarger"}]},{"@type":"WebSite","@id":"https:\/\/norwegianmade.no\/#website","url":"https:\/\/norwegianmade.no\/","name":"Norwegian Made","description":"Norges st\u00f8rste markedsplass for norske produsenter","publisher":{"@id":"https:\/\/norwegianmade.no\/#organization"},"potentialAction":[{"@type":"SearchAction","target":{"@type":"EntryPoint","urlTemplate":"https:\/\/norwegianmade.no\/?s={search_term_string}"},"query-input":{"@type":"PropertyValueSpecification","valueRequired":true,"valueName":"search_term_string"}}],"inLanguage":"en-US"},{"@type":"Organization","@id":"https:\/\/norwegianmade.no\/#organization","name":"Norwegian Made","url":"https:\/\/norwegianmade.no\/","logo":{"@type":"ImageObject","inLanguage":"en-US","@id":"https:\/\/norwegianmade.no\/#\/schema\/logo\/image\/","url":"https:\/\/norwegianmade.no\/wp-content\/uploads\/2020\/11\/logo-liggende-norwegian-made-web.png","contentUrl":"https:\/\/norwegianmade.no\/wp-content\/uploads\/2020\/11\/logo-liggende-norwegian-made-web.png","width":200,"height":58,"caption":"Norwegian Made"},"image":{"@id":"https:\/\/norwegianmade.no\/#\/schema\/logo\/image\/"}}]}},"_links":{"self":[{"href":"https:\/\/norwegianmade.no\/en\/wp-json\/wp\/v2\/product\/22065","targetHints":{"allow":["GET"]}}],"collection":[{"href":"https:\/\/norwegianmade.no\/en\/wp-json\/wp\/v2\/product"}],"about":[{"href":"https:\/\/norwegianmade.no\/en\/wp-json\/wp\/v2\/types\/product"}],"replies":[{"embeddable":true,"href":"https:\/\/norwegianmade.no\/en\/wp-json\/wp\/v2\/comments?post=22065"}],"wp:featuredmedia":[{"embeddable":true,"href":"https:\/\/norwegianmade.no\/en\/wp-json\/wp\/v2\/media\/22063"}],"wp:attachment":[{"href":"https:\/\/norwegianmade.no\/en\/wp-json\/wp\/v2\/media?parent=22065"}],"wp:term":[{"taxonomy":"product_brand","embeddable":true,"href":"https:\/\/norwegianmade.no\/en\/wp-json\/wp\/v2\/product_brand?post=22065"},{"taxonomy":"product_cat","embeddable":true,"href":"https:\/\/norwegianmade.no\/en\/wp-json\/wp\/v2\/product_cat?post=22065"},{"taxonomy":"product_tag","embeddable":true,"href":"https:\/\/norwegianmade.no\/en\/wp-json\/wp\/v2\/product_tag?post=22065"}],"curies":[{"name":"wp","href":"https:\/\/api.w.org\/{rel}","templated":true}]}}