{"id":22075,"date":"2024-10-08T10:47:07","date_gmt":"2024-10-08T08:47:07","guid":{"rendered":"https:\/\/norwegianmade.no\/?post_type=product&#038;p=22075"},"modified":"2026-03-28T00:41:18","modified_gmt":"2026-03-27T23:41:18","slug":"kongle-miks-nr-3","status":"publish","type":"product","link":"https:\/\/norwegianmade.no\/en\/produkt\/kongle-miks-nr-3\/","title":{"rendered":"Kongle-miks nr.3"},"content":{"rendered":"<ul data-mce-fragment=\"1\" style=\"padding-left: 2rem;font-family: Assistant, sans-serif;font-size: 16.8px;letter-spacing: 0.63px\" data-mce-style=\"padding-left: 2rem; font-family: Assistant, sans-serif; font-size: 16.8px; letter-spacing: 0.63px;\">\n<li data-mce-fragment=\"1\">Rund anker kjede 0,4 mm &#8211; oksidert<br data-mce-fragment=\"1\">&#8211; lengde 45 cm<\/li>\n<li data-mce-fragment=\"1\"><span data-mce-fragment=\"1\">Kongle midi anheng i 925 s\u00f8lv &#8211; oksidert<br \/>&#8211; 18 x 11 mm<\/span><\/li>\n<li data-mce-fragment=\"1\" style=\"margin-bottom: 0px\" data-mce-style=\"margin-bottom: 0px;\">Hjarte minimini i 14k gult gull<br \/>&#8211; massivt<br \/>&#8211; fasett overflate<br \/>&#8211; hjartet\u00a0er\u00a0<span data-mce-fragment=\"1\">ca 6,5 x 12,2 mm (inkl.hempe)<\/span><\/li>\n<\/ul>\n","protected":false},"excerpt":{"rendered":"<p>Flott handlaga kongle i 925 s\u00f8lv og massivt hjarte i 14k gull. <a data-mce-href=\"https:\/\/smykkeverkstad.no\/products\/kopi-av-kongle-miks-nr-3\" href=\"https:\/\/smykkeverkstad.no\/products\/kopi-av-kongle-miks-nr-3\">Trykk her for \u00e5 sj\u00e5\/kj\u00f8pe produktet i nettbutikken smykkeverkstad.no<\/a><\/p>\n","protected":false},"featured_media":22079,"comment_status":"open","ping_status":"closed","template":"","meta":{"_acf_changed":false},"product_brand":[],"product_cat":[105,228,62,106],"product_tag":[],"class_list":{"0":"post-22075","1":"product","2":"type-product","3":"status-publish","4":"has-post-thumbnail","6":"product_cat-gullsmykker","7":"product_cat-halskjeder","8":"product_cat-smykker","9":"product_cat-solvsmykker","11":"first","12":"instock","13":"taxable","14":"shipping-taxable","15":"product-type-simple"},"acf":[],"yoast_head":"<!-- This site is optimized with the Yoast SEO plugin v27.1.1 - https:\/\/yoast.com\/product\/yoast-seo-wordpress\/ -->\n<title>Kongle-miks nr.3 &#8226; Norwegian Made<\/title>\n<meta name=\"robots\" content=\"index, follow, max-snippet:-1, max-image-preview:large, max-video-preview:-1\" \/>\n<link rel=\"canonical\" href=\"https:\/\/norwegianmade.no\/produkt\/kongle-miks-nr-3\/\" \/>\n<meta property=\"og:locale\" content=\"en_US\" \/>\n<meta property=\"og:type\" content=\"article\" \/>\n<meta property=\"og:title\" content=\"Kongle-miks nr.3 &#8226; Norwegian Made\" \/>\n<meta property=\"og:description\" content=\"Flott handlaga kongle i 925 s\u00f8lv og massivt hjarte i 14k gull. Trykk her for \u00e5 sj\u00e5\/kj\u00f8pe produktet i nettbutikken smykkeverkstad.no\" \/>\n<meta property=\"og:url\" content=\"https:\/\/norwegianmade.no\/produkt\/kongle-miks-nr-3\/\" \/>\n<meta property=\"og:site_name\" content=\"Norwegian Made\" \/>\n<meta property=\"article:modified_time\" content=\"2026-03-27T23:41:18+00:00\" \/>\n<meta property=\"og:image\" content=\"https:\/\/norwegianmade.no\/wp-content\/uploads\/2024\/10\/KONGLEMIKS_3-3.jpg\" \/>\n\t<meta property=\"og:image:width\" content=\"1354\" \/>\n\t<meta property=\"og:image:height\" content=\"1354\" \/>\n\t<meta property=\"og:image:type\" content=\"image\/jpeg\" \/>\n<meta name=\"twitter:card\" content=\"summary_large_image\" \/>\n<script type=\"application\/ld+json\" class=\"yoast-schema-graph\">{\"@context\":\"https:\/\/schema.org\",\"@graph\":[{\"@type\":\"WebPage\",\"@id\":\"https:\/\/norwegianmade.no\/produkt\/kongle-miks-nr-3\/\",\"url\":\"https:\/\/norwegianmade.no\/produkt\/kongle-miks-nr-3\/\",\"name\":\"Kongle-miks nr.3 &#8226; Norwegian Made\",\"isPartOf\":{\"@id\":\"https:\/\/norwegianmade.no\/#website\"},\"primaryImageOfPage\":{\"@id\":\"https:\/\/norwegianmade.no\/produkt\/kongle-miks-nr-3\/#primaryimage\"},\"image\":{\"@id\":\"https:\/\/norwegianmade.no\/produkt\/kongle-miks-nr-3\/#primaryimage\"},\"thumbnailUrl\":\"https:\/\/norwegianmade.no\/wp-content\/uploads\/2024\/10\/KONGLEMIKS_3-3.jpg\",\"datePublished\":\"2024-10-08T08:47:07+00:00\",\"dateModified\":\"2026-03-27T23:41:18+00:00\",\"breadcrumb\":{\"@id\":\"https:\/\/norwegianmade.no\/produkt\/kongle-miks-nr-3\/#breadcrumb\"},\"inLanguage\":\"en-US\",\"potentialAction\":[{\"@type\":\"ReadAction\",\"target\":[\"https:\/\/norwegianmade.no\/produkt\/kongle-miks-nr-3\/\"]}]},{\"@type\":\"ImageObject\",\"inLanguage\":\"en-US\",\"@id\":\"https:\/\/norwegianmade.no\/produkt\/kongle-miks-nr-3\/#primaryimage\",\"url\":\"https:\/\/norwegianmade.no\/wp-content\/uploads\/2024\/10\/KONGLEMIKS_3-3.jpg\",\"contentUrl\":\"https:\/\/norwegianmade.no\/wp-content\/uploads\/2024\/10\/KONGLEMIKS_3-3.jpg\",\"width\":1354,\"height\":1354},{\"@type\":\"BreadcrumbList\",\"@id\":\"https:\/\/norwegianmade.no\/produkt\/kongle-miks-nr-3\/#breadcrumb\",\"itemListElement\":[{\"@type\":\"ListItem\",\"position\":1,\"name\":\"Hjem\",\"item\":\"https:\/\/norwegianmade.no\/en\/\"},{\"@type\":\"ListItem\",\"position\":2,\"name\":\"Shop\",\"item\":\"https:\/\/norwegianmade.no\/en\/shop\/\"},{\"@type\":\"ListItem\",\"position\":3,\"name\":\"Kongle-miks nr.3\"}]},{\"@type\":\"WebSite\",\"@id\":\"https:\/\/norwegianmade.no\/#website\",\"url\":\"https:\/\/norwegianmade.no\/\",\"name\":\"Norwegian Made\",\"description\":\"Norges st\u00f8rste markedsplass for norske produsenter\",\"publisher\":{\"@id\":\"https:\/\/norwegianmade.no\/#organization\"},\"potentialAction\":[{\"@type\":\"SearchAction\",\"target\":{\"@type\":\"EntryPoint\",\"urlTemplate\":\"https:\/\/norwegianmade.no\/?s={search_term_string}\"},\"query-input\":{\"@type\":\"PropertyValueSpecification\",\"valueRequired\":true,\"valueName\":\"search_term_string\"}}],\"inLanguage\":\"en-US\"},{\"@type\":\"Organization\",\"@id\":\"https:\/\/norwegianmade.no\/#organization\",\"name\":\"Norwegian Made\",\"url\":\"https:\/\/norwegianmade.no\/\",\"logo\":{\"@type\":\"ImageObject\",\"inLanguage\":\"en-US\",\"@id\":\"https:\/\/norwegianmade.no\/#\/schema\/logo\/image\/\",\"url\":\"https:\/\/norwegianmade.no\/wp-content\/uploads\/2020\/11\/logo-liggende-norwegian-made-web.png\",\"contentUrl\":\"https:\/\/norwegianmade.no\/wp-content\/uploads\/2020\/11\/logo-liggende-norwegian-made-web.png\",\"width\":200,\"height\":58,\"caption\":\"Norwegian Made\"},\"image\":{\"@id\":\"https:\/\/norwegianmade.no\/#\/schema\/logo\/image\/\"}}]}<\/script>\n<!-- \/ Yoast SEO plugin. -->","yoast_head_json":{"title":"Kongle-miks nr.3 &#8226; Norwegian Made","robots":{"index":"index","follow":"follow","max-snippet":"max-snippet:-1","max-image-preview":"max-image-preview:large","max-video-preview":"max-video-preview:-1"},"canonical":"https:\/\/norwegianmade.no\/produkt\/kongle-miks-nr-3\/","og_locale":"en_US","og_type":"article","og_title":"Kongle-miks nr.3 &#8226; Norwegian Made","og_description":"Flott handlaga kongle i 925 s\u00f8lv og massivt hjarte i 14k gull. Trykk her for \u00e5 sj\u00e5\/kj\u00f8pe produktet i nettbutikken smykkeverkstad.no","og_url":"https:\/\/norwegianmade.no\/produkt\/kongle-miks-nr-3\/","og_site_name":"Norwegian Made","article_modified_time":"2026-03-27T23:41:18+00:00","og_image":[{"width":1354,"height":1354,"url":"https:\/\/norwegianmade.no\/wp-content\/uploads\/2024\/10\/KONGLEMIKS_3-3.jpg","type":"image\/jpeg"}],"twitter_card":"summary_large_image","schema":{"@context":"https:\/\/schema.org","@graph":[{"@type":"WebPage","@id":"https:\/\/norwegianmade.no\/produkt\/kongle-miks-nr-3\/","url":"https:\/\/norwegianmade.no\/produkt\/kongle-miks-nr-3\/","name":"Kongle-miks nr.3 &#8226; Norwegian Made","isPartOf":{"@id":"https:\/\/norwegianmade.no\/#website"},"primaryImageOfPage":{"@id":"https:\/\/norwegianmade.no\/produkt\/kongle-miks-nr-3\/#primaryimage"},"image":{"@id":"https:\/\/norwegianmade.no\/produkt\/kongle-miks-nr-3\/#primaryimage"},"thumbnailUrl":"https:\/\/norwegianmade.no\/wp-content\/uploads\/2024\/10\/KONGLEMIKS_3-3.jpg","datePublished":"2024-10-08T08:47:07+00:00","dateModified":"2026-03-27T23:41:18+00:00","breadcrumb":{"@id":"https:\/\/norwegianmade.no\/produkt\/kongle-miks-nr-3\/#breadcrumb"},"inLanguage":"en-US","potentialAction":[{"@type":"ReadAction","target":["https:\/\/norwegianmade.no\/produkt\/kongle-miks-nr-3\/"]}]},{"@type":"ImageObject","inLanguage":"en-US","@id":"https:\/\/norwegianmade.no\/produkt\/kongle-miks-nr-3\/#primaryimage","url":"https:\/\/norwegianmade.no\/wp-content\/uploads\/2024\/10\/KONGLEMIKS_3-3.jpg","contentUrl":"https:\/\/norwegianmade.no\/wp-content\/uploads\/2024\/10\/KONGLEMIKS_3-3.jpg","width":1354,"height":1354},{"@type":"BreadcrumbList","@id":"https:\/\/norwegianmade.no\/produkt\/kongle-miks-nr-3\/#breadcrumb","itemListElement":[{"@type":"ListItem","position":1,"name":"Hjem","item":"https:\/\/norwegianmade.no\/en\/"},{"@type":"ListItem","position":2,"name":"Shop","item":"https:\/\/norwegianmade.no\/en\/shop\/"},{"@type":"ListItem","position":3,"name":"Kongle-miks nr.3"}]},{"@type":"WebSite","@id":"https:\/\/norwegianmade.no\/#website","url":"https:\/\/norwegianmade.no\/","name":"Norwegian Made","description":"Norges st\u00f8rste markedsplass for norske produsenter","publisher":{"@id":"https:\/\/norwegianmade.no\/#organization"},"potentialAction":[{"@type":"SearchAction","target":{"@type":"EntryPoint","urlTemplate":"https:\/\/norwegianmade.no\/?s={search_term_string}"},"query-input":{"@type":"PropertyValueSpecification","valueRequired":true,"valueName":"search_term_string"}}],"inLanguage":"en-US"},{"@type":"Organization","@id":"https:\/\/norwegianmade.no\/#organization","name":"Norwegian Made","url":"https:\/\/norwegianmade.no\/","logo":{"@type":"ImageObject","inLanguage":"en-US","@id":"https:\/\/norwegianmade.no\/#\/schema\/logo\/image\/","url":"https:\/\/norwegianmade.no\/wp-content\/uploads\/2020\/11\/logo-liggende-norwegian-made-web.png","contentUrl":"https:\/\/norwegianmade.no\/wp-content\/uploads\/2020\/11\/logo-liggende-norwegian-made-web.png","width":200,"height":58,"caption":"Norwegian Made"},"image":{"@id":"https:\/\/norwegianmade.no\/#\/schema\/logo\/image\/"}}]}},"_links":{"self":[{"href":"https:\/\/norwegianmade.no\/en\/wp-json\/wp\/v2\/product\/22075","targetHints":{"allow":["GET"]}}],"collection":[{"href":"https:\/\/norwegianmade.no\/en\/wp-json\/wp\/v2\/product"}],"about":[{"href":"https:\/\/norwegianmade.no\/en\/wp-json\/wp\/v2\/types\/product"}],"replies":[{"embeddable":true,"href":"https:\/\/norwegianmade.no\/en\/wp-json\/wp\/v2\/comments?post=22075"}],"wp:featuredmedia":[{"embeddable":true,"href":"https:\/\/norwegianmade.no\/en\/wp-json\/wp\/v2\/media\/22079"}],"wp:attachment":[{"href":"https:\/\/norwegianmade.no\/en\/wp-json\/wp\/v2\/media?parent=22075"}],"wp:term":[{"taxonomy":"product_brand","embeddable":true,"href":"https:\/\/norwegianmade.no\/en\/wp-json\/wp\/v2\/product_brand?post=22075"},{"taxonomy":"product_cat","embeddable":true,"href":"https:\/\/norwegianmade.no\/en\/wp-json\/wp\/v2\/product_cat?post=22075"},{"taxonomy":"product_tag","embeddable":true,"href":"https:\/\/norwegianmade.no\/en\/wp-json\/wp\/v2\/product_tag?post=22075"}],"curies":[{"name":"wp","href":"https:\/\/api.w.org\/{rel}","templated":true}]}}