{"id":22100,"date":"2024-10-29T12:29:46","date_gmt":"2024-10-29T11:29:46","guid":{"rendered":"https:\/\/norwegianmade.no\/produkt\/olivensape-tilgjengelig-i-7-forskjellige-naturlige-dufter\/"},"modified":"2025-08-14T08:36:13","modified_gmt":"2025-08-14T06:36:13","slug":"olivensape-tilgjengelig-i-7-forskjellige-naturlige-dufter","status":"publish","type":"product","link":"https:\/\/norwegianmade.no\/en\/produkt\/olivensape-tilgjengelig-i-7-forskjellige-naturlige-dufter\/","title":{"rendered":"Olivens\u00e5pe, 7 forskjellige naturlige dufter"},"content":{"rendered":"<p><strong style=\"margin-bottom: 0px\" data-mce-style=\"margin-bottom: 0px;\">Olivens\u00e5per for bevisste forbruker<\/strong><\/p>\n<p>Egenskaper:<\/p>\n<p>*uten skummiddel: skumforming er naturlig og mildt<br \/>*n\u00e6rende og beskyttende<br \/>*h\u00f8yeste kvalitet Kretiske olivenolje\/urter ekstrakter<br \/>*beriket med eteriske oljer<br \/>*total kroppspleie<br \/>*for hud og h\u00e5r<br \/>*naturlig<br \/>*\u00f8kologisk<br \/>*vegansk<br \/>*b\u00e6rekraftig<br \/>*milj\u00f8vennlig: biologisk nedbrytbart<br \/>*<a href=\"https:\/\/no.wikipedia.org\/wiki\/Oppsirkulering\" target=\"_blank\" rel=\"noreferrer noopener\" data-mce-href=\"https:\/\/no.wikipedia.org\/wiki\/Oppsirkulering\">oppsirkulering<\/a>,\u00a0<a href=\"https:\/\/no.wikipedia.org\/wiki\/Zero_waste\" target=\"_blank\" rel=\"noreferrer noopener\" data-mce-href=\"https:\/\/no.wikipedia.org\/wiki\/Zero_waste\">zero waste<\/a>: du kan lage flytende s\u00e5pe av sm\u00e5 s\u00e5perester (<a data-mce-href=\"https:\/\/cretan-garden.shop\/oppskrift-flytende-sape\/\" href=\"https:\/\/cretan-garden.shop\/oppskrift-flytende-sape\/\" target=\"_blank\" rel=\"noopener\">oppskrift<\/a>)<br \/>*<a href=\"https:\/\/no.wikipedia.org\/wiki\/Oppsirkulering\" target=\"_blank\" rel=\"noreferrer noopener\" data-mce-href=\"https:\/\/no.wikipedia.org\/wiki\/Oppsirkulering\">oppsirkulering<\/a>,\u00a0<a href=\"https:\/\/no.wikipedia.org\/wiki\/Zero_waste\" target=\"_blank\" rel=\"noreferrer noopener\" data-mce-href=\"https:\/\/no.wikipedia.org\/wiki\/Zero_waste\">zero waste<\/a>: s\u00e5per er laget av fortsatt perfekt, men nesten utl\u00f8pende toppkvalitet olivenolje<\/p>\n<p>F\u00f8lg bloggen min\u00a0<a data-mce-href=\"https:\/\/cretan-garden.shop\/blog\/\" href=\"https:\/\/cretan-garden.shop\/blog\/\">her<\/a>.\u00a0<\/p>\n","protected":false},"excerpt":{"rendered":"<p>En b\u00e6rekraftig kosmetisk produkt<\/p>\n","protected":false},"featured_media":22098,"comment_status":"open","ping_status":"closed","template":"","meta":{"_acf_changed":false},"product_brand":[],"product_cat":[],"product_tag":[],"class_list":{"0":"post-22100","1":"product","2":"type-product","3":"status-publish","4":"has-post-thumbnail","7":"first","8":"instock","9":"taxable","10":"shipping-taxable","11":"product-type-external"},"acf":[],"yoast_head":"<!-- This site is optimized with the Yoast SEO plugin v27.1.1 - https:\/\/yoast.com\/product\/yoast-seo-wordpress\/ -->\n<title>Olivens\u00e5pe, 7 forskjellige naturlige dufter &#8226; Norwegian Made<\/title>\n<meta name=\"robots\" content=\"index, follow, max-snippet:-1, max-image-preview:large, max-video-preview:-1\" \/>\n<link rel=\"canonical\" href=\"https:\/\/norwegianmade.no\/produkt\/olivensape-tilgjengelig-i-7-forskjellige-naturlige-dufter\/\" \/>\n<meta property=\"og:locale\" content=\"en_US\" \/>\n<meta property=\"og:type\" content=\"article\" \/>\n<meta property=\"og:title\" content=\"Olivens\u00e5pe, 7 forskjellige naturlige dufter &#8226; Norwegian Made\" \/>\n<meta property=\"og:description\" content=\"En b\u00e6rekraftig kosmetisk produkt\" \/>\n<meta property=\"og:url\" content=\"https:\/\/norwegianmade.no\/produkt\/olivensape-tilgjengelig-i-7-forskjellige-naturlige-dufter\/\" \/>\n<meta property=\"og:site_name\" content=\"Norwegian Made\" \/>\n<meta property=\"article:modified_time\" content=\"2025-08-14T06:36:13+00:00\" \/>\n<meta property=\"og:image\" content=\"https:\/\/norwegianmade.no\/wp-content\/uploads\/2024\/10\/IMG_5325-1.jpg\" \/>\n\t<meta property=\"og:image:width\" content=\"1080\" \/>\n\t<meta property=\"og:image:height\" content=\"1080\" \/>\n\t<meta property=\"og:image:type\" content=\"image\/jpeg\" \/>\n<meta name=\"twitter:card\" content=\"summary_large_image\" \/>\n<script type=\"application\/ld+json\" class=\"yoast-schema-graph\">{\"@context\":\"https:\/\/schema.org\",\"@graph\":[{\"@type\":\"WebPage\",\"@id\":\"https:\/\/norwegianmade.no\/produkt\/olivensape-tilgjengelig-i-7-forskjellige-naturlige-dufter\/\",\"url\":\"https:\/\/norwegianmade.no\/produkt\/olivensape-tilgjengelig-i-7-forskjellige-naturlige-dufter\/\",\"name\":\"Olivens\u00e5pe, 7 forskjellige naturlige dufter &#8226; Norwegian Made\",\"isPartOf\":{\"@id\":\"https:\/\/norwegianmade.no\/#website\"},\"primaryImageOfPage\":{\"@id\":\"https:\/\/norwegianmade.no\/produkt\/olivensape-tilgjengelig-i-7-forskjellige-naturlige-dufter\/#primaryimage\"},\"image\":{\"@id\":\"https:\/\/norwegianmade.no\/produkt\/olivensape-tilgjengelig-i-7-forskjellige-naturlige-dufter\/#primaryimage\"},\"thumbnailUrl\":\"https:\/\/norwegianmade.no\/wp-content\/uploads\/2024\/10\/IMG_5325-1.jpg\",\"datePublished\":\"2024-10-29T11:29:46+00:00\",\"dateModified\":\"2025-08-14T06:36:13+00:00\",\"breadcrumb\":{\"@id\":\"https:\/\/norwegianmade.no\/produkt\/olivensape-tilgjengelig-i-7-forskjellige-naturlige-dufter\/#breadcrumb\"},\"inLanguage\":\"en-US\",\"potentialAction\":[{\"@type\":\"ReadAction\",\"target\":[\"https:\/\/norwegianmade.no\/produkt\/olivensape-tilgjengelig-i-7-forskjellige-naturlige-dufter\/\"]}]},{\"@type\":\"ImageObject\",\"inLanguage\":\"en-US\",\"@id\":\"https:\/\/norwegianmade.no\/produkt\/olivensape-tilgjengelig-i-7-forskjellige-naturlige-dufter\/#primaryimage\",\"url\":\"https:\/\/norwegianmade.no\/wp-content\/uploads\/2024\/10\/IMG_5325-1.jpg\",\"contentUrl\":\"https:\/\/norwegianmade.no\/wp-content\/uploads\/2024\/10\/IMG_5325-1.jpg\",\"width\":1080,\"height\":1080},{\"@type\":\"BreadcrumbList\",\"@id\":\"https:\/\/norwegianmade.no\/produkt\/olivensape-tilgjengelig-i-7-forskjellige-naturlige-dufter\/#breadcrumb\",\"itemListElement\":[{\"@type\":\"ListItem\",\"position\":1,\"name\":\"Hjem\",\"item\":\"https:\/\/norwegianmade.no\/en\/\"},{\"@type\":\"ListItem\",\"position\":2,\"name\":\"Shop\",\"item\":\"https:\/\/norwegianmade.no\/en\/shop\/\"},{\"@type\":\"ListItem\",\"position\":3,\"name\":\"Olivens\u00e5pe, 7 forskjellige naturlige dufter\"}]},{\"@type\":\"WebSite\",\"@id\":\"https:\/\/norwegianmade.no\/#website\",\"url\":\"https:\/\/norwegianmade.no\/\",\"name\":\"Norwegian Made\",\"description\":\"Norges st\u00f8rste markedsplass for norske produsenter\",\"publisher\":{\"@id\":\"https:\/\/norwegianmade.no\/#organization\"},\"potentialAction\":[{\"@type\":\"SearchAction\",\"target\":{\"@type\":\"EntryPoint\",\"urlTemplate\":\"https:\/\/norwegianmade.no\/?s={search_term_string}\"},\"query-input\":{\"@type\":\"PropertyValueSpecification\",\"valueRequired\":true,\"valueName\":\"search_term_string\"}}],\"inLanguage\":\"en-US\"},{\"@type\":\"Organization\",\"@id\":\"https:\/\/norwegianmade.no\/#organization\",\"name\":\"Norwegian Made\",\"url\":\"https:\/\/norwegianmade.no\/\",\"logo\":{\"@type\":\"ImageObject\",\"inLanguage\":\"en-US\",\"@id\":\"https:\/\/norwegianmade.no\/#\/schema\/logo\/image\/\",\"url\":\"https:\/\/norwegianmade.no\/wp-content\/uploads\/2020\/11\/logo-liggende-norwegian-made-web.png\",\"contentUrl\":\"https:\/\/norwegianmade.no\/wp-content\/uploads\/2020\/11\/logo-liggende-norwegian-made-web.png\",\"width\":200,\"height\":58,\"caption\":\"Norwegian Made\"},\"image\":{\"@id\":\"https:\/\/norwegianmade.no\/#\/schema\/logo\/image\/\"}}]}<\/script>\n<!-- \/ Yoast SEO plugin. -->","yoast_head_json":{"title":"Olivens\u00e5pe, 7 forskjellige naturlige dufter &#8226; Norwegian Made","robots":{"index":"index","follow":"follow","max-snippet":"max-snippet:-1","max-image-preview":"max-image-preview:large","max-video-preview":"max-video-preview:-1"},"canonical":"https:\/\/norwegianmade.no\/produkt\/olivensape-tilgjengelig-i-7-forskjellige-naturlige-dufter\/","og_locale":"en_US","og_type":"article","og_title":"Olivens\u00e5pe, 7 forskjellige naturlige dufter &#8226; Norwegian Made","og_description":"En b\u00e6rekraftig kosmetisk produkt","og_url":"https:\/\/norwegianmade.no\/produkt\/olivensape-tilgjengelig-i-7-forskjellige-naturlige-dufter\/","og_site_name":"Norwegian Made","article_modified_time":"2025-08-14T06:36:13+00:00","og_image":[{"width":1080,"height":1080,"url":"https:\/\/norwegianmade.no\/wp-content\/uploads\/2024\/10\/IMG_5325-1.jpg","type":"image\/jpeg"}],"twitter_card":"summary_large_image","schema":{"@context":"https:\/\/schema.org","@graph":[{"@type":"WebPage","@id":"https:\/\/norwegianmade.no\/produkt\/olivensape-tilgjengelig-i-7-forskjellige-naturlige-dufter\/","url":"https:\/\/norwegianmade.no\/produkt\/olivensape-tilgjengelig-i-7-forskjellige-naturlige-dufter\/","name":"Olivens\u00e5pe, 7 forskjellige naturlige dufter &#8226; Norwegian Made","isPartOf":{"@id":"https:\/\/norwegianmade.no\/#website"},"primaryImageOfPage":{"@id":"https:\/\/norwegianmade.no\/produkt\/olivensape-tilgjengelig-i-7-forskjellige-naturlige-dufter\/#primaryimage"},"image":{"@id":"https:\/\/norwegianmade.no\/produkt\/olivensape-tilgjengelig-i-7-forskjellige-naturlige-dufter\/#primaryimage"},"thumbnailUrl":"https:\/\/norwegianmade.no\/wp-content\/uploads\/2024\/10\/IMG_5325-1.jpg","datePublished":"2024-10-29T11:29:46+00:00","dateModified":"2025-08-14T06:36:13+00:00","breadcrumb":{"@id":"https:\/\/norwegianmade.no\/produkt\/olivensape-tilgjengelig-i-7-forskjellige-naturlige-dufter\/#breadcrumb"},"inLanguage":"en-US","potentialAction":[{"@type":"ReadAction","target":["https:\/\/norwegianmade.no\/produkt\/olivensape-tilgjengelig-i-7-forskjellige-naturlige-dufter\/"]}]},{"@type":"ImageObject","inLanguage":"en-US","@id":"https:\/\/norwegianmade.no\/produkt\/olivensape-tilgjengelig-i-7-forskjellige-naturlige-dufter\/#primaryimage","url":"https:\/\/norwegianmade.no\/wp-content\/uploads\/2024\/10\/IMG_5325-1.jpg","contentUrl":"https:\/\/norwegianmade.no\/wp-content\/uploads\/2024\/10\/IMG_5325-1.jpg","width":1080,"height":1080},{"@type":"BreadcrumbList","@id":"https:\/\/norwegianmade.no\/produkt\/olivensape-tilgjengelig-i-7-forskjellige-naturlige-dufter\/#breadcrumb","itemListElement":[{"@type":"ListItem","position":1,"name":"Hjem","item":"https:\/\/norwegianmade.no\/en\/"},{"@type":"ListItem","position":2,"name":"Shop","item":"https:\/\/norwegianmade.no\/en\/shop\/"},{"@type":"ListItem","position":3,"name":"Olivens\u00e5pe, 7 forskjellige naturlige dufter"}]},{"@type":"WebSite","@id":"https:\/\/norwegianmade.no\/#website","url":"https:\/\/norwegianmade.no\/","name":"Norwegian Made","description":"Norges st\u00f8rste markedsplass for norske produsenter","publisher":{"@id":"https:\/\/norwegianmade.no\/#organization"},"potentialAction":[{"@type":"SearchAction","target":{"@type":"EntryPoint","urlTemplate":"https:\/\/norwegianmade.no\/?s={search_term_string}"},"query-input":{"@type":"PropertyValueSpecification","valueRequired":true,"valueName":"search_term_string"}}],"inLanguage":"en-US"},{"@type":"Organization","@id":"https:\/\/norwegianmade.no\/#organization","name":"Norwegian Made","url":"https:\/\/norwegianmade.no\/","logo":{"@type":"ImageObject","inLanguage":"en-US","@id":"https:\/\/norwegianmade.no\/#\/schema\/logo\/image\/","url":"https:\/\/norwegianmade.no\/wp-content\/uploads\/2020\/11\/logo-liggende-norwegian-made-web.png","contentUrl":"https:\/\/norwegianmade.no\/wp-content\/uploads\/2020\/11\/logo-liggende-norwegian-made-web.png","width":200,"height":58,"caption":"Norwegian Made"},"image":{"@id":"https:\/\/norwegianmade.no\/#\/schema\/logo\/image\/"}}]}},"_links":{"self":[{"href":"https:\/\/norwegianmade.no\/en\/wp-json\/wp\/v2\/product\/22100","targetHints":{"allow":["GET"]}}],"collection":[{"href":"https:\/\/norwegianmade.no\/en\/wp-json\/wp\/v2\/product"}],"about":[{"href":"https:\/\/norwegianmade.no\/en\/wp-json\/wp\/v2\/types\/product"}],"replies":[{"embeddable":true,"href":"https:\/\/norwegianmade.no\/en\/wp-json\/wp\/v2\/comments?post=22100"}],"wp:featuredmedia":[{"embeddable":true,"href":"https:\/\/norwegianmade.no\/en\/wp-json\/wp\/v2\/media\/22098"}],"wp:attachment":[{"href":"https:\/\/norwegianmade.no\/en\/wp-json\/wp\/v2\/media?parent=22100"}],"wp:term":[{"taxonomy":"product_brand","embeddable":true,"href":"https:\/\/norwegianmade.no\/en\/wp-json\/wp\/v2\/product_brand?post=22100"},{"taxonomy":"product_cat","embeddable":true,"href":"https:\/\/norwegianmade.no\/en\/wp-json\/wp\/v2\/product_cat?post=22100"},{"taxonomy":"product_tag","embeddable":true,"href":"https:\/\/norwegianmade.no\/en\/wp-json\/wp\/v2\/product_tag?post=22100"}],"curies":[{"name":"wp","href":"https:\/\/api.w.org\/{rel}","templated":true}]}}