{"id":22137,"date":"2024-11-11T13:04:28","date_gmt":"2024-11-11T12:04:28","guid":{"rendered":"https:\/\/norwegianmade.no\/produkt\/lysegronn-minitre-i-ull\/"},"modified":"2026-03-17T14:09:34","modified_gmt":"2026-03-17T13:09:34","slug":"lysegronn-minitre-i-ull","status":"publish","type":"product","link":"https:\/\/norwegianmade.no\/en\/produkt\/lysegronn-minitre-i-ull\/","title":{"rendered":"Lysegr\u00f8nn minitre i ull (ca 30 cm)"},"content":{"rendered":"<p><\/p>\n","protected":false},"excerpt":{"rendered":"<p style=\"margin-top: 0px;margin-bottom: 1rem;font-family: Lato, sans-serif\" data-mce-style=\"margin-top: 0px; margin-bottom: 1rem; font-family: Lato, sans-serif;\">Dette sjarmerende treet p\u00e5 ca 30 cm er det minste i kolleksjonen ulltr\u00e6r p\u00e5 kvist. Treet er laget av ull i en skj\u00f8nn lysegr\u00f8nn farge, og dekorert med sm\u00e5 prikker i m\u00f8rkegr\u00f8nn, hvit og okergul ull.\u00a0<\/p>\n<p style=\"margin-top: 0px;margin-bottom: 1rem;font-family: Lato, sans-serif\" data-mce-style=\"margin-top: 0px; margin-bottom: 1rem; font-family: Lato, sans-serif;\">Treet er fylt med allergivennlig fyllvatt, og har et herlig lubbent utseende.<br \/>Jeg bruker teknikken n\u00e5lefilting n\u00e5r jeg fester de sm\u00e5 prikkene i treet. Kvisten er satt inn i treet, og er inkludert i prisen.<\/p>\n<p style=\"margin-top: 0px;margin-bottom: 1rem;font-family: Lato, sans-serif\" data-mce-style=\"margin-top: 0px; margin-bottom: 1rem; font-family: Lato, sans-serif;\">I tillegg til dette s\u00f8te minitreet best\u00e5r kolleksjonen av tr\u00e6r i 2 andre st\u00f8rrelser. De mellomstore tr\u00e6rne er ca 35 cm, mens de st\u00f8rste er ca 40 cm fra bunn til topp. Tr\u00e6rne blir gjerne et par cm lengre n\u00e5r kvisten er satt i treet.<\/p>\n<p style=\"margin-top: 0px;margin-bottom: 1rem;font-family: Lato, sans-serif\" data-mce-style=\"margin-top: 0px; margin-bottom: 1rem; font-family: Lato, sans-serif;\">Jeg lager tr\u00e6r i andre farger ogs\u00e5; r\u00f8d, hvit, okergul, m\u00f8rk oker, gr\u00f8nn, lysgr\u00e5, koksgr\u00e5 . Her i nettbutikken viser jeg et utvalg av tr\u00e6r, og flere varianter blir lagt til frem mot julen.<\/p>\n<p style=\"margin-top: 0px;margin-bottom: 1rem;font-family: Lato, sans-serif\" data-mce-style=\"margin-top: 0px; margin-bottom: 1rem; font-family: Lato, sans-serif;\">Dersom du \u00f8nsker \u00e5 kj\u00f8pe ensfargede tr\u00e6r, eller vil ha andre farger p\u00e5 prikkene p\u00e5 tr\u00e6rne er du velkommen til \u00e5 ta kontakt.\u00a0<\/p>\n<p style=\"margin-top: 0px;margin-bottom: 1rem;font-family: Lato, sans-serif\" data-mce-style=\"margin-top: 0px; margin-bottom: 1rem; font-family: Lato, sans-serif;\">Ta gjerne en titt p\u00e5 min Instagram @aasearild for flere bilder av mine egendesignede produkter i ull.<\/p>\n<p style=\"margin-top: 0px;margin-bottom: 1rem;font-family: Lato, sans-serif\" data-mce-style=\"margin-top: 0px; margin-bottom: 1rem; font-family: Lato, sans-serif;\">Takk for bes\u00f8ket!\u00a0<\/p>\n","protected":false},"featured_media":22135,"comment_status":"open","ping_status":"closed","template":"","meta":{"_acf_changed":false},"product_brand":[],"product_cat":[82,112,59,324,60],"product_tag":[],"class_list":{"0":"post-22137","1":"product","2":"type-product","3":"status-publish","4":"has-post-thumbnail","6":"product_cat-handverk","7":"product_cat-innredning","8":"product_cat-interior-kunst","9":"product_cat-jul","10":"product_cat-tekstil","12":"first","13":"instock","14":"sold-individually","15":"taxable","16":"shipping-taxable","17":"product-type-simple"},"acf":[],"yoast_head":"<!-- This site is optimized with the Yoast SEO plugin v27.1.1 - https:\/\/yoast.com\/product\/yoast-seo-wordpress\/ -->\n<title>Lysegr\u00f8nn minitre i ull (ca 30 cm) &#8226; Norwegian Made<\/title>\n<meta name=\"robots\" content=\"index, follow, max-snippet:-1, max-image-preview:large, max-video-preview:-1\" \/>\n<link rel=\"canonical\" href=\"https:\/\/norwegianmade.no\/produkt\/lysegronn-minitre-i-ull\/\" \/>\n<meta property=\"og:locale\" content=\"en_US\" \/>\n<meta property=\"og:type\" content=\"article\" \/>\n<meta property=\"og:title\" content=\"Lysegr\u00f8nn minitre i ull (ca 30 cm) &#8226; Norwegian Made\" \/>\n<meta property=\"og:description\" content=\"Dette sjarmerende treet p\u00e5 ca 30 cm er det minste i kolleksjonen ulltr\u00e6r p\u00e5 kvist. Treet er laget av ull i en skj\u00f8nn lysegr\u00f8nn farge, og dekorert med sm\u00e5 prikker i m\u00f8rkegr\u00f8nn, hvit og okergul ull.\u00a0Treet er fylt med allergivennlig fyllvatt, og har et herlig lubbent utseende.Jeg bruker teknikken n\u00e5lefilting n\u00e5r jeg fester de sm\u00e5 prikkene i treet. Kvisten er satt inn i treet, og er inkludert i prisen.I tillegg til dette s\u00f8te minitreet best\u00e5r kolleksjonen av tr\u00e6r i 2 andre st\u00f8rrelser. De mellomstore tr\u00e6rne er ca 35 cm, mens de st\u00f8rste er ca 40 cm fra bunn til topp. Tr\u00e6rne blir gjerne et par cm lengre n\u00e5r kvisten er satt i treet.Jeg lager tr\u00e6r i andre farger ogs\u00e5; r\u00f8d, hvit, okergul, m\u00f8rk oker, gr\u00f8nn, lysgr\u00e5, koksgr\u00e5 . Her i nettbutikken viser jeg et utvalg av tr\u00e6r, og flere varianter blir lagt til frem mot julen.Dersom du \u00f8nsker \u00e5 kj\u00f8pe ensfargede tr\u00e6r, eller vil ha andre farger p\u00e5 prikkene p\u00e5 tr\u00e6rne er du velkommen til \u00e5 ta kontakt.\u00a0Ta gjerne en titt p\u00e5 min Instagram @aasearild for flere bilder av mine egendesignede produkter i ull.Takk for bes\u00f8ket!\u00a0\" \/>\n<meta property=\"og:url\" content=\"https:\/\/norwegianmade.no\/produkt\/lysegronn-minitre-i-ull\/\" \/>\n<meta property=\"og:site_name\" content=\"Norwegian Made\" \/>\n<meta property=\"article:modified_time\" content=\"2026-03-17T13:09:34+00:00\" \/>\n<meta property=\"og:image\" content=\"https:\/\/norwegianmade.no\/wp-content\/uploads\/2024\/11\/IMG_4356.png\" \/>\n\t<meta property=\"og:image:width\" content=\"480\" \/>\n\t<meta property=\"og:image:height\" content=\"640\" \/>\n\t<meta property=\"og:image:type\" content=\"image\/png\" \/>\n<meta name=\"twitter:card\" content=\"summary_large_image\" \/>\n<script type=\"application\/ld+json\" class=\"yoast-schema-graph\">{\"@context\":\"https:\/\/schema.org\",\"@graph\":[{\"@type\":\"WebPage\",\"@id\":\"https:\/\/norwegianmade.no\/produkt\/lysegronn-minitre-i-ull\/\",\"url\":\"https:\/\/norwegianmade.no\/produkt\/lysegronn-minitre-i-ull\/\",\"name\":\"Lysegr\u00f8nn minitre i ull (ca 30 cm) &#8226; Norwegian Made\",\"isPartOf\":{\"@id\":\"https:\/\/norwegianmade.no\/#website\"},\"primaryImageOfPage\":{\"@id\":\"https:\/\/norwegianmade.no\/produkt\/lysegronn-minitre-i-ull\/#primaryimage\"},\"image\":{\"@id\":\"https:\/\/norwegianmade.no\/produkt\/lysegronn-minitre-i-ull\/#primaryimage\"},\"thumbnailUrl\":\"https:\/\/norwegianmade.no\/wp-content\/uploads\/2024\/11\/IMG_4356.png\",\"datePublished\":\"2024-11-11T12:04:28+00:00\",\"dateModified\":\"2026-03-17T13:09:34+00:00\",\"breadcrumb\":{\"@id\":\"https:\/\/norwegianmade.no\/produkt\/lysegronn-minitre-i-ull\/#breadcrumb\"},\"inLanguage\":\"en-US\",\"potentialAction\":[{\"@type\":\"ReadAction\",\"target\":[\"https:\/\/norwegianmade.no\/produkt\/lysegronn-minitre-i-ull\/\"]}]},{\"@type\":\"ImageObject\",\"inLanguage\":\"en-US\",\"@id\":\"https:\/\/norwegianmade.no\/produkt\/lysegronn-minitre-i-ull\/#primaryimage\",\"url\":\"https:\/\/norwegianmade.no\/wp-content\/uploads\/2024\/11\/IMG_4356.png\",\"contentUrl\":\"https:\/\/norwegianmade.no\/wp-content\/uploads\/2024\/11\/IMG_4356.png\",\"width\":480,\"height\":640},{\"@type\":\"BreadcrumbList\",\"@id\":\"https:\/\/norwegianmade.no\/produkt\/lysegronn-minitre-i-ull\/#breadcrumb\",\"itemListElement\":[{\"@type\":\"ListItem\",\"position\":1,\"name\":\"Hjem\",\"item\":\"https:\/\/norwegianmade.no\/en\/\"},{\"@type\":\"ListItem\",\"position\":2,\"name\":\"Shop\",\"item\":\"https:\/\/norwegianmade.no\/en\/shop\/\"},{\"@type\":\"ListItem\",\"position\":3,\"name\":\"Lysegr\u00f8nn minitre i ull (ca 30 cm)\"}]},{\"@type\":\"WebSite\",\"@id\":\"https:\/\/norwegianmade.no\/#website\",\"url\":\"https:\/\/norwegianmade.no\/\",\"name\":\"Norwegian Made\",\"description\":\"Norges st\u00f8rste markedsplass for norske produsenter\",\"publisher\":{\"@id\":\"https:\/\/norwegianmade.no\/#organization\"},\"potentialAction\":[{\"@type\":\"SearchAction\",\"target\":{\"@type\":\"EntryPoint\",\"urlTemplate\":\"https:\/\/norwegianmade.no\/?s={search_term_string}\"},\"query-input\":{\"@type\":\"PropertyValueSpecification\",\"valueRequired\":true,\"valueName\":\"search_term_string\"}}],\"inLanguage\":\"en-US\"},{\"@type\":\"Organization\",\"@id\":\"https:\/\/norwegianmade.no\/#organization\",\"name\":\"Norwegian Made\",\"url\":\"https:\/\/norwegianmade.no\/\",\"logo\":{\"@type\":\"ImageObject\",\"inLanguage\":\"en-US\",\"@id\":\"https:\/\/norwegianmade.no\/#\/schema\/logo\/image\/\",\"url\":\"https:\/\/norwegianmade.no\/wp-content\/uploads\/2020\/11\/logo-liggende-norwegian-made-web.png\",\"contentUrl\":\"https:\/\/norwegianmade.no\/wp-content\/uploads\/2020\/11\/logo-liggende-norwegian-made-web.png\",\"width\":200,\"height\":58,\"caption\":\"Norwegian Made\"},\"image\":{\"@id\":\"https:\/\/norwegianmade.no\/#\/schema\/logo\/image\/\"}}]}<\/script>\n<!-- \/ Yoast SEO plugin. -->","yoast_head_json":{"title":"Lysegr\u00f8nn minitre i ull (ca 30 cm) &#8226; Norwegian Made","robots":{"index":"index","follow":"follow","max-snippet":"max-snippet:-1","max-image-preview":"max-image-preview:large","max-video-preview":"max-video-preview:-1"},"canonical":"https:\/\/norwegianmade.no\/produkt\/lysegronn-minitre-i-ull\/","og_locale":"en_US","og_type":"article","og_title":"Lysegr\u00f8nn minitre i ull (ca 30 cm) &#8226; Norwegian Made","og_description":"Dette sjarmerende treet p\u00e5 ca 30 cm er det minste i kolleksjonen ulltr\u00e6r p\u00e5 kvist. Treet er laget av ull i en skj\u00f8nn lysegr\u00f8nn farge, og dekorert med sm\u00e5 prikker i m\u00f8rkegr\u00f8nn, hvit og okergul ull.\u00a0Treet er fylt med allergivennlig fyllvatt, og har et herlig lubbent utseende.Jeg bruker teknikken n\u00e5lefilting n\u00e5r jeg fester de sm\u00e5 prikkene i treet. Kvisten er satt inn i treet, og er inkludert i prisen.I tillegg til dette s\u00f8te minitreet best\u00e5r kolleksjonen av tr\u00e6r i 2 andre st\u00f8rrelser. De mellomstore tr\u00e6rne er ca 35 cm, mens de st\u00f8rste er ca 40 cm fra bunn til topp. Tr\u00e6rne blir gjerne et par cm lengre n\u00e5r kvisten er satt i treet.Jeg lager tr\u00e6r i andre farger ogs\u00e5; r\u00f8d, hvit, okergul, m\u00f8rk oker, gr\u00f8nn, lysgr\u00e5, koksgr\u00e5 . Her i nettbutikken viser jeg et utvalg av tr\u00e6r, og flere varianter blir lagt til frem mot julen.Dersom du \u00f8nsker \u00e5 kj\u00f8pe ensfargede tr\u00e6r, eller vil ha andre farger p\u00e5 prikkene p\u00e5 tr\u00e6rne er du velkommen til \u00e5 ta kontakt.\u00a0Ta gjerne en titt p\u00e5 min Instagram @aasearild for flere bilder av mine egendesignede produkter i ull.Takk for bes\u00f8ket!\u00a0","og_url":"https:\/\/norwegianmade.no\/produkt\/lysegronn-minitre-i-ull\/","og_site_name":"Norwegian Made","article_modified_time":"2026-03-17T13:09:34+00:00","og_image":[{"width":480,"height":640,"url":"https:\/\/norwegianmade.no\/wp-content\/uploads\/2024\/11\/IMG_4356.png","type":"image\/png"}],"twitter_card":"summary_large_image","schema":{"@context":"https:\/\/schema.org","@graph":[{"@type":"WebPage","@id":"https:\/\/norwegianmade.no\/produkt\/lysegronn-minitre-i-ull\/","url":"https:\/\/norwegianmade.no\/produkt\/lysegronn-minitre-i-ull\/","name":"Lysegr\u00f8nn minitre i ull (ca 30 cm) &#8226; Norwegian Made","isPartOf":{"@id":"https:\/\/norwegianmade.no\/#website"},"primaryImageOfPage":{"@id":"https:\/\/norwegianmade.no\/produkt\/lysegronn-minitre-i-ull\/#primaryimage"},"image":{"@id":"https:\/\/norwegianmade.no\/produkt\/lysegronn-minitre-i-ull\/#primaryimage"},"thumbnailUrl":"https:\/\/norwegianmade.no\/wp-content\/uploads\/2024\/11\/IMG_4356.png","datePublished":"2024-11-11T12:04:28+00:00","dateModified":"2026-03-17T13:09:34+00:00","breadcrumb":{"@id":"https:\/\/norwegianmade.no\/produkt\/lysegronn-minitre-i-ull\/#breadcrumb"},"inLanguage":"en-US","potentialAction":[{"@type":"ReadAction","target":["https:\/\/norwegianmade.no\/produkt\/lysegronn-minitre-i-ull\/"]}]},{"@type":"ImageObject","inLanguage":"en-US","@id":"https:\/\/norwegianmade.no\/produkt\/lysegronn-minitre-i-ull\/#primaryimage","url":"https:\/\/norwegianmade.no\/wp-content\/uploads\/2024\/11\/IMG_4356.png","contentUrl":"https:\/\/norwegianmade.no\/wp-content\/uploads\/2024\/11\/IMG_4356.png","width":480,"height":640},{"@type":"BreadcrumbList","@id":"https:\/\/norwegianmade.no\/produkt\/lysegronn-minitre-i-ull\/#breadcrumb","itemListElement":[{"@type":"ListItem","position":1,"name":"Hjem","item":"https:\/\/norwegianmade.no\/en\/"},{"@type":"ListItem","position":2,"name":"Shop","item":"https:\/\/norwegianmade.no\/en\/shop\/"},{"@type":"ListItem","position":3,"name":"Lysegr\u00f8nn minitre i ull (ca 30 cm)"}]},{"@type":"WebSite","@id":"https:\/\/norwegianmade.no\/#website","url":"https:\/\/norwegianmade.no\/","name":"Norwegian Made","description":"Norges st\u00f8rste markedsplass for norske produsenter","publisher":{"@id":"https:\/\/norwegianmade.no\/#organization"},"potentialAction":[{"@type":"SearchAction","target":{"@type":"EntryPoint","urlTemplate":"https:\/\/norwegianmade.no\/?s={search_term_string}"},"query-input":{"@type":"PropertyValueSpecification","valueRequired":true,"valueName":"search_term_string"}}],"inLanguage":"en-US"},{"@type":"Organization","@id":"https:\/\/norwegianmade.no\/#organization","name":"Norwegian Made","url":"https:\/\/norwegianmade.no\/","logo":{"@type":"ImageObject","inLanguage":"en-US","@id":"https:\/\/norwegianmade.no\/#\/schema\/logo\/image\/","url":"https:\/\/norwegianmade.no\/wp-content\/uploads\/2020\/11\/logo-liggende-norwegian-made-web.png","contentUrl":"https:\/\/norwegianmade.no\/wp-content\/uploads\/2020\/11\/logo-liggende-norwegian-made-web.png","width":200,"height":58,"caption":"Norwegian Made"},"image":{"@id":"https:\/\/norwegianmade.no\/#\/schema\/logo\/image\/"}}]}},"_links":{"self":[{"href":"https:\/\/norwegianmade.no\/en\/wp-json\/wp\/v2\/product\/22137","targetHints":{"allow":["GET"]}}],"collection":[{"href":"https:\/\/norwegianmade.no\/en\/wp-json\/wp\/v2\/product"}],"about":[{"href":"https:\/\/norwegianmade.no\/en\/wp-json\/wp\/v2\/types\/product"}],"replies":[{"embeddable":true,"href":"https:\/\/norwegianmade.no\/en\/wp-json\/wp\/v2\/comments?post=22137"}],"wp:featuredmedia":[{"embeddable":true,"href":"https:\/\/norwegianmade.no\/en\/wp-json\/wp\/v2\/media\/22135"}],"wp:attachment":[{"href":"https:\/\/norwegianmade.no\/en\/wp-json\/wp\/v2\/media?parent=22137"}],"wp:term":[{"taxonomy":"product_brand","embeddable":true,"href":"https:\/\/norwegianmade.no\/en\/wp-json\/wp\/v2\/product_brand?post=22137"},{"taxonomy":"product_cat","embeddable":true,"href":"https:\/\/norwegianmade.no\/en\/wp-json\/wp\/v2\/product_cat?post=22137"},{"taxonomy":"product_tag","embeddable":true,"href":"https:\/\/norwegianmade.no\/en\/wp-json\/wp\/v2\/product_tag?post=22137"}],"curies":[{"name":"wp","href":"https:\/\/api.w.org\/{rel}","templated":true}]}}