{"id":22139,"date":"2024-11-19T09:45:03","date_gmt":"2024-11-19T08:45:03","guid":{"rendered":"https:\/\/norwegianmade.no\/?post_type=product&#038;p=22139"},"modified":"2025-08-11T08:59:38","modified_gmt":"2025-08-11T06:59:38","slug":"sjarmerende-uro-til-barnerommet","status":"publish","type":"product","link":"https:\/\/norwegianmade.no\/en\/produkt\/sjarmerende-uro-til-barnerommet\/","title":{"rendered":"Sjarmerende uro til barnerommet"},"content":{"rendered":"<p><\/p>\n","protected":false},"excerpt":{"rendered":"<p style=\"margin-top: 0px;margin-bottom: 1rem;font-family: Lato, sans-serif\" data-mce-style=\"margin-top: 0px; margin-bottom: 1rem; font-family: Lato, sans-serif;\">Denne s\u00f8te uroen er ypperlig \u00e5 ha hengende over sengen, stellebordet eller lekegrinden s\u00e5 barnet har noe \u00e5 se p\u00e5 og more seg med.<\/p>\n<p style=\"margin-top: 0px;margin-bottom: 1rem;font-family: Lato, sans-serif\" data-mce-style=\"margin-top: 0px; margin-bottom: 1rem; font-family: Lato, sans-serif;\">M\u00e5nen og skyene er laget i rosa, hvit og lysbrun filtet ull, og fylt med allergivennlig fyllvatt. <br \/>De er godt festet i solid hamptr\u00e5d sammen med matchende ullkuler.<\/p>\n<p style=\"margin-top: 0px;margin-bottom: 1rem;font-family: Lato, sans-serif\" data-mce-style=\"margin-top: 0px; margin-bottom: 1rem; font-family: Lato, sans-serif;\">Ringen er 20 cm i diameter.\u00a0<\/p>\n<p style=\"margin-top: 0px;margin-bottom: 1rem;font-family: Lato, sans-serif\" data-mce-style=\"margin-top: 0px; margin-bottom: 1rem; font-family: Lato, sans-serif;\">Lengde fra ringen til nederste del er ca 50 cm, men kan lett justeres og gj\u00f8res kortere.<\/p>\n<p style=\"margin-top: 0px;margin-bottom: 1rem;font-family: Lato, sans-serif\" data-mce-style=\"margin-top: 0px; margin-bottom: 1rem; font-family: Lato, sans-serif;\">Lengde fra ringen til oppheng er ca 43 cm.<\/p>\n<p style=\"margin-top: 0px;margin-bottom: 1rem;font-family: Lato, sans-serif\" data-mce-style=\"margin-top: 0px; margin-bottom: 1rem; font-family: Lato, sans-serif;\">Uroen er en flott interi\u00f8rdetalj p\u00e5 barnerommet.\u00a0<\/p>\n<p style=\"margin-top: 0px;margin-bottom: 1rem;font-family: Lato, sans-serif\" data-mce-style=\"margin-top: 0px; margin-bottom: 1rem; font-family: Lato, sans-serif;\">Flere bilder samt \u00a0noen videosnutter av uroene kan du se p\u00e5 min Instagramkonto @aasearild <\/p>\n<p style=\"margin-top: 0px;margin-bottom: 1rem;font-family: Lato, sans-serif\" data-mce-style=\"margin-top: 0px; margin-bottom: 1rem; font-family: Lato, sans-serif;\">Takk for bes\u00f8ket \u2601\ufe0f\ud83c\udf38\u2601\ufe0f\ud83c\udf19\u2601\ufe0f<\/p>\n<p><\/p>\n","protected":false},"featured_media":22141,"comment_status":"open","ping_status":"closed","template":"","meta":{"_acf_changed":false},"product_brand":[],"product_cat":[64,78,82,59,80,66,694,60],"product_tag":[],"class_list":{"0":"post-22139","1":"product","2":"type-product","3":"status-publish","4":"has-post-thumbnail","6":"product_cat-accessories","7":"product_cat-gaver","8":"product_cat-handverk","9":"product_cat-interior-kunst","10":"product_cat-interiorartikler","11":"product_cat-mobler-og-trevarer","12":"product_cat-pynt","13":"product_cat-tekstil","14":"product_shipping_class-brev","16":"first","17":"instock","18":"featured","19":"taxable","20":"shipping-taxable","21":"product-type-simple"},"acf":[],"yoast_head":"<!-- This site is optimized with the Yoast SEO plugin v27.1.1 - https:\/\/yoast.com\/product\/yoast-seo-wordpress\/ -->\n<title>Sjarmerende uro til barnerommet &#8226; Norwegian Made<\/title>\n<meta name=\"robots\" content=\"index, follow, max-snippet:-1, max-image-preview:large, max-video-preview:-1\" \/>\n<link rel=\"canonical\" href=\"https:\/\/norwegianmade.no\/produkt\/sjarmerende-uro-til-barnerommet\/\" \/>\n<meta property=\"og:locale\" content=\"en_US\" \/>\n<meta property=\"og:type\" content=\"article\" \/>\n<meta property=\"og:title\" content=\"Sjarmerende uro til barnerommet &#8226; Norwegian Made\" \/>\n<meta property=\"og:description\" content=\"Denne s\u00f8te uroen er ypperlig \u00e5 ha hengende over sengen, stellebordet eller lekegrinden s\u00e5 barnet har noe \u00e5 se p\u00e5 og more seg med.M\u00e5nen og skyene er laget i rosa, hvit og lysbrun filtet ull, og fylt med allergivennlig fyllvatt. De er godt festet i solid hamptr\u00e5d sammen med matchende ullkuler.Ringen er 20 cm i diameter.\u00a0Lengde fra ringen til nederste del er ca 50 cm, men kan lett justeres og gj\u00f8res kortere.Lengde fra ringen til oppheng er ca 43 cm.Uroen er en flott interi\u00f8rdetalj p\u00e5 barnerommet.\u00a0Flere bilder samt \u00a0noen videosnutter av uroene kan du se p\u00e5 min Instagramkonto @aasearild Takk for bes\u00f8ket \u2601\ufe0f\ud83c\udf38\u2601\ufe0f\ud83c\udf19\u2601\ufe0f\" \/>\n<meta property=\"og:url\" content=\"https:\/\/norwegianmade.no\/produkt\/sjarmerende-uro-til-barnerommet\/\" \/>\n<meta property=\"og:site_name\" content=\"Norwegian Made\" \/>\n<meta property=\"article:modified_time\" content=\"2025-08-11T06:59:38+00:00\" \/>\n<meta property=\"og:image\" content=\"https:\/\/norwegianmade.no\/wp-content\/uploads\/2024\/07\/IMG_1219.jpeg\" \/>\n\t<meta property=\"og:image:width\" content=\"617\" \/>\n\t<meta property=\"og:image:height\" content=\"640\" \/>\n\t<meta property=\"og:image:type\" content=\"image\/jpeg\" \/>\n<meta name=\"twitter:card\" content=\"summary_large_image\" \/>\n<script type=\"application\/ld+json\" class=\"yoast-schema-graph\">{\"@context\":\"https:\/\/schema.org\",\"@graph\":[{\"@type\":\"WebPage\",\"@id\":\"https:\/\/norwegianmade.no\/produkt\/sjarmerende-uro-til-barnerommet\/\",\"url\":\"https:\/\/norwegianmade.no\/produkt\/sjarmerende-uro-til-barnerommet\/\",\"name\":\"Sjarmerende uro til barnerommet &#8226; Norwegian Made\",\"isPartOf\":{\"@id\":\"https:\/\/norwegianmade.no\/#website\"},\"primaryImageOfPage\":{\"@id\":\"https:\/\/norwegianmade.no\/produkt\/sjarmerende-uro-til-barnerommet\/#primaryimage\"},\"image\":{\"@id\":\"https:\/\/norwegianmade.no\/produkt\/sjarmerende-uro-til-barnerommet\/#primaryimage\"},\"thumbnailUrl\":\"https:\/\/norwegianmade.no\/wp-content\/uploads\/2024\/11\/IMG_1853.jpeg\",\"datePublished\":\"2024-11-19T08:45:03+00:00\",\"dateModified\":\"2025-08-11T06:59:38+00:00\",\"breadcrumb\":{\"@id\":\"https:\/\/norwegianmade.no\/produkt\/sjarmerende-uro-til-barnerommet\/#breadcrumb\"},\"inLanguage\":\"en-US\",\"potentialAction\":[{\"@type\":\"ReadAction\",\"target\":[\"https:\/\/norwegianmade.no\/produkt\/sjarmerende-uro-til-barnerommet\/\"]}]},{\"@type\":\"ImageObject\",\"inLanguage\":\"en-US\",\"@id\":\"https:\/\/norwegianmade.no\/produkt\/sjarmerende-uro-til-barnerommet\/#primaryimage\",\"url\":\"https:\/\/norwegianmade.no\/wp-content\/uploads\/2024\/11\/IMG_1853.jpeg\",\"contentUrl\":\"https:\/\/norwegianmade.no\/wp-content\/uploads\/2024\/11\/IMG_1853.jpeg\",\"width\":1605,\"height\":1603,\"caption\":\"Screenshot\"},{\"@type\":\"BreadcrumbList\",\"@id\":\"https:\/\/norwegianmade.no\/produkt\/sjarmerende-uro-til-barnerommet\/#breadcrumb\",\"itemListElement\":[{\"@type\":\"ListItem\",\"position\":1,\"name\":\"Hjem\",\"item\":\"https:\/\/norwegianmade.no\/en\/\"},{\"@type\":\"ListItem\",\"position\":2,\"name\":\"Shop\",\"item\":\"https:\/\/norwegianmade.no\/en\/shop\/\"},{\"@type\":\"ListItem\",\"position\":3,\"name\":\"Sjarmerende uro til barnerommet\"}]},{\"@type\":\"WebSite\",\"@id\":\"https:\/\/norwegianmade.no\/#website\",\"url\":\"https:\/\/norwegianmade.no\/\",\"name\":\"Norwegian Made\",\"description\":\"Norges st\u00f8rste markedsplass for norske produsenter\",\"publisher\":{\"@id\":\"https:\/\/norwegianmade.no\/#organization\"},\"potentialAction\":[{\"@type\":\"SearchAction\",\"target\":{\"@type\":\"EntryPoint\",\"urlTemplate\":\"https:\/\/norwegianmade.no\/?s={search_term_string}\"},\"query-input\":{\"@type\":\"PropertyValueSpecification\",\"valueRequired\":true,\"valueName\":\"search_term_string\"}}],\"inLanguage\":\"en-US\"},{\"@type\":\"Organization\",\"@id\":\"https:\/\/norwegianmade.no\/#organization\",\"name\":\"Norwegian Made\",\"url\":\"https:\/\/norwegianmade.no\/\",\"logo\":{\"@type\":\"ImageObject\",\"inLanguage\":\"en-US\",\"@id\":\"https:\/\/norwegianmade.no\/#\/schema\/logo\/image\/\",\"url\":\"https:\/\/norwegianmade.no\/wp-content\/uploads\/2020\/11\/logo-liggende-norwegian-made-web.png\",\"contentUrl\":\"https:\/\/norwegianmade.no\/wp-content\/uploads\/2020\/11\/logo-liggende-norwegian-made-web.png\",\"width\":200,\"height\":58,\"caption\":\"Norwegian Made\"},\"image\":{\"@id\":\"https:\/\/norwegianmade.no\/#\/schema\/logo\/image\/\"}}]}<\/script>\n<!-- \/ Yoast SEO plugin. -->","yoast_head_json":{"title":"Sjarmerende uro til barnerommet &#8226; Norwegian Made","robots":{"index":"index","follow":"follow","max-snippet":"max-snippet:-1","max-image-preview":"max-image-preview:large","max-video-preview":"max-video-preview:-1"},"canonical":"https:\/\/norwegianmade.no\/produkt\/sjarmerende-uro-til-barnerommet\/","og_locale":"en_US","og_type":"article","og_title":"Sjarmerende uro til barnerommet &#8226; Norwegian Made","og_description":"Denne s\u00f8te uroen er ypperlig \u00e5 ha hengende over sengen, stellebordet eller lekegrinden s\u00e5 barnet har noe \u00e5 se p\u00e5 og more seg med.M\u00e5nen og skyene er laget i rosa, hvit og lysbrun filtet ull, og fylt med allergivennlig fyllvatt. De er godt festet i solid hamptr\u00e5d sammen med matchende ullkuler.Ringen er 20 cm i diameter.\u00a0Lengde fra ringen til nederste del er ca 50 cm, men kan lett justeres og gj\u00f8res kortere.Lengde fra ringen til oppheng er ca 43 cm.Uroen er en flott interi\u00f8rdetalj p\u00e5 barnerommet.\u00a0Flere bilder samt \u00a0noen videosnutter av uroene kan du se p\u00e5 min Instagramkonto @aasearild Takk for bes\u00f8ket \u2601\ufe0f\ud83c\udf38\u2601\ufe0f\ud83c\udf19\u2601\ufe0f","og_url":"https:\/\/norwegianmade.no\/produkt\/sjarmerende-uro-til-barnerommet\/","og_site_name":"Norwegian Made","article_modified_time":"2025-08-11T06:59:38+00:00","og_image":[{"width":617,"height":640,"url":"https:\/\/norwegianmade.no\/wp-content\/uploads\/2024\/07\/IMG_1219.jpeg","type":"image\/jpeg"}],"twitter_card":"summary_large_image","schema":{"@context":"https:\/\/schema.org","@graph":[{"@type":"WebPage","@id":"https:\/\/norwegianmade.no\/produkt\/sjarmerende-uro-til-barnerommet\/","url":"https:\/\/norwegianmade.no\/produkt\/sjarmerende-uro-til-barnerommet\/","name":"Sjarmerende uro til barnerommet &#8226; Norwegian Made","isPartOf":{"@id":"https:\/\/norwegianmade.no\/#website"},"primaryImageOfPage":{"@id":"https:\/\/norwegianmade.no\/produkt\/sjarmerende-uro-til-barnerommet\/#primaryimage"},"image":{"@id":"https:\/\/norwegianmade.no\/produkt\/sjarmerende-uro-til-barnerommet\/#primaryimage"},"thumbnailUrl":"https:\/\/norwegianmade.no\/wp-content\/uploads\/2024\/11\/IMG_1853.jpeg","datePublished":"2024-11-19T08:45:03+00:00","dateModified":"2025-08-11T06:59:38+00:00","breadcrumb":{"@id":"https:\/\/norwegianmade.no\/produkt\/sjarmerende-uro-til-barnerommet\/#breadcrumb"},"inLanguage":"en-US","potentialAction":[{"@type":"ReadAction","target":["https:\/\/norwegianmade.no\/produkt\/sjarmerende-uro-til-barnerommet\/"]}]},{"@type":"ImageObject","inLanguage":"en-US","@id":"https:\/\/norwegianmade.no\/produkt\/sjarmerende-uro-til-barnerommet\/#primaryimage","url":"https:\/\/norwegianmade.no\/wp-content\/uploads\/2024\/11\/IMG_1853.jpeg","contentUrl":"https:\/\/norwegianmade.no\/wp-content\/uploads\/2024\/11\/IMG_1853.jpeg","width":1605,"height":1603,"caption":"Screenshot"},{"@type":"BreadcrumbList","@id":"https:\/\/norwegianmade.no\/produkt\/sjarmerende-uro-til-barnerommet\/#breadcrumb","itemListElement":[{"@type":"ListItem","position":1,"name":"Hjem","item":"https:\/\/norwegianmade.no\/en\/"},{"@type":"ListItem","position":2,"name":"Shop","item":"https:\/\/norwegianmade.no\/en\/shop\/"},{"@type":"ListItem","position":3,"name":"Sjarmerende uro til barnerommet"}]},{"@type":"WebSite","@id":"https:\/\/norwegianmade.no\/#website","url":"https:\/\/norwegianmade.no\/","name":"Norwegian Made","description":"Norges st\u00f8rste markedsplass for norske produsenter","publisher":{"@id":"https:\/\/norwegianmade.no\/#organization"},"potentialAction":[{"@type":"SearchAction","target":{"@type":"EntryPoint","urlTemplate":"https:\/\/norwegianmade.no\/?s={search_term_string}"},"query-input":{"@type":"PropertyValueSpecification","valueRequired":true,"valueName":"search_term_string"}}],"inLanguage":"en-US"},{"@type":"Organization","@id":"https:\/\/norwegianmade.no\/#organization","name":"Norwegian Made","url":"https:\/\/norwegianmade.no\/","logo":{"@type":"ImageObject","inLanguage":"en-US","@id":"https:\/\/norwegianmade.no\/#\/schema\/logo\/image\/","url":"https:\/\/norwegianmade.no\/wp-content\/uploads\/2020\/11\/logo-liggende-norwegian-made-web.png","contentUrl":"https:\/\/norwegianmade.no\/wp-content\/uploads\/2020\/11\/logo-liggende-norwegian-made-web.png","width":200,"height":58,"caption":"Norwegian Made"},"image":{"@id":"https:\/\/norwegianmade.no\/#\/schema\/logo\/image\/"}}]}},"_links":{"self":[{"href":"https:\/\/norwegianmade.no\/en\/wp-json\/wp\/v2\/product\/22139","targetHints":{"allow":["GET"]}}],"collection":[{"href":"https:\/\/norwegianmade.no\/en\/wp-json\/wp\/v2\/product"}],"about":[{"href":"https:\/\/norwegianmade.no\/en\/wp-json\/wp\/v2\/types\/product"}],"replies":[{"embeddable":true,"href":"https:\/\/norwegianmade.no\/en\/wp-json\/wp\/v2\/comments?post=22139"}],"wp:featuredmedia":[{"embeddable":true,"href":"https:\/\/norwegianmade.no\/en\/wp-json\/wp\/v2\/media\/22141"}],"wp:attachment":[{"href":"https:\/\/norwegianmade.no\/en\/wp-json\/wp\/v2\/media?parent=22139"}],"wp:term":[{"taxonomy":"product_brand","embeddable":true,"href":"https:\/\/norwegianmade.no\/en\/wp-json\/wp\/v2\/product_brand?post=22139"},{"taxonomy":"product_cat","embeddable":true,"href":"https:\/\/norwegianmade.no\/en\/wp-json\/wp\/v2\/product_cat?post=22139"},{"taxonomy":"product_tag","embeddable":true,"href":"https:\/\/norwegianmade.no\/en\/wp-json\/wp\/v2\/product_tag?post=22139"}],"curies":[{"name":"wp","href":"https:\/\/api.w.org\/{rel}","templated":true}]}}