{"id":22163,"date":"2025-01-03T21:19:02","date_gmt":"2025-01-03T20:19:02","guid":{"rendered":"https:\/\/norwegianmade.no\/produkt\/uro-i-skjonne-pastellfarger-2\/"},"modified":"2025-01-03T21:19:03","modified_gmt":"2025-01-03T20:19:03","slug":"uro-i-skjonne-pastellfarger-2","status":"publish","type":"product","link":"https:\/\/norwegianmade.no\/en\/produkt\/uro-i-skjonne-pastellfarger-2\/","title":{"rendered":"Uro i skj\u00f8nne pastellfarger"},"content":{"rendered":"<p><br data-mce-bogus=\"1\"><\/p>\n","protected":false},"excerpt":{"rendered":"<p data-mce-style=\"margin-top: 0px; margin-bottom: 1rem; font-family: Lato, sans-serif;\" style=\"margin-top: 0px;margin-bottom: 1rem;font-family: Lato, sans-serif\">Denne uroen i skj\u00f8nne pastellfarger er ypperlig \u00e5 ha hengende over sengen, stellebordet eller lekegrinden s\u00e5 barnet har noe \u00e5 se p\u00e5 og more seg med.<\/p>\n<p data-mce-style=\"margin-top: 0px; margin-bottom: 1rem; font-family: Lato, sans-serif;\" style=\"margin-top: 0px;margin-bottom: 1rem;font-family: Lato, sans-serif\">M\u00e5ne og skyer er laget i rosa, syrin og hvit ull, og er fylt med allergivennlig og luktfri fyllvatt.\u00a0<br \/>De er godt festet i solid hamptr\u00e5d sammen med matchende ullkuler.<\/p>\n<p data-mce-style=\"margin-top: 0px; margin-bottom: 1rem; font-family: Lato, sans-serif;\" style=\"margin-top: 0px;margin-bottom: 1rem;font-family: Lato, sans-serif\">Ringen er 20 cm i diameter.\u00a0<\/p>\n<p data-mce-style=\"margin-top: 0px; margin-bottom: 1rem; font-family: Lato, sans-serif;\" style=\"margin-top: 0px;margin-bottom: 1rem;font-family: Lato, sans-serif\">Lengde fra ringen til nederste del er ca 50 cm, men kan lett justeres og gj\u00f8res kortere.<\/p>\n<p data-mce-style=\"margin-top: 0px; margin-bottom: 1rem; font-family: Lato, sans-serif;\" style=\"margin-top: 0px;margin-bottom: 1rem;font-family: Lato, sans-serif\">Lengde fra ringen til oppheng er ca 43 cm.<\/p>\n<p data-mce-style=\"margin-top: 0px; margin-bottom: 1rem; font-family: Lato, sans-serif;\" style=\"margin-top: 0px;margin-bottom: 1rem;font-family: Lato, sans-serif\">Uroen er en flott interi\u00f8rdetalj p\u00e5 barnerommet.\u00a0<\/p>\n<p data-mce-style=\"margin-top: 0px; margin-bottom: 1rem; font-family: Lato, sans-serif;\" style=\"margin-top: 0px;margin-bottom: 1rem;font-family: Lato, sans-serif\">Flere bilder samt \u00a0noen videosnutter av uroene kan du se p\u00e5 min Instagramkonto @aasearild<\/p>\n<p data-mce-style=\"margin-top: 0px; margin-bottom: 1rem; font-family: Lato, sans-serif;\" style=\"margin-top: 0px;margin-bottom: 1rem;font-family: Lato, sans-serif\">Jeg designer ogs\u00e5 en uro med dine egne fargevalg p\u00e5 skyer, m\u00e5ne og ullkuler. Send meg en melding om dine \u00f8nsker s\u00e5 h\u00f8rer du fra meg i l\u00f8pet av en dag eller to.<\/p>\n<p data-mce-style=\"margin-top: 0px; margin-bottom: 1rem; font-family: Lato, sans-serif;\" style=\"margin-top: 0px;margin-bottom: 1rem;font-family: Lato, sans-serif\">Takk for bes\u00f8ket \u2601\ufe0f\ud83e\ude77\u2601\ufe0f\ud83d\udc9c\u2601\ufe0f<\/p>\n","protected":false},"featured_media":22161,"comment_status":"open","ping_status":"closed","template":"","meta":{"_acf_changed":false},"product_brand":[],"product_cat":[124,82,59,80,60,86],"product_tag":[],"class_list":{"0":"post-22163","1":"product","2":"type-product","3":"status-publish","4":"has-post-thumbnail","6":"product_cat-annet","7":"product_cat-handverk","8":"product_cat-interior-kunst","9":"product_cat-interiorartikler","10":"product_cat-tekstil","11":"product_cat-tekstilprodukter","13":"first","14":"instock","15":"featured","16":"taxable","17":"shipping-taxable","18":"product-type-simple"},"acf":[],"yoast_head":"<!-- This site is optimized with the Yoast SEO plugin v27.1.1 - https:\/\/yoast.com\/product\/yoast-seo-wordpress\/ -->\n<title>Uro i skj\u00f8nne pastellfarger &#8226; Norwegian Made<\/title>\n<meta name=\"robots\" content=\"index, follow, max-snippet:-1, max-image-preview:large, max-video-preview:-1\" \/>\n<link rel=\"canonical\" href=\"https:\/\/norwegianmade.no\/produkt\/uro-i-skjonne-pastellfarger-2\/\" \/>\n<meta property=\"og:locale\" content=\"en_US\" \/>\n<meta property=\"og:type\" content=\"article\" \/>\n<meta property=\"og:title\" content=\"Uro i skj\u00f8nne pastellfarger &#8226; Norwegian Made\" \/>\n<meta property=\"og:description\" content=\"Denne uroen i skj\u00f8nne pastellfarger er ypperlig \u00e5 ha hengende over sengen, stellebordet eller lekegrinden s\u00e5 barnet har noe \u00e5 se p\u00e5 og more seg med.M\u00e5ne og skyer er laget i rosa, syrin og hvit ull, og er fylt med allergivennlig og luktfri fyllvatt.\u00a0De er godt festet i solid hamptr\u00e5d sammen med matchende ullkuler.Ringen er 20 cm i diameter.\u00a0Lengde fra ringen til nederste del er ca 50 cm, men kan lett justeres og gj\u00f8res kortere.Lengde fra ringen til oppheng er ca 43 cm.Uroen er en flott interi\u00f8rdetalj p\u00e5 barnerommet.\u00a0Flere bilder samt \u00a0noen videosnutter av uroene kan du se p\u00e5 min Instagramkonto @aasearildJeg designer ogs\u00e5 en uro med dine egne fargevalg p\u00e5 skyer, m\u00e5ne og ullkuler. Send meg en melding om dine \u00f8nsker s\u00e5 h\u00f8rer du fra meg i l\u00f8pet av en dag eller to.Takk for bes\u00f8ket \u2601\ufe0f\ud83e\ude77\u2601\ufe0f\ud83d\udc9c\u2601\ufe0f\" \/>\n<meta property=\"og:url\" content=\"https:\/\/norwegianmade.no\/produkt\/uro-i-skjonne-pastellfarger-2\/\" \/>\n<meta property=\"og:site_name\" content=\"Norwegian Made\" \/>\n<meta property=\"article:modified_time\" content=\"2025-01-03T20:19:03+00:00\" \/>\n<meta property=\"og:image\" content=\"https:\/\/norwegianmade.no\/wp-content\/uploads\/2025\/01\/IMG_2298.jpeg\" \/>\n\t<meta property=\"og:image:width\" content=\"620\" \/>\n\t<meta property=\"og:image:height\" content=\"640\" \/>\n\t<meta property=\"og:image:type\" content=\"image\/jpeg\" \/>\n<meta name=\"twitter:card\" content=\"summary_large_image\" \/>\n<script type=\"application\/ld+json\" class=\"yoast-schema-graph\">{\"@context\":\"https:\/\/schema.org\",\"@graph\":[{\"@type\":\"WebPage\",\"@id\":\"https:\/\/norwegianmade.no\/produkt\/uro-i-skjonne-pastellfarger-2\/\",\"url\":\"https:\/\/norwegianmade.no\/produkt\/uro-i-skjonne-pastellfarger-2\/\",\"name\":\"Uro i skj\u00f8nne pastellfarger &#8226; Norwegian Made\",\"isPartOf\":{\"@id\":\"https:\/\/norwegianmade.no\/#website\"},\"primaryImageOfPage\":{\"@id\":\"https:\/\/norwegianmade.no\/produkt\/uro-i-skjonne-pastellfarger-2\/#primaryimage\"},\"image\":{\"@id\":\"https:\/\/norwegianmade.no\/produkt\/uro-i-skjonne-pastellfarger-2\/#primaryimage\"},\"thumbnailUrl\":\"https:\/\/norwegianmade.no\/wp-content\/uploads\/2025\/01\/IMG_2298.jpeg\",\"datePublished\":\"2025-01-03T20:19:02+00:00\",\"dateModified\":\"2025-01-03T20:19:03+00:00\",\"breadcrumb\":{\"@id\":\"https:\/\/norwegianmade.no\/produkt\/uro-i-skjonne-pastellfarger-2\/#breadcrumb\"},\"inLanguage\":\"en-US\",\"potentialAction\":[{\"@type\":\"ReadAction\",\"target\":[\"https:\/\/norwegianmade.no\/produkt\/uro-i-skjonne-pastellfarger-2\/\"]}]},{\"@type\":\"ImageObject\",\"inLanguage\":\"en-US\",\"@id\":\"https:\/\/norwegianmade.no\/produkt\/uro-i-skjonne-pastellfarger-2\/#primaryimage\",\"url\":\"https:\/\/norwegianmade.no\/wp-content\/uploads\/2025\/01\/IMG_2298.jpeg\",\"contentUrl\":\"https:\/\/norwegianmade.no\/wp-content\/uploads\/2025\/01\/IMG_2298.jpeg\",\"width\":620,\"height\":640,\"caption\":\"Screenshot\"},{\"@type\":\"BreadcrumbList\",\"@id\":\"https:\/\/norwegianmade.no\/produkt\/uro-i-skjonne-pastellfarger-2\/#breadcrumb\",\"itemListElement\":[{\"@type\":\"ListItem\",\"position\":1,\"name\":\"Hjem\",\"item\":\"https:\/\/norwegianmade.no\/en\/\"},{\"@type\":\"ListItem\",\"position\":2,\"name\":\"Shop\",\"item\":\"https:\/\/norwegianmade.no\/en\/shop\/\"},{\"@type\":\"ListItem\",\"position\":3,\"name\":\"Uro i skj\u00f8nne pastellfarger\"}]},{\"@type\":\"WebSite\",\"@id\":\"https:\/\/norwegianmade.no\/#website\",\"url\":\"https:\/\/norwegianmade.no\/\",\"name\":\"Norwegian Made\",\"description\":\"Norges st\u00f8rste markedsplass for norske produsenter\",\"publisher\":{\"@id\":\"https:\/\/norwegianmade.no\/#organization\"},\"potentialAction\":[{\"@type\":\"SearchAction\",\"target\":{\"@type\":\"EntryPoint\",\"urlTemplate\":\"https:\/\/norwegianmade.no\/?s={search_term_string}\"},\"query-input\":{\"@type\":\"PropertyValueSpecification\",\"valueRequired\":true,\"valueName\":\"search_term_string\"}}],\"inLanguage\":\"en-US\"},{\"@type\":\"Organization\",\"@id\":\"https:\/\/norwegianmade.no\/#organization\",\"name\":\"Norwegian Made\",\"url\":\"https:\/\/norwegianmade.no\/\",\"logo\":{\"@type\":\"ImageObject\",\"inLanguage\":\"en-US\",\"@id\":\"https:\/\/norwegianmade.no\/#\/schema\/logo\/image\/\",\"url\":\"https:\/\/norwegianmade.no\/wp-content\/uploads\/2020\/11\/logo-liggende-norwegian-made-web.png\",\"contentUrl\":\"https:\/\/norwegianmade.no\/wp-content\/uploads\/2020\/11\/logo-liggende-norwegian-made-web.png\",\"width\":200,\"height\":58,\"caption\":\"Norwegian Made\"},\"image\":{\"@id\":\"https:\/\/norwegianmade.no\/#\/schema\/logo\/image\/\"}}]}<\/script>\n<!-- \/ Yoast SEO plugin. -->","yoast_head_json":{"title":"Uro i skj\u00f8nne pastellfarger &#8226; Norwegian Made","robots":{"index":"index","follow":"follow","max-snippet":"max-snippet:-1","max-image-preview":"max-image-preview:large","max-video-preview":"max-video-preview:-1"},"canonical":"https:\/\/norwegianmade.no\/produkt\/uro-i-skjonne-pastellfarger-2\/","og_locale":"en_US","og_type":"article","og_title":"Uro i skj\u00f8nne pastellfarger &#8226; Norwegian Made","og_description":"Denne uroen i skj\u00f8nne pastellfarger er ypperlig \u00e5 ha hengende over sengen, stellebordet eller lekegrinden s\u00e5 barnet har noe \u00e5 se p\u00e5 og more seg med.M\u00e5ne og skyer er laget i rosa, syrin og hvit ull, og er fylt med allergivennlig og luktfri fyllvatt.\u00a0De er godt festet i solid hamptr\u00e5d sammen med matchende ullkuler.Ringen er 20 cm i diameter.\u00a0Lengde fra ringen til nederste del er ca 50 cm, men kan lett justeres og gj\u00f8res kortere.Lengde fra ringen til oppheng er ca 43 cm.Uroen er en flott interi\u00f8rdetalj p\u00e5 barnerommet.\u00a0Flere bilder samt \u00a0noen videosnutter av uroene kan du se p\u00e5 min Instagramkonto @aasearildJeg designer ogs\u00e5 en uro med dine egne fargevalg p\u00e5 skyer, m\u00e5ne og ullkuler. Send meg en melding om dine \u00f8nsker s\u00e5 h\u00f8rer du fra meg i l\u00f8pet av en dag eller to.Takk for bes\u00f8ket \u2601\ufe0f\ud83e\ude77\u2601\ufe0f\ud83d\udc9c\u2601\ufe0f","og_url":"https:\/\/norwegianmade.no\/produkt\/uro-i-skjonne-pastellfarger-2\/","og_site_name":"Norwegian Made","article_modified_time":"2025-01-03T20:19:03+00:00","og_image":[{"width":620,"height":640,"url":"https:\/\/norwegianmade.no\/wp-content\/uploads\/2025\/01\/IMG_2298.jpeg","type":"image\/jpeg"}],"twitter_card":"summary_large_image","schema":{"@context":"https:\/\/schema.org","@graph":[{"@type":"WebPage","@id":"https:\/\/norwegianmade.no\/produkt\/uro-i-skjonne-pastellfarger-2\/","url":"https:\/\/norwegianmade.no\/produkt\/uro-i-skjonne-pastellfarger-2\/","name":"Uro i skj\u00f8nne pastellfarger &#8226; Norwegian Made","isPartOf":{"@id":"https:\/\/norwegianmade.no\/#website"},"primaryImageOfPage":{"@id":"https:\/\/norwegianmade.no\/produkt\/uro-i-skjonne-pastellfarger-2\/#primaryimage"},"image":{"@id":"https:\/\/norwegianmade.no\/produkt\/uro-i-skjonne-pastellfarger-2\/#primaryimage"},"thumbnailUrl":"https:\/\/norwegianmade.no\/wp-content\/uploads\/2025\/01\/IMG_2298.jpeg","datePublished":"2025-01-03T20:19:02+00:00","dateModified":"2025-01-03T20:19:03+00:00","breadcrumb":{"@id":"https:\/\/norwegianmade.no\/produkt\/uro-i-skjonne-pastellfarger-2\/#breadcrumb"},"inLanguage":"en-US","potentialAction":[{"@type":"ReadAction","target":["https:\/\/norwegianmade.no\/produkt\/uro-i-skjonne-pastellfarger-2\/"]}]},{"@type":"ImageObject","inLanguage":"en-US","@id":"https:\/\/norwegianmade.no\/produkt\/uro-i-skjonne-pastellfarger-2\/#primaryimage","url":"https:\/\/norwegianmade.no\/wp-content\/uploads\/2025\/01\/IMG_2298.jpeg","contentUrl":"https:\/\/norwegianmade.no\/wp-content\/uploads\/2025\/01\/IMG_2298.jpeg","width":620,"height":640,"caption":"Screenshot"},{"@type":"BreadcrumbList","@id":"https:\/\/norwegianmade.no\/produkt\/uro-i-skjonne-pastellfarger-2\/#breadcrumb","itemListElement":[{"@type":"ListItem","position":1,"name":"Hjem","item":"https:\/\/norwegianmade.no\/en\/"},{"@type":"ListItem","position":2,"name":"Shop","item":"https:\/\/norwegianmade.no\/en\/shop\/"},{"@type":"ListItem","position":3,"name":"Uro i skj\u00f8nne pastellfarger"}]},{"@type":"WebSite","@id":"https:\/\/norwegianmade.no\/#website","url":"https:\/\/norwegianmade.no\/","name":"Norwegian Made","description":"Norges st\u00f8rste markedsplass for norske produsenter","publisher":{"@id":"https:\/\/norwegianmade.no\/#organization"},"potentialAction":[{"@type":"SearchAction","target":{"@type":"EntryPoint","urlTemplate":"https:\/\/norwegianmade.no\/?s={search_term_string}"},"query-input":{"@type":"PropertyValueSpecification","valueRequired":true,"valueName":"search_term_string"}}],"inLanguage":"en-US"},{"@type":"Organization","@id":"https:\/\/norwegianmade.no\/#organization","name":"Norwegian Made","url":"https:\/\/norwegianmade.no\/","logo":{"@type":"ImageObject","inLanguage":"en-US","@id":"https:\/\/norwegianmade.no\/#\/schema\/logo\/image\/","url":"https:\/\/norwegianmade.no\/wp-content\/uploads\/2020\/11\/logo-liggende-norwegian-made-web.png","contentUrl":"https:\/\/norwegianmade.no\/wp-content\/uploads\/2020\/11\/logo-liggende-norwegian-made-web.png","width":200,"height":58,"caption":"Norwegian Made"},"image":{"@id":"https:\/\/norwegianmade.no\/#\/schema\/logo\/image\/"}}]}},"_links":{"self":[{"href":"https:\/\/norwegianmade.no\/en\/wp-json\/wp\/v2\/product\/22163","targetHints":{"allow":["GET"]}}],"collection":[{"href":"https:\/\/norwegianmade.no\/en\/wp-json\/wp\/v2\/product"}],"about":[{"href":"https:\/\/norwegianmade.no\/en\/wp-json\/wp\/v2\/types\/product"}],"replies":[{"embeddable":true,"href":"https:\/\/norwegianmade.no\/en\/wp-json\/wp\/v2\/comments?post=22163"}],"wp:featuredmedia":[{"embeddable":true,"href":"https:\/\/norwegianmade.no\/en\/wp-json\/wp\/v2\/media\/22161"}],"wp:attachment":[{"href":"https:\/\/norwegianmade.no\/en\/wp-json\/wp\/v2\/media?parent=22163"}],"wp:term":[{"taxonomy":"product_brand","embeddable":true,"href":"https:\/\/norwegianmade.no\/en\/wp-json\/wp\/v2\/product_brand?post=22163"},{"taxonomy":"product_cat","embeddable":true,"href":"https:\/\/norwegianmade.no\/en\/wp-json\/wp\/v2\/product_cat?post=22163"},{"taxonomy":"product_tag","embeddable":true,"href":"https:\/\/norwegianmade.no\/en\/wp-json\/wp\/v2\/product_tag?post=22163"}],"curies":[{"name":"wp","href":"https:\/\/api.w.org\/{rel}","templated":true}]}}