{"id":22193,"date":"2025-01-27T12:44:15","date_gmt":"2025-01-27T11:44:15","guid":{"rendered":"https:\/\/norwegianmade.no\/produkt\/nidarosdomen\/"},"modified":"2025-11-30T16:49:31","modified_gmt":"2025-11-30T15:49:31","slug":"nidarosdomen","status":"publish","type":"product","link":"https:\/\/norwegianmade.no\/en\/produkt\/nidarosdomen\/","title":{"rendered":"Nidarosdomen"},"content":{"rendered":"<p>\u00d8nsker du \u00e5 bli forhandler? Ta kontakt p\u00e5 info@kortkunst.no eller tlf 91303021. Pris er veiledende utsalgspris.<\/p>\n","protected":false},"excerpt":{"rendered":"<p data-mce-style=\"margin: 0px 0px 10px; font-family: Ubuntu, sans-serif; font-size: 17px;\" style=\"margin: 0px 0px 10px;font-family: Ubuntu, sans-serif;font-size: 17px\">Selges som brett-selv 3D-modell, ferdig sk\u00e5ret og risset i ett A4 kartongpapir. Papiret er lett metallisk\/perlemorskinnende, noe som gir ekstra effektfullt lysspill.\u00a0<\/p>\n<p data-mce-style=\"margin: 0px 0px 10px; font-family: Ubuntu, sans-serif; font-size: 17px;\" style=\"margin: 0px 0px 10px;font-family: Ubuntu, sans-serif;font-size: 17px\"><span data-mce-style=\"font-size: 18px;\" style=\"font-size: 18px\"><em>Du trenger verken lim, saks eller forkunnskaper for \u00e5 brette denne!<\/em>\u00a0<\/span><\/p>\n<p data-mce-style=\"margin: 0px 0px 10px; font-family: Ubuntu, sans-serif; font-size: 17px;\" style=\"margin: 0px 0px 10px;font-family: Ubuntu, sans-serif;font-size: 17px\">Den kan ogs\u00e5 brettes sammen, pakkes ned &#8211; og brettes ut igjen &#8211; uten at designet blir \u00f8delagt.\u00a0<\/p>\n<p data-mce-style=\"margin: 0px 0px 10px; font-family: Ubuntu, sans-serif; font-size: 17px;\" style=\"margin: 0px 0px 10px;font-family: Ubuntu, sans-serif;font-size: 17px\">Vanskelighetsgrad 4\/10.Tilgjengelig i s\u00f8lv med hvit bakgrunn.<\/p>\n<p data-mce-style=\"margin: 0px 0px 10px; font-family: Ubuntu, sans-serif; font-size: 17px;\" style=\"margin: 0px 0px 10px;font-family: Ubuntu, sans-serif;font-size: 17px\">Bretteinstruksjoner og video finner du <a data-mce-href=\"https:\/\/www.youtube.com\/watch?v=BEOEWVT2OJU&amp;t=68s\" href=\"https:\/\/www.youtube.com\/watch?v=BEOEWVT2OJU&amp;t=68s\">her<\/a><\/p>\n","protected":false},"featured_media":22187,"comment_status":"open","ping_status":"closed","template":"","meta":{"_acf_changed":false},"product_brand":[],"product_cat":[124,78,59,80,281,280,694],"product_tag":[],"class_list":{"0":"post-22193","1":"product","2":"type-product","3":"status-publish","4":"has-post-thumbnail","6":"product_cat-annet","7":"product_cat-gaver","8":"product_cat-interior-kunst","9":"product_cat-interiorartikler","10":"product_cat-kort","11":"product_cat-papirvarer","12":"product_cat-pynt","14":"first","15":"instock","16":"featured","17":"taxable","18":"shipping-taxable","19":"product-type-external"},"acf":[],"yoast_head":"<!-- This site is optimized with the Yoast SEO plugin v27.1.1 - https:\/\/yoast.com\/product\/yoast-seo-wordpress\/ -->\n<title>Nidarosdomen &#8226; Norwegian Made<\/title>\n<meta name=\"robots\" content=\"index, follow, max-snippet:-1, max-image-preview:large, max-video-preview:-1\" \/>\n<link rel=\"canonical\" href=\"https:\/\/norwegianmade.no\/produkt\/nidarosdomen\/\" \/>\n<meta property=\"og:locale\" content=\"en_US\" \/>\n<meta property=\"og:type\" content=\"article\" \/>\n<meta property=\"og:title\" content=\"Nidarosdomen &#8226; Norwegian Made\" \/>\n<meta property=\"og:description\" content=\"Selges som brett-selv 3D-modell, ferdig sk\u00e5ret og risset i ett A4 kartongpapir. Papiret er lett metallisk\/perlemorskinnende, noe som gir ekstra effektfullt lysspill.\u00a0Du trenger verken lim, saks eller forkunnskaper for \u00e5 brette denne!\u00a0Den kan ogs\u00e5 brettes sammen, pakkes ned - og brettes ut igjen - uten at designet blir \u00f8delagt.\u00a0Vanskelighetsgrad 4\/10.Tilgjengelig i s\u00f8lv med hvit bakgrunn.Bretteinstruksjoner og video finner du her\" \/>\n<meta property=\"og:url\" content=\"https:\/\/norwegianmade.no\/produkt\/nidarosdomen\/\" \/>\n<meta property=\"og:site_name\" content=\"Norwegian Made\" \/>\n<meta property=\"article:modified_time\" content=\"2025-11-30T15:49:31+00:00\" \/>\n<meta property=\"og:image\" content=\"https:\/\/norwegianmade.no\/wp-content\/uploads\/2025\/01\/Nidaros_Domkirke03_red.jpg\" \/>\n\t<meta property=\"og:image:width\" content=\"1133\" \/>\n\t<meta property=\"og:image:height\" content=\"1133\" \/>\n\t<meta property=\"og:image:type\" content=\"image\/jpeg\" \/>\n<meta name=\"twitter:card\" content=\"summary_large_image\" \/>\n<script type=\"application\/ld+json\" class=\"yoast-schema-graph\">{\"@context\":\"https:\/\/schema.org\",\"@graph\":[{\"@type\":\"WebPage\",\"@id\":\"https:\/\/norwegianmade.no\/produkt\/nidarosdomen\/\",\"url\":\"https:\/\/norwegianmade.no\/produkt\/nidarosdomen\/\",\"name\":\"Nidarosdomen &#8226; Norwegian Made\",\"isPartOf\":{\"@id\":\"https:\/\/norwegianmade.no\/#website\"},\"primaryImageOfPage\":{\"@id\":\"https:\/\/norwegianmade.no\/produkt\/nidarosdomen\/#primaryimage\"},\"image\":{\"@id\":\"https:\/\/norwegianmade.no\/produkt\/nidarosdomen\/#primaryimage\"},\"thumbnailUrl\":\"https:\/\/norwegianmade.no\/wp-content\/uploads\/2025\/01\/Nidaros_Domkirke03_red.jpg\",\"datePublished\":\"2025-01-27T11:44:15+00:00\",\"dateModified\":\"2025-11-30T15:49:31+00:00\",\"breadcrumb\":{\"@id\":\"https:\/\/norwegianmade.no\/produkt\/nidarosdomen\/#breadcrumb\"},\"inLanguage\":\"en-US\",\"potentialAction\":[{\"@type\":\"ReadAction\",\"target\":[\"https:\/\/norwegianmade.no\/produkt\/nidarosdomen\/\"]}]},{\"@type\":\"ImageObject\",\"inLanguage\":\"en-US\",\"@id\":\"https:\/\/norwegianmade.no\/produkt\/nidarosdomen\/#primaryimage\",\"url\":\"https:\/\/norwegianmade.no\/wp-content\/uploads\/2025\/01\/Nidaros_Domkirke03_red.jpg\",\"contentUrl\":\"https:\/\/norwegianmade.no\/wp-content\/uploads\/2025\/01\/Nidaros_Domkirke03_red.jpg\",\"width\":1133,\"height\":1133},{\"@type\":\"BreadcrumbList\",\"@id\":\"https:\/\/norwegianmade.no\/produkt\/nidarosdomen\/#breadcrumb\",\"itemListElement\":[{\"@type\":\"ListItem\",\"position\":1,\"name\":\"Hjem\",\"item\":\"https:\/\/norwegianmade.no\/en\/\"},{\"@type\":\"ListItem\",\"position\":2,\"name\":\"Shop\",\"item\":\"https:\/\/norwegianmade.no\/en\/shop\/\"},{\"@type\":\"ListItem\",\"position\":3,\"name\":\"Nidarosdomen\"}]},{\"@type\":\"WebSite\",\"@id\":\"https:\/\/norwegianmade.no\/#website\",\"url\":\"https:\/\/norwegianmade.no\/\",\"name\":\"Norwegian Made\",\"description\":\"Norges st\u00f8rste markedsplass for norske produsenter\",\"publisher\":{\"@id\":\"https:\/\/norwegianmade.no\/#organization\"},\"potentialAction\":[{\"@type\":\"SearchAction\",\"target\":{\"@type\":\"EntryPoint\",\"urlTemplate\":\"https:\/\/norwegianmade.no\/?s={search_term_string}\"},\"query-input\":{\"@type\":\"PropertyValueSpecification\",\"valueRequired\":true,\"valueName\":\"search_term_string\"}}],\"inLanguage\":\"en-US\"},{\"@type\":\"Organization\",\"@id\":\"https:\/\/norwegianmade.no\/#organization\",\"name\":\"Norwegian Made\",\"url\":\"https:\/\/norwegianmade.no\/\",\"logo\":{\"@type\":\"ImageObject\",\"inLanguage\":\"en-US\",\"@id\":\"https:\/\/norwegianmade.no\/#\/schema\/logo\/image\/\",\"url\":\"https:\/\/norwegianmade.no\/wp-content\/uploads\/2020\/11\/logo-liggende-norwegian-made-web.png\",\"contentUrl\":\"https:\/\/norwegianmade.no\/wp-content\/uploads\/2020\/11\/logo-liggende-norwegian-made-web.png\",\"width\":200,\"height\":58,\"caption\":\"Norwegian Made\"},\"image\":{\"@id\":\"https:\/\/norwegianmade.no\/#\/schema\/logo\/image\/\"}}]}<\/script>\n<!-- \/ Yoast SEO plugin. -->","yoast_head_json":{"title":"Nidarosdomen &#8226; Norwegian Made","robots":{"index":"index","follow":"follow","max-snippet":"max-snippet:-1","max-image-preview":"max-image-preview:large","max-video-preview":"max-video-preview:-1"},"canonical":"https:\/\/norwegianmade.no\/produkt\/nidarosdomen\/","og_locale":"en_US","og_type":"article","og_title":"Nidarosdomen &#8226; Norwegian Made","og_description":"Selges som brett-selv 3D-modell, ferdig sk\u00e5ret og risset i ett A4 kartongpapir. Papiret er lett metallisk\/perlemorskinnende, noe som gir ekstra effektfullt lysspill.\u00a0Du trenger verken lim, saks eller forkunnskaper for \u00e5 brette denne!\u00a0Den kan ogs\u00e5 brettes sammen, pakkes ned - og brettes ut igjen - uten at designet blir \u00f8delagt.\u00a0Vanskelighetsgrad 4\/10.Tilgjengelig i s\u00f8lv med hvit bakgrunn.Bretteinstruksjoner og video finner du her","og_url":"https:\/\/norwegianmade.no\/produkt\/nidarosdomen\/","og_site_name":"Norwegian Made","article_modified_time":"2025-11-30T15:49:31+00:00","og_image":[{"width":1133,"height":1133,"url":"https:\/\/norwegianmade.no\/wp-content\/uploads\/2025\/01\/Nidaros_Domkirke03_red.jpg","type":"image\/jpeg"}],"twitter_card":"summary_large_image","schema":{"@context":"https:\/\/schema.org","@graph":[{"@type":"WebPage","@id":"https:\/\/norwegianmade.no\/produkt\/nidarosdomen\/","url":"https:\/\/norwegianmade.no\/produkt\/nidarosdomen\/","name":"Nidarosdomen &#8226; Norwegian Made","isPartOf":{"@id":"https:\/\/norwegianmade.no\/#website"},"primaryImageOfPage":{"@id":"https:\/\/norwegianmade.no\/produkt\/nidarosdomen\/#primaryimage"},"image":{"@id":"https:\/\/norwegianmade.no\/produkt\/nidarosdomen\/#primaryimage"},"thumbnailUrl":"https:\/\/norwegianmade.no\/wp-content\/uploads\/2025\/01\/Nidaros_Domkirke03_red.jpg","datePublished":"2025-01-27T11:44:15+00:00","dateModified":"2025-11-30T15:49:31+00:00","breadcrumb":{"@id":"https:\/\/norwegianmade.no\/produkt\/nidarosdomen\/#breadcrumb"},"inLanguage":"en-US","potentialAction":[{"@type":"ReadAction","target":["https:\/\/norwegianmade.no\/produkt\/nidarosdomen\/"]}]},{"@type":"ImageObject","inLanguage":"en-US","@id":"https:\/\/norwegianmade.no\/produkt\/nidarosdomen\/#primaryimage","url":"https:\/\/norwegianmade.no\/wp-content\/uploads\/2025\/01\/Nidaros_Domkirke03_red.jpg","contentUrl":"https:\/\/norwegianmade.no\/wp-content\/uploads\/2025\/01\/Nidaros_Domkirke03_red.jpg","width":1133,"height":1133},{"@type":"BreadcrumbList","@id":"https:\/\/norwegianmade.no\/produkt\/nidarosdomen\/#breadcrumb","itemListElement":[{"@type":"ListItem","position":1,"name":"Hjem","item":"https:\/\/norwegianmade.no\/en\/"},{"@type":"ListItem","position":2,"name":"Shop","item":"https:\/\/norwegianmade.no\/en\/shop\/"},{"@type":"ListItem","position":3,"name":"Nidarosdomen"}]},{"@type":"WebSite","@id":"https:\/\/norwegianmade.no\/#website","url":"https:\/\/norwegianmade.no\/","name":"Norwegian Made","description":"Norges st\u00f8rste markedsplass for norske produsenter","publisher":{"@id":"https:\/\/norwegianmade.no\/#organization"},"potentialAction":[{"@type":"SearchAction","target":{"@type":"EntryPoint","urlTemplate":"https:\/\/norwegianmade.no\/?s={search_term_string}"},"query-input":{"@type":"PropertyValueSpecification","valueRequired":true,"valueName":"search_term_string"}}],"inLanguage":"en-US"},{"@type":"Organization","@id":"https:\/\/norwegianmade.no\/#organization","name":"Norwegian Made","url":"https:\/\/norwegianmade.no\/","logo":{"@type":"ImageObject","inLanguage":"en-US","@id":"https:\/\/norwegianmade.no\/#\/schema\/logo\/image\/","url":"https:\/\/norwegianmade.no\/wp-content\/uploads\/2020\/11\/logo-liggende-norwegian-made-web.png","contentUrl":"https:\/\/norwegianmade.no\/wp-content\/uploads\/2020\/11\/logo-liggende-norwegian-made-web.png","width":200,"height":58,"caption":"Norwegian Made"},"image":{"@id":"https:\/\/norwegianmade.no\/#\/schema\/logo\/image\/"}}]}},"_links":{"self":[{"href":"https:\/\/norwegianmade.no\/en\/wp-json\/wp\/v2\/product\/22193","targetHints":{"allow":["GET"]}}],"collection":[{"href":"https:\/\/norwegianmade.no\/en\/wp-json\/wp\/v2\/product"}],"about":[{"href":"https:\/\/norwegianmade.no\/en\/wp-json\/wp\/v2\/types\/product"}],"replies":[{"embeddable":true,"href":"https:\/\/norwegianmade.no\/en\/wp-json\/wp\/v2\/comments?post=22193"}],"wp:featuredmedia":[{"embeddable":true,"href":"https:\/\/norwegianmade.no\/en\/wp-json\/wp\/v2\/media\/22187"}],"wp:attachment":[{"href":"https:\/\/norwegianmade.no\/en\/wp-json\/wp\/v2\/media?parent=22193"}],"wp:term":[{"taxonomy":"product_brand","embeddable":true,"href":"https:\/\/norwegianmade.no\/en\/wp-json\/wp\/v2\/product_brand?post=22193"},{"taxonomy":"product_cat","embeddable":true,"href":"https:\/\/norwegianmade.no\/en\/wp-json\/wp\/v2\/product_cat?post=22193"},{"taxonomy":"product_tag","embeddable":true,"href":"https:\/\/norwegianmade.no\/en\/wp-json\/wp\/v2\/product_tag?post=22193"}],"curies":[{"name":"wp","href":"https:\/\/api.w.org\/{rel}","templated":true}]}}