{"id":22233,"date":"2025-04-11T09:37:00","date_gmt":"2025-04-11T07:37:00","guid":{"rendered":"https:\/\/norwegianmade.no\/?post_type=product&#038;p=22233"},"modified":"2026-03-10T11:39:50","modified_gmt":"2026-03-10T10:39:50","slug":"no-2-til-bunad-solv-bjork-med-blatt-stoff","status":"publish","type":"product","link":"https:\/\/norwegianmade.no\/en\/produkt\/no-2-til-bunad-solv-bjork-med-blatt-stoff\/","title":{"rendered":"No.2 til bunad s\u00f8lv bj\u00f8rk med bl\u00e5tt stoff"},"content":{"rendered":"<p>Hvis du \u00f8nsker en<br \/>variasjon av skrinet med for eksempel annet treslag eller farge p\u00e5 stoff som<br \/>ikke er tilgjengelig m\u00e5 du gjerne sende meg en epost og sp\u00f8rre om jeg kan lager<br \/>det.<\/p>\n<p style=\"text-align: start\" data-mce-style=\"font-variant-ligatures: normal; font-variant-caps: normal; orphans: 2; text-align: start; widows: 2; -webkit-text-stroke-width: 0px; text-decoration-thickness: initial; text-decoration-style: initial; text-decoration-color: initial; word-spacing: 0px;\">Jeg lager ogs\u00e5<br \/>skrin p\u00e5 bestilling, ta gjerne kontakt hvis det er noe du \u00f8nsker deg.\u00a0<\/p>\n","protected":false},"excerpt":{"rendered":"<p>Dette skrinet til er litt st\u00f8rre enn nr.1, og prisen er inklusive gravering. bj\u00f8rk med bl\u00e5tt stoff.<\/p>\n<p>Skrinet har 7 rom fordelt p\u00e5 to etasjer. 1. etasje har ett langt rom p\u00e5 180x42mm og 3 rom p\u00e5 60x60mm. 2. etg har ett stort rom p\u00e5 100x100mm, ett p\u00e5 70x70mm og ett p\u00e5 70x27mm<\/p>\n<p class=\"MsoNormal\"><\/p>\n","protected":false},"featured_media":22240,"comment_status":"open","ping_status":"closed","template":"","meta":{"_acf_changed":false},"product_brand":[],"product_cat":[108,78,231],"product_tag":[],"class_list":{"0":"post-22233","1":"product","2":"type-product","3":"status-publish","4":"has-post-thumbnail","6":"product_cat-andre-ting-i-tre","7":"product_cat-gaver","8":"product_cat-tilbehor","10":"first","11":"onbackorder","12":"taxable","13":"shipping-taxable","14":"purchasable","15":"product-type-simple"},"acf":[],"yoast_head":"<!-- This site is optimized with the Yoast SEO plugin v27.1.1 - https:\/\/yoast.com\/product\/yoast-seo-wordpress\/ -->\n<title>No.2 til bunad s\u00f8lv bj\u00f8rk med bl\u00e5tt stoff &#8226; Norwegian Made<\/title>\n<meta name=\"robots\" content=\"index, follow, max-snippet:-1, max-image-preview:large, max-video-preview:-1\" \/>\n<link rel=\"canonical\" href=\"https:\/\/norwegianmade.no\/produkt\/no-2-til-bunad-solv-bjork-med-blatt-stoff\/\" \/>\n<meta property=\"og:locale\" content=\"en_US\" \/>\n<meta property=\"og:type\" content=\"article\" \/>\n<meta property=\"og:title\" content=\"No.2 til bunad s\u00f8lv bj\u00f8rk med bl\u00e5tt stoff &#8226; Norwegian Made\" \/>\n<meta property=\"og:description\" content=\"Dette skrinet til er litt st\u00f8rre enn nr.1, og prisen er inklusive gravering. bj\u00f8rk med bl\u00e5tt stoff.Skrinet har 7 rom fordelt p\u00e5 to etasjer. 1. etasje har ett langt rom p\u00e5 180x42mm og 3 rom p\u00e5 60x60mm. 2. etg har ett stort rom p\u00e5 100x100mm, ett p\u00e5 70x70mm og ett p\u00e5 70x27mm\" \/>\n<meta property=\"og:url\" content=\"https:\/\/norwegianmade.no\/produkt\/no-2-til-bunad-solv-bjork-med-blatt-stoff\/\" \/>\n<meta property=\"og:site_name\" content=\"Norwegian Made\" \/>\n<meta property=\"article:modified_time\" content=\"2026-03-10T10:39:50+00:00\" \/>\n<meta property=\"og:image\" content=\"https:\/\/norwegianmade.no\/wp-content\/uploads\/2025\/04\/2-1.jpg\" \/>\n\t<meta property=\"og:image:width\" content=\"480\" \/>\n\t<meta property=\"og:image:height\" content=\"640\" \/>\n\t<meta property=\"og:image:type\" content=\"image\/jpeg\" \/>\n<meta name=\"twitter:card\" content=\"summary_large_image\" \/>\n<script type=\"application\/ld+json\" class=\"yoast-schema-graph\">{\"@context\":\"https:\/\/schema.org\",\"@graph\":[{\"@type\":\"WebPage\",\"@id\":\"https:\/\/norwegianmade.no\/produkt\/no-2-til-bunad-solv-bjork-med-blatt-stoff\/\",\"url\":\"https:\/\/norwegianmade.no\/produkt\/no-2-til-bunad-solv-bjork-med-blatt-stoff\/\",\"name\":\"No.2 til bunad s\u00f8lv bj\u00f8rk med bl\u00e5tt stoff &#8226; Norwegian Made\",\"isPartOf\":{\"@id\":\"https:\/\/norwegianmade.no\/#website\"},\"primaryImageOfPage\":{\"@id\":\"https:\/\/norwegianmade.no\/produkt\/no-2-til-bunad-solv-bjork-med-blatt-stoff\/#primaryimage\"},\"image\":{\"@id\":\"https:\/\/norwegianmade.no\/produkt\/no-2-til-bunad-solv-bjork-med-blatt-stoff\/#primaryimage\"},\"thumbnailUrl\":\"https:\/\/norwegianmade.no\/wp-content\/uploads\/2025\/04\/2-1.jpg\",\"datePublished\":\"2025-04-11T07:37:00+00:00\",\"dateModified\":\"2026-03-10T10:39:50+00:00\",\"breadcrumb\":{\"@id\":\"https:\/\/norwegianmade.no\/produkt\/no-2-til-bunad-solv-bjork-med-blatt-stoff\/#breadcrumb\"},\"inLanguage\":\"en-US\",\"potentialAction\":[{\"@type\":\"ReadAction\",\"target\":[\"https:\/\/norwegianmade.no\/produkt\/no-2-til-bunad-solv-bjork-med-blatt-stoff\/\"]}]},{\"@type\":\"ImageObject\",\"inLanguage\":\"en-US\",\"@id\":\"https:\/\/norwegianmade.no\/produkt\/no-2-til-bunad-solv-bjork-med-blatt-stoff\/#primaryimage\",\"url\":\"https:\/\/norwegianmade.no\/wp-content\/uploads\/2025\/04\/2-1.jpg\",\"contentUrl\":\"https:\/\/norwegianmade.no\/wp-content\/uploads\/2025\/04\/2-1.jpg\",\"width\":480,\"height\":640},{\"@type\":\"BreadcrumbList\",\"@id\":\"https:\/\/norwegianmade.no\/produkt\/no-2-til-bunad-solv-bjork-med-blatt-stoff\/#breadcrumb\",\"itemListElement\":[{\"@type\":\"ListItem\",\"position\":1,\"name\":\"Hjem\",\"item\":\"https:\/\/norwegianmade.no\/en\/\"},{\"@type\":\"ListItem\",\"position\":2,\"name\":\"Shop\",\"item\":\"https:\/\/norwegianmade.no\/en\/shop\/\"},{\"@type\":\"ListItem\",\"position\":3,\"name\":\"No.2 til bunad s\u00f8lv bj\u00f8rk med bl\u00e5tt stoff\"}]},{\"@type\":\"WebSite\",\"@id\":\"https:\/\/norwegianmade.no\/#website\",\"url\":\"https:\/\/norwegianmade.no\/\",\"name\":\"Norwegian Made\",\"description\":\"Norges st\u00f8rste markedsplass for norske produsenter\",\"publisher\":{\"@id\":\"https:\/\/norwegianmade.no\/#organization\"},\"potentialAction\":[{\"@type\":\"SearchAction\",\"target\":{\"@type\":\"EntryPoint\",\"urlTemplate\":\"https:\/\/norwegianmade.no\/?s={search_term_string}\"},\"query-input\":{\"@type\":\"PropertyValueSpecification\",\"valueRequired\":true,\"valueName\":\"search_term_string\"}}],\"inLanguage\":\"en-US\"},{\"@type\":\"Organization\",\"@id\":\"https:\/\/norwegianmade.no\/#organization\",\"name\":\"Norwegian Made\",\"url\":\"https:\/\/norwegianmade.no\/\",\"logo\":{\"@type\":\"ImageObject\",\"inLanguage\":\"en-US\",\"@id\":\"https:\/\/norwegianmade.no\/#\/schema\/logo\/image\/\",\"url\":\"https:\/\/norwegianmade.no\/wp-content\/uploads\/2020\/11\/logo-liggende-norwegian-made-web.png\",\"contentUrl\":\"https:\/\/norwegianmade.no\/wp-content\/uploads\/2020\/11\/logo-liggende-norwegian-made-web.png\",\"width\":200,\"height\":58,\"caption\":\"Norwegian Made\"},\"image\":{\"@id\":\"https:\/\/norwegianmade.no\/#\/schema\/logo\/image\/\"}}]}<\/script>\n<!-- \/ Yoast SEO plugin. -->","yoast_head_json":{"title":"No.2 til bunad s\u00f8lv bj\u00f8rk med bl\u00e5tt stoff &#8226; Norwegian Made","robots":{"index":"index","follow":"follow","max-snippet":"max-snippet:-1","max-image-preview":"max-image-preview:large","max-video-preview":"max-video-preview:-1"},"canonical":"https:\/\/norwegianmade.no\/produkt\/no-2-til-bunad-solv-bjork-med-blatt-stoff\/","og_locale":"en_US","og_type":"article","og_title":"No.2 til bunad s\u00f8lv bj\u00f8rk med bl\u00e5tt stoff &#8226; Norwegian Made","og_description":"Dette skrinet til er litt st\u00f8rre enn nr.1, og prisen er inklusive gravering. bj\u00f8rk med bl\u00e5tt stoff.Skrinet har 7 rom fordelt p\u00e5 to etasjer. 1. etasje har ett langt rom p\u00e5 180x42mm og 3 rom p\u00e5 60x60mm. 2. etg har ett stort rom p\u00e5 100x100mm, ett p\u00e5 70x70mm og ett p\u00e5 70x27mm","og_url":"https:\/\/norwegianmade.no\/produkt\/no-2-til-bunad-solv-bjork-med-blatt-stoff\/","og_site_name":"Norwegian Made","article_modified_time":"2026-03-10T10:39:50+00:00","og_image":[{"width":480,"height":640,"url":"https:\/\/norwegianmade.no\/wp-content\/uploads\/2025\/04\/2-1.jpg","type":"image\/jpeg"}],"twitter_card":"summary_large_image","schema":{"@context":"https:\/\/schema.org","@graph":[{"@type":"WebPage","@id":"https:\/\/norwegianmade.no\/produkt\/no-2-til-bunad-solv-bjork-med-blatt-stoff\/","url":"https:\/\/norwegianmade.no\/produkt\/no-2-til-bunad-solv-bjork-med-blatt-stoff\/","name":"No.2 til bunad s\u00f8lv bj\u00f8rk med bl\u00e5tt stoff &#8226; Norwegian Made","isPartOf":{"@id":"https:\/\/norwegianmade.no\/#website"},"primaryImageOfPage":{"@id":"https:\/\/norwegianmade.no\/produkt\/no-2-til-bunad-solv-bjork-med-blatt-stoff\/#primaryimage"},"image":{"@id":"https:\/\/norwegianmade.no\/produkt\/no-2-til-bunad-solv-bjork-med-blatt-stoff\/#primaryimage"},"thumbnailUrl":"https:\/\/norwegianmade.no\/wp-content\/uploads\/2025\/04\/2-1.jpg","datePublished":"2025-04-11T07:37:00+00:00","dateModified":"2026-03-10T10:39:50+00:00","breadcrumb":{"@id":"https:\/\/norwegianmade.no\/produkt\/no-2-til-bunad-solv-bjork-med-blatt-stoff\/#breadcrumb"},"inLanguage":"en-US","potentialAction":[{"@type":"ReadAction","target":["https:\/\/norwegianmade.no\/produkt\/no-2-til-bunad-solv-bjork-med-blatt-stoff\/"]}]},{"@type":"ImageObject","inLanguage":"en-US","@id":"https:\/\/norwegianmade.no\/produkt\/no-2-til-bunad-solv-bjork-med-blatt-stoff\/#primaryimage","url":"https:\/\/norwegianmade.no\/wp-content\/uploads\/2025\/04\/2-1.jpg","contentUrl":"https:\/\/norwegianmade.no\/wp-content\/uploads\/2025\/04\/2-1.jpg","width":480,"height":640},{"@type":"BreadcrumbList","@id":"https:\/\/norwegianmade.no\/produkt\/no-2-til-bunad-solv-bjork-med-blatt-stoff\/#breadcrumb","itemListElement":[{"@type":"ListItem","position":1,"name":"Hjem","item":"https:\/\/norwegianmade.no\/en\/"},{"@type":"ListItem","position":2,"name":"Shop","item":"https:\/\/norwegianmade.no\/en\/shop\/"},{"@type":"ListItem","position":3,"name":"No.2 til bunad s\u00f8lv bj\u00f8rk med bl\u00e5tt stoff"}]},{"@type":"WebSite","@id":"https:\/\/norwegianmade.no\/#website","url":"https:\/\/norwegianmade.no\/","name":"Norwegian Made","description":"Norges st\u00f8rste markedsplass for norske produsenter","publisher":{"@id":"https:\/\/norwegianmade.no\/#organization"},"potentialAction":[{"@type":"SearchAction","target":{"@type":"EntryPoint","urlTemplate":"https:\/\/norwegianmade.no\/?s={search_term_string}"},"query-input":{"@type":"PropertyValueSpecification","valueRequired":true,"valueName":"search_term_string"}}],"inLanguage":"en-US"},{"@type":"Organization","@id":"https:\/\/norwegianmade.no\/#organization","name":"Norwegian Made","url":"https:\/\/norwegianmade.no\/","logo":{"@type":"ImageObject","inLanguage":"en-US","@id":"https:\/\/norwegianmade.no\/#\/schema\/logo\/image\/","url":"https:\/\/norwegianmade.no\/wp-content\/uploads\/2020\/11\/logo-liggende-norwegian-made-web.png","contentUrl":"https:\/\/norwegianmade.no\/wp-content\/uploads\/2020\/11\/logo-liggende-norwegian-made-web.png","width":200,"height":58,"caption":"Norwegian Made"},"image":{"@id":"https:\/\/norwegianmade.no\/#\/schema\/logo\/image\/"}}]}},"_links":{"self":[{"href":"https:\/\/norwegianmade.no\/en\/wp-json\/wp\/v2\/product\/22233","targetHints":{"allow":["GET"]}}],"collection":[{"href":"https:\/\/norwegianmade.no\/en\/wp-json\/wp\/v2\/product"}],"about":[{"href":"https:\/\/norwegianmade.no\/en\/wp-json\/wp\/v2\/types\/product"}],"replies":[{"embeddable":true,"href":"https:\/\/norwegianmade.no\/en\/wp-json\/wp\/v2\/comments?post=22233"}],"wp:featuredmedia":[{"embeddable":true,"href":"https:\/\/norwegianmade.no\/en\/wp-json\/wp\/v2\/media\/22240"}],"wp:attachment":[{"href":"https:\/\/norwegianmade.no\/en\/wp-json\/wp\/v2\/media?parent=22233"}],"wp:term":[{"taxonomy":"product_brand","embeddable":true,"href":"https:\/\/norwegianmade.no\/en\/wp-json\/wp\/v2\/product_brand?post=22233"},{"taxonomy":"product_cat","embeddable":true,"href":"https:\/\/norwegianmade.no\/en\/wp-json\/wp\/v2\/product_cat?post=22233"},{"taxonomy":"product_tag","embeddable":true,"href":"https:\/\/norwegianmade.no\/en\/wp-json\/wp\/v2\/product_tag?post=22233"}],"curies":[{"name":"wp","href":"https:\/\/api.w.org\/{rel}","templated":true}]}}