{"id":22253,"date":"2025-04-23T20:44:20","date_gmt":"2025-04-23T18:44:20","guid":{"rendered":"https:\/\/norwegianmade.no\/produkt\/avokadokrem\/"},"modified":"2025-04-24T12:28:39","modified_gmt":"2025-04-24T10:28:39","slug":"avokadokrem","status":"publish","type":"product","link":"https:\/\/norwegianmade.no\/en\/produkt\/avokadokrem\/","title":{"rendered":"Avokadokrem"},"content":{"rendered":"<p><\/p>\n","protected":false},"excerpt":{"rendered":"<p>Avokadokrem er en litt fet, fuktgivende og pleiende ansiktskrem med h\u00f8yt innhold av avokadoolje. Fantastisk god til t\u00f8rr og moden hud og som nattkrem.\u00a0 Avokadokrem er et av de mest popul\u00e6re produktene v\u00e5re og dr\u00f8y i bruk.\u00a0<\/p>\n<p>Produktet kan kj\u00f8pes i produsentens egen nettbutikk<\/p>\n","protected":false},"featured_media":22251,"comment_status":"open","ping_status":"closed","template":"","meta":{"_acf_changed":false},"product_brand":[],"product_cat":[67],"product_tag":[],"class_list":{"0":"post-22253","1":"product","2":"type-product","3":"status-publish","4":"has-post-thumbnail","6":"product_vendor-naturlig-hud-johansen","7":"product_cat-hudpleie","9":"first","10":"instock","11":"taxable","12":"shipping-taxable","13":"product-type-simple"},"acf":[],"yoast_head":"<!-- This site is optimized with the Yoast SEO plugin v27.1.1 - https:\/\/yoast.com\/product\/yoast-seo-wordpress\/ -->\n<title>Avokadokrem &#8226; Norwegian Made<\/title>\n<meta name=\"robots\" content=\"index, follow, max-snippet:-1, max-image-preview:large, max-video-preview:-1\" \/>\n<link rel=\"canonical\" href=\"https:\/\/norwegianmade.no\/produkt\/avokadokrem\/\" \/>\n<meta property=\"og:locale\" content=\"en_US\" \/>\n<meta property=\"og:type\" content=\"article\" \/>\n<meta property=\"og:title\" content=\"Avokadokrem &#8226; Norwegian Made\" \/>\n<meta property=\"og:description\" content=\"Avokadokrem er en litt fet, fuktgivende og pleiende ansiktskrem med h\u00f8yt innhold av avokadoolje. Fantastisk god til t\u00f8rr og moden hud og som nattkrem.\u00a0 Avokadokrem er et av de mest popul\u00e6re produktene v\u00e5re og dr\u00f8y i bruk.\u00a0Produktet kan kj\u00f8pes i produsentens egen nettbutikk\" \/>\n<meta property=\"og:url\" content=\"https:\/\/norwegianmade.no\/produkt\/avokadokrem\/\" \/>\n<meta property=\"og:site_name\" content=\"Norwegian Made\" \/>\n<meta property=\"article:modified_time\" content=\"2025-04-24T10:28:39+00:00\" \/>\n<meta property=\"og:image\" content=\"https:\/\/norwegianmade.no\/wp-content\/uploads\/2025\/04\/C1870CFF-3D21-4C72-A3C6-5252A74A02EF.jpg\" \/>\n\t<meta property=\"og:image:width\" content=\"1234\" \/>\n\t<meta property=\"og:image:height\" content=\"2194\" \/>\n\t<meta property=\"og:image:type\" content=\"image\/jpeg\" \/>\n<meta name=\"twitter:card\" content=\"summary_large_image\" \/>\n<script type=\"application\/ld+json\" class=\"yoast-schema-graph\">{\"@context\":\"https:\/\/schema.org\",\"@graph\":[{\"@type\":\"WebPage\",\"@id\":\"https:\/\/norwegianmade.no\/produkt\/avokadokrem\/\",\"url\":\"https:\/\/norwegianmade.no\/produkt\/avokadokrem\/\",\"name\":\"Avokadokrem &#8226; Norwegian Made\",\"isPartOf\":{\"@id\":\"https:\/\/norwegianmade.no\/#website\"},\"primaryImageOfPage\":{\"@id\":\"https:\/\/norwegianmade.no\/produkt\/avokadokrem\/#primaryimage\"},\"image\":{\"@id\":\"https:\/\/norwegianmade.no\/produkt\/avokadokrem\/#primaryimage\"},\"thumbnailUrl\":\"https:\/\/norwegianmade.no\/wp-content\/uploads\/2025\/04\/C1870CFF-3D21-4C72-A3C6-5252A74A02EF.jpg\",\"datePublished\":\"2025-04-23T18:44:20+00:00\",\"dateModified\":\"2025-04-24T10:28:39+00:00\",\"breadcrumb\":{\"@id\":\"https:\/\/norwegianmade.no\/produkt\/avokadokrem\/#breadcrumb\"},\"inLanguage\":\"en-US\",\"potentialAction\":[{\"@type\":\"ReadAction\",\"target\":[\"https:\/\/norwegianmade.no\/produkt\/avokadokrem\/\"]}]},{\"@type\":\"ImageObject\",\"inLanguage\":\"en-US\",\"@id\":\"https:\/\/norwegianmade.no\/produkt\/avokadokrem\/#primaryimage\",\"url\":\"https:\/\/norwegianmade.no\/wp-content\/uploads\/2025\/04\/C1870CFF-3D21-4C72-A3C6-5252A74A02EF.jpg\",\"contentUrl\":\"https:\/\/norwegianmade.no\/wp-content\/uploads\/2025\/04\/C1870CFF-3D21-4C72-A3C6-5252A74A02EF.jpg\",\"width\":1234,\"height\":2194},{\"@type\":\"BreadcrumbList\",\"@id\":\"https:\/\/norwegianmade.no\/produkt\/avokadokrem\/#breadcrumb\",\"itemListElement\":[{\"@type\":\"ListItem\",\"position\":1,\"name\":\"Hjem\",\"item\":\"https:\/\/norwegianmade.no\/en\/\"},{\"@type\":\"ListItem\",\"position\":2,\"name\":\"Shop\",\"item\":\"https:\/\/norwegianmade.no\/en\/shop\/\"},{\"@type\":\"ListItem\",\"position\":3,\"name\":\"Avokadokrem\"}]},{\"@type\":\"WebSite\",\"@id\":\"https:\/\/norwegianmade.no\/#website\",\"url\":\"https:\/\/norwegianmade.no\/\",\"name\":\"Norwegian Made\",\"description\":\"Norges st\u00f8rste markedsplass for norske produsenter\",\"publisher\":{\"@id\":\"https:\/\/norwegianmade.no\/#organization\"},\"potentialAction\":[{\"@type\":\"SearchAction\",\"target\":{\"@type\":\"EntryPoint\",\"urlTemplate\":\"https:\/\/norwegianmade.no\/?s={search_term_string}\"},\"query-input\":{\"@type\":\"PropertyValueSpecification\",\"valueRequired\":true,\"valueName\":\"search_term_string\"}}],\"inLanguage\":\"en-US\"},{\"@type\":\"Organization\",\"@id\":\"https:\/\/norwegianmade.no\/#organization\",\"name\":\"Norwegian Made\",\"url\":\"https:\/\/norwegianmade.no\/\",\"logo\":{\"@type\":\"ImageObject\",\"inLanguage\":\"en-US\",\"@id\":\"https:\/\/norwegianmade.no\/#\/schema\/logo\/image\/\",\"url\":\"https:\/\/norwegianmade.no\/wp-content\/uploads\/2020\/11\/logo-liggende-norwegian-made-web.png\",\"contentUrl\":\"https:\/\/norwegianmade.no\/wp-content\/uploads\/2020\/11\/logo-liggende-norwegian-made-web.png\",\"width\":200,\"height\":58,\"caption\":\"Norwegian Made\"},\"image\":{\"@id\":\"https:\/\/norwegianmade.no\/#\/schema\/logo\/image\/\"}}]}<\/script>\n<!-- \/ Yoast SEO plugin. -->","yoast_head_json":{"title":"Avokadokrem &#8226; Norwegian Made","robots":{"index":"index","follow":"follow","max-snippet":"max-snippet:-1","max-image-preview":"max-image-preview:large","max-video-preview":"max-video-preview:-1"},"canonical":"https:\/\/norwegianmade.no\/produkt\/avokadokrem\/","og_locale":"en_US","og_type":"article","og_title":"Avokadokrem &#8226; Norwegian Made","og_description":"Avokadokrem er en litt fet, fuktgivende og pleiende ansiktskrem med h\u00f8yt innhold av avokadoolje. Fantastisk god til t\u00f8rr og moden hud og som nattkrem.\u00a0 Avokadokrem er et av de mest popul\u00e6re produktene v\u00e5re og dr\u00f8y i bruk.\u00a0Produktet kan kj\u00f8pes i produsentens egen nettbutikk","og_url":"https:\/\/norwegianmade.no\/produkt\/avokadokrem\/","og_site_name":"Norwegian Made","article_modified_time":"2025-04-24T10:28:39+00:00","og_image":[{"width":1234,"height":2194,"url":"https:\/\/norwegianmade.no\/wp-content\/uploads\/2025\/04\/C1870CFF-3D21-4C72-A3C6-5252A74A02EF.jpg","type":"image\/jpeg"}],"twitter_card":"summary_large_image","schema":{"@context":"https:\/\/schema.org","@graph":[{"@type":"WebPage","@id":"https:\/\/norwegianmade.no\/produkt\/avokadokrem\/","url":"https:\/\/norwegianmade.no\/produkt\/avokadokrem\/","name":"Avokadokrem &#8226; Norwegian Made","isPartOf":{"@id":"https:\/\/norwegianmade.no\/#website"},"primaryImageOfPage":{"@id":"https:\/\/norwegianmade.no\/produkt\/avokadokrem\/#primaryimage"},"image":{"@id":"https:\/\/norwegianmade.no\/produkt\/avokadokrem\/#primaryimage"},"thumbnailUrl":"https:\/\/norwegianmade.no\/wp-content\/uploads\/2025\/04\/C1870CFF-3D21-4C72-A3C6-5252A74A02EF.jpg","datePublished":"2025-04-23T18:44:20+00:00","dateModified":"2025-04-24T10:28:39+00:00","breadcrumb":{"@id":"https:\/\/norwegianmade.no\/produkt\/avokadokrem\/#breadcrumb"},"inLanguage":"en-US","potentialAction":[{"@type":"ReadAction","target":["https:\/\/norwegianmade.no\/produkt\/avokadokrem\/"]}]},{"@type":"ImageObject","inLanguage":"en-US","@id":"https:\/\/norwegianmade.no\/produkt\/avokadokrem\/#primaryimage","url":"https:\/\/norwegianmade.no\/wp-content\/uploads\/2025\/04\/C1870CFF-3D21-4C72-A3C6-5252A74A02EF.jpg","contentUrl":"https:\/\/norwegianmade.no\/wp-content\/uploads\/2025\/04\/C1870CFF-3D21-4C72-A3C6-5252A74A02EF.jpg","width":1234,"height":2194},{"@type":"BreadcrumbList","@id":"https:\/\/norwegianmade.no\/produkt\/avokadokrem\/#breadcrumb","itemListElement":[{"@type":"ListItem","position":1,"name":"Hjem","item":"https:\/\/norwegianmade.no\/en\/"},{"@type":"ListItem","position":2,"name":"Shop","item":"https:\/\/norwegianmade.no\/en\/shop\/"},{"@type":"ListItem","position":3,"name":"Avokadokrem"}]},{"@type":"WebSite","@id":"https:\/\/norwegianmade.no\/#website","url":"https:\/\/norwegianmade.no\/","name":"Norwegian Made","description":"Norges st\u00f8rste markedsplass for norske produsenter","publisher":{"@id":"https:\/\/norwegianmade.no\/#organization"},"potentialAction":[{"@type":"SearchAction","target":{"@type":"EntryPoint","urlTemplate":"https:\/\/norwegianmade.no\/?s={search_term_string}"},"query-input":{"@type":"PropertyValueSpecification","valueRequired":true,"valueName":"search_term_string"}}],"inLanguage":"en-US"},{"@type":"Organization","@id":"https:\/\/norwegianmade.no\/#organization","name":"Norwegian Made","url":"https:\/\/norwegianmade.no\/","logo":{"@type":"ImageObject","inLanguage":"en-US","@id":"https:\/\/norwegianmade.no\/#\/schema\/logo\/image\/","url":"https:\/\/norwegianmade.no\/wp-content\/uploads\/2020\/11\/logo-liggende-norwegian-made-web.png","contentUrl":"https:\/\/norwegianmade.no\/wp-content\/uploads\/2020\/11\/logo-liggende-norwegian-made-web.png","width":200,"height":58,"caption":"Norwegian Made"},"image":{"@id":"https:\/\/norwegianmade.no\/#\/schema\/logo\/image\/"}}]}},"_links":{"self":[{"href":"https:\/\/norwegianmade.no\/en\/wp-json\/wp\/v2\/product\/22253","targetHints":{"allow":["GET"]}}],"collection":[{"href":"https:\/\/norwegianmade.no\/en\/wp-json\/wp\/v2\/product"}],"about":[{"href":"https:\/\/norwegianmade.no\/en\/wp-json\/wp\/v2\/types\/product"}],"replies":[{"embeddable":true,"href":"https:\/\/norwegianmade.no\/en\/wp-json\/wp\/v2\/comments?post=22253"}],"wp:featuredmedia":[{"embeddable":true,"href":"https:\/\/norwegianmade.no\/en\/wp-json\/wp\/v2\/media\/22251"}],"wp:attachment":[{"href":"https:\/\/norwegianmade.no\/en\/wp-json\/wp\/v2\/media?parent=22253"}],"wp:term":[{"taxonomy":"product_brand","embeddable":true,"href":"https:\/\/norwegianmade.no\/en\/wp-json\/wp\/v2\/product_brand?post=22253"},{"taxonomy":"product_cat","embeddable":true,"href":"https:\/\/norwegianmade.no\/en\/wp-json\/wp\/v2\/product_cat?post=22253"},{"taxonomy":"product_tag","embeddable":true,"href":"https:\/\/norwegianmade.no\/en\/wp-json\/wp\/v2\/product_tag?post=22253"}],"curies":[{"name":"wp","href":"https:\/\/api.w.org\/{rel}","templated":true}]}}