{"id":22256,"date":"2025-04-23T20:52:12","date_gmt":"2025-04-23T18:52:12","guid":{"rendered":"https:\/\/norwegianmade.no\/produkt\/aprikospeeling\/"},"modified":"2025-09-21T04:15:44","modified_gmt":"2025-09-21T02:15:44","slug":"aprikospeeling","status":"publish","type":"product","link":"https:\/\/norwegianmade.no\/en\/produkt\/aprikospeeling\/","title":{"rendered":"Aprikospeeling"},"content":{"rendered":"<p><\/p>\n","protected":false},"excerpt":{"rendered":"<p>Effektiv aprikospeeling med granulerte aprikoskjerner og lavendel. Fjerner d\u00f8de hudceller som gj\u00f8r huden gusten og gr\u00e5. Forhindrer tilstoppede porer, hudormer og kviser. Aprikospeeling gj\u00f8r at p\u00e5f\u00f8lgende produkter lettere kan trenge inn i huden og passer godt for normal og grov hud.<\/p>\n<p><em>NB! Aprikospeeling anbefales ikke p\u00e5 betent hud, rosacea og hud med store kviseutbrudd, da mekanisk peeling kan irritere huden, og forverre tilstanden.<\/em><\/p>\n<p>Produktet kan kj\u00f8pes i produsentens egen nettbutikk<\/p>\n","protected":false},"featured_media":22254,"comment_status":"open","ping_status":"closed","template":"","meta":{"_acf_changed":false},"product_brand":[],"product_cat":[67],"product_tag":[713],"class_list":{"0":"post-22256","1":"product","2":"type-product","3":"status-publish","4":"has-post-thumbnail","6":"product_cat-hudpleie","7":"product_tag-naturlig-hud-johansen","9":"first","10":"instock","11":"taxable","12":"shipping-taxable","13":"product-type-simple"},"acf":[],"yoast_head":"<!-- This site is optimized with the Yoast SEO plugin v27.1.1 - https:\/\/yoast.com\/product\/yoast-seo-wordpress\/ -->\n<title>Aprikospeeling &#8226; Norwegian Made<\/title>\n<meta name=\"robots\" content=\"index, follow, max-snippet:-1, max-image-preview:large, max-video-preview:-1\" \/>\n<link rel=\"canonical\" href=\"https:\/\/norwegianmade.no\/produkt\/aprikospeeling\/\" \/>\n<meta property=\"og:locale\" content=\"en_US\" \/>\n<meta property=\"og:type\" content=\"article\" \/>\n<meta property=\"og:title\" content=\"Aprikospeeling &#8226; Norwegian Made\" \/>\n<meta property=\"og:description\" content=\"Effektiv aprikospeeling med granulerte aprikoskjerner og lavendel. Fjerner d\u00f8de hudceller som gj\u00f8r huden gusten og gr\u00e5. Forhindrer tilstoppede porer, hudormer og kviser. Aprikospeeling gj\u00f8r at p\u00e5f\u00f8lgende produkter lettere kan trenge inn i huden og passer godt for normal og grov hud.NB! Aprikospeeling anbefales ikke p\u00e5 betent hud, rosacea og hud med store kviseutbrudd, da mekanisk peeling kan irritere huden, og forverre tilstanden.Produktet kan kj\u00f8pes i produsentens egen nettbutikk\" \/>\n<meta property=\"og:url\" content=\"https:\/\/norwegianmade.no\/produkt\/aprikospeeling\/\" \/>\n<meta property=\"og:site_name\" content=\"Norwegian Made\" \/>\n<meta property=\"article:modified_time\" content=\"2025-09-21T02:15:44+00:00\" \/>\n<meta property=\"og:image\" content=\"https:\/\/norwegianmade.no\/wp-content\/uploads\/2025\/04\/3B6D4986-E472-4EEE-9310-43A5D26E76F1-scaled.jpeg\" \/>\n\t<meta property=\"og:image:width\" content=\"2560\" \/>\n\t<meta property=\"og:image:height\" content=\"1707\" \/>\n\t<meta property=\"og:image:type\" content=\"image\/jpeg\" \/>\n<meta name=\"twitter:card\" content=\"summary_large_image\" \/>\n<script type=\"application\/ld+json\" class=\"yoast-schema-graph\">{\"@context\":\"https:\/\/schema.org\",\"@graph\":[{\"@type\":\"WebPage\",\"@id\":\"https:\/\/norwegianmade.no\/produkt\/aprikospeeling\/\",\"url\":\"https:\/\/norwegianmade.no\/produkt\/aprikospeeling\/\",\"name\":\"Aprikospeeling &#8226; Norwegian Made\",\"isPartOf\":{\"@id\":\"https:\/\/norwegianmade.no\/#website\"},\"primaryImageOfPage\":{\"@id\":\"https:\/\/norwegianmade.no\/produkt\/aprikospeeling\/#primaryimage\"},\"image\":{\"@id\":\"https:\/\/norwegianmade.no\/produkt\/aprikospeeling\/#primaryimage\"},\"thumbnailUrl\":\"https:\/\/norwegianmade.no\/wp-content\/uploads\/2025\/04\/3B6D4986-E472-4EEE-9310-43A5D26E76F1-scaled.jpeg\",\"datePublished\":\"2025-04-23T18:52:12+00:00\",\"dateModified\":\"2025-09-21T02:15:44+00:00\",\"breadcrumb\":{\"@id\":\"https:\/\/norwegianmade.no\/produkt\/aprikospeeling\/#breadcrumb\"},\"inLanguage\":\"en-US\",\"potentialAction\":[{\"@type\":\"ReadAction\",\"target\":[\"https:\/\/norwegianmade.no\/produkt\/aprikospeeling\/\"]}]},{\"@type\":\"ImageObject\",\"inLanguage\":\"en-US\",\"@id\":\"https:\/\/norwegianmade.no\/produkt\/aprikospeeling\/#primaryimage\",\"url\":\"https:\/\/norwegianmade.no\/wp-content\/uploads\/2025\/04\/3B6D4986-E472-4EEE-9310-43A5D26E76F1-scaled.jpeg\",\"contentUrl\":\"https:\/\/norwegianmade.no\/wp-content\/uploads\/2025\/04\/3B6D4986-E472-4EEE-9310-43A5D26E76F1-scaled.jpeg\",\"width\":2560,\"height\":1707},{\"@type\":\"BreadcrumbList\",\"@id\":\"https:\/\/norwegianmade.no\/produkt\/aprikospeeling\/#breadcrumb\",\"itemListElement\":[{\"@type\":\"ListItem\",\"position\":1,\"name\":\"Hjem\",\"item\":\"https:\/\/norwegianmade.no\/en\/\"},{\"@type\":\"ListItem\",\"position\":2,\"name\":\"Shop\",\"item\":\"https:\/\/norwegianmade.no\/en\/shop\/\"},{\"@type\":\"ListItem\",\"position\":3,\"name\":\"Aprikospeeling\"}]},{\"@type\":\"WebSite\",\"@id\":\"https:\/\/norwegianmade.no\/#website\",\"url\":\"https:\/\/norwegianmade.no\/\",\"name\":\"Norwegian Made\",\"description\":\"Norges st\u00f8rste markedsplass for norske produsenter\",\"publisher\":{\"@id\":\"https:\/\/norwegianmade.no\/#organization\"},\"potentialAction\":[{\"@type\":\"SearchAction\",\"target\":{\"@type\":\"EntryPoint\",\"urlTemplate\":\"https:\/\/norwegianmade.no\/?s={search_term_string}\"},\"query-input\":{\"@type\":\"PropertyValueSpecification\",\"valueRequired\":true,\"valueName\":\"search_term_string\"}}],\"inLanguage\":\"en-US\"},{\"@type\":\"Organization\",\"@id\":\"https:\/\/norwegianmade.no\/#organization\",\"name\":\"Norwegian Made\",\"url\":\"https:\/\/norwegianmade.no\/\",\"logo\":{\"@type\":\"ImageObject\",\"inLanguage\":\"en-US\",\"@id\":\"https:\/\/norwegianmade.no\/#\/schema\/logo\/image\/\",\"url\":\"https:\/\/norwegianmade.no\/wp-content\/uploads\/2020\/11\/logo-liggende-norwegian-made-web.png\",\"contentUrl\":\"https:\/\/norwegianmade.no\/wp-content\/uploads\/2020\/11\/logo-liggende-norwegian-made-web.png\",\"width\":200,\"height\":58,\"caption\":\"Norwegian Made\"},\"image\":{\"@id\":\"https:\/\/norwegianmade.no\/#\/schema\/logo\/image\/\"}}]}<\/script>\n<!-- \/ Yoast SEO plugin. -->","yoast_head_json":{"title":"Aprikospeeling &#8226; Norwegian Made","robots":{"index":"index","follow":"follow","max-snippet":"max-snippet:-1","max-image-preview":"max-image-preview:large","max-video-preview":"max-video-preview:-1"},"canonical":"https:\/\/norwegianmade.no\/produkt\/aprikospeeling\/","og_locale":"en_US","og_type":"article","og_title":"Aprikospeeling &#8226; Norwegian Made","og_description":"Effektiv aprikospeeling med granulerte aprikoskjerner og lavendel. Fjerner d\u00f8de hudceller som gj\u00f8r huden gusten og gr\u00e5. Forhindrer tilstoppede porer, hudormer og kviser. Aprikospeeling gj\u00f8r at p\u00e5f\u00f8lgende produkter lettere kan trenge inn i huden og passer godt for normal og grov hud.NB! Aprikospeeling anbefales ikke p\u00e5 betent hud, rosacea og hud med store kviseutbrudd, da mekanisk peeling kan irritere huden, og forverre tilstanden.Produktet kan kj\u00f8pes i produsentens egen nettbutikk","og_url":"https:\/\/norwegianmade.no\/produkt\/aprikospeeling\/","og_site_name":"Norwegian Made","article_modified_time":"2025-09-21T02:15:44+00:00","og_image":[{"width":2560,"height":1707,"url":"https:\/\/norwegianmade.no\/wp-content\/uploads\/2025\/04\/3B6D4986-E472-4EEE-9310-43A5D26E76F1-scaled.jpeg","type":"image\/jpeg"}],"twitter_card":"summary_large_image","schema":{"@context":"https:\/\/schema.org","@graph":[{"@type":"WebPage","@id":"https:\/\/norwegianmade.no\/produkt\/aprikospeeling\/","url":"https:\/\/norwegianmade.no\/produkt\/aprikospeeling\/","name":"Aprikospeeling &#8226; Norwegian Made","isPartOf":{"@id":"https:\/\/norwegianmade.no\/#website"},"primaryImageOfPage":{"@id":"https:\/\/norwegianmade.no\/produkt\/aprikospeeling\/#primaryimage"},"image":{"@id":"https:\/\/norwegianmade.no\/produkt\/aprikospeeling\/#primaryimage"},"thumbnailUrl":"https:\/\/norwegianmade.no\/wp-content\/uploads\/2025\/04\/3B6D4986-E472-4EEE-9310-43A5D26E76F1-scaled.jpeg","datePublished":"2025-04-23T18:52:12+00:00","dateModified":"2025-09-21T02:15:44+00:00","breadcrumb":{"@id":"https:\/\/norwegianmade.no\/produkt\/aprikospeeling\/#breadcrumb"},"inLanguage":"en-US","potentialAction":[{"@type":"ReadAction","target":["https:\/\/norwegianmade.no\/produkt\/aprikospeeling\/"]}]},{"@type":"ImageObject","inLanguage":"en-US","@id":"https:\/\/norwegianmade.no\/produkt\/aprikospeeling\/#primaryimage","url":"https:\/\/norwegianmade.no\/wp-content\/uploads\/2025\/04\/3B6D4986-E472-4EEE-9310-43A5D26E76F1-scaled.jpeg","contentUrl":"https:\/\/norwegianmade.no\/wp-content\/uploads\/2025\/04\/3B6D4986-E472-4EEE-9310-43A5D26E76F1-scaled.jpeg","width":2560,"height":1707},{"@type":"BreadcrumbList","@id":"https:\/\/norwegianmade.no\/produkt\/aprikospeeling\/#breadcrumb","itemListElement":[{"@type":"ListItem","position":1,"name":"Hjem","item":"https:\/\/norwegianmade.no\/en\/"},{"@type":"ListItem","position":2,"name":"Shop","item":"https:\/\/norwegianmade.no\/en\/shop\/"},{"@type":"ListItem","position":3,"name":"Aprikospeeling"}]},{"@type":"WebSite","@id":"https:\/\/norwegianmade.no\/#website","url":"https:\/\/norwegianmade.no\/","name":"Norwegian Made","description":"Norges st\u00f8rste markedsplass for norske produsenter","publisher":{"@id":"https:\/\/norwegianmade.no\/#organization"},"potentialAction":[{"@type":"SearchAction","target":{"@type":"EntryPoint","urlTemplate":"https:\/\/norwegianmade.no\/?s={search_term_string}"},"query-input":{"@type":"PropertyValueSpecification","valueRequired":true,"valueName":"search_term_string"}}],"inLanguage":"en-US"},{"@type":"Organization","@id":"https:\/\/norwegianmade.no\/#organization","name":"Norwegian Made","url":"https:\/\/norwegianmade.no\/","logo":{"@type":"ImageObject","inLanguage":"en-US","@id":"https:\/\/norwegianmade.no\/#\/schema\/logo\/image\/","url":"https:\/\/norwegianmade.no\/wp-content\/uploads\/2020\/11\/logo-liggende-norwegian-made-web.png","contentUrl":"https:\/\/norwegianmade.no\/wp-content\/uploads\/2020\/11\/logo-liggende-norwegian-made-web.png","width":200,"height":58,"caption":"Norwegian Made"},"image":{"@id":"https:\/\/norwegianmade.no\/#\/schema\/logo\/image\/"}}]}},"_links":{"self":[{"href":"https:\/\/norwegianmade.no\/en\/wp-json\/wp\/v2\/product\/22256","targetHints":{"allow":["GET"]}}],"collection":[{"href":"https:\/\/norwegianmade.no\/en\/wp-json\/wp\/v2\/product"}],"about":[{"href":"https:\/\/norwegianmade.no\/en\/wp-json\/wp\/v2\/types\/product"}],"replies":[{"embeddable":true,"href":"https:\/\/norwegianmade.no\/en\/wp-json\/wp\/v2\/comments?post=22256"}],"wp:featuredmedia":[{"embeddable":true,"href":"https:\/\/norwegianmade.no\/en\/wp-json\/wp\/v2\/media\/22254"}],"wp:attachment":[{"href":"https:\/\/norwegianmade.no\/en\/wp-json\/wp\/v2\/media?parent=22256"}],"wp:term":[{"taxonomy":"product_brand","embeddable":true,"href":"https:\/\/norwegianmade.no\/en\/wp-json\/wp\/v2\/product_brand?post=22256"},{"taxonomy":"product_cat","embeddable":true,"href":"https:\/\/norwegianmade.no\/en\/wp-json\/wp\/v2\/product_cat?post=22256"},{"taxonomy":"product_tag","embeddable":true,"href":"https:\/\/norwegianmade.no\/en\/wp-json\/wp\/v2\/product_tag?post=22256"}],"curies":[{"name":"wp","href":"https:\/\/api.w.org\/{rel}","templated":true}]}}