{"id":22259,"date":"2025-04-23T21:01:31","date_gmt":"2025-04-23T19:01:31","guid":{"rendered":"https:\/\/norwegianmade.no\/produkt\/grobladkrem\/"},"modified":"2025-11-30T11:30:27","modified_gmt":"2025-11-30T10:30:27","slug":"grobladkrem","status":"publish","type":"product","link":"https:\/\/norwegianmade.no\/en\/produkt\/grobladkrem\/","title":{"rendered":"Grobladkrem"},"content":{"rendered":"<p><\/p>\n","protected":false},"excerpt":{"rendered":"<p>Grobladkrem er en fantastisk, fuktgivende, lindrende og helende krem for sart, s\u00e5r og t\u00f8rr hud.<\/p>\n<p>Med bl.a. Granateple, Smalkjempe, Aprikoskjerneolje og A-\/E-vitamin.<\/p>\n<p>Grobladkremen stimulerer collag\u00e9nproduksjonen og \u00f8ker hudens spenst. Den er helende og antiinflammatorisk. Kremen er ultralett og spesielt velegnet til moden, t\u00f8rr, skadet og sart hud. En god krem for ansiktet, men den er ogs\u00e5 super som h\u00e5ndkrem og gir silkemyke hender.<\/p>\n<p>Produktet kan kj\u00f8pes i produsentens egen nettbutikk<\/p>\n<p><!-- x-tinymce\/html --><\/p>\n","protected":false},"featured_media":22257,"comment_status":"open","ping_status":"closed","template":"","meta":{"_acf_changed":false},"product_brand":[],"product_cat":[67],"product_tag":[],"class_list":{"0":"post-22259","1":"product","2":"type-product","3":"status-publish","4":"has-post-thumbnail","6":"product_vendor-naturlig-hud-johansen","7":"product_cat-hudpleie","9":"first","10":"instock","11":"taxable","12":"shipping-taxable","13":"product-type-simple"},"acf":[],"yoast_head":"<!-- This site is optimized with the Yoast SEO plugin v27.1.1 - https:\/\/yoast.com\/product\/yoast-seo-wordpress\/ -->\n<title>Grobladkrem &#8226; Norwegian Made<\/title>\n<meta name=\"robots\" content=\"index, follow, max-snippet:-1, max-image-preview:large, max-video-preview:-1\" \/>\n<link rel=\"canonical\" href=\"https:\/\/norwegianmade.no\/produkt\/grobladkrem\/\" \/>\n<meta property=\"og:locale\" content=\"en_US\" \/>\n<meta property=\"og:type\" content=\"article\" \/>\n<meta property=\"og:title\" content=\"Grobladkrem &#8226; Norwegian Made\" \/>\n<meta property=\"og:description\" content=\"Grobladkrem er en fantastisk, fuktgivende, lindrende og helende krem for sart, s\u00e5r og t\u00f8rr hud.Med bl.a. Granateple, Smalkjempe, Aprikoskjerneolje og A-\/E-vitamin.Grobladkremen stimulerer collag\u00e9nproduksjonen og \u00f8ker hudens spenst. Den er helende og antiinflammatorisk. Kremen er ultralett og spesielt velegnet til moden, t\u00f8rr, skadet og sart hud. En god krem for ansiktet, men den er ogs\u00e5 super som h\u00e5ndkrem og gir silkemyke hender.Produktet kan kj\u00f8pes i produsentens egen nettbutikk\" \/>\n<meta property=\"og:url\" content=\"https:\/\/norwegianmade.no\/produkt\/grobladkrem\/\" \/>\n<meta property=\"og:site_name\" content=\"Norwegian Made\" \/>\n<meta property=\"article:modified_time\" content=\"2025-11-30T10:30:27+00:00\" \/>\n<meta property=\"og:image\" content=\"https:\/\/norwegianmade.no\/wp-content\/uploads\/2025\/04\/18964C1D-CE4A-48BA-8570-458CD2968D3F-scaled.jpeg\" \/>\n\t<meta property=\"og:image:width\" content=\"2560\" \/>\n\t<meta property=\"og:image:height\" content=\"1707\" \/>\n\t<meta property=\"og:image:type\" content=\"image\/jpeg\" \/>\n<meta name=\"twitter:card\" content=\"summary_large_image\" \/>\n<script type=\"application\/ld+json\" class=\"yoast-schema-graph\">{\"@context\":\"https:\/\/schema.org\",\"@graph\":[{\"@type\":\"WebPage\",\"@id\":\"https:\/\/norwegianmade.no\/produkt\/grobladkrem\/\",\"url\":\"https:\/\/norwegianmade.no\/produkt\/grobladkrem\/\",\"name\":\"Grobladkrem &#8226; Norwegian Made\",\"isPartOf\":{\"@id\":\"https:\/\/norwegianmade.no\/#website\"},\"primaryImageOfPage\":{\"@id\":\"https:\/\/norwegianmade.no\/produkt\/grobladkrem\/#primaryimage\"},\"image\":{\"@id\":\"https:\/\/norwegianmade.no\/produkt\/grobladkrem\/#primaryimage\"},\"thumbnailUrl\":\"https:\/\/norwegianmade.no\/wp-content\/uploads\/2025\/04\/18964C1D-CE4A-48BA-8570-458CD2968D3F-scaled.jpeg\",\"datePublished\":\"2025-04-23T19:01:31+00:00\",\"dateModified\":\"2025-11-30T10:30:27+00:00\",\"breadcrumb\":{\"@id\":\"https:\/\/norwegianmade.no\/produkt\/grobladkrem\/#breadcrumb\"},\"inLanguage\":\"en-US\",\"potentialAction\":[{\"@type\":\"ReadAction\",\"target\":[\"https:\/\/norwegianmade.no\/produkt\/grobladkrem\/\"]}]},{\"@type\":\"ImageObject\",\"inLanguage\":\"en-US\",\"@id\":\"https:\/\/norwegianmade.no\/produkt\/grobladkrem\/#primaryimage\",\"url\":\"https:\/\/norwegianmade.no\/wp-content\/uploads\/2025\/04\/18964C1D-CE4A-48BA-8570-458CD2968D3F-scaled.jpeg\",\"contentUrl\":\"https:\/\/norwegianmade.no\/wp-content\/uploads\/2025\/04\/18964C1D-CE4A-48BA-8570-458CD2968D3F-scaled.jpeg\",\"width\":2560,\"height\":1707},{\"@type\":\"BreadcrumbList\",\"@id\":\"https:\/\/norwegianmade.no\/produkt\/grobladkrem\/#breadcrumb\",\"itemListElement\":[{\"@type\":\"ListItem\",\"position\":1,\"name\":\"Hjem\",\"item\":\"https:\/\/norwegianmade.no\/en\/\"},{\"@type\":\"ListItem\",\"position\":2,\"name\":\"Shop\",\"item\":\"https:\/\/norwegianmade.no\/en\/shop\/\"},{\"@type\":\"ListItem\",\"position\":3,\"name\":\"Grobladkrem\"}]},{\"@type\":\"WebSite\",\"@id\":\"https:\/\/norwegianmade.no\/#website\",\"url\":\"https:\/\/norwegianmade.no\/\",\"name\":\"Norwegian Made\",\"description\":\"Norges st\u00f8rste markedsplass for norske produsenter\",\"publisher\":{\"@id\":\"https:\/\/norwegianmade.no\/#organization\"},\"potentialAction\":[{\"@type\":\"SearchAction\",\"target\":{\"@type\":\"EntryPoint\",\"urlTemplate\":\"https:\/\/norwegianmade.no\/?s={search_term_string}\"},\"query-input\":{\"@type\":\"PropertyValueSpecification\",\"valueRequired\":true,\"valueName\":\"search_term_string\"}}],\"inLanguage\":\"en-US\"},{\"@type\":\"Organization\",\"@id\":\"https:\/\/norwegianmade.no\/#organization\",\"name\":\"Norwegian Made\",\"url\":\"https:\/\/norwegianmade.no\/\",\"logo\":{\"@type\":\"ImageObject\",\"inLanguage\":\"en-US\",\"@id\":\"https:\/\/norwegianmade.no\/#\/schema\/logo\/image\/\",\"url\":\"https:\/\/norwegianmade.no\/wp-content\/uploads\/2020\/11\/logo-liggende-norwegian-made-web.png\",\"contentUrl\":\"https:\/\/norwegianmade.no\/wp-content\/uploads\/2020\/11\/logo-liggende-norwegian-made-web.png\",\"width\":200,\"height\":58,\"caption\":\"Norwegian Made\"},\"image\":{\"@id\":\"https:\/\/norwegianmade.no\/#\/schema\/logo\/image\/\"}}]}<\/script>\n<!-- \/ Yoast SEO plugin. -->","yoast_head_json":{"title":"Grobladkrem &#8226; Norwegian Made","robots":{"index":"index","follow":"follow","max-snippet":"max-snippet:-1","max-image-preview":"max-image-preview:large","max-video-preview":"max-video-preview:-1"},"canonical":"https:\/\/norwegianmade.no\/produkt\/grobladkrem\/","og_locale":"en_US","og_type":"article","og_title":"Grobladkrem &#8226; Norwegian Made","og_description":"Grobladkrem er en fantastisk, fuktgivende, lindrende og helende krem for sart, s\u00e5r og t\u00f8rr hud.Med bl.a. Granateple, Smalkjempe, Aprikoskjerneolje og A-\/E-vitamin.Grobladkremen stimulerer collag\u00e9nproduksjonen og \u00f8ker hudens spenst. Den er helende og antiinflammatorisk. Kremen er ultralett og spesielt velegnet til moden, t\u00f8rr, skadet og sart hud. En god krem for ansiktet, men den er ogs\u00e5 super som h\u00e5ndkrem og gir silkemyke hender.Produktet kan kj\u00f8pes i produsentens egen nettbutikk","og_url":"https:\/\/norwegianmade.no\/produkt\/grobladkrem\/","og_site_name":"Norwegian Made","article_modified_time":"2025-11-30T10:30:27+00:00","og_image":[{"width":2560,"height":1707,"url":"https:\/\/norwegianmade.no\/wp-content\/uploads\/2025\/04\/18964C1D-CE4A-48BA-8570-458CD2968D3F-scaled.jpeg","type":"image\/jpeg"}],"twitter_card":"summary_large_image","schema":{"@context":"https:\/\/schema.org","@graph":[{"@type":"WebPage","@id":"https:\/\/norwegianmade.no\/produkt\/grobladkrem\/","url":"https:\/\/norwegianmade.no\/produkt\/grobladkrem\/","name":"Grobladkrem &#8226; Norwegian Made","isPartOf":{"@id":"https:\/\/norwegianmade.no\/#website"},"primaryImageOfPage":{"@id":"https:\/\/norwegianmade.no\/produkt\/grobladkrem\/#primaryimage"},"image":{"@id":"https:\/\/norwegianmade.no\/produkt\/grobladkrem\/#primaryimage"},"thumbnailUrl":"https:\/\/norwegianmade.no\/wp-content\/uploads\/2025\/04\/18964C1D-CE4A-48BA-8570-458CD2968D3F-scaled.jpeg","datePublished":"2025-04-23T19:01:31+00:00","dateModified":"2025-11-30T10:30:27+00:00","breadcrumb":{"@id":"https:\/\/norwegianmade.no\/produkt\/grobladkrem\/#breadcrumb"},"inLanguage":"en-US","potentialAction":[{"@type":"ReadAction","target":["https:\/\/norwegianmade.no\/produkt\/grobladkrem\/"]}]},{"@type":"ImageObject","inLanguage":"en-US","@id":"https:\/\/norwegianmade.no\/produkt\/grobladkrem\/#primaryimage","url":"https:\/\/norwegianmade.no\/wp-content\/uploads\/2025\/04\/18964C1D-CE4A-48BA-8570-458CD2968D3F-scaled.jpeg","contentUrl":"https:\/\/norwegianmade.no\/wp-content\/uploads\/2025\/04\/18964C1D-CE4A-48BA-8570-458CD2968D3F-scaled.jpeg","width":2560,"height":1707},{"@type":"BreadcrumbList","@id":"https:\/\/norwegianmade.no\/produkt\/grobladkrem\/#breadcrumb","itemListElement":[{"@type":"ListItem","position":1,"name":"Hjem","item":"https:\/\/norwegianmade.no\/en\/"},{"@type":"ListItem","position":2,"name":"Shop","item":"https:\/\/norwegianmade.no\/en\/shop\/"},{"@type":"ListItem","position":3,"name":"Grobladkrem"}]},{"@type":"WebSite","@id":"https:\/\/norwegianmade.no\/#website","url":"https:\/\/norwegianmade.no\/","name":"Norwegian Made","description":"Norges st\u00f8rste markedsplass for norske produsenter","publisher":{"@id":"https:\/\/norwegianmade.no\/#organization"},"potentialAction":[{"@type":"SearchAction","target":{"@type":"EntryPoint","urlTemplate":"https:\/\/norwegianmade.no\/?s={search_term_string}"},"query-input":{"@type":"PropertyValueSpecification","valueRequired":true,"valueName":"search_term_string"}}],"inLanguage":"en-US"},{"@type":"Organization","@id":"https:\/\/norwegianmade.no\/#organization","name":"Norwegian Made","url":"https:\/\/norwegianmade.no\/","logo":{"@type":"ImageObject","inLanguage":"en-US","@id":"https:\/\/norwegianmade.no\/#\/schema\/logo\/image\/","url":"https:\/\/norwegianmade.no\/wp-content\/uploads\/2020\/11\/logo-liggende-norwegian-made-web.png","contentUrl":"https:\/\/norwegianmade.no\/wp-content\/uploads\/2020\/11\/logo-liggende-norwegian-made-web.png","width":200,"height":58,"caption":"Norwegian Made"},"image":{"@id":"https:\/\/norwegianmade.no\/#\/schema\/logo\/image\/"}}]}},"_links":{"self":[{"href":"https:\/\/norwegianmade.no\/en\/wp-json\/wp\/v2\/product\/22259","targetHints":{"allow":["GET"]}}],"collection":[{"href":"https:\/\/norwegianmade.no\/en\/wp-json\/wp\/v2\/product"}],"about":[{"href":"https:\/\/norwegianmade.no\/en\/wp-json\/wp\/v2\/types\/product"}],"replies":[{"embeddable":true,"href":"https:\/\/norwegianmade.no\/en\/wp-json\/wp\/v2\/comments?post=22259"}],"wp:featuredmedia":[{"embeddable":true,"href":"https:\/\/norwegianmade.no\/en\/wp-json\/wp\/v2\/media\/22257"}],"wp:attachment":[{"href":"https:\/\/norwegianmade.no\/en\/wp-json\/wp\/v2\/media?parent=22259"}],"wp:term":[{"taxonomy":"product_brand","embeddable":true,"href":"https:\/\/norwegianmade.no\/en\/wp-json\/wp\/v2\/product_brand?post=22259"},{"taxonomy":"product_cat","embeddable":true,"href":"https:\/\/norwegianmade.no\/en\/wp-json\/wp\/v2\/product_cat?post=22259"},{"taxonomy":"product_tag","embeddable":true,"href":"https:\/\/norwegianmade.no\/en\/wp-json\/wp\/v2\/product_tag?post=22259"}],"curies":[{"name":"wp","href":"https:\/\/api.w.org\/{rel}","templated":true}]}}