{"id":22262,"date":"2025-04-23T21:06:55","date_gmt":"2025-04-23T19:06:55","guid":{"rendered":"https:\/\/norwegianmade.no\/produkt\/pleiende-oyekrem\/"},"modified":"2026-03-20T13:05:40","modified_gmt":"2026-03-20T12:05:40","slug":"pleiende-oyekrem","status":"publish","type":"product","link":"https:\/\/norwegianmade.no\/en\/produkt\/pleiende-oyekrem\/","title":{"rendered":"Pleiende \u00f8yekrem"},"content":{"rendered":"<p><\/p>\n","protected":false},"excerpt":{"rendered":"<p>En cellefornyende, oppstrammende, regenererende og pleiende \u00f8yekrem med moringaolje, granatepleolje og grobladekstrakt.\u00a0<\/p>\n<p><!-- x-tinymce\/html --><\/p>\n<p>Kremen er veldig lett, og gir den tynne og sarte huden rundt \u00f8ynene n\u00e6ring og fukt, uten \u00e5 v\u00e6re for fet. Den forebygger og minsker fine linjer, stimulerer collag\u00e9nproduksjonen og \u00f8ker hudens elastisitet og spenst. Huden rundt \u00f8ynene er ekstra tynn og sensitiv, det gj\u00f8r at den blir fortere irritert. Det er ogs\u00e5 dette omr\u00e5det som f\u00f8rst viser tegn til tretthet, aldring, solskader og t\u00f8rrhet.\u00a0<\/p>\n<p>Produktet kan kj\u00f8pes i produsentens egen nettbutikk<\/p>\n","protected":false},"featured_media":22260,"comment_status":"open","ping_status":"closed","template":"","meta":{"_acf_changed":false},"product_brand":[],"product_cat":[67],"product_tag":[],"class_list":{"0":"post-22262","1":"product","2":"type-product","3":"status-publish","4":"has-post-thumbnail","6":"product_vendor-naturlig-hud-johansen","7":"product_cat-hudpleie","9":"first","10":"instock","11":"taxable","12":"shipping-taxable","13":"product-type-simple"},"acf":[],"yoast_head":"<!-- This site is optimized with the Yoast SEO plugin v27.1.1 - https:\/\/yoast.com\/product\/yoast-seo-wordpress\/ -->\n<title>Pleiende \u00f8yekrem &#8226; Norwegian Made<\/title>\n<meta name=\"robots\" content=\"index, follow, max-snippet:-1, max-image-preview:large, max-video-preview:-1\" \/>\n<link rel=\"canonical\" href=\"https:\/\/norwegianmade.no\/produkt\/pleiende-oyekrem\/\" \/>\n<meta property=\"og:locale\" content=\"en_US\" \/>\n<meta property=\"og:type\" content=\"article\" \/>\n<meta property=\"og:title\" content=\"Pleiende \u00f8yekrem &#8226; Norwegian Made\" \/>\n<meta property=\"og:description\" content=\"En cellefornyende, oppstrammende, regenererende og pleiende \u00f8yekrem med moringaolje, granatepleolje og grobladekstrakt.\u00a0Kremen er veldig lett, og gir den tynne og sarte huden rundt \u00f8ynene n\u00e6ring og fukt, uten \u00e5 v\u00e6re for fet. Den forebygger og minsker fine linjer, stimulerer collag\u00e9nproduksjonen og \u00f8ker hudens elastisitet og spenst. Huden rundt \u00f8ynene er ekstra tynn og sensitiv, det gj\u00f8r at den blir fortere irritert. Det er ogs\u00e5 dette omr\u00e5det som f\u00f8rst viser tegn til tretthet, aldring, solskader og t\u00f8rrhet.\u00a0Produktet kan kj\u00f8pes i produsentens egen nettbutikk\" \/>\n<meta property=\"og:url\" content=\"https:\/\/norwegianmade.no\/produkt\/pleiende-oyekrem\/\" \/>\n<meta property=\"og:site_name\" content=\"Norwegian Made\" \/>\n<meta property=\"article:modified_time\" content=\"2026-03-20T12:05:40+00:00\" \/>\n<meta property=\"og:image\" content=\"https:\/\/norwegianmade.no\/wp-content\/uploads\/2025\/04\/NaturligHud__15.jpg\" \/>\n\t<meta property=\"og:image:width\" content=\"2535\" \/>\n\t<meta property=\"og:image:height\" content=\"1690\" \/>\n\t<meta property=\"og:image:type\" content=\"image\/jpeg\" \/>\n<meta name=\"twitter:card\" content=\"summary_large_image\" \/>\n<script type=\"application\/ld+json\" class=\"yoast-schema-graph\">{\"@context\":\"https:\/\/schema.org\",\"@graph\":[{\"@type\":\"WebPage\",\"@id\":\"https:\/\/norwegianmade.no\/produkt\/pleiende-oyekrem\/\",\"url\":\"https:\/\/norwegianmade.no\/produkt\/pleiende-oyekrem\/\",\"name\":\"Pleiende \u00f8yekrem &#8226; Norwegian Made\",\"isPartOf\":{\"@id\":\"https:\/\/norwegianmade.no\/#website\"},\"primaryImageOfPage\":{\"@id\":\"https:\/\/norwegianmade.no\/produkt\/pleiende-oyekrem\/#primaryimage\"},\"image\":{\"@id\":\"https:\/\/norwegianmade.no\/produkt\/pleiende-oyekrem\/#primaryimage\"},\"thumbnailUrl\":\"https:\/\/norwegianmade.no\/wp-content\/uploads\/2025\/04\/NaturligHud__15.jpg\",\"datePublished\":\"2025-04-23T19:06:55+00:00\",\"dateModified\":\"2026-03-20T12:05:40+00:00\",\"breadcrumb\":{\"@id\":\"https:\/\/norwegianmade.no\/produkt\/pleiende-oyekrem\/#breadcrumb\"},\"inLanguage\":\"en-US\",\"potentialAction\":[{\"@type\":\"ReadAction\",\"target\":[\"https:\/\/norwegianmade.no\/produkt\/pleiende-oyekrem\/\"]}]},{\"@type\":\"ImageObject\",\"inLanguage\":\"en-US\",\"@id\":\"https:\/\/norwegianmade.no\/produkt\/pleiende-oyekrem\/#primaryimage\",\"url\":\"https:\/\/norwegianmade.no\/wp-content\/uploads\/2025\/04\/NaturligHud__15.jpg\",\"contentUrl\":\"https:\/\/norwegianmade.no\/wp-content\/uploads\/2025\/04\/NaturligHud__15.jpg\",\"width\":2535,\"height\":1690},{\"@type\":\"BreadcrumbList\",\"@id\":\"https:\/\/norwegianmade.no\/produkt\/pleiende-oyekrem\/#breadcrumb\",\"itemListElement\":[{\"@type\":\"ListItem\",\"position\":1,\"name\":\"Hjem\",\"item\":\"https:\/\/norwegianmade.no\/en\/\"},{\"@type\":\"ListItem\",\"position\":2,\"name\":\"Shop\",\"item\":\"https:\/\/norwegianmade.no\/en\/shop\/\"},{\"@type\":\"ListItem\",\"position\":3,\"name\":\"Pleiende \u00f8yekrem\"}]},{\"@type\":\"WebSite\",\"@id\":\"https:\/\/norwegianmade.no\/#website\",\"url\":\"https:\/\/norwegianmade.no\/\",\"name\":\"Norwegian Made\",\"description\":\"Norges st\u00f8rste markedsplass for norske produsenter\",\"publisher\":{\"@id\":\"https:\/\/norwegianmade.no\/#organization\"},\"potentialAction\":[{\"@type\":\"SearchAction\",\"target\":{\"@type\":\"EntryPoint\",\"urlTemplate\":\"https:\/\/norwegianmade.no\/?s={search_term_string}\"},\"query-input\":{\"@type\":\"PropertyValueSpecification\",\"valueRequired\":true,\"valueName\":\"search_term_string\"}}],\"inLanguage\":\"en-US\"},{\"@type\":\"Organization\",\"@id\":\"https:\/\/norwegianmade.no\/#organization\",\"name\":\"Norwegian Made\",\"url\":\"https:\/\/norwegianmade.no\/\",\"logo\":{\"@type\":\"ImageObject\",\"inLanguage\":\"en-US\",\"@id\":\"https:\/\/norwegianmade.no\/#\/schema\/logo\/image\/\",\"url\":\"https:\/\/norwegianmade.no\/wp-content\/uploads\/2020\/11\/logo-liggende-norwegian-made-web.png\",\"contentUrl\":\"https:\/\/norwegianmade.no\/wp-content\/uploads\/2020\/11\/logo-liggende-norwegian-made-web.png\",\"width\":200,\"height\":58,\"caption\":\"Norwegian Made\"},\"image\":{\"@id\":\"https:\/\/norwegianmade.no\/#\/schema\/logo\/image\/\"}}]}<\/script>\n<!-- \/ Yoast SEO plugin. -->","yoast_head_json":{"title":"Pleiende \u00f8yekrem &#8226; Norwegian Made","robots":{"index":"index","follow":"follow","max-snippet":"max-snippet:-1","max-image-preview":"max-image-preview:large","max-video-preview":"max-video-preview:-1"},"canonical":"https:\/\/norwegianmade.no\/produkt\/pleiende-oyekrem\/","og_locale":"en_US","og_type":"article","og_title":"Pleiende \u00f8yekrem &#8226; Norwegian Made","og_description":"En cellefornyende, oppstrammende, regenererende og pleiende \u00f8yekrem med moringaolje, granatepleolje og grobladekstrakt.\u00a0Kremen er veldig lett, og gir den tynne og sarte huden rundt \u00f8ynene n\u00e6ring og fukt, uten \u00e5 v\u00e6re for fet. Den forebygger og minsker fine linjer, stimulerer collag\u00e9nproduksjonen og \u00f8ker hudens elastisitet og spenst. Huden rundt \u00f8ynene er ekstra tynn og sensitiv, det gj\u00f8r at den blir fortere irritert. Det er ogs\u00e5 dette omr\u00e5det som f\u00f8rst viser tegn til tretthet, aldring, solskader og t\u00f8rrhet.\u00a0Produktet kan kj\u00f8pes i produsentens egen nettbutikk","og_url":"https:\/\/norwegianmade.no\/produkt\/pleiende-oyekrem\/","og_site_name":"Norwegian Made","article_modified_time":"2026-03-20T12:05:40+00:00","og_image":[{"width":2535,"height":1690,"url":"https:\/\/norwegianmade.no\/wp-content\/uploads\/2025\/04\/NaturligHud__15.jpg","type":"image\/jpeg"}],"twitter_card":"summary_large_image","schema":{"@context":"https:\/\/schema.org","@graph":[{"@type":"WebPage","@id":"https:\/\/norwegianmade.no\/produkt\/pleiende-oyekrem\/","url":"https:\/\/norwegianmade.no\/produkt\/pleiende-oyekrem\/","name":"Pleiende \u00f8yekrem &#8226; Norwegian Made","isPartOf":{"@id":"https:\/\/norwegianmade.no\/#website"},"primaryImageOfPage":{"@id":"https:\/\/norwegianmade.no\/produkt\/pleiende-oyekrem\/#primaryimage"},"image":{"@id":"https:\/\/norwegianmade.no\/produkt\/pleiende-oyekrem\/#primaryimage"},"thumbnailUrl":"https:\/\/norwegianmade.no\/wp-content\/uploads\/2025\/04\/NaturligHud__15.jpg","datePublished":"2025-04-23T19:06:55+00:00","dateModified":"2026-03-20T12:05:40+00:00","breadcrumb":{"@id":"https:\/\/norwegianmade.no\/produkt\/pleiende-oyekrem\/#breadcrumb"},"inLanguage":"en-US","potentialAction":[{"@type":"ReadAction","target":["https:\/\/norwegianmade.no\/produkt\/pleiende-oyekrem\/"]}]},{"@type":"ImageObject","inLanguage":"en-US","@id":"https:\/\/norwegianmade.no\/produkt\/pleiende-oyekrem\/#primaryimage","url":"https:\/\/norwegianmade.no\/wp-content\/uploads\/2025\/04\/NaturligHud__15.jpg","contentUrl":"https:\/\/norwegianmade.no\/wp-content\/uploads\/2025\/04\/NaturligHud__15.jpg","width":2535,"height":1690},{"@type":"BreadcrumbList","@id":"https:\/\/norwegianmade.no\/produkt\/pleiende-oyekrem\/#breadcrumb","itemListElement":[{"@type":"ListItem","position":1,"name":"Hjem","item":"https:\/\/norwegianmade.no\/en\/"},{"@type":"ListItem","position":2,"name":"Shop","item":"https:\/\/norwegianmade.no\/en\/shop\/"},{"@type":"ListItem","position":3,"name":"Pleiende \u00f8yekrem"}]},{"@type":"WebSite","@id":"https:\/\/norwegianmade.no\/#website","url":"https:\/\/norwegianmade.no\/","name":"Norwegian Made","description":"Norges st\u00f8rste markedsplass for norske produsenter","publisher":{"@id":"https:\/\/norwegianmade.no\/#organization"},"potentialAction":[{"@type":"SearchAction","target":{"@type":"EntryPoint","urlTemplate":"https:\/\/norwegianmade.no\/?s={search_term_string}"},"query-input":{"@type":"PropertyValueSpecification","valueRequired":true,"valueName":"search_term_string"}}],"inLanguage":"en-US"},{"@type":"Organization","@id":"https:\/\/norwegianmade.no\/#organization","name":"Norwegian Made","url":"https:\/\/norwegianmade.no\/","logo":{"@type":"ImageObject","inLanguage":"en-US","@id":"https:\/\/norwegianmade.no\/#\/schema\/logo\/image\/","url":"https:\/\/norwegianmade.no\/wp-content\/uploads\/2020\/11\/logo-liggende-norwegian-made-web.png","contentUrl":"https:\/\/norwegianmade.no\/wp-content\/uploads\/2020\/11\/logo-liggende-norwegian-made-web.png","width":200,"height":58,"caption":"Norwegian Made"},"image":{"@id":"https:\/\/norwegianmade.no\/#\/schema\/logo\/image\/"}}]}},"_links":{"self":[{"href":"https:\/\/norwegianmade.no\/en\/wp-json\/wp\/v2\/product\/22262","targetHints":{"allow":["GET"]}}],"collection":[{"href":"https:\/\/norwegianmade.no\/en\/wp-json\/wp\/v2\/product"}],"about":[{"href":"https:\/\/norwegianmade.no\/en\/wp-json\/wp\/v2\/types\/product"}],"replies":[{"embeddable":true,"href":"https:\/\/norwegianmade.no\/en\/wp-json\/wp\/v2\/comments?post=22262"}],"wp:featuredmedia":[{"embeddable":true,"href":"https:\/\/norwegianmade.no\/en\/wp-json\/wp\/v2\/media\/22260"}],"wp:attachment":[{"href":"https:\/\/norwegianmade.no\/en\/wp-json\/wp\/v2\/media?parent=22262"}],"wp:term":[{"taxonomy":"product_brand","embeddable":true,"href":"https:\/\/norwegianmade.no\/en\/wp-json\/wp\/v2\/product_brand?post=22262"},{"taxonomy":"product_cat","embeddable":true,"href":"https:\/\/norwegianmade.no\/en\/wp-json\/wp\/v2\/product_cat?post=22262"},{"taxonomy":"product_tag","embeddable":true,"href":"https:\/\/norwegianmade.no\/en\/wp-json\/wp\/v2\/product_tag?post=22262"}],"curies":[{"name":"wp","href":"https:\/\/api.w.org\/{rel}","templated":true}]}}