{"id":22401,"date":"2025-05-27T15:34:58","date_gmt":"2025-05-27T13:34:58","guid":{"rendered":"https:\/\/norwegianmade.no\/produkt\/naturlig-duftlys-tin-travel-woodland-forest-sandeltre-og-frankincense\/"},"modified":"2025-12-07T14:48:16","modified_gmt":"2025-12-07T13:48:16","slug":"naturlig-duftlys-tin-travel-woodland-forest-sandeltre-og-frankincense","status":"publish","type":"product","link":"https:\/\/norwegianmade.no\/en\/produkt\/naturlig-duftlys-tin-travel-woodland-forest-sandeltre-og-frankincense\/","title":{"rendered":"Botanisk Candle Naturlig Duftlys Tin Travel &#8211; Woodland Forest &#8211; Sandeltre og Frankincense"},"content":{"rendered":"<p><strong>Botanisk Candle &#8211; Woodland Forest &#8211; Sandeltre &amp;\u00a0Frankincense.<\/strong><\/p>\n<p><strong>Sandeltre<\/strong>\u00a0har en rik, treaktig og kremet aroma. Den er varm, glatt og litt s\u00f8t.\u00a0Duften beskrives ofte som en av velv\u00e6re og luksuri\u00f8sitet, med en dyp, dvelende kvalitet som er b\u00e5de beroligende og meditativ.<\/p>\n<p>Sandeltre aromaterapi, avledet fra den essensielle oljen utvunnet fra sandeltre tr\u00e6r, tilbyr en rekke mulige fordeler p\u00e5 grunn av sin rike og beroligende aroma.\u00a0<\/p>\n<p><strong>Frankincense:\u00a0<\/strong>Cedar er et semittisk ord som betyr kraften til \u00e5ndelig styrke og representerer et symbol p\u00e5 konstant tro. \u00a0<strong>Frankincense (Cedarwood )<\/strong>er en av de eldste aromastoffene som brukes som tempelr\u00f8kelse, og har en veldig \u00e6rlig effekt p\u00e5 f\u00f8lelser. Den hjelper oss \u00e5 konsentrere oss og lindrer nerv\u00f8se spenninger ved sin velkjente, beroligende og beroligende virkning.<\/p>\n<p>Botanisk Candle Tin Travel er h\u00e5ndst\u00f8pt\u00a0i Norge.<\/p>\n<p><strong>Tin Travel Woodland Forest \u00a040g.<\/strong><\/p>\n<p><strong>100 % naturlig rapsvoks &#8211;<\/strong>\u00a0Ren, sotfri forbrenning.<\/p>\n<p><strong>Lett og praktisk<\/strong>\u00a0\u2013 Perfekt for reise, med lokk for trygg oppbevaring.<br \/><strong>Naturlige dufter<\/strong>\u00a0\u2013 Ekte eteriske oljer og naturlige dutfoljer (IFRA).<br \/><strong>H\u00e5ndlaget &amp; vegansk<\/strong>\u00a0\u2013 Milj\u00f8vennlig og plastfri emballasje.<br \/><strong>Lang brenntid<\/strong>\u00a0\u2013\u00a0<strong>14- 18\u00a0timer.\u00a0<\/strong><\/p>\n<p><strong>Tin Travel Candle (40 g)<\/strong>\u00a0<strong>laget av\u00a0100 % naturlig rapsvoks er\u00a0perfekt for deg som \u00f8nsker en b\u00e6rekraftig og milj\u00f8vennlig lysopplevelse.<\/strong>\u00a0Med en stilren tin-boks med lokk, er duftlysene\u00a0ideelt for reiser, kontor eller som en koselig gave.\u00a0Tin travel er h\u00e5ndlaget med ren rapsvoks og en blanding av rene eteriske oljer og duftoljer i samsvarer med kravene fra IFRA (International Fragrance Association Standards).<\/p>\n<p>Rapsvoks, Bomullsveke eller Treveke, Eteriske Oljer, Duftoljer (IFRA).<\/p>\n<p>INFORMASJON:<strong>Woodland\u00a0Forest &#8211; Sandeltre og\u00a0Frankincense<\/strong><\/p>\n<p><strong>Aroma:\u00a0<\/strong>Varm, Sandeltre, Frankincense<\/p>\n<p><strong>Aromanote:<\/strong>\u00a0Rik sandeltrearoma med noter av sedertre, sjasmin, gardenia og musk som basenote.<strong>\u00a0Toppnoter<\/strong>\u00a0med sitron, \u00a0liljer, florale\u00a0<strong>hjertenoter<\/strong>\u00a0og balsam, base av vanilje og patchouli<\/p>\n<p><strong>Vegansk<\/strong>: Ja<\/p>\n<p><strong>Fri for:<\/strong>\u00a0Parafin, Parabener, Ftalater og GMO.<\/p>\n<p><strong>Brennetid 14 -18\u00a0\u00a0timer. 40g\u00a0<\/strong><\/p>\n<ul>\n<li>Benzyl Benzoate<\/li>\n<li>Limonene<\/li>\n<li>Linalool<\/li>\n<li>Citronellol<\/li>\n<\/ul>\n<p><strong>\u26a0\ufe0f Gode r\u00e5d ved bruk:<\/strong><\/p>\n<ul>\n<li>\u00a0Hold utilgjengelig for barn og kj\u00e6ledyr, og s\u00f8rg for at det er plassert p\u00e5 en stabil overflatte for \u00e5 forhindre velting.<\/li>\n<li>Forlat aldri brennende lys uten tilsyn.<\/li>\n<li>Unng\u00e5 for lang brennetid. Det anbefales \u00e5 ikke brenne lyset lengre enn 4 timer.<\/li>\n<li>\u00a0<strong>Unng\u00e5 \u00e5 brenne Tin Travel Candle\u00a0helt ned<\/strong>\u00a0\u2013 Slukk lyset n\u00e5r det er ca.\u00a0<strong>1 cm voks igjen<\/strong><\/li>\n<li>\u00a0<strong>Ikke flytt et tent lys<\/strong>\u00a0\u2013 Aluminiumsholder kan v\u00e6re sv\u00e6rt varm<\/li>\n<\/ul>\n","protected":false},"excerpt":{"rendered":"<p><\/p>\n","protected":false},"featured_media":22632,"comment_status":"open","ping_status":"closed","template":"","meta":{"_acf_changed":false},"product_brand":[],"product_cat":[],"product_tag":[],"class_list":{"0":"post-22401","1":"product","2":"type-product","3":"status-publish","4":"has-post-thumbnail","6":"product_shipping_class-lett","8":"first","9":"instock","10":"sale","11":"taxable","12":"shipping-taxable","13":"product-type-simple"},"acf":[],"yoast_head":"<!-- This site is optimized with the Yoast SEO plugin v27.1.1 - https:\/\/yoast.com\/product\/yoast-seo-wordpress\/ -->\n<title>Botanisk Candle Naturlig Duftlys Tin Travel - Woodland Forest - Sandeltre og Frankincense &#8226; Norwegian Made<\/title>\n<meta name=\"description\" content=\"Botanisk Candle - Woodland Forest - Sandeltre &amp; Frankincense.\" \/>\n<meta name=\"robots\" content=\"index, follow, max-snippet:-1, max-image-preview:large, max-video-preview:-1\" \/>\n<link rel=\"canonical\" href=\"https:\/\/norwegianmade.no\/produkt\/naturlig-duftlys-tin-travel-woodland-forest-sandeltre-og-frankincense\/\" \/>\n<meta property=\"og:locale\" content=\"en_US\" \/>\n<meta property=\"og:type\" content=\"article\" \/>\n<meta property=\"og:title\" content=\"Botanisk Candle Naturlig Duftlys Tin Travel - Woodland Forest - Sandeltre og Frankincense &#8226; Norwegian Made\" \/>\n<meta property=\"og:description\" content=\"Botanisk Candle - Woodland Forest - Sandeltre &amp; Frankincense.\" \/>\n<meta property=\"og:url\" content=\"https:\/\/norwegianmade.no\/produkt\/naturlig-duftlys-tin-travel-woodland-forest-sandeltre-og-frankincense\/\" \/>\n<meta property=\"og:site_name\" content=\"Norwegian Made\" \/>\n<meta property=\"article:modified_time\" content=\"2025-12-07T13:48:16+00:00\" \/>\n<meta property=\"og:image\" content=\"https:\/\/norwegianmade.no\/wp-content\/uploads\/2025\/10\/freepik_assistant_1759578864975.png\" \/>\n\t<meta property=\"og:image:width\" content=\"1024\" \/>\n\t<meta property=\"og:image:height\" content=\"1024\" \/>\n\t<meta property=\"og:image:type\" content=\"image\/png\" \/>\n<meta name=\"twitter:card\" content=\"summary_large_image\" \/>\n<meta name=\"twitter:label1\" content=\"Est. reading time\" \/>\n\t<meta name=\"twitter:data1\" content=\"2 minutes\" \/>\n<script type=\"application\/ld+json\" class=\"yoast-schema-graph\">{\"@context\":\"https:\/\/schema.org\",\"@graph\":[{\"@type\":\"WebPage\",\"@id\":\"https:\/\/norwegianmade.no\/produkt\/naturlig-duftlys-tin-travel-woodland-forest-sandeltre-og-frankincense\/\",\"url\":\"https:\/\/norwegianmade.no\/produkt\/naturlig-duftlys-tin-travel-woodland-forest-sandeltre-og-frankincense\/\",\"name\":\"Botanisk Candle Naturlig Duftlys Tin Travel - Woodland Forest - Sandeltre og Frankincense &#8226; Norwegian Made\",\"isPartOf\":{\"@id\":\"https:\/\/norwegianmade.no\/#website\"},\"primaryImageOfPage\":{\"@id\":\"https:\/\/norwegianmade.no\/produkt\/naturlig-duftlys-tin-travel-woodland-forest-sandeltre-og-frankincense\/#primaryimage\"},\"image\":{\"@id\":\"https:\/\/norwegianmade.no\/produkt\/naturlig-duftlys-tin-travel-woodland-forest-sandeltre-og-frankincense\/#primaryimage\"},\"thumbnailUrl\":\"https:\/\/norwegianmade.no\/wp-content\/uploads\/2025\/10\/freepik_assistant_1759579260678.png\",\"datePublished\":\"2025-05-27T13:34:58+00:00\",\"dateModified\":\"2025-12-07T13:48:16+00:00\",\"description\":\"Botanisk Candle - Woodland Forest - Sandeltre & Frankincense.\",\"breadcrumb\":{\"@id\":\"https:\/\/norwegianmade.no\/produkt\/naturlig-duftlys-tin-travel-woodland-forest-sandeltre-og-frankincense\/#breadcrumb\"},\"inLanguage\":\"en-US\",\"potentialAction\":[{\"@type\":\"ReadAction\",\"target\":[\"https:\/\/norwegianmade.no\/produkt\/naturlig-duftlys-tin-travel-woodland-forest-sandeltre-og-frankincense\/\"]}]},{\"@type\":\"ImageObject\",\"inLanguage\":\"en-US\",\"@id\":\"https:\/\/norwegianmade.no\/produkt\/naturlig-duftlys-tin-travel-woodland-forest-sandeltre-og-frankincense\/#primaryimage\",\"url\":\"https:\/\/norwegianmade.no\/wp-content\/uploads\/2025\/10\/freepik_assistant_1759579260678.png\",\"contentUrl\":\"https:\/\/norwegianmade.no\/wp-content\/uploads\/2025\/10\/freepik_assistant_1759579260678.png\",\"width\":1024,\"height\":1024},{\"@type\":\"BreadcrumbList\",\"@id\":\"https:\/\/norwegianmade.no\/produkt\/naturlig-duftlys-tin-travel-woodland-forest-sandeltre-og-frankincense\/#breadcrumb\",\"itemListElement\":[{\"@type\":\"ListItem\",\"position\":1,\"name\":\"Hjem\",\"item\":\"https:\/\/norwegianmade.no\/en\/\"},{\"@type\":\"ListItem\",\"position\":2,\"name\":\"Shop\",\"item\":\"https:\/\/norwegianmade.no\/en\/shop\/\"},{\"@type\":\"ListItem\",\"position\":3,\"name\":\"Botanisk Candle Naturlig Duftlys Tin Travel &#8211; Woodland Forest &#8211; Sandeltre og Frankincense\"}]},{\"@type\":\"WebSite\",\"@id\":\"https:\/\/norwegianmade.no\/#website\",\"url\":\"https:\/\/norwegianmade.no\/\",\"name\":\"Norwegian Made\",\"description\":\"Norges st\u00f8rste markedsplass for norske produsenter\",\"publisher\":{\"@id\":\"https:\/\/norwegianmade.no\/#organization\"},\"potentialAction\":[{\"@type\":\"SearchAction\",\"target\":{\"@type\":\"EntryPoint\",\"urlTemplate\":\"https:\/\/norwegianmade.no\/?s={search_term_string}\"},\"query-input\":{\"@type\":\"PropertyValueSpecification\",\"valueRequired\":true,\"valueName\":\"search_term_string\"}}],\"inLanguage\":\"en-US\"},{\"@type\":\"Organization\",\"@id\":\"https:\/\/norwegianmade.no\/#organization\",\"name\":\"Norwegian Made\",\"url\":\"https:\/\/norwegianmade.no\/\",\"logo\":{\"@type\":\"ImageObject\",\"inLanguage\":\"en-US\",\"@id\":\"https:\/\/norwegianmade.no\/#\/schema\/logo\/image\/\",\"url\":\"https:\/\/norwegianmade.no\/wp-content\/uploads\/2020\/11\/logo-liggende-norwegian-made-web.png\",\"contentUrl\":\"https:\/\/norwegianmade.no\/wp-content\/uploads\/2020\/11\/logo-liggende-norwegian-made-web.png\",\"width\":200,\"height\":58,\"caption\":\"Norwegian Made\"},\"image\":{\"@id\":\"https:\/\/norwegianmade.no\/#\/schema\/logo\/image\/\"}}]}<\/script>\n<!-- \/ Yoast SEO plugin. -->","yoast_head_json":{"title":"Botanisk Candle Naturlig Duftlys Tin Travel - Woodland Forest - Sandeltre og Frankincense &#8226; Norwegian Made","description":"Botanisk Candle - Woodland Forest - Sandeltre & Frankincense.","robots":{"index":"index","follow":"follow","max-snippet":"max-snippet:-1","max-image-preview":"max-image-preview:large","max-video-preview":"max-video-preview:-1"},"canonical":"https:\/\/norwegianmade.no\/produkt\/naturlig-duftlys-tin-travel-woodland-forest-sandeltre-og-frankincense\/","og_locale":"en_US","og_type":"article","og_title":"Botanisk Candle Naturlig Duftlys Tin Travel - Woodland Forest - Sandeltre og Frankincense &#8226; Norwegian Made","og_description":"Botanisk Candle - Woodland Forest - Sandeltre & Frankincense.","og_url":"https:\/\/norwegianmade.no\/produkt\/naturlig-duftlys-tin-travel-woodland-forest-sandeltre-og-frankincense\/","og_site_name":"Norwegian Made","article_modified_time":"2025-12-07T13:48:16+00:00","og_image":[{"width":1024,"height":1024,"url":"https:\/\/norwegianmade.no\/wp-content\/uploads\/2025\/10\/freepik_assistant_1759578864975.png","type":"image\/png"}],"twitter_card":"summary_large_image","twitter_misc":{"Est. reading time":"2 minutes"},"schema":{"@context":"https:\/\/schema.org","@graph":[{"@type":"WebPage","@id":"https:\/\/norwegianmade.no\/produkt\/naturlig-duftlys-tin-travel-woodland-forest-sandeltre-og-frankincense\/","url":"https:\/\/norwegianmade.no\/produkt\/naturlig-duftlys-tin-travel-woodland-forest-sandeltre-og-frankincense\/","name":"Botanisk Candle Naturlig Duftlys Tin Travel - Woodland Forest - Sandeltre og Frankincense &#8226; Norwegian Made","isPartOf":{"@id":"https:\/\/norwegianmade.no\/#website"},"primaryImageOfPage":{"@id":"https:\/\/norwegianmade.no\/produkt\/naturlig-duftlys-tin-travel-woodland-forest-sandeltre-og-frankincense\/#primaryimage"},"image":{"@id":"https:\/\/norwegianmade.no\/produkt\/naturlig-duftlys-tin-travel-woodland-forest-sandeltre-og-frankincense\/#primaryimage"},"thumbnailUrl":"https:\/\/norwegianmade.no\/wp-content\/uploads\/2025\/10\/freepik_assistant_1759579260678.png","datePublished":"2025-05-27T13:34:58+00:00","dateModified":"2025-12-07T13:48:16+00:00","description":"Botanisk Candle - Woodland Forest - Sandeltre & Frankincense.","breadcrumb":{"@id":"https:\/\/norwegianmade.no\/produkt\/naturlig-duftlys-tin-travel-woodland-forest-sandeltre-og-frankincense\/#breadcrumb"},"inLanguage":"en-US","potentialAction":[{"@type":"ReadAction","target":["https:\/\/norwegianmade.no\/produkt\/naturlig-duftlys-tin-travel-woodland-forest-sandeltre-og-frankincense\/"]}]},{"@type":"ImageObject","inLanguage":"en-US","@id":"https:\/\/norwegianmade.no\/produkt\/naturlig-duftlys-tin-travel-woodland-forest-sandeltre-og-frankincense\/#primaryimage","url":"https:\/\/norwegianmade.no\/wp-content\/uploads\/2025\/10\/freepik_assistant_1759579260678.png","contentUrl":"https:\/\/norwegianmade.no\/wp-content\/uploads\/2025\/10\/freepik_assistant_1759579260678.png","width":1024,"height":1024},{"@type":"BreadcrumbList","@id":"https:\/\/norwegianmade.no\/produkt\/naturlig-duftlys-tin-travel-woodland-forest-sandeltre-og-frankincense\/#breadcrumb","itemListElement":[{"@type":"ListItem","position":1,"name":"Hjem","item":"https:\/\/norwegianmade.no\/en\/"},{"@type":"ListItem","position":2,"name":"Shop","item":"https:\/\/norwegianmade.no\/en\/shop\/"},{"@type":"ListItem","position":3,"name":"Botanisk Candle Naturlig Duftlys Tin Travel &#8211; Woodland Forest &#8211; Sandeltre og Frankincense"}]},{"@type":"WebSite","@id":"https:\/\/norwegianmade.no\/#website","url":"https:\/\/norwegianmade.no\/","name":"Norwegian Made","description":"Norges st\u00f8rste markedsplass for norske produsenter","publisher":{"@id":"https:\/\/norwegianmade.no\/#organization"},"potentialAction":[{"@type":"SearchAction","target":{"@type":"EntryPoint","urlTemplate":"https:\/\/norwegianmade.no\/?s={search_term_string}"},"query-input":{"@type":"PropertyValueSpecification","valueRequired":true,"valueName":"search_term_string"}}],"inLanguage":"en-US"},{"@type":"Organization","@id":"https:\/\/norwegianmade.no\/#organization","name":"Norwegian Made","url":"https:\/\/norwegianmade.no\/","logo":{"@type":"ImageObject","inLanguage":"en-US","@id":"https:\/\/norwegianmade.no\/#\/schema\/logo\/image\/","url":"https:\/\/norwegianmade.no\/wp-content\/uploads\/2020\/11\/logo-liggende-norwegian-made-web.png","contentUrl":"https:\/\/norwegianmade.no\/wp-content\/uploads\/2020\/11\/logo-liggende-norwegian-made-web.png","width":200,"height":58,"caption":"Norwegian Made"},"image":{"@id":"https:\/\/norwegianmade.no\/#\/schema\/logo\/image\/"}}]}},"_links":{"self":[{"href":"https:\/\/norwegianmade.no\/en\/wp-json\/wp\/v2\/product\/22401","targetHints":{"allow":["GET"]}}],"collection":[{"href":"https:\/\/norwegianmade.no\/en\/wp-json\/wp\/v2\/product"}],"about":[{"href":"https:\/\/norwegianmade.no\/en\/wp-json\/wp\/v2\/types\/product"}],"replies":[{"embeddable":true,"href":"https:\/\/norwegianmade.no\/en\/wp-json\/wp\/v2\/comments?post=22401"}],"wp:featuredmedia":[{"embeddable":true,"href":"https:\/\/norwegianmade.no\/en\/wp-json\/wp\/v2\/media\/22632"}],"wp:attachment":[{"href":"https:\/\/norwegianmade.no\/en\/wp-json\/wp\/v2\/media?parent=22401"}],"wp:term":[{"taxonomy":"product_brand","embeddable":true,"href":"https:\/\/norwegianmade.no\/en\/wp-json\/wp\/v2\/product_brand?post=22401"},{"taxonomy":"product_cat","embeddable":true,"href":"https:\/\/norwegianmade.no\/en\/wp-json\/wp\/v2\/product_cat?post=22401"},{"taxonomy":"product_tag","embeddable":true,"href":"https:\/\/norwegianmade.no\/en\/wp-json\/wp\/v2\/product_tag?post=22401"}],"curies":[{"name":"wp","href":"https:\/\/api.w.org\/{rel}","templated":true}]}}