{"id":22408,"date":"2025-05-27T15:42:24","date_gmt":"2025-05-27T13:42:24","guid":{"rendered":"https:\/\/norwegianmade.no\/produkt\/fresh-citrus-naturlig-duftlys-tin-travel-40-g\/"},"modified":"2025-10-05T14:46:09","modified_gmt":"2025-10-05T12:46:09","slug":"fresh-citrus-naturlig-duftlys-tin-travel-40-g","status":"publish","type":"product","link":"https:\/\/norwegianmade.no\/en\/produkt\/fresh-citrus-naturlig-duftlys-tin-travel-40-g\/","title":{"rendered":"Botanisk Candle Naturlig Duftlys Fresh Citrus &#8211; 40 g"},"content":{"rendered":"<p>Botanisk Candle Fresh Citrus\u00a0\u00a0\u2013 Sitrongress Rapsvokslys\u00a0<\/p>\n<p>Fyll hjemmet ditt med en frisk, oppl\u00f8ftende duft av\u00a0<strong>sitrongress<\/strong>! Botanisk Candle Naturlig Duftlys Tin Travel laget av ren rapsvoks\u00a0\u00a0gir en ren forbrenning og er perfekt for \u00e5 skape en energigivende atmosf\u00e6re eller SPA-stemning hjemme.<\/p>\n<p>Botanisk Candle naturlig duftlys er h\u00e5ndlaget med ren rapsvoks og en blanding av rene eteriske oljer og naturlige\u00a0duftoljer (IFRA). V\u00e5re naturlige duftoljer\u00a0er fri for Ftalater og Parabener.<\/p>\n<p><strong><span style=\"font-family: HelveticaNeueW01-65Medi, HelveticaNeueW02-65Medi, HelveticaNeueW10-65Medi, sans-serif\" data-mce-style=\"font-family: HelveticaNeueW01-65Medi, HelveticaNeueW02-65Medi, HelveticaNeueW10-65Medi, sans-serif;\">Botanisk Candle\u00a0<\/span>Tin Travel\u00a0<\/strong>er\u00a0perfekt for deg som \u00f8nsker en b\u00e6rekraftig og milj\u00f8vennlig lysopplevelse. Med en stilren tin-boks med lokk, er duftlyset ideelt for reiser, kontor eller som en koselig gave.\u00a0<\/p>\n<p><strong>Tin Travel Fresh Citrus 40g<\/strong><\/p>\n<p><strong>100 % naturlig b\u00e6rekraftig Svensk rapsvoks\u00a0<\/strong>\u2013 Ren, sotfri forbrenning<\/p>\n<p><strong>Lett og praktisk<\/strong>\u00a0\u2013 Perfekt for reise, med lokk for trygg oppbevaring<br \/><strong>Naturlige dufter<\/strong>\u00a0\u2013 Ekte eteriske oljer, ingen syntetiske tilsetninger<br \/><strong>H\u00e5ndlaget &amp; vegansk<\/strong>\u00a0\u2013 Milj\u00f8vennlig og plastfri emballasje<br \/><strong>Lang brenntid<\/strong>\u00a0\u2013 14- 18\u00a0<strong>timer<\/strong>\u00a0<\/p>\n<p>Rapsvoks, Bomullsveke eller Treveke, Eteriske Oljer, Duftoljer (IFRA).<\/p>\n<p>INFORMASJON: <em><strong>Fri for: Parafin, Parabener, Ftalater. GMO-fri.<\/strong><\/em><\/p>\n<p><strong>Aroma<\/strong>: Frisk Sitrus<\/p>\n<p><strong>Eteriske Oljer:\u00a0<\/strong>S\u00f8t-medisinal, skarp, sitrus<\/p>\n<p><strong>Plantedel Eteriske oljer:\u00a0<\/strong>Gress<\/p>\n<p><strong>Aromanote: Oppnote<\/strong>r av sitrusfrukter og eukalyptus som\u00a0<strong>hjertenoter\u00a0<\/strong>og fioler som\u00a0<strong>basenote<\/strong>. sitron og\u00a0florale hjertenoter og basenote av fioler.<\/p>\n<ul>\n<li>Linalool<\/li>\n<li>Gerianol<\/li>\n<li>Citral-a<\/li>\n<li>Citral-b<\/li>\n<\/ul>\n<p><strong>Vegansk<\/strong>: Ja<\/p>\n<p><strong>Fri for:<\/strong>\u00a0Parafin, Parabener, ftalater og GMO-fri.<\/p>\n<p><strong>Brennetid 14-18timer. 40g voks per tin travel candle.<\/strong><\/p>\n<p><strong>\u26a0\ufe0f Gode r\u00e5d ved bruk<\/strong><\/p>\n<ul>\n<li>\u00a0Hold utilgjengelig for barn og kj\u00e6ledyr, og s\u00f8rg for at det er plassert p\u00e5 en stabil overflatte for \u00e5 forhindre velting. \u00a0<\/li>\n<li>Unng\u00e5 for lang brennetid. Det anbefales \u00e5 ikke brenne lyset lengre enn 4 timer.<\/li>\n<li>Forlat aldri brennende lys uten tilsyn<\/li>\n<li>\u00a0<strong>Unng\u00e5 \u00e5 brenne Tin Travel Candle Duftlys helt ned<\/strong>\u00a0\u2013 Slukk lyset n\u00e5r det er ca.\u00a0<strong>1 cm voks igjen<\/strong><\/li>\n<\/ul>\n","protected":false},"excerpt":{"rendered":"<p><\/p>\n","protected":false},"featured_media":22634,"comment_status":"open","ping_status":"closed","template":"","meta":{"_acf_changed":false},"product_brand":[723],"product_cat":[],"product_tag":[],"class_list":{"0":"post-22408","1":"product","2":"type-product","3":"status-publish","4":"has-post-thumbnail","6":"product_brand-botanisk-candle","8":"first","9":"instock","10":"sale","11":"taxable","12":"shipping-taxable","13":"product-type-simple"},"acf":[],"yoast_head":"<!-- This site is optimized with the Yoast SEO plugin v27.1.1 - https:\/\/yoast.com\/product\/yoast-seo-wordpress\/ -->\n<title>Botanisk Candle Naturlig Duftlys Fresh Citrus - 40 g &#8226; Norwegian Made<\/title>\n<meta name=\"description\" content=\"Naturlig Duftlys\" \/>\n<meta name=\"robots\" content=\"index, follow, max-snippet:-1, max-image-preview:large, max-video-preview:-1\" \/>\n<link rel=\"canonical\" href=\"https:\/\/norwegianmade.no\/produkt\/fresh-citrus-naturlig-duftlys-tin-travel-40-g\/\" \/>\n<meta property=\"og:locale\" content=\"en_US\" \/>\n<meta property=\"og:type\" content=\"article\" \/>\n<meta property=\"og:title\" content=\"Botanisk Candle Naturlig Duftlys Fresh Citrus - 40 g &#8226; Norwegian Made\" \/>\n<meta property=\"og:description\" content=\"Naturlig Duftlys\" \/>\n<meta property=\"og:url\" content=\"https:\/\/norwegianmade.no\/produkt\/fresh-citrus-naturlig-duftlys-tin-travel-40-g\/\" \/>\n<meta property=\"og:site_name\" content=\"Norwegian Made\" \/>\n<meta property=\"article:modified_time\" content=\"2025-10-05T12:46:09+00:00\" \/>\n<meta property=\"og:image\" content=\"https:\/\/norwegianmade.no\/wp-content\/uploads\/2025\/10\/freepik_assistant_1759581379490.png\" \/>\n\t<meta property=\"og:image:width\" content=\"1024\" \/>\n\t<meta property=\"og:image:height\" content=\"1024\" \/>\n\t<meta property=\"og:image:type\" content=\"image\/png\" \/>\n<meta name=\"twitter:card\" content=\"summary_large_image\" \/>\n<meta name=\"twitter:label1\" content=\"Est. reading time\" \/>\n\t<meta name=\"twitter:data1\" content=\"1 minute\" \/>\n<script type=\"application\/ld+json\" class=\"yoast-schema-graph\">{\"@context\":\"https:\/\/schema.org\",\"@graph\":[{\"@type\":\"WebPage\",\"@id\":\"https:\/\/norwegianmade.no\/produkt\/fresh-citrus-naturlig-duftlys-tin-travel-40-g\/\",\"url\":\"https:\/\/norwegianmade.no\/produkt\/fresh-citrus-naturlig-duftlys-tin-travel-40-g\/\",\"name\":\"Botanisk Candle Naturlig Duftlys Fresh Citrus - 40 g &#8226; Norwegian Made\",\"isPartOf\":{\"@id\":\"https:\/\/norwegianmade.no\/#website\"},\"primaryImageOfPage\":{\"@id\":\"https:\/\/norwegianmade.no\/produkt\/fresh-citrus-naturlig-duftlys-tin-travel-40-g\/#primaryimage\"},\"image\":{\"@id\":\"https:\/\/norwegianmade.no\/produkt\/fresh-citrus-naturlig-duftlys-tin-travel-40-g\/#primaryimage\"},\"thumbnailUrl\":\"https:\/\/norwegianmade.no\/wp-content\/uploads\/2025\/10\/freepik_assistant_1759581379490.png\",\"datePublished\":\"2025-05-27T13:42:24+00:00\",\"dateModified\":\"2025-10-05T12:46:09+00:00\",\"description\":\"Naturlig Duftlys\",\"breadcrumb\":{\"@id\":\"https:\/\/norwegianmade.no\/produkt\/fresh-citrus-naturlig-duftlys-tin-travel-40-g\/#breadcrumb\"},\"inLanguage\":\"en-US\",\"potentialAction\":[{\"@type\":\"ReadAction\",\"target\":[\"https:\/\/norwegianmade.no\/produkt\/fresh-citrus-naturlig-duftlys-tin-travel-40-g\/\"]}]},{\"@type\":\"ImageObject\",\"inLanguage\":\"en-US\",\"@id\":\"https:\/\/norwegianmade.no\/produkt\/fresh-citrus-naturlig-duftlys-tin-travel-40-g\/#primaryimage\",\"url\":\"https:\/\/norwegianmade.no\/wp-content\/uploads\/2025\/10\/freepik_assistant_1759581379490.png\",\"contentUrl\":\"https:\/\/norwegianmade.no\/wp-content\/uploads\/2025\/10\/freepik_assistant_1759581379490.png\",\"width\":1024,\"height\":1024},{\"@type\":\"BreadcrumbList\",\"@id\":\"https:\/\/norwegianmade.no\/produkt\/fresh-citrus-naturlig-duftlys-tin-travel-40-g\/#breadcrumb\",\"itemListElement\":[{\"@type\":\"ListItem\",\"position\":1,\"name\":\"Hjem\",\"item\":\"https:\/\/norwegianmade.no\/en\/\"},{\"@type\":\"ListItem\",\"position\":2,\"name\":\"Shop\",\"item\":\"https:\/\/norwegianmade.no\/en\/shop\/\"},{\"@type\":\"ListItem\",\"position\":3,\"name\":\"Botanisk Candle Naturlig Duftlys Fresh Citrus &#8211; 40 g\"}]},{\"@type\":\"WebSite\",\"@id\":\"https:\/\/norwegianmade.no\/#website\",\"url\":\"https:\/\/norwegianmade.no\/\",\"name\":\"Norwegian Made\",\"description\":\"Norges st\u00f8rste markedsplass for norske produsenter\",\"publisher\":{\"@id\":\"https:\/\/norwegianmade.no\/#organization\"},\"potentialAction\":[{\"@type\":\"SearchAction\",\"target\":{\"@type\":\"EntryPoint\",\"urlTemplate\":\"https:\/\/norwegianmade.no\/?s={search_term_string}\"},\"query-input\":{\"@type\":\"PropertyValueSpecification\",\"valueRequired\":true,\"valueName\":\"search_term_string\"}}],\"inLanguage\":\"en-US\"},{\"@type\":\"Organization\",\"@id\":\"https:\/\/norwegianmade.no\/#organization\",\"name\":\"Norwegian Made\",\"url\":\"https:\/\/norwegianmade.no\/\",\"logo\":{\"@type\":\"ImageObject\",\"inLanguage\":\"en-US\",\"@id\":\"https:\/\/norwegianmade.no\/#\/schema\/logo\/image\/\",\"url\":\"https:\/\/norwegianmade.no\/wp-content\/uploads\/2020\/11\/logo-liggende-norwegian-made-web.png\",\"contentUrl\":\"https:\/\/norwegianmade.no\/wp-content\/uploads\/2020\/11\/logo-liggende-norwegian-made-web.png\",\"width\":200,\"height\":58,\"caption\":\"Norwegian Made\"},\"image\":{\"@id\":\"https:\/\/norwegianmade.no\/#\/schema\/logo\/image\/\"}}]}<\/script>\n<!-- \/ Yoast SEO plugin. -->","yoast_head_json":{"title":"Botanisk Candle Naturlig Duftlys Fresh Citrus - 40 g &#8226; Norwegian Made","description":"Naturlig Duftlys","robots":{"index":"index","follow":"follow","max-snippet":"max-snippet:-1","max-image-preview":"max-image-preview:large","max-video-preview":"max-video-preview:-1"},"canonical":"https:\/\/norwegianmade.no\/produkt\/fresh-citrus-naturlig-duftlys-tin-travel-40-g\/","og_locale":"en_US","og_type":"article","og_title":"Botanisk Candle Naturlig Duftlys Fresh Citrus - 40 g &#8226; Norwegian Made","og_description":"Naturlig Duftlys","og_url":"https:\/\/norwegianmade.no\/produkt\/fresh-citrus-naturlig-duftlys-tin-travel-40-g\/","og_site_name":"Norwegian Made","article_modified_time":"2025-10-05T12:46:09+00:00","og_image":[{"width":1024,"height":1024,"url":"https:\/\/norwegianmade.no\/wp-content\/uploads\/2025\/10\/freepik_assistant_1759581379490.png","type":"image\/png"}],"twitter_card":"summary_large_image","twitter_misc":{"Est. reading time":"1 minute"},"schema":{"@context":"https:\/\/schema.org","@graph":[{"@type":"WebPage","@id":"https:\/\/norwegianmade.no\/produkt\/fresh-citrus-naturlig-duftlys-tin-travel-40-g\/","url":"https:\/\/norwegianmade.no\/produkt\/fresh-citrus-naturlig-duftlys-tin-travel-40-g\/","name":"Botanisk Candle Naturlig Duftlys Fresh Citrus - 40 g &#8226; Norwegian Made","isPartOf":{"@id":"https:\/\/norwegianmade.no\/#website"},"primaryImageOfPage":{"@id":"https:\/\/norwegianmade.no\/produkt\/fresh-citrus-naturlig-duftlys-tin-travel-40-g\/#primaryimage"},"image":{"@id":"https:\/\/norwegianmade.no\/produkt\/fresh-citrus-naturlig-duftlys-tin-travel-40-g\/#primaryimage"},"thumbnailUrl":"https:\/\/norwegianmade.no\/wp-content\/uploads\/2025\/10\/freepik_assistant_1759581379490.png","datePublished":"2025-05-27T13:42:24+00:00","dateModified":"2025-10-05T12:46:09+00:00","description":"Naturlig Duftlys","breadcrumb":{"@id":"https:\/\/norwegianmade.no\/produkt\/fresh-citrus-naturlig-duftlys-tin-travel-40-g\/#breadcrumb"},"inLanguage":"en-US","potentialAction":[{"@type":"ReadAction","target":["https:\/\/norwegianmade.no\/produkt\/fresh-citrus-naturlig-duftlys-tin-travel-40-g\/"]}]},{"@type":"ImageObject","inLanguage":"en-US","@id":"https:\/\/norwegianmade.no\/produkt\/fresh-citrus-naturlig-duftlys-tin-travel-40-g\/#primaryimage","url":"https:\/\/norwegianmade.no\/wp-content\/uploads\/2025\/10\/freepik_assistant_1759581379490.png","contentUrl":"https:\/\/norwegianmade.no\/wp-content\/uploads\/2025\/10\/freepik_assistant_1759581379490.png","width":1024,"height":1024},{"@type":"BreadcrumbList","@id":"https:\/\/norwegianmade.no\/produkt\/fresh-citrus-naturlig-duftlys-tin-travel-40-g\/#breadcrumb","itemListElement":[{"@type":"ListItem","position":1,"name":"Hjem","item":"https:\/\/norwegianmade.no\/en\/"},{"@type":"ListItem","position":2,"name":"Shop","item":"https:\/\/norwegianmade.no\/en\/shop\/"},{"@type":"ListItem","position":3,"name":"Botanisk Candle Naturlig Duftlys Fresh Citrus &#8211; 40 g"}]},{"@type":"WebSite","@id":"https:\/\/norwegianmade.no\/#website","url":"https:\/\/norwegianmade.no\/","name":"Norwegian Made","description":"Norges st\u00f8rste markedsplass for norske produsenter","publisher":{"@id":"https:\/\/norwegianmade.no\/#organization"},"potentialAction":[{"@type":"SearchAction","target":{"@type":"EntryPoint","urlTemplate":"https:\/\/norwegianmade.no\/?s={search_term_string}"},"query-input":{"@type":"PropertyValueSpecification","valueRequired":true,"valueName":"search_term_string"}}],"inLanguage":"en-US"},{"@type":"Organization","@id":"https:\/\/norwegianmade.no\/#organization","name":"Norwegian Made","url":"https:\/\/norwegianmade.no\/","logo":{"@type":"ImageObject","inLanguage":"en-US","@id":"https:\/\/norwegianmade.no\/#\/schema\/logo\/image\/","url":"https:\/\/norwegianmade.no\/wp-content\/uploads\/2020\/11\/logo-liggende-norwegian-made-web.png","contentUrl":"https:\/\/norwegianmade.no\/wp-content\/uploads\/2020\/11\/logo-liggende-norwegian-made-web.png","width":200,"height":58,"caption":"Norwegian Made"},"image":{"@id":"https:\/\/norwegianmade.no\/#\/schema\/logo\/image\/"}}]}},"_links":{"self":[{"href":"https:\/\/norwegianmade.no\/en\/wp-json\/wp\/v2\/product\/22408","targetHints":{"allow":["GET"]}}],"collection":[{"href":"https:\/\/norwegianmade.no\/en\/wp-json\/wp\/v2\/product"}],"about":[{"href":"https:\/\/norwegianmade.no\/en\/wp-json\/wp\/v2\/types\/product"}],"replies":[{"embeddable":true,"href":"https:\/\/norwegianmade.no\/en\/wp-json\/wp\/v2\/comments?post=22408"}],"wp:featuredmedia":[{"embeddable":true,"href":"https:\/\/norwegianmade.no\/en\/wp-json\/wp\/v2\/media\/22634"}],"wp:attachment":[{"href":"https:\/\/norwegianmade.no\/en\/wp-json\/wp\/v2\/media?parent=22408"}],"wp:term":[{"taxonomy":"product_brand","embeddable":true,"href":"https:\/\/norwegianmade.no\/en\/wp-json\/wp\/v2\/product_brand?post=22408"},{"taxonomy":"product_cat","embeddable":true,"href":"https:\/\/norwegianmade.no\/en\/wp-json\/wp\/v2\/product_cat?post=22408"},{"taxonomy":"product_tag","embeddable":true,"href":"https:\/\/norwegianmade.no\/en\/wp-json\/wp\/v2\/product_tag?post=22408"}],"curies":[{"name":"wp","href":"https:\/\/api.w.org\/{rel}","templated":true}]}}