{"id":22421,"date":"2025-05-27T16:08:41","date_gmt":"2025-05-27T14:08:41","guid":{"rendered":"https:\/\/norwegianmade.no\/produkt\/kitchen-lemon-naturlig-duftlys-rapsvoks-og-naturlige-duftoljer-40-g\/"},"modified":"2025-12-28T12:45:07","modified_gmt":"2025-12-28T11:45:07","slug":"kitchen-lemon-naturlig-duftlys-rapsvoks-og-naturlige-duftoljer-40-g","status":"publish","type":"product","link":"https:\/\/norwegianmade.no\/en\/produkt\/kitchen-lemon-naturlig-duftlys-rapsvoks-og-naturlige-duftoljer-40-g\/","title":{"rendered":"Botanisk Candle Kitchen Lemon Naturlig Duftlys &#8211; Rapsvoks og Naturlige Duftoljer &#8211; 40 g"},"content":{"rendered":"<section class=\"Jgs2b9\" style=\"background-image: none;background-position: 0% 0%;background-size: auto;background-repeat: repeat;background-attachment: scroll;border: 0px;margin: 0px;padding: 0px;vertical-align: baseline;width: 500px\">\n<div class=\"WAZqE7 QfrfFD cell\" style=\"background-image: none;background-position: 0% 0%;background-size: auto;background-repeat: repeat;background-attachment: scroll;border: 0px;margin: 0px;padding: 20px 0px;vertical-align: baseline;direction: var(--wix-direction)\">\n<section data-hook=\"description-wrapper\" class=\"Va_ZoC\" style=\"background-image: none;background-position: 0% 0%;background-size: auto;background-repeat: repeat;background-attachment: scroll;border: 0px;margin: 0px;padding: 0px;vertical-align: baseline;--descriptionContentFont: var(--productPage_descriptionFontStyle,var(--quickView_descriptionFontStyle,var(--wix-font-Body-M)));--descriptionTextDecoration: var(--productPage_descriptionFontStyle-text-decoration,var(--quickView_descriptionFontStyle-text-decoration,var(--wix-font-Body-M-text-decoration)));--descriptionContentAlign: var(--productPage_descriptionAlignment,left);text-align: var(--descriptionContentAlign)\">\n<div class=\"LvOu6J\" style=\"background-image: none;background-position: 0% 0%;background-size: auto;background-repeat: repeat;background-attachment: scroll;border: 0px;margin: 0px;padding: 0px;vertical-align: baseline;display: inline-grid;font-style:;font-size:;line-height:;font-family:;text-align: var(--descriptionContentAlign);text-decoration: var(--descriptionTextDecoration)\">\n<div class=\"vaI0UH undefined\" data-hook=\"content-wrapper\" style=\"background-image: none;background-position: 0% 0%;background-size: auto;background-repeat: repeat;background-attachment: scroll;border: 0px;margin: 0px;padding: 0px;vertical-align: baseline;line-height: 24px;overflow: hidden;position: relative;text-decoration: var(--descriptionTextDecoration);color: var(--descriptionContentColor)\">\n<pre data-hook=\"description\" class=\"skK8UF\" style=\"background-image: none;background-position: 0% 0%;background-size: auto;background-repeat: repeat;background-attachment: scroll;border: 0px;margin-top: 0px;margin-bottom: 0px;padding: 0px;vertical-align: baseline;font-family: inherit\"><p style=\"background-image: none;background-position: 0% 0%;background-size: auto;background-repeat: repeat;background-attachment: scroll;border: 0px;margin: 0px;padding: 0px;vertical-align: baseline;font-style: inherit;font-size: inherit;font-family: inherit;line-height: inherit\"><em style=\"background-image: none;background-position: 0% 0%;background-size: auto;background-repeat: repeat;background-attachment: scroll;border: 0px;margin: 0px;padding: 0px 1px 0px 0px;vertical-align: baseline\"><strong style=\"background-image: none;background-position: 0% 0%;background-size: auto;background-repeat: repeat;background-attachment: scroll;border: 0px;margin: 0px;padding: 0px;vertical-align: baseline\">Botanisk Candle Kitchen Lemon Duftlys<\/strong><\/em>\u00a0er skapt for \u00e5 gi kj\u00f8kkenet ditt en frisk og ren atmosf\u00e6re. Med en kombinasjon av naturlig og b\u00e6rekraftig Svensk rapsvoks og naturlige\u00a0duftoljer (IFRA) skaper Botanisk Candle Kitchen Lemon\u00a0Tin Travel \u00a0en f\u00f8lelse av renhet og energi.<\/p><p style=\"background-image: none;background-position: 0% 0%;background-size: auto;background-repeat: repeat;background-attachment: scroll;border: 0px;margin: 0px;padding: 0px;vertical-align: baseline;font-style: inherit;font-size: inherit;font-family: inherit;line-height: inherit\">\u00a0<\/p><p style=\"background-image: none;background-position: 0% 0%;background-size: auto;background-repeat: repeat;background-attachment: scroll;border: 0px;margin: 0px;padding: 0px;vertical-align: baseline;font-style: inherit;font-size: inherit;font-family: inherit;line-height: inherit\">\u00a0<\/p><p style=\"background-image: none;background-position: 0% 0%;background-size: auto;background-repeat: repeat;background-attachment: scroll;border: 0px;margin: 0px;padding: 0px;vertical-align: baseline;font-style: inherit;font-size: inherit;font-family: inherit;line-height: inherit\"><em style=\"background-image: none;background-position: 0% 0%;background-size: auto;background-repeat: repeat;background-attachment: scroll;border: 0px;margin: 0px;padding: 0px 1px 0px 0px;vertical-align: baseline\"><strong style=\"background-image: none;background-position: 0% 0%;background-size: auto;background-repeat: repeat;background-attachment: scroll;border: 0px;margin: 0px;padding: 0px;vertical-align: baseline\">Botanisk Candle - Kitchen Lemon Rapsvokslys.<\/strong><\/em><\/p><p style=\"background-image: none;background-position: 0% 0%;background-size: auto;background-repeat: repeat;background-attachment: scroll;border: 0px;margin: 0px;padding: 0px;vertical-align: baseline;font-style: inherit;font-size: inherit;font-family: inherit;line-height: inherit\"><strong style=\"background-image: none;background-position: 0% 0%;background-size: auto;background-repeat: repeat;background-attachment: scroll;border: 0px;margin: 0px;padding: 0px;vertical-align: baseline\">Tin Travel Kitchen Lemon\u00a040 g.<\/strong><\/p><p style=\"background-image: none;background-position: 0% 0%;background-size: auto;background-repeat: repeat;background-attachment: scroll;border: 0px;margin: 0px;padding: 0px;vertical-align: baseline;font-style: inherit;font-size: inherit;font-family: inherit;line-height: inherit\"><strong style=\"background-image: none;background-position: 0% 0%;background-size: auto;background-repeat: repeat;background-attachment: scroll;border: 0px;margin: 0px;padding: 0px;vertical-align: baseline\">100 % naturlig Rapsvoks\u00a0<\/strong>\u2013 Ren og sotfri forbrenning.<\/p><p style=\"background-image: none;background-position: 0% 0%;background-size: auto;background-repeat: repeat;background-attachment: scroll;border: 0px;margin: 0px;padding: 0px;vertical-align: baseline;font-style: inherit;font-size: inherit;font-family: inherit;line-height: inherit\"><strong style=\"background-image: none;background-position: 0% 0%;background-size: auto;background-repeat: repeat;background-attachment: scroll;border: 0px;margin: 0px;padding: 0px;vertical-align: baseline\">Lett og praktisk:<\/strong><\/p><p style=\"background-image: none;background-position: 0% 0%;background-size: auto;background-repeat: repeat;background-attachment: scroll;border: 0px;margin: 0px;padding: 0px;vertical-align: baseline;font-style: inherit;font-size: inherit;font-family: inherit;line-height: inherit\">Perfekt for reise, med lokk for trygg oppbevaring.<br style=\"font-style: inherit;font-size: inherit;font-family: inherit;line-height: inherit\"><strong style=\"background-image: none;background-position: 0% 0%;background-size: auto;background-repeat: repeat;background-attachment: scroll;border: 0px;margin: 0px;padding: 0px;vertical-align: baseline\">Naturlige dufter<\/strong>\u00a0\u2013 Ekte eteriske oljer og naturlige duftoljer (IFRA).<br style=\"font-style: inherit;font-size: inherit;font-family: inherit;line-height: inherit\"><strong style=\"background-image: none;background-position: 0% 0%;background-size: auto;background-repeat: repeat;background-attachment: scroll;border: 0px;margin: 0px;padding: 0px;vertical-align: baseline\">H\u00e5ndlaget &amp; vegansk<\/strong>\u00a0\u2013 Milj\u00f8vennlig og plastfri emballasje.<br style=\"font-style: inherit;font-size: inherit;font-family: inherit;line-height: inherit\"><strong style=\"background-image: none;background-position: 0% 0%;background-size: auto;background-repeat: repeat;background-attachment: scroll;border: 0px;margin: 0px;padding: 0px;vertical-align: baseline\">Lang brenntid<\/strong>\u00a0\u2013\u00a0<strong style=\"background-image: none;background-position: 0% 0%;background-size: auto;background-repeat: repeat;background-attachment: scroll;border: 0px;margin: 0px;padding: 0px;vertical-align: baseline\">14- 18\u00a0timer.\u00a0<\/strong><\/p><p style=\"background-image: none;background-position: 0% 0%;background-size: auto;background-repeat: repeat;background-attachment: scroll;border: 0px;margin: 0px;padding: 0px;vertical-align: baseline;font-style: inherit;font-size: inherit;font-family: inherit;line-height: inherit\">\u00a0<\/p><p style=\"background-image: none;background-position: 0% 0%;background-size: auto;background-repeat: repeat;background-attachment: scroll;border: 0px;margin: 0px;padding: 0px;vertical-align: baseline;font-style: inherit;font-size: inherit;font-family: inherit;line-height: inherit\">Rapsvoks, Bomullsveke eller Treveke, Duftoljer (IFRA).<\/p><\/pre>\n<\/div>\n<\/div>\n<\/section>\n<\/div>\n<div class=\"QfrfFD cell\" style=\"background-image: none;background-position: 0% 0%;background-size: auto;background-repeat: repeat;background-attachment: scroll;border: 0px;margin: 0px;padding: 0px;vertical-align: baseline;direction: var(--wix-direction)\">\n<div id=\"TPAMultiSection_l81meu93.product-page-details-4\" data-hook=\"slot-placeholder-TPAMultiSection_l81meu93.product-page-details-4\" class=\"\" style=\"background-image: none;background-position: 0% 0%;background-size: auto;background-repeat: repeat;background-attachment: scroll;border: 0px;margin: 0px;padding: 0px;vertical-align: baseline\"><\/div>\n<\/div>\n<\/section>\n<section class=\"Jgs2b9\" style=\"background-image: none;background-position: 0% 0%;background-size: auto;background-repeat: repeat;background-attachment: scroll;border: 0px;margin: 0px;padding: 0px;vertical-align: baseline;width: 355px\">\n<div class=\"QfrfFD cell\" style=\"background-image: none;background-position: 0% 0%;background-size: auto;background-repeat: repeat;background-attachment: scroll;border: 0px;margin: 0px;padding: 0px;vertical-align: baseline;direction: var(--wix-direction);font-family: Arial, Helvetica, sans-serif\"><\/div>\n<p><br class=\"Apple-interchange-newline\"><\/section>\n","protected":false},"excerpt":{"rendered":"<p><\/p>\n","protected":false},"featured_media":22638,"comment_status":"open","ping_status":"closed","template":"","meta":{"_acf_changed":false},"product_brand":[723],"product_cat":[],"product_tag":[],"class_list":{"0":"post-22421","1":"product","2":"type-product","3":"status-publish","4":"has-post-thumbnail","6":"product_brand-botanisk-candle","8":"first","9":"instock","10":"sale","11":"taxable","12":"shipping-taxable","13":"product-type-simple"},"acf":[],"yoast_head":"<!-- This site is optimized with the Yoast SEO plugin v27.1.1 - https:\/\/yoast.com\/product\/yoast-seo-wordpress\/ -->\n<title>Botanisk Candle Kitchen Lemon Naturlig Duftlys - Rapsvoks og Naturlige Duftoljer - 40 g &#8226; Norwegian Made<\/title>\n<meta name=\"description\" content=\"Botanisk Candle Kitchen Lemon Duftlys er skapt for \u00e5 gi kj\u00f8kkenet ditt en frisk og ren atmosf\u00e6re. Med en kombinasjon av naturlig og b\u00e6rekraftig Svensk rapsvoks og naturlige duftoljer (IFRA) skaper Botanisk Candle Kitchen Lemon Tin Travel en f\u00f8lelse av renhet og energi. Botanisk Candle - Kitchen Lemon Rapsvokslys. Tin Travel Kitchen Lemon 40 g. 100 % naturlig Rapsvoks \u2013 Ren og sotfri forbrenning. Lett og praktisk: Perfekt for reise, med lokk for trygg oppbevaring. Naturlige dufter \u2013 Ekte eteriske oljer og naturlige duftoljer (IFRA). H\u00e5ndlaget &amp; vegansk \u2013 Milj\u00f8vennlig og plastfri emballasje. Lang brenntid \u2013 14- 18 timer. Rapsvoks, Bomullsveke eller Treveke, Duftoljer (IFRA).\" \/>\n<meta name=\"robots\" content=\"index, follow, max-snippet:-1, max-image-preview:large, max-video-preview:-1\" \/>\n<link rel=\"canonical\" href=\"https:\/\/norwegianmade.no\/produkt\/kitchen-lemon-naturlig-duftlys-rapsvoks-og-naturlige-duftoljer-40-g\/\" \/>\n<meta property=\"og:locale\" content=\"en_US\" \/>\n<meta property=\"og:type\" content=\"article\" \/>\n<meta property=\"og:title\" content=\"Botanisk Candle Kitchen Lemon Naturlig Duftlys - Rapsvoks og Naturlige Duftoljer - 40 g &#8226; Norwegian Made\" \/>\n<meta property=\"og:description\" content=\"Botanisk Candle Kitchen Lemon Duftlys er skapt for \u00e5 gi kj\u00f8kkenet ditt en frisk og ren atmosf\u00e6re. Med en kombinasjon av naturlig og b\u00e6rekraftig Svensk rapsvoks og naturlige duftoljer (IFRA) skaper Botanisk Candle Kitchen Lemon Tin Travel en f\u00f8lelse av renhet og energi. Botanisk Candle - Kitchen Lemon Rapsvokslys. Tin Travel Kitchen Lemon 40 g. 100 % naturlig Rapsvoks \u2013 Ren og sotfri forbrenning. Lett og praktisk: Perfekt for reise, med lokk for trygg oppbevaring. Naturlige dufter \u2013 Ekte eteriske oljer og naturlige duftoljer (IFRA). H\u00e5ndlaget &amp; vegansk \u2013 Milj\u00f8vennlig og plastfri emballasje. Lang brenntid \u2013 14- 18 timer. Rapsvoks, Bomullsveke eller Treveke, Duftoljer (IFRA).\" \/>\n<meta property=\"og:url\" content=\"https:\/\/norwegianmade.no\/produkt\/kitchen-lemon-naturlig-duftlys-rapsvoks-og-naturlige-duftoljer-40-g\/\" \/>\n<meta property=\"og:site_name\" content=\"Norwegian Made\" \/>\n<meta property=\"article:modified_time\" content=\"2025-12-28T11:45:07+00:00\" \/>\n<meta property=\"og:image\" content=\"https:\/\/norwegianmade.no\/wp-content\/uploads\/2025\/10\/freepik_assistant_1759575167637.png\" \/>\n\t<meta property=\"og:image:width\" content=\"1024\" \/>\n\t<meta property=\"og:image:height\" content=\"1024\" \/>\n\t<meta property=\"og:image:type\" content=\"image\/png\" \/>\n<meta name=\"twitter:card\" content=\"summary_large_image\" \/>\n<meta name=\"twitter:label1\" content=\"Est. reading time\" \/>\n\t<meta name=\"twitter:data1\" content=\"1 minute\" \/>\n<script type=\"application\/ld+json\" class=\"yoast-schema-graph\">{\"@context\":\"https:\/\/schema.org\",\"@graph\":[{\"@type\":\"WebPage\",\"@id\":\"https:\/\/norwegianmade.no\/produkt\/kitchen-lemon-naturlig-duftlys-rapsvoks-og-naturlige-duftoljer-40-g\/\",\"url\":\"https:\/\/norwegianmade.no\/produkt\/kitchen-lemon-naturlig-duftlys-rapsvoks-og-naturlige-duftoljer-40-g\/\",\"name\":\"Botanisk Candle Kitchen Lemon Naturlig Duftlys - Rapsvoks og Naturlige Duftoljer - 40 g &#8226; Norwegian Made\",\"isPartOf\":{\"@id\":\"https:\/\/norwegianmade.no\/#website\"},\"primaryImageOfPage\":{\"@id\":\"https:\/\/norwegianmade.no\/produkt\/kitchen-lemon-naturlig-duftlys-rapsvoks-og-naturlige-duftoljer-40-g\/#primaryimage\"},\"image\":{\"@id\":\"https:\/\/norwegianmade.no\/produkt\/kitchen-lemon-naturlig-duftlys-rapsvoks-og-naturlige-duftoljer-40-g\/#primaryimage\"},\"thumbnailUrl\":\"https:\/\/norwegianmade.no\/wp-content\/uploads\/2025\/10\/freepik_assistant_1759575167637.png\",\"datePublished\":\"2025-05-27T14:08:41+00:00\",\"dateModified\":\"2025-12-28T11:45:07+00:00\",\"description\":\"Botanisk Candle Kitchen Lemon Duftlys er skapt for \u00e5 gi kj\u00f8kkenet ditt en frisk og ren atmosf\u00e6re. Med en kombinasjon av naturlig og b\u00e6rekraftig Svensk rapsvoks og naturlige duftoljer (IFRA) skaper Botanisk Candle Kitchen Lemon Tin Travel en f\u00f8lelse av renhet og energi. Botanisk Candle - Kitchen Lemon Rapsvokslys. Tin Travel Kitchen Lemon 40 g. 100 % naturlig Rapsvoks \u2013 Ren og sotfri forbrenning. Lett og praktisk: Perfekt for reise, med lokk for trygg oppbevaring. Naturlige dufter \u2013 Ekte eteriske oljer og naturlige duftoljer (IFRA). H\u00e5ndlaget & vegansk \u2013 Milj\u00f8vennlig og plastfri emballasje. Lang brenntid \u2013 14- 18 timer. Rapsvoks, Bomullsveke eller Treveke, Duftoljer (IFRA).\",\"breadcrumb\":{\"@id\":\"https:\/\/norwegianmade.no\/produkt\/kitchen-lemon-naturlig-duftlys-rapsvoks-og-naturlige-duftoljer-40-g\/#breadcrumb\"},\"inLanguage\":\"en-US\",\"potentialAction\":[{\"@type\":\"ReadAction\",\"target\":[\"https:\/\/norwegianmade.no\/produkt\/kitchen-lemon-naturlig-duftlys-rapsvoks-og-naturlige-duftoljer-40-g\/\"]}]},{\"@type\":\"ImageObject\",\"inLanguage\":\"en-US\",\"@id\":\"https:\/\/norwegianmade.no\/produkt\/kitchen-lemon-naturlig-duftlys-rapsvoks-og-naturlige-duftoljer-40-g\/#primaryimage\",\"url\":\"https:\/\/norwegianmade.no\/wp-content\/uploads\/2025\/10\/freepik_assistant_1759575167637.png\",\"contentUrl\":\"https:\/\/norwegianmade.no\/wp-content\/uploads\/2025\/10\/freepik_assistant_1759575167637.png\",\"width\":1024,\"height\":1024},{\"@type\":\"BreadcrumbList\",\"@id\":\"https:\/\/norwegianmade.no\/produkt\/kitchen-lemon-naturlig-duftlys-rapsvoks-og-naturlige-duftoljer-40-g\/#breadcrumb\",\"itemListElement\":[{\"@type\":\"ListItem\",\"position\":1,\"name\":\"Hjem\",\"item\":\"https:\/\/norwegianmade.no\/en\/\"},{\"@type\":\"ListItem\",\"position\":2,\"name\":\"Shop\",\"item\":\"https:\/\/norwegianmade.no\/en\/shop\/\"},{\"@type\":\"ListItem\",\"position\":3,\"name\":\"Botanisk Candle Kitchen Lemon Naturlig Duftlys &#8211; Rapsvoks og Naturlige Duftoljer &#8211; 40 g\"}]},{\"@type\":\"WebSite\",\"@id\":\"https:\/\/norwegianmade.no\/#website\",\"url\":\"https:\/\/norwegianmade.no\/\",\"name\":\"Norwegian Made\",\"description\":\"Norges st\u00f8rste markedsplass for norske produsenter\",\"publisher\":{\"@id\":\"https:\/\/norwegianmade.no\/#organization\"},\"potentialAction\":[{\"@type\":\"SearchAction\",\"target\":{\"@type\":\"EntryPoint\",\"urlTemplate\":\"https:\/\/norwegianmade.no\/?s={search_term_string}\"},\"query-input\":{\"@type\":\"PropertyValueSpecification\",\"valueRequired\":true,\"valueName\":\"search_term_string\"}}],\"inLanguage\":\"en-US\"},{\"@type\":\"Organization\",\"@id\":\"https:\/\/norwegianmade.no\/#organization\",\"name\":\"Norwegian Made\",\"url\":\"https:\/\/norwegianmade.no\/\",\"logo\":{\"@type\":\"ImageObject\",\"inLanguage\":\"en-US\",\"@id\":\"https:\/\/norwegianmade.no\/#\/schema\/logo\/image\/\",\"url\":\"https:\/\/norwegianmade.no\/wp-content\/uploads\/2020\/11\/logo-liggende-norwegian-made-web.png\",\"contentUrl\":\"https:\/\/norwegianmade.no\/wp-content\/uploads\/2020\/11\/logo-liggende-norwegian-made-web.png\",\"width\":200,\"height\":58,\"caption\":\"Norwegian Made\"},\"image\":{\"@id\":\"https:\/\/norwegianmade.no\/#\/schema\/logo\/image\/\"}}]}<\/script>\n<!-- \/ Yoast SEO plugin. -->","yoast_head_json":{"title":"Botanisk Candle Kitchen Lemon Naturlig Duftlys - Rapsvoks og Naturlige Duftoljer - 40 g &#8226; Norwegian Made","description":"Botanisk Candle Kitchen Lemon Duftlys er skapt for \u00e5 gi kj\u00f8kkenet ditt en frisk og ren atmosf\u00e6re. Med en kombinasjon av naturlig og b\u00e6rekraftig Svensk rapsvoks og naturlige duftoljer (IFRA) skaper Botanisk Candle Kitchen Lemon Tin Travel en f\u00f8lelse av renhet og energi. Botanisk Candle - Kitchen Lemon Rapsvokslys. Tin Travel Kitchen Lemon 40 g. 100 % naturlig Rapsvoks \u2013 Ren og sotfri forbrenning. Lett og praktisk: Perfekt for reise, med lokk for trygg oppbevaring. Naturlige dufter \u2013 Ekte eteriske oljer og naturlige duftoljer (IFRA). H\u00e5ndlaget & vegansk \u2013 Milj\u00f8vennlig og plastfri emballasje. Lang brenntid \u2013 14- 18 timer. Rapsvoks, Bomullsveke eller Treveke, Duftoljer (IFRA).","robots":{"index":"index","follow":"follow","max-snippet":"max-snippet:-1","max-image-preview":"max-image-preview:large","max-video-preview":"max-video-preview:-1"},"canonical":"https:\/\/norwegianmade.no\/produkt\/kitchen-lemon-naturlig-duftlys-rapsvoks-og-naturlige-duftoljer-40-g\/","og_locale":"en_US","og_type":"article","og_title":"Botanisk Candle Kitchen Lemon Naturlig Duftlys - Rapsvoks og Naturlige Duftoljer - 40 g &#8226; Norwegian Made","og_description":"Botanisk Candle Kitchen Lemon Duftlys er skapt for \u00e5 gi kj\u00f8kkenet ditt en frisk og ren atmosf\u00e6re. Med en kombinasjon av naturlig og b\u00e6rekraftig Svensk rapsvoks og naturlige duftoljer (IFRA) skaper Botanisk Candle Kitchen Lemon Tin Travel en f\u00f8lelse av renhet og energi. Botanisk Candle - Kitchen Lemon Rapsvokslys. Tin Travel Kitchen Lemon 40 g. 100 % naturlig Rapsvoks \u2013 Ren og sotfri forbrenning. Lett og praktisk: Perfekt for reise, med lokk for trygg oppbevaring. Naturlige dufter \u2013 Ekte eteriske oljer og naturlige duftoljer (IFRA). H\u00e5ndlaget & vegansk \u2013 Milj\u00f8vennlig og plastfri emballasje. Lang brenntid \u2013 14- 18 timer. Rapsvoks, Bomullsveke eller Treveke, Duftoljer (IFRA).","og_url":"https:\/\/norwegianmade.no\/produkt\/kitchen-lemon-naturlig-duftlys-rapsvoks-og-naturlige-duftoljer-40-g\/","og_site_name":"Norwegian Made","article_modified_time":"2025-12-28T11:45:07+00:00","og_image":[{"width":1024,"height":1024,"url":"https:\/\/norwegianmade.no\/wp-content\/uploads\/2025\/10\/freepik_assistant_1759575167637.png","type":"image\/png"}],"twitter_card":"summary_large_image","twitter_misc":{"Est. reading time":"1 minute"},"schema":{"@context":"https:\/\/schema.org","@graph":[{"@type":"WebPage","@id":"https:\/\/norwegianmade.no\/produkt\/kitchen-lemon-naturlig-duftlys-rapsvoks-og-naturlige-duftoljer-40-g\/","url":"https:\/\/norwegianmade.no\/produkt\/kitchen-lemon-naturlig-duftlys-rapsvoks-og-naturlige-duftoljer-40-g\/","name":"Botanisk Candle Kitchen Lemon Naturlig Duftlys - Rapsvoks og Naturlige Duftoljer - 40 g &#8226; Norwegian Made","isPartOf":{"@id":"https:\/\/norwegianmade.no\/#website"},"primaryImageOfPage":{"@id":"https:\/\/norwegianmade.no\/produkt\/kitchen-lemon-naturlig-duftlys-rapsvoks-og-naturlige-duftoljer-40-g\/#primaryimage"},"image":{"@id":"https:\/\/norwegianmade.no\/produkt\/kitchen-lemon-naturlig-duftlys-rapsvoks-og-naturlige-duftoljer-40-g\/#primaryimage"},"thumbnailUrl":"https:\/\/norwegianmade.no\/wp-content\/uploads\/2025\/10\/freepik_assistant_1759575167637.png","datePublished":"2025-05-27T14:08:41+00:00","dateModified":"2025-12-28T11:45:07+00:00","description":"Botanisk Candle Kitchen Lemon Duftlys er skapt for \u00e5 gi kj\u00f8kkenet ditt en frisk og ren atmosf\u00e6re. Med en kombinasjon av naturlig og b\u00e6rekraftig Svensk rapsvoks og naturlige duftoljer (IFRA) skaper Botanisk Candle Kitchen Lemon Tin Travel en f\u00f8lelse av renhet og energi. Botanisk Candle - Kitchen Lemon Rapsvokslys. Tin Travel Kitchen Lemon 40 g. 100 % naturlig Rapsvoks \u2013 Ren og sotfri forbrenning. Lett og praktisk: Perfekt for reise, med lokk for trygg oppbevaring. Naturlige dufter \u2013 Ekte eteriske oljer og naturlige duftoljer (IFRA). H\u00e5ndlaget & vegansk \u2013 Milj\u00f8vennlig og plastfri emballasje. Lang brenntid \u2013 14- 18 timer. Rapsvoks, Bomullsveke eller Treveke, Duftoljer (IFRA).","breadcrumb":{"@id":"https:\/\/norwegianmade.no\/produkt\/kitchen-lemon-naturlig-duftlys-rapsvoks-og-naturlige-duftoljer-40-g\/#breadcrumb"},"inLanguage":"en-US","potentialAction":[{"@type":"ReadAction","target":["https:\/\/norwegianmade.no\/produkt\/kitchen-lemon-naturlig-duftlys-rapsvoks-og-naturlige-duftoljer-40-g\/"]}]},{"@type":"ImageObject","inLanguage":"en-US","@id":"https:\/\/norwegianmade.no\/produkt\/kitchen-lemon-naturlig-duftlys-rapsvoks-og-naturlige-duftoljer-40-g\/#primaryimage","url":"https:\/\/norwegianmade.no\/wp-content\/uploads\/2025\/10\/freepik_assistant_1759575167637.png","contentUrl":"https:\/\/norwegianmade.no\/wp-content\/uploads\/2025\/10\/freepik_assistant_1759575167637.png","width":1024,"height":1024},{"@type":"BreadcrumbList","@id":"https:\/\/norwegianmade.no\/produkt\/kitchen-lemon-naturlig-duftlys-rapsvoks-og-naturlige-duftoljer-40-g\/#breadcrumb","itemListElement":[{"@type":"ListItem","position":1,"name":"Hjem","item":"https:\/\/norwegianmade.no\/en\/"},{"@type":"ListItem","position":2,"name":"Shop","item":"https:\/\/norwegianmade.no\/en\/shop\/"},{"@type":"ListItem","position":3,"name":"Botanisk Candle Kitchen Lemon Naturlig Duftlys &#8211; Rapsvoks og Naturlige Duftoljer &#8211; 40 g"}]},{"@type":"WebSite","@id":"https:\/\/norwegianmade.no\/#website","url":"https:\/\/norwegianmade.no\/","name":"Norwegian Made","description":"Norges st\u00f8rste markedsplass for norske produsenter","publisher":{"@id":"https:\/\/norwegianmade.no\/#organization"},"potentialAction":[{"@type":"SearchAction","target":{"@type":"EntryPoint","urlTemplate":"https:\/\/norwegianmade.no\/?s={search_term_string}"},"query-input":{"@type":"PropertyValueSpecification","valueRequired":true,"valueName":"search_term_string"}}],"inLanguage":"en-US"},{"@type":"Organization","@id":"https:\/\/norwegianmade.no\/#organization","name":"Norwegian Made","url":"https:\/\/norwegianmade.no\/","logo":{"@type":"ImageObject","inLanguage":"en-US","@id":"https:\/\/norwegianmade.no\/#\/schema\/logo\/image\/","url":"https:\/\/norwegianmade.no\/wp-content\/uploads\/2020\/11\/logo-liggende-norwegian-made-web.png","contentUrl":"https:\/\/norwegianmade.no\/wp-content\/uploads\/2020\/11\/logo-liggende-norwegian-made-web.png","width":200,"height":58,"caption":"Norwegian Made"},"image":{"@id":"https:\/\/norwegianmade.no\/#\/schema\/logo\/image\/"}}]}},"_links":{"self":[{"href":"https:\/\/norwegianmade.no\/en\/wp-json\/wp\/v2\/product\/22421","targetHints":{"allow":["GET"]}}],"collection":[{"href":"https:\/\/norwegianmade.no\/en\/wp-json\/wp\/v2\/product"}],"about":[{"href":"https:\/\/norwegianmade.no\/en\/wp-json\/wp\/v2\/types\/product"}],"replies":[{"embeddable":true,"href":"https:\/\/norwegianmade.no\/en\/wp-json\/wp\/v2\/comments?post=22421"}],"wp:featuredmedia":[{"embeddable":true,"href":"https:\/\/norwegianmade.no\/en\/wp-json\/wp\/v2\/media\/22638"}],"wp:attachment":[{"href":"https:\/\/norwegianmade.no\/en\/wp-json\/wp\/v2\/media?parent=22421"}],"wp:term":[{"taxonomy":"product_brand","embeddable":true,"href":"https:\/\/norwegianmade.no\/en\/wp-json\/wp\/v2\/product_brand?post=22421"},{"taxonomy":"product_cat","embeddable":true,"href":"https:\/\/norwegianmade.no\/en\/wp-json\/wp\/v2\/product_cat?post=22421"},{"taxonomy":"product_tag","embeddable":true,"href":"https:\/\/norwegianmade.no\/en\/wp-json\/wp\/v2\/product_tag?post=22421"}],"curies":[{"name":"wp","href":"https:\/\/api.w.org\/{rel}","templated":true}]}}